{"id":960,"date":"2021-12-13T09:03:43","date_gmt":"2021-12-13T08:03:43","guid":{"rendered":"https:\/\/www.cultcaffe.at\/?page_id=960"},"modified":"2026-01-14T09:49:38","modified_gmt":"2026-01-14T08:49:38","slug":"%e5%8d%b0%e8%ae%b0","status":"publish","type":"page","link":"https:\/\/www.cultcaffe.at\/zh\/impressum\/","title":{"rendered":"\u5370\u8bb0"},"content":{"rendered":"<p><strong>\u516c\u53f8\u540d\u79f0<\/strong><br \/>\nCult Caff\u00e8 \u5496\u5561\u70d8\u7119\u5382\u6709\u9650\u516c\u53f8<br \/>\n\u514b\u8d6b\u6797\u683c\u885714, 3371 \u65b0\u5e02\u573a<\/p>\n<p><strong>\u7ba1\u7406<\/strong><br \/>\n\u897f\u5c14\u7ef4\u5a05\u00b7\u62c9\u585e\u5c14\u65af\u4f2f\u683c\u3001\u6c83\u5c14\u7279\u00b7\u65bd\u97e6\u5f17<\/p>\n<p>\u589e\u503c\u7a0e\u53f7\uff1aATU 69902518<br \/>\nFN: 440038s HG \u5723\u73c0\u5c14\u6ed5<\/p>\n<p>\u94f6\u884c\u4fe1\u606f\uff1aVolksbank Alpenvorland<br \/>\n\u56fd\u9645\u94f6\u884c\u8d26\u53f7\uff1aAT44 4715 0415 2880 0000<br \/>\nBIC\/SWIFT\uff1aVBOEATWWNOM<\/p>\n<p><strong>\u7248\u6743<\/strong><br \/>\n\u6240\u6709\u5185\u5bb9\u3001\u7167\u7247\u3001\u6587\u672c\u548c\u56fe\u5f62\u5747\u53d7\u7248\u6743\u4fdd\u62a4\u3002\u672a\u7ecf\u4e8b\u5148\u4e66\u9762\u8bb8\u53ef\uff0c\u4e0d\u5f97\u5168\u90e8\u6216\u90e8\u5206\u590d\u5236\u3001\u4fee\u6539\u3001\u590d\u5236\u6216\u51fa\u7248\u3002<\/p>\n<p><strong>\u4f7f\u7528\u6761\u6b3e<\/strong><br \/>\n\u672c\u7f51\u7ad9\u5185\u5bb9\u514d\u8d39\u63d0\u4f9b\uff0c\u4ec5\u4f9b\u53c2\u8003\u3002\u7f51\u7ad9\u4e0a\u9009\u9879\u7684\u4f7f\u7528\u4e0d\u4f1a\u5728\u6240\u6709\u8005\u548c\u7528\u6237\u4e4b\u95f4\u4ea7\u751f\u4efb\u4f55\u6cd5\u5f8b\u4ea4\u6613\u3002\u63d0\u4f9b\u5546\u548c\u7528\u6237\u4e4b\u95f4\u7684\u8fdb\u4e00\u6b65\u7a0b\u5e8f\u4ee5\u53ca\u63d0\u4f9b\u5546\u548c\u7528\u6237\u4e4b\u95f4\u53ef\u80fd\u968f\u540e\u8fbe\u6210\u7684\u5408\u540c\u5747\u7531\u7528\u6237\u81ea\u884c\u51b3\u5b9a\u3002<\/p>\n<p><strong>\u7248\u6743\/\u514d\u8d23\u58f0\u660e<\/strong><br \/>\n\u9274\u4e8e\u4e92\u8054\u7f51\u7684\u6280\u672f\u7279\u70b9\uff0c\u65e0\u6cd5\u4fdd\u8bc1\u4e92\u8054\u7f51\u4e0a\u63d0\u4f9b\u7684\u4fe1\u606f\u7684\u771f\u5b9e\u6027\u3001\u51c6\u786e\u6027\u548c\u5b8c\u6574\u6027\u3002\u6211\u4eec\u4e0d\u4fdd\u8bc1\u672c\u7f51\u7ad9\u53ca\u5176\u5185\u5bb9\u7684\u53ef\u7528\u6027\u6216\u8fd0\u884c\u6027\u3002<\/p>\n<p>\u5728\u6cd5\u5f8b\u5141\u8bb8\u7684\u8303\u56f4\u5185\uff0c\u5bf9\u4e8e\u56e0\u4f7f\u7528\u6216\u65e0\u6cd5\u4f7f\u7528\u672c\u7f51\u7ad9\u4e0a\u7684\u6570\u636e\u548c\u4fe1\u606f\u800c\u9020\u6210\u7684\u76f4\u63a5\u3001\u95f4\u63a5\u6216\u5176\u4ed6\u635f\u5bb3\uff0c\u65e0\u8bba\u5176\u539f\u56e0\u5982\u4f55\uff0c\u5747\u4e0d\u627f\u62c5\u8d23\u4efb\u3002<\/p>\n<p>\u672c\u4e3b\u9875\u7684\u5185\u5bb9\u53d7\u7248\u6743\u4fdd\u62a4\u3002\u8be5\u4fe1\u606f\u4ec5\u4f9b\u4e2a\u4eba\u4f7f\u7528\u3002\u672a\u7ecf\u7f51\u7ad9\u6216\u6743\u5229\u6301\u6709\u4eba\u7684\u540c\u610f\uff0c\u7981\u6b62\u4efb\u4f55\u8fdb\u4e00\u6b65\u4f7f\u7528\uff0c\u7279\u522b\u662f\u5b58\u50a8\u5728\u6570\u636e\u5e93\u4e2d\u3001\u590d\u5236\u548c\u4efb\u4f55\u5f62\u5f0f\u7684\u5546\u4e1a\u4f7f\u7528\u4ee5\u53ca\u4f20\u9012\u7ed9\u7b2c\u4e09\u65b9 - \u5373\u4f7f\u662f\u90e8\u5206\u6216\u4fee\u8ba2\u5f62\u5f0f\u3002<\/p>\n<p>\u6b22\u8fce\u5efa\u7acb\u6307\u5411\u672c\u7f51\u7ad9\u7684\u8d85\u94fe\u63a5\uff0c\u53ea\u8981\u5185\u5bb9\u6765\u6e90\u6e05\u6670\u53ef\u8fa8\u4e14\u4e0d\u8bef\u5bfc\u7528\u6237\u5373\u53ef\u3002\u7981\u6b62\u5c06\u6211\u4eec\u63d0\u4f9b\u7684\u4efb\u4f55\u5355\u4e2a\u9875\u9762\u96c6\u6210\u5230\u5916\u90e8\u6846\u67b6\u4e2d\uff0c\u4e5f\u7981\u6b62\u5728\u5916\u90e8\u7f51\u7ad9\u4e0a\u63d0\u4f9b\u6211\u4eec\u7684 RSS \u63d0\u8981\u3002<\/p>\n<p><strong>\u94fe\u63a5\u8d23\u4efb<\/strong><br \/>\n\u672c\u535a\u5ba2\u5305\u542b\u6307\u5411\u5916\u90e8\u7b2c\u4e09\u65b9\u7f51\u7ad9\u7684\u94fe\u63a5\uff0c\u672c\u7f51\u7ad9\u7684\u8fd0\u8425\u5546\u5bf9\u5176\u5185\u5bb9\u6ca1\u6709\u5f71\u54cd\u3002\u56e0\u6b64\uff0c\u5bf9\u4e8e\u8be5\u5916\u90e8\u5185\u5bb9\uff0c\u6211\u4eec\u6982\u4e0d\u8d1f\u8d23\u3002\u76f8\u5e94\u7684\u63d0\u4f9b\u5546\u6216\u7f51\u7ad9\u8fd0\u8425\u5546\u59cb\u7ec8\u5bf9\u94fe\u63a5\u9875\u9762\u7684\u5185\u5bb9\u8d1f\u8d23\u3002\u5728\u94fe\u63a5\u65f6\u68c0\u67e5\u4e86\u94fe\u63a5\u9875\u9762\u662f\u5426\u5b58\u5728\u53ef\u80fd\u7684\u6cd5\u5f8b\u8fdd\u89c4\u884c\u4e3a\u3002\u94fe\u63a5\u65f6\u65e0\u6cd5\u8bc6\u522b\u975e\u6cd5\u5185\u5bb9\u3002\u7136\u800c\uff0c\u5982\u679c\u6ca1\u6709\u786e\u51ff\u7684\u8fdd\u6cd5\u8bc1\u636e\uff0c\u5bf9\u94fe\u63a5\u9875\u9762\u7684\u5185\u5bb9\u8fdb\u884c\u6301\u7eed\u76d1\u63a7\u662f\u4e0d\u5408\u7406\u7684\u3002\u5982\u679c\u6211\u4eec\u53d1\u73b0\u4efb\u4f55\u8fdd\u6cd5\u884c\u4e3a\uff0c\u6211\u4eec\u5c06\u7acb\u5373\u5220\u9664\u6b64\u7c7b\u94fe\u63a5\u3002<\/p>\n<p><strong>\u8bbe\u8ba1\u4e0e\u5f00\u53d1<\/strong><br \/>\nWolfbiz \u5728\u7ebf\u670d\u52a1 \u2013 Carina Hager<br \/>\n\u675c\u6069\u5df4\u8d6b 72<br \/>\n3254 \u4f2f\u683c\u5170<br \/>\n<a href=\"https:\/\/www.wolfbiz.at\">www.wolfbiz.at<\/a><\/p>","protected":false},"excerpt":{"rendered":"<p>Firmenname Cult Caff\u00e8 Kaffeer\u00f6sterei GmbH K\u00f6chlinger Str. 14, 3371 Neumarkt Gesch\u00e4ftsf\u00fchrung Silvia Lasselsberger, Walter Schweifer UID: ATU 69902518 FN: 440038s HG St. P\u00f6lten Bankverbindung: Volksbank Alpenvorland IBAN: AT44 4715 0415 2880 0000 BIC\/SWIFT: VBOEATWWNOM Urheberrecht, Copyright S\u00e4mtliche Inhalte, Fotos, Texte und Grafiken sind urheberrechtlich gesch\u00fctzt. Sie d\u00fcrfen ohne vorherige schriftliche Genehmigung weder ganz noch auszugsweise [&hellip;]<\/p>\n","protected":false},"author":6,"featured_media":0,"parent":0,"menu_order":0,"comment_status":"closed","ping_status":"closed","template":"","meta":{"inline_featured_image":false,"footnotes":""},"class_list":["post-960","page","type-page","status-publish","hentry"],"yoast_head":"<!-- This site is optimized with the Yoast SEO plugin v27.5 - https:\/\/yoast.com\/product\/yoast-seo-wordpress\/ -->\n<title>Impressum - CultCaff\u00e9 - die Bio Kaffee R\u00f6sterei<\/title>\n<meta name=\"robots\" content=\"index, follow, max-snippet:-1, max-image-preview:large, max-video-preview:-1\" \/>\n<link rel=\"canonical\" href=\"https:\/\/www.cultcaffe.at\/zh\/\u5370\u8bb0\/\" \/>\n<meta property=\"og:locale\" content=\"zh_CN\" \/>\n<meta property=\"og:type\" content=\"article\" \/>\n<meta property=\"og:title\" content=\"Impressum - CultCaff\u00e9 - die Bio Kaffee R\u00f6sterei\" \/>\n<meta property=\"og:description\" content=\"Firmenname Cult Caff\u00e8 Kaffeer\u00f6sterei GmbH K\u00f6chlinger Str. 14, 3371 Neumarkt Gesch\u00e4ftsf\u00fchrung Silvia Lasselsberger, Walter Schweifer UID: ATU 69902518 FN: 440038s HG St. P\u00f6lten Bankverbindung: Volksbank Alpenvorland IBAN: AT44 4715 0415 2880 0000 BIC\/SWIFT: VBOEATWWNOM Urheberrecht, Copyright S\u00e4mtliche Inhalte, Fotos, Texte und Grafiken sind urheberrechtlich gesch\u00fctzt. Sie d\u00fcrfen ohne vorherige schriftliche Genehmigung weder ganz noch auszugsweise [&hellip;]\" \/>\n<meta property=\"og:url\" content=\"https:\/\/www.cultcaffe.at\/zh\/\u5370\u8bb0\/\" \/>\n<meta property=\"og:site_name\" content=\"CultCaff\u00e9 - die Bio Kaffee R\u00f6sterei\" \/>\n<meta property=\"article:publisher\" content=\"https:\/\/www.facebook.com\/p\/Cult-Caff%c3%a8-die-R%c3%b6sterei-100039719724703\/?locale=de_DE\" \/>\n<meta property=\"article:modified_time\" content=\"2026-01-14T08:49:38+00:00\" \/>\n<meta name=\"twitter:card\" content=\"summary_large_image\" \/>\n<meta name=\"twitter:label1\" content=\"\u9884\u8ba1\u9605\u8bfb\u65f6\u95f4\" \/>\n\t<meta name=\"twitter:data1\" content=\"3 \u5206\" \/>\n<script type=\"application\/ld+json\" class=\"yoast-schema-graph\">{\"@context\":\"https:\\\/\\\/schema.org\",\"@graph\":[{\"@type\":\"WebPage\",\"@id\":\"https:\\\/\\\/www.cultcaffe.at\\\/impressum\\\/\",\"url\":\"https:\\\/\\\/www.cultcaffe.at\\\/impressum\\\/\",\"name\":\"Impressum - CultCaff\u00e9 - die Bio Kaffee R\u00f6sterei\",\"isPartOf\":{\"@id\":\"https:\\\/\\\/www.cultcaffe.at\\\/#website\"},\"datePublished\":\"2021-12-13T08:03:43+00:00\",\"dateModified\":\"2026-01-14T08:49:38+00:00\",\"breadcrumb\":{\"@id\":\"https:\\\/\\\/www.cultcaffe.at\\\/impressum\\\/#breadcrumb\"},\"inLanguage\":\"zh-Hans\",\"potentialAction\":[{\"@type\":\"ReadAction\",\"target\":[\"https:\\\/\\\/www.cultcaffe.at\\\/impressum\\\/\"]}]},{\"@type\":\"BreadcrumbList\",\"@id\":\"https:\\\/\\\/www.cultcaffe.at\\\/impressum\\\/#breadcrumb\",\"itemListElement\":[{\"@type\":\"ListItem\",\"position\":1,\"name\":\"Startseite\",\"item\":\"https:\\\/\\\/www.cultcaffe.at\\\/\"},{\"@type\":\"ListItem\",\"position\":2,\"name\":\"Impressum\"}]},{\"@type\":\"WebSite\",\"@id\":\"https:\\\/\\\/www.cultcaffe.at\\\/#website\",\"url\":\"https:\\\/\\\/www.cultcaffe.at\\\/\",\"name\":\"CultCaff\u00e9 - die Bio Kaffee R\u00f6sterei\",\"description\":\"Liebe zum Kaffee\",\"publisher\":{\"@id\":\"https:\\\/\\\/www.cultcaffe.at\\\/#organization\"},\"potentialAction\":[{\"@type\":\"SearchAction\",\"target\":{\"@type\":\"EntryPoint\",\"urlTemplate\":\"https:\\\/\\\/www.cultcaffe.at\\\/?s={search_term_string}\"},\"query-input\":{\"@type\":\"PropertyValueSpecification\",\"valueRequired\":true,\"valueName\":\"search_term_string\"}}],\"inLanguage\":\"zh-Hans\"},{\"@type\":[\"Organization\",\"Place\"],\"@id\":\"https:\\\/\\\/www.cultcaffe.at\\\/#organization\",\"name\":\"CultCaff\u00e9 Kaffeer\u00f6sterei GmbH\",\"alternateName\":\"CultCaff\u00e9\",\"url\":\"https:\\\/\\\/www.cultcaffe.at\\\/\",\"logo\":{\"@id\":\"https:\\\/\\\/www.cultcaffe.at\\\/impressum\\\/#local-main-organization-logo\"},\"image\":{\"@id\":\"https:\\\/\\\/www.cultcaffe.at\\\/impressum\\\/#local-main-organization-logo\"},\"sameAs\":[\"https:\\\/\\\/www.facebook.com\\\/p\\\/Cult-Caff\u00e8-die-R\u00f6sterei-100039719724703\\\/?locale=de_DE\",\"https:\\\/\\\/www.instagram.com\\\/cultcaffe.at\\\/\"],\"hasMerchantReturnPolicy\":{\"@type\":\"MerchantReturnPolicy\",\"merchantReturnLink\":\"https:\\\/\\\/www.cultcaffe.at\\\/zh\\\/agbs\\\/\"},\"telephone\":[],\"openingHoursSpecification\":[{\"@type\":\"OpeningHoursSpecification\",\"dayOfWeek\":[\"Monday\",\"Tuesday\",\"Wednesday\",\"Thursday\",\"Friday\",\"Saturday\",\"Sunday\"],\"opens\":\"09:00\",\"closes\":\"17:00\"}]},{\"@type\":\"ImageObject\",\"inLanguage\":\"zh-Hans\",\"@id\":\"https:\\\/\\\/www.cultcaffe.at\\\/impressum\\\/#local-main-organization-logo\",\"url\":\"https:\\\/\\\/www.cultcaffe.at\\\/wp-content\\\/uploads\\\/2023\\\/11\\\/cultcaffe_logo_regular_dark-1.svg\",\"contentUrl\":\"https:\\\/\\\/www.cultcaffe.at\\\/wp-content\\\/uploads\\\/2023\\\/11\\\/cultcaffe_logo_regular_dark-1.svg\",\"width\":756,\"height\":474,\"caption\":\"CultCaff\u00e9 Kaffeer\u00f6sterei GmbH\"}]}<\/script>\n<!-- \/ Yoast SEO plugin. -->","yoast_head_json":{"title":"Imprint - CultCaff\u00e9 - \u6709\u673a\u5496\u5561\u70d8\u7119\u5382","robots":{"index":"index","follow":"follow","max-snippet":"max-snippet:-1","max-image-preview":"max-image-preview:large","max-video-preview":"max-video-preview:-1"},"canonical":"https:\/\/www.cultcaffe.at\/zh\/\u5370\u8bb0\/","og_locale":"zh_CN","og_type":"article","og_title":"Impressum - CultCaff\u00e9 - die Bio Kaffee R\u00f6sterei","og_description":"Firmenname Cult Caff\u00e8 Kaffeer\u00f6sterei GmbH K\u00f6chlinger Str. 14, 3371 Neumarkt Gesch\u00e4ftsf\u00fchrung Silvia Lasselsberger, Walter Schweifer UID: ATU 69902518 FN: 440038s HG St. P\u00f6lten Bankverbindung: Volksbank Alpenvorland IBAN: AT44 4715 0415 2880 0000 BIC\/SWIFT: VBOEATWWNOM Urheberrecht, Copyright S\u00e4mtliche Inhalte, Fotos, Texte und Grafiken sind urheberrechtlich gesch\u00fctzt. Sie d\u00fcrfen ohne vorherige schriftliche Genehmigung weder ganz noch auszugsweise [&hellip;]","og_url":"https:\/\/www.cultcaffe.at\/zh\/\u5370\u8bb0\/","og_site_name":"CultCaff\u00e9 - die Bio Kaffee R\u00f6sterei","article_publisher":"https:\/\/www.facebook.com\/p\/Cult-Caff%c3%a8-die-R%c3%b6sterei-100039719724703\/?locale=de_DE","article_modified_time":"2026-01-14T08:49:38+00:00","twitter_card":"summary_large_image","twitter_misc":{"\u9884\u8ba1\u9605\u8bfb\u65f6\u95f4":"3 \u5206"},"schema":{"@context":"https:\/\/schema.org","@graph":[{"@type":"WebPage","@id":"https:\/\/www.cultcaffe.at\/impressum\/","url":"https:\/\/www.cultcaffe.at\/impressum\/","name":"Imprint - CultCaff\u00e9 - \u6709\u673a\u5496\u5561\u70d8\u7119\u5382","isPartOf":{"@id":"https:\/\/www.cultcaffe.at\/#website"},"datePublished":"2021-12-13T08:03:43+00:00","dateModified":"2026-01-14T08:49:38+00:00","breadcrumb":{"@id":"https:\/\/www.cultcaffe.at\/impressum\/#breadcrumb"},"inLanguage":"zh-Hans","potentialAction":[{"@type":"ReadAction","target":["https:\/\/www.cultcaffe.at\/impressum\/"]}]},{"@type":"BreadcrumbList","@id":"https:\/\/www.cultcaffe.at\/impressum\/#breadcrumb","itemListElement":[{"@type":"ListItem","position":1,"name":"Startseite","item":"https:\/\/www.cultcaffe.at\/"},{"@type":"ListItem","position":2,"name":"Impressum"}]},{"@type":"WebSite","@id":"https:\/\/www.cultcaffe.at\/#website","url":"https:\/\/www.cultcaffe.at\/","name":"CultCaff\u00e9\u2014\u2014\u6709\u673a\u5496\u5561\u70d8\u7119\u574a","description":"\u5bf9\u5496\u5561\u7684\u70ed\u7231","publisher":{"@id":"https:\/\/www.cultcaffe.at\/#organization"},"potentialAction":[{"@type":"SearchAction","target":{"@type":"EntryPoint","urlTemplate":"https:\/\/www.cultcaffe.at\/?s={search_term_string}"},"query-input":{"@type":"PropertyValueSpecification","valueRequired":true,"valueName":"search_term_string"}}],"inLanguage":"zh-Hans"},{"@type":["Organization","Place"],"@id":"https:\/\/www.cultcaffe.at\/#organization","name":"CultCaff\u00e9 \u5496\u5561\u70d8\u7119\u6709\u9650\u516c\u53f8","alternateName":"CultCaff\u00e9","url":"https:\/\/www.cultcaffe.at\/","logo":{"@id":"https:\/\/www.cultcaffe.at\/impressum\/#local-main-organization-logo"},"image":{"@id":"https:\/\/www.cultcaffe.at\/impressum\/#local-main-organization-logo"},"sameAs":["https:\/\/www.facebook.com\/p\/Cult-Caff\u00e8-die-R\u00f6sterei-100039719724703\/?locale=de_DE","https:\/\/www.instagram.com\/cultcaffe.at\/"],"hasMerchantReturnPolicy":{"@type":"MerchantReturnPolicy","merchantReturnLink":"https:\/\/www.cultcaffe.at\/zh\/agbs\/"},"telephone":[],"openingHoursSpecification":[{"@type":"OpeningHoursSpecification","dayOfWeek":["Monday","Tuesday","Wednesday","Thursday","Friday","Saturday","Sunday"],"opens":"09:00","closes":"17:00"}]},{"@type":"ImageObject","inLanguage":"zh-Hans","@id":"https:\/\/www.cultcaffe.at\/impressum\/#local-main-organization-logo","url":"https:\/\/www.cultcaffe.at\/wp-content\/uploads\/2023\/11\/cultcaffe_logo_regular_dark-1.svg","contentUrl":"https:\/\/www.cultcaffe.at\/wp-content\/uploads\/2023\/11\/cultcaffe_logo_regular_dark-1.svg","width":756,"height":474,"caption":"CultCaff\u00e9 Kaffeer\u00f6sterei GmbH"}]}},"_links":{"self":[{"href":"https:\/\/www.cultcaffe.at\/zh\/wp-json\/wp\/v2\/pages\/960","targetHints":{"allow":["GET"]}}],"collection":[{"href":"https:\/\/www.cultcaffe.at\/zh\/wp-json\/wp\/v2\/pages"}],"about":[{"href":"https:\/\/www.cultcaffe.at\/zh\/wp-json\/wp\/v2\/types\/page"}],"author":[{"embeddable":true,"href":"https:\/\/www.cultcaffe.at\/zh\/wp-json\/wp\/v2\/users\/6"}],"replies":[{"embeddable":true,"href":"https:\/\/www.cultcaffe.at\/zh\/wp-json\/wp\/v2\/comments?post=960"}],"version-history":[{"count":7,"href":"https:\/\/www.cultcaffe.at\/zh\/wp-json\/wp\/v2\/pages\/960\/revisions"}],"predecessor-version":[{"id":19267,"href":"https:\/\/www.cultcaffe.at\/zh\/wp-json\/wp\/v2\/pages\/960\/revisions\/19267"}],"wp:attachment":[{"href":"https:\/\/www.cultcaffe.at\/zh\/wp-json\/wp\/v2\/media?parent=960"}],"curies":[{"name":"wp","href":"https:\/\/api.w.org\/{rel}","templated":true}]}}