{"id":1830,"date":"2023-11-09T14:15:28","date_gmt":"2023-11-09T13:15:28","guid":{"rendered":"https:\/\/www.cultcaffe.at\/?page_id=1830"},"modified":"2025-04-16T08:55:27","modified_gmt":"2025-04-16T06:55:27","slug":"%e5%92%96%e5%95%a1%e5%9f%b9%e8%ae%ad","status":"publish","type":"page","link":"https:\/\/www.cultcaffe.at\/zh\/hotellerie-gastro\/kaffee-schulung-training\/","title":{"rendered":"\u5496\u5561\u57f9\u8bad\u4e0e\u6559\u80b2"},"content":{"rendered":"<div data-elementor-type=\"wp-page\" data-elementor-id=\"1830\" class=\"elementor elementor-1830\" data-elementor-post-type=\"page\">\n\t\t\t\t<div class=\"elementor-element elementor-element-4bd41bd e-flex e-con-boxed e-con e-parent\" data-id=\"4bd41bd\" data-element_type=\"container\" data-e-type=\"container\">\n\t\t\t\t\t<div class=\"e-con-inner\">\n\t\t\t\t<div class=\"elementor-element elementor-element-01e2d2d elementor-widget elementor-widget-heading\" data-id=\"01e2d2d\" data-element_type=\"widget\" data-e-type=\"widget\" data-widget_type=\"heading.default\">\n\t\t\t\t<div class=\"elementor-widget-container\">\n\t\t\t\t\t<h1 class=\"elementor-heading-title elementor-size-default\">\u5496\u5561\u6559\u80b2\u4e0e\u57f9\u8bad<\/h1>\t\t\t\t<\/div>\n\t\t\t\t<\/div>\n\t\t\t\t\t<\/div>\n\t\t\t\t<\/div>\n\t\t<div class=\"elementor-element elementor-element-1e2b3fb e-flex e-con-boxed e-con e-parent\" data-id=\"1e2b3fb\" data-element_type=\"container\" data-e-type=\"container\">\n\t\t\t\t\t<div class=\"e-con-inner\">\n\t\t<div class=\"elementor-element elementor-element-8b1de92 e-con-full e-flex e-con e-child\" data-id=\"8b1de92\" data-element_type=\"container\" data-e-type=\"container\">\n\t\t\t\t<div class=\"elementor-element elementor-element-97af4fb elementor-widget elementor-widget-text-editor\" data-id=\"97af4fb\" data-element_type=\"widget\" data-e-type=\"widget\" data-widget_type=\"text-editor.default\">\n\t\t\t\t<div class=\"elementor-widget-container\">\n\t\t\t\t\t\t\t\t\t<p>\u4e3a\u4e86\u83b7\u5f97\u6700\u4f73\u7684\u5496\u5561\u6548\u679c\uff0c\u4e86\u89e3\u5496\u5561\u51b2\u6ce1\u7684\u6240\u6709\u91cd\u8981\u53c2\u6570\u81f3\u5173\u91cd\u8981\u3002\u6211\u4eec\u7684\u6838\u5fc3\u80fd\u529b\u4e4b\u4e00\u662f\u6301\u7eed <b>\u5496\u5561\u57f9\u8bad<\/b> \u60a8\u7684\u5458\u5de5\uff0c\u65e0\u8bba\u662f\u5728\u8bbe\u5907\u8fd8\u662f\u51c6\u5907\u65b9\u6cd5\u65b9\u9762\u3002\u6211\u4eec\u9080\u8bf7\u60a8\u548c\u60a8\u7684\u5458\u5de5\u4e0e\u6211\u4eec\u4e00\u8d77\u6c89\u6d78\u5728\u5496\u5561\u4e16\u754c\u4e2d\u5e76\u52a0\u6df1\u60a8\u7684\u77e5\u8bc6\u3002<\/p>\n<p>\u6211\u4eec\u7684 <b>\u5496\u5561\u57f9\u8bad\u4e0e\u6559\u80b2<\/b> \u5728\u6211\u4eec\u70d8\u7119\u574a\u7684\u9152\u5427\u91cc\u4e3e\u884c\u3002\u5b83\u4eec\u5b9e\u7528\u4e14\u53ef\u6839\u636e\u60a8\u7684\u9700\u6c42\u8fdb\u884c\u4e2a\u6027\u5316\u5b9a\u5236\u2014\u2014\u5feb\u901f\u9ad8\u6548\u5730\u5728\u676f\u4e2d\u53d6\u5f97\u5b8c\u7f8e\u7684\u6548\u679c\u3002\u5bf9\u6b64\u611f\u5230\u9ad8\u5174\u5e76\u4e14\u5145\u6ee1\u4e50\u8da3\u3002<\/p>\t\t\t\t\t\t\t\t<\/div>\n\t\t\t\t<\/div>\n\t\t\t\t<div class=\"elementor-element elementor-element-c469bd2 elementor-widget elementor-widget-button\" data-id=\"c469bd2\" data-element_type=\"widget\" data-e-type=\"widget\" data-widget_type=\"button.default\">\n\t\t\t\t<div class=\"elementor-widget-container\">\n\t\t\t\t\t\t\t\t\t<div class=\"elementor-button-wrapper\">\n\t\t\t\t\t<a class=\"elementor-button elementor-button-link elementor-size-sm\" href=\"https:\/\/www.cultcaffe.at\/zh\/%e6%8e%a5%e8%a7%a6\/\">\n\t\t\t\t\t\t<span class=\"elementor-button-content-wrapper\">\n\t\t\t\t\t\t\t\t\t<span class=\"elementor-button-text\">\u7acb\u5373\u9884\u8ba2\u57f9\u8bad<\/span>\n\t\t\t\t\t<\/span>\n\t\t\t\t\t<\/a>\n\t\t\t\t<\/div>\n\t\t\t\t\t\t\t\t<\/div>\n\t\t\t\t<\/div>\n\t\t\t\t<\/div>\n\t\t\t\t\t<\/div>\n\t\t\t\t<\/div>\n\t\t<div class=\"elementor-element elementor-element-438babc e-flex e-con-boxed e-con e-parent\" data-id=\"438babc\" data-element_type=\"container\" data-e-type=\"container\" data-settings=\"{&quot;background_background&quot;:&quot;classic&quot;,&quot;shape_divider_top&quot;:&quot;opacity-tilt&quot;,&quot;shape_divider_bottom&quot;:&quot;opacity-tilt&quot;}\">\n\t\t\t\t\t<div class=\"e-con-inner\">\n\t\t\t\t<div class=\"elementor-shape elementor-shape-top\" aria-hidden=\"true\" data-negative=\"false\">\n\t\t\t<svg xmlns=\"http:\/\/www.w3.org\/2000\/svg\" viewbox=\"0 0 2600 131.1\" preserveaspectratio=\"none\">\n\t<path class=\"elementor-shape-fill\" d=\"M0 0L2600 0 2600 69.1 0 0z\"\/>\n\t<path class=\"elementor-shape-fill\" style=\"opacity:0.5\" d=\"M0 0L2600 0 2600 69.1 0 69.1z\"\/>\n\t<path class=\"elementor-shape-fill\" style=\"opacity:0.25\" d=\"M2600 0L0 0 0 130.1 2600 69.1z\"\/>\n<\/svg>\t\t<\/div>\n\t\t\t\t<div class=\"elementor-shape elementor-shape-bottom\" aria-hidden=\"true\" data-negative=\"false\">\n\t\t\t<svg xmlns=\"http:\/\/www.w3.org\/2000\/svg\" viewbox=\"0 0 2600 131.1\" preserveaspectratio=\"none\">\n\t<path class=\"elementor-shape-fill\" d=\"M0 0L2600 0 2600 69.1 0 0z\"\/>\n\t<path class=\"elementor-shape-fill\" style=\"opacity:0.5\" d=\"M0 0L2600 0 2600 69.1 0 69.1z\"\/>\n\t<path class=\"elementor-shape-fill\" style=\"opacity:0.25\" d=\"M2600 0L0 0 0 130.1 2600 69.1z\"\/>\n<\/svg>\t\t<\/div>\n\t\t<div class=\"elementor-element elementor-element-09bf104 e-con-full e-flex e-con e-child\" data-id=\"09bf104\" data-element_type=\"container\" data-e-type=\"container\">\n\t\t\t\t<div class=\"elementor-element elementor-element-288820f elementor-widget elementor-widget-image\" data-id=\"288820f\" data-element_type=\"widget\" data-e-type=\"widget\" data-widget_type=\"image.default\">\n\t\t\t\t<div class=\"elementor-widget-container\">\n\t\t\t\t\t\t\t\t\t\t\t\t\t\t\t<img fetchpriority=\"high\" decoding=\"async\" width=\"683\" height=\"1024\" src=\"https:\/\/www.cultcaffe.at\/wp-content\/uploads\/2024\/11\/CulCaffe\u00a9nimozimmerhackl_MGL6741-683x1024.jpg\" class=\"attachment-large size-large wp-image-15714\" alt=\"\" srcset=\"https:\/\/www.cultcaffe.at\/wp-content\/uploads\/2024\/11\/CulCaffe\u00a9nimozimmerhackl_MGL6741-683x1024.jpg 683w, https:\/\/www.cultcaffe.at\/wp-content\/uploads\/2024\/11\/CulCaffe\u00a9nimozimmerhackl_MGL6741-scaled-600x900.jpg 600w, https:\/\/www.cultcaffe.at\/wp-content\/uploads\/2024\/11\/CulCaffe\u00a9nimozimmerhackl_MGL6741-200x300.jpg 200w, https:\/\/www.cultcaffe.at\/wp-content\/uploads\/2024\/11\/CulCaffe\u00a9nimozimmerhackl_MGL6741-768x1152.jpg 768w, https:\/\/www.cultcaffe.at\/wp-content\/uploads\/2024\/11\/CulCaffe\u00a9nimozimmerhackl_MGL6741-1024x1536.jpg 1024w, https:\/\/www.cultcaffe.at\/wp-content\/uploads\/2024\/11\/CulCaffe\u00a9nimozimmerhackl_MGL6741-1365x2048.jpg 1365w, https:\/\/www.cultcaffe.at\/wp-content\/uploads\/2024\/11\/CulCaffe\u00a9nimozimmerhackl_MGL6741-scaled.jpg 1707w\" sizes=\"(max-width: 683px) 100vw, 683px\" \/>\t\t\t\t\t\t\t\t\t\t\t\t\t\t\t<\/div>\n\t\t\t\t<\/div>\n\t\t\t\t<\/div>\n\t\t<div class=\"elementor-element elementor-element-01836c9 e-con-full e-flex e-con e-child\" data-id=\"01836c9\" data-element_type=\"container\" data-e-type=\"container\">\n\t\t\t\t<div class=\"elementor-element elementor-element-514a8cb elementor-widget elementor-widget-text-editor\" data-id=\"514a8cb\" data-element_type=\"widget\" data-e-type=\"widget\" data-widget_type=\"text-editor.default\">\n\t\t\t\t<div class=\"elementor-widget-container\">\n\t\t\t\t\t\t\t\t\t<h2><strong>\u8fc8\u5411\u5b8c\u7f8e\u5496\u5561\u7684\u4e0b\u4e00\u6b65<\/strong><\/h2><p>\u54a8\u8be2\u00a0<a href=\"https:\/\/www.cultcaffe.at\/zh\/\">Cult Caff\u00e8<\/a>\u00a0\u610f\u5473\u7740\u4f60\u4e0d\u518d\u9700\u8981\u6ee1\u8db3\u4e8e\u5e73\u5eb8\u3002\u6211\u4eec\u5c06\u5e2e\u52a9\u60a8\u4e86\u89e3\u5404\u79cd\u98ce\u5473\u7279\u5f81\u3001\u70d8\u7119\u7a0b\u5ea6\u548c\u539f\u4ea7\u5730\u3002<\/p><p>\u4e0d\u8981\u518d\u7b49\u5f85\uff0c\u8d76\u7d27\u9769\u65b0\u60a8\u7684\u5496\u5561\u4ea7\u54c1\u5427\u3002\u8054\u7cfb\u6211\u4eec\uff0c\u8ba9\u6211\u4eec\u5171\u540c\u4e86\u89e3\u60a8\u7684\u4f01\u4e1a\u5982\u4f55\u4ece\u4e0e Cult Caff\u00e8 \u7684\u5408\u4f5c\u4e2d\u53d7\u76ca\u3002\u6211\u4eec\u671f\u5f85\u4e0e\u60a8\u5408\u4f5c\uff0c\u4e3a\u60a8\u7684\u4f01\u4e1a\u6253\u9020\u5b8c\u7f8e\u7684\u5496\u5561\u3002<\/p>\t\t\t\t\t\t\t\t<\/div>\n\t\t\t\t<\/div>\n\t\t\t\t<div class=\"elementor-element elementor-element-bfda8b9 elementor-widget elementor-widget-button\" data-id=\"bfda8b9\" data-element_type=\"widget\" data-e-type=\"widget\" data-widget_type=\"button.default\">\n\t\t\t\t<div class=\"elementor-widget-container\">\n\t\t\t\t\t\t\t\t\t<div class=\"elementor-button-wrapper\">\n\t\t\t\t\t<a class=\"elementor-button elementor-button-link elementor-size-sm\" href=\"https:\/\/www.cultcaffe.at\/zh\/%e6%8e%a5%e8%a7%a6\/\">\n\t\t\t\t\t\t<span class=\"elementor-button-content-wrapper\">\n\t\t\t\t\t\t\t\t\t<span class=\"elementor-button-text\">\u5728\u6b64\u9884\u7ea6\u54a8\u8be2<\/span>\n\t\t\t\t\t<\/span>\n\t\t\t\t\t<\/a>\n\t\t\t\t<\/div>\n\t\t\t\t\t\t\t\t<\/div>\n\t\t\t\t<\/div>\n\t\t\t\t<\/div>\n\t\t\t\t\t<\/div>\n\t\t\t\t<\/div>\n\t\t\t\t<\/div>","protected":false},"excerpt":{"rendered":"<p>Kaffee Schulung &amp; Training F\u00fcr ein optimales Ergebnis in der Tasse ist das Wissen \u00fcber alle wichtigen Parameter der Kaffeezubereitung unumg\u00e4nglich. Eine unserer wesentlichen Kompetenzen ist die laufende Kaffee Schulung Ihrer Mitarbeiter, ob equipmenttechnisch oder bei den Zubereitungsarten. Wir laden Sie und Ihre Mitarbeiter ein, mit uns intensiv in die Welt des Kaffees einzutauchen und [&hellip;]<\/p>\n","protected":false},"author":3,"featured_media":0,"parent":1814,"menu_order":0,"comment_status":"closed","ping_status":"closed","template":"","meta":{"inline_featured_image":false,"footnotes":""},"class_list":["post-1830","page","type-page","status-publish","hentry"],"yoast_head":"<!-- This site is optimized with the Yoast SEO plugin v27.5 - https:\/\/yoast.com\/product\/yoast-seo-wordpress\/ -->\n<title>Kaffee Schulung &amp; Training \u25ba Jetzt beraten lassen bei CultCaff\u00e8<\/title>\n<meta name=\"description\" content=\"Jetzt Ihre pers\u00f6nliche Kaffee Beratung oder Schulung buchen \u2705 Top Kaffee f\u00fcr Hotel &amp; Gastro \u2705 Individuelles Beratungsgespr\u00e4ch \u25ba Jetzt zu CultCaff\u00e8!\" \/>\n<meta name=\"robots\" content=\"index, follow, max-snippet:-1, max-image-preview:large, max-video-preview:-1\" \/>\n<link rel=\"canonical\" href=\"https:\/\/www.cultcaffe.at\/zh\/\u9152\u5e97\u548c\u9910\u996e\u4e1a\/\u5496\u5561\u57f9\u8bad\/\" \/>\n<meta property=\"og:locale\" content=\"zh_CN\" \/>\n<meta property=\"og:type\" content=\"article\" \/>\n<meta property=\"og:title\" content=\"Kaffee Schulung &amp; Training \u25ba Jetzt beraten lassen bei CultCaff\u00e8\" \/>\n<meta property=\"og:description\" content=\"Jetzt Ihre pers\u00f6nliche Kaffee Beratung oder Schulung buchen \u2705 Top Kaffee f\u00fcr Hotel &amp; Gastro \u2705 Individuelles Beratungsgespr\u00e4ch \u25ba Jetzt zu CultCaff\u00e8!\" \/>\n<meta property=\"og:url\" content=\"https:\/\/www.cultcaffe.at\/zh\/\u9152\u5e97\u548c\u9910\u996e\u4e1a\/\u5496\u5561\u57f9\u8bad\/\" \/>\n<meta property=\"og:site_name\" content=\"CultCaff\u00e9 - die Bio Kaffee R\u00f6sterei\" \/>\n<meta property=\"article:publisher\" content=\"https:\/\/www.facebook.com\/p\/Cult-Caff%c3%a8-die-R%c3%b6sterei-100039719724703\/?locale=de_DE\" \/>\n<meta property=\"article:modified_time\" content=\"2025-04-16T06:55:27+00:00\" \/>\n<meta name=\"twitter:card\" content=\"summary_large_image\" \/>\n<meta name=\"twitter:label1\" content=\"\u9884\u8ba1\u9605\u8bfb\u65f6\u95f4\" \/>\n\t<meta name=\"twitter:data1\" content=\"2 \u5206\" \/>\n<script type=\"application\/ld+json\" class=\"yoast-schema-graph\">{\"@context\":\"https:\\\/\\\/schema.org\",\"@graph\":[{\"@type\":\"WebPage\",\"@id\":\"https:\\\/\\\/www.cultcaffe.at\\\/hotellerie-gastro\\\/kaffee-schulung-training\\\/\",\"url\":\"https:\\\/\\\/www.cultcaffe.at\\\/hotellerie-gastro\\\/kaffee-schulung-training\\\/\",\"name\":\"Kaffee Schulung & Training \u25ba Jetzt beraten lassen bei CultCaff\u00e8\",\"isPartOf\":{\"@id\":\"https:\\\/\\\/www.cultcaffe.at\\\/#website\"},\"datePublished\":\"2023-11-09T13:15:28+00:00\",\"dateModified\":\"2025-04-16T06:55:27+00:00\",\"description\":\"Jetzt Ihre pers\u00f6nliche Kaffee Beratung oder Schulung buchen \u2705 Top Kaffee f\u00fcr Hotel & Gastro \u2705 Individuelles Beratungsgespr\u00e4ch \u25ba Jetzt zu CultCaff\u00e8!\",\"breadcrumb\":{\"@id\":\"https:\\\/\\\/www.cultcaffe.at\\\/hotellerie-gastro\\\/kaffee-schulung-training\\\/#breadcrumb\"},\"inLanguage\":\"zh-Hans\",\"potentialAction\":[{\"@type\":\"ReadAction\",\"target\":[\"https:\\\/\\\/www.cultcaffe.at\\\/hotellerie-gastro\\\/kaffee-schulung-training\\\/\"]}]},{\"@type\":\"BreadcrumbList\",\"@id\":\"https:\\\/\\\/www.cultcaffe.at\\\/hotellerie-gastro\\\/kaffee-schulung-training\\\/#breadcrumb\",\"itemListElement\":[{\"@type\":\"ListItem\",\"position\":1,\"name\":\"Startseite\",\"item\":\"https:\\\/\\\/www.cultcaffe.at\\\/\"},{\"@type\":\"ListItem\",\"position\":2,\"name\":\"Hotellerie &#038; Gastro\",\"item\":\"https:\\\/\\\/www.cultcaffe.at\\\/hotellerie-gastro\\\/\"},{\"@type\":\"ListItem\",\"position\":3,\"name\":\"Kaffee Schulung &#038; Training\"}]},{\"@type\":\"WebSite\",\"@id\":\"https:\\\/\\\/www.cultcaffe.at\\\/#website\",\"url\":\"https:\\\/\\\/www.cultcaffe.at\\\/\",\"name\":\"CultCaff\u00e9 - die Bio Kaffee R\u00f6sterei\",\"description\":\"Liebe zum Kaffee\",\"publisher\":{\"@id\":\"https:\\\/\\\/www.cultcaffe.at\\\/#organization\"},\"potentialAction\":[{\"@type\":\"SearchAction\",\"target\":{\"@type\":\"EntryPoint\",\"urlTemplate\":\"https:\\\/\\\/www.cultcaffe.at\\\/?s={search_term_string}\"},\"query-input\":{\"@type\":\"PropertyValueSpecification\",\"valueRequired\":true,\"valueName\":\"search_term_string\"}}],\"inLanguage\":\"zh-Hans\"},{\"@type\":[\"Organization\",\"Place\"],\"@id\":\"https:\\\/\\\/www.cultcaffe.at\\\/#organization\",\"name\":\"CultCaff\u00e9 Kaffeer\u00f6sterei GmbH\",\"alternateName\":\"CultCaff\u00e9\",\"url\":\"https:\\\/\\\/www.cultcaffe.at\\\/\",\"logo\":{\"@id\":\"https:\\\/\\\/www.cultcaffe.at\\\/hotellerie-gastro\\\/kaffee-schulung-training\\\/#local-main-organization-logo\"},\"image\":{\"@id\":\"https:\\\/\\\/www.cultcaffe.at\\\/hotellerie-gastro\\\/kaffee-schulung-training\\\/#local-main-organization-logo\"},\"sameAs\":[\"https:\\\/\\\/www.facebook.com\\\/p\\\/Cult-Caff\u00e8-die-R\u00f6sterei-100039719724703\\\/?locale=de_DE\",\"https:\\\/\\\/www.instagram.com\\\/cultcaffe.at\\\/\"],\"hasMerchantReturnPolicy\":{\"@type\":\"MerchantReturnPolicy\",\"merchantReturnLink\":\"https:\\\/\\\/www.cultcaffe.at\\\/zh\\\/agbs\\\/\"},\"telephone\":[],\"openingHoursSpecification\":[{\"@type\":\"OpeningHoursSpecification\",\"dayOfWeek\":[\"Monday\",\"Tuesday\",\"Wednesday\",\"Thursday\",\"Friday\",\"Saturday\",\"Sunday\"],\"opens\":\"09:00\",\"closes\":\"17:00\"}]},{\"@type\":\"ImageObject\",\"inLanguage\":\"zh-Hans\",\"@id\":\"https:\\\/\\\/www.cultcaffe.at\\\/hotellerie-gastro\\\/kaffee-schulung-training\\\/#local-main-organization-logo\",\"url\":\"https:\\\/\\\/www.cultcaffe.at\\\/wp-content\\\/uploads\\\/2023\\\/11\\\/cultcaffe_logo_regular_dark-1.svg\",\"contentUrl\":\"https:\\\/\\\/www.cultcaffe.at\\\/wp-content\\\/uploads\\\/2023\\\/11\\\/cultcaffe_logo_regular_dark-1.svg\",\"width\":756,\"height\":474,\"caption\":\"CultCaff\u00e9 Kaffeer\u00f6sterei GmbH\"}]}<\/script>\n<!-- \/ Yoast SEO plugin. -->","yoast_head_json":{"title":"\u5496\u5561\u57f9\u8bad\u4e0e\u6559\u80b2 \u25ba \u7acb\u5373\u5728 CultCaff\u00e8 \u83b7\u53d6\u5efa\u8bae","description":"\u7acb\u5373\u9884\u8ba2\u60a8\u7684\u4e13\u5c5e\u5496\u5561\u54a8\u8be2\u6216\u57f9\u8bad \u2705 \u9152\u5e97\u548c\u9910\u5385\u7684\u9876\u7ea7\u5496\u5561 \u2705 \u4e2a\u6027\u5316\u54a8\u8be2 \u25ba \u7acb\u5373\u524d\u5f80 CultCaff\u00e8\uff01","robots":{"index":"index","follow":"follow","max-snippet":"max-snippet:-1","max-image-preview":"max-image-preview:large","max-video-preview":"max-video-preview:-1"},"canonical":"https:\/\/www.cultcaffe.at\/zh\/\u9152\u5e97\u548c\u9910\u996e\u4e1a\/\u5496\u5561\u57f9\u8bad\/","og_locale":"zh_CN","og_type":"article","og_title":"Kaffee Schulung & Training \u25ba Jetzt beraten lassen bei CultCaff\u00e8","og_description":"Jetzt Ihre pers\u00f6nliche Kaffee Beratung oder Schulung buchen \u2705 Top Kaffee f\u00fcr Hotel & Gastro \u2705 Individuelles Beratungsgespr\u00e4ch \u25ba Jetzt zu CultCaff\u00e8!","og_url":"https:\/\/www.cultcaffe.at\/zh\/\u9152\u5e97\u548c\u9910\u996e\u4e1a\/\u5496\u5561\u57f9\u8bad\/","og_site_name":"CultCaff\u00e9 - die Bio Kaffee R\u00f6sterei","article_publisher":"https:\/\/www.facebook.com\/p\/Cult-Caff%c3%a8-die-R%c3%b6sterei-100039719724703\/?locale=de_DE","article_modified_time":"2025-04-16T06:55:27+00:00","twitter_card":"summary_large_image","twitter_misc":{"\u9884\u8ba1\u9605\u8bfb\u65f6\u95f4":"2 \u5206"},"schema":{"@context":"https:\/\/schema.org","@graph":[{"@type":"WebPage","@id":"https:\/\/www.cultcaffe.at\/hotellerie-gastro\/kaffee-schulung-training\/","url":"https:\/\/www.cultcaffe.at\/hotellerie-gastro\/kaffee-schulung-training\/","name":"\u5496\u5561\u57f9\u8bad\u4e0e\u6559\u80b2 \u25ba \u7acb\u5373\u5728 CultCaff\u00e8 \u83b7\u53d6\u5efa\u8bae","isPartOf":{"@id":"https:\/\/www.cultcaffe.at\/#website"},"datePublished":"2023-11-09T13:15:28+00:00","dateModified":"2025-04-16T06:55:27+00:00","description":"\u7acb\u5373\u9884\u8ba2\u60a8\u7684\u4e13\u5c5e\u5496\u5561\u54a8\u8be2\u6216\u57f9\u8bad \u2705 \u9152\u5e97\u548c\u9910\u5385\u7684\u9876\u7ea7\u5496\u5561 \u2705 \u4e2a\u6027\u5316\u54a8\u8be2 \u25ba \u7acb\u5373\u524d\u5f80 CultCaff\u00e8\uff01","breadcrumb":{"@id":"https:\/\/www.cultcaffe.at\/hotellerie-gastro\/kaffee-schulung-training\/#breadcrumb"},"inLanguage":"zh-Hans","potentialAction":[{"@type":"ReadAction","target":["https:\/\/www.cultcaffe.at\/hotellerie-gastro\/kaffee-schulung-training\/"]}]},{"@type":"BreadcrumbList","@id":"https:\/\/www.cultcaffe.at\/hotellerie-gastro\/kaffee-schulung-training\/#breadcrumb","itemListElement":[{"@type":"ListItem","position":1,"name":"Startseite","item":"https:\/\/www.cultcaffe.at\/"},{"@type":"ListItem","position":2,"name":"Hotellerie &#038; Gastro","item":"https:\/\/www.cultcaffe.at\/hotellerie-gastro\/"},{"@type":"ListItem","position":3,"name":"Kaffee Schulung &#038; Training"}]},{"@type":"WebSite","@id":"https:\/\/www.cultcaffe.at\/#website","url":"https:\/\/www.cultcaffe.at\/","name":"CultCaff\u00e9\u2014\u2014\u6709\u673a\u5496\u5561\u70d8\u7119\u574a","description":"\u5bf9\u5496\u5561\u7684\u70ed\u7231","publisher":{"@id":"https:\/\/www.cultcaffe.at\/#organization"},"potentialAction":[{"@type":"SearchAction","target":{"@type":"EntryPoint","urlTemplate":"https:\/\/www.cultcaffe.at\/?s={search_term_string}"},"query-input":{"@type":"PropertyValueSpecification","valueRequired":true,"valueName":"search_term_string"}}],"inLanguage":"zh-Hans"},{"@type":["Organization","Place"],"@id":"https:\/\/www.cultcaffe.at\/#organization","name":"CultCaff\u00e9 \u5496\u5561\u70d8\u7119\u6709\u9650\u516c\u53f8","alternateName":"CultCaff\u00e9","url":"https:\/\/www.cultcaffe.at\/","logo":{"@id":"https:\/\/www.cultcaffe.at\/hotellerie-gastro\/kaffee-schulung-training\/#local-main-organization-logo"},"image":{"@id":"https:\/\/www.cultcaffe.at\/hotellerie-gastro\/kaffee-schulung-training\/#local-main-organization-logo"},"sameAs":["https:\/\/www.facebook.com\/p\/Cult-Caff\u00e8-die-R\u00f6sterei-100039719724703\/?locale=de_DE","https:\/\/www.instagram.com\/cultcaffe.at\/"],"hasMerchantReturnPolicy":{"@type":"MerchantReturnPolicy","merchantReturnLink":"https:\/\/www.cultcaffe.at\/zh\/agbs\/"},"telephone":[],"openingHoursSpecification":[{"@type":"OpeningHoursSpecification","dayOfWeek":["Monday","Tuesday","Wednesday","Thursday","Friday","Saturday","Sunday"],"opens":"09:00","closes":"17:00"}]},{"@type":"ImageObject","inLanguage":"zh-Hans","@id":"https:\/\/www.cultcaffe.at\/hotellerie-gastro\/kaffee-schulung-training\/#local-main-organization-logo","url":"https:\/\/www.cultcaffe.at\/wp-content\/uploads\/2023\/11\/cultcaffe_logo_regular_dark-1.svg","contentUrl":"https:\/\/www.cultcaffe.at\/wp-content\/uploads\/2023\/11\/cultcaffe_logo_regular_dark-1.svg","width":756,"height":474,"caption":"CultCaff\u00e9 Kaffeer\u00f6sterei GmbH"}]}},"_links":{"self":[{"href":"https:\/\/www.cultcaffe.at\/zh\/wp-json\/wp\/v2\/pages\/1830","targetHints":{"allow":["GET"]}}],"collection":[{"href":"https:\/\/www.cultcaffe.at\/zh\/wp-json\/wp\/v2\/pages"}],"about":[{"href":"https:\/\/www.cultcaffe.at\/zh\/wp-json\/wp\/v2\/types\/page"}],"author":[{"embeddable":true,"href":"https:\/\/www.cultcaffe.at\/zh\/wp-json\/wp\/v2\/users\/3"}],"replies":[{"embeddable":true,"href":"https:\/\/www.cultcaffe.at\/zh\/wp-json\/wp\/v2\/comments?post=1830"}],"version-history":[{"count":75,"href":"https:\/\/www.cultcaffe.at\/zh\/wp-json\/wp\/v2\/pages\/1830\/revisions"}],"predecessor-version":[{"id":18214,"href":"https:\/\/www.cultcaffe.at\/zh\/wp-json\/wp\/v2\/pages\/1830\/revisions\/18214"}],"up":[{"embeddable":true,"href":"https:\/\/www.cultcaffe.at\/zh\/wp-json\/wp\/v2\/pages\/1814"}],"wp:attachment":[{"href":"https:\/\/www.cultcaffe.at\/zh\/wp-json\/wp\/v2\/media?parent=1830"}],"curies":[{"name":"wp","href":"https:\/\/api.w.org\/{rel}","templated":true}]}}