{"id":17610,"date":"2025-03-15T20:48:35","date_gmt":"2025-03-15T19:48:35","guid":{"rendered":"https:\/\/www.cultcaffe.at\/?page_id=17610"},"modified":"2025-04-16T08:43:38","modified_gmt":"2025-04-16T06:43:38","slug":"%e5%ae%b6%e5%ba%ad%e5%92%96%e5%95%a1%e5%b8%88","status":"publish","type":"page","link":"https:\/\/www.cultcaffe.at\/zh\/home-barista\/","title":{"rendered":"\u5bb6\u5ead\u5496\u5561\u5e08"},"content":{"rendered":"<div data-elementor-type=\"wp-page\" data-elementor-id=\"17610\" class=\"elementor elementor-17610\" data-elementor-post-type=\"page\">\n\t\t\t\t<div class=\"elementor-element elementor-element-99f1bfa e-flex e-con-boxed e-con e-parent\" data-id=\"99f1bfa\" data-element_type=\"container\" data-e-type=\"container\" data-settings=\"{&quot;background_background&quot;:&quot;classic&quot;}\">\n\t\t\t\t\t<div class=\"e-con-inner\">\n\t\t\t\t<div class=\"elementor-element elementor-element-63cdde3 elementor-widget elementor-widget-heading\" data-id=\"63cdde3\" data-element_type=\"widget\" data-e-type=\"widget\" data-widget_type=\"heading.default\">\n\t\t\t\t<div class=\"elementor-widget-container\">\n\t\t\t\t\t<h1 class=\"elementor-heading-title elementor-size-default\"><span style=\"color:#aca590\">\u5bb6\u5ead\u5496\u5561\u5e08 <\/span> - \u50cf\u4e13\u4e1a\u4eba\u58eb\u4e00\u6837\u716e\u5496\u5561\uff01<\/h1>\t\t\t\t<\/div>\n\t\t\t\t<\/div>\n\t\t\t\t\t<\/div>\n\t\t\t\t<\/div>\n\t\t<div class=\"elementor-element elementor-element-8e676b3 e-flex e-con-boxed e-con e-parent\" data-id=\"8e676b3\" data-element_type=\"container\" data-e-type=\"container\">\n\t\t\t\t\t<div class=\"e-con-inner\">\n\t\t<div class=\"elementor-element elementor-element-d1278df e-con-full e-flex e-con e-child\" data-id=\"d1278df\" data-element_type=\"container\" data-e-type=\"container\">\n\t\t<div class=\"elementor-element elementor-element-ab14a05 e-con-full e-flex e-con e-child\" data-id=\"ab14a05\" data-element_type=\"container\" data-e-type=\"container\" data-settings=\"{&quot;background_background&quot;:&quot;classic&quot;}\">\n\t\t\t\t<\/div>\n\t\t<div class=\"elementor-element elementor-element-01cc96f e-con-full e-flex e-con e-child\" data-id=\"01cc96f\" data-element_type=\"container\" data-e-type=\"container\" data-settings=\"{&quot;background_background&quot;:&quot;classic&quot;}\">\n\t\t\t\t<\/div>\n\t\t\t\t<\/div>\n\t\t<div class=\"elementor-element elementor-element-6bbcc82 e-con-full e-flex e-con e-child\" data-id=\"6bbcc82\" data-element_type=\"container\" data-e-type=\"container\">\n\t\t\t\t<div class=\"elementor-element elementor-element-447f9d5 elementor-widget elementor-widget-heading\" data-id=\"447f9d5\" data-element_type=\"widget\" data-e-type=\"widget\" data-widget_type=\"heading.default\">\n\t\t\t\t<div class=\"elementor-widget-container\">\n\t\t\t\t\t<h2 class=\"elementor-heading-title elementor-size-default\">\u52a0\u5165 Cult Caff\u00e8\uff0c\u6210\u4e3a\u5bb6\u5ead\u5496\u5561\u5e08<\/h2>\t\t\t\t<\/div>\n\t\t\t\t<\/div>\n\t\t\t\t<div class=\"elementor-element elementor-element-70d78289 elementor-widget elementor-widget-text-editor\" data-id=\"70d78289\" data-element_type=\"widget\" data-e-type=\"widget\" data-widget_type=\"text-editor.default\">\n\t\t\t\t<div class=\"elementor-widget-container\">\n\t\t\t\t\t\t\t\t\t<p data-start=\"111\" data-end=\"428\">\u60a8\u662f\u5426\u68a6\u60f3\u5728\u5bb6\u4e2d\u4ee5\u5496\u5561\u5e08\u7684\u5b8c\u7f8e\u624b\u6cd5\u5236\u4f5c\u5496\u5561\uff1f<\/p><p data-start=\"111\" data-end=\"428\">\u6211\u4eec\u5c06\u5e2e\u52a9\u60a8\u627e\u5230\u6700\u9002\u5408\u60a8\u9700\u6c42\u7684\u5496\u5561\u673a\u5e76\u5411\u60a8\u5c55\u793a\u4e0d\u540c\u7684\u51c6\u5907\u65b9\u6cd5\u3002\u00a0<\/p><p data-start=\"430\" data-end=\"692\"><strong>\u6211\u4eec\u4e3a\u60a8\u63d0\u4f9b\u4e2a\u6027\u5316\u4e14\u4e13\u4e1a\u7684\u5efa\u8bae\u3002<\/strong>\u00a0\u4e86\u89e3\u66f4\u591a\u6709\u5173\u9009\u62e9\u5408\u9002\u7684\u5496\u5561\u8c46\u3001\u7814\u78e8\u8bbe\u7f6e\u548c\u6280\u5de7\u4ee5\u4eab\u7528\u5b8c\u7f8e\u5496\u5561\u7684\u4fe1\u606f\u3002<\/p><p data-start=\"694\" data-end=\"929\">\u8bbf\u95ee\u6211\u4eec\u00a0<strong>\u4e2a\u4eba\u5efa\u8bae<\/strong>\u00a0\u603b\u662f\u00a0<strong>\u5468\u4e00\u548c\u5468\u4e94<\/strong>\u00a0\u65e9\u4e0a\u6216\u00a0<strong>\u6ce8\u518c\u540e<\/strong>.<\/p>\t\t\t\t\t\t\t\t<\/div>\n\t\t\t\t<\/div>\n\t\t\t\t<div class=\"elementor-element elementor-element-32d61e1 elementor-widget elementor-widget-heading\" data-id=\"32d61e1\" data-element_type=\"widget\" data-e-type=\"widget\" data-widget_type=\"heading.default\">\n\t\t\t\t<div class=\"elementor-widget-container\">\n\t\t\t\t\t<h2 class=\"elementor-heading-title elementor-size-default\">VHS \u963f\u59c6\u65bd\u6cf0\u6ed5\u7684\u4f18\u60e0<\/h2>\t\t\t\t<\/div>\n\t\t\t\t<\/div>\n\t\t\t\t<div class=\"elementor-element elementor-element-44c7c36 elementor-widget elementor-widget-text-editor\" data-id=\"44c7c36\" data-element_type=\"widget\" data-e-type=\"widget\" data-widget_type=\"text-editor.default\">\n\t\t\t\t<div class=\"elementor-widget-container\">\n\t\t\t\t\t\t\t\t\t<p>\u6211\u4eec\u4e0e\u963f\u59c6\u65bd\u6cf0\u6ed5\u6210\u4eba\u6559\u80b2\u4e2d\u5fc3\u5408\u4f5c\uff0c\u5b9a\u671f\u63d0\u4f9b\u5165\u95e8\u8bfe\u7a0b\u3002\u00a0<\/p><p>\u6709\u5173\u4ef7\u683c\u3001\u7a0b\u5e8f\u548c\u4e3b\u9898\u7684\u66f4\u591a\u4fe1\u606f\u53ef\u4ee5\u5728\u4ee5\u4e0b\u94fe\u63a5\u7684 VHS \u7f51\u7ad9\u4e0a\u627e\u5230\u3002<\/p>\t\t\t\t\t\t\t\t<\/div>\n\t\t\t\t<\/div>\n\t\t\t\t<div class=\"elementor-element elementor-element-364b09d elementor-widget elementor-widget-button\" data-id=\"364b09d\" data-element_type=\"widget\" data-e-type=\"widget\" data-widget_type=\"button.default\">\n\t\t\t\t<div class=\"elementor-widget-container\">\n\t\t\t\t\t\t\t\t\t<div class=\"elementor-button-wrapper\">\n\t\t\t\t\t<a class=\"elementor-button elementor-button-link elementor-size-sm\" href=\"https:\/\/vhs.amstetten.at\/wp2022\/programm\/politik-gesellschaft-kultur\/kw\/bereich\/kursdetails\/kurs\/S2560100\/kursname\/HOME%20Barista%20BASIC%20Kurs%20fuer%20Hobbybarista\/kategorie-id\/6\/\">\n\t\t\t\t\t\t<span class=\"elementor-button-content-wrapper\">\n\t\t\t\t\t\t\t\t\t<span class=\"elementor-button-text\">\u524d\u5f80 VHS \u9875\u9762<\/span>\n\t\t\t\t\t<\/span>\n\t\t\t\t\t<\/a>\n\t\t\t\t<\/div>\n\t\t\t\t\t\t\t\t<\/div>\n\t\t\t\t<\/div>\n\t\t\t\t<\/div>\n\t\t\t\t\t<\/div>\n\t\t\t\t<\/div>\n\t\t\t\t<\/div>","protected":false},"excerpt":{"rendered":"<p>Home Barista &#8211; Kaffee machen wie die Profis! Home Barista werden mit Cult Caff\u00e8 Tr\u00e4umen Sie davon, Ihren Kaffee zu Hause mit der Perfektion eines Baristas zuzubereiten? Wir helfen Ihnen, die ideale Kaffeemaschine f\u00fcr Ihre Bed\u00fcrfnisse zu finden und zeigen Ihnen verschiedene Zubereitungsarten.\u00a0 Wir beraten Sie individuell und kompetent.\u00a0Erfahren Sie mehr \u00fcber die richtige Bohnenwahl, [&hellip;]<\/p>\n","protected":false},"author":6,"featured_media":0,"parent":0,"menu_order":0,"comment_status":"closed","ping_status":"closed","template":"","meta":{"inline_featured_image":false,"footnotes":""},"class_list":["post-17610","page","type-page","status-publish","hentry"],"yoast_head":"<!-- This site is optimized with the Yoast SEO plugin v27.5 - https:\/\/yoast.com\/product\/yoast-seo-wordpress\/ -->\n<title>Betriebsbesichtigung bei Cult Caff\u00e8: Lernen Sie uns hautnah kennen<\/title>\n<meta name=\"description\" content=\"Erleben Sie unseren Betrieb hautnah und ganz pers\u00f6nlich. Erfahren Sie mehr zu unserer Philosophie, der R\u00f6stung des Kaffees und erhalten Sie wertvolle Tipps zur Kaffeezubereitung.W\" \/>\n<meta name=\"robots\" content=\"index, follow, max-snippet:-1, max-image-preview:large, max-video-preview:-1\" \/>\n<link rel=\"canonical\" href=\"https:\/\/www.cultcaffe.at\/zh\/\u5bb6\u5ead\u5496\u5561\u5e08\/\" \/>\n<meta property=\"og:locale\" content=\"zh_CN\" \/>\n<meta property=\"og:type\" content=\"article\" \/>\n<meta property=\"og:title\" content=\"Betriebsbesichtigung bei Cult Caff\u00e8: Lernen Sie uns hautnah kennen\" \/>\n<meta property=\"og:description\" content=\"Erleben Sie unseren Betrieb hautnah und ganz pers\u00f6nlich. Erfahren Sie mehr zu unserer Philosophie, der R\u00f6stung des Kaffees und erhalten Sie wertvolle Tipps zur Kaffeezubereitung.W\" \/>\n<meta property=\"og:url\" content=\"https:\/\/www.cultcaffe.at\/zh\/\u5bb6\u5ead\u5496\u5561\u5e08\/\" \/>\n<meta property=\"og:site_name\" content=\"CultCaff\u00e9 - die Bio Kaffee R\u00f6sterei\" \/>\n<meta property=\"article:publisher\" content=\"https:\/\/www.facebook.com\/p\/Cult-Caff%c3%a8-die-R%c3%b6sterei-100039719724703\/?locale=de_DE\" \/>\n<meta property=\"article:modified_time\" content=\"2025-04-16T06:43:38+00:00\" \/>\n<meta name=\"twitter:card\" content=\"summary_large_image\" \/>\n<meta name=\"twitter:label1\" content=\"\u9884\u8ba1\u9605\u8bfb\u65f6\u95f4\" \/>\n\t<meta name=\"twitter:data1\" content=\"1 \u5206\" \/>\n<script type=\"application\/ld+json\" class=\"yoast-schema-graph\">{\"@context\":\"https:\\\/\\\/schema.org\",\"@graph\":[{\"@type\":\"WebPage\",\"@id\":\"https:\\\/\\\/www.cultcaffe.at\\\/home-barista\\\/\",\"url\":\"https:\\\/\\\/www.cultcaffe.at\\\/home-barista\\\/\",\"name\":\"Betriebsbesichtigung bei Cult Caff\u00e8: Lernen Sie uns hautnah kennen\",\"isPartOf\":{\"@id\":\"https:\\\/\\\/www.cultcaffe.at\\\/#website\"},\"datePublished\":\"2025-03-15T19:48:35+00:00\",\"dateModified\":\"2025-04-16T06:43:38+00:00\",\"description\":\"Erleben Sie unseren Betrieb hautnah und ganz pers\u00f6nlich. Erfahren Sie mehr zu unserer Philosophie, der R\u00f6stung des Kaffees und erhalten Sie wertvolle Tipps zur Kaffeezubereitung.W\",\"breadcrumb\":{\"@id\":\"https:\\\/\\\/www.cultcaffe.at\\\/home-barista\\\/#breadcrumb\"},\"inLanguage\":\"zh-Hans\",\"potentialAction\":[{\"@type\":\"ReadAction\",\"target\":[\"https:\\\/\\\/www.cultcaffe.at\\\/home-barista\\\/\"]}]},{\"@type\":\"BreadcrumbList\",\"@id\":\"https:\\\/\\\/www.cultcaffe.at\\\/home-barista\\\/#breadcrumb\",\"itemListElement\":[{\"@type\":\"ListItem\",\"position\":1,\"name\":\"Startseite\",\"item\":\"https:\\\/\\\/www.cultcaffe.at\\\/\"},{\"@type\":\"ListItem\",\"position\":2,\"name\":\"Home Barista\"}]},{\"@type\":\"WebSite\",\"@id\":\"https:\\\/\\\/www.cultcaffe.at\\\/#website\",\"url\":\"https:\\\/\\\/www.cultcaffe.at\\\/\",\"name\":\"CultCaff\u00e9 - die Bio Kaffee R\u00f6sterei\",\"description\":\"Liebe zum Kaffee\",\"publisher\":{\"@id\":\"https:\\\/\\\/www.cultcaffe.at\\\/#organization\"},\"potentialAction\":[{\"@type\":\"SearchAction\",\"target\":{\"@type\":\"EntryPoint\",\"urlTemplate\":\"https:\\\/\\\/www.cultcaffe.at\\\/?s={search_term_string}\"},\"query-input\":{\"@type\":\"PropertyValueSpecification\",\"valueRequired\":true,\"valueName\":\"search_term_string\"}}],\"inLanguage\":\"zh-Hans\"},{\"@type\":[\"Organization\",\"Place\"],\"@id\":\"https:\\\/\\\/www.cultcaffe.at\\\/#organization\",\"name\":\"CultCaff\u00e9 Kaffeer\u00f6sterei GmbH\",\"alternateName\":\"CultCaff\u00e9\",\"url\":\"https:\\\/\\\/www.cultcaffe.at\\\/\",\"logo\":{\"@id\":\"https:\\\/\\\/www.cultcaffe.at\\\/home-barista\\\/#local-main-organization-logo\"},\"image\":{\"@id\":\"https:\\\/\\\/www.cultcaffe.at\\\/home-barista\\\/#local-main-organization-logo\"},\"sameAs\":[\"https:\\\/\\\/www.facebook.com\\\/p\\\/Cult-Caff\u00e8-die-R\u00f6sterei-100039719724703\\\/?locale=de_DE\",\"https:\\\/\\\/www.instagram.com\\\/cultcaffe.at\\\/\"],\"hasMerchantReturnPolicy\":{\"@type\":\"MerchantReturnPolicy\",\"merchantReturnLink\":\"https:\\\/\\\/www.cultcaffe.at\\\/zh\\\/agbs\\\/\"},\"telephone\":[],\"openingHoursSpecification\":[{\"@type\":\"OpeningHoursSpecification\",\"dayOfWeek\":[\"Monday\",\"Tuesday\",\"Wednesday\",\"Thursday\",\"Friday\",\"Saturday\",\"Sunday\"],\"opens\":\"09:00\",\"closes\":\"17:00\"}]},{\"@type\":\"ImageObject\",\"inLanguage\":\"zh-Hans\",\"@id\":\"https:\\\/\\\/www.cultcaffe.at\\\/home-barista\\\/#local-main-organization-logo\",\"url\":\"https:\\\/\\\/www.cultcaffe.at\\\/wp-content\\\/uploads\\\/2023\\\/11\\\/cultcaffe_logo_regular_dark-1.svg\",\"contentUrl\":\"https:\\\/\\\/www.cultcaffe.at\\\/wp-content\\\/uploads\\\/2023\\\/11\\\/cultcaffe_logo_regular_dark-1.svg\",\"width\":756,\"height\":474,\"caption\":\"CultCaff\u00e9 Kaffeer\u00f6sterei GmbH\"}]}<\/script>\n<!-- \/ Yoast SEO plugin. -->","yoast_head_json":{"title":"Cult Caff\u00e8\u5de5\u5382\u53c2\u89c2\u4e4b\u65c5\uff1a\u8fd1\u8ddd\u79bb\u4e86\u89e3\u6211\u4eec","description":"\u8fd1\u8ddd\u79bb\u4eb2\u8eab\u4f53\u9a8c\u6211\u4eec\u516c\u53f8\u3002\u6df1\u5165\u4e86\u89e3\u6211\u4eec\u7684\u7406\u5ff5\u3001\u5496\u5561\u70d8\u7119\u8fc7\u7a0b\uff0c\u5e76\u83b7\u5f97\u5b9d\u8d35\u7684\u5496\u5561\u51b2\u6ce1\u6280\u5de7\u3002","robots":{"index":"index","follow":"follow","max-snippet":"max-snippet:-1","max-image-preview":"max-image-preview:large","max-video-preview":"max-video-preview:-1"},"canonical":"https:\/\/www.cultcaffe.at\/zh\/\u5bb6\u5ead\u5496\u5561\u5e08\/","og_locale":"zh_CN","og_type":"article","og_title":"Betriebsbesichtigung bei Cult Caff\u00e8: Lernen Sie uns hautnah kennen","og_description":"Erleben Sie unseren Betrieb hautnah und ganz pers\u00f6nlich. Erfahren Sie mehr zu unserer Philosophie, der R\u00f6stung des Kaffees und erhalten Sie wertvolle Tipps zur Kaffeezubereitung.W","og_url":"https:\/\/www.cultcaffe.at\/zh\/\u5bb6\u5ead\u5496\u5561\u5e08\/","og_site_name":"CultCaff\u00e9 - die Bio Kaffee R\u00f6sterei","article_publisher":"https:\/\/www.facebook.com\/p\/Cult-Caff%c3%a8-die-R%c3%b6sterei-100039719724703\/?locale=de_DE","article_modified_time":"2025-04-16T06:43:38+00:00","twitter_card":"summary_large_image","twitter_misc":{"\u9884\u8ba1\u9605\u8bfb\u65f6\u95f4":"1 \u5206"},"schema":{"@context":"https:\/\/schema.org","@graph":[{"@type":"WebPage","@id":"https:\/\/www.cultcaffe.at\/home-barista\/","url":"https:\/\/www.cultcaffe.at\/home-barista\/","name":"Cult Caff\u00e8\u5de5\u5382\u53c2\u89c2\u4e4b\u65c5\uff1a\u8fd1\u8ddd\u79bb\u4e86\u89e3\u6211\u4eec","isPartOf":{"@id":"https:\/\/www.cultcaffe.at\/#website"},"datePublished":"2025-03-15T19:48:35+00:00","dateModified":"2025-04-16T06:43:38+00:00","description":"\u8fd1\u8ddd\u79bb\u4eb2\u8eab\u4f53\u9a8c\u6211\u4eec\u516c\u53f8\u3002\u6df1\u5165\u4e86\u89e3\u6211\u4eec\u7684\u7406\u5ff5\u3001\u5496\u5561\u70d8\u7119\u8fc7\u7a0b\uff0c\u5e76\u83b7\u5f97\u5b9d\u8d35\u7684\u5496\u5561\u51b2\u6ce1\u6280\u5de7\u3002","breadcrumb":{"@id":"https:\/\/www.cultcaffe.at\/home-barista\/#breadcrumb"},"inLanguage":"zh-Hans","potentialAction":[{"@type":"ReadAction","target":["https:\/\/www.cultcaffe.at\/home-barista\/"]}]},{"@type":"BreadcrumbList","@id":"https:\/\/www.cultcaffe.at\/home-barista\/#breadcrumb","itemListElement":[{"@type":"ListItem","position":1,"name":"Startseite","item":"https:\/\/www.cultcaffe.at\/"},{"@type":"ListItem","position":2,"name":"Home Barista"}]},{"@type":"WebSite","@id":"https:\/\/www.cultcaffe.at\/#website","url":"https:\/\/www.cultcaffe.at\/","name":"CultCaff\u00e9\u2014\u2014\u6709\u673a\u5496\u5561\u70d8\u7119\u574a","description":"\u5bf9\u5496\u5561\u7684\u70ed\u7231","publisher":{"@id":"https:\/\/www.cultcaffe.at\/#organization"},"potentialAction":[{"@type":"SearchAction","target":{"@type":"EntryPoint","urlTemplate":"https:\/\/www.cultcaffe.at\/?s={search_term_string}"},"query-input":{"@type":"PropertyValueSpecification","valueRequired":true,"valueName":"search_term_string"}}],"inLanguage":"zh-Hans"},{"@type":["Organization","Place"],"@id":"https:\/\/www.cultcaffe.at\/#organization","name":"CultCaff\u00e9 \u5496\u5561\u70d8\u7119\u6709\u9650\u516c\u53f8","alternateName":"CultCaff\u00e9","url":"https:\/\/www.cultcaffe.at\/","logo":{"@id":"https:\/\/www.cultcaffe.at\/home-barista\/#local-main-organization-logo"},"image":{"@id":"https:\/\/www.cultcaffe.at\/home-barista\/#local-main-organization-logo"},"sameAs":["https:\/\/www.facebook.com\/p\/Cult-Caff\u00e8-die-R\u00f6sterei-100039719724703\/?locale=de_DE","https:\/\/www.instagram.com\/cultcaffe.at\/"],"hasMerchantReturnPolicy":{"@type":"MerchantReturnPolicy","merchantReturnLink":"https:\/\/www.cultcaffe.at\/zh\/agbs\/"},"telephone":[],"openingHoursSpecification":[{"@type":"OpeningHoursSpecification","dayOfWeek":["Monday","Tuesday","Wednesday","Thursday","Friday","Saturday","Sunday"],"opens":"09:00","closes":"17:00"}]},{"@type":"ImageObject","inLanguage":"zh-Hans","@id":"https:\/\/www.cultcaffe.at\/home-barista\/#local-main-organization-logo","url":"https:\/\/www.cultcaffe.at\/wp-content\/uploads\/2023\/11\/cultcaffe_logo_regular_dark-1.svg","contentUrl":"https:\/\/www.cultcaffe.at\/wp-content\/uploads\/2023\/11\/cultcaffe_logo_regular_dark-1.svg","width":756,"height":474,"caption":"CultCaff\u00e9 Kaffeer\u00f6sterei GmbH"}]}},"_links":{"self":[{"href":"https:\/\/www.cultcaffe.at\/zh\/wp-json\/wp\/v2\/pages\/17610","targetHints":{"allow":["GET"]}}],"collection":[{"href":"https:\/\/www.cultcaffe.at\/zh\/wp-json\/wp\/v2\/pages"}],"about":[{"href":"https:\/\/www.cultcaffe.at\/zh\/wp-json\/wp\/v2\/types\/page"}],"author":[{"embeddable":true,"href":"https:\/\/www.cultcaffe.at\/zh\/wp-json\/wp\/v2\/users\/6"}],"replies":[{"embeddable":true,"href":"https:\/\/www.cultcaffe.at\/zh\/wp-json\/wp\/v2\/comments?post=17610"}],"version-history":[{"count":20,"href":"https:\/\/www.cultcaffe.at\/zh\/wp-json\/wp\/v2\/pages\/17610\/revisions"}],"predecessor-version":[{"id":18204,"href":"https:\/\/www.cultcaffe.at\/zh\/wp-json\/wp\/v2\/pages\/17610\/revisions\/18204"}],"wp:attachment":[{"href":"https:\/\/www.cultcaffe.at\/zh\/wp-json\/wp\/v2\/media?parent=17610"}],"curies":[{"name":"wp","href":"https:\/\/api.w.org\/{rel}","templated":true}]}}