{"id":1691,"date":"2023-05-23T13:14:22","date_gmt":"2023-05-23T11:14:22","guid":{"rendered":"https:\/\/www.cultcaffe.at\/?page_id=1691"},"modified":"2025-11-07T09:00:12","modified_gmt":"2025-11-07T08:00:12","slug":"%e8%87%aa%e6%9c%89%e5%93%81%e7%89%8c%e5%92%96%e5%95%a1","status":"publish","type":"page","link":"https:\/\/www.cultcaffe.at\/zh\/private-label-kaffee\/","title":{"rendered":"\u81ea\u6709\u54c1\u724c"},"content":{"rendered":"<div data-elementor-type=\"wp-page\" data-elementor-id=\"1691\" class=\"elementor elementor-1691\" data-elementor-post-type=\"page\">\n\t\t\t\t<div class=\"elementor-element elementor-element-3090b83 e-flex e-con-boxed e-con e-parent\" data-id=\"3090b83\" data-element_type=\"container\" data-e-type=\"container\" data-settings=\"{&quot;background_background&quot;:&quot;classic&quot;}\">\n\t\t\t\t\t<div class=\"e-con-inner\">\n\t\t\t\t<div class=\"elementor-element elementor-element-4d30a3b elementor-widget elementor-widget-heading\" data-id=\"4d30a3b\" data-element_type=\"widget\" data-e-type=\"widget\" data-widget_type=\"heading.default\">\n\t\t\t\t<div class=\"elementor-widget-container\">\n\t\t\t\t\t<h1 class=\"elementor-heading-title elementor-size-default\">\u81ea\u6709\u54c1\u724c<\/h1>\t\t\t\t<\/div>\n\t\t\t\t<\/div>\n\t\t\t\t\t<\/div>\n\t\t\t\t<\/div>\n\t\t<div class=\"elementor-element elementor-element-063fc9c e-flex e-con-boxed e-con e-parent\" data-id=\"063fc9c\" data-element_type=\"container\" data-e-type=\"container\">\n\t\t\t\t\t<div class=\"e-con-inner\">\n\t\t<div class=\"elementor-element elementor-element-69ec826 e-con-full e-flex e-con e-child\" data-id=\"69ec826\" data-element_type=\"container\" data-e-type=\"container\">\n\t\t\t\t<div class=\"elementor-element elementor-element-f58dc42 elementor-widget elementor-widget-text-editor\" data-id=\"f58dc42\" data-element_type=\"widget\" data-e-type=\"widget\" data-widget_type=\"text-editor.default\">\n\t\t\t\t<div class=\"elementor-widget-container\">\n\t\t\t\t\t\t\t\t\t<p><span lang=\"DE\">\u6211<b>\u60a8\u7684\u54c1\u724c\u2014\u2014\u60a8\u7684\u81ea\u6709\u54c1\u724c\u2014\u2014\u60a8\u81ea\u5df1\u7684\u5496\u5561\u7cfb\u5217<\/b><\/span><\/p><p><span lang=\"DE\">\u51ed\u501f\u6211\u4eec23\u5e74\u7684\u70d8\u7119\u7ecf\u9a8c\uff0c\u6211\u4eec\u4e0e\u60a8\u5171\u540c\u5f00\u53d1<\/span><span style=\"font-size: 1rem;\">\u643a\u624b\u6253\u9020\u4f60\u4eec\u81ea\u5df1\u7684\u5496\u5561\u54c1\u724c\u3002.<\/span><\/p><p><span style=\"font-size: 1rem;\">\u5728\u6211\u4eec\u70d8\u7119\u5de5\u574a\uff0c\u6211\u4eec\u4f1a\u6839\u636e\u60a8\u7684\u8981\u6c42\u8c03\u914d\u5496\u5561\u8c46\uff0c\u5e76\u8fdb\u884c\u70d8\u7119\u2026\u2026<\/span><span style=\"font-size: 1rem;\">\u5df2\u786e\u5b9a\u7406\u60f3\u7684\u53e3\u5473\u7279\u5f81\u3002 .<\/span><\/p><p><span lang=\"DE\">\u7ecf\u8fc7\u5145\u5206\u7684\u54c1\u5c1d\u540e\uff0c\u6211\u4eec\u5c06\u4e0e\u60a8\u4e00\u8d77\u8fdb\u5165\u5b9e\u9645\u64cd\u4f5c\u9636\u6bb5\u3002,\u00a0<\/span><span style=\"font-size: 1rem;\">\u5e02\u573a\u8425\u9500\u548c\u9500\u552e\u638c\u63e1\u5728\u4f60\u624b\u4e2d<\/span><\/p><p><span style=\"font-weight: 400;\">\u4ece 50 \u5305\u5f00\u59cb\uff0c\u6211\u4eec\u5b9e\u65bd\u91cf\u8eab\u5b9a\u5236\u7684\u89e3\u51b3\u65b9\u6848\uff0c <\/span><span style=\"font-weight: 400;\">\u4e0d\u4ec5\u5728\u89c6\u89c9\u4e0a\u5438\u5f15\u4eba\uff0c\u800c\u4e14\u8fd8\u5f3a\u8c03\u4e86\u60a8\u81ea\u5df1\u7684\u5496\u5561\u6240\u63d0\u4f9b\u7684\u72ec\u7279\u4f53\u9a8c\u3002<\/span><\/p><p><span style=\"font-weight: 400;\">\u901a\u8fc7\u4e2a\u6027\u5316\u5305\u88c5\uff0c\u60a8\u53ef\u4ee5\u4e3a\u60a8\u7684\u4ea7\u54c1\u63d0\u4f9b\u5b8c\u5168 <\/span><span style=\"font-weight: 400;\">\u7279\u6b8a\u7684\u89e6\u611f\u5e76\u589e\u5f3a\u60a8\u7684\u54c1\u724c\u5f62\u8c61\u3002<\/span><\/p>\t\t\t\t\t\t\t\t<\/div>\n\t\t\t\t<\/div>\n\t\t\t\t<div class=\"elementor-element elementor-element-3bc42e1 elementor-align-left elementor-widget elementor-widget-button\" data-id=\"3bc42e1\" data-element_type=\"widget\" data-e-type=\"widget\" data-widget_type=\"button.default\">\n\t\t\t\t<div class=\"elementor-widget-container\">\n\t\t\t\t\t\t\t\t\t<div class=\"elementor-button-wrapper\">\n\t\t\t\t\t<a class=\"elementor-button elementor-button-link elementor-size-sm\" href=\"https:\/\/www.cultcaffe.at\/zh\/%e6%8e%a5%e8%a7%a6\/\">\n\t\t\t\t\t\t<span class=\"elementor-button-content-wrapper\">\n\t\t\t\t\t\t\t\t\t<span class=\"elementor-button-text\">\u5728\u6b64\u7533\u8bf7\u60a8\u7684\u81ea\u6709\u54c1\u724c<\/span>\n\t\t\t\t\t<\/span>\n\t\t\t\t\t<\/a>\n\t\t\t\t<\/div>\n\t\t\t\t\t\t\t\t<\/div>\n\t\t\t\t<\/div>\n\t\t\t\t<\/div>\n\t\t<div class=\"elementor-element elementor-element-0b8990c e-con-full e-flex e-con e-child\" data-id=\"0b8990c\" data-element_type=\"container\" data-e-type=\"container\">\n\t\t\t\t<div class=\"elementor-element elementor-element-f0f88fd elementor-widget elementor-widget-image\" data-id=\"f0f88fd\" data-element_type=\"widget\" data-e-type=\"widget\" data-widget_type=\"image.default\">\n\t\t\t\t<div class=\"elementor-widget-container\">\n\t\t\t\t\t\t\t\t\t\t\t\t\t\t\t<img fetchpriority=\"high\" decoding=\"async\" width=\"800\" height=\"534\" src=\"https:\/\/www.cultcaffe.at\/wp-content\/uploads\/2025\/11\/CultCaffe_nimozimmerhackl_white-label-1024x683.jpg\" class=\"attachment-large size-large wp-image-18970\" alt=\"\" srcset=\"https:\/\/www.cultcaffe.at\/wp-content\/uploads\/2025\/11\/CultCaffe_nimozimmerhackl_white-label-1024x683.jpg 1024w, https:\/\/www.cultcaffe.at\/wp-content\/uploads\/2025\/11\/CultCaffe_nimozimmerhackl_white-label-300x200.jpg 300w, https:\/\/www.cultcaffe.at\/wp-content\/uploads\/2025\/11\/CultCaffe_nimozimmerhackl_white-label-768x512.jpg 768w, https:\/\/www.cultcaffe.at\/wp-content\/uploads\/2025\/11\/CultCaffe_nimozimmerhackl_white-label-1536x1024.jpg 1536w, https:\/\/www.cultcaffe.at\/wp-content\/uploads\/2025\/11\/CultCaffe_nimozimmerhackl_white-label-2048x1366.jpg 2048w, https:\/\/www.cultcaffe.at\/wp-content\/uploads\/2025\/11\/CultCaffe_nimozimmerhackl_white-label-18x12.jpg 18w, https:\/\/www.cultcaffe.at\/wp-content\/uploads\/2025\/11\/CultCaffe_nimozimmerhackl_white-label-600x400.jpg 600w\" sizes=\"(max-width: 800px) 100vw, 800px\" \/>\t\t\t\t\t\t\t\t\t\t\t\t\t\t\t<\/div>\n\t\t\t\t<\/div>\n\t\t\t\t<\/div>\n\t\t\t\t\t<\/div>\n\t\t\t\t<\/div>\n\t\t<div class=\"elementor-element elementor-element-f05f012 e-flex e-con-boxed e-con e-parent\" data-id=\"f05f012\" data-element_type=\"container\" data-e-type=\"container\">\n\t\t\t\t\t<div class=\"e-con-inner\">\n\t\t<div class=\"elementor-element elementor-element-59a3b6f e-con-full e-flex e-con e-child\" data-id=\"59a3b6f\" data-element_type=\"container\" data-e-type=\"container\">\n\t\t\t\t<div class=\"elementor-element elementor-element-caf1806 elementor-widget elementor-widget-image\" data-id=\"caf1806\" data-element_type=\"widget\" data-e-type=\"widget\" data-widget_type=\"image.default\">\n\t\t\t\t<div class=\"elementor-widget-container\">\n\t\t\t\t\t\t\t\t\t\t\t\t\t\t\t<img decoding=\"async\" width=\"800\" height=\"450\" src=\"https:\/\/www.cultcaffe.at\/wp-content\/uploads\/2025\/03\/cultcaffe_private_label-1024x576.jpg\" class=\"attachment-large size-large wp-image-17984\" alt=\"\" srcset=\"https:\/\/www.cultcaffe.at\/wp-content\/uploads\/2025\/03\/cultcaffe_private_label-1024x576.jpg 1024w, https:\/\/www.cultcaffe.at\/wp-content\/uploads\/2025\/03\/cultcaffe_private_label-600x338.jpg 600w, https:\/\/www.cultcaffe.at\/wp-content\/uploads\/2025\/03\/cultcaffe_private_label-300x169.jpg 300w, https:\/\/www.cultcaffe.at\/wp-content\/uploads\/2025\/03\/cultcaffe_private_label-768x432.jpg 768w, https:\/\/www.cultcaffe.at\/wp-content\/uploads\/2025\/03\/cultcaffe_private_label.jpg 1500w\" sizes=\"(max-width: 800px) 100vw, 800px\" \/>\t\t\t\t\t\t\t\t\t\t\t\t\t\t\t<\/div>\n\t\t\t\t<\/div>\n\t\t\t\t<\/div>\n\t\t<div class=\"elementor-element elementor-element-138143a e-con-full e-flex e-con e-child\" data-id=\"138143a\" data-element_type=\"container\" data-e-type=\"container\">\n\t\t\t\t<div class=\"elementor-element elementor-element-2ee3fd0 elementor-widget elementor-widget-text-editor\" data-id=\"2ee3fd0\" data-element_type=\"widget\" data-e-type=\"widget\" data-widget_type=\"text-editor.default\">\n\t\t\t\t<div class=\"elementor-widget-container\">\n\t\t\t\t\t\t\t\t\t<h2>\u767d\u6807<\/h2><p>\u6211\u4eec\u4e45\u7ecf\u8003\u9a8c\u3001\u6210\u719f\u7684\u4ea7\u54c1\u7cfb\u5217\u4fdd\u8bc1\u4e86\u53e3\u5473\u7684\u591a\u6837\u6027\u3002.<\/p><p>\u7528\u6807\u5fd7\u548c\u54c1\u724c\u8bbe\u8ba1\u6253\u9020\u60a8\u72ec\u7279\u7684\u4f01\u4e1a\u5f62\u8c61\u3002.<\/p><p>\u8fd9\u4e0d\u662f\u5343\u7bc7\u4e00\u5f8b\u3001\u6beb\u65e0\u7279\u8272\u7684\u4fc3\u9500\u793c\u54c1\uff0c\u800c\u662f\u5c55\u73b0\u60a8\u516c\u53f8\u72ec\u7279\u5f62\u8c61\u7684\u7edd\u4f73\u65b9\u5f0f\u3002.<\/p><p>\u901a\u8fc7\u65b0\u9c9c\u70d8\u7119\u3001\u9999\u6c14\u56db\u6ea2\u7684\u5496\u5561\uff0c\u4e3a\u60a8\u7684\u987e\u5ba2\u5e26\u6765\u7eaf\u7cb9\u7684\u60c5\u611f\u4f53\u9a8c\u3002.<\/p>\t\t\t\t\t\t\t\t<\/div>\n\t\t\t\t<\/div>\n\t\t\t\t<div class=\"elementor-element elementor-element-e897fd3 elementor-align-left elementor-widget elementor-widget-button\" data-id=\"e897fd3\" data-element_type=\"widget\" data-e-type=\"widget\" data-widget_type=\"button.default\">\n\t\t\t\t<div class=\"elementor-widget-container\">\n\t\t\t\t\t\t\t\t\t<div class=\"elementor-button-wrapper\">\n\t\t\t\t\t<a class=\"elementor-button elementor-button-link elementor-size-sm\" href=\"https:\/\/www.cultcaffe.at\/zh\/%e6%8e%a5%e8%a7%a6\/\">\n\t\t\t\t\t\t<span class=\"elementor-button-content-wrapper\">\n\t\t\t\t\t\t\t\t\t<span class=\"elementor-button-text\">\u5728\u6b64\u7533\u8bf7\u60a8\u7684\u767d\u6807\u4ea7\u54c1<\/span>\n\t\t\t\t\t<\/span>\n\t\t\t\t\t<\/a>\n\t\t\t\t<\/div>\n\t\t\t\t\t\t\t\t<\/div>\n\t\t\t\t<\/div>\n\t\t\t\t<\/div>\n\t\t\t\t\t<\/div>\n\t\t\t\t<\/div>\n\t\t<div class=\"elementor-element elementor-element-a21290b e-flex e-con-boxed e-con e-parent\" data-id=\"a21290b\" data-element_type=\"container\" data-e-type=\"container\">\n\t\t\t\t\t<div class=\"e-con-inner\">\n\t\t<div class=\"elementor-element elementor-element-cd714e0 e-con-full e-flex e-con e-child\" data-id=\"cd714e0\" data-element_type=\"container\" data-e-type=\"container\">\n\t\t\t\t<div class=\"elementor-element elementor-element-87e331d elementor-widget elementor-widget-text-editor\" data-id=\"87e331d\" data-element_type=\"widget\" data-e-type=\"widget\" data-widget_type=\"text-editor.default\">\n\t\t\t\t<div class=\"elementor-widget-container\">\n\t\t\t\t\t\t\t\t\t<h2><strong>\u5408\u540c\u70d8\u7119<\/strong><\/h2><p>24 \u5e74\u4f20\u7edf\u70d8\u7119\u5de5\u827a\u7ecf\u9a8c\u548c\u4e13\u4e1a\u77e5\u8bc6\uff0c\u81f4\u529b\u4e8e\u63d0\u4f9b\u6700\u9ad8\u54c1\u8d28\u7684\u4ea7\u54c1\u3002\u00a0<span style=\"font-size: 1rem;\">\u53ef\u9760\u6027\u4fdd\u8bc1\u4e86\u70d8\u7119\u5496\u5561\u7684\u5353\u8d8a\u54c1\u8d28\uff01<\/span><\/p><p>\u751f\u5496\u5561\u8c46\u7684\u91c7\u8d2d\u3001\u5206\u9500\u548c\u9500\u552e\u90fd\u638c\u63e1\u5728\u60a8\u624b\u4e2d\u3002.<\/p>\t\t\t\t\t\t\t\t<\/div>\n\t\t\t\t<\/div>\n\t\t\t\t<div class=\"elementor-element elementor-element-a633c9d elementor-align-left elementor-widget elementor-widget-button\" data-id=\"a633c9d\" data-element_type=\"widget\" data-e-type=\"widget\" data-widget_type=\"button.default\">\n\t\t\t\t<div class=\"elementor-widget-container\">\n\t\t\t\t\t\t\t\t\t<div class=\"elementor-button-wrapper\">\n\t\t\t\t\t<a class=\"elementor-button elementor-button-link elementor-size-sm\" href=\"https:\/\/www.cultcaffe.at\/zh\/%e6%8e%a5%e8%a7%a6\/\">\n\t\t\t\t\t\t<span class=\"elementor-button-content-wrapper\">\n\t\t\t\t\t\t\t\t\t<span class=\"elementor-button-text\">\u5728\u6b64\u5904\u7533\u8bf7\u5b9a\u5236\u70d8\u7119<\/span>\n\t\t\t\t\t<\/span>\n\t\t\t\t\t<\/a>\n\t\t\t\t<\/div>\n\t\t\t\t\t\t\t\t<\/div>\n\t\t\t\t<\/div>\n\t\t\t\t<\/div>\n\t\t<div class=\"elementor-element elementor-element-2dc9281 e-con-full e-flex e-con e-child\" data-id=\"2dc9281\" data-element_type=\"container\" data-e-type=\"container\">\n\t\t\t\t<div class=\"elementor-element elementor-element-9bea7f5 elementor-widget elementor-widget-image\" data-id=\"9bea7f5\" data-element_type=\"widget\" data-e-type=\"widget\" data-widget_type=\"image.default\">\n\t\t\t\t<div class=\"elementor-widget-container\">\n\t\t\t\t\t\t\t\t\t\t\t\t\t\t\t<img decoding=\"async\" width=\"800\" height=\"534\" src=\"https:\/\/www.cultcaffe.at\/wp-content\/uploads\/2021\/12\/Cult-Caffe-Auftragsfoto-Sappert-_MG_7112-1-1024x683.jpg\" class=\"attachment-large size-large wp-image-830\" alt=\"\" srcset=\"https:\/\/www.cultcaffe.at\/wp-content\/uploads\/2021\/12\/Cult-Caffe-Auftragsfoto-Sappert-_MG_7112-1-1024x683.jpg 1024w, https:\/\/www.cultcaffe.at\/wp-content\/uploads\/2021\/12\/Cult-Caffe-Auftragsfoto-Sappert-_MG_7112-1-600x400.jpg 600w, https:\/\/www.cultcaffe.at\/wp-content\/uploads\/2021\/12\/Cult-Caffe-Auftragsfoto-Sappert-_MG_7112-1-300x200.jpg 300w, https:\/\/www.cultcaffe.at\/wp-content\/uploads\/2021\/12\/Cult-Caffe-Auftragsfoto-Sappert-_MG_7112-1-768x512.jpg 768w, https:\/\/www.cultcaffe.at\/wp-content\/uploads\/2021\/12\/Cult-Caffe-Auftragsfoto-Sappert-_MG_7112-1-900x600.jpg 900w, https:\/\/www.cultcaffe.at\/wp-content\/uploads\/2021\/12\/Cult-Caffe-Auftragsfoto-Sappert-_MG_7112-1.jpg 1200w\" sizes=\"(max-width: 800px) 100vw, 800px\" \/>\t\t\t\t\t\t\t\t\t\t\t\t\t\t\t<\/div>\n\t\t\t\t<\/div>\n\t\t\t\t<\/div>\n\t\t\t\t\t<\/div>\n\t\t\t\t<\/div>\n\t\t\t\t<\/div>","protected":false},"excerpt":{"rendered":"<p>Private Label Ihre Marke \u2013 Ihr Private Label \u2013 Ihre eigene Kaffeelinie Mit unserer 23 j\u00e4hrigen R\u00f6sterei Erfahrung entwickeln wir mit Ihnen gemeinsam Ihre eigene Kaffeemarke. Bei uns in der R\u00f6sterei kreieren wir Ihren Blend und legen das R\u00f6st und gew\u00fcnschte Geschmacksprofil fest . Nach umfangreichen Tasting gehen wir mit Ihnen in die operative Umsetzung,\u00a0Marketing [&hellip;]<\/p>\n","protected":false},"author":6,"featured_media":0,"parent":0,"menu_order":0,"comment_status":"closed","ping_status":"closed","template":"","meta":{"inline_featured_image":false,"footnotes":""},"class_list":["post-1691","page","type-page","status-publish","hentry"],"yoast_head":"<!-- This site is optimized with the Yoast SEO plugin v27.5 - https:\/\/yoast.com\/product\/yoast-seo-wordpress\/ -->\n<title>Private Label Kaffee \u2668 Exklusiver R\u00f6stkaffee unter Ihrer Marke<\/title>\n<meta name=\"description\" content=\"Private Label Kaffee: Kaffeebohnen verpackt in Ihrem Design \u2705 Ab 50 St\u00fcck \u2705 Kaffee mit eigenem Branding \u2705 250 oder 500 g \u25ba Jetzt gestalten\" \/>\n<meta name=\"robots\" content=\"index, follow, max-snippet:-1, max-image-preview:large, max-video-preview:-1\" \/>\n<link rel=\"canonical\" href=\"https:\/\/www.cultcaffe.at\/zh\/\u81ea\u6709\u54c1\u724c\u5496\u5561\/\" \/>\n<meta property=\"og:locale\" content=\"zh_CN\" \/>\n<meta property=\"og:type\" content=\"article\" \/>\n<meta property=\"og:title\" content=\"Private Label Kaffee \u2668 Exklusiver R\u00f6stkaffee unter Ihrer Marke\" \/>\n<meta property=\"og:description\" content=\"Private Label Kaffee: Kaffeebohnen verpackt in Ihrem Design \u2705 Ab 50 St\u00fcck \u2705 Kaffee mit eigenem Branding \u2705 250 oder 500 g \u25ba Jetzt gestalten\" \/>\n<meta property=\"og:url\" content=\"https:\/\/www.cultcaffe.at\/zh\/\u81ea\u6709\u54c1\u724c\u5496\u5561\/\" \/>\n<meta property=\"og:site_name\" content=\"CultCaff\u00e9 - die Bio Kaffee R\u00f6sterei\" \/>\n<meta property=\"article:publisher\" content=\"https:\/\/www.facebook.com\/p\/Cult-Caff%c3%a8-die-R%c3%b6sterei-100039719724703\/?locale=de_DE\" \/>\n<meta property=\"article:modified_time\" content=\"2025-11-07T08:00:12+00:00\" \/>\n<meta property=\"og:image\" content=\"https:\/\/www.cultcaffe.at\/wp-content\/uploads\/2025\/11\/CultCaffe_nimozimmerhackl_white-label.jpg\" \/>\n\t<meta property=\"og:image:width\" content=\"2500\" \/>\n\t<meta property=\"og:image:height\" content=\"1667\" \/>\n\t<meta property=\"og:image:type\" content=\"image\/jpeg\" \/>\n<meta name=\"twitter:card\" content=\"summary_large_image\" \/>\n<meta name=\"twitter:label1\" content=\"\u9884\u8ba1\u9605\u8bfb\u65f6\u95f4\" \/>\n\t<meta name=\"twitter:data1\" content=\"2 \u5206\" \/>\n<script type=\"application\/ld+json\" class=\"yoast-schema-graph\">{\"@context\":\"https:\\\/\\\/schema.org\",\"@graph\":[{\"@type\":\"WebPage\",\"@id\":\"https:\\\/\\\/www.cultcaffe.at\\\/private-label-kaffee\\\/\",\"url\":\"https:\\\/\\\/www.cultcaffe.at\\\/private-label-kaffee\\\/\",\"name\":\"Private Label Kaffee \u2668 Exklusiver R\u00f6stkaffee unter Ihrer Marke\",\"isPartOf\":{\"@id\":\"https:\\\/\\\/www.cultcaffe.at\\\/#website\"},\"primaryImageOfPage\":{\"@id\":\"https:\\\/\\\/www.cultcaffe.at\\\/private-label-kaffee\\\/#primaryimage\"},\"image\":{\"@id\":\"https:\\\/\\\/www.cultcaffe.at\\\/private-label-kaffee\\\/#primaryimage\"},\"thumbnailUrl\":\"https:\\\/\\\/www.cultcaffe.at\\\/wp-content\\\/uploads\\\/2025\\\/11\\\/CultCaffe_nimozimmerhackl_white-label-1024x683.jpg\",\"datePublished\":\"2023-05-23T11:14:22+00:00\",\"dateModified\":\"2025-11-07T08:00:12+00:00\",\"description\":\"Private Label Kaffee: Kaffeebohnen verpackt in Ihrem Design \u2705 Ab 50 St\u00fcck \u2705 Kaffee mit eigenem Branding \u2705 250 oder 500 g \u25ba Jetzt gestalten\",\"breadcrumb\":{\"@id\":\"https:\\\/\\\/www.cultcaffe.at\\\/private-label-kaffee\\\/#breadcrumb\"},\"inLanguage\":\"zh-Hans\",\"potentialAction\":[{\"@type\":\"ReadAction\",\"target\":[\"https:\\\/\\\/www.cultcaffe.at\\\/private-label-kaffee\\\/\"]}]},{\"@type\":\"ImageObject\",\"inLanguage\":\"zh-Hans\",\"@id\":\"https:\\\/\\\/www.cultcaffe.at\\\/private-label-kaffee\\\/#primaryimage\",\"url\":\"https:\\\/\\\/www.cultcaffe.at\\\/wp-content\\\/uploads\\\/2025\\\/11\\\/CultCaffe_nimozimmerhackl_white-label-1024x683.jpg\",\"contentUrl\":\"https:\\\/\\\/www.cultcaffe.at\\\/wp-content\\\/uploads\\\/2025\\\/11\\\/CultCaffe_nimozimmerhackl_white-label-1024x683.jpg\"},{\"@type\":\"BreadcrumbList\",\"@id\":\"https:\\\/\\\/www.cultcaffe.at\\\/private-label-kaffee\\\/#breadcrumb\",\"itemListElement\":[{\"@type\":\"ListItem\",\"position\":1,\"name\":\"Startseite\",\"item\":\"https:\\\/\\\/www.cultcaffe.at\\\/\"},{\"@type\":\"ListItem\",\"position\":2,\"name\":\"Private Label\"}]},{\"@type\":\"WebSite\",\"@id\":\"https:\\\/\\\/www.cultcaffe.at\\\/#website\",\"url\":\"https:\\\/\\\/www.cultcaffe.at\\\/\",\"name\":\"CultCaff\u00e9 - die Bio Kaffee R\u00f6sterei\",\"description\":\"Liebe zum Kaffee\",\"publisher\":{\"@id\":\"https:\\\/\\\/www.cultcaffe.at\\\/#organization\"},\"potentialAction\":[{\"@type\":\"SearchAction\",\"target\":{\"@type\":\"EntryPoint\",\"urlTemplate\":\"https:\\\/\\\/www.cultcaffe.at\\\/?s={search_term_string}\"},\"query-input\":{\"@type\":\"PropertyValueSpecification\",\"valueRequired\":true,\"valueName\":\"search_term_string\"}}],\"inLanguage\":\"zh-Hans\"},{\"@type\":[\"Organization\",\"Place\"],\"@id\":\"https:\\\/\\\/www.cultcaffe.at\\\/#organization\",\"name\":\"CultCaff\u00e9 Kaffeer\u00f6sterei GmbH\",\"alternateName\":\"CultCaff\u00e9\",\"url\":\"https:\\\/\\\/www.cultcaffe.at\\\/\",\"logo\":{\"@id\":\"https:\\\/\\\/www.cultcaffe.at\\\/private-label-kaffee\\\/#local-main-organization-logo\"},\"image\":{\"@id\":\"https:\\\/\\\/www.cultcaffe.at\\\/private-label-kaffee\\\/#local-main-organization-logo\"},\"sameAs\":[\"https:\\\/\\\/www.facebook.com\\\/p\\\/Cult-Caff\u00e8-die-R\u00f6sterei-100039719724703\\\/?locale=de_DE\",\"https:\\\/\\\/www.instagram.com\\\/cultcaffe.at\\\/\"],\"hasMerchantReturnPolicy\":{\"@type\":\"MerchantReturnPolicy\",\"merchantReturnLink\":\"https:\\\/\\\/www.cultcaffe.at\\\/zh\\\/agbs\\\/\"},\"telephone\":[],\"openingHoursSpecification\":[{\"@type\":\"OpeningHoursSpecification\",\"dayOfWeek\":[\"Monday\",\"Tuesday\",\"Wednesday\",\"Thursday\",\"Friday\",\"Saturday\",\"Sunday\"],\"opens\":\"09:00\",\"closes\":\"17:00\"}]},{\"@type\":\"ImageObject\",\"inLanguage\":\"zh-Hans\",\"@id\":\"https:\\\/\\\/www.cultcaffe.at\\\/private-label-kaffee\\\/#local-main-organization-logo\",\"url\":\"https:\\\/\\\/www.cultcaffe.at\\\/wp-content\\\/uploads\\\/2023\\\/11\\\/cultcaffe_logo_regular_dark-1.svg\",\"contentUrl\":\"https:\\\/\\\/www.cultcaffe.at\\\/wp-content\\\/uploads\\\/2023\\\/11\\\/cultcaffe_logo_regular_dark-1.svg\",\"width\":756,\"height\":474,\"caption\":\"CultCaff\u00e9 Kaffeer\u00f6sterei GmbH\"}]}<\/script>\n<!-- \/ Yoast SEO plugin. -->","yoast_head_json":{"title":"\u81ea\u6709\u54c1\u724c\u5496\u5561 \u2668 \u4e13\u5c5e\u70d8\u7119\u5496\u5561\uff0c\u4ee5\u60a8\u7684\u54c1\u724c\u547d\u540d","description":"\u81ea\u6709\u54c1\u724c\u5496\u5561\uff1a\u5496\u5561\u8c46\u6309\u60a8\u7684\u8bbe\u8ba1\u5305\u88c5 \u2705 50 \u5305\u8d77\u8ba2 \u2705 \u5370\u6709\u60a8\u4e13\u5c5e\u54c1\u724c\u7684\u5496\u5561 \u2705 250 \u514b\u6216 500 \u514b \u25ba \u7acb\u5373\u8bbe\u8ba1","robots":{"index":"index","follow":"follow","max-snippet":"max-snippet:-1","max-image-preview":"max-image-preview:large","max-video-preview":"max-video-preview:-1"},"canonical":"https:\/\/www.cultcaffe.at\/zh\/\u81ea\u6709\u54c1\u724c\u5496\u5561\/","og_locale":"zh_CN","og_type":"article","og_title":"Private Label Kaffee \u2668 Exklusiver R\u00f6stkaffee unter Ihrer Marke","og_description":"Private Label Kaffee: Kaffeebohnen verpackt in Ihrem Design \u2705 Ab 50 St\u00fcck \u2705 Kaffee mit eigenem Branding \u2705 250 oder 500 g \u25ba Jetzt gestalten","og_url":"https:\/\/www.cultcaffe.at\/zh\/\u81ea\u6709\u54c1\u724c\u5496\u5561\/","og_site_name":"CultCaff\u00e9 - die Bio Kaffee R\u00f6sterei","article_publisher":"https:\/\/www.facebook.com\/p\/Cult-Caff%c3%a8-die-R%c3%b6sterei-100039719724703\/?locale=de_DE","article_modified_time":"2025-11-07T08:00:12+00:00","og_image":[{"width":2500,"height":1667,"url":"https:\/\/www.cultcaffe.at\/wp-content\/uploads\/2025\/11\/CultCaffe_nimozimmerhackl_white-label.jpg","type":"image\/jpeg"}],"twitter_card":"summary_large_image","twitter_misc":{"\u9884\u8ba1\u9605\u8bfb\u65f6\u95f4":"2 \u5206"},"schema":{"@context":"https:\/\/schema.org","@graph":[{"@type":"WebPage","@id":"https:\/\/www.cultcaffe.at\/private-label-kaffee\/","url":"https:\/\/www.cultcaffe.at\/private-label-kaffee\/","name":"\u81ea\u6709\u54c1\u724c\u5496\u5561 \u2668 \u4e13\u5c5e\u70d8\u7119\u5496\u5561\uff0c\u4ee5\u60a8\u7684\u54c1\u724c\u547d\u540d","isPartOf":{"@id":"https:\/\/www.cultcaffe.at\/#website"},"primaryImageOfPage":{"@id":"https:\/\/www.cultcaffe.at\/private-label-kaffee\/#primaryimage"},"image":{"@id":"https:\/\/www.cultcaffe.at\/private-label-kaffee\/#primaryimage"},"thumbnailUrl":"https:\/\/www.cultcaffe.at\/wp-content\/uploads\/2025\/11\/CultCaffe_nimozimmerhackl_white-label-1024x683.jpg","datePublished":"2023-05-23T11:14:22+00:00","dateModified":"2025-11-07T08:00:12+00:00","description":"\u81ea\u6709\u54c1\u724c\u5496\u5561\uff1a\u5496\u5561\u8c46\u6309\u60a8\u7684\u8bbe\u8ba1\u5305\u88c5 \u2705 50 \u5305\u8d77\u8ba2 \u2705 \u5370\u6709\u60a8\u4e13\u5c5e\u54c1\u724c\u7684\u5496\u5561 \u2705 250 \u514b\u6216 500 \u514b \u25ba \u7acb\u5373\u8bbe\u8ba1","breadcrumb":{"@id":"https:\/\/www.cultcaffe.at\/private-label-kaffee\/#breadcrumb"},"inLanguage":"zh-Hans","potentialAction":[{"@type":"ReadAction","target":["https:\/\/www.cultcaffe.at\/private-label-kaffee\/"]}]},{"@type":"ImageObject","inLanguage":"zh-Hans","@id":"https:\/\/www.cultcaffe.at\/private-label-kaffee\/#primaryimage","url":"https:\/\/www.cultcaffe.at\/wp-content\/uploads\/2025\/11\/CultCaffe_nimozimmerhackl_white-label-1024x683.jpg","contentUrl":"https:\/\/www.cultcaffe.at\/wp-content\/uploads\/2025\/11\/CultCaffe_nimozimmerhackl_white-label-1024x683.jpg"},{"@type":"BreadcrumbList","@id":"https:\/\/www.cultcaffe.at\/private-label-kaffee\/#breadcrumb","itemListElement":[{"@type":"ListItem","position":1,"name":"Startseite","item":"https:\/\/www.cultcaffe.at\/"},{"@type":"ListItem","position":2,"name":"Private Label"}]},{"@type":"WebSite","@id":"https:\/\/www.cultcaffe.at\/#website","url":"https:\/\/www.cultcaffe.at\/","name":"CultCaff\u00e9\u2014\u2014\u6709\u673a\u5496\u5561\u70d8\u7119\u574a","description":"\u5bf9\u5496\u5561\u7684\u70ed\u7231","publisher":{"@id":"https:\/\/www.cultcaffe.at\/#organization"},"potentialAction":[{"@type":"SearchAction","target":{"@type":"EntryPoint","urlTemplate":"https:\/\/www.cultcaffe.at\/?s={search_term_string}"},"query-input":{"@type":"PropertyValueSpecification","valueRequired":true,"valueName":"search_term_string"}}],"inLanguage":"zh-Hans"},{"@type":["Organization","Place"],"@id":"https:\/\/www.cultcaffe.at\/#organization","name":"CultCaff\u00e9 \u5496\u5561\u70d8\u7119\u6709\u9650\u516c\u53f8","alternateName":"CultCaff\u00e9","url":"https:\/\/www.cultcaffe.at\/","logo":{"@id":"https:\/\/www.cultcaffe.at\/private-label-kaffee\/#local-main-organization-logo"},"image":{"@id":"https:\/\/www.cultcaffe.at\/private-label-kaffee\/#local-main-organization-logo"},"sameAs":["https:\/\/www.facebook.com\/p\/Cult-Caff\u00e8-die-R\u00f6sterei-100039719724703\/?locale=de_DE","https:\/\/www.instagram.com\/cultcaffe.at\/"],"hasMerchantReturnPolicy":{"@type":"MerchantReturnPolicy","merchantReturnLink":"https:\/\/www.cultcaffe.at\/zh\/agbs\/"},"telephone":[],"openingHoursSpecification":[{"@type":"OpeningHoursSpecification","dayOfWeek":["Monday","Tuesday","Wednesday","Thursday","Friday","Saturday","Sunday"],"opens":"09:00","closes":"17:00"}]},{"@type":"ImageObject","inLanguage":"zh-Hans","@id":"https:\/\/www.cultcaffe.at\/private-label-kaffee\/#local-main-organization-logo","url":"https:\/\/www.cultcaffe.at\/wp-content\/uploads\/2023\/11\/cultcaffe_logo_regular_dark-1.svg","contentUrl":"https:\/\/www.cultcaffe.at\/wp-content\/uploads\/2023\/11\/cultcaffe_logo_regular_dark-1.svg","width":756,"height":474,"caption":"CultCaff\u00e9 Kaffeer\u00f6sterei GmbH"}]}},"_links":{"self":[{"href":"https:\/\/www.cultcaffe.at\/zh\/wp-json\/wp\/v2\/pages\/1691","targetHints":{"allow":["GET"]}}],"collection":[{"href":"https:\/\/www.cultcaffe.at\/zh\/wp-json\/wp\/v2\/pages"}],"about":[{"href":"https:\/\/www.cultcaffe.at\/zh\/wp-json\/wp\/v2\/types\/page"}],"author":[{"embeddable":true,"href":"https:\/\/www.cultcaffe.at\/zh\/wp-json\/wp\/v2\/users\/6"}],"replies":[{"embeddable":true,"href":"https:\/\/www.cultcaffe.at\/zh\/wp-json\/wp\/v2\/comments?post=1691"}],"version-history":[{"count":126,"href":"https:\/\/www.cultcaffe.at\/zh\/wp-json\/wp\/v2\/pages\/1691\/revisions"}],"predecessor-version":[{"id":18973,"href":"https:\/\/www.cultcaffe.at\/zh\/wp-json\/wp\/v2\/pages\/1691\/revisions\/18973"}],"wp:attachment":[{"href":"https:\/\/www.cultcaffe.at\/zh\/wp-json\/wp\/v2\/media?parent=1691"}],"curies":[{"name":"wp","href":"https:\/\/api.w.org\/{rel}","templated":true}]}}