{"id":1259,"date":"2023-02-08T14:16:30","date_gmt":"2023-02-08T13:16:30","guid":{"rendered":"https:\/\/www.cultcaffe.at\/?page_id=1259"},"modified":"2025-03-25T20:14:27","modified_gmt":"2025-03-25T19:14:27","slug":"cultcaffe-%e7%9a%84%e4%b8%93%e4%b8%9a%e7%b3%bb%e5%88%97","status":"publish","type":"page","link":"https:\/\/www.cultcaffe.at\/zh\/pro-line-by-cultcaffe\/","title":{"rendered":"CultCaff\u00e8 \u7684 PRO-LINE"},"content":{"rendered":"<div data-elementor-type=\"wp-page\" data-elementor-id=\"1259\" class=\"elementor elementor-1259\" data-elementor-post-type=\"page\">\n\t\t\t\t<div class=\"elementor-element elementor-element-4cb0e92 e-flex e-con-boxed e-con e-parent\" data-id=\"4cb0e92\" data-element_type=\"container\" data-e-type=\"container\">\n\t\t\t\t\t<div class=\"e-con-inner\">\n\t\t\t\t<div class=\"elementor-element elementor-element-b3f420e elementor-widget elementor-widget-heading\" data-id=\"b3f420e\" data-element_type=\"widget\" data-e-type=\"widget\" data-widget_type=\"heading.default\">\n\t\t\t\t<div class=\"elementor-widget-container\">\n\t\t\t\t\t<h1 class=\"elementor-heading-title elementor-size-default\">CultCaff\u00e8 \u7684 Pro-Line \u5496\u5561\u624b\u67c4\u5496\u5561\u673a<\/h1>\t\t\t\t<\/div>\n\t\t\t\t<\/div>\n\t\t\t\t\t<\/div>\n\t\t\t\t<\/div>\n\t\t<div class=\"elementor-element elementor-element-359013e e-flex e-con-boxed e-con e-parent\" data-id=\"359013e\" data-element_type=\"container\" data-e-type=\"container\">\n\t\t\t\t\t<div class=\"e-con-inner\">\n\t\t<div class=\"elementor-element elementor-element-11e49f6 e-con-full e-flex e-con e-child\" data-id=\"11e49f6\" data-element_type=\"container\" data-e-type=\"container\">\n\t\t\t\t<div class=\"elementor-element elementor-element-1096f15 elementor-widget elementor-widget-image\" data-id=\"1096f15\" data-element_type=\"widget\" data-e-type=\"widget\" data-widget_type=\"image.default\">\n\t\t\t\t<div class=\"elementor-widget-container\">\n\t\t\t\t\t\t\t\t\t\t\t\t\t\t\t<img fetchpriority=\"high\" decoding=\"async\" width=\"369\" height=\"238\" src=\"https:\/\/www.cultcaffe.at\/wp-content\/uploads\/2023\/02\/pro_line.png\" class=\"attachment-large size-large wp-image-1239\" alt=\"CultCaff\u00e8 \u5546\u7528\u5496\u5561\u673a\" srcset=\"https:\/\/www.cultcaffe.at\/wp-content\/uploads\/2023\/02\/pro_line.png 369w, https:\/\/www.cultcaffe.at\/wp-content\/uploads\/2023\/02\/pro_line-300x193.png 300w\" sizes=\"(max-width: 369px) 100vw, 369px\" \/>\t\t\t\t\t\t\t\t\t\t\t\t\t\t\t<\/div>\n\t\t\t\t<\/div>\n\t\t\t\t<div class=\"elementor-element elementor-element-717d827 elementor-widget elementor-widget-image\" data-id=\"717d827\" data-element_type=\"widget\" data-e-type=\"widget\" data-widget_type=\"image.default\">\n\t\t\t\t<div class=\"elementor-widget-container\">\n\t\t\t\t\t\t\t\t\t\t\t\t\t\t\t<img decoding=\"async\" width=\"342\" height=\"238\" src=\"https:\/\/www.cultcaffe.at\/wp-content\/uploads\/2023\/02\/pro-2.png\" class=\"attachment-large size-large wp-image-1260\" alt=\"\" srcset=\"https:\/\/www.cultcaffe.at\/wp-content\/uploads\/2023\/02\/pro-2.png 342w, https:\/\/www.cultcaffe.at\/wp-content\/uploads\/2023\/02\/pro-2-300x209.png 300w\" sizes=\"(max-width: 342px) 100vw, 342px\" \/>\t\t\t\t\t\t\t\t\t\t\t\t\t\t\t<\/div>\n\t\t\t\t<\/div>\n\t\t\t\t<\/div>\n\t\t<div class=\"elementor-element elementor-element-d9fb35f e-con-full e-flex e-con e-child\" data-id=\"d9fb35f\" data-element_type=\"container\" data-e-type=\"container\">\n\t\t<div class=\"elementor-element elementor-element-cdd9025 e-con-full e-flex e-con e-child\" data-id=\"cdd9025\" data-element_type=\"container\" data-e-type=\"container\">\n\t\t\t\t<div class=\"elementor-element elementor-element-64a1d71 elementor-widget elementor-widget-text-editor\" data-id=\"64a1d71\" data-element_type=\"widget\" data-e-type=\"widget\" data-widget_type=\"text-editor.default\">\n\t\t\t\t<div class=\"elementor-widget-container\">\n\t\t\t\t\t\t\t\t\t<p><strong>\u9002\u5408\u4e13\u4e1a\u4eba\u58eb\u7684\u591a\u529f\u80fd\u673a\u5668<\/strong><br \/>M26 \u662f\u4e00\u6b3e\u591a\u529f\u80fd\u673a\u5668\uff1b\u5b83\u7531\u94a2\u548c ABS \u5236\u6210\uff0c\u5e76\u914d\u5907 LaCimbali \u52a0\u70ed\u7cfb\u7edf\uff0c\u53ef\u786e\u4fdd\u676f\u4e2d\u8fbe\u5230\u51fa\u8272\u7684\u6548\u679c\u3002<\/p>\t\t\t\t\t\t\t\t<\/div>\n\t\t\t\t<\/div>\n\t\t\t\t<div class=\"elementor-element elementor-element-e123859 elementor-widget elementor-widget-text-editor\" data-id=\"e123859\" data-element_type=\"widget\" data-e-type=\"widget\" data-widget_type=\"text-editor.default\">\n\t\t\t\t<div class=\"elementor-widget-container\">\n\t\t\t\t\t\t\t\t\t<p><strong>\u4eba\u4f53\u5de5\u7a0b\u5b66\u548c\u8bbe\u8ba1<\/strong><br \/>\u7cbe\u81f4\u4e14\u7b26\u5408\u4eba\u4f53\u5de5\u7a0b\u5b66\u7684\u8bbe\u8ba1\uff0c\u4e3a\u5496\u5561\u5e08\u670d\u52a1\u3002<br \/>M26 \u6700\u5b8c\u6574\u7684\u7248\u672c\uff08SE\uff09\u914d\u5907\u4e86\u673a\u7535\u6309\u94ae\u9762\u677f\u3001\u66f4\u957f\u4e14\u7b26\u5408\u4eba\u4f53\u5de5\u7a0b\u5b66\u7684\u84b8\u6c7d\u55b7\u67aa\u3001\u670d\u52a1\u663e\u793a\u5c4f\u548c\u7167\u660e\u5de5\u4f5c\u9762\u3002<\/p>\t\t\t\t\t\t\t\t<\/div>\n\t\t\t\t<\/div>\n\t\t\t\t<div class=\"elementor-element elementor-element-732c2d8 elementor-widget elementor-widget-text-editor\" data-id=\"732c2d8\" data-element_type=\"widget\" data-e-type=\"widget\" data-widget_type=\"text-editor.default\">\n\t\t\t\t<div class=\"elementor-widget-container\">\n\t\t\t\t\t\t\t\t\t<p>\u7ef4\u5ea6 2 \u7ec4\uff1a<br \/>800 * 530 * 550<br \/>\u9505\u7089\u5bb9\u91cf\uff1a10.5\u5347<br \/>\u9644\u52a0\u8bbe\u5907\uff1a\u81ea\u52a8\u84b8\u6c7d<br \/>CULTCAFFE \u4ef7\u683c\uff1a12,800 \u6b27\u5143<br \/>\u6211\u4eec\u5f88\u4e50\u610f\u4e3a\u60a8\u5236\u5b9a\u6700\u4f73\u7684\u878d\u8d44\u89e3\u51b3\u65b9\u6848\u3002<\/p>\t\t\t\t\t\t\t\t<\/div>\n\t\t\t\t<\/div>\n\t\t\t\t<\/div>\n\t\t\t\t<\/div>\n\t\t\t\t\t<\/div>\n\t\t\t\t<\/div>\n\t\t\t\t<\/div>","protected":false},"excerpt":{"rendered":"<p>Pro-Line Siebtr\u00e4germaschine by CultCaff\u00e8 Eine vielseitige Maschine f\u00fcr ProfisDie M26 ist eine vielseitige Maschine; sie wird aus Stahl und ABS hergestellt und mit einem LaCimbali Heizsystem ausgestattet, das ein hervorragendes Ergebnis in der Tasse gew\u00e4hrleistet. Ergonomie und DesignEin erlesenes und ergonomisches Design im Dienste des Baristas.Die M26 ist in ihrer vollst\u00e4ndigsten Ausf\u00fchrung (SE) mit einem [&hellip;]<\/p>\n","protected":false},"author":6,"featured_media":0,"parent":0,"menu_order":0,"comment_status":"closed","ping_status":"closed","template":"","meta":{"inline_featured_image":false,"footnotes":""},"class_list":["post-1259","page","type-page","status-publish","hentry"],"yoast_head":"<!-- This site is optimized with the Yoast SEO plugin v27.5 - https:\/\/yoast.com\/product\/yoast-seo-wordpress\/ -->\n<title>PRO-LINE by CultCaff\u00e8 - CultCaff\u00e9 - die Bio Kaffee R\u00f6sterei<\/title>\n<meta name=\"robots\" content=\"index, follow, max-snippet:-1, max-image-preview:large, max-video-preview:-1\" \/>\n<link rel=\"canonical\" href=\"https:\/\/www.cultcaffe.at\/zh\/cultcaffe-\u7684\u4e13\u4e1a\u7cfb\u5217\/\" \/>\n<meta property=\"og:locale\" content=\"zh_CN\" \/>\n<meta property=\"og:type\" content=\"article\" \/>\n<meta property=\"og:title\" content=\"PRO-LINE by CultCaff\u00e8 - CultCaff\u00e9 - die Bio Kaffee R\u00f6sterei\" \/>\n<meta property=\"og:description\" content=\"Pro-Line Siebtr\u00e4germaschine by CultCaff\u00e8 Eine vielseitige Maschine f\u00fcr ProfisDie M26 ist eine vielseitige Maschine; sie wird aus Stahl und ABS hergestellt und mit einem LaCimbali Heizsystem ausgestattet, das ein hervorragendes Ergebnis in der Tasse gew\u00e4hrleistet. Ergonomie und DesignEin erlesenes und ergonomisches Design im Dienste des Baristas.Die M26 ist in ihrer vollst\u00e4ndigsten Ausf\u00fchrung (SE) mit einem [&hellip;]\" \/>\n<meta property=\"og:url\" content=\"https:\/\/www.cultcaffe.at\/zh\/cultcaffe-\u7684\u4e13\u4e1a\u7cfb\u5217\/\" \/>\n<meta property=\"og:site_name\" content=\"CultCaff\u00e9 - die Bio Kaffee R\u00f6sterei\" \/>\n<meta property=\"article:publisher\" content=\"https:\/\/www.facebook.com\/p\/Cult-Caff%c3%a8-die-R%c3%b6sterei-100039719724703\/?locale=de_DE\" \/>\n<meta property=\"article:modified_time\" content=\"2025-03-25T19:14:27+00:00\" \/>\n<meta property=\"og:image\" content=\"https:\/\/www.cultcaffe.at\/wp-content\/uploads\/2023\/02\/pro_line.png\" \/>\n\t<meta property=\"og:image:width\" content=\"369\" \/>\n\t<meta property=\"og:image:height\" content=\"238\" \/>\n\t<meta property=\"og:image:type\" content=\"image\/png\" \/>\n<meta name=\"twitter:card\" content=\"summary_large_image\" \/>\n<meta name=\"twitter:label1\" content=\"\u9884\u8ba1\u9605\u8bfb\u65f6\u95f4\" \/>\n\t<meta name=\"twitter:data1\" content=\"1 \u5206\" \/>\n<script type=\"application\/ld+json\" class=\"yoast-schema-graph\">{\"@context\":\"https:\\\/\\\/schema.org\",\"@graph\":[{\"@type\":\"WebPage\",\"@id\":\"https:\\\/\\\/www.cultcaffe.at\\\/pro-line-by-cultcaffe\\\/\",\"url\":\"https:\\\/\\\/www.cultcaffe.at\\\/pro-line-by-cultcaffe\\\/\",\"name\":\"PRO-LINE by CultCaff\u00e8 - CultCaff\u00e9 - die Bio Kaffee R\u00f6sterei\",\"isPartOf\":{\"@id\":\"https:\\\/\\\/www.cultcaffe.at\\\/#website\"},\"primaryImageOfPage\":{\"@id\":\"https:\\\/\\\/www.cultcaffe.at\\\/pro-line-by-cultcaffe\\\/#primaryimage\"},\"image\":{\"@id\":\"https:\\\/\\\/www.cultcaffe.at\\\/pro-line-by-cultcaffe\\\/#primaryimage\"},\"thumbnailUrl\":\"https:\\\/\\\/www.cultcaffe.at\\\/wp-content\\\/uploads\\\/2023\\\/02\\\/pro_line.png\",\"datePublished\":\"2023-02-08T13:16:30+00:00\",\"dateModified\":\"2025-03-25T19:14:27+00:00\",\"breadcrumb\":{\"@id\":\"https:\\\/\\\/www.cultcaffe.at\\\/pro-line-by-cultcaffe\\\/#breadcrumb\"},\"inLanguage\":\"zh-Hans\",\"potentialAction\":[{\"@type\":\"ReadAction\",\"target\":[\"https:\\\/\\\/www.cultcaffe.at\\\/pro-line-by-cultcaffe\\\/\"]}]},{\"@type\":\"ImageObject\",\"inLanguage\":\"zh-Hans\",\"@id\":\"https:\\\/\\\/www.cultcaffe.at\\\/pro-line-by-cultcaffe\\\/#primaryimage\",\"url\":\"https:\\\/\\\/www.cultcaffe.at\\\/wp-content\\\/uploads\\\/2023\\\/02\\\/pro_line.png\",\"contentUrl\":\"https:\\\/\\\/www.cultcaffe.at\\\/wp-content\\\/uploads\\\/2023\\\/02\\\/pro_line.png\"},{\"@type\":\"BreadcrumbList\",\"@id\":\"https:\\\/\\\/www.cultcaffe.at\\\/pro-line-by-cultcaffe\\\/#breadcrumb\",\"itemListElement\":[{\"@type\":\"ListItem\",\"position\":1,\"name\":\"Startseite\",\"item\":\"https:\\\/\\\/www.cultcaffe.at\\\/\"},{\"@type\":\"ListItem\",\"position\":2,\"name\":\"PRO-LINE by CultCaff\u00e8\"}]},{\"@type\":\"WebSite\",\"@id\":\"https:\\\/\\\/www.cultcaffe.at\\\/#website\",\"url\":\"https:\\\/\\\/www.cultcaffe.at\\\/\",\"name\":\"CultCaff\u00e9 - die Bio Kaffee R\u00f6sterei\",\"description\":\"Liebe zum Kaffee\",\"publisher\":{\"@id\":\"https:\\\/\\\/www.cultcaffe.at\\\/#organization\"},\"potentialAction\":[{\"@type\":\"SearchAction\",\"target\":{\"@type\":\"EntryPoint\",\"urlTemplate\":\"https:\\\/\\\/www.cultcaffe.at\\\/?s={search_term_string}\"},\"query-input\":{\"@type\":\"PropertyValueSpecification\",\"valueRequired\":true,\"valueName\":\"search_term_string\"}}],\"inLanguage\":\"zh-Hans\"},{\"@type\":[\"Organization\",\"Place\"],\"@id\":\"https:\\\/\\\/www.cultcaffe.at\\\/#organization\",\"name\":\"CultCaff\u00e9 Kaffeer\u00f6sterei GmbH\",\"alternateName\":\"CultCaff\u00e9\",\"url\":\"https:\\\/\\\/www.cultcaffe.at\\\/\",\"logo\":{\"@id\":\"https:\\\/\\\/www.cultcaffe.at\\\/pro-line-by-cultcaffe\\\/#local-main-organization-logo\"},\"image\":{\"@id\":\"https:\\\/\\\/www.cultcaffe.at\\\/pro-line-by-cultcaffe\\\/#local-main-organization-logo\"},\"sameAs\":[\"https:\\\/\\\/www.facebook.com\\\/p\\\/Cult-Caff\u00e8-die-R\u00f6sterei-100039719724703\\\/?locale=de_DE\",\"https:\\\/\\\/www.instagram.com\\\/cultcaffe.at\\\/\"],\"hasMerchantReturnPolicy\":{\"@type\":\"MerchantReturnPolicy\",\"merchantReturnLink\":\"https:\\\/\\\/www.cultcaffe.at\\\/zh\\\/agbs\\\/\"},\"telephone\":[],\"openingHoursSpecification\":[{\"@type\":\"OpeningHoursSpecification\",\"dayOfWeek\":[\"Monday\",\"Tuesday\",\"Wednesday\",\"Thursday\",\"Friday\",\"Saturday\",\"Sunday\"],\"opens\":\"09:00\",\"closes\":\"17:00\"}]},{\"@type\":\"ImageObject\",\"inLanguage\":\"zh-Hans\",\"@id\":\"https:\\\/\\\/www.cultcaffe.at\\\/pro-line-by-cultcaffe\\\/#local-main-organization-logo\",\"url\":\"https:\\\/\\\/www.cultcaffe.at\\\/wp-content\\\/uploads\\\/2023\\\/11\\\/cultcaffe_logo_regular_dark-1.svg\",\"contentUrl\":\"https:\\\/\\\/www.cultcaffe.at\\\/wp-content\\\/uploads\\\/2023\\\/11\\\/cultcaffe_logo_regular_dark-1.svg\",\"width\":756,\"height\":474,\"caption\":\"CultCaff\u00e9 Kaffeer\u00f6sterei GmbH\"}]}<\/script>\n<!-- \/ Yoast SEO plugin. -->","yoast_head_json":{"title":"PRO-LINE by CultCaff\u00e8 - CultCaff\u00e9 - \u6709\u673a\u5496\u5561\u70d8\u7119\u5382","robots":{"index":"index","follow":"follow","max-snippet":"max-snippet:-1","max-image-preview":"max-image-preview:large","max-video-preview":"max-video-preview:-1"},"canonical":"https:\/\/www.cultcaffe.at\/zh\/cultcaffe-\u7684\u4e13\u4e1a\u7cfb\u5217\/","og_locale":"zh_CN","og_type":"article","og_title":"PRO-LINE by CultCaff\u00e8 - CultCaff\u00e9 - die Bio Kaffee R\u00f6sterei","og_description":"Pro-Line Siebtr\u00e4germaschine by CultCaff\u00e8 Eine vielseitige Maschine f\u00fcr ProfisDie M26 ist eine vielseitige Maschine; sie wird aus Stahl und ABS hergestellt und mit einem LaCimbali Heizsystem ausgestattet, das ein hervorragendes Ergebnis in der Tasse gew\u00e4hrleistet. Ergonomie und DesignEin erlesenes und ergonomisches Design im Dienste des Baristas.Die M26 ist in ihrer vollst\u00e4ndigsten Ausf\u00fchrung (SE) mit einem [&hellip;]","og_url":"https:\/\/www.cultcaffe.at\/zh\/cultcaffe-\u7684\u4e13\u4e1a\u7cfb\u5217\/","og_site_name":"CultCaff\u00e9 - die Bio Kaffee R\u00f6sterei","article_publisher":"https:\/\/www.facebook.com\/p\/Cult-Caff%c3%a8-die-R%c3%b6sterei-100039719724703\/?locale=de_DE","article_modified_time":"2025-03-25T19:14:27+00:00","og_image":[{"width":369,"height":238,"url":"https:\/\/www.cultcaffe.at\/wp-content\/uploads\/2023\/02\/pro_line.png","type":"image\/png"}],"twitter_card":"summary_large_image","twitter_misc":{"\u9884\u8ba1\u9605\u8bfb\u65f6\u95f4":"1 \u5206"},"schema":{"@context":"https:\/\/schema.org","@graph":[{"@type":"WebPage","@id":"https:\/\/www.cultcaffe.at\/pro-line-by-cultcaffe\/","url":"https:\/\/www.cultcaffe.at\/pro-line-by-cultcaffe\/","name":"PRO-LINE by CultCaff\u00e8 - CultCaff\u00e9 - \u6709\u673a\u5496\u5561\u70d8\u7119\u5382","isPartOf":{"@id":"https:\/\/www.cultcaffe.at\/#website"},"primaryImageOfPage":{"@id":"https:\/\/www.cultcaffe.at\/pro-line-by-cultcaffe\/#primaryimage"},"image":{"@id":"https:\/\/www.cultcaffe.at\/pro-line-by-cultcaffe\/#primaryimage"},"thumbnailUrl":"https:\/\/www.cultcaffe.at\/wp-content\/uploads\/2023\/02\/pro_line.png","datePublished":"2023-02-08T13:16:30+00:00","dateModified":"2025-03-25T19:14:27+00:00","breadcrumb":{"@id":"https:\/\/www.cultcaffe.at\/pro-line-by-cultcaffe\/#breadcrumb"},"inLanguage":"zh-Hans","potentialAction":[{"@type":"ReadAction","target":["https:\/\/www.cultcaffe.at\/pro-line-by-cultcaffe\/"]}]},{"@type":"ImageObject","inLanguage":"zh-Hans","@id":"https:\/\/www.cultcaffe.at\/pro-line-by-cultcaffe\/#primaryimage","url":"https:\/\/www.cultcaffe.at\/wp-content\/uploads\/2023\/02\/pro_line.png","contentUrl":"https:\/\/www.cultcaffe.at\/wp-content\/uploads\/2023\/02\/pro_line.png"},{"@type":"BreadcrumbList","@id":"https:\/\/www.cultcaffe.at\/pro-line-by-cultcaffe\/#breadcrumb","itemListElement":[{"@type":"ListItem","position":1,"name":"Startseite","item":"https:\/\/www.cultcaffe.at\/"},{"@type":"ListItem","position":2,"name":"PRO-LINE by CultCaff\u00e8"}]},{"@type":"WebSite","@id":"https:\/\/www.cultcaffe.at\/#website","url":"https:\/\/www.cultcaffe.at\/","name":"CultCaff\u00e9\u2014\u2014\u6709\u673a\u5496\u5561\u70d8\u7119\u574a","description":"\u5bf9\u5496\u5561\u7684\u70ed\u7231","publisher":{"@id":"https:\/\/www.cultcaffe.at\/#organization"},"potentialAction":[{"@type":"SearchAction","target":{"@type":"EntryPoint","urlTemplate":"https:\/\/www.cultcaffe.at\/?s={search_term_string}"},"query-input":{"@type":"PropertyValueSpecification","valueRequired":true,"valueName":"search_term_string"}}],"inLanguage":"zh-Hans"},{"@type":["Organization","Place"],"@id":"https:\/\/www.cultcaffe.at\/#organization","name":"CultCaff\u00e9 \u5496\u5561\u70d8\u7119\u6709\u9650\u516c\u53f8","alternateName":"CultCaff\u00e9","url":"https:\/\/www.cultcaffe.at\/","logo":{"@id":"https:\/\/www.cultcaffe.at\/pro-line-by-cultcaffe\/#local-main-organization-logo"},"image":{"@id":"https:\/\/www.cultcaffe.at\/pro-line-by-cultcaffe\/#local-main-organization-logo"},"sameAs":["https:\/\/www.facebook.com\/p\/Cult-Caff\u00e8-die-R\u00f6sterei-100039719724703\/?locale=de_DE","https:\/\/www.instagram.com\/cultcaffe.at\/"],"hasMerchantReturnPolicy":{"@type":"MerchantReturnPolicy","merchantReturnLink":"https:\/\/www.cultcaffe.at\/zh\/agbs\/"},"telephone":[],"openingHoursSpecification":[{"@type":"OpeningHoursSpecification","dayOfWeek":["Monday","Tuesday","Wednesday","Thursday","Friday","Saturday","Sunday"],"opens":"09:00","closes":"17:00"}]},{"@type":"ImageObject","inLanguage":"zh-Hans","@id":"https:\/\/www.cultcaffe.at\/pro-line-by-cultcaffe\/#local-main-organization-logo","url":"https:\/\/www.cultcaffe.at\/wp-content\/uploads\/2023\/11\/cultcaffe_logo_regular_dark-1.svg","contentUrl":"https:\/\/www.cultcaffe.at\/wp-content\/uploads\/2023\/11\/cultcaffe_logo_regular_dark-1.svg","width":756,"height":474,"caption":"CultCaff\u00e9 Kaffeer\u00f6sterei GmbH"}]}},"_links":{"self":[{"href":"https:\/\/www.cultcaffe.at\/zh\/wp-json\/wp\/v2\/pages\/1259","targetHints":{"allow":["GET"]}}],"collection":[{"href":"https:\/\/www.cultcaffe.at\/zh\/wp-json\/wp\/v2\/pages"}],"about":[{"href":"https:\/\/www.cultcaffe.at\/zh\/wp-json\/wp\/v2\/types\/page"}],"author":[{"embeddable":true,"href":"https:\/\/www.cultcaffe.at\/zh\/wp-json\/wp\/v2\/users\/6"}],"replies":[{"embeddable":true,"href":"https:\/\/www.cultcaffe.at\/zh\/wp-json\/wp\/v2\/comments?post=1259"}],"version-history":[{"count":16,"href":"https:\/\/www.cultcaffe.at\/zh\/wp-json\/wp\/v2\/pages\/1259\/revisions"}],"predecessor-version":[{"id":17834,"href":"https:\/\/www.cultcaffe.at\/zh\/wp-json\/wp\/v2\/pages\/1259\/revisions\/17834"}],"wp:attachment":[{"href":"https:\/\/www.cultcaffe.at\/zh\/wp-json\/wp\/v2\/media?parent=1259"}],"curies":[{"name":"wp","href":"https:\/\/api.w.org\/{rel}","templated":true}]}}