{"id":1255,"date":"2023-02-08T13:54:28","date_gmt":"2023-02-08T12:54:28","guid":{"rendered":"https:\/\/www.cultcaffe.at\/?page_id=1255"},"modified":"2025-04-16T08:26:37","modified_gmt":"2025-04-16T06:26:37","slug":"casadio-edeledition-cultcaffe","status":"publish","type":"page","link":"https:\/\/www.cultcaffe.at\/zh\/casadio-edeledition-cultcaffe\/","title":{"rendered":"CASADIO \u9ad8\u7ea7\u7248 CultCaff\u00e8"},"content":{"rendered":"<div data-elementor-type=\"wp-page\" data-elementor-id=\"1255\" class=\"elementor elementor-1255\" data-elementor-post-type=\"page\">\n\t\t\t\t<div class=\"elementor-element elementor-element-dcb7e38 e-flex e-con-boxed e-con e-parent\" data-id=\"dcb7e38\" data-element_type=\"container\" data-e-type=\"container\">\n\t\t\t\t\t<div class=\"e-con-inner\">\n\t\t\t\t<div class=\"elementor-element elementor-element-9b100c6 elementor-widget elementor-widget-heading\" data-id=\"9b100c6\" data-element_type=\"widget\" data-e-type=\"widget\" data-widget_type=\"heading.default\">\n\t\t\t\t<div class=\"elementor-widget-container\">\n\t\t\t\t\t<h1 class=\"elementor-heading-title elementor-size-default\">Casadio Edeledition Cult \u5496\u5561\u9986<\/h1>\t\t\t\t<\/div>\n\t\t\t\t<\/div>\n\t\t\t\t\t<\/div>\n\t\t\t\t<\/div>\n\t\t<div class=\"elementor-element elementor-element-8371363 e-flex e-con-boxed e-con e-parent\" data-id=\"8371363\" data-element_type=\"container\" data-e-type=\"container\">\n\t\t\t\t\t<div class=\"e-con-inner\">\n\t\t<div class=\"elementor-element elementor-element-21cf454 e-con-full e-flex e-con e-child\" data-id=\"21cf454\" data-element_type=\"container\" data-e-type=\"container\">\n\t\t\t\t<div class=\"elementor-element elementor-element-cd4dbec elementor-widget elementor-widget-image\" data-id=\"cd4dbec\" data-element_type=\"widget\" data-e-type=\"widget\" data-widget_type=\"image.default\">\n\t\t\t\t<div class=\"elementor-widget-container\">\n\t\t\t\t\t\t\t\t\t\t\t\t\t\t\t<img fetchpriority=\"high\" decoding=\"async\" width=\"464\" height=\"350\" src=\"https:\/\/www.cultcaffe.at\/wp-content\/uploads\/2023\/02\/1.png\" class=\"attachment-large size-large wp-image-1238\" alt=\"CultCaff\u00e8 Casadio Gastro \u5496\u5561\u673a\" srcset=\"https:\/\/www.cultcaffe.at\/wp-content\/uploads\/2023\/02\/1.png 464w, https:\/\/www.cultcaffe.at\/wp-content\/uploads\/2023\/02\/1-300x226.png 300w\" sizes=\"(max-width: 464px) 100vw, 464px\" \/>\t\t\t\t\t\t\t\t\t\t\t\t\t\t\t<\/div>\n\t\t\t\t<\/div>\n\t\t\t\t<div class=\"elementor-element elementor-element-8f94099 elementor-widget elementor-widget-text-editor\" data-id=\"8f94099\" data-element_type=\"widget\" data-e-type=\"widget\" data-widget_type=\"text-editor.default\">\n\t\t\t\t<div class=\"elementor-widget-container\">\n\t\t\t\t\t\t\t\t\t<p><strong>\u63a2\u7d22 CASADIO UNDICI \u2013 EDITION CULT CAF\u00c8<\/strong><br \/>UNDICI \u5177\u6709\u9002\u5e94\u6027\u5f3a\u4e14\u529f\u80fd\u5f3a\u5927\u7684\u52a0\u70ed\u7cfb\u7edf\uff0c\u53ef\u4fdd\u8bc1\u676f\u5b50\u7684\u5353\u8d8a\u54c1\u8d28\u3002\u8be5\u673a\u5668\u7684\u9876\u90e8\u6709\u6709\u673a\u73bb\u7483\u677f\u56f4\u7ed5\u7740\u676f\u67b6\u3002\u89c6\u89c9\u4eae\u70b9\u662f\u5e26\u6709 LED \u4fe1\u53f7\u7684\u673a\u68b0\u952e\u76d8\u3002<\/p>\t\t\t\t\t\t\t\t<\/div>\n\t\t\t\t<\/div>\n\t\t\t\t<\/div>\n\t\t<div class=\"elementor-element elementor-element-26e3470 e-con-full e-flex e-con e-child\" data-id=\"26e3470\" data-element_type=\"container\" data-e-type=\"container\">\n\t\t\t\t<div class=\"elementor-element elementor-element-65db5f6 elementor-widget elementor-widget-image\" data-id=\"65db5f6\" data-element_type=\"widget\" data-e-type=\"widget\" data-widget_type=\"image.default\">\n\t\t\t\t<div class=\"elementor-widget-container\">\n\t\t\t\t\t\t\t\t\t\t\t\t\t\t\t<img decoding=\"async\" width=\"452\" height=\"333\" src=\"https:\/\/www.cultcaffe.at\/wp-content\/uploads\/2023\/02\/2.png\" class=\"attachment-large size-large wp-image-1256\" alt=\"\" srcset=\"https:\/\/www.cultcaffe.at\/wp-content\/uploads\/2023\/02\/2.png 452w, https:\/\/www.cultcaffe.at\/wp-content\/uploads\/2023\/02\/2-300x221.png 300w\" sizes=\"(max-width: 452px) 100vw, 452px\" \/>\t\t\t\t\t\t\t\t\t\t\t\t\t\t\t<\/div>\n\t\t\t\t<\/div>\n\t\t\t\t<div class=\"elementor-element elementor-element-a086ffc elementor-widget elementor-widget-text-editor\" data-id=\"a086ffc\" data-element_type=\"widget\" data-e-type=\"widget\" data-widget_type=\"text-editor.default\">\n\t\t\t\t<div class=\"elementor-widget-container\">\n\t\t\t\t\t\t\t\t\t<p><strong>CASADIO \u2013 UNDICI \u7d27\u51d1\u3001\u4f18\u96c5\u3001\u7b80\u6d01\u3001\u591a\u529f\u80fd<\/strong><br \/>Undici \u662f\u4e00\u6b3e\u4f18\u96c5\u4e14\u591a\u529f\u80fd\u7684\u7d27\u51d1\u578b\u673a\u5668\uff0c\u5177\u6709\u6613\u4e8e\u64cd\u4f5c\u3001\u8c03\u6574\u548c\u7ef4\u62a4\u7684\u7279\u70b9\u3002\u7b26\u5408\u4eba\u4f53\u5de5\u7a0b\u5b66\u4e14\u575a\u56fa\u3002 UNDICI \u5177\u6709\u9002\u5e94\u6027\u5f3a\u3001\u529f\u80fd\u5f3a\u5927\u7684\u52a0\u70ed\u7cfb\u7edf\uff0c\u53ef\u4fdd\u8bc1\u676f\u5b50\u7684\u5353\u8d8a\u54c1\u8d28\u3002<br \/>\u501f\u52a9 LED\uff0c\u5d4c\u5165\u5f0f\u5b89\u88c5\u5728\u5916\u58f3\u4e2d\u7684\u673a\u68b0\u952e\u76d8\u53ef\u4ee5\u5b9e\u73b0\u7cbe\u786e\u3001\u5feb\u901f\u7684\u9009\u62e9\u3002<\/p><p>\u9505\u7089\u5bb9\u91cf\uff1a10.5\u5347<br \/>\u5c3a\u5bf8\uff1a712 x 598 x 570 CULT CAFF\u00c8 \u4ef7\u683c\uff1a4,850 \u6b27\u5143\uff0c\u542b\u3002\u9001\u8d27\u548c\u5b89\u88c5<\/p>\t\t\t\t\t\t\t\t<\/div>\n\t\t\t\t<\/div>\n\t\t\t\t<\/div>\n\t\t\t\t\t<\/div>\n\t\t\t\t<\/div>\n\t\t\t\t<\/div>","protected":false},"excerpt":{"rendered":"<p>Casadio Edeledition Cult Caff\u00e8 ENTDECKEN SIE DIE CASADIO UNDICI &#8211; EDITION CULT CAFF\u00c8Die UNDICI verf\u00fcgt \u00fcber ein anpassungsf\u00e4higes und leistungsstarkes Heizsystem, das eine hervorragende Qualit\u00e4t in der Tasse garantiert. Die Maschine verf\u00fcgt \u00fcber Plexiglasplatten als Umrandung der Tassenablage auf der Oberseite der Kaffeemaschine. Ein optisches Highlight sind die mechanischen Tastenfelder mit LED Signal. CASADIO &#8211; [&hellip;]<\/p>\n","protected":false},"author":6,"featured_media":0,"parent":0,"menu_order":0,"comment_status":"closed","ping_status":"closed","template":"","meta":{"inline_featured_image":false,"footnotes":""},"class_list":["post-1255","page","type-page","status-publish","hentry"],"yoast_head":"<!-- This site is optimized with the Yoast SEO plugin v27.5 - https:\/\/yoast.com\/product\/yoast-seo-wordpress\/ -->\n<title>CASADIO Edeledition CultCaff\u00e8 - CultCaff\u00e9 - die Bio Kaffee R\u00f6sterei<\/title>\n<meta name=\"robots\" content=\"index, follow, max-snippet:-1, max-image-preview:large, max-video-preview:-1\" \/>\n<link rel=\"canonical\" href=\"https:\/\/www.cultcaffe.at\/zh\/casadio-edeledition-cultcaffe\/\" \/>\n<meta property=\"og:locale\" content=\"zh_CN\" \/>\n<meta property=\"og:type\" content=\"article\" \/>\n<meta property=\"og:title\" content=\"CASADIO Edeledition CultCaff\u00e8 - CultCaff\u00e9 - die Bio Kaffee R\u00f6sterei\" \/>\n<meta property=\"og:description\" content=\"Casadio Edeledition Cult Caff\u00e8 ENTDECKEN SIE DIE CASADIO UNDICI &#8211; EDITION CULT CAFF\u00c8Die UNDICI verf\u00fcgt \u00fcber ein anpassungsf\u00e4higes und leistungsstarkes Heizsystem, das eine hervorragende Qualit\u00e4t in der Tasse garantiert. Die Maschine verf\u00fcgt \u00fcber Plexiglasplatten als Umrandung der Tassenablage auf der Oberseite der Kaffeemaschine. Ein optisches Highlight sind die mechanischen Tastenfelder mit LED Signal. CASADIO &#8211; [&hellip;]\" \/>\n<meta property=\"og:url\" content=\"https:\/\/www.cultcaffe.at\/zh\/casadio-edeledition-cultcaffe\/\" \/>\n<meta property=\"og:site_name\" content=\"CultCaff\u00e9 - die Bio Kaffee R\u00f6sterei\" \/>\n<meta property=\"article:publisher\" content=\"https:\/\/www.facebook.com\/p\/Cult-Caff%c3%a8-die-R%c3%b6sterei-100039719724703\/?locale=de_DE\" \/>\n<meta property=\"article:modified_time\" content=\"2025-04-16T06:26:37+00:00\" \/>\n<meta property=\"og:image\" content=\"https:\/\/www.cultcaffe.at\/wp-content\/uploads\/2023\/02\/1.png\" \/>\n\t<meta property=\"og:image:width\" content=\"464\" \/>\n\t<meta property=\"og:image:height\" content=\"350\" \/>\n\t<meta property=\"og:image:type\" content=\"image\/png\" \/>\n<meta name=\"twitter:card\" content=\"summary_large_image\" \/>\n<meta name=\"twitter:label1\" content=\"\u9884\u8ba1\u9605\u8bfb\u65f6\u95f4\" \/>\n\t<meta name=\"twitter:data1\" content=\"2 \u5206\" \/>\n<script type=\"application\/ld+json\" class=\"yoast-schema-graph\">{\"@context\":\"https:\\\/\\\/schema.org\",\"@graph\":[{\"@type\":\"WebPage\",\"@id\":\"https:\\\/\\\/www.cultcaffe.at\\\/casadio-edeledition-cultcaffe\\\/\",\"url\":\"https:\\\/\\\/www.cultcaffe.at\\\/casadio-edeledition-cultcaffe\\\/\",\"name\":\"CASADIO Edeledition CultCaff\u00e8 - CultCaff\u00e9 - die Bio Kaffee R\u00f6sterei\",\"isPartOf\":{\"@id\":\"https:\\\/\\\/www.cultcaffe.at\\\/#website\"},\"primaryImageOfPage\":{\"@id\":\"https:\\\/\\\/www.cultcaffe.at\\\/casadio-edeledition-cultcaffe\\\/#primaryimage\"},\"image\":{\"@id\":\"https:\\\/\\\/www.cultcaffe.at\\\/casadio-edeledition-cultcaffe\\\/#primaryimage\"},\"thumbnailUrl\":\"https:\\\/\\\/www.cultcaffe.at\\\/wp-content\\\/uploads\\\/2023\\\/02\\\/1.png\",\"datePublished\":\"2023-02-08T12:54:28+00:00\",\"dateModified\":\"2025-04-16T06:26:37+00:00\",\"breadcrumb\":{\"@id\":\"https:\\\/\\\/www.cultcaffe.at\\\/casadio-edeledition-cultcaffe\\\/#breadcrumb\"},\"inLanguage\":\"zh-Hans\",\"potentialAction\":[{\"@type\":\"ReadAction\",\"target\":[\"https:\\\/\\\/www.cultcaffe.at\\\/casadio-edeledition-cultcaffe\\\/\"]}]},{\"@type\":\"ImageObject\",\"inLanguage\":\"zh-Hans\",\"@id\":\"https:\\\/\\\/www.cultcaffe.at\\\/casadio-edeledition-cultcaffe\\\/#primaryimage\",\"url\":\"https:\\\/\\\/www.cultcaffe.at\\\/wp-content\\\/uploads\\\/2023\\\/02\\\/1.png\",\"contentUrl\":\"https:\\\/\\\/www.cultcaffe.at\\\/wp-content\\\/uploads\\\/2023\\\/02\\\/1.png\"},{\"@type\":\"BreadcrumbList\",\"@id\":\"https:\\\/\\\/www.cultcaffe.at\\\/casadio-edeledition-cultcaffe\\\/#breadcrumb\",\"itemListElement\":[{\"@type\":\"ListItem\",\"position\":1,\"name\":\"Startseite\",\"item\":\"https:\\\/\\\/www.cultcaffe.at\\\/\"},{\"@type\":\"ListItem\",\"position\":2,\"name\":\"CASADIO Edeledition CultCaff\u00e8\"}]},{\"@type\":\"WebSite\",\"@id\":\"https:\\\/\\\/www.cultcaffe.at\\\/#website\",\"url\":\"https:\\\/\\\/www.cultcaffe.at\\\/\",\"name\":\"CultCaff\u00e9 - die Bio Kaffee R\u00f6sterei\",\"description\":\"Liebe zum Kaffee\",\"publisher\":{\"@id\":\"https:\\\/\\\/www.cultcaffe.at\\\/#organization\"},\"potentialAction\":[{\"@type\":\"SearchAction\",\"target\":{\"@type\":\"EntryPoint\",\"urlTemplate\":\"https:\\\/\\\/www.cultcaffe.at\\\/?s={search_term_string}\"},\"query-input\":{\"@type\":\"PropertyValueSpecification\",\"valueRequired\":true,\"valueName\":\"search_term_string\"}}],\"inLanguage\":\"zh-Hans\"},{\"@type\":[\"Organization\",\"Place\"],\"@id\":\"https:\\\/\\\/www.cultcaffe.at\\\/#organization\",\"name\":\"CultCaff\u00e9 Kaffeer\u00f6sterei GmbH\",\"alternateName\":\"CultCaff\u00e9\",\"url\":\"https:\\\/\\\/www.cultcaffe.at\\\/\",\"logo\":{\"@id\":\"https:\\\/\\\/www.cultcaffe.at\\\/casadio-edeledition-cultcaffe\\\/#local-main-organization-logo\"},\"image\":{\"@id\":\"https:\\\/\\\/www.cultcaffe.at\\\/casadio-edeledition-cultcaffe\\\/#local-main-organization-logo\"},\"sameAs\":[\"https:\\\/\\\/www.facebook.com\\\/p\\\/Cult-Caff\u00e8-die-R\u00f6sterei-100039719724703\\\/?locale=de_DE\",\"https:\\\/\\\/www.instagram.com\\\/cultcaffe.at\\\/\"],\"hasMerchantReturnPolicy\":{\"@type\":\"MerchantReturnPolicy\",\"merchantReturnLink\":\"https:\\\/\\\/www.cultcaffe.at\\\/zh\\\/agbs\\\/\"},\"telephone\":[],\"openingHoursSpecification\":[{\"@type\":\"OpeningHoursSpecification\",\"dayOfWeek\":[\"Monday\",\"Tuesday\",\"Wednesday\",\"Thursday\",\"Friday\",\"Saturday\",\"Sunday\"],\"opens\":\"09:00\",\"closes\":\"17:00\"}]},{\"@type\":\"ImageObject\",\"inLanguage\":\"zh-Hans\",\"@id\":\"https:\\\/\\\/www.cultcaffe.at\\\/casadio-edeledition-cultcaffe\\\/#local-main-organization-logo\",\"url\":\"https:\\\/\\\/www.cultcaffe.at\\\/wp-content\\\/uploads\\\/2023\\\/11\\\/cultcaffe_logo_regular_dark-1.svg\",\"contentUrl\":\"https:\\\/\\\/www.cultcaffe.at\\\/wp-content\\\/uploads\\\/2023\\\/11\\\/cultcaffe_logo_regular_dark-1.svg\",\"width\":756,\"height\":474,\"caption\":\"CultCaff\u00e9 Kaffeer\u00f6sterei GmbH\"}]}<\/script>\n<!-- \/ Yoast SEO plugin. -->","yoast_head_json":{"title":"CASADIO Premium Edition CultCaff\u00e8 - CultCaff\u00e8 - \u6709\u673a\u5496\u5561\u70d8\u7119\u5382","robots":{"index":"index","follow":"follow","max-snippet":"max-snippet:-1","max-image-preview":"max-image-preview:large","max-video-preview":"max-video-preview:-1"},"canonical":"https:\/\/www.cultcaffe.at\/zh\/casadio-edeledition-cultcaffe\/","og_locale":"zh_CN","og_type":"article","og_title":"CASADIO Edeledition CultCaff\u00e8 - CultCaff\u00e9 - die Bio Kaffee R\u00f6sterei","og_description":"Casadio Edeledition Cult Caff\u00e8 ENTDECKEN SIE DIE CASADIO UNDICI &#8211; EDITION CULT CAFF\u00c8Die UNDICI verf\u00fcgt \u00fcber ein anpassungsf\u00e4higes und leistungsstarkes Heizsystem, das eine hervorragende Qualit\u00e4t in der Tasse garantiert. Die Maschine verf\u00fcgt \u00fcber Plexiglasplatten als Umrandung der Tassenablage auf der Oberseite der Kaffeemaschine. Ein optisches Highlight sind die mechanischen Tastenfelder mit LED Signal. CASADIO &#8211; [&hellip;]","og_url":"https:\/\/www.cultcaffe.at\/zh\/casadio-edeledition-cultcaffe\/","og_site_name":"CultCaff\u00e9 - die Bio Kaffee R\u00f6sterei","article_publisher":"https:\/\/www.facebook.com\/p\/Cult-Caff%c3%a8-die-R%c3%b6sterei-100039719724703\/?locale=de_DE","article_modified_time":"2025-04-16T06:26:37+00:00","og_image":[{"width":464,"height":350,"url":"https:\/\/www.cultcaffe.at\/wp-content\/uploads\/2023\/02\/1.png","type":"image\/png"}],"twitter_card":"summary_large_image","twitter_misc":{"\u9884\u8ba1\u9605\u8bfb\u65f6\u95f4":"2 \u5206"},"schema":{"@context":"https:\/\/schema.org","@graph":[{"@type":"WebPage","@id":"https:\/\/www.cultcaffe.at\/casadio-edeledition-cultcaffe\/","url":"https:\/\/www.cultcaffe.at\/casadio-edeledition-cultcaffe\/","name":"CASADIO Premium Edition CultCaff\u00e8 - CultCaff\u00e8 - \u6709\u673a\u5496\u5561\u70d8\u7119\u5382","isPartOf":{"@id":"https:\/\/www.cultcaffe.at\/#website"},"primaryImageOfPage":{"@id":"https:\/\/www.cultcaffe.at\/casadio-edeledition-cultcaffe\/#primaryimage"},"image":{"@id":"https:\/\/www.cultcaffe.at\/casadio-edeledition-cultcaffe\/#primaryimage"},"thumbnailUrl":"https:\/\/www.cultcaffe.at\/wp-content\/uploads\/2023\/02\/1.png","datePublished":"2023-02-08T12:54:28+00:00","dateModified":"2025-04-16T06:26:37+00:00","breadcrumb":{"@id":"https:\/\/www.cultcaffe.at\/casadio-edeledition-cultcaffe\/#breadcrumb"},"inLanguage":"zh-Hans","potentialAction":[{"@type":"ReadAction","target":["https:\/\/www.cultcaffe.at\/casadio-edeledition-cultcaffe\/"]}]},{"@type":"ImageObject","inLanguage":"zh-Hans","@id":"https:\/\/www.cultcaffe.at\/casadio-edeledition-cultcaffe\/#primaryimage","url":"https:\/\/www.cultcaffe.at\/wp-content\/uploads\/2023\/02\/1.png","contentUrl":"https:\/\/www.cultcaffe.at\/wp-content\/uploads\/2023\/02\/1.png"},{"@type":"BreadcrumbList","@id":"https:\/\/www.cultcaffe.at\/casadio-edeledition-cultcaffe\/#breadcrumb","itemListElement":[{"@type":"ListItem","position":1,"name":"Startseite","item":"https:\/\/www.cultcaffe.at\/"},{"@type":"ListItem","position":2,"name":"CASADIO Edeledition CultCaff\u00e8"}]},{"@type":"WebSite","@id":"https:\/\/www.cultcaffe.at\/#website","url":"https:\/\/www.cultcaffe.at\/","name":"CultCaff\u00e9\u2014\u2014\u6709\u673a\u5496\u5561\u70d8\u7119\u574a","description":"\u5bf9\u5496\u5561\u7684\u70ed\u7231","publisher":{"@id":"https:\/\/www.cultcaffe.at\/#organization"},"potentialAction":[{"@type":"SearchAction","target":{"@type":"EntryPoint","urlTemplate":"https:\/\/www.cultcaffe.at\/?s={search_term_string}"},"query-input":{"@type":"PropertyValueSpecification","valueRequired":true,"valueName":"search_term_string"}}],"inLanguage":"zh-Hans"},{"@type":["Organization","Place"],"@id":"https:\/\/www.cultcaffe.at\/#organization","name":"CultCaff\u00e9 \u5496\u5561\u70d8\u7119\u6709\u9650\u516c\u53f8","alternateName":"CultCaff\u00e9","url":"https:\/\/www.cultcaffe.at\/","logo":{"@id":"https:\/\/www.cultcaffe.at\/casadio-edeledition-cultcaffe\/#local-main-organization-logo"},"image":{"@id":"https:\/\/www.cultcaffe.at\/casadio-edeledition-cultcaffe\/#local-main-organization-logo"},"sameAs":["https:\/\/www.facebook.com\/p\/Cult-Caff\u00e8-die-R\u00f6sterei-100039719724703\/?locale=de_DE","https:\/\/www.instagram.com\/cultcaffe.at\/"],"hasMerchantReturnPolicy":{"@type":"MerchantReturnPolicy","merchantReturnLink":"https:\/\/www.cultcaffe.at\/zh\/agbs\/"},"telephone":[],"openingHoursSpecification":[{"@type":"OpeningHoursSpecification","dayOfWeek":["Monday","Tuesday","Wednesday","Thursday","Friday","Saturday","Sunday"],"opens":"09:00","closes":"17:00"}]},{"@type":"ImageObject","inLanguage":"zh-Hans","@id":"https:\/\/www.cultcaffe.at\/casadio-edeledition-cultcaffe\/#local-main-organization-logo","url":"https:\/\/www.cultcaffe.at\/wp-content\/uploads\/2023\/11\/cultcaffe_logo_regular_dark-1.svg","contentUrl":"https:\/\/www.cultcaffe.at\/wp-content\/uploads\/2023\/11\/cultcaffe_logo_regular_dark-1.svg","width":756,"height":474,"caption":"CultCaff\u00e9 Kaffeer\u00f6sterei GmbH"}]}},"_links":{"self":[{"href":"https:\/\/www.cultcaffe.at\/zh\/wp-json\/wp\/v2\/pages\/1255","targetHints":{"allow":["GET"]}}],"collection":[{"href":"https:\/\/www.cultcaffe.at\/zh\/wp-json\/wp\/v2\/pages"}],"about":[{"href":"https:\/\/www.cultcaffe.at\/zh\/wp-json\/wp\/v2\/types\/page"}],"author":[{"embeddable":true,"href":"https:\/\/www.cultcaffe.at\/zh\/wp-json\/wp\/v2\/users\/6"}],"replies":[{"embeddable":true,"href":"https:\/\/www.cultcaffe.at\/zh\/wp-json\/wp\/v2\/comments?post=1255"}],"version-history":[{"count":16,"href":"https:\/\/www.cultcaffe.at\/zh\/wp-json\/wp\/v2\/pages\/1255\/revisions"}],"predecessor-version":[{"id":18194,"href":"https:\/\/www.cultcaffe.at\/zh\/wp-json\/wp\/v2\/pages\/1255\/revisions\/18194"}],"wp:attachment":[{"href":"https:\/\/www.cultcaffe.at\/zh\/wp-json\/wp\/v2\/media?parent=1255"}],"curies":[{"name":"wp","href":"https:\/\/api.w.org\/{rel}","templated":true}]}}