{"id":1244,"date":"2023-02-08T13:33:03","date_gmt":"2023-02-08T12:33:03","guid":{"rendered":"https:\/\/www.cultcaffe.at\/?page_id=1244"},"modified":"2025-04-30T09:49:38","modified_gmt":"2025-04-30T07:49:38","slug":"%e5%ae%8c%e7%be%8e%e5%92%96%e5%95%a1","status":"publish","type":"page","link":"https:\/\/www.cultcaffe.at\/zh\/perfektion-in-coffee\/","title":{"rendered":"\u5496\u5561\u7684\u5b8c\u7f8e"},"content":{"rendered":"<div data-elementor-type=\"wp-page\" data-elementor-id=\"1244\" class=\"elementor elementor-1244\" data-elementor-post-type=\"page\">\n\t\t\t\t<div class=\"elementor-element elementor-element-68678aa e-flex e-con-boxed e-con e-parent\" data-id=\"68678aa\" data-element_type=\"container\" data-e-type=\"container\">\n\t\t\t\t\t<div class=\"e-con-inner\">\n\t\t\t\t<div class=\"elementor-element elementor-element-69c544b elementor-widget elementor-widget-heading\" data-id=\"69c544b\" data-element_type=\"widget\" data-e-type=\"widget\" data-widget_type=\"heading.default\">\n\t\t\t\t<div class=\"elementor-widget-container\">\n\t\t\t\t\t<h1 class=\"elementor-heading-title elementor-size-default\">Slayer \u548c\u4e13\u4e1a\u5496\u5561\u5e08<\/h1>\t\t\t\t<\/div>\n\t\t\t\t<\/div>\n\t\t\t\t\t<\/div>\n\t\t\t\t<\/div>\n\t\t<div class=\"elementor-element elementor-element-1c0f363 e-flex e-con-boxed e-con e-parent\" data-id=\"1c0f363\" data-element_type=\"container\" data-e-type=\"container\">\n\t\t\t\t\t<div class=\"e-con-inner\">\n\t\t<div class=\"elementor-element elementor-element-c203ed6 e-con-full e-flex e-con e-child\" data-id=\"c203ed6\" data-element_type=\"container\" data-e-type=\"container\">\n\t\t\t\t<div class=\"elementor-element elementor-element-4098151 elementor-widget elementor-widget-text-editor\" data-id=\"4098151\" data-element_type=\"widget\" data-e-type=\"widget\" data-widget_type=\"text-editor.default\">\n\t\t\t\t<div class=\"elementor-widget-container\">\n\t\t\t\t\t\t\t\t\t<h2>CultCaff\u00e8\u3001Slayer \u548c\u4e13\u4e1a\u5496\u5561\u5e08<\/h2><p>\u7b80\u76f4\u662f\u6700\u597d\u7684\uff0c\u6ca1\u6709\u59a5\u534f\uff0c\u751f\u6d3b\u5b8c\u7f8e\uff0c\u5524\u9192\u60c5\u611f\u3002<br \/>\u5496\u5561\u662f\u4e00\u79cd\u6587\u5316\uff0c\u662f\u4e00\u79cd\u827a\u672f\uff0c\u662f\u4e00\u79cd\u968f\u6027\uff0c\u4e00\u79cd\u8f7b\u677e\uff0c\u4e00\u79cd\u65e0\u5fe7\u65e0\u8651\u7684\u611f\u89c9\uff1b\u8fd9\u662f\u6211\u4eec\u5f00\u653e\u601d\u60f3\u3001\u884c\u52a8\u7684\u4e00\u90e8\u5206\u3002<br \/>\u6211\u4eec\u7684\u601d\u60f3\u3001\u611f\u89c9\u548c\u60f3\u8c61\u529b\u90fd\u5177\u6709\u6ce2\u897f\u7c73\u4e9a\u98ce\u683c\u3002<br \/><strong><br \/>\u6ce2\u897f\u7c73\u4e9a\u98ce\u4e0e\u5b8c\u7f8e<\/strong><br \/>\u6ce2\u897f\u7c73\u4e9a\u98ce\u683c\u4ece\u5916\u8868\u770b\u53ea\u662f\u901a\u8fc7\u5b8c\u7f8e\u800c\u771f\u6b63\u968f\u610f\uff0c\u4f53\u73b0\u5728\u6bcf\u4e00\u4e2a\u7ec6\u8282\u3001\u80cc\u666f\u4e2d\u7684\u6bcf\u4e00\u4e2a\u6b65\u9aa4\u4e2d\u3002<\/p><p><strong>CULT CAFF\u00c8<\/strong><br \/>\u54c1\u8d28\u548c\u70d8\u7119\u7684\u5b8c\u7f8e\uff0c\u53e3\u611f\u7684\u795e\u5947<\/p><p><strong>\u5c60\u622e\u8005\u00a0\u00a0<\/strong><br \/>\u5b8c\u7f8e\u4e0e\u8bbe\u8ba1\u76f8\u9047\uff0c\u54c1\u8d28\u4e0e\u60c5\u611f\u76f8\u9047<br \/><strong><br \/>\u4e13\u4e1a\u5496\u5561\u5e08<\/strong><br \/>\u4e3a\u673a\u5668\u524d\u6700\u4f18\u79c0\u7684\u4eba\u63d0\u4f9b\u9ad8\u6c34\u5e73\u57f9\u8bad<br \/>\u4e3a\u60a8\u63d0\u4f9b\u6700\u6ee1\u610f\u7684\u6700\u4f73\u4f18\u60e0<\/p><table><tbody><tr><td>\u673a\u5668\u3001\u7814\u78e8\u673a\u548c\u8fc7\u6ee4\u5668<\/td><td>850,- \/ \u6708<\/td><\/tr><tr><td>CULTCAFFE\uff0c\u6709\u673a<\/td><td>25,- \/ \u516c\u65a4<\/td><\/tr><tr><td>\u5496\u5561\u5e08\u57f9\u8bad<\/td><td>500,- \/\u5e74<\/td><\/tr><tr><td>\u5408\u540c\u671f\u9650<\/td><td>4\u5e74<\/td><\/tr><\/tbody><\/table>\t\t\t\t\t\t\t\t<\/div>\n\t\t\t\t<\/div>\n\t\t\t\t<\/div>\n\t\t<div class=\"elementor-element elementor-element-89aa0ca e-con-full e-flex e-con e-child\" data-id=\"89aa0ca\" data-element_type=\"container\" data-e-type=\"container\">\n\t\t\t\t<div class=\"elementor-element elementor-element-0788faa elementor-widget elementor-widget-image\" data-id=\"0788faa\" data-element_type=\"widget\" data-e-type=\"widget\" data-widget_type=\"image.default\">\n\t\t\t\t<div class=\"elementor-widget-container\">\n\t\t\t\t\t\t\t\t\t\t\t\t\t\t\t<img fetchpriority=\"high\" decoding=\"async\" width=\"490\" height=\"328\" src=\"https:\/\/www.cultcaffe.at\/wp-content\/uploads\/2025\/03\/perfektion_siebtraegermaschine.png\" class=\"attachment-large size-large wp-image-17325\" alt=\"\" srcset=\"https:\/\/www.cultcaffe.at\/wp-content\/uploads\/2025\/03\/perfektion_siebtraegermaschine.png 490w, https:\/\/www.cultcaffe.at\/wp-content\/uploads\/2025\/03\/perfektion_siebtraegermaschine-300x201.png 300w\" sizes=\"(max-width: 490px) 100vw, 490px\" \/>\t\t\t\t\t\t\t\t\t\t\t\t\t\t\t<\/div>\n\t\t\t\t<\/div>\n\t\t\t\t<\/div>\n\t\t\t\t\t<\/div>\n\t\t\t\t<\/div>\n\t\t\t\t<\/div>","protected":false},"excerpt":{"rendered":"<p>Slayer &#038; Pro-Baristi CultCaff\u00e8 &amp; Slayer &amp; Pro-Baristi Einfach das Beste, keine Kompromisse einzugehen, die Perfektion zu leben, Emotionen wecken.Kaffee ist Cultur, ist Kunst und ein Gef\u00fchl der L\u00e4ssigkeit, das Gef\u00fchl des leichten Lebens, der Unbeschwertheit, es ist ein Teil unseres offenen Denkens, unseres Tuns.Bohemien Style unserer Gedanken, unserer Sinne und Fantasie.BOHO &amp; PEFEKTIONBoho nach [&hellip;]<\/p>\n","protected":false},"author":6,"featured_media":0,"parent":0,"menu_order":0,"comment_status":"closed","ping_status":"closed","template":"","meta":{"inline_featured_image":false,"footnotes":""},"class_list":["post-1244","page","type-page","status-publish","hentry"],"yoast_head":"<!-- This site is optimized with the Yoast SEO plugin v27.5 - https:\/\/yoast.com\/product\/yoast-seo-wordpress\/ -->\n<title>Perfektion in Coffee - CultCaff\u00e9 - die Bio Kaffee R\u00f6sterei<\/title>\n<meta name=\"robots\" content=\"index, follow, max-snippet:-1, max-image-preview:large, max-video-preview:-1\" \/>\n<link rel=\"canonical\" href=\"https:\/\/www.cultcaffe.at\/zh\/\u5b8c\u7f8e\u5496\u5561\/\" \/>\n<meta property=\"og:locale\" content=\"zh_CN\" \/>\n<meta property=\"og:type\" content=\"article\" \/>\n<meta property=\"og:title\" content=\"Perfektion in Coffee - CultCaff\u00e9 - die Bio Kaffee R\u00f6sterei\" \/>\n<meta property=\"og:description\" content=\"Slayer &#038; Pro-Baristi CultCaff\u00e8 &amp; Slayer &amp; Pro-Baristi Einfach das Beste, keine Kompromisse einzugehen, die Perfektion zu leben, Emotionen wecken.Kaffee ist Cultur, ist Kunst und ein Gef\u00fchl der L\u00e4ssigkeit, das Gef\u00fchl des leichten Lebens, der Unbeschwertheit, es ist ein Teil unseres offenen Denkens, unseres Tuns.Bohemien Style unserer Gedanken, unserer Sinne und Fantasie.BOHO &amp; PEFEKTIONBoho nach [&hellip;]\" \/>\n<meta property=\"og:url\" content=\"https:\/\/www.cultcaffe.at\/zh\/\u5b8c\u7f8e\u5496\u5561\/\" \/>\n<meta property=\"og:site_name\" content=\"CultCaff\u00e9 - die Bio Kaffee R\u00f6sterei\" \/>\n<meta property=\"article:publisher\" content=\"https:\/\/www.facebook.com\/p\/Cult-Caff%c3%a8-die-R%c3%b6sterei-100039719724703\/?locale=de_DE\" \/>\n<meta property=\"article:modified_time\" content=\"2025-04-30T07:49:38+00:00\" \/>\n<meta property=\"og:image\" content=\"https:\/\/www.cultcaffe.at\/wp-content\/uploads\/2025\/03\/perfektion_siebtraegermaschine.png\" \/>\n\t<meta property=\"og:image:width\" content=\"490\" \/>\n\t<meta property=\"og:image:height\" content=\"328\" \/>\n\t<meta property=\"og:image:type\" content=\"image\/png\" \/>\n<meta name=\"twitter:card\" content=\"summary_large_image\" \/>\n<meta name=\"twitter:label1\" content=\"\u9884\u8ba1\u9605\u8bfb\u65f6\u95f4\" \/>\n\t<meta name=\"twitter:data1\" content=\"1 \u5206\" \/>\n<script type=\"application\/ld+json\" class=\"yoast-schema-graph\">{\"@context\":\"https:\\\/\\\/schema.org\",\"@graph\":[{\"@type\":\"WebPage\",\"@id\":\"https:\\\/\\\/www.cultcaffe.at\\\/perfektion-in-coffee\\\/\",\"url\":\"https:\\\/\\\/www.cultcaffe.at\\\/perfektion-in-coffee\\\/\",\"name\":\"Perfektion in Coffee - CultCaff\u00e9 - die Bio Kaffee R\u00f6sterei\",\"isPartOf\":{\"@id\":\"https:\\\/\\\/www.cultcaffe.at\\\/#website\"},\"primaryImageOfPage\":{\"@id\":\"https:\\\/\\\/www.cultcaffe.at\\\/perfektion-in-coffee\\\/#primaryimage\"},\"image\":{\"@id\":\"https:\\\/\\\/www.cultcaffe.at\\\/perfektion-in-coffee\\\/#primaryimage\"},\"thumbnailUrl\":\"https:\\\/\\\/www.cultcaffe.at\\\/wp-content\\\/uploads\\\/2025\\\/03\\\/perfektion_siebtraegermaschine.png\",\"datePublished\":\"2023-02-08T12:33:03+00:00\",\"dateModified\":\"2025-04-30T07:49:38+00:00\",\"breadcrumb\":{\"@id\":\"https:\\\/\\\/www.cultcaffe.at\\\/perfektion-in-coffee\\\/#breadcrumb\"},\"inLanguage\":\"zh-Hans\",\"potentialAction\":[{\"@type\":\"ReadAction\",\"target\":[\"https:\\\/\\\/www.cultcaffe.at\\\/perfektion-in-coffee\\\/\"]}]},{\"@type\":\"ImageObject\",\"inLanguage\":\"zh-Hans\",\"@id\":\"https:\\\/\\\/www.cultcaffe.at\\\/perfektion-in-coffee\\\/#primaryimage\",\"url\":\"https:\\\/\\\/www.cultcaffe.at\\\/wp-content\\\/uploads\\\/2025\\\/03\\\/perfektion_siebtraegermaschine.png\",\"contentUrl\":\"https:\\\/\\\/www.cultcaffe.at\\\/wp-content\\\/uploads\\\/2025\\\/03\\\/perfektion_siebtraegermaschine.png\"},{\"@type\":\"BreadcrumbList\",\"@id\":\"https:\\\/\\\/www.cultcaffe.at\\\/perfektion-in-coffee\\\/#breadcrumb\",\"itemListElement\":[{\"@type\":\"ListItem\",\"position\":1,\"name\":\"Startseite\",\"item\":\"https:\\\/\\\/www.cultcaffe.at\\\/\"},{\"@type\":\"ListItem\",\"position\":2,\"name\":\"Perfektion in Coffee\"}]},{\"@type\":\"WebSite\",\"@id\":\"https:\\\/\\\/www.cultcaffe.at\\\/#website\",\"url\":\"https:\\\/\\\/www.cultcaffe.at\\\/\",\"name\":\"CultCaff\u00e9 - die Bio Kaffee R\u00f6sterei\",\"description\":\"Liebe zum Kaffee\",\"publisher\":{\"@id\":\"https:\\\/\\\/www.cultcaffe.at\\\/#organization\"},\"potentialAction\":[{\"@type\":\"SearchAction\",\"target\":{\"@type\":\"EntryPoint\",\"urlTemplate\":\"https:\\\/\\\/www.cultcaffe.at\\\/?s={search_term_string}\"},\"query-input\":{\"@type\":\"PropertyValueSpecification\",\"valueRequired\":true,\"valueName\":\"search_term_string\"}}],\"inLanguage\":\"zh-Hans\"},{\"@type\":[\"Organization\",\"Place\"],\"@id\":\"https:\\\/\\\/www.cultcaffe.at\\\/#organization\",\"name\":\"CultCaff\u00e9 Kaffeer\u00f6sterei GmbH\",\"alternateName\":\"CultCaff\u00e9\",\"url\":\"https:\\\/\\\/www.cultcaffe.at\\\/\",\"logo\":{\"@id\":\"https:\\\/\\\/www.cultcaffe.at\\\/perfektion-in-coffee\\\/#local-main-organization-logo\"},\"image\":{\"@id\":\"https:\\\/\\\/www.cultcaffe.at\\\/perfektion-in-coffee\\\/#local-main-organization-logo\"},\"sameAs\":[\"https:\\\/\\\/www.facebook.com\\\/p\\\/Cult-Caff\u00e8-die-R\u00f6sterei-100039719724703\\\/?locale=de_DE\",\"https:\\\/\\\/www.instagram.com\\\/cultcaffe.at\\\/\"],\"hasMerchantReturnPolicy\":{\"@type\":\"MerchantReturnPolicy\",\"merchantReturnLink\":\"https:\\\/\\\/www.cultcaffe.at\\\/zh\\\/agbs\\\/\"},\"telephone\":[],\"openingHoursSpecification\":[{\"@type\":\"OpeningHoursSpecification\",\"dayOfWeek\":[\"Monday\",\"Tuesday\",\"Wednesday\",\"Thursday\",\"Friday\",\"Saturday\",\"Sunday\"],\"opens\":\"09:00\",\"closes\":\"17:00\"}]},{\"@type\":\"ImageObject\",\"inLanguage\":\"zh-Hans\",\"@id\":\"https:\\\/\\\/www.cultcaffe.at\\\/perfektion-in-coffee\\\/#local-main-organization-logo\",\"url\":\"https:\\\/\\\/www.cultcaffe.at\\\/wp-content\\\/uploads\\\/2023\\\/11\\\/cultcaffe_logo_regular_dark-1.svg\",\"contentUrl\":\"https:\\\/\\\/www.cultcaffe.at\\\/wp-content\\\/uploads\\\/2023\\\/11\\\/cultcaffe_logo_regular_dark-1.svg\",\"width\":756,\"height\":474,\"caption\":\"CultCaff\u00e9 Kaffeer\u00f6sterei GmbH\"}]}<\/script>\n<!-- \/ Yoast SEO plugin. -->","yoast_head_json":{"title":"\u5496\u5561\u7684\u5b8c\u7f8e\u4e4b\u9009 - CultCaff\u00e9 - \u6709\u673a\u5496\u5561\u70d8\u7119\u574a","robots":{"index":"index","follow":"follow","max-snippet":"max-snippet:-1","max-image-preview":"max-image-preview:large","max-video-preview":"max-video-preview:-1"},"canonical":"https:\/\/www.cultcaffe.at\/zh\/\u5b8c\u7f8e\u5496\u5561\/","og_locale":"zh_CN","og_type":"article","og_title":"Perfektion in Coffee - CultCaff\u00e9 - die Bio Kaffee R\u00f6sterei","og_description":"Slayer &#038; Pro-Baristi CultCaff\u00e8 &amp; Slayer &amp; Pro-Baristi Einfach das Beste, keine Kompromisse einzugehen, die Perfektion zu leben, Emotionen wecken.Kaffee ist Cultur, ist Kunst und ein Gef\u00fchl der L\u00e4ssigkeit, das Gef\u00fchl des leichten Lebens, der Unbeschwertheit, es ist ein Teil unseres offenen Denkens, unseres Tuns.Bohemien Style unserer Gedanken, unserer Sinne und Fantasie.BOHO &amp; PEFEKTIONBoho nach [&hellip;]","og_url":"https:\/\/www.cultcaffe.at\/zh\/\u5b8c\u7f8e\u5496\u5561\/","og_site_name":"CultCaff\u00e9 - die Bio Kaffee R\u00f6sterei","article_publisher":"https:\/\/www.facebook.com\/p\/Cult-Caff%c3%a8-die-R%c3%b6sterei-100039719724703\/?locale=de_DE","article_modified_time":"2025-04-30T07:49:38+00:00","og_image":[{"width":490,"height":328,"url":"https:\/\/www.cultcaffe.at\/wp-content\/uploads\/2025\/03\/perfektion_siebtraegermaschine.png","type":"image\/png"}],"twitter_card":"summary_large_image","twitter_misc":{"\u9884\u8ba1\u9605\u8bfb\u65f6\u95f4":"1 \u5206"},"schema":{"@context":"https:\/\/schema.org","@graph":[{"@type":"WebPage","@id":"https:\/\/www.cultcaffe.at\/perfektion-in-coffee\/","url":"https:\/\/www.cultcaffe.at\/perfektion-in-coffee\/","name":"\u5496\u5561\u7684\u5b8c\u7f8e\u4e4b\u9009 - CultCaff\u00e9 - \u6709\u673a\u5496\u5561\u70d8\u7119\u574a","isPartOf":{"@id":"https:\/\/www.cultcaffe.at\/#website"},"primaryImageOfPage":{"@id":"https:\/\/www.cultcaffe.at\/perfektion-in-coffee\/#primaryimage"},"image":{"@id":"https:\/\/www.cultcaffe.at\/perfektion-in-coffee\/#primaryimage"},"thumbnailUrl":"https:\/\/www.cultcaffe.at\/wp-content\/uploads\/2025\/03\/perfektion_siebtraegermaschine.png","datePublished":"2023-02-08T12:33:03+00:00","dateModified":"2025-04-30T07:49:38+00:00","breadcrumb":{"@id":"https:\/\/www.cultcaffe.at\/perfektion-in-coffee\/#breadcrumb"},"inLanguage":"zh-Hans","potentialAction":[{"@type":"ReadAction","target":["https:\/\/www.cultcaffe.at\/perfektion-in-coffee\/"]}]},{"@type":"ImageObject","inLanguage":"zh-Hans","@id":"https:\/\/www.cultcaffe.at\/perfektion-in-coffee\/#primaryimage","url":"https:\/\/www.cultcaffe.at\/wp-content\/uploads\/2025\/03\/perfektion_siebtraegermaschine.png","contentUrl":"https:\/\/www.cultcaffe.at\/wp-content\/uploads\/2025\/03\/perfektion_siebtraegermaschine.png"},{"@type":"BreadcrumbList","@id":"https:\/\/www.cultcaffe.at\/perfektion-in-coffee\/#breadcrumb","itemListElement":[{"@type":"ListItem","position":1,"name":"Startseite","item":"https:\/\/www.cultcaffe.at\/"},{"@type":"ListItem","position":2,"name":"Perfektion in Coffee"}]},{"@type":"WebSite","@id":"https:\/\/www.cultcaffe.at\/#website","url":"https:\/\/www.cultcaffe.at\/","name":"CultCaff\u00e9\u2014\u2014\u6709\u673a\u5496\u5561\u70d8\u7119\u574a","description":"\u5bf9\u5496\u5561\u7684\u70ed\u7231","publisher":{"@id":"https:\/\/www.cultcaffe.at\/#organization"},"potentialAction":[{"@type":"SearchAction","target":{"@type":"EntryPoint","urlTemplate":"https:\/\/www.cultcaffe.at\/?s={search_term_string}"},"query-input":{"@type":"PropertyValueSpecification","valueRequired":true,"valueName":"search_term_string"}}],"inLanguage":"zh-Hans"},{"@type":["Organization","Place"],"@id":"https:\/\/www.cultcaffe.at\/#organization","name":"CultCaff\u00e9 \u5496\u5561\u70d8\u7119\u6709\u9650\u516c\u53f8","alternateName":"CultCaff\u00e9","url":"https:\/\/www.cultcaffe.at\/","logo":{"@id":"https:\/\/www.cultcaffe.at\/perfektion-in-coffee\/#local-main-organization-logo"},"image":{"@id":"https:\/\/www.cultcaffe.at\/perfektion-in-coffee\/#local-main-organization-logo"},"sameAs":["https:\/\/www.facebook.com\/p\/Cult-Caff\u00e8-die-R\u00f6sterei-100039719724703\/?locale=de_DE","https:\/\/www.instagram.com\/cultcaffe.at\/"],"hasMerchantReturnPolicy":{"@type":"MerchantReturnPolicy","merchantReturnLink":"https:\/\/www.cultcaffe.at\/zh\/agbs\/"},"telephone":[],"openingHoursSpecification":[{"@type":"OpeningHoursSpecification","dayOfWeek":["Monday","Tuesday","Wednesday","Thursday","Friday","Saturday","Sunday"],"opens":"09:00","closes":"17:00"}]},{"@type":"ImageObject","inLanguage":"zh-Hans","@id":"https:\/\/www.cultcaffe.at\/perfektion-in-coffee\/#local-main-organization-logo","url":"https:\/\/www.cultcaffe.at\/wp-content\/uploads\/2023\/11\/cultcaffe_logo_regular_dark-1.svg","contentUrl":"https:\/\/www.cultcaffe.at\/wp-content\/uploads\/2023\/11\/cultcaffe_logo_regular_dark-1.svg","width":756,"height":474,"caption":"CultCaff\u00e9 Kaffeer\u00f6sterei GmbH"}]}},"_links":{"self":[{"href":"https:\/\/www.cultcaffe.at\/zh\/wp-json\/wp\/v2\/pages\/1244","targetHints":{"allow":["GET"]}}],"collection":[{"href":"https:\/\/www.cultcaffe.at\/zh\/wp-json\/wp\/v2\/pages"}],"about":[{"href":"https:\/\/www.cultcaffe.at\/zh\/wp-json\/wp\/v2\/types\/page"}],"author":[{"embeddable":true,"href":"https:\/\/www.cultcaffe.at\/zh\/wp-json\/wp\/v2\/users\/6"}],"replies":[{"embeddable":true,"href":"https:\/\/www.cultcaffe.at\/zh\/wp-json\/wp\/v2\/comments?post=1244"}],"version-history":[{"count":31,"href":"https:\/\/www.cultcaffe.at\/zh\/wp-json\/wp\/v2\/pages\/1244\/revisions"}],"predecessor-version":[{"id":18273,"href":"https:\/\/www.cultcaffe.at\/zh\/wp-json\/wp\/v2\/pages\/1244\/revisions\/18273"}],"wp:attachment":[{"href":"https:\/\/www.cultcaffe.at\/zh\/wp-json\/wp\/v2\/media?parent=1244"}],"curies":[{"name":"wp","href":"https:\/\/api.w.org\/{rel}","templated":true}]}}