{"id":19330,"date":"2026-01-30T11:22:15","date_gmt":"2026-01-30T10:22:15","guid":{"rendered":"https:\/\/www.cultcaffe.at\/?post_type=product&#038;p=19330"},"modified":"2026-02-18T15:39:51","modified_gmt":"2026-02-18T14:39:51","slug":"plne-automaticky-kavovar-smeg-classic-bcc11","status":"publish","type":"product","link":"https:\/\/www.cultcaffe.at\/sk\/produkt\/smeg-kaffeevollautomat-classic-bcc11\/","title":{"rendered":"Plne automatick\u00fd k\u00e1vovar SMEG Classic BCC11"},"content":{"rendered":"<h3 class=\"product-detail__title\">Technick\u00e9 \u0161pecifik\u00e1cie<\/h3>\n<div class=\"product-detail__content\">\n<div class=\"details layout__twoCol row\">\n<div class=\"col-sm\">\n<ul>\n<li id=\"sectionDetail-13\" class=\"detail\"><span class=\"detail__label\">Vykurovac\u00ed syst\u00e9m: <\/span><span class=\"detail__txt\">Termoblok<\/span><\/li>\n<li id=\"sectionDetail-13\" class=\"detail\"><span class=\"detail__label\">Odn\u00edmate\u013en\u00e1 varn\u00e1 jednotka<\/span><\/li>\n<li id=\"sectionDetail-13\" class=\"detail\"><span class=\"detail__label\">Integrovan\u00fd mlyn\u010dek na k\u00e1vu<\/span><\/li>\n<li id=\"sectionDetail-13\" class=\"detail\"><span class=\"detail__label\">Kapacita z\u00e1sobn\u00edka na k\u00e1vov\u00e9 zrn\u00e1: 1<\/span><span class=\"detail__txt\">50 g<\/span><\/li>\n<li id=\"sectionDetail-13\" class=\"detail\"><span class=\"detail__label\">Kapacita n\u00e1doby na k\u00e1vov\u00fa usadeninu (po\u010det k\u00e1vov\u00fdch usaden\u00edn): <\/span><span class=\"detail__txt\">7<\/span><\/li>\n<li class=\"detail\"><span class=\"detail__label\">Odn\u00edmate\u013en\u00e1 n\u00e1dr\u017e na vodu<\/span><\/li>\n<li class=\"detail\"><span class=\"detail__label\">Objem n\u00e1dr\u017ee na vodu: <\/span><span class=\"detail__txt\">1,4 l<\/span><\/li>\n<li class=\"detail\"><span class=\"detail__label\">Odn\u00edmate\u013en\u00e1 miska na zvy\u0161kov\u00fa vodu<\/span><\/li>\n<li class=\"detail\"><span class=\"detail__label\">Ve\u013ek\u00fd podnos na \u0161\u00e1lky<\/span><\/li>\n<li class=\"detail\"><span class=\"detail__label\">Tlak \u010derpadla: <\/span><span class=\"detail__txt\">19 barov<\/span><\/li>\n<\/ul>\n<h3 class=\"product-detail__title\">Elektrick\u00e9 pripojenie<\/h3>\n<div class=\"product-detail__content\">\n<div class=\"details layout__twoCol row\">\n<div class=\"col-sm\">\n<ul>\n<li><span class=\"detail__label\">Nap\u00e1jacia z\u00e1str\u010dka:<\/span><span class=\"detail__txt\">(F;E) Schuko<\/span><\/li>\n<li id=\"sectionDetail-15\" class=\"detail\"><span class=\"detail__label\">Nap\u00e4tie: <\/span><span class=\"detail__txt\">220 \u2013 240 V<\/span><\/li>\n<li class=\"detail\">Frekvencia: <span class=\"detail__txt\">50\/60 Hz<\/span><\/li>\n<li class=\"detail\">D\u013a\u017eka nap\u00e1jacieho k\u00e1bla: <span class=\"detail__txt\">1 m<\/span><\/li>\n<\/ul>\n<\/div>\n<\/div>\n<\/div>\n<\/div>\n<\/div>\n<\/div>\n<h3 class=\"product-detail__title\">\u0160tandardn\u00e9 pr\u00edslu\u0161enstvo<\/h3>\n<div class=\"product-detail__content\">\n<div class=\"details layout__twoCol\">\n<div class=\"detail\"><span class=\"detail__label\">\u010distiaca kefka<\/span><\/div>\n<div class=\"detail\"><span class=\"detail__label\">Testovacie pr\u00fa\u017eky\/tvrdos\u0165 vody<\/span><\/div>\n<div><\/div>\n<h4 class=\"product-detail__title\"><a href=\"https:\/\/www.cultcaffe.at\/wp-content\/uploads\/2026\/01\/BCC11BLMEU_de-DE-Lieferumfang.pdf\">BCC11BLMEU_de-DE Rozsah dod\u00e1vky<\/a><\/h4>\n<h4 class=\"product-detail__title\"><a style=\"font-size: 16px;\" href=\"https:\/\/www.cultcaffe.at\/wp-content\/uploads\/2026\/01\/Bedienungsanleitung-Smeg-Vollautomat-BCC11.pdf\">N\u00e1vod na obsluhu plne automatick\u00fd k\u00e1vovar Smeg BCC11<\/a><\/h4>\n<\/div>\n<\/div>","protected":false},"excerpt":{"rendered":"<div class=\"main__description\">Elegancia a minimalistick\u00fd dizajn nov\u00e9ho plne automatick\u00e9ho k\u00e1vovaru spln\u00ed v\u0161etky va\u0161e \u017eelania. \u010ci u\u017e ide o ristretto, espresso alebo americano.<\/div>\n<div class=\"main__description\">Plne automatick\u00fd k\u00e1vovar pon\u00faka \u0161peci\u00e1lny k\u00e1vov\u00fd z\u00e1\u017eitok.<\/div>\n<div class=\"main__description\">\n<ul>\n<li>Syst\u00e9m ohrevu Thermoblock pre r\u00fdchlu pr\u00edpravu k\u00e1vy a kon\u0161tantn\u00fa teplotu spa\u0159ovania a naparovania.<\/li>\n<li>Integrovan\u00fd mlyn\u010dek na k\u00e1vu. Vychutnajte si k\u00e1vu pripraven\u00fa z \u010derstvo zomlet\u00fdch k\u00e1vov\u00fdch z\u0155n.<\/li>\n<li>Intuit\u00edvne ovl\u00e1danie: Preh\u013eadn\u00e1 kl\u00e1vesnica pre funkcie ovl\u00e1dan\u00e9 jedn\u00fdm dotykom \u2013 rozmanit\u00e1 k\u00e1va stla\u010den\u00edm jedin\u00e9ho tla\u010didla.<\/li>\n<li>Kompaktn\u00fd a priestorovo \u00fasporn\u00fd<\/li>\n<li>Dr\u017eiak na poh\u00e1re z nehrdzavej\u00facej ocele sa d\u00e1 \u013eahko vybra\u0165, tak\u017ee sa pod v\u00fdpust k\u00e1vy zmestia aj v\u00e4\u010d\u0161ie poh\u00e1re na latte macchiato.<\/li>\n<li>Tlak \u010derpadla 19 barov: pre konzistentne optim\u00e1lnu extrakciu espressa.<\/li>\n<li>Multi-drinky: 7 k\u00e1vov\u00fdch n\u00e1pojov a funkcia pr\u00edpravy hor\u00facej vody<\/li>\n<\/ul>\n<\/div>","protected":false},"featured_media":19333,"template":"","meta":{"inline_featured_image":false},"product_brand":[],"product_cat":[314],"product_tag":[155,61,60,312,59,62,311,309,313],"class_list":{"0":"post-19330","1":"product","2":"type-product","3":"status-publish","4":"has-post-thumbnail","6":"product_cat-kaffeemaschinen","7":"product_tag-barista","8":"product_tag-cultcaffe","9":"product_tag-espresso","10":"product_tag-espressomaschine","11":"product_tag-kaffee","12":"product_tag-kaffeegenuss","13":"product_tag-kaffeemaschine","14":"product_tag-smeg","15":"product_tag-vollautomat","16":"product_shipping_class-kaffeemaschinen","18":"first","19":"instock","20":"taxable","21":"shipping-taxable","22":"purchasable","23":"product-type-variable"},"yoast_head":"<!-- This site is optimized with the Yoast SEO plugin v27.5 - https:\/\/yoast.com\/product\/yoast-seo-wordpress\/ -->\n<title>SMEG Kaffeevollautomat Classic BCC11 - CultCaff\u00e9 - die Bio Kaffee R\u00f6sterei<\/title>\n<meta name=\"robots\" content=\"index, follow, max-snippet:-1, max-image-preview:large, max-video-preview:-1\" \/>\n<link rel=\"canonical\" href=\"https:\/\/www.cultcaffe.at\/sk\/produkt\/plne-automaticky-kavovar-smeg-classic-bcc11\/\" \/>\n<meta property=\"og:locale\" content=\"sk_SK\" \/>\n<meta property=\"og:type\" content=\"article\" \/>\n<meta property=\"og:title\" content=\"SMEG Kaffeevollautomat Classic BCC11 - CultCaff\u00e9 - die Bio Kaffee R\u00f6sterei\" \/>\n<meta property=\"og:description\" content=\"Die Eleganz und das puristische Design des neuen Kaffeevollautomaten l\u00e4sst keine W\u00fcnsche offen. Egal ob Ristretto, Espresso oder Americano. Der Kaffeevollautomat bietet das besondere Kaffeeerlebnis.    Thermoblock-Heizsystem f\u00fcr eine schnelle Zubereitung des Kaffees und eine konstante Br\u00fch- und Dampftemperatur.  Integrierte Kaffeem\u00fchle. Kaffeegenuss aus frisch gemahlenen Kaffeebohnen.  Intuitive Bedienung: \u00dcbersichtliches Tastenfeld f\u00fcr One-Touch Funktionen - Kaffeevielfalt auf Knopfdruck  Kompakt und platzsparend  Der Tassentr\u00e4ger aus Edelstahl kann ganz einfach abgenommen werden, so passen auch gr\u00f6\u00dfere Latte Macchiato-Gl\u00e4ser unter den Kaffee-Auslauf.  19 bar Pumpendruck: f\u00fcr eine stets optimale Extraktion des Espressokaffees  Multigetr\u00e4nke: 7 Kaffeegetr\u00e4nke und Hei\u00dfwasserfunktion\" \/>\n<meta property=\"og:url\" content=\"https:\/\/www.cultcaffe.at\/sk\/produkt\/plne-automaticky-kavovar-smeg-classic-bcc11\/\" \/>\n<meta property=\"og:site_name\" content=\"CultCaff\u00e9 - die Bio Kaffee R\u00f6sterei\" \/>\n<meta property=\"article:publisher\" content=\"https:\/\/www.facebook.com\/p\/Cult-Caff%c3%a8-die-R%c3%b6sterei-100039719724703\/?locale=de_DE\" \/>\n<meta property=\"article:modified_time\" content=\"2026-02-18T14:39:51+00:00\" \/>\n<meta property=\"og:image\" content=\"https:\/\/www.cultcaffe.at\/wp-content\/uploads\/2026\/01\/BCC11BLMEU_9-Vollautomat-Kaffee.jpg\" \/>\n\t<meta property=\"og:image:width\" content=\"1300\" \/>\n\t<meta property=\"og:image:height\" content=\"1300\" \/>\n\t<meta property=\"og:image:type\" content=\"image\/jpeg\" \/>\n<meta name=\"twitter:card\" content=\"summary_large_image\" \/>\n<meta name=\"twitter:label1\" content=\"Dostupnos\u0165\" \/>\n\t<meta name=\"twitter:data1\" content=\"Na sklade\" \/>\n<script type=\"application\/ld+json\" class=\"yoast-schema-graph\">{\"@context\":\"https:\\\/\\\/schema.org\",\"@graph\":[{\"@type\":\"WebPage\",\"@id\":\"https:\\\/\\\/www.cultcaffe.at\\\/produkt\\\/smeg-kaffeevollautomat-classic-bcc11\\\/\",\"url\":\"https:\\\/\\\/www.cultcaffe.at\\\/produkt\\\/smeg-kaffeevollautomat-classic-bcc11\\\/\",\"name\":\"SMEG Kaffeevollautomat Classic BCC11 - CultCaff\u00e9 - die Bio Kaffee R\u00f6sterei\",\"isPartOf\":{\"@id\":\"https:\\\/\\\/www.cultcaffe.at\\\/#website\"},\"primaryImageOfPage\":{\"@id\":\"https:\\\/\\\/www.cultcaffe.at\\\/produkt\\\/smeg-kaffeevollautomat-classic-bcc11\\\/#primaryimage\"},\"image\":{\"@id\":\"https:\\\/\\\/www.cultcaffe.at\\\/produkt\\\/smeg-kaffeevollautomat-classic-bcc11\\\/#primaryimage\"},\"thumbnailUrl\":\"https:\\\/\\\/www.cultcaffe.at\\\/wp-content\\\/uploads\\\/2026\\\/01\\\/BCC11BLMEU_9-Vollautomat-Kaffee.jpg\",\"datePublished\":\"2026-01-30T10:22:15+00:00\",\"dateModified\":\"2026-02-18T14:39:51+00:00\",\"breadcrumb\":{\"@id\":\"https:\\\/\\\/www.cultcaffe.at\\\/produkt\\\/smeg-kaffeevollautomat-classic-bcc11\\\/#breadcrumb\"},\"inLanguage\":\"sk-SK\",\"potentialAction\":[{\"@type\":\"ReadAction\",\"target\":[\"https:\\\/\\\/www.cultcaffe.at\\\/produkt\\\/smeg-kaffeevollautomat-classic-bcc11\\\/\"]}]},{\"@type\":\"ImageObject\",\"inLanguage\":\"sk-SK\",\"@id\":\"https:\\\/\\\/www.cultcaffe.at\\\/produkt\\\/smeg-kaffeevollautomat-classic-bcc11\\\/#primaryimage\",\"url\":\"https:\\\/\\\/www.cultcaffe.at\\\/wp-content\\\/uploads\\\/2026\\\/01\\\/BCC11BLMEU_9-Vollautomat-Kaffee.jpg\",\"contentUrl\":\"https:\\\/\\\/www.cultcaffe.at\\\/wp-content\\\/uploads\\\/2026\\\/01\\\/BCC11BLMEU_9-Vollautomat-Kaffee.jpg\",\"width\":1300,\"height\":1300},{\"@type\":\"BreadcrumbList\",\"@id\":\"https:\\\/\\\/www.cultcaffe.at\\\/produkt\\\/smeg-kaffeevollautomat-classic-bcc11\\\/#breadcrumb\",\"itemListElement\":[{\"@type\":\"ListItem\",\"position\":1,\"name\":\"Startseite\",\"item\":\"https:\\\/\\\/www.cultcaffe.at\\\/\"},{\"@type\":\"ListItem\",\"position\":2,\"name\":\"Produkte\",\"item\":\"https:\\\/\\\/www.cultcaffe.at\\\/shop\\\/\"},{\"@type\":\"ListItem\",\"position\":3,\"name\":\"SMEG Kaffeevollautomat Classic BCC11\"}]},{\"@type\":\"WebSite\",\"@id\":\"https:\\\/\\\/www.cultcaffe.at\\\/#website\",\"url\":\"https:\\\/\\\/www.cultcaffe.at\\\/\",\"name\":\"CultCaff\u00e9 - die Bio Kaffee R\u00f6sterei\",\"description\":\"Liebe zum Kaffee\",\"publisher\":{\"@id\":\"https:\\\/\\\/www.cultcaffe.at\\\/#organization\"},\"potentialAction\":[{\"@type\":\"SearchAction\",\"target\":{\"@type\":\"EntryPoint\",\"urlTemplate\":\"https:\\\/\\\/www.cultcaffe.at\\\/?s={search_term_string}\"},\"query-input\":{\"@type\":\"PropertyValueSpecification\",\"valueRequired\":true,\"valueName\":\"search_term_string\"}}],\"inLanguage\":\"sk-SK\"},{\"@type\":[\"Organization\",\"Place\"],\"@id\":\"https:\\\/\\\/www.cultcaffe.at\\\/#organization\",\"name\":\"CultCaff\u00e9 Kaffeer\u00f6sterei GmbH\",\"alternateName\":\"CultCaff\u00e9\",\"url\":\"https:\\\/\\\/www.cultcaffe.at\\\/\",\"logo\":{\"@id\":\"https:\\\/\\\/www.cultcaffe.at\\\/produkt\\\/smeg-kaffeevollautomat-classic-bcc11\\\/#local-main-organization-logo\"},\"image\":{\"@id\":\"https:\\\/\\\/www.cultcaffe.at\\\/produkt\\\/smeg-kaffeevollautomat-classic-bcc11\\\/#local-main-organization-logo\"},\"sameAs\":[\"https:\\\/\\\/www.facebook.com\\\/p\\\/Cult-Caff\u00e8-die-R\u00f6sterei-100039719724703\\\/?locale=de_DE\",\"https:\\\/\\\/www.instagram.com\\\/cultcaffe.at\\\/\"],\"hasMerchantReturnPolicy\":{\"@type\":\"MerchantReturnPolicy\",\"merchantReturnLink\":\"https:\\\/\\\/www.cultcaffe.at\\\/sk\\\/agbs\\\/\"},\"telephone\":[],\"openingHoursSpecification\":[{\"@type\":\"OpeningHoursSpecification\",\"dayOfWeek\":[\"Monday\",\"Tuesday\",\"Wednesday\",\"Thursday\",\"Friday\",\"Saturday\",\"Sunday\"],\"opens\":\"09:00\",\"closes\":\"17:00\"}]},{\"@type\":\"ImageObject\",\"inLanguage\":\"sk-SK\",\"@id\":\"https:\\\/\\\/www.cultcaffe.at\\\/produkt\\\/smeg-kaffeevollautomat-classic-bcc11\\\/#local-main-organization-logo\",\"url\":\"https:\\\/\\\/www.cultcaffe.at\\\/wp-content\\\/uploads\\\/2023\\\/11\\\/cultcaffe_logo_regular_dark-1.svg\",\"contentUrl\":\"https:\\\/\\\/www.cultcaffe.at\\\/wp-content\\\/uploads\\\/2023\\\/11\\\/cultcaffe_logo_regular_dark-1.svg\",\"width\":756,\"height\":474,\"caption\":\"CultCaff\u00e9 Kaffeer\u00f6sterei GmbH\"}]}<\/script>\n<meta property=\"og:availability\" content=\"instock\" \/>\n<meta property=\"product:availability\" content=\"instock\" \/>\n<meta property=\"product:condition\" content=\"new\" \/>\n<!-- \/ Yoast SEO plugin. -->","yoast_head_json":{"title":"Plne automatick\u00fd k\u00e1vovar SMEG Classic BCC11 - CultCaff\u00e9 - pra\u017eiare\u0148 organickej k\u00e1vy","robots":{"index":"index","follow":"follow","max-snippet":"max-snippet:-1","max-image-preview":"max-image-preview:large","max-video-preview":"max-video-preview:-1"},"canonical":"https:\/\/www.cultcaffe.at\/sk\/produkt\/plne-automaticky-kavovar-smeg-classic-bcc11\/","og_locale":"sk_SK","og_type":"article","og_title":"SMEG Kaffeevollautomat Classic BCC11 - CultCaff\u00e9 - die Bio Kaffee R\u00f6sterei","og_description":"Die Eleganz und das puristische Design des neuen Kaffeevollautomaten l\u00e4sst keine W\u00fcnsche offen. Egal ob Ristretto, Espresso oder Americano. Der Kaffeevollautomat bietet das besondere Kaffeeerlebnis.    Thermoblock-Heizsystem f\u00fcr eine schnelle Zubereitung des Kaffees und eine konstante Br\u00fch- und Dampftemperatur.  Integrierte Kaffeem\u00fchle. Kaffeegenuss aus frisch gemahlenen Kaffeebohnen.  Intuitive Bedienung: \u00dcbersichtliches Tastenfeld f\u00fcr One-Touch Funktionen - Kaffeevielfalt auf Knopfdruck  Kompakt und platzsparend  Der Tassentr\u00e4ger aus Edelstahl kann ganz einfach abgenommen werden, so passen auch gr\u00f6\u00dfere Latte Macchiato-Gl\u00e4ser unter den Kaffee-Auslauf.  19 bar Pumpendruck: f\u00fcr eine stets optimale Extraktion des Espressokaffees  Multigetr\u00e4nke: 7 Kaffeegetr\u00e4nke und Hei\u00dfwasserfunktion","og_url":"https:\/\/www.cultcaffe.at\/sk\/produkt\/plne-automaticky-kavovar-smeg-classic-bcc11\/","og_site_name":"CultCaff\u00e9 - die Bio Kaffee R\u00f6sterei","article_publisher":"https:\/\/www.facebook.com\/p\/Cult-Caff%c3%a8-die-R%c3%b6sterei-100039719724703\/?locale=de_DE","article_modified_time":"2026-02-18T14:39:51+00:00","og_image":[{"width":1300,"height":1300,"url":"https:\/\/www.cultcaffe.at\/wp-content\/uploads\/2026\/01\/BCC11BLMEU_9-Vollautomat-Kaffee.jpg","type":"image\/jpeg"}],"twitter_card":"summary_large_image","twitter_misc":{"Dostupnos\u0165":"Na sklade"},"schema":{"@context":"https:\/\/schema.org","@graph":[{"@type":"WebPage","@id":"https:\/\/www.cultcaffe.at\/produkt\/smeg-kaffeevollautomat-classic-bcc11\/","url":"https:\/\/www.cultcaffe.at\/produkt\/smeg-kaffeevollautomat-classic-bcc11\/","name":"Plne automatick\u00fd k\u00e1vovar SMEG Classic BCC11 - CultCaff\u00e9 - pra\u017eiare\u0148 organickej k\u00e1vy","isPartOf":{"@id":"https:\/\/www.cultcaffe.at\/#website"},"primaryImageOfPage":{"@id":"https:\/\/www.cultcaffe.at\/produkt\/smeg-kaffeevollautomat-classic-bcc11\/#primaryimage"},"image":{"@id":"https:\/\/www.cultcaffe.at\/produkt\/smeg-kaffeevollautomat-classic-bcc11\/#primaryimage"},"thumbnailUrl":"https:\/\/www.cultcaffe.at\/wp-content\/uploads\/2026\/01\/BCC11BLMEU_9-Vollautomat-Kaffee.jpg","datePublished":"2026-01-30T10:22:15+00:00","dateModified":"2026-02-18T14:39:51+00:00","breadcrumb":{"@id":"https:\/\/www.cultcaffe.at\/produkt\/smeg-kaffeevollautomat-classic-bcc11\/#breadcrumb"},"inLanguage":"sk-SK","potentialAction":[{"@type":"ReadAction","target":["https:\/\/www.cultcaffe.at\/produkt\/smeg-kaffeevollautomat-classic-bcc11\/"]}]},{"@type":"ImageObject","inLanguage":"sk-SK","@id":"https:\/\/www.cultcaffe.at\/produkt\/smeg-kaffeevollautomat-classic-bcc11\/#primaryimage","url":"https:\/\/www.cultcaffe.at\/wp-content\/uploads\/2026\/01\/BCC11BLMEU_9-Vollautomat-Kaffee.jpg","contentUrl":"https:\/\/www.cultcaffe.at\/wp-content\/uploads\/2026\/01\/BCC11BLMEU_9-Vollautomat-Kaffee.jpg","width":1300,"height":1300},{"@type":"BreadcrumbList","@id":"https:\/\/www.cultcaffe.at\/produkt\/smeg-kaffeevollautomat-classic-bcc11\/#breadcrumb","itemListElement":[{"@type":"ListItem","position":1,"name":"Startseite","item":"https:\/\/www.cultcaffe.at\/"},{"@type":"ListItem","position":2,"name":"Produkte","item":"https:\/\/www.cultcaffe.at\/shop\/"},{"@type":"ListItem","position":3,"name":"SMEG Kaffeevollautomat Classic BCC11"}]},{"@type":"WebSite","@id":"https:\/\/www.cultcaffe.at\/#website","url":"https:\/\/www.cultcaffe.at\/","name":"CultCaff\u00e9 - pra\u017eiare\u0148 organickej k\u00e1vy","description":"L\u00e1ska ku k\u00e1ve","publisher":{"@id":"https:\/\/www.cultcaffe.at\/#organization"},"potentialAction":[{"@type":"SearchAction","target":{"@type":"EntryPoint","urlTemplate":"https:\/\/www.cultcaffe.at\/?s={search_term_string}"},"query-input":{"@type":"PropertyValueSpecification","valueRequired":true,"valueName":"search_term_string"}}],"inLanguage":"sk-SK"},{"@type":["Organization","Place"],"@id":"https:\/\/www.cultcaffe.at\/#organization","name":"CultCaff\u00e9 Coffee Roastery GmbH","alternateName":"CultCaff\u00e9","url":"https:\/\/www.cultcaffe.at\/","logo":{"@id":"https:\/\/www.cultcaffe.at\/produkt\/smeg-kaffeevollautomat-classic-bcc11\/#local-main-organization-logo"},"image":{"@id":"https:\/\/www.cultcaffe.at\/produkt\/smeg-kaffeevollautomat-classic-bcc11\/#local-main-organization-logo"},"sameAs":["https:\/\/www.facebook.com\/p\/Cult-Caff\u00e8-die-R\u00f6sterei-100039719724703\/?locale=de_DE","https:\/\/www.instagram.com\/cultcaffe.at\/"],"hasMerchantReturnPolicy":{"@type":"MerchantReturnPolicy","merchantReturnLink":"https:\/\/www.cultcaffe.at\/sk\/agbs\/"},"telephone":[],"openingHoursSpecification":[{"@type":"OpeningHoursSpecification","dayOfWeek":["Monday","Tuesday","Wednesday","Thursday","Friday","Saturday","Sunday"],"opens":"09:00","closes":"17:00"}]},{"@type":"ImageObject","inLanguage":"sk-SK","@id":"https:\/\/www.cultcaffe.at\/produkt\/smeg-kaffeevollautomat-classic-bcc11\/#local-main-organization-logo","url":"https:\/\/www.cultcaffe.at\/wp-content\/uploads\/2023\/11\/cultcaffe_logo_regular_dark-1.svg","contentUrl":"https:\/\/www.cultcaffe.at\/wp-content\/uploads\/2023\/11\/cultcaffe_logo_regular_dark-1.svg","width":756,"height":474,"caption":"CultCaff\u00e9 Kaffeer\u00f6sterei GmbH"}]},"og_availability":"instock","product_availability":"instock","product_condition":"new"},"_links":{"self":[{"href":"https:\/\/www.cultcaffe.at\/sk\/wp-json\/wp\/v2\/product\/19330","targetHints":{"allow":["GET"]}}],"collection":[{"href":"https:\/\/www.cultcaffe.at\/sk\/wp-json\/wp\/v2\/product"}],"about":[{"href":"https:\/\/www.cultcaffe.at\/sk\/wp-json\/wp\/v2\/types\/product"}],"wp:featuredmedia":[{"embeddable":true,"href":"https:\/\/www.cultcaffe.at\/sk\/wp-json\/wp\/v2\/media\/19333"}],"wp:attachment":[{"href":"https:\/\/www.cultcaffe.at\/sk\/wp-json\/wp\/v2\/media?parent=19330"}],"wp:term":[{"taxonomy":"product_brand","embeddable":true,"href":"https:\/\/www.cultcaffe.at\/sk\/wp-json\/wp\/v2\/product_brand?post=19330"},{"taxonomy":"product_cat","embeddable":true,"href":"https:\/\/www.cultcaffe.at\/sk\/wp-json\/wp\/v2\/product_cat?post=19330"},{"taxonomy":"product_tag","embeddable":true,"href":"https:\/\/www.cultcaffe.at\/sk\/wp-json\/wp\/v2\/product_tag?post=19330"}],"curies":[{"name":"pracovn\u00fd list","href":"https:\/\/api.w.org\/{rel}","templated":true}]}}