{"id":19312,"date":"2026-01-29T12:57:25","date_gmt":"2026-01-29T11:57:25","guid":{"rendered":"https:\/\/www.cultcaffe.at\/?post_type=product&#038;p=19312"},"modified":"2026-01-29T13:04:43","modified_gmt":"2026-01-29T12:04:43","slug":"cajove-vrecusko-male-podakovanie","status":"publish","type":"product","link":"https:\/\/www.cultcaffe.at\/sk\/produkt\/teesaeckchen-ein-kleines-dankeschoen\/","title":{"rendered":"\u010cajov\u00e9 vrec\u00fa\u0161ka \u201emal\u00e9 po\u010fakovanie\u201c"},"content":{"rendered":"<ul>\n<li>Zmes ovocn\u00e9ho \u010daju s pr\u00edchu\u0165ou maliny a vanilky<\/li>\n<li>Ide\u00e1lne ako premyslen\u00fd dar\u010dek alebo mal\u00fd prejav uznania<\/li>\n<li>Vychutnajte si tepl\u00e9 alebo studen\u00e9<\/li>\n<li>Mno\u017estvo: 20 g<\/li>\n<li>Rozmery: 8,5 x 12,5 cm<\/li>\n<\/ul>\n<p>&nbsp;<\/p>\n<p><strong>Zmes ovocn\u00e9ho \u010daju s pr\u00edchu\u0165ou maliny a vanilky, pr\u00edrodne ochuten\u00e1\u00a0<\/strong><\/p>\n<p>Ovocn\u00fd \u010daj \u201eMal\u00e1 v\u010faka\u201c je skvel\u00fd dar\u010dek pre va\u0161ich bl\u00edzkych, perfektn\u00fd sp\u00f4sob, ako sa po\u010fakova\u0165. Alebo si ho m\u00f4\u017eete dopria\u0165 sami. So sladk\u00fdmi malinov\u00fdmi a vanilkov\u00fdmi t\u00f3nmi tento \u010daj pote\u0161\u00ed mlad\u00fdch aj star\u00fdch a je perfektn\u00fdm dar\u010dekom od srdca. V zime v\u00e1s zahreje zvn\u00fatra a v lete si ho m\u00f4\u017eete vychutna\u0165 studen\u00fd s kockami \u013eadu ako ovocn\u00fd \u013eadov\u00fd \u010daj. Ide\u00e1lny na rann\u00fd \u0161\u00e1lku \u010daju alebo popolud\u0148aj\u0161\u00ed \u010daj s va\u0161ou milovanou osobou.<\/p>\n<p>&nbsp;<\/p>\n<p><strong>Tu je n\u00e1vod, ako si jednoducho pripravi\u0165 1 liter \u010daju:<\/strong><\/p>\n<ol>\n<li>Do \u010dajn\u00edka dajte 4-5 \u010dajov\u00fdch ly\u017ei\u010diek \u010daju.<\/li>\n<li>Zalejte jedn\u00fdm litrom vriacej vody (100 \u00b0C).<\/li>\n<li>Nechajte \u010daj l\u00fahova\u0165 pribli\u017ene 10-12 min\u00fat.<\/li>\n<li>Pridajte cukor a med pod\u013ea chuti.<\/li>\n<li>Vychutnajte si \u0161\u00e1lku tepl\u00e9ho \u010daju!<\/li>\n<\/ol>\n<ul id=\"Slider-template--23572438090061__multicolumn_JaPdez\" class=\"multicolumn-list contains-content-container grid grid--1-col-tablet-down grid--2-col-desktop\" role=\"list\">\n<li id=\"Slide-template--23572438090061__multicolumn_JaPdez-2\" class=\"multicolumn-list__item grid__item\">\n<div class=\"multicolumn-card content-container\">\n<div class=\"multicolumn-card__info\">\n<h3 class=\"inline-richtext\">Tipy<\/h3>\n<div class=\"rte\">\n<p><span class=\"metafield-multi_line_text_field\">Pridan\u00edm kociek \u013eadu a ovocia sa \u010daj v lete premen\u00ed na osvie\u017euj\u00faci \u013eadov\u00fd \u010daj.<\/span><\/p>\n<\/div>\n<\/div>\n<\/div>\n<\/li>\n<\/ul>","protected":false},"excerpt":{"rendered":"<ul>\n<li>Zmes ovocn\u00e9ho \u010daju s pr\u00edchu\u0165ou maliny a vanilky<\/li>\n<li>Ide\u00e1lne ako premyslen\u00fd dar\u010dek alebo mal\u00fd prejav uznania<\/li>\n<li>Vychutnajte si tepl\u00e9 alebo studen\u00e9<\/li>\n<li>Mno\u017estvo: 20 g<\/li>\n<\/ul>","protected":false},"featured_media":19313,"template":"","meta":{"inline_featured_image":false},"product_brand":[],"product_cat":[42,211],"product_tag":[94,307,95,87,298,133],"class_list":{"0":"post-19312","1":"product","2":"type-product","3":"status-publish","4":"has-post-thumbnail","6":"product_cat-tee","7":"product_cat-geschenkideen","8":"product_tag-cult-caffe","9":"product_tag-danke","10":"product_tag-geschenk","11":"product_tag-tee","12":"product_tag-teegenuss","13":"product_tag-weihnachtsgeschenk","15":"first","16":"instock","17":"taxable","18":"shipping-taxable","19":"purchasable","20":"product-type-simple"},"yoast_head":"<!-- This site is optimized with the Yoast SEO plugin v27.6 - https:\/\/yoast.com\/product\/yoast-seo-wordpress\/ -->\n<title>Tees\u00e4ckchen &quot;ein kleines Dankesch\u00f6n&quot; - CultCaff\u00e9 - die Bio Kaffee R\u00f6sterei<\/title>\n<meta name=\"robots\" content=\"index, follow, max-snippet:-1, max-image-preview:large, max-video-preview:-1\" \/>\n<link rel=\"canonical\" href=\"https:\/\/www.cultcaffe.at\/sk\/produkt\/cajove-vrecusko-male-podakovanie\/\" \/>\n<meta property=\"og:locale\" content=\"sk_SK\" \/>\n<meta property=\"og:type\" content=\"article\" \/>\n<meta property=\"og:title\" content=\"Tees\u00e4ckchen &quot;ein kleines Dankesch\u00f6n&quot; - CultCaff\u00e9 - die Bio Kaffee R\u00f6sterei\" \/>\n<meta property=\"og:description\" content=\"Fr\u00fcchteteemischung mit Himbeer-Vanille-Geschmack  Ideal als liebevolles Geschenk oder kleine Aufmerksamkeit  hei\u00df oder kalt zu genie\u00dfen  Menge: 20 g\" \/>\n<meta property=\"og:url\" content=\"https:\/\/www.cultcaffe.at\/sk\/produkt\/cajove-vrecusko-male-podakovanie\/\" \/>\n<meta property=\"og:site_name\" content=\"CultCaff\u00e9 - die Bio Kaffee R\u00f6sterei\" \/>\n<meta property=\"article:publisher\" content=\"https:\/\/www.facebook.com\/p\/Cult-Caff%c3%a8-die-R%c3%b6sterei-100039719724703\/?locale=de_DE\" \/>\n<meta property=\"article:modified_time\" content=\"2026-01-29T12:04:43+00:00\" \/>\n<meta property=\"og:image\" content=\"https:\/\/www.cultcaffe.at\/wp-content\/uploads\/2026\/01\/Tee-Danke-1.webp\" \/>\n\t<meta property=\"og:image:width\" content=\"713\" \/>\n\t<meta property=\"og:image:height\" content=\"713\" \/>\n\t<meta property=\"og:image:type\" content=\"image\/webp\" \/>\n<meta name=\"twitter:card\" content=\"summary_large_image\" \/>\n<meta name=\"twitter:label1\" content=\"Cena\" \/>\n\t<meta name=\"twitter:data1\" content=\"&euro;&nbsp;4,40\" \/>\n\t<meta name=\"twitter:label2\" content=\"Dostupnos\u0165\" \/>\n\t<meta name=\"twitter:data2\" content=\"Na sklade\" \/>\n<script type=\"application\/ld+json\" class=\"yoast-schema-graph\">{\"@context\":\"https:\\\/\\\/schema.org\",\"@graph\":[{\"@type\":\"WebPage\",\"@id\":\"https:\\\/\\\/www.cultcaffe.at\\\/produkt\\\/teesaeckchen-ein-kleines-dankeschoen\\\/\",\"url\":\"https:\\\/\\\/www.cultcaffe.at\\\/produkt\\\/teesaeckchen-ein-kleines-dankeschoen\\\/\",\"name\":\"Tees\u00e4ckchen \\\"ein kleines Dankesch\u00f6n\\\" - CultCaff\u00e9 - die Bio Kaffee R\u00f6sterei\",\"isPartOf\":{\"@id\":\"https:\\\/\\\/www.cultcaffe.at\\\/#website\"},\"primaryImageOfPage\":{\"@id\":\"https:\\\/\\\/www.cultcaffe.at\\\/produkt\\\/teesaeckchen-ein-kleines-dankeschoen\\\/#primaryimage\"},\"image\":{\"@id\":\"https:\\\/\\\/www.cultcaffe.at\\\/produkt\\\/teesaeckchen-ein-kleines-dankeschoen\\\/#primaryimage\"},\"thumbnailUrl\":\"https:\\\/\\\/www.cultcaffe.at\\\/wp-content\\\/uploads\\\/2026\\\/01\\\/Tee-Danke-1.webp\",\"datePublished\":\"2026-01-29T11:57:25+00:00\",\"dateModified\":\"2026-01-29T12:04:43+00:00\",\"breadcrumb\":{\"@id\":\"https:\\\/\\\/www.cultcaffe.at\\\/produkt\\\/teesaeckchen-ein-kleines-dankeschoen\\\/#breadcrumb\"},\"inLanguage\":\"sk-SK\",\"potentialAction\":[{\"@type\":\"ReadAction\",\"target\":[\"https:\\\/\\\/www.cultcaffe.at\\\/produkt\\\/teesaeckchen-ein-kleines-dankeschoen\\\/\"]}]},{\"@type\":\"ImageObject\",\"inLanguage\":\"sk-SK\",\"@id\":\"https:\\\/\\\/www.cultcaffe.at\\\/produkt\\\/teesaeckchen-ein-kleines-dankeschoen\\\/#primaryimage\",\"url\":\"https:\\\/\\\/www.cultcaffe.at\\\/wp-content\\\/uploads\\\/2026\\\/01\\\/Tee-Danke-1.webp\",\"contentUrl\":\"https:\\\/\\\/www.cultcaffe.at\\\/wp-content\\\/uploads\\\/2026\\\/01\\\/Tee-Danke-1.webp\",\"width\":713,\"height\":713},{\"@type\":\"BreadcrumbList\",\"@id\":\"https:\\\/\\\/www.cultcaffe.at\\\/produkt\\\/teesaeckchen-ein-kleines-dankeschoen\\\/#breadcrumb\",\"itemListElement\":[{\"@type\":\"ListItem\",\"position\":1,\"name\":\"Startseite\",\"item\":\"https:\\\/\\\/www.cultcaffe.at\\\/\"},{\"@type\":\"ListItem\",\"position\":2,\"name\":\"Produkte\",\"item\":\"https:\\\/\\\/www.cultcaffe.at\\\/shop\\\/\"},{\"@type\":\"ListItem\",\"position\":3,\"name\":\"Tees\u00e4ckchen &#8222;ein kleines Dankesch\u00f6n&#8220;\"}]},{\"@type\":\"WebSite\",\"@id\":\"https:\\\/\\\/www.cultcaffe.at\\\/#website\",\"url\":\"https:\\\/\\\/www.cultcaffe.at\\\/\",\"name\":\"CultCaff\u00e9 - die Bio Kaffee R\u00f6sterei\",\"description\":\"Liebe zum Kaffee\",\"publisher\":{\"@id\":\"https:\\\/\\\/www.cultcaffe.at\\\/#organization\"},\"potentialAction\":[{\"@type\":\"SearchAction\",\"target\":{\"@type\":\"EntryPoint\",\"urlTemplate\":\"https:\\\/\\\/www.cultcaffe.at\\\/?s={search_term_string}\"},\"query-input\":{\"@type\":\"PropertyValueSpecification\",\"valueRequired\":true,\"valueName\":\"search_term_string\"}}],\"inLanguage\":\"sk-SK\"},{\"@type\":[\"Organization\",\"Place\"],\"@id\":\"https:\\\/\\\/www.cultcaffe.at\\\/#organization\",\"name\":\"CultCaff\u00e9 Kaffeer\u00f6sterei GmbH\",\"alternateName\":\"CultCaff\u00e9\",\"url\":\"https:\\\/\\\/www.cultcaffe.at\\\/\",\"logo\":{\"@id\":\"https:\\\/\\\/www.cultcaffe.at\\\/produkt\\\/teesaeckchen-ein-kleines-dankeschoen\\\/#local-main-organization-logo\"},\"image\":{\"@id\":\"https:\\\/\\\/www.cultcaffe.at\\\/produkt\\\/teesaeckchen-ein-kleines-dankeschoen\\\/#local-main-organization-logo\"},\"sameAs\":[\"https:\\\/\\\/www.facebook.com\\\/p\\\/Cult-Caff\u00e8-die-R\u00f6sterei-100039719724703\\\/?locale=de_DE\",\"https:\\\/\\\/www.instagram.com\\\/cultcaffe.at\\\/\"],\"hasMerchantReturnPolicy\":{\"@type\":\"MerchantReturnPolicy\",\"merchantReturnLink\":\"https:\\\/\\\/www.cultcaffe.at\\\/sk\\\/agbs\\\/\"},\"telephone\":[],\"openingHoursSpecification\":[{\"@type\":\"OpeningHoursSpecification\",\"dayOfWeek\":[\"Monday\",\"Tuesday\",\"Wednesday\",\"Thursday\",\"Friday\",\"Saturday\",\"Sunday\"],\"opens\":\"09:00\",\"closes\":\"17:00\"}]},{\"@type\":\"ImageObject\",\"inLanguage\":\"sk-SK\",\"@id\":\"https:\\\/\\\/www.cultcaffe.at\\\/produkt\\\/teesaeckchen-ein-kleines-dankeschoen\\\/#local-main-organization-logo\",\"url\":\"https:\\\/\\\/www.cultcaffe.at\\\/wp-content\\\/uploads\\\/2023\\\/11\\\/cultcaffe_logo_regular_dark-1.svg\",\"contentUrl\":\"https:\\\/\\\/www.cultcaffe.at\\\/wp-content\\\/uploads\\\/2023\\\/11\\\/cultcaffe_logo_regular_dark-1.svg\",\"width\":756,\"height\":474,\"caption\":\"CultCaff\u00e9 Kaffeer\u00f6sterei GmbH\"}]}<\/script>\n<meta property=\"product:price:amount\" content=\"4.40\" \/>\n<meta property=\"product:price:currency\" content=\"EUR\" \/>\n<meta property=\"og:availability\" content=\"instock\" \/>\n<meta property=\"product:availability\" content=\"instock\" \/>\n<meta property=\"product:condition\" content=\"new\" \/>\n<!-- \/ Yoast SEO plugin. -->","yoast_head_json":{"title":"\u010cajov\u00e9 vrec\u00fa\u0161ka \"mal\u00e9 po\u010fakovanie\" - CultCaff\u00e9 - pra\u017eiare\u0148 organickej k\u00e1vy","robots":{"index":"index","follow":"follow","max-snippet":"max-snippet:-1","max-image-preview":"max-image-preview:large","max-video-preview":"max-video-preview:-1"},"canonical":"https:\/\/www.cultcaffe.at\/sk\/produkt\/cajove-vrecusko-male-podakovanie\/","og_locale":"sk_SK","og_type":"article","og_title":"Tees\u00e4ckchen \"ein kleines Dankesch\u00f6n\" - CultCaff\u00e9 - die Bio Kaffee R\u00f6sterei","og_description":"Fr\u00fcchteteemischung mit Himbeer-Vanille-Geschmack  Ideal als liebevolles Geschenk oder kleine Aufmerksamkeit  hei\u00df oder kalt zu genie\u00dfen  Menge: 20 g","og_url":"https:\/\/www.cultcaffe.at\/sk\/produkt\/cajove-vrecusko-male-podakovanie\/","og_site_name":"CultCaff\u00e9 - die Bio Kaffee R\u00f6sterei","article_publisher":"https:\/\/www.facebook.com\/p\/Cult-Caff%c3%a8-die-R%c3%b6sterei-100039719724703\/?locale=de_DE","article_modified_time":"2026-01-29T12:04:43+00:00","og_image":[{"width":713,"height":713,"url":"https:\/\/www.cultcaffe.at\/wp-content\/uploads\/2026\/01\/Tee-Danke-1.webp","type":"image\/webp"}],"twitter_card":"summary_large_image","twitter_misc":{"Cena":"&euro;&nbsp;4,40","Dostupnos\u0165":"Na sklade"},"schema":{"@context":"https:\/\/schema.org","@graph":[{"@type":"WebPage","@id":"https:\/\/www.cultcaffe.at\/produkt\/teesaeckchen-ein-kleines-dankeschoen\/","url":"https:\/\/www.cultcaffe.at\/produkt\/teesaeckchen-ein-kleines-dankeschoen\/","name":"\u010cajov\u00e9 vrec\u00fa\u0161ka \"mal\u00e9 po\u010fakovanie\" - CultCaff\u00e9 - pra\u017eiare\u0148 organickej k\u00e1vy","isPartOf":{"@id":"https:\/\/www.cultcaffe.at\/#website"},"primaryImageOfPage":{"@id":"https:\/\/www.cultcaffe.at\/produkt\/teesaeckchen-ein-kleines-dankeschoen\/#primaryimage"},"image":{"@id":"https:\/\/www.cultcaffe.at\/produkt\/teesaeckchen-ein-kleines-dankeschoen\/#primaryimage"},"thumbnailUrl":"https:\/\/www.cultcaffe.at\/wp-content\/uploads\/2026\/01\/Tee-Danke-1.webp","datePublished":"2026-01-29T11:57:25+00:00","dateModified":"2026-01-29T12:04:43+00:00","breadcrumb":{"@id":"https:\/\/www.cultcaffe.at\/produkt\/teesaeckchen-ein-kleines-dankeschoen\/#breadcrumb"},"inLanguage":"sk-SK","potentialAction":[{"@type":"ReadAction","target":["https:\/\/www.cultcaffe.at\/produkt\/teesaeckchen-ein-kleines-dankeschoen\/"]}]},{"@type":"ImageObject","inLanguage":"sk-SK","@id":"https:\/\/www.cultcaffe.at\/produkt\/teesaeckchen-ein-kleines-dankeschoen\/#primaryimage","url":"https:\/\/www.cultcaffe.at\/wp-content\/uploads\/2026\/01\/Tee-Danke-1.webp","contentUrl":"https:\/\/www.cultcaffe.at\/wp-content\/uploads\/2026\/01\/Tee-Danke-1.webp","width":713,"height":713},{"@type":"BreadcrumbList","@id":"https:\/\/www.cultcaffe.at\/produkt\/teesaeckchen-ein-kleines-dankeschoen\/#breadcrumb","itemListElement":[{"@type":"ListItem","position":1,"name":"Startseite","item":"https:\/\/www.cultcaffe.at\/"},{"@type":"ListItem","position":2,"name":"Produkte","item":"https:\/\/www.cultcaffe.at\/shop\/"},{"@type":"ListItem","position":3,"name":"Tees\u00e4ckchen &#8222;ein kleines Dankesch\u00f6n&#8220;"}]},{"@type":"WebSite","@id":"https:\/\/www.cultcaffe.at\/#website","url":"https:\/\/www.cultcaffe.at\/","name":"CultCaff\u00e9 - pra\u017eiare\u0148 organickej k\u00e1vy","description":"L\u00e1ska ku k\u00e1ve","publisher":{"@id":"https:\/\/www.cultcaffe.at\/#organization"},"potentialAction":[{"@type":"SearchAction","target":{"@type":"EntryPoint","urlTemplate":"https:\/\/www.cultcaffe.at\/?s={search_term_string}"},"query-input":{"@type":"PropertyValueSpecification","valueRequired":true,"valueName":"search_term_string"}}],"inLanguage":"sk-SK"},{"@type":["Organization","Place"],"@id":"https:\/\/www.cultcaffe.at\/#organization","name":"CultCaff\u00e9 Coffee Roastery GmbH","alternateName":"CultCaff\u00e9","url":"https:\/\/www.cultcaffe.at\/","logo":{"@id":"https:\/\/www.cultcaffe.at\/produkt\/teesaeckchen-ein-kleines-dankeschoen\/#local-main-organization-logo"},"image":{"@id":"https:\/\/www.cultcaffe.at\/produkt\/teesaeckchen-ein-kleines-dankeschoen\/#local-main-organization-logo"},"sameAs":["https:\/\/www.facebook.com\/p\/Cult-Caff\u00e8-die-R\u00f6sterei-100039719724703\/?locale=de_DE","https:\/\/www.instagram.com\/cultcaffe.at\/"],"hasMerchantReturnPolicy":{"@type":"MerchantReturnPolicy","merchantReturnLink":"https:\/\/www.cultcaffe.at\/sk\/agbs\/"},"telephone":[],"openingHoursSpecification":[{"@type":"OpeningHoursSpecification","dayOfWeek":["Monday","Tuesday","Wednesday","Thursday","Friday","Saturday","Sunday"],"opens":"09:00","closes":"17:00"}]},{"@type":"ImageObject","inLanguage":"sk-SK","@id":"https:\/\/www.cultcaffe.at\/produkt\/teesaeckchen-ein-kleines-dankeschoen\/#local-main-organization-logo","url":"https:\/\/www.cultcaffe.at\/wp-content\/uploads\/2023\/11\/cultcaffe_logo_regular_dark-1.svg","contentUrl":"https:\/\/www.cultcaffe.at\/wp-content\/uploads\/2023\/11\/cultcaffe_logo_regular_dark-1.svg","width":756,"height":474,"caption":"CultCaff\u00e9 Kaffeer\u00f6sterei GmbH"}]},"product_price_amount":"4.40","product_price_currency":"EUR","og_availability":"instock","product_availability":"instock","product_condition":"new"},"_links":{"self":[{"href":"https:\/\/www.cultcaffe.at\/sk\/wp-json\/wp\/v2\/product\/19312","targetHints":{"allow":["GET"]}}],"collection":[{"href":"https:\/\/www.cultcaffe.at\/sk\/wp-json\/wp\/v2\/product"}],"about":[{"href":"https:\/\/www.cultcaffe.at\/sk\/wp-json\/wp\/v2\/types\/product"}],"wp:featuredmedia":[{"embeddable":true,"href":"https:\/\/www.cultcaffe.at\/sk\/wp-json\/wp\/v2\/media\/19313"}],"wp:attachment":[{"href":"https:\/\/www.cultcaffe.at\/sk\/wp-json\/wp\/v2\/media?parent=19312"}],"wp:term":[{"taxonomy":"product_brand","embeddable":true,"href":"https:\/\/www.cultcaffe.at\/sk\/wp-json\/wp\/v2\/product_brand?post=19312"},{"taxonomy":"product_cat","embeddable":true,"href":"https:\/\/www.cultcaffe.at\/sk\/wp-json\/wp\/v2\/product_cat?post=19312"},{"taxonomy":"product_tag","embeddable":true,"href":"https:\/\/www.cultcaffe.at\/sk\/wp-json\/wp\/v2\/product_tag?post=19312"}],"curies":[{"name":"pracovn\u00fd list","href":"https:\/\/api.w.org\/{rel}","templated":true}]}}