{"id":15566,"date":"2024-09-27T11:37:20","date_gmt":"2024-09-27T09:37:20","guid":{"rendered":"https:\/\/www.cultcaffe.at\/?post_type=product&#038;p=15566"},"modified":"2024-09-27T11:42:54","modified_gmt":"2024-09-27T09:42:54","slug":"hubky-z-lufy-armset-kiss-3-ks","status":"publish","type":"product","link":"https:\/\/www.cultcaffe.at\/sk\/produkt\/achselkuss-luffaschwaemme-3-stk\/","title":{"rendered":"Hubky z lufy Arpit Kiss 3 ks."},"content":{"rendered":"<p><strong>Obsah: 3 hubky z lufy na um\u00fdvanie mydla alebo telov\u00fd peeling<\/strong><\/p>\n<p>Dotyk lufy ako ve\u013ek\u00e1 l\u00e1ska k v\u00e1\u0161mu mydlu: Jemn\u00e1 lufov\u00e1 podlo\u017eka absorbuje vlhkos\u0165 a umo\u017e\u0148uje mydlu r\u00fdchlej\u0161ie schn\u00fa\u0165.<\/p>\n<p><strong>Jemn\u00e1 \u0161pongia. Siln\u00fd \u00fa\u010dinok.<\/strong>\u00a0Pr\u00edrodn\u00e1 \u0161pongia vyroben\u00e1 zo su\u0161enej a lisovanej tekvice je skuto\u010dne viac ne\u017e len zelenina: m\u00f4\u017eete ju pou\u017ei\u0165 ako misku na mydlo, peeling a spolo\u010dn\u00edka na cesty.<\/p>\n<p>V sade ACHSELKUSS z\u00edskate\u00a0<strong>3 \u0161pongie z lufy<\/strong>. V\u0161estrann\u00e9 podlo\u017eky s\u00fa odoln\u00e9 a nesk\u00f4r kompostovate\u013en\u00e9.<\/p>\n<p><strong>Cestovn\u00e1 sada:<\/strong>\u00a0V\u00a0<a href=\"https:\/\/achselkuss.at\/upcycling\/\">pr\u00e1zdne plechovky ACHSELKUSS<\/a>\u00a0\u0160pongia z lufy sa stane cestovnou poste\u013eou pre v\u00e1s\u00a0<strong>Mydlo<\/strong>. Ide\u00e1lne na cesty alebo ako miska na mydlo v k\u00fape\u013eni.<\/p>\n<p>\u0160pongie z lufy maj\u00fa mnoho vyu\u017eit\u00ed:<\/p>\n<ul>\n<li><strong>Ako miska na mydlo:<\/strong>\u00a0Po pou\u017eit\u00ed polo\u017ete mydlo na \u0161pongiu. Zvy\u0161ky mydla pravidelne oplachujte.<\/li>\n<li><strong>Ako peeling:<\/strong>\u00a0Pre peelingov\u00fd efekt jemne vmas\u00edrujte mydlov\u00fa penu do poko\u017eky tela pomocou dobre navlh\u010denej \u0161pongie z lufy. D\u00f4kladne opl\u00e1chnite poko\u017eku a \u0161pongiu a nechajte lufu uschn\u00fa\u0165 na vzduchu. Na cel\u00e9 telo, okrem tv\u00e1re.<\/li>\n<li><strong>Kompostovate\u013en\u00e9<\/strong>Ke\u010f sa \u0161pongia z lufy jedn\u00e9ho d\u0148a u\u017e ned\u00e1 pou\u017ei\u0165, m\u00f4\u017eete ju vyhodi\u0165 do organick\u00e9ho odpadu alebo do kompostu.<\/li>\n<li><strong>Upozor\u0148ujeme<\/strong>\u017ee sa pr\u00edrodn\u00fd produkt pou\u017e\u00edva s mydlom\u00a0<strong>zafarbi\u0165<\/strong>\u00a0alebo sa m\u00f4\u017eu uvo\u013eni\u0165 mal\u00e9 nite. Toto nezni\u017euje kvalitu ani funkciu \u0161pongie.<\/li>\n<li><strong>Such\u00fd<\/strong>\u00a0obchod<\/li>\n<\/ul>\n<p><strong>Jednoducho prirodzen\u00e9:<\/strong>\u00a0Lufa je pr\u00edrodn\u00fd produkt vyroben\u00fd z tekvice.\u00a0<em>(Luffa aegyptiaca)<\/em>.<\/p>","protected":false},"excerpt":{"rendered":"<p><strong>Obsah: 3 hubky z lufy na um\u00fdvanie mydla alebo telov\u00fd peeling<\/strong><\/p>","protected":false},"featured_media":15567,"template":"","meta":{"inline_featured_image":false},"product_brand":[],"product_cat":[211,214],"product_tag":[145,61,134,139,140,130],"class_list":{"0":"post-15566","1":"product","2":"type-product","3":"status-publish","4":"has-post-thumbnail","6":"product_cat-geschenkideen","7":"product_cat-kaffeeseife-achselkuss-deo","8":"product_tag-achselkuss","9":"product_tag-cultcaffe","10":"product_tag-geschenke","11":"product_tag-geschenkidee","12":"product_tag-seife","13":"product_tag-weihnachten","15":"first","16":"instock","17":"taxable","18":"shipping-taxable","19":"purchasable","20":"product-type-simple"},"yoast_head":"<!-- This site is optimized with the Yoast SEO plugin v27.6 - https:\/\/yoast.com\/product\/yoast-seo-wordpress\/ -->\n<title>Achselkuss Luffaschw\u00e4mme 3 Stk. - CultCaff\u00e9 - die Bio Kaffee R\u00f6sterei<\/title>\n<meta name=\"robots\" content=\"index, follow, max-snippet:-1, max-image-preview:large, max-video-preview:-1\" \/>\n<link rel=\"canonical\" href=\"https:\/\/www.cultcaffe.at\/sk\/produkt\/hubky-z-lufy-armset-kiss-3-ks\/\" \/>\n<meta property=\"og:locale\" content=\"sk_SK\" \/>\n<meta property=\"og:type\" content=\"article\" \/>\n<meta property=\"og:title\" content=\"Achselkuss Luffaschw\u00e4mme 3 Stk. - CultCaff\u00e9 - die Bio Kaffee R\u00f6sterei\" \/>\n<meta property=\"og:description\" content=\"Inhalt: 3 St\u00fcck Luffa-Schw\u00e4mme als Seifenablage oder K\u00f6rperpeeling\" \/>\n<meta property=\"og:url\" content=\"https:\/\/www.cultcaffe.at\/sk\/produkt\/hubky-z-lufy-armset-kiss-3-ks\/\" \/>\n<meta property=\"og:site_name\" content=\"CultCaff\u00e9 - die Bio Kaffee R\u00f6sterei\" \/>\n<meta property=\"article:publisher\" content=\"https:\/\/www.facebook.com\/p\/Cult-Caff%c3%a8-die-R%c3%b6sterei-100039719724703\/?locale=de_DE\" \/>\n<meta property=\"article:modified_time\" content=\"2024-09-27T09:42:54+00:00\" \/>\n<meta property=\"og:image\" content=\"https:\/\/www.cultcaffe.at\/wp-content\/uploads\/2024\/09\/ACHSELKUSS-Luffa-Schwamm.jpg\" \/>\n\t<meta property=\"og:image:width\" content=\"1200\" \/>\n\t<meta property=\"og:image:height\" content=\"1200\" \/>\n\t<meta property=\"og:image:type\" content=\"image\/jpeg\" \/>\n<meta name=\"twitter:card\" content=\"summary_large_image\" \/>\n<meta name=\"twitter:label1\" content=\"Cena\" \/>\n\t<meta name=\"twitter:data1\" content=\"&euro;&nbsp;5,00\" \/>\n\t<meta name=\"twitter:label2\" content=\"Dostupnos\u0165\" \/>\n\t<meta name=\"twitter:data2\" content=\"Na sklade\" \/>\n<script type=\"application\/ld+json\" class=\"yoast-schema-graph\">{\"@context\":\"https:\\\/\\\/schema.org\",\"@graph\":[{\"@type\":\"WebPage\",\"@id\":\"https:\\\/\\\/www.cultcaffe.at\\\/produkt\\\/achselkuss-luffaschwaemme-3-stk\\\/\",\"url\":\"https:\\\/\\\/www.cultcaffe.at\\\/produkt\\\/achselkuss-luffaschwaemme-3-stk\\\/\",\"name\":\"Achselkuss Luffaschw\u00e4mme 3 Stk. - CultCaff\u00e9 - die Bio Kaffee R\u00f6sterei\",\"isPartOf\":{\"@id\":\"https:\\\/\\\/www.cultcaffe.at\\\/#website\"},\"primaryImageOfPage\":{\"@id\":\"https:\\\/\\\/www.cultcaffe.at\\\/produkt\\\/achselkuss-luffaschwaemme-3-stk\\\/#primaryimage\"},\"image\":{\"@id\":\"https:\\\/\\\/www.cultcaffe.at\\\/produkt\\\/achselkuss-luffaschwaemme-3-stk\\\/#primaryimage\"},\"thumbnailUrl\":\"https:\\\/\\\/www.cultcaffe.at\\\/wp-content\\\/uploads\\\/2024\\\/09\\\/ACHSELKUSS-Luffa-Schwamm.jpg\",\"datePublished\":\"2024-09-27T09:37:20+00:00\",\"dateModified\":\"2024-09-27T09:42:54+00:00\",\"breadcrumb\":{\"@id\":\"https:\\\/\\\/www.cultcaffe.at\\\/produkt\\\/achselkuss-luffaschwaemme-3-stk\\\/#breadcrumb\"},\"inLanguage\":\"sk-SK\",\"potentialAction\":[{\"@type\":\"ReadAction\",\"target\":[\"https:\\\/\\\/www.cultcaffe.at\\\/produkt\\\/achselkuss-luffaschwaemme-3-stk\\\/\"]}]},{\"@type\":\"ImageObject\",\"inLanguage\":\"sk-SK\",\"@id\":\"https:\\\/\\\/www.cultcaffe.at\\\/produkt\\\/achselkuss-luffaschwaemme-3-stk\\\/#primaryimage\",\"url\":\"https:\\\/\\\/www.cultcaffe.at\\\/wp-content\\\/uploads\\\/2024\\\/09\\\/ACHSELKUSS-Luffa-Schwamm.jpg\",\"contentUrl\":\"https:\\\/\\\/www.cultcaffe.at\\\/wp-content\\\/uploads\\\/2024\\\/09\\\/ACHSELKUSS-Luffa-Schwamm.jpg\",\"width\":1200,\"height\":1200},{\"@type\":\"BreadcrumbList\",\"@id\":\"https:\\\/\\\/www.cultcaffe.at\\\/produkt\\\/achselkuss-luffaschwaemme-3-stk\\\/#breadcrumb\",\"itemListElement\":[{\"@type\":\"ListItem\",\"position\":1,\"name\":\"Startseite\",\"item\":\"https:\\\/\\\/www.cultcaffe.at\\\/\"},{\"@type\":\"ListItem\",\"position\":2,\"name\":\"Produkte\",\"item\":\"https:\\\/\\\/www.cultcaffe.at\\\/shop\\\/\"},{\"@type\":\"ListItem\",\"position\":3,\"name\":\"Achselkuss Luffaschw\u00e4mme 3 Stk.\"}]},{\"@type\":\"WebSite\",\"@id\":\"https:\\\/\\\/www.cultcaffe.at\\\/#website\",\"url\":\"https:\\\/\\\/www.cultcaffe.at\\\/\",\"name\":\"CultCaff\u00e9 - die Bio Kaffee R\u00f6sterei\",\"description\":\"Liebe zum Kaffee\",\"publisher\":{\"@id\":\"https:\\\/\\\/www.cultcaffe.at\\\/#organization\"},\"potentialAction\":[{\"@type\":\"SearchAction\",\"target\":{\"@type\":\"EntryPoint\",\"urlTemplate\":\"https:\\\/\\\/www.cultcaffe.at\\\/?s={search_term_string}\"},\"query-input\":{\"@type\":\"PropertyValueSpecification\",\"valueRequired\":true,\"valueName\":\"search_term_string\"}}],\"inLanguage\":\"sk-SK\"},{\"@type\":[\"Organization\",\"Place\"],\"@id\":\"https:\\\/\\\/www.cultcaffe.at\\\/#organization\",\"name\":\"CultCaff\u00e9 Kaffeer\u00f6sterei GmbH\",\"alternateName\":\"CultCaff\u00e9\",\"url\":\"https:\\\/\\\/www.cultcaffe.at\\\/\",\"logo\":{\"@id\":\"https:\\\/\\\/www.cultcaffe.at\\\/produkt\\\/achselkuss-luffaschwaemme-3-stk\\\/#local-main-organization-logo\"},\"image\":{\"@id\":\"https:\\\/\\\/www.cultcaffe.at\\\/produkt\\\/achselkuss-luffaschwaemme-3-stk\\\/#local-main-organization-logo\"},\"sameAs\":[\"https:\\\/\\\/www.facebook.com\\\/p\\\/Cult-Caff\u00e8-die-R\u00f6sterei-100039719724703\\\/?locale=de_DE\",\"https:\\\/\\\/www.instagram.com\\\/cultcaffe.at\\\/\"],\"hasMerchantReturnPolicy\":{\"@type\":\"MerchantReturnPolicy\",\"merchantReturnLink\":\"https:\\\/\\\/www.cultcaffe.at\\\/sk\\\/agbs\\\/\"},\"telephone\":[],\"openingHoursSpecification\":[{\"@type\":\"OpeningHoursSpecification\",\"dayOfWeek\":[\"Monday\",\"Tuesday\",\"Wednesday\",\"Thursday\",\"Friday\",\"Saturday\",\"Sunday\"],\"opens\":\"09:00\",\"closes\":\"17:00\"}]},{\"@type\":\"ImageObject\",\"inLanguage\":\"sk-SK\",\"@id\":\"https:\\\/\\\/www.cultcaffe.at\\\/produkt\\\/achselkuss-luffaschwaemme-3-stk\\\/#local-main-organization-logo\",\"url\":\"https:\\\/\\\/www.cultcaffe.at\\\/wp-content\\\/uploads\\\/2023\\\/11\\\/cultcaffe_logo_regular_dark-1.svg\",\"contentUrl\":\"https:\\\/\\\/www.cultcaffe.at\\\/wp-content\\\/uploads\\\/2023\\\/11\\\/cultcaffe_logo_regular_dark-1.svg\",\"width\":756,\"height\":474,\"caption\":\"CultCaff\u00e9 Kaffeer\u00f6sterei GmbH\"}]}<\/script>\n<meta property=\"product:price:amount\" content=\"5.00\" \/>\n<meta property=\"product:price:currency\" content=\"EUR\" \/>\n<meta property=\"og:availability\" content=\"instock\" \/>\n<meta property=\"product:availability\" content=\"instock\" \/>\n<meta property=\"product:condition\" content=\"new\" \/>\n<!-- \/ Yoast SEO plugin. -->","yoast_head_json":{"title":"Hubky z lufy Armpit Kiss 3 ks - CultCaff\u00e9 - pra\u017eiare\u0148 organickej k\u00e1vy","robots":{"index":"index","follow":"follow","max-snippet":"max-snippet:-1","max-image-preview":"max-image-preview:large","max-video-preview":"max-video-preview:-1"},"canonical":"https:\/\/www.cultcaffe.at\/sk\/produkt\/hubky-z-lufy-armset-kiss-3-ks\/","og_locale":"sk_SK","og_type":"article","og_title":"Achselkuss Luffaschw\u00e4mme 3 Stk. - CultCaff\u00e9 - die Bio Kaffee R\u00f6sterei","og_description":"Inhalt: 3 St\u00fcck Luffa-Schw\u00e4mme als Seifenablage oder K\u00f6rperpeeling","og_url":"https:\/\/www.cultcaffe.at\/sk\/produkt\/hubky-z-lufy-armset-kiss-3-ks\/","og_site_name":"CultCaff\u00e9 - die Bio Kaffee R\u00f6sterei","article_publisher":"https:\/\/www.facebook.com\/p\/Cult-Caff%c3%a8-die-R%c3%b6sterei-100039719724703\/?locale=de_DE","article_modified_time":"2024-09-27T09:42:54+00:00","og_image":[{"width":1200,"height":1200,"url":"https:\/\/www.cultcaffe.at\/wp-content\/uploads\/2024\/09\/ACHSELKUSS-Luffa-Schwamm.jpg","type":"image\/jpeg"}],"twitter_card":"summary_large_image","twitter_misc":{"Cena":"&euro;&nbsp;5,00","Dostupnos\u0165":"Na sklade"},"schema":{"@context":"https:\/\/schema.org","@graph":[{"@type":"WebPage","@id":"https:\/\/www.cultcaffe.at\/produkt\/achselkuss-luffaschwaemme-3-stk\/","url":"https:\/\/www.cultcaffe.at\/produkt\/achselkuss-luffaschwaemme-3-stk\/","name":"Hubky z lufy Armpit Kiss 3 ks - CultCaff\u00e9 - pra\u017eiare\u0148 organickej k\u00e1vy","isPartOf":{"@id":"https:\/\/www.cultcaffe.at\/#website"},"primaryImageOfPage":{"@id":"https:\/\/www.cultcaffe.at\/produkt\/achselkuss-luffaschwaemme-3-stk\/#primaryimage"},"image":{"@id":"https:\/\/www.cultcaffe.at\/produkt\/achselkuss-luffaschwaemme-3-stk\/#primaryimage"},"thumbnailUrl":"https:\/\/www.cultcaffe.at\/wp-content\/uploads\/2024\/09\/ACHSELKUSS-Luffa-Schwamm.jpg","datePublished":"2024-09-27T09:37:20+00:00","dateModified":"2024-09-27T09:42:54+00:00","breadcrumb":{"@id":"https:\/\/www.cultcaffe.at\/produkt\/achselkuss-luffaschwaemme-3-stk\/#breadcrumb"},"inLanguage":"sk-SK","potentialAction":[{"@type":"ReadAction","target":["https:\/\/www.cultcaffe.at\/produkt\/achselkuss-luffaschwaemme-3-stk\/"]}]},{"@type":"ImageObject","inLanguage":"sk-SK","@id":"https:\/\/www.cultcaffe.at\/produkt\/achselkuss-luffaschwaemme-3-stk\/#primaryimage","url":"https:\/\/www.cultcaffe.at\/wp-content\/uploads\/2024\/09\/ACHSELKUSS-Luffa-Schwamm.jpg","contentUrl":"https:\/\/www.cultcaffe.at\/wp-content\/uploads\/2024\/09\/ACHSELKUSS-Luffa-Schwamm.jpg","width":1200,"height":1200},{"@type":"BreadcrumbList","@id":"https:\/\/www.cultcaffe.at\/produkt\/achselkuss-luffaschwaemme-3-stk\/#breadcrumb","itemListElement":[{"@type":"ListItem","position":1,"name":"Startseite","item":"https:\/\/www.cultcaffe.at\/"},{"@type":"ListItem","position":2,"name":"Produkte","item":"https:\/\/www.cultcaffe.at\/shop\/"},{"@type":"ListItem","position":3,"name":"Achselkuss Luffaschw\u00e4mme 3 Stk."}]},{"@type":"WebSite","@id":"https:\/\/www.cultcaffe.at\/#website","url":"https:\/\/www.cultcaffe.at\/","name":"CultCaff\u00e9 - pra\u017eiare\u0148 organickej k\u00e1vy","description":"L\u00e1ska ku k\u00e1ve","publisher":{"@id":"https:\/\/www.cultcaffe.at\/#organization"},"potentialAction":[{"@type":"SearchAction","target":{"@type":"EntryPoint","urlTemplate":"https:\/\/www.cultcaffe.at\/?s={search_term_string}"},"query-input":{"@type":"PropertyValueSpecification","valueRequired":true,"valueName":"search_term_string"}}],"inLanguage":"sk-SK"},{"@type":["Organization","Place"],"@id":"https:\/\/www.cultcaffe.at\/#organization","name":"CultCaff\u00e9 Coffee Roastery GmbH","alternateName":"CultCaff\u00e9","url":"https:\/\/www.cultcaffe.at\/","logo":{"@id":"https:\/\/www.cultcaffe.at\/produkt\/achselkuss-luffaschwaemme-3-stk\/#local-main-organization-logo"},"image":{"@id":"https:\/\/www.cultcaffe.at\/produkt\/achselkuss-luffaschwaemme-3-stk\/#local-main-organization-logo"},"sameAs":["https:\/\/www.facebook.com\/p\/Cult-Caff\u00e8-die-R\u00f6sterei-100039719724703\/?locale=de_DE","https:\/\/www.instagram.com\/cultcaffe.at\/"],"hasMerchantReturnPolicy":{"@type":"MerchantReturnPolicy","merchantReturnLink":"https:\/\/www.cultcaffe.at\/sk\/agbs\/"},"telephone":[],"openingHoursSpecification":[{"@type":"OpeningHoursSpecification","dayOfWeek":["Monday","Tuesday","Wednesday","Thursday","Friday","Saturday","Sunday"],"opens":"09:00","closes":"17:00"}]},{"@type":"ImageObject","inLanguage":"sk-SK","@id":"https:\/\/www.cultcaffe.at\/produkt\/achselkuss-luffaschwaemme-3-stk\/#local-main-organization-logo","url":"https:\/\/www.cultcaffe.at\/wp-content\/uploads\/2023\/11\/cultcaffe_logo_regular_dark-1.svg","contentUrl":"https:\/\/www.cultcaffe.at\/wp-content\/uploads\/2023\/11\/cultcaffe_logo_regular_dark-1.svg","width":756,"height":474,"caption":"CultCaff\u00e9 Kaffeer\u00f6sterei GmbH"}]},"product_price_amount":"5.00","product_price_currency":"EUR","og_availability":"instock","product_availability":"instock","product_condition":"new"},"_links":{"self":[{"href":"https:\/\/www.cultcaffe.at\/sk\/wp-json\/wp\/v2\/product\/15566","targetHints":{"allow":["GET"]}}],"collection":[{"href":"https:\/\/www.cultcaffe.at\/sk\/wp-json\/wp\/v2\/product"}],"about":[{"href":"https:\/\/www.cultcaffe.at\/sk\/wp-json\/wp\/v2\/types\/product"}],"wp:featuredmedia":[{"embeddable":true,"href":"https:\/\/www.cultcaffe.at\/sk\/wp-json\/wp\/v2\/media\/15567"}],"wp:attachment":[{"href":"https:\/\/www.cultcaffe.at\/sk\/wp-json\/wp\/v2\/media?parent=15566"}],"wp:term":[{"taxonomy":"product_brand","embeddable":true,"href":"https:\/\/www.cultcaffe.at\/sk\/wp-json\/wp\/v2\/product_brand?post=15566"},{"taxonomy":"product_cat","embeddable":true,"href":"https:\/\/www.cultcaffe.at\/sk\/wp-json\/wp\/v2\/product_cat?post=15566"},{"taxonomy":"product_tag","embeddable":true,"href":"https:\/\/www.cultcaffe.at\/sk\/wp-json\/wp\/v2\/product_tag?post=15566"}],"curies":[{"name":"pracovn\u00fd list","href":"https:\/\/api.w.org\/{rel}","templated":true}]}}