{"id":15551,"date":"2024-09-27T11:32:53","date_gmt":"2024-09-27T09:32:53","guid":{"rendered":"https:\/\/www.cultcaffe.at\/?post_type=product&#038;p=15551"},"modified":"2024-09-27T11:46:16","modified_gmt":"2024-09-27T09:46:16","slug":"mydlo-na-holenie-pokozky-a-chlpkov-v-podpazusi-70-g","status":"publish","type":"product","link":"https:\/\/www.cultcaffe.at\/sk\/produkt\/achselkuss-seife-haut-haare-rasur-70g\/","title":{"rendered":"Mydlo Arpit Kiss na poko\u017eku\/vlasy\/holenie 70g"},"content":{"rendered":"<div class=\"feature-item col-lg-3 col-sm-6 wow slideInUp\">\n<p><strong>Peniac od \u0161\u0165astia.<br \/>\n<\/strong><strong>Na poko\u017eku, vlasy a holenie.<br \/>\n<\/strong><strong>Vhodn\u00e9 pre v\u0161etky typy pleti a v\u0161etky typy vlasov<\/strong><\/p>\n<p><strong>Jeden pre v\u0161etko:\u00a0<\/strong>Mydlo ACHSELKUSS \u010dist\u00ed a rozmazn\u00e1va telo, vlasy a bradu a z\u00e1rove\u0148 umo\u017e\u0148uje jemn\u00e9 holenie. Takto potrebujete menej produktov a u\u0161etr\u00edte peniaze, miesto a odpad.<\/p>\n<p><strong>Vybran\u00e9 esenci\u00e1lne oleje<\/strong>\u00a0dodaj\u00fa pr\u00edrodn\u00e9mu mydlu svie\u017eu, tepl\u00fa pomaran\u010dov\u00fa v\u00f4\u0148u a zlep\u0161ia va\u0161u n\u00e1ladu pri sprchovan\u00ed alebo um\u00fdvan\u00ed vlasov \u010di r\u00fak.<\/p>\n<p>Okr\u00fahla mydlov\u00e1 ty\u010dinka sa jemne zahryzne do ruky a jemn\u00fa penu si m\u00f4\u017eete bez n\u00e1mahy rozotrie\u0165 po poko\u017eke alebo vlasoch.\u00a0<strong>Vysokokvalitn\u00e9 organick\u00e9 zlo\u017eky, cenn\u00e9 rastlinn\u00e9 oleje a rastlinn\u00e1 voda<\/strong>\u00a0maj\u00fa hydrata\u010dn\u00fd \u00fa\u010dinok a chr\u00e1nia poko\u017eku pred vysu\u0161en\u00edm. Mydlo zanech\u00e1va jemn\u00fd a hebk\u00fd pocit bez ak\u00fdchko\u013evek zvy\u0161kov.<\/p>\n<p><strong>Region\u00e1lnos\u0165 a star\u00e9 remesl\u00e1:\u00a0<\/strong>Pr\u00edrodn\u00e9 mydlo sa vyr\u00e1ba s l\u00e1skou a ru\u010dne v Rak\u00fasku a mie\u0161a sa za studena tradi\u010dn\u00fdmi met\u00f3dami.<\/p>\n<p><strong>Va\u0161e cestovn\u00e9 mydlo:\u00a0<\/strong>Ako tuh\u00fd sprchov\u00fd g\u00e9l alebo tuh\u00fd \u0161amp\u00f3n v\u00e1m toto mydlo pon\u00faka dodato\u010dn\u00fa bezpe\u010dnos\u0165 na cest\u00e1ch a je ide\u00e1lne do pr\u00edru\u010dnej bato\u017einy. Mydlo\u00a0<strong>perfektne sa hod\u00ed\u00a0<a href=\"https:\/\/achselkuss.at\/upcycling\/\">pr\u00e1zdne plechovky ACHSELKUSS<\/a><\/strong>, volite\u013ene s\u00a0<strong>Disk z lufy,<\/strong>\u00a0na zhroma\u017e\u010fovanie prebyto\u010dnej vody.<\/p>\n<p>&nbsp;<\/p>\n<p><span style=\"color: #800000;\"><strong>Aplik\u00e1cia:<br \/>\n<\/strong><\/span>Vysokokvalitn\u00e9 mydlo ACHSELKUSS je ide\u00e1lne na ka\u017edodenn\u00fa starostlivos\u0165 o telo, vlasy a holenie.<\/p>\n<ul>\n<li><strong>\u010distenie<\/strong>\u010ci u\u017e v sprche alebo pri um\u00fdvadle: Nape\u0148te si mydlo v ruk\u00e1ch alebo priamo na poko\u017eku, vlasy \u010di bradu, jemne vmas\u00edrujte a vychutnajte si jemn\u00fa v\u00f4\u0148u. D\u00f4kladne opl\u00e1chnite a v pr\u00edpade potreby opakujte. Pena sa hod\u00ed aj na tv\u00e1r, ale vyhnite sa oblasti o\u010d\u00ed.<\/li>\n<li><strong>holi\u0165 sa<\/strong>Navlh\u010dite po\u017eadovan\u00fa \u010das\u0165 tela vodou, nape\u0148te mydlo v ruk\u00e1ch alebo priamo na tele a penu opatrne rozotrite. Oho\u013ete sa a v pr\u00edpade potreby postup zopakujte. Zvy\u0161ky mydla opatrne opl\u00e1chnite.<\/li>\n<li><strong>Po pou\u017eit\u00ed\u00a0<\/strong>Nechajte mydlo uschn\u00fa\u0165 na vzduchu, napr\u00edklad na \u0161pongiovom vank\u00fa\u0161iku alebo inej miske na mydlo, aby prebyto\u010dn\u00e1 voda mohla odtiec\u0165 \u2013 v\u010faka tomu mydlo vydr\u017e\u00ed obzvl\u00e1\u0161\u0165 dlho. Aj ke\u010f mydlo e\u0161te nepou\u017e\u00edvate, skladujte ho na suchom mieste.<\/li>\n<li>Miluje v\u0161etky typy pleti a vlasov, ale\u00a0<strong>\u017eiadny o\u010dn\u00fd kontakt<\/strong>.<\/li>\n<\/ul>\n<p>&nbsp;<\/p>\n<p><strong><span style=\"color: #800000;\">Zlo\u017eenie:<br \/>\n<\/span><\/strong>Olivov\u00fd olej*, kokosov\u00fd olej*, slne\u010dnicov\u00fd olej*, mand\u013eov\u00fd olej*, jojobov\u00fd olej*, smrekov\u00e1 voda*, pr\u00e1\u0161ok z kore\u0148a kosatca, pomaran\u010dov\u00fd esenci\u00e1lny olej*, citr\u00f3nov\u00fd esenci\u00e1lny olej*, citronelov\u00fd esenci\u00e1lny olej*, biely \u00edl, \u017elt\u00fd \u00edl<\/p>\n<p><em>Zlo\u017eenie:<\/em>\u00a0Oliv\u00e1t sodn\u00fd*, koko\u00e1t sodn\u00fd*, slne\u010dnicov\u00fd olej sodn\u00fd*, slivka amygdalus dulcis*, olej zo semien Simmondsia chinensis*, glycer\u00edn\u00b0, voda z Picea abies*, pr\u00e1\u0161ok z kosatca florentina, olej z k\u00f4ry Citrus sinensis*, olej z k\u00f4ry Citrus limon*, olej z Cymbopogon winterianus*, kaol\u00edn, ilit<\/p>\n<p><em>*Z kontrolovan\u00e9ho ekologick\u00e9ho po\u013enohospod\u00e1rstva<br \/>\n<\/em><em>\u00b0Prirodzen\u00e1 zlo\u017eka rastlinn\u00fdch olejov; Pr\u00edrodn\u00e9 zlo\u017eky esenci\u00e1lnych olejov: Limon\u00e9n, Citronellol, Citral, Eugenol, Isoeugenol, Linalool<\/em><\/p>\n<\/div>","protected":false},"excerpt":{"rendered":"<p><strong>Peniac od \u0161\u0165astia.<\/strong><\/p>\n<p><strong>Na poko\u017eku, vlasy a holenie.<\/strong><\/p>\n<p><strong>Vhodn\u00e9 pre v\u0161etky typy pleti a v\u0161etky typy vlasov<\/strong><\/p>","protected":false},"featured_media":15562,"template":"","meta":{"inline_featured_image":false},"product_brand":[],"product_cat":[211,214],"product_tag":[145,61,134,139,140,130],"class_list":{"0":"post-15551","1":"product","2":"type-product","3":"status-publish","4":"has-post-thumbnail","6":"product_cat-geschenkideen","7":"product_cat-kaffeeseife-achselkuss-deo","8":"product_tag-achselkuss","9":"product_tag-cultcaffe","10":"product_tag-geschenke","11":"product_tag-geschenkidee","12":"product_tag-seife","13":"product_tag-weihnachten","15":"first","16":"instock","17":"taxable","18":"shipping-taxable","19":"purchasable","20":"product-type-simple"},"yoast_head":"<!-- This site is optimized with the Yoast SEO plugin v27.6 - https:\/\/yoast.com\/product\/yoast-seo-wordpress\/ -->\n<title>Achselkuss Seife Haut\/Haare\/Rasur 70g - CultCaff\u00e9 - die Bio Kaffee R\u00f6sterei<\/title>\n<meta name=\"robots\" content=\"index, follow, max-snippet:-1, max-image-preview:large, max-video-preview:-1\" \/>\n<link rel=\"canonical\" href=\"https:\/\/www.cultcaffe.at\/sk\/produkt\/mydlo-na-holenie-pokozky-a-chlpkov-v-podpazusi-70-g\/\" \/>\n<meta property=\"og:locale\" content=\"sk_SK\" \/>\n<meta property=\"og:type\" content=\"article\" \/>\n<meta property=\"og:title\" content=\"Achselkuss Seife Haut\/Haare\/Rasur 70g - CultCaff\u00e9 - die Bio Kaffee R\u00f6sterei\" \/>\n<meta property=\"og:description\" content=\"Sch\u00e4umt vor Gl\u00fcck.  F\u00fcr Haut, Haare &amp; Rasur.  Geeignet f\u00fcr alle Hauttypen und alle Haartypen\" \/>\n<meta property=\"og:url\" content=\"https:\/\/www.cultcaffe.at\/sk\/produkt\/mydlo-na-holenie-pokozky-a-chlpkov-v-podpazusi-70-g\/\" \/>\n<meta property=\"og:site_name\" content=\"CultCaff\u00e9 - die Bio Kaffee R\u00f6sterei\" \/>\n<meta property=\"article:publisher\" content=\"https:\/\/www.facebook.com\/p\/Cult-Caff%c3%a8-die-R%c3%b6sterei-100039719724703\/?locale=de_DE\" \/>\n<meta property=\"article:modified_time\" content=\"2024-09-27T09:46:16+00:00\" \/>\n<meta property=\"og:image\" content=\"https:\/\/www.cultcaffe.at\/wp-content\/uploads\/2024\/09\/ACHSELKUSS-Seife-Haut-Haare-Rasur.jpg\" \/>\n\t<meta property=\"og:image:width\" content=\"1200\" \/>\n\t<meta property=\"og:image:height\" content=\"1200\" \/>\n\t<meta property=\"og:image:type\" content=\"image\/jpeg\" \/>\n<meta name=\"twitter:card\" content=\"summary_large_image\" \/>\n<meta name=\"twitter:label1\" content=\"Cena\" \/>\n\t<meta name=\"twitter:data1\" content=\"&euro;&nbsp;13,00\" \/>\n\t<meta name=\"twitter:label2\" content=\"Dostupnos\u0165\" \/>\n\t<meta name=\"twitter:data2\" content=\"Na sklade\" \/>\n<script type=\"application\/ld+json\" class=\"yoast-schema-graph\">{\"@context\":\"https:\\\/\\\/schema.org\",\"@graph\":[{\"@type\":\"WebPage\",\"@id\":\"https:\\\/\\\/www.cultcaffe.at\\\/produkt\\\/achselkuss-seife-haut-haare-rasur-70g\\\/\",\"url\":\"https:\\\/\\\/www.cultcaffe.at\\\/produkt\\\/achselkuss-seife-haut-haare-rasur-70g\\\/\",\"name\":\"Achselkuss Seife Haut\\\/Haare\\\/Rasur 70g - CultCaff\u00e9 - die Bio Kaffee R\u00f6sterei\",\"isPartOf\":{\"@id\":\"https:\\\/\\\/www.cultcaffe.at\\\/#website\"},\"primaryImageOfPage\":{\"@id\":\"https:\\\/\\\/www.cultcaffe.at\\\/produkt\\\/achselkuss-seife-haut-haare-rasur-70g\\\/#primaryimage\"},\"image\":{\"@id\":\"https:\\\/\\\/www.cultcaffe.at\\\/produkt\\\/achselkuss-seife-haut-haare-rasur-70g\\\/#primaryimage\"},\"thumbnailUrl\":\"https:\\\/\\\/www.cultcaffe.at\\\/wp-content\\\/uploads\\\/2024\\\/09\\\/ACHSELKUSS-Seife-Haut-Haare-Rasur.jpg\",\"datePublished\":\"2024-09-27T09:32:53+00:00\",\"dateModified\":\"2024-09-27T09:46:16+00:00\",\"breadcrumb\":{\"@id\":\"https:\\\/\\\/www.cultcaffe.at\\\/produkt\\\/achselkuss-seife-haut-haare-rasur-70g\\\/#breadcrumb\"},\"inLanguage\":\"sk-SK\",\"potentialAction\":[{\"@type\":\"ReadAction\",\"target\":[\"https:\\\/\\\/www.cultcaffe.at\\\/produkt\\\/achselkuss-seife-haut-haare-rasur-70g\\\/\"]}]},{\"@type\":\"ImageObject\",\"inLanguage\":\"sk-SK\",\"@id\":\"https:\\\/\\\/www.cultcaffe.at\\\/produkt\\\/achselkuss-seife-haut-haare-rasur-70g\\\/#primaryimage\",\"url\":\"https:\\\/\\\/www.cultcaffe.at\\\/wp-content\\\/uploads\\\/2024\\\/09\\\/ACHSELKUSS-Seife-Haut-Haare-Rasur.jpg\",\"contentUrl\":\"https:\\\/\\\/www.cultcaffe.at\\\/wp-content\\\/uploads\\\/2024\\\/09\\\/ACHSELKUSS-Seife-Haut-Haare-Rasur.jpg\",\"width\":1200,\"height\":1200},{\"@type\":\"BreadcrumbList\",\"@id\":\"https:\\\/\\\/www.cultcaffe.at\\\/produkt\\\/achselkuss-seife-haut-haare-rasur-70g\\\/#breadcrumb\",\"itemListElement\":[{\"@type\":\"ListItem\",\"position\":1,\"name\":\"Startseite\",\"item\":\"https:\\\/\\\/www.cultcaffe.at\\\/\"},{\"@type\":\"ListItem\",\"position\":2,\"name\":\"Produkte\",\"item\":\"https:\\\/\\\/www.cultcaffe.at\\\/shop\\\/\"},{\"@type\":\"ListItem\",\"position\":3,\"name\":\"Achselkuss Seife Haut\\\/Haare\\\/Rasur 70g\"}]},{\"@type\":\"WebSite\",\"@id\":\"https:\\\/\\\/www.cultcaffe.at\\\/#website\",\"url\":\"https:\\\/\\\/www.cultcaffe.at\\\/\",\"name\":\"CultCaff\u00e9 - die Bio Kaffee R\u00f6sterei\",\"description\":\"Liebe zum Kaffee\",\"publisher\":{\"@id\":\"https:\\\/\\\/www.cultcaffe.at\\\/#organization\"},\"potentialAction\":[{\"@type\":\"SearchAction\",\"target\":{\"@type\":\"EntryPoint\",\"urlTemplate\":\"https:\\\/\\\/www.cultcaffe.at\\\/?s={search_term_string}\"},\"query-input\":{\"@type\":\"PropertyValueSpecification\",\"valueRequired\":true,\"valueName\":\"search_term_string\"}}],\"inLanguage\":\"sk-SK\"},{\"@type\":[\"Organization\",\"Place\"],\"@id\":\"https:\\\/\\\/www.cultcaffe.at\\\/#organization\",\"name\":\"CultCaff\u00e9 Kaffeer\u00f6sterei GmbH\",\"alternateName\":\"CultCaff\u00e9\",\"url\":\"https:\\\/\\\/www.cultcaffe.at\\\/\",\"logo\":{\"@id\":\"https:\\\/\\\/www.cultcaffe.at\\\/produkt\\\/achselkuss-seife-haut-haare-rasur-70g\\\/#local-main-organization-logo\"},\"image\":{\"@id\":\"https:\\\/\\\/www.cultcaffe.at\\\/produkt\\\/achselkuss-seife-haut-haare-rasur-70g\\\/#local-main-organization-logo\"},\"sameAs\":[\"https:\\\/\\\/www.facebook.com\\\/p\\\/Cult-Caff\u00e8-die-R\u00f6sterei-100039719724703\\\/?locale=de_DE\",\"https:\\\/\\\/www.instagram.com\\\/cultcaffe.at\\\/\"],\"hasMerchantReturnPolicy\":{\"@type\":\"MerchantReturnPolicy\",\"merchantReturnLink\":\"https:\\\/\\\/www.cultcaffe.at\\\/sk\\\/agbs\\\/\"},\"telephone\":[],\"openingHoursSpecification\":[{\"@type\":\"OpeningHoursSpecification\",\"dayOfWeek\":[\"Monday\",\"Tuesday\",\"Wednesday\",\"Thursday\",\"Friday\",\"Saturday\",\"Sunday\"],\"opens\":\"09:00\",\"closes\":\"17:00\"}]},{\"@type\":\"ImageObject\",\"inLanguage\":\"sk-SK\",\"@id\":\"https:\\\/\\\/www.cultcaffe.at\\\/produkt\\\/achselkuss-seife-haut-haare-rasur-70g\\\/#local-main-organization-logo\",\"url\":\"https:\\\/\\\/www.cultcaffe.at\\\/wp-content\\\/uploads\\\/2023\\\/11\\\/cultcaffe_logo_regular_dark-1.svg\",\"contentUrl\":\"https:\\\/\\\/www.cultcaffe.at\\\/wp-content\\\/uploads\\\/2023\\\/11\\\/cultcaffe_logo_regular_dark-1.svg\",\"width\":756,\"height\":474,\"caption\":\"CultCaff\u00e9 Kaffeer\u00f6sterei GmbH\"}]}<\/script>\n<meta property=\"product:price:amount\" content=\"13.00\" \/>\n<meta property=\"product:price:currency\" content=\"EUR\" \/>\n<meta property=\"og:availability\" content=\"instock\" \/>\n<meta property=\"product:availability\" content=\"instock\" \/>\n<meta property=\"product:condition\" content=\"new\" \/>\n<!-- \/ Yoast SEO plugin. -->","yoast_head_json":{"title":"Mydlo Arpit Kiss na poko\u017eku\/vlasy\/holenie 70g - CultCaff\u00e9 - pra\u017eiare\u0148 organickej k\u00e1vy","robots":{"index":"index","follow":"follow","max-snippet":"max-snippet:-1","max-image-preview":"max-image-preview:large","max-video-preview":"max-video-preview:-1"},"canonical":"https:\/\/www.cultcaffe.at\/sk\/produkt\/mydlo-na-holenie-pokozky-a-chlpkov-v-podpazusi-70-g\/","og_locale":"sk_SK","og_type":"article","og_title":"Achselkuss Seife Haut\/Haare\/Rasur 70g - CultCaff\u00e9 - die Bio Kaffee R\u00f6sterei","og_description":"Sch\u00e4umt vor Gl\u00fcck.  F\u00fcr Haut, Haare &amp; Rasur.  Geeignet f\u00fcr alle Hauttypen und alle Haartypen","og_url":"https:\/\/www.cultcaffe.at\/sk\/produkt\/mydlo-na-holenie-pokozky-a-chlpkov-v-podpazusi-70-g\/","og_site_name":"CultCaff\u00e9 - die Bio Kaffee R\u00f6sterei","article_publisher":"https:\/\/www.facebook.com\/p\/Cult-Caff%c3%a8-die-R%c3%b6sterei-100039719724703\/?locale=de_DE","article_modified_time":"2024-09-27T09:46:16+00:00","og_image":[{"width":1200,"height":1200,"url":"https:\/\/www.cultcaffe.at\/wp-content\/uploads\/2024\/09\/ACHSELKUSS-Seife-Haut-Haare-Rasur.jpg","type":"image\/jpeg"}],"twitter_card":"summary_large_image","twitter_misc":{"Cena":"&euro;&nbsp;13,00","Dostupnos\u0165":"Na sklade"},"schema":{"@context":"https:\/\/schema.org","@graph":[{"@type":"WebPage","@id":"https:\/\/www.cultcaffe.at\/produkt\/achselkuss-seife-haut-haare-rasur-70g\/","url":"https:\/\/www.cultcaffe.at\/produkt\/achselkuss-seife-haut-haare-rasur-70g\/","name":"Mydlo Arpit Kiss na poko\u017eku\/vlasy\/holenie 70g - CultCaff\u00e9 - pra\u017eiare\u0148 organickej k\u00e1vy","isPartOf":{"@id":"https:\/\/www.cultcaffe.at\/#website"},"primaryImageOfPage":{"@id":"https:\/\/www.cultcaffe.at\/produkt\/achselkuss-seife-haut-haare-rasur-70g\/#primaryimage"},"image":{"@id":"https:\/\/www.cultcaffe.at\/produkt\/achselkuss-seife-haut-haare-rasur-70g\/#primaryimage"},"thumbnailUrl":"https:\/\/www.cultcaffe.at\/wp-content\/uploads\/2024\/09\/ACHSELKUSS-Seife-Haut-Haare-Rasur.jpg","datePublished":"2024-09-27T09:32:53+00:00","dateModified":"2024-09-27T09:46:16+00:00","breadcrumb":{"@id":"https:\/\/www.cultcaffe.at\/produkt\/achselkuss-seife-haut-haare-rasur-70g\/#breadcrumb"},"inLanguage":"sk-SK","potentialAction":[{"@type":"ReadAction","target":["https:\/\/www.cultcaffe.at\/produkt\/achselkuss-seife-haut-haare-rasur-70g\/"]}]},{"@type":"ImageObject","inLanguage":"sk-SK","@id":"https:\/\/www.cultcaffe.at\/produkt\/achselkuss-seife-haut-haare-rasur-70g\/#primaryimage","url":"https:\/\/www.cultcaffe.at\/wp-content\/uploads\/2024\/09\/ACHSELKUSS-Seife-Haut-Haare-Rasur.jpg","contentUrl":"https:\/\/www.cultcaffe.at\/wp-content\/uploads\/2024\/09\/ACHSELKUSS-Seife-Haut-Haare-Rasur.jpg","width":1200,"height":1200},{"@type":"BreadcrumbList","@id":"https:\/\/www.cultcaffe.at\/produkt\/achselkuss-seife-haut-haare-rasur-70g\/#breadcrumb","itemListElement":[{"@type":"ListItem","position":1,"name":"Startseite","item":"https:\/\/www.cultcaffe.at\/"},{"@type":"ListItem","position":2,"name":"Produkte","item":"https:\/\/www.cultcaffe.at\/shop\/"},{"@type":"ListItem","position":3,"name":"Achselkuss Seife Haut\/Haare\/Rasur 70g"}]},{"@type":"WebSite","@id":"https:\/\/www.cultcaffe.at\/#website","url":"https:\/\/www.cultcaffe.at\/","name":"CultCaff\u00e9 - pra\u017eiare\u0148 organickej k\u00e1vy","description":"L\u00e1ska ku k\u00e1ve","publisher":{"@id":"https:\/\/www.cultcaffe.at\/#organization"},"potentialAction":[{"@type":"SearchAction","target":{"@type":"EntryPoint","urlTemplate":"https:\/\/www.cultcaffe.at\/?s={search_term_string}"},"query-input":{"@type":"PropertyValueSpecification","valueRequired":true,"valueName":"search_term_string"}}],"inLanguage":"sk-SK"},{"@type":["Organization","Place"],"@id":"https:\/\/www.cultcaffe.at\/#organization","name":"CultCaff\u00e9 Coffee Roastery GmbH","alternateName":"CultCaff\u00e9","url":"https:\/\/www.cultcaffe.at\/","logo":{"@id":"https:\/\/www.cultcaffe.at\/produkt\/achselkuss-seife-haut-haare-rasur-70g\/#local-main-organization-logo"},"image":{"@id":"https:\/\/www.cultcaffe.at\/produkt\/achselkuss-seife-haut-haare-rasur-70g\/#local-main-organization-logo"},"sameAs":["https:\/\/www.facebook.com\/p\/Cult-Caff\u00e8-die-R\u00f6sterei-100039719724703\/?locale=de_DE","https:\/\/www.instagram.com\/cultcaffe.at\/"],"hasMerchantReturnPolicy":{"@type":"MerchantReturnPolicy","merchantReturnLink":"https:\/\/www.cultcaffe.at\/sk\/agbs\/"},"telephone":[],"openingHoursSpecification":[{"@type":"OpeningHoursSpecification","dayOfWeek":["Monday","Tuesday","Wednesday","Thursday","Friday","Saturday","Sunday"],"opens":"09:00","closes":"17:00"}]},{"@type":"ImageObject","inLanguage":"sk-SK","@id":"https:\/\/www.cultcaffe.at\/produkt\/achselkuss-seife-haut-haare-rasur-70g\/#local-main-organization-logo","url":"https:\/\/www.cultcaffe.at\/wp-content\/uploads\/2023\/11\/cultcaffe_logo_regular_dark-1.svg","contentUrl":"https:\/\/www.cultcaffe.at\/wp-content\/uploads\/2023\/11\/cultcaffe_logo_regular_dark-1.svg","width":756,"height":474,"caption":"CultCaff\u00e9 Kaffeer\u00f6sterei GmbH"}]},"product_price_amount":"13.00","product_price_currency":"EUR","og_availability":"instock","product_availability":"instock","product_condition":"new"},"_links":{"self":[{"href":"https:\/\/www.cultcaffe.at\/sk\/wp-json\/wp\/v2\/product\/15551","targetHints":{"allow":["GET"]}}],"collection":[{"href":"https:\/\/www.cultcaffe.at\/sk\/wp-json\/wp\/v2\/product"}],"about":[{"href":"https:\/\/www.cultcaffe.at\/sk\/wp-json\/wp\/v2\/types\/product"}],"wp:featuredmedia":[{"embeddable":true,"href":"https:\/\/www.cultcaffe.at\/sk\/wp-json\/wp\/v2\/media\/15562"}],"wp:attachment":[{"href":"https:\/\/www.cultcaffe.at\/sk\/wp-json\/wp\/v2\/media?parent=15551"}],"wp:term":[{"taxonomy":"product_brand","embeddable":true,"href":"https:\/\/www.cultcaffe.at\/sk\/wp-json\/wp\/v2\/product_brand?post=15551"},{"taxonomy":"product_cat","embeddable":true,"href":"https:\/\/www.cultcaffe.at\/sk\/wp-json\/wp\/v2\/product_cat?post=15551"},{"taxonomy":"product_tag","embeddable":true,"href":"https:\/\/www.cultcaffe.at\/sk\/wp-json\/wp\/v2\/product_tag?post=15551"}],"curies":[{"name":"pracovn\u00fd list","href":"https:\/\/api.w.org\/{rel}","templated":true}]}}