{"id":15488,"date":"2024-09-12T11:07:51","date_gmt":"2024-09-12T09:07:51","guid":{"rendered":"https:\/\/www.cultcaffe.at\/?post_type=product&#038;p=15488"},"modified":"2025-03-18T13:38:43","modified_gmt":"2025-03-18T12:38:43","slug":"prirodny-cistic-mlyncekov-500g","status":"publish","type":"product","link":"https:\/\/www.cultcaffe.at\/sk\/produkt\/natural-grind-muehlenreiniger-500g\/","title":{"rendered":"\u010cisti\u010d mlyn\u010dekov na m\u00e4so s pr\u00edrodn\u00fdm obsahom 500 g"},"content":{"rendered":"<p>NATURAL cleaning je nov\u00fd rad \u010distiacich prostriedkov, ktor\u00e9ho cie\u013eom je pon\u00faknu\u0165 v\u00e1m produkty, ktor\u00e9 s\u00fa \u010do najmenej \u201etoxick\u00e9\u201c.<\/p>\n<p>Na to existuj\u00fa dobr\u00e9 d\u00f4vody: \u010co ak sa v\u00fdrobky dostan\u00fa do r\u00fak det\u00ed? \u010co ak je pou\u017e\u00edvate\u013e rozpt\u00fdlen\u00fd a \u010distiace prostriedky nie s\u00fa spr\u00e1vne odstr\u00e1nen\u00e9 alebo opl\u00e1chnut\u00e9? Mohli by sa \u010dasti \u010distiacich prostriedkov dosta\u0165 do espressa alebo cappuccina? \u010co sa stane so v\u0161etk\u00fdmi \u010distiacimi l\u00e1tkami v odpadovej vode a \u017eivotnom prostred\u00ed? A preto ver\u00edme, \u017ee aby sa predi\u0161lo v\u0161etk\u00fdm t\u00fdmto veciam, s\u00fa prijate\u013en\u00e9 mal\u00e9 kompromisy v efekt\u00edvnosti. Cie\u013eom nie je vyr\u00e1ba\u0165 menej toxick\u00fdch l\u00e1tok, ale sk\u00f4r vyr\u00e1ba\u0165 produkty, ktor\u00e9 v prvom rade nie s\u00fa \u0161kodliv\u00e9.<\/p>\n<p><strong>NOV\u00c9:<\/strong>\u00a0 <strong>\u010cisti\u010d mlyn\u010dekov na espresso s pr\u00edrodn\u00fdm \u010distiacim prostriedkom (nie je vhodn\u00fd pre plne automatick\u00e9 k\u00e1vovary!)<\/strong><\/p>\n<p>\u010cisti\u010d mlynov Natural-Grind, ktor\u00fd sme vyvinuli a vyrobili, je vysoko kvalitn\u00fd produkt vyroben\u00fd v\u00fdlu\u010dne z pr\u00edrodn\u00fdch zlo\u017eiek. To znamen\u00e1, \u017ee pou\u017e\u00edvame zmes r\u00f4znych z\u0155n a pr\u00edrodn\u00fdch produktov, aby ste mohli r\u00fdchlo a jednoducho vy\u010disti\u0165 m\u0155tvy priestor v\u00e1\u0161ho mlyn\u010deka na k\u00e1vu.<\/p>\n<p>\u010co je \u0161peci\u00e1lne na pr\u00edrodnom mlet\u00ed? Pre\u010do nem\u00f4\u017eem mlyn\u010dek jednoducho vy\u010disti\u0165 ry\u017eou pod\u013ea star\u00e9ho \u201ebabi\u010dkin\u00e9ho princ\u00edpu\u201c? No, to fungovalo za podmienok, ktor\u00e9 mal mlyn\u010dek na k\u00e1vu \u201ez t\u00fdch \u010dias\u201c. Dne\u0161n\u00e9 mlyn\u010deky na espresso by sa jednoducho zasekli alebo prestali fungova\u0165, ak by ste ich v polovici zastavili, \u010do by si vy\u017eadovalo pr\u00e1cny proces odskrutkovania.<br \/>\nTrik spo\u010d\u00edva vo vytvoren\u00ed \u010disti\u010da mlyn\u010deka, ktor\u00fd nesp\u00f4sob\u00ed jeho zaseknutie, ale \u010do najkomplexnej\u0161ie a najd\u00f4kladnej\u0161ie vy\u010dist\u00ed m\u0155tvy priestor a predov\u0161etk\u00fdm nemen\u00ed nastavenie mletia, \u010do by inak vy\u017eadovalo op\u00e4tovn\u00e9 nastavenie mlyn\u010deka.<\/p>\n<p><strong>Ako m\u00e1m \u010disti\u0165 mlyn\u010dek na k\u00e1vu?<\/strong><br \/>\n1. Vypr\u00e1zdnite z\u00e1sobn\u00edk na k\u00e1vov\u00e9 zrn\u00e1, sce\u010fte zvy\u0161n\u00e9 k\u00e1vov\u00e9 zrn\u00e1 a \u010do najviac ich pred\u010distite kefkou mlyn\u010deka.<br \/>\n2. Pred \u010disten\u00edm mlyn\u010deka ho nastavte na \u201estredn\u00fd stupe\u0148 mletia\u201c, aby ste predi\u0161li zmene nastavenia mletia.<br \/>\n3. Po premie\u0161an\u00ed pribli\u017ene 40 g CleanGrind m\u00f4\u017eete prida\u0165 \u010fal\u0161ie k\u00e1vov\u00e9 zrn\u00e1.<br \/>\nPrv\u00fa k\u00e1vov\u00fa usadeninu zlikvidujte spolu so zvy\u0161kami \u010distiaceho prostriedku.<br \/>\nPo\u010das prv\u00fdch nieko\u013ek\u00fdch mlet\u00ed sa m\u00f4\u017eu st\u00e1le objavova\u0165 \u010diasto\u010dky \u010distiaceho prostriedku, ktor\u00e9 neovplyvnia chu\u0165 v\u00e1\u0161ho espressa, ale odstr\u00e1nen\u00e9 olejovit\u00e9 a pr\u00edpadne \u017eltnut\u00e9 k\u00e1vov\u00e9 tuky teraz zaru\u010dia lahodne \u010derstv\u00e9 cappuccino alebo espresso.<\/p>\n<p><strong>Ako \u010dasto by som mal \u010disti\u0165 mlyn\u010dek na k\u00e1vu?<\/strong><\/p>\n<p>Je \u0165a\u017ek\u00e9 presne ur\u010di\u0165, ko\u013ekokr\u00e1t by ste mali \u010disti\u0165 mlyn\u010dek na k\u00e1vu, preto\u017ee to z\u00e1vis\u00ed od toho, ko\u013eko k\u00e1vy v \u0148om meliete. Na\u0161e odpor\u00fa\u010danie je nasledovn\u00e9: Doma raz t\u00fd\u017edenne; V gastronomickej oblasti denne<\/p>\n<p><strong>Pozor s mlynmi Eureka:<\/strong><\/p>\n<p>Tieto mlyn\u010deky maj\u00fa ve\u013emi jemn\u00e9 nastavenie mletia, \u010do znamen\u00e1, \u017ee m\u00f4\u017eete nastavenie mletia oto\u010di\u0165 z jemn\u00e9ho\/espressa na hrub\u00e9\/filtrovan\u00fa k\u00e1vu nielen raz, ale nieko\u013ekokr\u00e1t o 360\u00b0.<\/p>\n<p>Preto nedosiahnete stredn\u00e9 mletie, ak oto\u010d\u00edte iba o 90\u00b0 z jemn\u00e9ho\/espressa na hrub\u00e9! Je lep\u0161ie ho viac ot\u00e1\u010da\u0165, aby ste dosiahli stredn\u00e9 a\u017e hrub\u00e9 mletie, inak sa mlyn\u010dek \u013eahko upch\u00e1.<\/p>\n<p><strong>Nie je vhodn\u00e9 pre plne automatick\u00e9 stroje!<\/strong><\/p>\n<p><strong>nie je bezlepkov\u00e9!<\/strong><\/p>","protected":false},"excerpt":{"rendered":"<ul>\n<li>odolnej\u0161\u00ed mlyn<\/li>\n<li>jednoduch\u00e1 manipul\u00e1cia<\/li>\n<li>Pr\u00edrodn\u00fd produkt, 100% ekologick\u00fd<\/li>\n<li>Najlep\u0161\u00ed pomer ceny a v\u00fdkonu<\/li>\n<\/ul>\n<p>&nbsp;<\/p>","protected":false},"featured_media":15489,"template":"","meta":{"inline_featured_image":false},"product_brand":[],"product_cat":[204,210,213],"product_tag":[61,59,62,98,69,262,261],"class_list":{"0":"post-15488","1":"product","2":"type-product","3":"status-publish","4":"has-post-thumbnail","6":"product_cat-zubehoer","7":"product_cat-handmuehlen","8":"product_cat-kaffeemuehlen","9":"product_tag-cultcaffe","10":"product_tag-kaffee","11":"product_tag-kaffeegenuss","12":"product_tag-kaffeemuehle","13":"product_tag-muehle","14":"product_tag-oekologisch","15":"product_tag-reinigung","17":"first","18":"instock","19":"taxable","20":"shipping-taxable","21":"purchasable","22":"product-type-simple"},"yoast_head":"<!-- This site is optimized with the Yoast SEO plugin v27.6 - https:\/\/yoast.com\/product\/yoast-seo-wordpress\/ -->\n<title>Natural Grind M\u00fchlenreiniger 500g - CultCaff\u00e9 - die Bio Kaffee R\u00f6sterei<\/title>\n<meta name=\"robots\" content=\"index, follow, max-snippet:-1, max-image-preview:large, max-video-preview:-1\" \/>\n<link rel=\"canonical\" href=\"https:\/\/www.cultcaffe.at\/sk\/produkt\/prirodny-cistic-mlyncekov-500g\/\" \/>\n<meta property=\"og:locale\" content=\"sk_SK\" \/>\n<meta property=\"og:type\" content=\"article\" \/>\n<meta property=\"og:title\" content=\"Natural Grind M\u00fchlenreiniger 500g - CultCaff\u00e9 - die Bio Kaffee R\u00f6sterei\" \/>\n<meta property=\"og:description\" content=\"langlebigere M\u00fchle  einfache Handhabung  Naturprodukt, 100% \u00f6kologisch  Top Preis-Leistungsverh\u00e4ltnis  &nbsp;\" \/>\n<meta property=\"og:url\" content=\"https:\/\/www.cultcaffe.at\/sk\/produkt\/prirodny-cistic-mlyncekov-500g\/\" \/>\n<meta property=\"og:site_name\" content=\"CultCaff\u00e9 - die Bio Kaffee R\u00f6sterei\" \/>\n<meta property=\"article:publisher\" content=\"https:\/\/www.facebook.com\/p\/Cult-Caff%c3%a8-die-R%c3%b6sterei-100039719724703\/?locale=de_DE\" \/>\n<meta property=\"article:modified_time\" content=\"2025-03-18T12:38:43+00:00\" \/>\n<meta property=\"og:image\" content=\"https:\/\/www.cultcaffe.at\/wp-content\/uploads\/2024\/09\/Muehlenreiniger-front.png\" \/>\n\t<meta property=\"og:image:width\" content=\"431\" \/>\n\t<meta property=\"og:image:height\" content=\"600\" \/>\n\t<meta property=\"og:image:type\" content=\"image\/png\" \/>\n<meta name=\"twitter:card\" content=\"summary_large_image\" \/>\n<meta name=\"twitter:label1\" content=\"Cena\" \/>\n\t<meta name=\"twitter:data1\" content=\"&euro;&nbsp;12,00\" \/>\n\t<meta name=\"twitter:label2\" content=\"Dostupnos\u0165\" \/>\n\t<meta name=\"twitter:data2\" content=\"Na sklade\" \/>\n<script type=\"application\/ld+json\" class=\"yoast-schema-graph\">{\"@context\":\"https:\\\/\\\/schema.org\",\"@graph\":[{\"@type\":\"WebPage\",\"@id\":\"https:\\\/\\\/www.cultcaffe.at\\\/produkt\\\/natural-grind-muehlenreiniger-500g\\\/\",\"url\":\"https:\\\/\\\/www.cultcaffe.at\\\/produkt\\\/natural-grind-muehlenreiniger-500g\\\/\",\"name\":\"Natural Grind M\u00fchlenreiniger 500g - CultCaff\u00e9 - die Bio Kaffee R\u00f6sterei\",\"isPartOf\":{\"@id\":\"https:\\\/\\\/www.cultcaffe.at\\\/#website\"},\"primaryImageOfPage\":{\"@id\":\"https:\\\/\\\/www.cultcaffe.at\\\/produkt\\\/natural-grind-muehlenreiniger-500g\\\/#primaryimage\"},\"image\":{\"@id\":\"https:\\\/\\\/www.cultcaffe.at\\\/produkt\\\/natural-grind-muehlenreiniger-500g\\\/#primaryimage\"},\"thumbnailUrl\":\"https:\\\/\\\/www.cultcaffe.at\\\/wp-content\\\/uploads\\\/2024\\\/09\\\/Muehlenreiniger-front.png\",\"datePublished\":\"2024-09-12T09:07:51+00:00\",\"dateModified\":\"2025-03-18T12:38:43+00:00\",\"breadcrumb\":{\"@id\":\"https:\\\/\\\/www.cultcaffe.at\\\/produkt\\\/natural-grind-muehlenreiniger-500g\\\/#breadcrumb\"},\"inLanguage\":\"sk-SK\",\"potentialAction\":[{\"@type\":\"ReadAction\",\"target\":[\"https:\\\/\\\/www.cultcaffe.at\\\/produkt\\\/natural-grind-muehlenreiniger-500g\\\/\"]}]},{\"@type\":\"ImageObject\",\"inLanguage\":\"sk-SK\",\"@id\":\"https:\\\/\\\/www.cultcaffe.at\\\/produkt\\\/natural-grind-muehlenreiniger-500g\\\/#primaryimage\",\"url\":\"https:\\\/\\\/www.cultcaffe.at\\\/wp-content\\\/uploads\\\/2024\\\/09\\\/Muehlenreiniger-front.png\",\"contentUrl\":\"https:\\\/\\\/www.cultcaffe.at\\\/wp-content\\\/uploads\\\/2024\\\/09\\\/Muehlenreiniger-front.png\",\"width\":431,\"height\":600},{\"@type\":\"BreadcrumbList\",\"@id\":\"https:\\\/\\\/www.cultcaffe.at\\\/produkt\\\/natural-grind-muehlenreiniger-500g\\\/#breadcrumb\",\"itemListElement\":[{\"@type\":\"ListItem\",\"position\":1,\"name\":\"Startseite\",\"item\":\"https:\\\/\\\/www.cultcaffe.at\\\/\"},{\"@type\":\"ListItem\",\"position\":2,\"name\":\"Produkte\",\"item\":\"https:\\\/\\\/www.cultcaffe.at\\\/shop\\\/\"},{\"@type\":\"ListItem\",\"position\":3,\"name\":\"Natural Grind M\u00fchlenreiniger 500g\"}]},{\"@type\":\"WebSite\",\"@id\":\"https:\\\/\\\/www.cultcaffe.at\\\/#website\",\"url\":\"https:\\\/\\\/www.cultcaffe.at\\\/\",\"name\":\"CultCaff\u00e9 - die Bio Kaffee R\u00f6sterei\",\"description\":\"Liebe zum Kaffee\",\"publisher\":{\"@id\":\"https:\\\/\\\/www.cultcaffe.at\\\/#organization\"},\"potentialAction\":[{\"@type\":\"SearchAction\",\"target\":{\"@type\":\"EntryPoint\",\"urlTemplate\":\"https:\\\/\\\/www.cultcaffe.at\\\/?s={search_term_string}\"},\"query-input\":{\"@type\":\"PropertyValueSpecification\",\"valueRequired\":true,\"valueName\":\"search_term_string\"}}],\"inLanguage\":\"sk-SK\"},{\"@type\":[\"Organization\",\"Place\"],\"@id\":\"https:\\\/\\\/www.cultcaffe.at\\\/#organization\",\"name\":\"CultCaff\u00e9 Kaffeer\u00f6sterei GmbH\",\"alternateName\":\"CultCaff\u00e9\",\"url\":\"https:\\\/\\\/www.cultcaffe.at\\\/\",\"logo\":{\"@id\":\"https:\\\/\\\/www.cultcaffe.at\\\/produkt\\\/natural-grind-muehlenreiniger-500g\\\/#local-main-organization-logo\"},\"image\":{\"@id\":\"https:\\\/\\\/www.cultcaffe.at\\\/produkt\\\/natural-grind-muehlenreiniger-500g\\\/#local-main-organization-logo\"},\"sameAs\":[\"https:\\\/\\\/www.facebook.com\\\/p\\\/Cult-Caff\u00e8-die-R\u00f6sterei-100039719724703\\\/?locale=de_DE\",\"https:\\\/\\\/www.instagram.com\\\/cultcaffe.at\\\/\"],\"hasMerchantReturnPolicy\":{\"@type\":\"MerchantReturnPolicy\",\"merchantReturnLink\":\"https:\\\/\\\/www.cultcaffe.at\\\/sk\\\/agbs\\\/\"},\"telephone\":[],\"openingHoursSpecification\":[{\"@type\":\"OpeningHoursSpecification\",\"dayOfWeek\":[\"Monday\",\"Tuesday\",\"Wednesday\",\"Thursday\",\"Friday\",\"Saturday\",\"Sunday\"],\"opens\":\"09:00\",\"closes\":\"17:00\"}]},{\"@type\":\"ImageObject\",\"inLanguage\":\"sk-SK\",\"@id\":\"https:\\\/\\\/www.cultcaffe.at\\\/produkt\\\/natural-grind-muehlenreiniger-500g\\\/#local-main-organization-logo\",\"url\":\"https:\\\/\\\/www.cultcaffe.at\\\/wp-content\\\/uploads\\\/2023\\\/11\\\/cultcaffe_logo_regular_dark-1.svg\",\"contentUrl\":\"https:\\\/\\\/www.cultcaffe.at\\\/wp-content\\\/uploads\\\/2023\\\/11\\\/cultcaffe_logo_regular_dark-1.svg\",\"width\":756,\"height\":474,\"caption\":\"CultCaff\u00e9 Kaffeer\u00f6sterei GmbH\"}]}<\/script>\n<meta property=\"product:price:amount\" content=\"12.00\" \/>\n<meta property=\"product:price:currency\" content=\"EUR\" \/>\n<meta property=\"og:availability\" content=\"instock\" \/>\n<meta property=\"product:availability\" content=\"instock\" \/>\n<meta property=\"product:condition\" content=\"new\" \/>\n<!-- \/ Yoast SEO plugin. -->","yoast_head_json":{"title":"Pr\u00edrodn\u00fd \u010disti\u010d mlyn\u010dekov na k\u00e1vu 500g - CultCaff\u00e9 - pra\u017eiare\u0148 organickej k\u00e1vy","robots":{"index":"index","follow":"follow","max-snippet":"max-snippet:-1","max-image-preview":"max-image-preview:large","max-video-preview":"max-video-preview:-1"},"canonical":"https:\/\/www.cultcaffe.at\/sk\/produkt\/prirodny-cistic-mlyncekov-500g\/","og_locale":"sk_SK","og_type":"article","og_title":"Natural Grind M\u00fchlenreiniger 500g - CultCaff\u00e9 - die Bio Kaffee R\u00f6sterei","og_description":"langlebigere M\u00fchle  einfache Handhabung  Naturprodukt, 100% \u00f6kologisch  Top Preis-Leistungsverh\u00e4ltnis  &nbsp;","og_url":"https:\/\/www.cultcaffe.at\/sk\/produkt\/prirodny-cistic-mlyncekov-500g\/","og_site_name":"CultCaff\u00e9 - die Bio Kaffee R\u00f6sterei","article_publisher":"https:\/\/www.facebook.com\/p\/Cult-Caff%c3%a8-die-R%c3%b6sterei-100039719724703\/?locale=de_DE","article_modified_time":"2025-03-18T12:38:43+00:00","og_image":[{"width":431,"height":600,"url":"https:\/\/www.cultcaffe.at\/wp-content\/uploads\/2024\/09\/Muehlenreiniger-front.png","type":"image\/png"}],"twitter_card":"summary_large_image","twitter_misc":{"Cena":"&euro;&nbsp;12,00","Dostupnos\u0165":"Na sklade"},"schema":{"@context":"https:\/\/schema.org","@graph":[{"@type":"WebPage","@id":"https:\/\/www.cultcaffe.at\/produkt\/natural-grind-muehlenreiniger-500g\/","url":"https:\/\/www.cultcaffe.at\/produkt\/natural-grind-muehlenreiniger-500g\/","name":"Pr\u00edrodn\u00fd \u010disti\u010d mlyn\u010dekov na k\u00e1vu 500g - CultCaff\u00e9 - pra\u017eiare\u0148 organickej k\u00e1vy","isPartOf":{"@id":"https:\/\/www.cultcaffe.at\/#website"},"primaryImageOfPage":{"@id":"https:\/\/www.cultcaffe.at\/produkt\/natural-grind-muehlenreiniger-500g\/#primaryimage"},"image":{"@id":"https:\/\/www.cultcaffe.at\/produkt\/natural-grind-muehlenreiniger-500g\/#primaryimage"},"thumbnailUrl":"https:\/\/www.cultcaffe.at\/wp-content\/uploads\/2024\/09\/Muehlenreiniger-front.png","datePublished":"2024-09-12T09:07:51+00:00","dateModified":"2025-03-18T12:38:43+00:00","breadcrumb":{"@id":"https:\/\/www.cultcaffe.at\/produkt\/natural-grind-muehlenreiniger-500g\/#breadcrumb"},"inLanguage":"sk-SK","potentialAction":[{"@type":"ReadAction","target":["https:\/\/www.cultcaffe.at\/produkt\/natural-grind-muehlenreiniger-500g\/"]}]},{"@type":"ImageObject","inLanguage":"sk-SK","@id":"https:\/\/www.cultcaffe.at\/produkt\/natural-grind-muehlenreiniger-500g\/#primaryimage","url":"https:\/\/www.cultcaffe.at\/wp-content\/uploads\/2024\/09\/Muehlenreiniger-front.png","contentUrl":"https:\/\/www.cultcaffe.at\/wp-content\/uploads\/2024\/09\/Muehlenreiniger-front.png","width":431,"height":600},{"@type":"BreadcrumbList","@id":"https:\/\/www.cultcaffe.at\/produkt\/natural-grind-muehlenreiniger-500g\/#breadcrumb","itemListElement":[{"@type":"ListItem","position":1,"name":"Startseite","item":"https:\/\/www.cultcaffe.at\/"},{"@type":"ListItem","position":2,"name":"Produkte","item":"https:\/\/www.cultcaffe.at\/shop\/"},{"@type":"ListItem","position":3,"name":"Natural Grind M\u00fchlenreiniger 500g"}]},{"@type":"WebSite","@id":"https:\/\/www.cultcaffe.at\/#website","url":"https:\/\/www.cultcaffe.at\/","name":"CultCaff\u00e9 - pra\u017eiare\u0148 organickej k\u00e1vy","description":"L\u00e1ska ku k\u00e1ve","publisher":{"@id":"https:\/\/www.cultcaffe.at\/#organization"},"potentialAction":[{"@type":"SearchAction","target":{"@type":"EntryPoint","urlTemplate":"https:\/\/www.cultcaffe.at\/?s={search_term_string}"},"query-input":{"@type":"PropertyValueSpecification","valueRequired":true,"valueName":"search_term_string"}}],"inLanguage":"sk-SK"},{"@type":["Organization","Place"],"@id":"https:\/\/www.cultcaffe.at\/#organization","name":"CultCaff\u00e9 Coffee Roastery GmbH","alternateName":"CultCaff\u00e9","url":"https:\/\/www.cultcaffe.at\/","logo":{"@id":"https:\/\/www.cultcaffe.at\/produkt\/natural-grind-muehlenreiniger-500g\/#local-main-organization-logo"},"image":{"@id":"https:\/\/www.cultcaffe.at\/produkt\/natural-grind-muehlenreiniger-500g\/#local-main-organization-logo"},"sameAs":["https:\/\/www.facebook.com\/p\/Cult-Caff\u00e8-die-R\u00f6sterei-100039719724703\/?locale=de_DE","https:\/\/www.instagram.com\/cultcaffe.at\/"],"hasMerchantReturnPolicy":{"@type":"MerchantReturnPolicy","merchantReturnLink":"https:\/\/www.cultcaffe.at\/sk\/agbs\/"},"telephone":[],"openingHoursSpecification":[{"@type":"OpeningHoursSpecification","dayOfWeek":["Monday","Tuesday","Wednesday","Thursday","Friday","Saturday","Sunday"],"opens":"09:00","closes":"17:00"}]},{"@type":"ImageObject","inLanguage":"sk-SK","@id":"https:\/\/www.cultcaffe.at\/produkt\/natural-grind-muehlenreiniger-500g\/#local-main-organization-logo","url":"https:\/\/www.cultcaffe.at\/wp-content\/uploads\/2023\/11\/cultcaffe_logo_regular_dark-1.svg","contentUrl":"https:\/\/www.cultcaffe.at\/wp-content\/uploads\/2023\/11\/cultcaffe_logo_regular_dark-1.svg","width":756,"height":474,"caption":"CultCaff\u00e9 Kaffeer\u00f6sterei GmbH"}]},"product_price_amount":"12.00","product_price_currency":"EUR","og_availability":"instock","product_availability":"instock","product_condition":"new"},"_links":{"self":[{"href":"https:\/\/www.cultcaffe.at\/sk\/wp-json\/wp\/v2\/product\/15488","targetHints":{"allow":["GET"]}}],"collection":[{"href":"https:\/\/www.cultcaffe.at\/sk\/wp-json\/wp\/v2\/product"}],"about":[{"href":"https:\/\/www.cultcaffe.at\/sk\/wp-json\/wp\/v2\/types\/product"}],"wp:featuredmedia":[{"embeddable":true,"href":"https:\/\/www.cultcaffe.at\/sk\/wp-json\/wp\/v2\/media\/15489"}],"wp:attachment":[{"href":"https:\/\/www.cultcaffe.at\/sk\/wp-json\/wp\/v2\/media?parent=15488"}],"wp:term":[{"taxonomy":"product_brand","embeddable":true,"href":"https:\/\/www.cultcaffe.at\/sk\/wp-json\/wp\/v2\/product_brand?post=15488"},{"taxonomy":"product_cat","embeddable":true,"href":"https:\/\/www.cultcaffe.at\/sk\/wp-json\/wp\/v2\/product_cat?post=15488"},{"taxonomy":"product_tag","embeddable":true,"href":"https:\/\/www.cultcaffe.at\/sk\/wp-json\/wp\/v2\/product_tag?post=15488"}],"curies":[{"name":"pracovn\u00fd list","href":"https:\/\/api.w.org\/{rel}","templated":true}]}}