{"id":14278,"date":"2024-03-06T20:04:00","date_gmt":"2024-03-06T19:04:00","guid":{"rendered":"https:\/\/www.cultcaffe.at\/?post_type=product&#038;p=14278"},"modified":"2025-09-29T12:42:58","modified_gmt":"2025-09-29T10:42:58","slug":"retro-smaltovane-hrnceky-360ml","status":"publish","type":"product","link":"https:\/\/www.cultcaffe.at\/sk\/produkt\/retro-emaille-tassen-360ml\/","title":{"rendered":"Retro smaltovan\u00e9 hrn\u010deky 360ml"},"content":{"rendered":"<p>Vysokokvalitn\u00fd smaltovan\u00fd hrn\u010dek s potla\u010dou mot\u00edvu po celom obvode, ide\u00e1lny na ra\u0148ajky, CultCaff\u00e8, kempovanie,<\/p>\n<p>ako kancel\u00e1rsky hrn\u010dek alebo pekn\u00fd dar\u010dek!<\/p>\n<p>Ve\u013emi robustn\u00fd a \u013eahko \u010distite\u013en\u00fd! 8 x 8 cm, objem 360 ml.<\/p>\n<p>Pozn\u00e1mka: Smaltovan\u00e9 \u0161\u00e1lky s\u00fa ru\u010dne vyroben\u00e9 a ob\u010das m\u00f4\u017eu vykazova\u0165 drobn\u00e9 stopy po v\u00fdrobnom procese!<br \/>\nSmaltovan\u00e9 hrn\u010deky nie s\u00fa vhodn\u00e9 na pou\u017eitie v mikrovlnn\u00fdch r\u00farach!<\/p>","protected":false},"excerpt":{"rendered":"<p>Vysokokvalitn\u00fd smaltovan\u00fd hrn\u010dek s potla\u010dou po celom obvode, ide\u00e1lny na ra\u0148ajky v CultCaff\u00e8, na kempovanie, ako hrn\u010dek do kancel\u00e1rie alebo ako pekn\u00fd dar\u010dek! Ve\u013emi odoln\u00fd a \u013eahko sa \u010dist\u00ed! 8 x 8 cm, objem 360 ml. Pozn\u00e1mka: Tieto smaltovan\u00e9 hrn\u010deky s\u00fa ru\u010dne vyroben\u00e9 a ob\u010das sa na nich m\u00f4\u017eu objavi\u0165 drobn\u00e9 stopy po v\u00fdrobnom procese! Tieto smaltovan\u00e9 hrn\u010deky nie s\u00fa vhodn\u00e9 na pou\u017eitie v mikrovlnn\u00fdch r\u00farach.<\/p>","protected":false},"featured_media":14289,"template":"","meta":{"inline_featured_image":false},"product_brand":[],"product_cat":[208,211],"product_tag":[83,61,151,152,92,118,95,120,150,122,119,121,89],"class_list":{"0":"post-14278","1":"product","2":"type-product","3":"status-publish","4":"has-post-thumbnail","6":"product_cat-tassen","7":"product_cat-geschenkideen","8":"product_tag-cappuccino","9":"product_tag-cultcaffe","10":"product_tag-emaille","11":"product_tag-emailletasse","12":"product_tag-filterkaffee","13":"product_tag-fruehstueck","14":"product_tag-geschenk","15":"product_tag-haeferlkaffee","16":"product_tag-kaffeehaeferl","17":"product_tag-kaffeetasse","18":"product_tag-milchkaffee","19":"product_tag-retro","20":"product_tag-tassen","22":"first","23":"instock","24":"taxable","25":"shipping-taxable","26":"purchasable","27":"product-type-variable"},"yoast_head":"<!-- This site is optimized with the Yoast SEO plugin v27.5 - https:\/\/yoast.com\/product\/yoast-seo-wordpress\/ -->\n<title>Retro Emaille Tassen 360ml - CultCaff\u00e9 - die Bio Kaffee R\u00f6sterei<\/title>\n<meta name=\"robots\" content=\"index, follow, max-snippet:-1, max-image-preview:large, max-video-preview:-1\" \/>\n<link rel=\"canonical\" href=\"https:\/\/www.cultcaffe.at\/sk\/produkt\/retro-smaltovane-hrnceky-360ml\/\" \/>\n<meta property=\"og:locale\" content=\"sk_SK\" \/>\n<meta property=\"og:type\" content=\"article\" \/>\n<meta property=\"og:title\" content=\"Retro Emaille Tassen 360ml - CultCaff\u00e9 - die Bio Kaffee R\u00f6sterei\" \/>\n<meta property=\"og:description\" content=\"Hochwertige Emaille-Tasse mit umlaufendem Motivdruck, perfekt f\u00fcr den Fr\u00fchst\u00fccks-CultCaff\u00e8, beim Campen, als B\u00fcrotasse oder nettes Geschenk! Sehr robust und einfach zu reinigen! 8 x 8cm, F\u00fcllmenge 360ml. Hinweis: Die Emailtassen sind handgefertigt und k\u00f6nnen vereinzelt winzige Spuren vom Fertigungsprozess aufweisen! Die Emailtassen sind nicht f\u00fcr Verwendung in Mikrowellenger\u00e4ten geeignet!\" \/>\n<meta property=\"og:url\" content=\"https:\/\/www.cultcaffe.at\/sk\/produkt\/retro-smaltovane-hrnceky-360ml\/\" \/>\n<meta property=\"og:site_name\" content=\"CultCaff\u00e9 - die Bio Kaffee R\u00f6sterei\" \/>\n<meta property=\"article:publisher\" content=\"https:\/\/www.facebook.com\/p\/Cult-Caff%c3%a8-die-R%c3%b6sterei-100039719724703\/?locale=de_DE\" \/>\n<meta property=\"article:modified_time\" content=\"2025-09-29T10:42:58+00:00\" \/>\n<meta property=\"og:image\" content=\"https:\/\/www.cultcaffe.at\/wp-content\/uploads\/2024\/03\/Strong-Coffee.webp\" \/>\n\t<meta property=\"og:image:width\" content=\"500\" \/>\n\t<meta property=\"og:image:height\" content=\"500\" \/>\n\t<meta property=\"og:image:type\" content=\"image\/webp\" \/>\n<meta name=\"twitter:card\" content=\"summary_large_image\" \/>\n<meta name=\"twitter:label1\" content=\"Dostupnos\u0165\" \/>\n\t<meta name=\"twitter:data1\" content=\"Na sklade\" \/>\n<script type=\"application\/ld+json\" class=\"yoast-schema-graph\">{\"@context\":\"https:\\\/\\\/schema.org\",\"@graph\":[{\"@type\":\"WebPage\",\"@id\":\"https:\\\/\\\/www.cultcaffe.at\\\/produkt\\\/retro-emaille-tassen-360ml\\\/\",\"url\":\"https:\\\/\\\/www.cultcaffe.at\\\/produkt\\\/retro-emaille-tassen-360ml\\\/\",\"name\":\"Retro Emaille Tassen 360ml - CultCaff\u00e9 - die Bio Kaffee R\u00f6sterei\",\"isPartOf\":{\"@id\":\"https:\\\/\\\/www.cultcaffe.at\\\/#website\"},\"primaryImageOfPage\":{\"@id\":\"https:\\\/\\\/www.cultcaffe.at\\\/produkt\\\/retro-emaille-tassen-360ml\\\/#primaryimage\"},\"image\":{\"@id\":\"https:\\\/\\\/www.cultcaffe.at\\\/produkt\\\/retro-emaille-tassen-360ml\\\/#primaryimage\"},\"thumbnailUrl\":\"https:\\\/\\\/www.cultcaffe.at\\\/wp-content\\\/uploads\\\/2024\\\/03\\\/Strong-Coffee.webp\",\"datePublished\":\"2024-03-06T19:04:00+00:00\",\"dateModified\":\"2025-09-29T10:42:58+00:00\",\"breadcrumb\":{\"@id\":\"https:\\\/\\\/www.cultcaffe.at\\\/produkt\\\/retro-emaille-tassen-360ml\\\/#breadcrumb\"},\"inLanguage\":\"sk-SK\",\"potentialAction\":[{\"@type\":\"ReadAction\",\"target\":[\"https:\\\/\\\/www.cultcaffe.at\\\/produkt\\\/retro-emaille-tassen-360ml\\\/\"]}]},{\"@type\":\"ImageObject\",\"inLanguage\":\"sk-SK\",\"@id\":\"https:\\\/\\\/www.cultcaffe.at\\\/produkt\\\/retro-emaille-tassen-360ml\\\/#primaryimage\",\"url\":\"https:\\\/\\\/www.cultcaffe.at\\\/wp-content\\\/uploads\\\/2024\\\/03\\\/Strong-Coffee.webp\",\"contentUrl\":\"https:\\\/\\\/www.cultcaffe.at\\\/wp-content\\\/uploads\\\/2024\\\/03\\\/Strong-Coffee.webp\",\"width\":500,\"height\":500},{\"@type\":\"BreadcrumbList\",\"@id\":\"https:\\\/\\\/www.cultcaffe.at\\\/produkt\\\/retro-emaille-tassen-360ml\\\/#breadcrumb\",\"itemListElement\":[{\"@type\":\"ListItem\",\"position\":1,\"name\":\"Startseite\",\"item\":\"https:\\\/\\\/www.cultcaffe.at\\\/\"},{\"@type\":\"ListItem\",\"position\":2,\"name\":\"Produkte\",\"item\":\"https:\\\/\\\/www.cultcaffe.at\\\/shop\\\/\"},{\"@type\":\"ListItem\",\"position\":3,\"name\":\"Retro Emaille Tassen 360ml\"}]},{\"@type\":\"WebSite\",\"@id\":\"https:\\\/\\\/www.cultcaffe.at\\\/#website\",\"url\":\"https:\\\/\\\/www.cultcaffe.at\\\/\",\"name\":\"CultCaff\u00e9 - die Bio Kaffee R\u00f6sterei\",\"description\":\"Liebe zum Kaffee\",\"publisher\":{\"@id\":\"https:\\\/\\\/www.cultcaffe.at\\\/#organization\"},\"potentialAction\":[{\"@type\":\"SearchAction\",\"target\":{\"@type\":\"EntryPoint\",\"urlTemplate\":\"https:\\\/\\\/www.cultcaffe.at\\\/?s={search_term_string}\"},\"query-input\":{\"@type\":\"PropertyValueSpecification\",\"valueRequired\":true,\"valueName\":\"search_term_string\"}}],\"inLanguage\":\"sk-SK\"},{\"@type\":[\"Organization\",\"Place\"],\"@id\":\"https:\\\/\\\/www.cultcaffe.at\\\/#organization\",\"name\":\"CultCaff\u00e9 Kaffeer\u00f6sterei GmbH\",\"alternateName\":\"CultCaff\u00e9\",\"url\":\"https:\\\/\\\/www.cultcaffe.at\\\/\",\"logo\":{\"@id\":\"https:\\\/\\\/www.cultcaffe.at\\\/produkt\\\/retro-emaille-tassen-360ml\\\/#local-main-organization-logo\"},\"image\":{\"@id\":\"https:\\\/\\\/www.cultcaffe.at\\\/produkt\\\/retro-emaille-tassen-360ml\\\/#local-main-organization-logo\"},\"sameAs\":[\"https:\\\/\\\/www.facebook.com\\\/p\\\/Cult-Caff\u00e8-die-R\u00f6sterei-100039719724703\\\/?locale=de_DE\",\"https:\\\/\\\/www.instagram.com\\\/cultcaffe.at\\\/\"],\"hasMerchantReturnPolicy\":{\"@type\":\"MerchantReturnPolicy\",\"merchantReturnLink\":\"https:\\\/\\\/www.cultcaffe.at\\\/sk\\\/agbs\\\/\"},\"telephone\":[],\"openingHoursSpecification\":[{\"@type\":\"OpeningHoursSpecification\",\"dayOfWeek\":[\"Monday\",\"Tuesday\",\"Wednesday\",\"Thursday\",\"Friday\",\"Saturday\",\"Sunday\"],\"opens\":\"09:00\",\"closes\":\"17:00\"}]},{\"@type\":\"ImageObject\",\"inLanguage\":\"sk-SK\",\"@id\":\"https:\\\/\\\/www.cultcaffe.at\\\/produkt\\\/retro-emaille-tassen-360ml\\\/#local-main-organization-logo\",\"url\":\"https:\\\/\\\/www.cultcaffe.at\\\/wp-content\\\/uploads\\\/2023\\\/11\\\/cultcaffe_logo_regular_dark-1.svg\",\"contentUrl\":\"https:\\\/\\\/www.cultcaffe.at\\\/wp-content\\\/uploads\\\/2023\\\/11\\\/cultcaffe_logo_regular_dark-1.svg\",\"width\":756,\"height\":474,\"caption\":\"CultCaff\u00e9 Kaffeer\u00f6sterei GmbH\"}]}<\/script>\n<meta property=\"og:availability\" content=\"instock\" \/>\n<meta property=\"product:availability\" content=\"instock\" \/>\n<meta property=\"product:condition\" content=\"new\" \/>\n<!-- \/ Yoast SEO plugin. -->","yoast_head_json":{"title":"Retro smaltovan\u00e9 hrn\u010deky 360ml - CultCaff\u00e9 - pra\u017eiare\u0148 organickej k\u00e1vy","robots":{"index":"index","follow":"follow","max-snippet":"max-snippet:-1","max-image-preview":"max-image-preview:large","max-video-preview":"max-video-preview:-1"},"canonical":"https:\/\/www.cultcaffe.at\/sk\/produkt\/retro-smaltovane-hrnceky-360ml\/","og_locale":"sk_SK","og_type":"article","og_title":"Retro Emaille Tassen 360ml - CultCaff\u00e9 - die Bio Kaffee R\u00f6sterei","og_description":"Hochwertige Emaille-Tasse mit umlaufendem Motivdruck, perfekt f\u00fcr den Fr\u00fchst\u00fccks-CultCaff\u00e8, beim Campen, als B\u00fcrotasse oder nettes Geschenk! Sehr robust und einfach zu reinigen! 8 x 8cm, F\u00fcllmenge 360ml. Hinweis: Die Emailtassen sind handgefertigt und k\u00f6nnen vereinzelt winzige Spuren vom Fertigungsprozess aufweisen! Die Emailtassen sind nicht f\u00fcr Verwendung in Mikrowellenger\u00e4ten geeignet!","og_url":"https:\/\/www.cultcaffe.at\/sk\/produkt\/retro-smaltovane-hrnceky-360ml\/","og_site_name":"CultCaff\u00e9 - die Bio Kaffee R\u00f6sterei","article_publisher":"https:\/\/www.facebook.com\/p\/Cult-Caff%c3%a8-die-R%c3%b6sterei-100039719724703\/?locale=de_DE","article_modified_time":"2025-09-29T10:42:58+00:00","og_image":[{"width":500,"height":500,"url":"https:\/\/www.cultcaffe.at\/wp-content\/uploads\/2024\/03\/Strong-Coffee.webp","type":"image\/webp"}],"twitter_card":"summary_large_image","twitter_misc":{"Dostupnos\u0165":"Na sklade"},"schema":{"@context":"https:\/\/schema.org","@graph":[{"@type":"WebPage","@id":"https:\/\/www.cultcaffe.at\/produkt\/retro-emaille-tassen-360ml\/","url":"https:\/\/www.cultcaffe.at\/produkt\/retro-emaille-tassen-360ml\/","name":"Retro smaltovan\u00e9 hrn\u010deky 360ml - CultCaff\u00e9 - pra\u017eiare\u0148 organickej k\u00e1vy","isPartOf":{"@id":"https:\/\/www.cultcaffe.at\/#website"},"primaryImageOfPage":{"@id":"https:\/\/www.cultcaffe.at\/produkt\/retro-emaille-tassen-360ml\/#primaryimage"},"image":{"@id":"https:\/\/www.cultcaffe.at\/produkt\/retro-emaille-tassen-360ml\/#primaryimage"},"thumbnailUrl":"https:\/\/www.cultcaffe.at\/wp-content\/uploads\/2024\/03\/Strong-Coffee.webp","datePublished":"2024-03-06T19:04:00+00:00","dateModified":"2025-09-29T10:42:58+00:00","breadcrumb":{"@id":"https:\/\/www.cultcaffe.at\/produkt\/retro-emaille-tassen-360ml\/#breadcrumb"},"inLanguage":"sk-SK","potentialAction":[{"@type":"ReadAction","target":["https:\/\/www.cultcaffe.at\/produkt\/retro-emaille-tassen-360ml\/"]}]},{"@type":"ImageObject","inLanguage":"sk-SK","@id":"https:\/\/www.cultcaffe.at\/produkt\/retro-emaille-tassen-360ml\/#primaryimage","url":"https:\/\/www.cultcaffe.at\/wp-content\/uploads\/2024\/03\/Strong-Coffee.webp","contentUrl":"https:\/\/www.cultcaffe.at\/wp-content\/uploads\/2024\/03\/Strong-Coffee.webp","width":500,"height":500},{"@type":"BreadcrumbList","@id":"https:\/\/www.cultcaffe.at\/produkt\/retro-emaille-tassen-360ml\/#breadcrumb","itemListElement":[{"@type":"ListItem","position":1,"name":"Startseite","item":"https:\/\/www.cultcaffe.at\/"},{"@type":"ListItem","position":2,"name":"Produkte","item":"https:\/\/www.cultcaffe.at\/shop\/"},{"@type":"ListItem","position":3,"name":"Retro Emaille Tassen 360ml"}]},{"@type":"WebSite","@id":"https:\/\/www.cultcaffe.at\/#website","url":"https:\/\/www.cultcaffe.at\/","name":"CultCaff\u00e9 - pra\u017eiare\u0148 organickej k\u00e1vy","description":"L\u00e1ska ku k\u00e1ve","publisher":{"@id":"https:\/\/www.cultcaffe.at\/#organization"},"potentialAction":[{"@type":"SearchAction","target":{"@type":"EntryPoint","urlTemplate":"https:\/\/www.cultcaffe.at\/?s={search_term_string}"},"query-input":{"@type":"PropertyValueSpecification","valueRequired":true,"valueName":"search_term_string"}}],"inLanguage":"sk-SK"},{"@type":["Organization","Place"],"@id":"https:\/\/www.cultcaffe.at\/#organization","name":"CultCaff\u00e9 Coffee Roastery GmbH","alternateName":"CultCaff\u00e9","url":"https:\/\/www.cultcaffe.at\/","logo":{"@id":"https:\/\/www.cultcaffe.at\/produkt\/retro-emaille-tassen-360ml\/#local-main-organization-logo"},"image":{"@id":"https:\/\/www.cultcaffe.at\/produkt\/retro-emaille-tassen-360ml\/#local-main-organization-logo"},"sameAs":["https:\/\/www.facebook.com\/p\/Cult-Caff\u00e8-die-R\u00f6sterei-100039719724703\/?locale=de_DE","https:\/\/www.instagram.com\/cultcaffe.at\/"],"hasMerchantReturnPolicy":{"@type":"MerchantReturnPolicy","merchantReturnLink":"https:\/\/www.cultcaffe.at\/sk\/agbs\/"},"telephone":[],"openingHoursSpecification":[{"@type":"OpeningHoursSpecification","dayOfWeek":["Monday","Tuesday","Wednesday","Thursday","Friday","Saturday","Sunday"],"opens":"09:00","closes":"17:00"}]},{"@type":"ImageObject","inLanguage":"sk-SK","@id":"https:\/\/www.cultcaffe.at\/produkt\/retro-emaille-tassen-360ml\/#local-main-organization-logo","url":"https:\/\/www.cultcaffe.at\/wp-content\/uploads\/2023\/11\/cultcaffe_logo_regular_dark-1.svg","contentUrl":"https:\/\/www.cultcaffe.at\/wp-content\/uploads\/2023\/11\/cultcaffe_logo_regular_dark-1.svg","width":756,"height":474,"caption":"CultCaff\u00e9 Kaffeer\u00f6sterei GmbH"}]},"og_availability":"instock","product_availability":"instock","product_condition":"new"},"_links":{"self":[{"href":"https:\/\/www.cultcaffe.at\/sk\/wp-json\/wp\/v2\/product\/14278","targetHints":{"allow":["GET"]}}],"collection":[{"href":"https:\/\/www.cultcaffe.at\/sk\/wp-json\/wp\/v2\/product"}],"about":[{"href":"https:\/\/www.cultcaffe.at\/sk\/wp-json\/wp\/v2\/types\/product"}],"wp:featuredmedia":[{"embeddable":true,"href":"https:\/\/www.cultcaffe.at\/sk\/wp-json\/wp\/v2\/media\/14289"}],"wp:attachment":[{"href":"https:\/\/www.cultcaffe.at\/sk\/wp-json\/wp\/v2\/media?parent=14278"}],"wp:term":[{"taxonomy":"product_brand","embeddable":true,"href":"https:\/\/www.cultcaffe.at\/sk\/wp-json\/wp\/v2\/product_brand?post=14278"},{"taxonomy":"product_cat","embeddable":true,"href":"https:\/\/www.cultcaffe.at\/sk\/wp-json\/wp\/v2\/product_cat?post=14278"},{"taxonomy":"product_tag","embeddable":true,"href":"https:\/\/www.cultcaffe.at\/sk\/wp-json\/wp\/v2\/product_tag?post=14278"}],"curies":[{"name":"pracovn\u00fd list","href":"https:\/\/api.w.org\/{rel}","templated":true}]}}