{"id":14198,"date":"2024-03-06T20:03:04","date_gmt":"2024-03-06T19:03:04","guid":{"rendered":"https:\/\/www.cultcaffe.at\/?post_type=product&#038;p=14198"},"modified":"2025-02-25T11:53:11","modified_gmt":"2025-02-25T10:53:11","slug":"becks-kakao-na-pitie-cokolady-red-spirit-organic-250g-plechovka-2-ks","status":"publish","type":"product","link":"https:\/\/www.cultcaffe.at\/sk\/produkt\/becks-cocoa-trinkschokolade-red-spirit-bio-250g-dose-2\/","title":{"rendered":"Becks Cocoa \u2013 \u010cokol\u00e1da na pitie \u201eRed Spirit\u201c Bio 250g AKCIA!"},"content":{"rendered":"<p><span class=\"red\" style=\"color: #ff0000 !important;\"><strong>! AKCIA: Plat\u00ed do okt\u00f3bra (17.10.24) \u2013 Tovar je v poriadku! <\/strong><\/span><\/p>\n<p><strong>\u017dIARI! \u2013 \u017dIARI! \u2013 ROZTOPN\u00c9 KAKAO!<\/strong><\/p>\n<section class=\"av_textblock_section av-l2yli1fs-2804ee444465821757f7fb26a5e49f29\">KAKAO, jedlo bohov u Mayov a Azt\u00e9kov! V\u00cdNO, n\u00e1poj bohov starovek\u00fdch Gr\u00e9kov a Rimanov, zasv\u00e4ten\u00fd bo\u017estv\u00e1m Dion\u00fdzovi a Bakchovi, radosti, plodnosti a ext\u00e1ze! Jemne vyv\u00e1\u017een\u00e9 exotick\u00e9 korenie ako \u0161korica, pomaran\u010d, z\u00e1zvor, kardam\u00f3m a klin\u010deky.\u00a0<strong>Varen\u00e9 kakao Red Spirit<\/strong>\u00a0je najnov\u0161\u00edm v\u00fdtvorom od Becks Cocoa\u2122: jemne hork\u00fd, jemne sladk\u00fd, pln\u00fd \u010dokol\u00e1dy.<\/p>\n<p>V kakau sa nach\u00e1dza pribli\u017ene 1 100 ar\u00f3m a vo v\u00edne okolo 900. \u010cerven\u00e9 v\u00edno a koreniny maj\u00fa dlh\u00fa zimn\u00fa trad\u00edciu kombinovania, v\u010faka \u010domu vznik\u00e1 lahodn\u00e9 varen\u00e9 v\u00edno, ktor\u00e9 sa pije po celej Eur\u00f3pe. \u010cerven\u00e9 v\u00edno a \u010dokol\u00e1da s\u00fa \u010fal\u0161ou skvelou chu\u0165ovou kombin\u00e1ciou. Do Red Spirit sme zakomponovali obe vl\u00e1kna p\u00f4\u017eitku a toto n\u00e1dhern\u00e9 trio sme splietli do \u00faplne novej kakaovej lah\u00f4dky! Samozrejme, t\u00e1to odroda je tie\u017e elegantne a udr\u017eate\u013ene zabalen\u00e1 v recyklovate\u013enej plechovke.<\/p>\n<p>Zlo\u017eenie:<br \/>\nZlo\u017eenie: Kakao, trstinov\u00fd cukor, pr\u00e1\u0161ok z \u010derven\u00e9ho v\u00edna (obsahuje siri\u010ditany), pr\u00edrodn\u00e1 pomaran\u010dov\u00e1 ar\u00f3ma, \u0161korica, z\u00e1zvor, klin\u010deky, kardam\u00f3m, morsk\u00e1 so\u013e.<\/p>\n<p>250g plechovka<\/p>\n<\/section>","protected":false},"excerpt":{"rendered":"<div>\n<div class=\"av-special-heading av-l2ykyvkk-c1fa1c9a75171c6febfe8d53133060d0 av-special-heading-h2 custom-color-heading blockquote modern-quote avia-builder-el-12 el_before_av_textblock avia-builder-el-first av-thin-font\">\n<div class=\"av_custom_color av-subheading av-subheading_below\">\n<p><span style=\"color: #ff0000;\"><strong>! AKCIA: Plat\u00ed do okt\u00f3bra \u2013 tovar je v poriadku!<\/strong><\/span><\/p>\n<p><strong>\u017dIARI! \u2013 \u017dIARI! \u2013 ROZTOPN\u00c9 KAKAO!<\/strong><\/p>\n<\/div>\n<\/div>\n<section class=\"av_textblock_section av-l2yli1fs-2804ee444465821757f7fb26a5e49f29\">\n<div class=\"avia_textblock\">\n<p>KAKAO, jedlo bohov u Mayov a Azt\u00e9kov! V\u00cdNO, n\u00e1poj bohov starovek\u00fdch Gr\u00e9kov a Rimanov, zasv\u00e4ten\u00fd bo\u017estv\u00e1m Dion\u00fdzovi a Bakchovi, radosti, plodnosti a ext\u00e1ze! Plus jemne vyv\u00e1\u017een\u00e9 exotick\u00e9 korenie ako \u0161korica, pomaran\u010d, z\u00e1zvor, kardam\u00f3m a klin\u010deky.<\/p>\n<p>Ten\/T\u00e1\/To\u00a0<strong>Varen\u00e9 kakao Red Spirit<\/strong>\u00a0je najnov\u0161\u00edm v\u00fdtvorom od Becks Cocoa\u2122: jemne hork\u00fd, jemne sladk\u00fd, pln\u00fd \u010dokol\u00e1dy.<\/p>\n<p>V kakau sa nach\u00e1dza pribli\u017ene 1 100 ar\u00f3m a vo v\u00edne okolo 900. \u010cerven\u00e9 v\u00edno a koreniny maj\u00fa dlh\u00fa zimn\u00fa trad\u00edciu kombinovania, v\u010faka \u010domu vznik\u00e1 lahodn\u00e9 varen\u00e9 v\u00edno, ktor\u00e9 sa pije po celej Eur\u00f3pe. \u010cerven\u00e9 v\u00edno a \u010dokol\u00e1da s\u00fa \u010fal\u0161ou skvelou chu\u0165ovou kombin\u00e1ciou. Do Red Spirit sme zakomponovali obe vl\u00e1kna p\u00f4\u017eitku a toto n\u00e1dhern\u00e9 trio sme splietli do \u00faplne novej kakaovej lah\u00f4dky! Samozrejme, t\u00e1to odroda je tie\u017e elegantne a udr\u017eate\u013ene zabalen\u00e1 v recyklovate\u013enej plechovke.<\/p>\n<p>250g plechovka<\/p>\n<\/div>\n<\/section>\n<\/div>","protected":false},"featured_media":14228,"template":"","meta":{"inline_featured_image":false},"product_brand":[],"product_cat":[205,211],"product_tag":[102,101,95,74,142,75],"class_list":{"0":"post-14198","1":"product","2":"type-product","3":"status-publish","4":"has-post-thumbnail","6":"product_cat-trinkschokolade","7":"product_cat-geschenkideen","8":"product_tag-becks","9":"product_tag-cocoa","10":"product_tag-geschenk","11":"product_tag-kakao","12":"product_tag-red-spirit","13":"product_tag-trinkschokolade","15":"first","16":"instock","17":"sale","18":"taxable","19":"shipping-taxable","20":"purchasable","21":"product-type-simple"},"yoast_head":"<!-- This site is optimized with the Yoast SEO plugin v27.4 - https:\/\/yoast.com\/product\/yoast-seo-wordpress\/ -->\n<title>Becks Cocoa - Trinkschokolade &quot;Red Spirit&quot; Bio 250g AKTION! - CultCaff\u00e9 - die Bio Kaffee R\u00f6sterei<\/title>\n<meta name=\"robots\" content=\"index, follow, max-snippet:-1, max-image-preview:large, max-video-preview:-1\" \/>\n<link rel=\"canonical\" href=\"https:\/\/www.cultcaffe.at\/sk\/produkt\/becks-kakao-na-pitie-cokolady-red-spirit-organic-250g-plechovka-2-ks\/\" \/>\n<meta property=\"og:locale\" content=\"sk_SK\" \/>\n<meta property=\"og:type\" content=\"article\" \/>\n<meta property=\"og:title\" content=\"Becks Cocoa - Trinkschokolade &quot;Red Spirit&quot; Bio 250g AKTION! - CultCaff\u00e9 - die Bio Kaffee R\u00f6sterei\" \/>\n<meta property=\"og:description\" content=\"! AKTION: Ablauf im Oktober \u2013 Ware in Ordnung!  GL\u00dcH! \u2013 GL\u00dcH! \u2013 GL\u00dcH-KAKAO!       KAKAO, Speise der G\u00f6tter bei den Maya und Azteken! WEIN, G\u00f6ttertrunk der antiken Griechen und R\u00f6mer, geweiht den Gottheiten Dionysos und Bacchus, der Freude, Fruchtbarkeit und Ekstase! Dazu fein abgestimmte exotische GEW\u00dcRZE wie Zimt, Orange, Ingwer, Kardamom und Nelken.  Der\u00a0Red Spirit Gl\u00fchkakao\u00a0ist die neueste Kreation aus dem Hause Becks Cocoa\u2122: fein herb, fein s\u00fc\u00df, voll schokoladig.  Etwa 1.100 Aromen wirken im Kakao, rund 900 sind es im Wein. Rotwein und Gew\u00fcrze haben sich in langer Wintertradition im europaweit getrunkenen Gl\u00fchwein k\u00f6stlich vereint. Rotwein und Schokolade sind ein weiteres grandioses Aromenpaar. Beide Genussf\u00e4den nehmen wir im Red Spirit auf, weben aus diesem prachtvollen Trio einen ganz neuen Kakaogenuss! Nat\u00fcrlich ist auch diese Sorte in der recyclebaren Blechdose edel und nachhaltig verpackt.  250g Dose\" \/>\n<meta property=\"og:url\" content=\"https:\/\/www.cultcaffe.at\/sk\/produkt\/becks-kakao-na-pitie-cokolady-red-spirit-organic-250g-plechovka-2-ks\/\" \/>\n<meta property=\"og:site_name\" content=\"CultCaff\u00e9 - die Bio Kaffee R\u00f6sterei\" \/>\n<meta property=\"article:publisher\" content=\"https:\/\/www.facebook.com\/p\/Cult-Caff%c3%a8-die-R%c3%b6sterei-100039719724703\/?locale=de_DE\" \/>\n<meta property=\"article:modified_time\" content=\"2025-02-25T10:53:11+00:00\" \/>\n<meta property=\"og:image\" content=\"https:\/\/www.cultcaffe.at\/wp-content\/uploads\/2024\/03\/Becks-Cocoa-Red-Spirit.jpg\" \/>\n\t<meta property=\"og:image:width\" content=\"676\" \/>\n\t<meta property=\"og:image:height\" content=\"671\" \/>\n\t<meta property=\"og:image:type\" content=\"image\/jpeg\" \/>\n<meta name=\"twitter:card\" content=\"summary_large_image\" \/>\n<meta name=\"twitter:label1\" content=\"Cena\" \/>\n\t<meta name=\"twitter:data1\" content=\"&euro;&nbsp;5,00\" \/>\n\t<meta name=\"twitter:label2\" content=\"Dostupnos\u0165\" \/>\n\t<meta name=\"twitter:data2\" content=\"Na sklade\" \/>\n<script type=\"application\/ld+json\" class=\"yoast-schema-graph\">{\"@context\":\"https:\\\/\\\/schema.org\",\"@graph\":[{\"@type\":\"WebPage\",\"@id\":\"https:\\\/\\\/www.cultcaffe.at\\\/produkt\\\/becks-cocoa-trinkschokolade-red-spirit-bio-250g-dose-2\\\/\",\"url\":\"https:\\\/\\\/www.cultcaffe.at\\\/produkt\\\/becks-cocoa-trinkschokolade-red-spirit-bio-250g-dose-2\\\/\",\"name\":\"Becks Cocoa - Trinkschokolade \\\"Red Spirit\\\" Bio 250g AKTION! - CultCaff\u00e9 - die Bio Kaffee R\u00f6sterei\",\"isPartOf\":{\"@id\":\"https:\\\/\\\/www.cultcaffe.at\\\/#website\"},\"primaryImageOfPage\":{\"@id\":\"https:\\\/\\\/www.cultcaffe.at\\\/produkt\\\/becks-cocoa-trinkschokolade-red-spirit-bio-250g-dose-2\\\/#primaryimage\"},\"image\":{\"@id\":\"https:\\\/\\\/www.cultcaffe.at\\\/produkt\\\/becks-cocoa-trinkschokolade-red-spirit-bio-250g-dose-2\\\/#primaryimage\"},\"thumbnailUrl\":\"https:\\\/\\\/www.cultcaffe.at\\\/wp-content\\\/uploads\\\/2024\\\/03\\\/Becks-Cocoa-Red-Spirit.jpg\",\"datePublished\":\"2024-03-06T19:03:04+00:00\",\"dateModified\":\"2025-02-25T10:53:11+00:00\",\"breadcrumb\":{\"@id\":\"https:\\\/\\\/www.cultcaffe.at\\\/produkt\\\/becks-cocoa-trinkschokolade-red-spirit-bio-250g-dose-2\\\/#breadcrumb\"},\"inLanguage\":\"sk-SK\",\"potentialAction\":[{\"@type\":\"ReadAction\",\"target\":[\"https:\\\/\\\/www.cultcaffe.at\\\/produkt\\\/becks-cocoa-trinkschokolade-red-spirit-bio-250g-dose-2\\\/\"]}]},{\"@type\":\"ImageObject\",\"inLanguage\":\"sk-SK\",\"@id\":\"https:\\\/\\\/www.cultcaffe.at\\\/produkt\\\/becks-cocoa-trinkschokolade-red-spirit-bio-250g-dose-2\\\/#primaryimage\",\"url\":\"https:\\\/\\\/www.cultcaffe.at\\\/wp-content\\\/uploads\\\/2024\\\/03\\\/Becks-Cocoa-Red-Spirit.jpg\",\"contentUrl\":\"https:\\\/\\\/www.cultcaffe.at\\\/wp-content\\\/uploads\\\/2024\\\/03\\\/Becks-Cocoa-Red-Spirit.jpg\",\"width\":676,\"height\":671},{\"@type\":\"BreadcrumbList\",\"@id\":\"https:\\\/\\\/www.cultcaffe.at\\\/produkt\\\/becks-cocoa-trinkschokolade-red-spirit-bio-250g-dose-2\\\/#breadcrumb\",\"itemListElement\":[{\"@type\":\"ListItem\",\"position\":1,\"name\":\"Startseite\",\"item\":\"https:\\\/\\\/www.cultcaffe.at\\\/\"},{\"@type\":\"ListItem\",\"position\":2,\"name\":\"Produkte\",\"item\":\"https:\\\/\\\/www.cultcaffe.at\\\/shop\\\/\"},{\"@type\":\"ListItem\",\"position\":3,\"name\":\"Becks Cocoa &#8211; Trinkschokolade &#8222;Red Spirit&#8220; Bio 250g AKTION!\"}]},{\"@type\":\"WebSite\",\"@id\":\"https:\\\/\\\/www.cultcaffe.at\\\/#website\",\"url\":\"https:\\\/\\\/www.cultcaffe.at\\\/\",\"name\":\"CultCaff\u00e9 - die Bio Kaffee R\u00f6sterei\",\"description\":\"Liebe zum Kaffee\",\"publisher\":{\"@id\":\"https:\\\/\\\/www.cultcaffe.at\\\/#organization\"},\"potentialAction\":[{\"@type\":\"SearchAction\",\"target\":{\"@type\":\"EntryPoint\",\"urlTemplate\":\"https:\\\/\\\/www.cultcaffe.at\\\/?s={search_term_string}\"},\"query-input\":{\"@type\":\"PropertyValueSpecification\",\"valueRequired\":true,\"valueName\":\"search_term_string\"}}],\"inLanguage\":\"sk-SK\"},{\"@type\":[\"Organization\",\"Place\"],\"@id\":\"https:\\\/\\\/www.cultcaffe.at\\\/#organization\",\"name\":\"CultCaff\u00e9 Kaffeer\u00f6sterei GmbH\",\"alternateName\":\"CultCaff\u00e9\",\"url\":\"https:\\\/\\\/www.cultcaffe.at\\\/\",\"logo\":{\"@id\":\"https:\\\/\\\/www.cultcaffe.at\\\/produkt\\\/becks-cocoa-trinkschokolade-red-spirit-bio-250g-dose-2\\\/#local-main-organization-logo\"},\"image\":{\"@id\":\"https:\\\/\\\/www.cultcaffe.at\\\/produkt\\\/becks-cocoa-trinkschokolade-red-spirit-bio-250g-dose-2\\\/#local-main-organization-logo\"},\"sameAs\":[\"https:\\\/\\\/www.facebook.com\\\/p\\\/Cult-Caff\u00e8-die-R\u00f6sterei-100039719724703\\\/?locale=de_DE\",\"https:\\\/\\\/www.instagram.com\\\/cultcaffe.at\\\/\"],\"hasMerchantReturnPolicy\":{\"@type\":\"MerchantReturnPolicy\",\"merchantReturnLink\":\"https:\\\/\\\/www.cultcaffe.at\\\/sk\\\/agbs\\\/\"},\"telephone\":[],\"openingHoursSpecification\":[{\"@type\":\"OpeningHoursSpecification\",\"dayOfWeek\":[\"Monday\",\"Tuesday\",\"Wednesday\",\"Thursday\",\"Friday\",\"Saturday\",\"Sunday\"],\"opens\":\"09:00\",\"closes\":\"17:00\"}]},{\"@type\":\"ImageObject\",\"inLanguage\":\"sk-SK\",\"@id\":\"https:\\\/\\\/www.cultcaffe.at\\\/produkt\\\/becks-cocoa-trinkschokolade-red-spirit-bio-250g-dose-2\\\/#local-main-organization-logo\",\"url\":\"https:\\\/\\\/www.cultcaffe.at\\\/wp-content\\\/uploads\\\/2023\\\/11\\\/cultcaffe_logo_regular_dark-1.svg\",\"contentUrl\":\"https:\\\/\\\/www.cultcaffe.at\\\/wp-content\\\/uploads\\\/2023\\\/11\\\/cultcaffe_logo_regular_dark-1.svg\",\"width\":756,\"height\":474,\"caption\":\"CultCaff\u00e9 Kaffeer\u00f6sterei GmbH\"}]}<\/script>\n<meta property=\"product:price:amount\" content=\"5.00\" \/>\n<meta property=\"product:price:currency\" content=\"EUR\" \/>\n<meta property=\"og:availability\" content=\"instock\" \/>\n<meta property=\"product:availability\" content=\"instock\" \/>\n<meta property=\"product:condition\" content=\"new\" \/>\n<!-- \/ Yoast SEO plugin. -->","yoast_head_json":{"title":"Becks Cocoa - \u010cokol\u00e1da na pitie &quot;Red Spirit&quot; Bio 250g \u0160PECI\u00c1LNA PONUKA! - CultCaff\u00e9 - pra\u017eiare\u0148 bio k\u00e1vy","robots":{"index":"index","follow":"follow","max-snippet":"max-snippet:-1","max-image-preview":"max-image-preview:large","max-video-preview":"max-video-preview:-1"},"canonical":"https:\/\/www.cultcaffe.at\/sk\/produkt\/becks-kakao-na-pitie-cokolady-red-spirit-organic-250g-plechovka-2-ks\/","og_locale":"sk_SK","og_type":"article","og_title":"Becks Cocoa - Trinkschokolade \"Red Spirit\" Bio 250g AKTION! - CultCaff\u00e9 - die Bio Kaffee R\u00f6sterei","og_description":"! AKTION: Ablauf im Oktober \u2013 Ware in Ordnung!  GL\u00dcH! \u2013 GL\u00dcH! \u2013 GL\u00dcH-KAKAO!       KAKAO, Speise der G\u00f6tter bei den Maya und Azteken! WEIN, G\u00f6ttertrunk der antiken Griechen und R\u00f6mer, geweiht den Gottheiten Dionysos und Bacchus, der Freude, Fruchtbarkeit und Ekstase! Dazu fein abgestimmte exotische GEW\u00dcRZE wie Zimt, Orange, Ingwer, Kardamom und Nelken.  Der\u00a0Red Spirit Gl\u00fchkakao\u00a0ist die neueste Kreation aus dem Hause Becks Cocoa\u2122: fein herb, fein s\u00fc\u00df, voll schokoladig.  Etwa 1.100 Aromen wirken im Kakao, rund 900 sind es im Wein. Rotwein und Gew\u00fcrze haben sich in langer Wintertradition im europaweit getrunkenen Gl\u00fchwein k\u00f6stlich vereint. Rotwein und Schokolade sind ein weiteres grandioses Aromenpaar. Beide Genussf\u00e4den nehmen wir im Red Spirit auf, weben aus diesem prachtvollen Trio einen ganz neuen Kakaogenuss! Nat\u00fcrlich ist auch diese Sorte in der recyclebaren Blechdose edel und nachhaltig verpackt.  250g Dose","og_url":"https:\/\/www.cultcaffe.at\/sk\/produkt\/becks-kakao-na-pitie-cokolady-red-spirit-organic-250g-plechovka-2-ks\/","og_site_name":"CultCaff\u00e9 - die Bio Kaffee R\u00f6sterei","article_publisher":"https:\/\/www.facebook.com\/p\/Cult-Caff%c3%a8-die-R%c3%b6sterei-100039719724703\/?locale=de_DE","article_modified_time":"2025-02-25T10:53:11+00:00","og_image":[{"width":676,"height":671,"url":"https:\/\/www.cultcaffe.at\/wp-content\/uploads\/2024\/03\/Becks-Cocoa-Red-Spirit.jpg","type":"image\/jpeg"}],"twitter_card":"summary_large_image","twitter_misc":{"Cena":"&euro;&nbsp;5,00","Dostupnos\u0165":"Na sklade"},"schema":{"@context":"https:\/\/schema.org","@graph":[{"@type":"WebPage","@id":"https:\/\/www.cultcaffe.at\/produkt\/becks-cocoa-trinkschokolade-red-spirit-bio-250g-dose-2\/","url":"https:\/\/www.cultcaffe.at\/produkt\/becks-cocoa-trinkschokolade-red-spirit-bio-250g-dose-2\/","name":"Becks Cocoa - \u010cokol\u00e1da na pitie &quot;Red Spirit&quot; Bio 250g \u0160PECI\u00c1LNA PONUKA! - CultCaff\u00e9 - pra\u017eiare\u0148 bio k\u00e1vy","isPartOf":{"@id":"https:\/\/www.cultcaffe.at\/#website"},"primaryImageOfPage":{"@id":"https:\/\/www.cultcaffe.at\/produkt\/becks-cocoa-trinkschokolade-red-spirit-bio-250g-dose-2\/#primaryimage"},"image":{"@id":"https:\/\/www.cultcaffe.at\/produkt\/becks-cocoa-trinkschokolade-red-spirit-bio-250g-dose-2\/#primaryimage"},"thumbnailUrl":"https:\/\/www.cultcaffe.at\/wp-content\/uploads\/2024\/03\/Becks-Cocoa-Red-Spirit.jpg","datePublished":"2024-03-06T19:03:04+00:00","dateModified":"2025-02-25T10:53:11+00:00","breadcrumb":{"@id":"https:\/\/www.cultcaffe.at\/produkt\/becks-cocoa-trinkschokolade-red-spirit-bio-250g-dose-2\/#breadcrumb"},"inLanguage":"sk-SK","potentialAction":[{"@type":"ReadAction","target":["https:\/\/www.cultcaffe.at\/produkt\/becks-cocoa-trinkschokolade-red-spirit-bio-250g-dose-2\/"]}]},{"@type":"ImageObject","inLanguage":"sk-SK","@id":"https:\/\/www.cultcaffe.at\/produkt\/becks-cocoa-trinkschokolade-red-spirit-bio-250g-dose-2\/#primaryimage","url":"https:\/\/www.cultcaffe.at\/wp-content\/uploads\/2024\/03\/Becks-Cocoa-Red-Spirit.jpg","contentUrl":"https:\/\/www.cultcaffe.at\/wp-content\/uploads\/2024\/03\/Becks-Cocoa-Red-Spirit.jpg","width":676,"height":671},{"@type":"BreadcrumbList","@id":"https:\/\/www.cultcaffe.at\/produkt\/becks-cocoa-trinkschokolade-red-spirit-bio-250g-dose-2\/#breadcrumb","itemListElement":[{"@type":"ListItem","position":1,"name":"Startseite","item":"https:\/\/www.cultcaffe.at\/"},{"@type":"ListItem","position":2,"name":"Produkte","item":"https:\/\/www.cultcaffe.at\/shop\/"},{"@type":"ListItem","position":3,"name":"Becks Cocoa &#8211; Trinkschokolade &#8222;Red Spirit&#8220; Bio 250g AKTION!"}]},{"@type":"WebSite","@id":"https:\/\/www.cultcaffe.at\/#website","url":"https:\/\/www.cultcaffe.at\/","name":"CultCaff\u00e9 - pra\u017eiare\u0148 organickej k\u00e1vy","description":"L\u00e1ska ku k\u00e1ve","publisher":{"@id":"https:\/\/www.cultcaffe.at\/#organization"},"potentialAction":[{"@type":"SearchAction","target":{"@type":"EntryPoint","urlTemplate":"https:\/\/www.cultcaffe.at\/?s={search_term_string}"},"query-input":{"@type":"PropertyValueSpecification","valueRequired":true,"valueName":"search_term_string"}}],"inLanguage":"sk-SK"},{"@type":["Organization","Place"],"@id":"https:\/\/www.cultcaffe.at\/#organization","name":"CultCaff\u00e9 Coffee Roastery GmbH","alternateName":"CultCaff\u00e9","url":"https:\/\/www.cultcaffe.at\/","logo":{"@id":"https:\/\/www.cultcaffe.at\/produkt\/becks-cocoa-trinkschokolade-red-spirit-bio-250g-dose-2\/#local-main-organization-logo"},"image":{"@id":"https:\/\/www.cultcaffe.at\/produkt\/becks-cocoa-trinkschokolade-red-spirit-bio-250g-dose-2\/#local-main-organization-logo"},"sameAs":["https:\/\/www.facebook.com\/p\/Cult-Caff\u00e8-die-R\u00f6sterei-100039719724703\/?locale=de_DE","https:\/\/www.instagram.com\/cultcaffe.at\/"],"hasMerchantReturnPolicy":{"@type":"MerchantReturnPolicy","merchantReturnLink":"https:\/\/www.cultcaffe.at\/sk\/agbs\/"},"telephone":[],"openingHoursSpecification":[{"@type":"OpeningHoursSpecification","dayOfWeek":["Monday","Tuesday","Wednesday","Thursday","Friday","Saturday","Sunday"],"opens":"09:00","closes":"17:00"}]},{"@type":"ImageObject","inLanguage":"sk-SK","@id":"https:\/\/www.cultcaffe.at\/produkt\/becks-cocoa-trinkschokolade-red-spirit-bio-250g-dose-2\/#local-main-organization-logo","url":"https:\/\/www.cultcaffe.at\/wp-content\/uploads\/2023\/11\/cultcaffe_logo_regular_dark-1.svg","contentUrl":"https:\/\/www.cultcaffe.at\/wp-content\/uploads\/2023\/11\/cultcaffe_logo_regular_dark-1.svg","width":756,"height":474,"caption":"CultCaff\u00e9 Kaffeer\u00f6sterei GmbH"}]},"product_price_amount":"5.00","product_price_currency":"EUR","og_availability":"instock","product_availability":"instock","product_condition":"new"},"_links":{"self":[{"href":"https:\/\/www.cultcaffe.at\/sk\/wp-json\/wp\/v2\/product\/14198","targetHints":{"allow":["GET"]}}],"collection":[{"href":"https:\/\/www.cultcaffe.at\/sk\/wp-json\/wp\/v2\/product"}],"about":[{"href":"https:\/\/www.cultcaffe.at\/sk\/wp-json\/wp\/v2\/types\/product"}],"wp:featuredmedia":[{"embeddable":true,"href":"https:\/\/www.cultcaffe.at\/sk\/wp-json\/wp\/v2\/media\/14228"}],"wp:attachment":[{"href":"https:\/\/www.cultcaffe.at\/sk\/wp-json\/wp\/v2\/media?parent=14198"}],"wp:term":[{"taxonomy":"product_brand","embeddable":true,"href":"https:\/\/www.cultcaffe.at\/sk\/wp-json\/wp\/v2\/product_brand?post=14198"},{"taxonomy":"product_cat","embeddable":true,"href":"https:\/\/www.cultcaffe.at\/sk\/wp-json\/wp\/v2\/product_cat?post=14198"},{"taxonomy":"product_tag","embeddable":true,"href":"https:\/\/www.cultcaffe.at\/sk\/wp-json\/wp\/v2\/product_tag?post=14198"}],"curies":[{"name":"pracovn\u00fd list","href":"https:\/\/api.w.org\/{rel}","templated":true}]}}