{"id":14000,"date":"2024-03-06T20:00:21","date_gmt":"2024-03-06T19:00:21","guid":{"rendered":"https:\/\/www.cultcaffe.at\/?post_type=product&#038;p=14000"},"modified":"2026-01-21T15:30:13","modified_gmt":"2026-01-21T14:30:13","slug":"mexiko-pablo-e","status":"publish","type":"product","link":"https:\/\/www.cultcaffe.at\/sk\/produkt\/mexico-pablo-e\/","title":{"rendered":"Mexiko Pablo E."},"content":{"rendered":"<h3><strong>Mexico Pablo E. \u2013 Jemne korenen\u00e1 k\u00e1va z ju\u017en\u00e9ho Mexika<\/strong><\/h3>\n<p>Vychutnajte si jedine\u010dn\u00fa chu\u0165 <strong>Arabica k\u00e1vy<\/strong> z tepl\u00e9ho juhu Mexika. Ten\/T\u00e1\/To <strong>vysokokvalitn\u00e9 fazule<\/strong> s\u00fa starostlivo spracovan\u00e9, aby sa zabezpe\u010dilo <strong>vyv\u00e1\u017een\u00e1 ar\u00f3ma<\/strong> zaru\u010di\u0165.<br \/>\nArabiky z Mexika s\u00fa jemne korenist\u00e9 a vyv\u00e1\u017een\u00e9. Mexickej k\u00e1ve sa dar\u00ed najm\u00e4 v teplom juhu krajiny.<br \/>\nNiektor\u00e9 z najlep\u0161\u00edch odr\u00f4d poch\u00e1dzaj\u00fa z regi\u00f3nu Chiapas. Na atlantickej strane Chiapasu, v regi\u00f3noch Jaltenago a Villa Corzo, pestuj\u00fa mal\u00ed farm\u00e1ri arabiky odr\u00f4d \u201eTipica\u201c a \u201eBourbon\u201c. Je rozdrven\u00fd, umyt\u00fd a ru\u010dne su\u0161en\u00fd na slnku.<\/p>\n<h3>Charakteristiky:<\/h3>\n<ul>\n<li><strong>Jemne korenist\u00e1 chu\u0165:<\/strong> Arabica z Mexika zaujme svojou jemnou korenistos\u0165ou, v\u010faka ktorej je ka\u017ed\u00fd d\u00fa\u0161ok z\u00e1\u017eitkom.<\/li>\n<li><strong>Vyv\u00e1\u017een\u00e1 ar\u00f3ma:<\/strong> K\u00e1va Mexico Pablo E. zaujme svojou harmonickou a vyv\u00e1\u017eenou ar\u00f3mou, ktor\u00fa milovn\u00edci ocenia.<\/li>\n<li><strong>P\u00f4vod z tepl\u00e9ho juhu Mexika:<\/strong> Zrn\u00e1 poch\u00e1dzaj\u00fa zo slne\u010dn\u00e9ho juhu Mexika, kde dozrievaj\u00fa za ide\u00e1lnych podmienok.<\/li>\n<li><strong>Vysokokvalitn\u00e9 zrn\u00e1 Arabica:<\/strong> Na t\u00fato k\u00e1vu sa pou\u017e\u00edvaj\u00fa iba tie najlep\u0161ie zrn\u00e1 Arabica, aby sa zabezpe\u010dila najvy\u0161\u0161ia kvalita.<\/li>\n<li><strong>Ide\u00e1lne pre milovn\u00edkov k\u00e1vy:<\/strong> K\u00e1va Mexico Pablo E. je nevyhnutnos\u0165ou pre ka\u017ed\u00e9ho, kto si cen\u00ed kvalitn\u00fa k\u00e1vu s vyv\u00e1\u017eenou chu\u0165ou.<\/li>\n<\/ul>\n<p>Objavte rozmanitos\u0165 a kvalitu mexickej k\u00e1vy s k\u00e1vou Mexico Pablo E. a rozmazn\u00e1vajte svoje chu\u0165ov\u00e9 poh\u00e1riky s ka\u017ed\u00fdm d\u00fa\u0161kom.<\/p>","protected":false},"excerpt":{"rendered":"<ul>\n<li class=\"bullet-checkmark\">Jemne korenist\u00e1 chu\u0165, vyv\u00e1\u017een\u00e1 ar\u00f3ma<\/li>\n<li class=\"bullet-checkmark\">Ide\u00e1lne pre milovn\u00edkov k\u00e1vy, ktor\u00ed miluj\u00fa nie\u010do \u0161peci\u00e1lne<\/li>\n<\/ul>","protected":false},"featured_media":14966,"template":"","meta":{"inline_featured_image":false},"product_brand":[],"product_cat":[199],"product_tag":[63,61,60,91,92,84,59,62],"class_list":{"0":"post-14000","1":"product","2":"type-product","3":"status-publish","4":"has-post-thumbnail","6":"product_cat-kaffee","7":"product_tag-100-arabica","8":"product_tag-cultcaffe","9":"product_tag-espresso","10":"product_tag-filter","11":"product_tag-filterkaffee","12":"product_tag-french-press","13":"product_tag-kaffee","14":"product_tag-kaffeegenuss","16":"first","17":"instock","18":"taxable","19":"shipping-taxable","20":"purchasable","21":"product-type-variable","22":"has-default-attributes"},"yoast_head":"<!-- This site is optimized with the Yoast SEO plugin v27.5 - https:\/\/yoast.com\/product\/yoast-seo-wordpress\/ -->\n<title>Mexico Pablo E. - CultCaff\u00e9 - die Bio Kaffee R\u00f6sterei<\/title>\n<meta name=\"description\" content=\"Mischung: 100 % Arabica, Herkunft aus dem warmen S\u00fcden Mexikos | St\u00e4rke: 3 | Feinw\u00fcrziger Geschmack, ausgewogenes Aroma\" \/>\n<meta name=\"robots\" content=\"index, follow, max-snippet:-1, max-image-preview:large, max-video-preview:-1\" \/>\n<link rel=\"canonical\" href=\"https:\/\/www.cultcaffe.at\/sk\/produkt\/mexiko-pablo-e\/\" \/>\n<meta property=\"og:locale\" content=\"sk_SK\" \/>\n<meta property=\"og:type\" content=\"article\" \/>\n<meta property=\"og:title\" content=\"Mexico Pablo E. - CultCaff\u00e9 - die Bio Kaffee R\u00f6sterei\" \/>\n<meta property=\"og:description\" content=\"Mischung: 100 % Arabica, Herkunft aus dem warmen S\u00fcden Mexikos | St\u00e4rke: 3 | Feinw\u00fcrziger Geschmack, ausgewogenes Aroma\" \/>\n<meta property=\"og:url\" content=\"https:\/\/www.cultcaffe.at\/sk\/produkt\/mexiko-pablo-e\/\" \/>\n<meta property=\"og:site_name\" content=\"CultCaff\u00e9 - die Bio Kaffee R\u00f6sterei\" \/>\n<meta property=\"article:publisher\" content=\"https:\/\/www.facebook.com\/p\/Cult-Caff%c3%a8-die-R%c3%b6sterei-100039719724703\/?locale=de_DE\" \/>\n<meta property=\"article:modified_time\" content=\"2026-01-21T14:30:13+00:00\" \/>\n<meta property=\"og:image\" content=\"https:\/\/www.cultcaffe.at\/wp-content\/uploads\/2024\/03\/Cult-Caffe_Kaffee-Bohnen_Mexico-.jpg\" \/>\n\t<meta property=\"og:image:width\" content=\"2000\" \/>\n\t<meta property=\"og:image:height\" content=\"2000\" \/>\n\t<meta property=\"og:image:type\" content=\"image\/jpeg\" \/>\n<meta name=\"twitter:card\" content=\"summary_large_image\" \/>\n<meta name=\"twitter:label1\" content=\"Dostupnos\u0165\" \/>\n\t<meta name=\"twitter:data1\" content=\"Na sklade\" \/>\n<script type=\"application\/ld+json\" class=\"yoast-schema-graph\">{\"@context\":\"https:\\\/\\\/schema.org\",\"@graph\":[{\"@type\":\"WebPage\",\"@id\":\"https:\\\/\\\/www.cultcaffe.at\\\/produkt\\\/mexico-pablo-e\\\/\",\"url\":\"https:\\\/\\\/www.cultcaffe.at\\\/produkt\\\/mexico-pablo-e\\\/\",\"name\":\"Mexico Pablo E. - CultCaff\u00e9 - die Bio Kaffee R\u00f6sterei\",\"isPartOf\":{\"@id\":\"https:\\\/\\\/www.cultcaffe.at\\\/#website\"},\"primaryImageOfPage\":{\"@id\":\"https:\\\/\\\/www.cultcaffe.at\\\/produkt\\\/mexico-pablo-e\\\/#primaryimage\"},\"image\":{\"@id\":\"https:\\\/\\\/www.cultcaffe.at\\\/produkt\\\/mexico-pablo-e\\\/#primaryimage\"},\"thumbnailUrl\":\"https:\\\/\\\/www.cultcaffe.at\\\/wp-content\\\/uploads\\\/2024\\\/03\\\/Cult-Caffe_Kaffee-Bohnen_Mexico-.jpg\",\"datePublished\":\"2024-03-06T19:00:21+00:00\",\"dateModified\":\"2026-01-21T14:30:13+00:00\",\"description\":\"Mischung: 100 % Arabica, Herkunft aus dem warmen S\u00fcden Mexikos | St\u00e4rke: 3 | Feinw\u00fcrziger Geschmack, ausgewogenes Aroma\",\"breadcrumb\":{\"@id\":\"https:\\\/\\\/www.cultcaffe.at\\\/produkt\\\/mexico-pablo-e\\\/#breadcrumb\"},\"inLanguage\":\"sk-SK\",\"potentialAction\":[{\"@type\":\"ReadAction\",\"target\":[\"https:\\\/\\\/www.cultcaffe.at\\\/produkt\\\/mexico-pablo-e\\\/\"]}]},{\"@type\":\"ImageObject\",\"inLanguage\":\"sk-SK\",\"@id\":\"https:\\\/\\\/www.cultcaffe.at\\\/produkt\\\/mexico-pablo-e\\\/#primaryimage\",\"url\":\"https:\\\/\\\/www.cultcaffe.at\\\/wp-content\\\/uploads\\\/2024\\\/03\\\/Cult-Caffe_Kaffee-Bohnen_Mexico-.jpg\",\"contentUrl\":\"https:\\\/\\\/www.cultcaffe.at\\\/wp-content\\\/uploads\\\/2024\\\/03\\\/Cult-Caffe_Kaffee-Bohnen_Mexico-.jpg\",\"width\":2000,\"height\":2000},{\"@type\":\"BreadcrumbList\",\"@id\":\"https:\\\/\\\/www.cultcaffe.at\\\/produkt\\\/mexico-pablo-e\\\/#breadcrumb\",\"itemListElement\":[{\"@type\":\"ListItem\",\"position\":1,\"name\":\"Startseite\",\"item\":\"https:\\\/\\\/www.cultcaffe.at\\\/\"},{\"@type\":\"ListItem\",\"position\":2,\"name\":\"Produkte\",\"item\":\"https:\\\/\\\/www.cultcaffe.at\\\/shop\\\/\"},{\"@type\":\"ListItem\",\"position\":3,\"name\":\"Mexico Pablo E.\"}]},{\"@type\":\"WebSite\",\"@id\":\"https:\\\/\\\/www.cultcaffe.at\\\/#website\",\"url\":\"https:\\\/\\\/www.cultcaffe.at\\\/\",\"name\":\"CultCaff\u00e9 - die Bio Kaffee R\u00f6sterei\",\"description\":\"Liebe zum Kaffee\",\"publisher\":{\"@id\":\"https:\\\/\\\/www.cultcaffe.at\\\/#organization\"},\"potentialAction\":[{\"@type\":\"SearchAction\",\"target\":{\"@type\":\"EntryPoint\",\"urlTemplate\":\"https:\\\/\\\/www.cultcaffe.at\\\/?s={search_term_string}\"},\"query-input\":{\"@type\":\"PropertyValueSpecification\",\"valueRequired\":true,\"valueName\":\"search_term_string\"}}],\"inLanguage\":\"sk-SK\"},{\"@type\":[\"Organization\",\"Place\"],\"@id\":\"https:\\\/\\\/www.cultcaffe.at\\\/#organization\",\"name\":\"CultCaff\u00e9 Kaffeer\u00f6sterei GmbH\",\"alternateName\":\"CultCaff\u00e9\",\"url\":\"https:\\\/\\\/www.cultcaffe.at\\\/\",\"logo\":{\"@id\":\"https:\\\/\\\/www.cultcaffe.at\\\/produkt\\\/mexico-pablo-e\\\/#local-main-organization-logo\"},\"image\":{\"@id\":\"https:\\\/\\\/www.cultcaffe.at\\\/produkt\\\/mexico-pablo-e\\\/#local-main-organization-logo\"},\"sameAs\":[\"https:\\\/\\\/www.facebook.com\\\/p\\\/Cult-Caff\u00e8-die-R\u00f6sterei-100039719724703\\\/?locale=de_DE\",\"https:\\\/\\\/www.instagram.com\\\/cultcaffe.at\\\/\"],\"hasMerchantReturnPolicy\":{\"@type\":\"MerchantReturnPolicy\",\"merchantReturnLink\":\"https:\\\/\\\/www.cultcaffe.at\\\/sk\\\/agbs\\\/\"},\"telephone\":[],\"openingHoursSpecification\":[{\"@type\":\"OpeningHoursSpecification\",\"dayOfWeek\":[\"Monday\",\"Tuesday\",\"Wednesday\",\"Thursday\",\"Friday\",\"Saturday\",\"Sunday\"],\"opens\":\"09:00\",\"closes\":\"17:00\"}]},{\"@type\":\"ImageObject\",\"inLanguage\":\"sk-SK\",\"@id\":\"https:\\\/\\\/www.cultcaffe.at\\\/produkt\\\/mexico-pablo-e\\\/#local-main-organization-logo\",\"url\":\"https:\\\/\\\/www.cultcaffe.at\\\/wp-content\\\/uploads\\\/2023\\\/11\\\/cultcaffe_logo_regular_dark-1.svg\",\"contentUrl\":\"https:\\\/\\\/www.cultcaffe.at\\\/wp-content\\\/uploads\\\/2023\\\/11\\\/cultcaffe_logo_regular_dark-1.svg\",\"width\":756,\"height\":474,\"caption\":\"CultCaff\u00e9 Kaffeer\u00f6sterei GmbH\"}]}<\/script>\n<meta property=\"og:availability\" content=\"instock\" \/>\n<meta property=\"product:availability\" content=\"instock\" \/>\n<meta property=\"product:condition\" content=\"new\" \/>\n<!-- \/ Yoast SEO plugin. -->","yoast_head_json":{"title":"Mexiko Pablo E. - CultCaff\u00e9 - pra\u017eiare\u0148 organickej k\u00e1vy","description":"Zmes: 100% Arabica %, p\u00f4vodom z tepl\u00e9ho juhu Mexika | Sila: 3 | Jemne korenist\u00e1 chu\u0165, vyv\u00e1\u017een\u00e1 ar\u00f3ma","robots":{"index":"index","follow":"follow","max-snippet":"max-snippet:-1","max-image-preview":"max-image-preview:large","max-video-preview":"max-video-preview:-1"},"canonical":"https:\/\/www.cultcaffe.at\/sk\/produkt\/mexiko-pablo-e\/","og_locale":"sk_SK","og_type":"article","og_title":"Mexico Pablo E. - CultCaff\u00e9 - die Bio Kaffee R\u00f6sterei","og_description":"Mischung: 100 % Arabica, Herkunft aus dem warmen S\u00fcden Mexikos | St\u00e4rke: 3 | Feinw\u00fcrziger Geschmack, ausgewogenes Aroma","og_url":"https:\/\/www.cultcaffe.at\/sk\/produkt\/mexiko-pablo-e\/","og_site_name":"CultCaff\u00e9 - die Bio Kaffee R\u00f6sterei","article_publisher":"https:\/\/www.facebook.com\/p\/Cult-Caff%c3%a8-die-R%c3%b6sterei-100039719724703\/?locale=de_DE","article_modified_time":"2026-01-21T14:30:13+00:00","og_image":[{"width":2000,"height":2000,"url":"https:\/\/www.cultcaffe.at\/wp-content\/uploads\/2024\/03\/Cult-Caffe_Kaffee-Bohnen_Mexico-.jpg","type":"image\/jpeg"}],"twitter_card":"summary_large_image","twitter_misc":{"Dostupnos\u0165":"Na sklade"},"schema":{"@context":"https:\/\/schema.org","@graph":[{"@type":"WebPage","@id":"https:\/\/www.cultcaffe.at\/produkt\/mexico-pablo-e\/","url":"https:\/\/www.cultcaffe.at\/produkt\/mexico-pablo-e\/","name":"Mexiko Pablo E. - CultCaff\u00e9 - pra\u017eiare\u0148 organickej k\u00e1vy","isPartOf":{"@id":"https:\/\/www.cultcaffe.at\/#website"},"primaryImageOfPage":{"@id":"https:\/\/www.cultcaffe.at\/produkt\/mexico-pablo-e\/#primaryimage"},"image":{"@id":"https:\/\/www.cultcaffe.at\/produkt\/mexico-pablo-e\/#primaryimage"},"thumbnailUrl":"https:\/\/www.cultcaffe.at\/wp-content\/uploads\/2024\/03\/Cult-Caffe_Kaffee-Bohnen_Mexico-.jpg","datePublished":"2024-03-06T19:00:21+00:00","dateModified":"2026-01-21T14:30:13+00:00","description":"Zmes: 100% Arabica %, p\u00f4vodom z tepl\u00e9ho juhu Mexika | Sila: 3 | Jemne korenist\u00e1 chu\u0165, vyv\u00e1\u017een\u00e1 ar\u00f3ma","breadcrumb":{"@id":"https:\/\/www.cultcaffe.at\/produkt\/mexico-pablo-e\/#breadcrumb"},"inLanguage":"sk-SK","potentialAction":[{"@type":"ReadAction","target":["https:\/\/www.cultcaffe.at\/produkt\/mexico-pablo-e\/"]}]},{"@type":"ImageObject","inLanguage":"sk-SK","@id":"https:\/\/www.cultcaffe.at\/produkt\/mexico-pablo-e\/#primaryimage","url":"https:\/\/www.cultcaffe.at\/wp-content\/uploads\/2024\/03\/Cult-Caffe_Kaffee-Bohnen_Mexico-.jpg","contentUrl":"https:\/\/www.cultcaffe.at\/wp-content\/uploads\/2024\/03\/Cult-Caffe_Kaffee-Bohnen_Mexico-.jpg","width":2000,"height":2000},{"@type":"BreadcrumbList","@id":"https:\/\/www.cultcaffe.at\/produkt\/mexico-pablo-e\/#breadcrumb","itemListElement":[{"@type":"ListItem","position":1,"name":"Startseite","item":"https:\/\/www.cultcaffe.at\/"},{"@type":"ListItem","position":2,"name":"Produkte","item":"https:\/\/www.cultcaffe.at\/shop\/"},{"@type":"ListItem","position":3,"name":"Mexico Pablo E."}]},{"@type":"WebSite","@id":"https:\/\/www.cultcaffe.at\/#website","url":"https:\/\/www.cultcaffe.at\/","name":"CultCaff\u00e9 - pra\u017eiare\u0148 organickej k\u00e1vy","description":"L\u00e1ska ku k\u00e1ve","publisher":{"@id":"https:\/\/www.cultcaffe.at\/#organization"},"potentialAction":[{"@type":"SearchAction","target":{"@type":"EntryPoint","urlTemplate":"https:\/\/www.cultcaffe.at\/?s={search_term_string}"},"query-input":{"@type":"PropertyValueSpecification","valueRequired":true,"valueName":"search_term_string"}}],"inLanguage":"sk-SK"},{"@type":["Organization","Place"],"@id":"https:\/\/www.cultcaffe.at\/#organization","name":"CultCaff\u00e9 Coffee Roastery GmbH","alternateName":"CultCaff\u00e9","url":"https:\/\/www.cultcaffe.at\/","logo":{"@id":"https:\/\/www.cultcaffe.at\/produkt\/mexico-pablo-e\/#local-main-organization-logo"},"image":{"@id":"https:\/\/www.cultcaffe.at\/produkt\/mexico-pablo-e\/#local-main-organization-logo"},"sameAs":["https:\/\/www.facebook.com\/p\/Cult-Caff\u00e8-die-R\u00f6sterei-100039719724703\/?locale=de_DE","https:\/\/www.instagram.com\/cultcaffe.at\/"],"hasMerchantReturnPolicy":{"@type":"MerchantReturnPolicy","merchantReturnLink":"https:\/\/www.cultcaffe.at\/sk\/agbs\/"},"telephone":[],"openingHoursSpecification":[{"@type":"OpeningHoursSpecification","dayOfWeek":["Monday","Tuesday","Wednesday","Thursday","Friday","Saturday","Sunday"],"opens":"09:00","closes":"17:00"}]},{"@type":"ImageObject","inLanguage":"sk-SK","@id":"https:\/\/www.cultcaffe.at\/produkt\/mexico-pablo-e\/#local-main-organization-logo","url":"https:\/\/www.cultcaffe.at\/wp-content\/uploads\/2023\/11\/cultcaffe_logo_regular_dark-1.svg","contentUrl":"https:\/\/www.cultcaffe.at\/wp-content\/uploads\/2023\/11\/cultcaffe_logo_regular_dark-1.svg","width":756,"height":474,"caption":"CultCaff\u00e9 Kaffeer\u00f6sterei GmbH"}]},"og_availability":"instock","product_availability":"instock","product_condition":"new"},"_links":{"self":[{"href":"https:\/\/www.cultcaffe.at\/sk\/wp-json\/wp\/v2\/product\/14000","targetHints":{"allow":["GET"]}}],"collection":[{"href":"https:\/\/www.cultcaffe.at\/sk\/wp-json\/wp\/v2\/product"}],"about":[{"href":"https:\/\/www.cultcaffe.at\/sk\/wp-json\/wp\/v2\/types\/product"}],"wp:featuredmedia":[{"embeddable":true,"href":"https:\/\/www.cultcaffe.at\/sk\/wp-json\/wp\/v2\/media\/14966"}],"wp:attachment":[{"href":"https:\/\/www.cultcaffe.at\/sk\/wp-json\/wp\/v2\/media?parent=14000"}],"wp:term":[{"taxonomy":"product_brand","embeddable":true,"href":"https:\/\/www.cultcaffe.at\/sk\/wp-json\/wp\/v2\/product_brand?post=14000"},{"taxonomy":"product_cat","embeddable":true,"href":"https:\/\/www.cultcaffe.at\/sk\/wp-json\/wp\/v2\/product_cat?post=14000"},{"taxonomy":"product_tag","embeddable":true,"href":"https:\/\/www.cultcaffe.at\/sk\/wp-json\/wp\/v2\/product_tag?post=14000"}],"curies":[{"name":"pracovn\u00fd list","href":"https:\/\/api.w.org\/{rel}","templated":true}]}}