{"id":13991,"date":"2024-03-06T20:00:20","date_gmt":"2024-03-06T19:00:20","guid":{"rendered":"https:\/\/www.cultcaffe.at\/?post_type=product&#038;p=13991"},"modified":"2026-01-21T15:33:14","modified_gmt":"2026-01-21T14:33:14","slug":"kaviaren-femenino-500g","status":"publish","type":"product","link":"https:\/\/www.cultcaffe.at\/sk\/produkt\/cafe-femenino-500g\/","title":{"rendered":"Kaviare\u0148 Femenino"},"content":{"rendered":"<h3><strong>Caf\u00e9 Femenino \u2013 skvel\u00e1 k\u00e1va z Peru<\/strong><\/h3>\n<p>Objavte na\u0161e <strong>Kaviare\u0148 Femenino<\/strong>, \u0161peci\u00e1lna k\u00e1va, ktor\u00e1 prekvap\u00ed svojimi zauj\u00edmav\u00fdmi chu\u0165ami.<br \/>\n\u013dahk\u00e1, ovocn\u00e1 k\u00e1va s bobu\u013eovou pr\u00edchu\u0165ou a n\u00e1dhernou ar\u00f3mou.<\/p>\n<p>Ka\u017ed\u00e1 \u0161\u00e1lka s\u013eubuje jedine\u010dn\u00fd chu\u0165ov\u00fd z\u00e1\u017eitok, ktor\u00fd pote\u0161\u00ed milovn\u00edkov k\u00e1vy.<\/p>\n<h3><strong>Kombin\u00e1cia rozmanitosti a kvality<\/strong><\/h3>\n<p>100 % vynikaj\u00faca k\u00e1va Arabica z Peru. Pre tento projekt v CECANOR (Centrale de Cafetaleros del Nororiente) pracuje 714 sebavedom\u00fdch \u017eien.<br \/>\nZozbieran\u00e9 a spracovan\u00e9 t\u00fdmito oddan\u00fdmi \u017eenami, starostlivo pra\u017een\u00e9 s \u00factou spolo\u010dnos\u0165ou Cult Caff\u00e8.<br \/>\nT\u00e1to \u013eahk\u00e1, ovocn\u00e1 k\u00e1va s bobu\u013eovou pr\u00edchu\u0165ou rozvinie svoju n\u00e1dhern\u00fa ar\u00f3mu.<br \/>\nKaviare\u0148 FEMENINO podporuje farm\u00e1rky, aby cenn\u00fdm sp\u00f4sobom prispievali k rodinn\u00e9mu pr\u00edjmu, zlep\u0161ili si sebavedomie a podporili vzdel\u00e1vanie vo vidieckych oblastiach.<\/p>\n<p>Priamy obchod!<\/p>\n<h3><strong>K\u00e1va pre znalcov<\/strong><\/h3>\n<p>Ide\u00e1lne pre milovn\u00edkov k\u00e1vy, ktor\u00ed oce\u0148uj\u00fa rozmanitos\u0165 v k\u00e1vovom p\u00f4\u017eitku. Doprajte si oddych a vychutnajte si na\u0161e <strong> Femenino<\/strong> vo v\u0161etk\u00fdch jeho aspektoch.<\/p>\n<p>Povinnos\u0165 pre ka\u017ed\u00e9ho, kto h\u013ead\u00e1 nie\u010do \u0161peci\u00e1lne.<\/p>","protected":false},"excerpt":{"rendered":"<ul>\n<li class=\"bullet-checkmark\">Ide\u00e1lne pre milovn\u00edkov k\u00e1vy, ktor\u00ed h\u013eadaj\u00fa nie\u010do \u0161peci\u00e1lne<\/li>\n<li>\u013dahk\u00e1, ovocn\u00e1 k\u00e1va s bobu\u013eovou pr\u00edchu\u0165ou a n\u00e1dhernou ar\u00f3mou<\/li>\n<\/ul>","protected":false},"featured_media":18865,"template":"","meta":{"inline_featured_image":false},"product_brand":[],"product_cat":[199],"product_tag":[63,83,107,94,61,91,92,84,118,59,62],"class_list":{"0":"post-13991","1":"product","2":"type-product","3":"status-publish","4":"has-post-thumbnail","6":"product_cat-kaffee","7":"product_tag-100-arabica","8":"product_tag-cappuccino","9":"product_tag-coffee","10":"product_tag-cult-caffe","11":"product_tag-cultcaffe","12":"product_tag-filter","13":"product_tag-filterkaffee","14":"product_tag-french-press","15":"product_tag-fruehstueck","16":"product_tag-kaffee","17":"product_tag-kaffeegenuss","19":"first","20":"instock","21":"taxable","22":"shipping-taxable","23":"purchasable","24":"product-type-variable","25":"has-default-attributes"},"yoast_head":"<!-- This site is optimized with the Yoast SEO plugin v27.5 - https:\/\/yoast.com\/product\/yoast-seo-wordpress\/ -->\n<title>Caf\u00e9 Femenino - CultCaff\u00e9 - die Bio Kaffee R\u00f6sterei<\/title>\n<meta name=\"description\" content=\"Mischung: 100% Arabica | St\u00e4rke: 4 | Perfekt f\u00fcr Kaffeeliebhaber auf der Suche nach etwas Speziellem | Hergestellt ausschlie\u00dflich von Frauen\" \/>\n<meta name=\"robots\" content=\"index, follow, max-snippet:-1, max-image-preview:large, max-video-preview:-1\" \/>\n<link rel=\"canonical\" href=\"https:\/\/www.cultcaffe.at\/sk\/produkt\/kaviaren-femenino-500g\/\" \/>\n<meta property=\"og:locale\" content=\"sk_SK\" \/>\n<meta property=\"og:type\" content=\"article\" \/>\n<meta property=\"og:title\" content=\"Caf\u00e9 Femenino - CultCaff\u00e9 - die Bio Kaffee R\u00f6sterei\" \/>\n<meta property=\"og:description\" content=\"Mischung: 100% Arabica | St\u00e4rke: 4 | Perfekt f\u00fcr Kaffeeliebhaber auf der Suche nach etwas Speziellem | Hergestellt ausschlie\u00dflich von Frauen\" \/>\n<meta property=\"og:url\" content=\"https:\/\/www.cultcaffe.at\/sk\/produkt\/kaviaren-femenino-500g\/\" \/>\n<meta property=\"og:site_name\" content=\"CultCaff\u00e9 - die Bio Kaffee R\u00f6sterei\" \/>\n<meta property=\"article:publisher\" content=\"https:\/\/www.facebook.com\/p\/Cult-Caff%c3%a8-die-R%c3%b6sterei-100039719724703\/?locale=de_DE\" \/>\n<meta property=\"article:modified_time\" content=\"2026-01-21T14:33:14+00:00\" \/>\n<meta property=\"og:image\" content=\"https:\/\/www.cultcaffe.at\/wp-content\/uploads\/2024\/03\/Femenino-klein.jpg\" \/>\n\t<meta property=\"og:image:width\" content=\"2117\" \/>\n\t<meta property=\"og:image:height\" content=\"3175\" \/>\n\t<meta property=\"og:image:type\" content=\"image\/jpeg\" \/>\n<meta name=\"twitter:card\" content=\"summary_large_image\" \/>\n<meta name=\"twitter:label1\" content=\"Dostupnos\u0165\" \/>\n\t<meta name=\"twitter:data1\" content=\"Na sklade\" \/>\n<script type=\"application\/ld+json\" class=\"yoast-schema-graph\">{\"@context\":\"https:\\\/\\\/schema.org\",\"@graph\":[{\"@type\":\"WebPage\",\"@id\":\"https:\\\/\\\/www.cultcaffe.at\\\/produkt\\\/cafe-femenino-500g\\\/\",\"url\":\"https:\\\/\\\/www.cultcaffe.at\\\/produkt\\\/cafe-femenino-500g\\\/\",\"name\":\"Caf\u00e9 Femenino - CultCaff\u00e9 - die Bio Kaffee R\u00f6sterei\",\"isPartOf\":{\"@id\":\"https:\\\/\\\/www.cultcaffe.at\\\/#website\"},\"primaryImageOfPage\":{\"@id\":\"https:\\\/\\\/www.cultcaffe.at\\\/produkt\\\/cafe-femenino-500g\\\/#primaryimage\"},\"image\":{\"@id\":\"https:\\\/\\\/www.cultcaffe.at\\\/produkt\\\/cafe-femenino-500g\\\/#primaryimage\"},\"thumbnailUrl\":\"https:\\\/\\\/www.cultcaffe.at\\\/wp-content\\\/uploads\\\/2024\\\/03\\\/Femenino-klein.jpg\",\"datePublished\":\"2024-03-06T19:00:20+00:00\",\"dateModified\":\"2026-01-21T14:33:14+00:00\",\"description\":\"Mischung: 100% Arabica | St\u00e4rke: 4 | Perfekt f\u00fcr Kaffeeliebhaber auf der Suche nach etwas Speziellem | Hergestellt ausschlie\u00dflich von Frauen\",\"breadcrumb\":{\"@id\":\"https:\\\/\\\/www.cultcaffe.at\\\/produkt\\\/cafe-femenino-500g\\\/#breadcrumb\"},\"inLanguage\":\"sk-SK\",\"potentialAction\":[{\"@type\":\"ReadAction\",\"target\":[\"https:\\\/\\\/www.cultcaffe.at\\\/produkt\\\/cafe-femenino-500g\\\/\"]}]},{\"@type\":\"ImageObject\",\"inLanguage\":\"sk-SK\",\"@id\":\"https:\\\/\\\/www.cultcaffe.at\\\/produkt\\\/cafe-femenino-500g\\\/#primaryimage\",\"url\":\"https:\\\/\\\/www.cultcaffe.at\\\/wp-content\\\/uploads\\\/2024\\\/03\\\/Femenino-klein.jpg\",\"contentUrl\":\"https:\\\/\\\/www.cultcaffe.at\\\/wp-content\\\/uploads\\\/2024\\\/03\\\/Femenino-klein.jpg\",\"width\":2117,\"height\":3175},{\"@type\":\"BreadcrumbList\",\"@id\":\"https:\\\/\\\/www.cultcaffe.at\\\/produkt\\\/cafe-femenino-500g\\\/#breadcrumb\",\"itemListElement\":[{\"@type\":\"ListItem\",\"position\":1,\"name\":\"Startseite\",\"item\":\"https:\\\/\\\/www.cultcaffe.at\\\/\"},{\"@type\":\"ListItem\",\"position\":2,\"name\":\"Produkte\",\"item\":\"https:\\\/\\\/www.cultcaffe.at\\\/shop\\\/\"},{\"@type\":\"ListItem\",\"position\":3,\"name\":\"Caf\u00e9 Femenino\"}]},{\"@type\":\"WebSite\",\"@id\":\"https:\\\/\\\/www.cultcaffe.at\\\/#website\",\"url\":\"https:\\\/\\\/www.cultcaffe.at\\\/\",\"name\":\"CultCaff\u00e9 - die Bio Kaffee R\u00f6sterei\",\"description\":\"Liebe zum Kaffee\",\"publisher\":{\"@id\":\"https:\\\/\\\/www.cultcaffe.at\\\/#organization\"},\"potentialAction\":[{\"@type\":\"SearchAction\",\"target\":{\"@type\":\"EntryPoint\",\"urlTemplate\":\"https:\\\/\\\/www.cultcaffe.at\\\/?s={search_term_string}\"},\"query-input\":{\"@type\":\"PropertyValueSpecification\",\"valueRequired\":true,\"valueName\":\"search_term_string\"}}],\"inLanguage\":\"sk-SK\"},{\"@type\":[\"Organization\",\"Place\"],\"@id\":\"https:\\\/\\\/www.cultcaffe.at\\\/#organization\",\"name\":\"CultCaff\u00e9 Kaffeer\u00f6sterei GmbH\",\"alternateName\":\"CultCaff\u00e9\",\"url\":\"https:\\\/\\\/www.cultcaffe.at\\\/\",\"logo\":{\"@id\":\"https:\\\/\\\/www.cultcaffe.at\\\/produkt\\\/cafe-femenino-500g\\\/#local-main-organization-logo\"},\"image\":{\"@id\":\"https:\\\/\\\/www.cultcaffe.at\\\/produkt\\\/cafe-femenino-500g\\\/#local-main-organization-logo\"},\"sameAs\":[\"https:\\\/\\\/www.facebook.com\\\/p\\\/Cult-Caff\u00e8-die-R\u00f6sterei-100039719724703\\\/?locale=de_DE\",\"https:\\\/\\\/www.instagram.com\\\/cultcaffe.at\\\/\"],\"hasMerchantReturnPolicy\":{\"@type\":\"MerchantReturnPolicy\",\"merchantReturnLink\":\"https:\\\/\\\/www.cultcaffe.at\\\/sk\\\/agbs\\\/\"},\"telephone\":[],\"openingHoursSpecification\":[{\"@type\":\"OpeningHoursSpecification\",\"dayOfWeek\":[\"Monday\",\"Tuesday\",\"Wednesday\",\"Thursday\",\"Friday\",\"Saturday\",\"Sunday\"],\"opens\":\"09:00\",\"closes\":\"17:00\"}]},{\"@type\":\"ImageObject\",\"inLanguage\":\"sk-SK\",\"@id\":\"https:\\\/\\\/www.cultcaffe.at\\\/produkt\\\/cafe-femenino-500g\\\/#local-main-organization-logo\",\"url\":\"https:\\\/\\\/www.cultcaffe.at\\\/wp-content\\\/uploads\\\/2023\\\/11\\\/cultcaffe_logo_regular_dark-1.svg\",\"contentUrl\":\"https:\\\/\\\/www.cultcaffe.at\\\/wp-content\\\/uploads\\\/2023\\\/11\\\/cultcaffe_logo_regular_dark-1.svg\",\"width\":756,\"height\":474,\"caption\":\"CultCaff\u00e9 Kaffeer\u00f6sterei GmbH\"}]}<\/script>\n<meta property=\"og:availability\" content=\"instock\" \/>\n<meta property=\"product:availability\" content=\"instock\" \/>\n<meta property=\"product:condition\" content=\"new\" \/>\n<!-- \/ Yoast SEO plugin. -->","yoast_head_json":{"title":"Caf\u00e9 Femenino - CultCaff\u00e9 - pra\u017eiare\u0148 organickej k\u00e1vy","description":"Zmes: 100% Arabica | Sila: 4 | Ide\u00e1lne pre milovn\u00edkov k\u00e1vy, ktor\u00ed h\u013eadaj\u00fa nie\u010do \u0161peci\u00e1lne | Vyroben\u00e9 v\u00fdhradne \u017eenami","robots":{"index":"index","follow":"follow","max-snippet":"max-snippet:-1","max-image-preview":"max-image-preview:large","max-video-preview":"max-video-preview:-1"},"canonical":"https:\/\/www.cultcaffe.at\/sk\/produkt\/kaviaren-femenino-500g\/","og_locale":"sk_SK","og_type":"article","og_title":"Caf\u00e9 Femenino - CultCaff\u00e9 - die Bio Kaffee R\u00f6sterei","og_description":"Mischung: 100% Arabica | St\u00e4rke: 4 | Perfekt f\u00fcr Kaffeeliebhaber auf der Suche nach etwas Speziellem | Hergestellt ausschlie\u00dflich von Frauen","og_url":"https:\/\/www.cultcaffe.at\/sk\/produkt\/kaviaren-femenino-500g\/","og_site_name":"CultCaff\u00e9 - die Bio Kaffee R\u00f6sterei","article_publisher":"https:\/\/www.facebook.com\/p\/Cult-Caff%c3%a8-die-R%c3%b6sterei-100039719724703\/?locale=de_DE","article_modified_time":"2026-01-21T14:33:14+00:00","og_image":[{"width":2117,"height":3175,"url":"https:\/\/www.cultcaffe.at\/wp-content\/uploads\/2024\/03\/Femenino-klein.jpg","type":"image\/jpeg"}],"twitter_card":"summary_large_image","twitter_misc":{"Dostupnos\u0165":"Na sklade"},"schema":{"@context":"https:\/\/schema.org","@graph":[{"@type":"WebPage","@id":"https:\/\/www.cultcaffe.at\/produkt\/cafe-femenino-500g\/","url":"https:\/\/www.cultcaffe.at\/produkt\/cafe-femenino-500g\/","name":"Caf\u00e9 Femenino - CultCaff\u00e9 - pra\u017eiare\u0148 organickej k\u00e1vy","isPartOf":{"@id":"https:\/\/www.cultcaffe.at\/#website"},"primaryImageOfPage":{"@id":"https:\/\/www.cultcaffe.at\/produkt\/cafe-femenino-500g\/#primaryimage"},"image":{"@id":"https:\/\/www.cultcaffe.at\/produkt\/cafe-femenino-500g\/#primaryimage"},"thumbnailUrl":"https:\/\/www.cultcaffe.at\/wp-content\/uploads\/2024\/03\/Femenino-klein.jpg","datePublished":"2024-03-06T19:00:20+00:00","dateModified":"2026-01-21T14:33:14+00:00","description":"Zmes: 100% Arabica | Sila: 4 | Ide\u00e1lne pre milovn\u00edkov k\u00e1vy, ktor\u00ed h\u013eadaj\u00fa nie\u010do \u0161peci\u00e1lne | Vyroben\u00e9 v\u00fdhradne \u017eenami","breadcrumb":{"@id":"https:\/\/www.cultcaffe.at\/produkt\/cafe-femenino-500g\/#breadcrumb"},"inLanguage":"sk-SK","potentialAction":[{"@type":"ReadAction","target":["https:\/\/www.cultcaffe.at\/produkt\/cafe-femenino-500g\/"]}]},{"@type":"ImageObject","inLanguage":"sk-SK","@id":"https:\/\/www.cultcaffe.at\/produkt\/cafe-femenino-500g\/#primaryimage","url":"https:\/\/www.cultcaffe.at\/wp-content\/uploads\/2024\/03\/Femenino-klein.jpg","contentUrl":"https:\/\/www.cultcaffe.at\/wp-content\/uploads\/2024\/03\/Femenino-klein.jpg","width":2117,"height":3175},{"@type":"BreadcrumbList","@id":"https:\/\/www.cultcaffe.at\/produkt\/cafe-femenino-500g\/#breadcrumb","itemListElement":[{"@type":"ListItem","position":1,"name":"Startseite","item":"https:\/\/www.cultcaffe.at\/"},{"@type":"ListItem","position":2,"name":"Produkte","item":"https:\/\/www.cultcaffe.at\/shop\/"},{"@type":"ListItem","position":3,"name":"Caf\u00e9 Femenino"}]},{"@type":"WebSite","@id":"https:\/\/www.cultcaffe.at\/#website","url":"https:\/\/www.cultcaffe.at\/","name":"CultCaff\u00e9 - pra\u017eiare\u0148 organickej k\u00e1vy","description":"L\u00e1ska ku k\u00e1ve","publisher":{"@id":"https:\/\/www.cultcaffe.at\/#organization"},"potentialAction":[{"@type":"SearchAction","target":{"@type":"EntryPoint","urlTemplate":"https:\/\/www.cultcaffe.at\/?s={search_term_string}"},"query-input":{"@type":"PropertyValueSpecification","valueRequired":true,"valueName":"search_term_string"}}],"inLanguage":"sk-SK"},{"@type":["Organization","Place"],"@id":"https:\/\/www.cultcaffe.at\/#organization","name":"CultCaff\u00e9 Coffee Roastery GmbH","alternateName":"CultCaff\u00e9","url":"https:\/\/www.cultcaffe.at\/","logo":{"@id":"https:\/\/www.cultcaffe.at\/produkt\/cafe-femenino-500g\/#local-main-organization-logo"},"image":{"@id":"https:\/\/www.cultcaffe.at\/produkt\/cafe-femenino-500g\/#local-main-organization-logo"},"sameAs":["https:\/\/www.facebook.com\/p\/Cult-Caff\u00e8-die-R\u00f6sterei-100039719724703\/?locale=de_DE","https:\/\/www.instagram.com\/cultcaffe.at\/"],"hasMerchantReturnPolicy":{"@type":"MerchantReturnPolicy","merchantReturnLink":"https:\/\/www.cultcaffe.at\/sk\/agbs\/"},"telephone":[],"openingHoursSpecification":[{"@type":"OpeningHoursSpecification","dayOfWeek":["Monday","Tuesday","Wednesday","Thursday","Friday","Saturday","Sunday"],"opens":"09:00","closes":"17:00"}]},{"@type":"ImageObject","inLanguage":"sk-SK","@id":"https:\/\/www.cultcaffe.at\/produkt\/cafe-femenino-500g\/#local-main-organization-logo","url":"https:\/\/www.cultcaffe.at\/wp-content\/uploads\/2023\/11\/cultcaffe_logo_regular_dark-1.svg","contentUrl":"https:\/\/www.cultcaffe.at\/wp-content\/uploads\/2023\/11\/cultcaffe_logo_regular_dark-1.svg","width":756,"height":474,"caption":"CultCaff\u00e9 Kaffeer\u00f6sterei GmbH"}]},"og_availability":"instock","product_availability":"instock","product_condition":"new"},"_links":{"self":[{"href":"https:\/\/www.cultcaffe.at\/sk\/wp-json\/wp\/v2\/product\/13991","targetHints":{"allow":["GET"]}}],"collection":[{"href":"https:\/\/www.cultcaffe.at\/sk\/wp-json\/wp\/v2\/product"}],"about":[{"href":"https:\/\/www.cultcaffe.at\/sk\/wp-json\/wp\/v2\/types\/product"}],"wp:featuredmedia":[{"embeddable":true,"href":"https:\/\/www.cultcaffe.at\/sk\/wp-json\/wp\/v2\/media\/18865"}],"wp:attachment":[{"href":"https:\/\/www.cultcaffe.at\/sk\/wp-json\/wp\/v2\/media?parent=13991"}],"wp:term":[{"taxonomy":"product_brand","embeddable":true,"href":"https:\/\/www.cultcaffe.at\/sk\/wp-json\/wp\/v2\/product_brand?post=13991"},{"taxonomy":"product_cat","embeddable":true,"href":"https:\/\/www.cultcaffe.at\/sk\/wp-json\/wp\/v2\/product_cat?post=13991"},{"taxonomy":"product_tag","embeddable":true,"href":"https:\/\/www.cultcaffe.at\/sk\/wp-json\/wp\/v2\/product_tag?post=13991"}],"curies":[{"name":"pracovn\u00fd list","href":"https:\/\/api.w.org\/{rel}","templated":true}]}}