{"id":13944,"date":"2024-03-06T19:59:59","date_gmt":"2024-03-06T18:59:59","guid":{"rendered":"https:\/\/www.cultcaffe.at\/?post_type=product&#038;p=13944"},"modified":"2026-01-21T15:42:31","modified_gmt":"2026-01-21T14:42:31","slug":"klasicka-mleta-kava-so-znizenym-obsahom-kofeinu","status":"publish","type":"product","link":"https:\/\/www.cultcaffe.at\/sk\/produkt\/klassik-koffeinreduziert-gemahlen\/","title":{"rendered":"Klasick\u00e1 so zn\u00ed\u017een\u00fdm obsahom kofe\u00ednu (mlet\u00e1)"},"content":{"rendered":"<h3><strong>Klasick\u00e1 so zn\u00ed\u017een\u00fdm obsahom kofe\u00ednu (mlet\u00e1)<\/strong><\/h3>\n<p>Na\u0161e <strong>k\u00e1va s n\u00edzkym obsahom kofe\u00ednu<\/strong> sa vyr\u00e1ba starostliv\u00fdm a \u0161etrn\u00fdm pra\u017een\u00edm, aby sa zachovala pln\u00e1 ar\u00f3ma z\u0155n. Ide\u00e1lne pre milovn\u00edkov k\u00e1vy, ktor\u00ed si chc\u00fa vychutna\u0165 chu\u0165 klasickej k\u00e1vy bez kofe\u00ednu.<\/p>\n<h3><strong>Vlastnosti produktu:<\/strong><\/h3>\n<ul>\n<li><strong>Pln\u00e1 ar\u00f3ma v\u010faka starostliv\u00e9mu procesu pra\u017eenia<\/strong><\/li>\n<li><strong>Cel\u00e9 zrn\u00e1 so zn\u00ed\u017een\u00fdm obsahom kofe\u00ednu<\/strong>ide\u00e1lne pre milovn\u00edkov k\u00e1vy s citliv\u00fdm \u017eal\u00fadkom<\/li>\n<li>Chr\u00e1\u0148te si \u017eal\u00fadok pomocou <strong>jemn\u00e1 pr\u00edprava<\/strong> bez kompromisov v chuti<\/li>\n<li><strong>Ide\u00e1lne pre milovn\u00edkov klasickej k\u00e1vy:<\/strong> T\u00e1to k\u00e1va so zn\u00ed\u017een\u00fdm obsahom kofe\u00ednu je ide\u00e1lna pre t\u00fdch, ktor\u00ed cenia tradi\u010dn\u00fa chu\u0165 k\u00e1vy.<\/li>\n<\/ul>\n<p>Objavte nov\u00fd sp\u00f4sob, ako si vychutna\u0165 k\u00e1vu \u2013 <strong>so zn\u00ed\u017een\u00fdm obsahom kofe\u00ednu<\/strong> a napriek tomu pln\u00e9 chuti. Ide\u00e1lne pre t\u00fdch, ktor\u00ed h\u013eadaj\u00fa jemnej\u0161iu kofe\u00ednov\u00fa alternat\u00edvu bez toho, aby obetovali pln\u00fd p\u00f4\u017eitok z dobrej k\u00e1vy.<\/p>","protected":false},"excerpt":{"rendered":"<ul>\n<li class=\"bullet-checkmark\">Zmes: 100% Arabica<\/li>\n<li class=\"bullet-checkmark\">Sila: 2<\/li>\n<li class=\"bullet-checkmark\">Ide\u00e1lne pre milovn\u00edkov k\u00e1vy s citliv\u00fdm \u017eal\u00fadkom<\/li>\n<li class=\"bullet-checkmark\">Klasick\u00fd p\u00f4\u017eitok bez nadmern\u00e9ho pr\u00edjmu kofe\u00ednu<\/li>\n<\/ul>","protected":false},"featured_media":15016,"template":"","meta":{"inline_featured_image":false},"product_brand":[],"product_cat":[199,200],"product_tag":[61,91,59,90],"class_list":{"0":"post-13944","1":"product","2":"type-product","3":"status-publish","4":"has-post-thumbnail","6":"product_cat-kaffee","7":"product_cat-kaffee-gemahlen","8":"product_tag-cultcaffe","9":"product_tag-filter","10":"product_tag-kaffee","11":"product_tag-koffeinfrei","13":"first","14":"instock","15":"taxable","16":"shipping-taxable","17":"purchasable","18":"product-type-variable"},"yoast_head":"<!-- This site is optimized with the Yoast SEO plugin v27.3 - https:\/\/yoast.com\/product\/yoast-seo-wordpress\/ -->\n<title>Klassik koffeinreduziert (gemahlen) - CultCaff\u00e9 - die Bio Kaffee R\u00f6sterei<\/title>\n<meta name=\"robots\" content=\"index, follow, max-snippet:-1, max-image-preview:large, max-video-preview:-1\" \/>\n<link rel=\"canonical\" href=\"https:\/\/www.cultcaffe.at\/sk\/produkt\/klasicka-mleta-kava-so-znizenym-obsahom-kofeinu\/\" \/>\n<meta property=\"og:locale\" content=\"sk_SK\" \/>\n<meta property=\"og:type\" content=\"article\" \/>\n<meta property=\"og:title\" content=\"Klassik koffeinreduziert (gemahlen) - CultCaff\u00e9 - die Bio Kaffee R\u00f6sterei\" \/>\n<meta property=\"og:description\" content=\"Mischung: 100% Arabica  St\u00e4rke: 2  Ideal f\u00fcr Kaffeeliebhaber mit empfindlichem Magen  Klassischer Genuss ohne \u00fcberm\u00e4\u00dfige Koffeinzufuhr\" \/>\n<meta property=\"og:url\" content=\"https:\/\/www.cultcaffe.at\/sk\/produkt\/klasicka-mleta-kava-so-znizenym-obsahom-kofeinu\/\" \/>\n<meta property=\"og:site_name\" content=\"CultCaff\u00e9 - die Bio Kaffee R\u00f6sterei\" \/>\n<meta property=\"article:publisher\" content=\"https:\/\/www.facebook.com\/p\/Cult-Caff%c3%a8-die-R%c3%b6sterei-100039719724703\/?locale=de_DE\" \/>\n<meta property=\"article:modified_time\" content=\"2026-01-21T14:42:31+00:00\" \/>\n<meta property=\"og:image\" content=\"https:\/\/www.cultcaffe.at\/wp-content\/uploads\/2024\/03\/CultCaffe\u00a9nimozimmerhackl_MGL8933_a-scaled.jpg\" \/>\n\t<meta property=\"og:image:width\" content=\"1707\" \/>\n\t<meta property=\"og:image:height\" content=\"2560\" \/>\n\t<meta property=\"og:image:type\" content=\"image\/jpeg\" \/>\n<meta name=\"twitter:card\" content=\"summary_large_image\" \/>\n<meta name=\"twitter:label1\" content=\"Dostupnos\u0165\" \/>\n\t<meta name=\"twitter:data1\" content=\"Na sklade\" \/>\n<script type=\"application\/ld+json\" class=\"yoast-schema-graph\">{\"@context\":\"https:\\\/\\\/schema.org\",\"@graph\":[{\"@type\":\"WebPage\",\"@id\":\"https:\\\/\\\/www.cultcaffe.at\\\/produkt\\\/klassik-koffeinreduziert-gemahlen\\\/\",\"url\":\"https:\\\/\\\/www.cultcaffe.at\\\/produkt\\\/klassik-koffeinreduziert-gemahlen\\\/\",\"name\":\"Klassik koffeinreduziert (gemahlen) - CultCaff\u00e9 - die Bio Kaffee R\u00f6sterei\",\"isPartOf\":{\"@id\":\"https:\\\/\\\/www.cultcaffe.at\\\/#website\"},\"primaryImageOfPage\":{\"@id\":\"https:\\\/\\\/www.cultcaffe.at\\\/produkt\\\/klassik-koffeinreduziert-gemahlen\\\/#primaryimage\"},\"image\":{\"@id\":\"https:\\\/\\\/www.cultcaffe.at\\\/produkt\\\/klassik-koffeinreduziert-gemahlen\\\/#primaryimage\"},\"thumbnailUrl\":\"https:\\\/\\\/www.cultcaffe.at\\\/wp-content\\\/uploads\\\/2024\\\/03\\\/CultCaffe\u00a9nimozimmerhackl_MGL8933_a-scaled.jpg\",\"datePublished\":\"2024-03-06T18:59:59+00:00\",\"dateModified\":\"2026-01-21T14:42:31+00:00\",\"breadcrumb\":{\"@id\":\"https:\\\/\\\/www.cultcaffe.at\\\/produkt\\\/klassik-koffeinreduziert-gemahlen\\\/#breadcrumb\"},\"inLanguage\":\"sk-SK\",\"potentialAction\":[{\"@type\":\"ReadAction\",\"target\":[\"https:\\\/\\\/www.cultcaffe.at\\\/produkt\\\/klassik-koffeinreduziert-gemahlen\\\/\"]}]},{\"@type\":\"ImageObject\",\"inLanguage\":\"sk-SK\",\"@id\":\"https:\\\/\\\/www.cultcaffe.at\\\/produkt\\\/klassik-koffeinreduziert-gemahlen\\\/#primaryimage\",\"url\":\"https:\\\/\\\/www.cultcaffe.at\\\/wp-content\\\/uploads\\\/2024\\\/03\\\/CultCaffe\u00a9nimozimmerhackl_MGL8933_a-scaled.jpg\",\"contentUrl\":\"https:\\\/\\\/www.cultcaffe.at\\\/wp-content\\\/uploads\\\/2024\\\/03\\\/CultCaffe\u00a9nimozimmerhackl_MGL8933_a-scaled.jpg\",\"width\":1707,\"height\":2560},{\"@type\":\"BreadcrumbList\",\"@id\":\"https:\\\/\\\/www.cultcaffe.at\\\/produkt\\\/klassik-koffeinreduziert-gemahlen\\\/#breadcrumb\",\"itemListElement\":[{\"@type\":\"ListItem\",\"position\":1,\"name\":\"Startseite\",\"item\":\"https:\\\/\\\/www.cultcaffe.at\\\/\"},{\"@type\":\"ListItem\",\"position\":2,\"name\":\"Produkte\",\"item\":\"https:\\\/\\\/www.cultcaffe.at\\\/shop\\\/\"},{\"@type\":\"ListItem\",\"position\":3,\"name\":\"Klassik koffeinreduziert (gemahlen)\"}]},{\"@type\":\"WebSite\",\"@id\":\"https:\\\/\\\/www.cultcaffe.at\\\/#website\",\"url\":\"https:\\\/\\\/www.cultcaffe.at\\\/\",\"name\":\"CultCaff\u00e9 - die Bio Kaffee R\u00f6sterei\",\"description\":\"Liebe zum Kaffee\",\"publisher\":{\"@id\":\"https:\\\/\\\/www.cultcaffe.at\\\/#organization\"},\"potentialAction\":[{\"@type\":\"SearchAction\",\"target\":{\"@type\":\"EntryPoint\",\"urlTemplate\":\"https:\\\/\\\/www.cultcaffe.at\\\/?s={search_term_string}\"},\"query-input\":{\"@type\":\"PropertyValueSpecification\",\"valueRequired\":true,\"valueName\":\"search_term_string\"}}],\"inLanguage\":\"sk-SK\"},{\"@type\":[\"Organization\",\"Place\"],\"@id\":\"https:\\\/\\\/www.cultcaffe.at\\\/#organization\",\"name\":\"CultCaff\u00e9 Kaffeer\u00f6sterei GmbH\",\"alternateName\":\"CultCaff\u00e9\",\"url\":\"https:\\\/\\\/www.cultcaffe.at\\\/\",\"logo\":{\"@id\":\"https:\\\/\\\/www.cultcaffe.at\\\/produkt\\\/klassik-koffeinreduziert-gemahlen\\\/#local-main-organization-logo\"},\"image\":{\"@id\":\"https:\\\/\\\/www.cultcaffe.at\\\/produkt\\\/klassik-koffeinreduziert-gemahlen\\\/#local-main-organization-logo\"},\"sameAs\":[\"https:\\\/\\\/www.facebook.com\\\/p\\\/Cult-Caff\u00e8-die-R\u00f6sterei-100039719724703\\\/?locale=de_DE\",\"https:\\\/\\\/www.instagram.com\\\/cultcaffe.at\\\/\"],\"hasMerchantReturnPolicy\":{\"@type\":\"MerchantReturnPolicy\",\"merchantReturnLink\":\"https:\\\/\\\/www.cultcaffe.at\\\/sk\\\/agbs\\\/\"},\"telephone\":[],\"openingHoursSpecification\":[{\"@type\":\"OpeningHoursSpecification\",\"dayOfWeek\":[\"Monday\",\"Tuesday\",\"Wednesday\",\"Thursday\",\"Friday\",\"Saturday\",\"Sunday\"],\"opens\":\"09:00\",\"closes\":\"17:00\"}]},{\"@type\":\"ImageObject\",\"inLanguage\":\"sk-SK\",\"@id\":\"https:\\\/\\\/www.cultcaffe.at\\\/produkt\\\/klassik-koffeinreduziert-gemahlen\\\/#local-main-organization-logo\",\"url\":\"https:\\\/\\\/www.cultcaffe.at\\\/wp-content\\\/uploads\\\/2023\\\/11\\\/cultcaffe_logo_regular_dark-1.svg\",\"contentUrl\":\"https:\\\/\\\/www.cultcaffe.at\\\/wp-content\\\/uploads\\\/2023\\\/11\\\/cultcaffe_logo_regular_dark-1.svg\",\"width\":756,\"height\":474,\"caption\":\"CultCaff\u00e9 Kaffeer\u00f6sterei GmbH\"}]}<\/script>\n<meta property=\"og:availability\" content=\"instock\" \/>\n<meta property=\"product:availability\" content=\"instock\" \/>\n<meta property=\"product:condition\" content=\"new\" \/>\n<!-- \/ Yoast SEO plugin. -->","yoast_head_json":{"title":"Klasick\u00e1 bezkofe\u00ednov\u00e1 (mlet\u00e1) - CultCaff\u00e9 - pra\u017eiare\u0148 organickej k\u00e1vy","robots":{"index":"index","follow":"follow","max-snippet":"max-snippet:-1","max-image-preview":"max-image-preview:large","max-video-preview":"max-video-preview:-1"},"canonical":"https:\/\/www.cultcaffe.at\/sk\/produkt\/klasicka-mleta-kava-so-znizenym-obsahom-kofeinu\/","og_locale":"sk_SK","og_type":"article","og_title":"Klassik koffeinreduziert (gemahlen) - CultCaff\u00e9 - die Bio Kaffee R\u00f6sterei","og_description":"Mischung: 100% Arabica  St\u00e4rke: 2  Ideal f\u00fcr Kaffeeliebhaber mit empfindlichem Magen  Klassischer Genuss ohne \u00fcberm\u00e4\u00dfige Koffeinzufuhr","og_url":"https:\/\/www.cultcaffe.at\/sk\/produkt\/klasicka-mleta-kava-so-znizenym-obsahom-kofeinu\/","og_site_name":"CultCaff\u00e9 - die Bio Kaffee R\u00f6sterei","article_publisher":"https:\/\/www.facebook.com\/p\/Cult-Caff%c3%a8-die-R%c3%b6sterei-100039719724703\/?locale=de_DE","article_modified_time":"2026-01-21T14:42:31+00:00","og_image":[{"width":1707,"height":2560,"url":"https:\/\/www.cultcaffe.at\/wp-content\/uploads\/2024\/03\/CultCaffe\u00a9nimozimmerhackl_MGL8933_a-scaled.jpg","type":"image\/jpeg"}],"twitter_card":"summary_large_image","twitter_misc":{"Dostupnos\u0165":"Na sklade"},"schema":{"@context":"https:\/\/schema.org","@graph":[{"@type":"WebPage","@id":"https:\/\/www.cultcaffe.at\/produkt\/klassik-koffeinreduziert-gemahlen\/","url":"https:\/\/www.cultcaffe.at\/produkt\/klassik-koffeinreduziert-gemahlen\/","name":"Klasick\u00e1 bezkofe\u00ednov\u00e1 (mlet\u00e1) - CultCaff\u00e9 - pra\u017eiare\u0148 organickej k\u00e1vy","isPartOf":{"@id":"https:\/\/www.cultcaffe.at\/#website"},"primaryImageOfPage":{"@id":"https:\/\/www.cultcaffe.at\/produkt\/klassik-koffeinreduziert-gemahlen\/#primaryimage"},"image":{"@id":"https:\/\/www.cultcaffe.at\/produkt\/klassik-koffeinreduziert-gemahlen\/#primaryimage"},"thumbnailUrl":"https:\/\/www.cultcaffe.at\/wp-content\/uploads\/2024\/03\/CultCaffe\u00a9nimozimmerhackl_MGL8933_a-scaled.jpg","datePublished":"2024-03-06T18:59:59+00:00","dateModified":"2026-01-21T14:42:31+00:00","breadcrumb":{"@id":"https:\/\/www.cultcaffe.at\/produkt\/klassik-koffeinreduziert-gemahlen\/#breadcrumb"},"inLanguage":"sk-SK","potentialAction":[{"@type":"ReadAction","target":["https:\/\/www.cultcaffe.at\/produkt\/klassik-koffeinreduziert-gemahlen\/"]}]},{"@type":"ImageObject","inLanguage":"sk-SK","@id":"https:\/\/www.cultcaffe.at\/produkt\/klassik-koffeinreduziert-gemahlen\/#primaryimage","url":"https:\/\/www.cultcaffe.at\/wp-content\/uploads\/2024\/03\/CultCaffe\u00a9nimozimmerhackl_MGL8933_a-scaled.jpg","contentUrl":"https:\/\/www.cultcaffe.at\/wp-content\/uploads\/2024\/03\/CultCaffe\u00a9nimozimmerhackl_MGL8933_a-scaled.jpg","width":1707,"height":2560},{"@type":"BreadcrumbList","@id":"https:\/\/www.cultcaffe.at\/produkt\/klassik-koffeinreduziert-gemahlen\/#breadcrumb","itemListElement":[{"@type":"ListItem","position":1,"name":"Startseite","item":"https:\/\/www.cultcaffe.at\/"},{"@type":"ListItem","position":2,"name":"Produkte","item":"https:\/\/www.cultcaffe.at\/shop\/"},{"@type":"ListItem","position":3,"name":"Klassik koffeinreduziert (gemahlen)"}]},{"@type":"WebSite","@id":"https:\/\/www.cultcaffe.at\/#website","url":"https:\/\/www.cultcaffe.at\/","name":"CultCaff\u00e9 - pra\u017eiare\u0148 organickej k\u00e1vy","description":"L\u00e1ska ku k\u00e1ve","publisher":{"@id":"https:\/\/www.cultcaffe.at\/#organization"},"potentialAction":[{"@type":"SearchAction","target":{"@type":"EntryPoint","urlTemplate":"https:\/\/www.cultcaffe.at\/?s={search_term_string}"},"query-input":{"@type":"PropertyValueSpecification","valueRequired":true,"valueName":"search_term_string"}}],"inLanguage":"sk-SK"},{"@type":["Organization","Place"],"@id":"https:\/\/www.cultcaffe.at\/#organization","name":"CultCaff\u00e9 Coffee Roastery GmbH","alternateName":"CultCaff\u00e9","url":"https:\/\/www.cultcaffe.at\/","logo":{"@id":"https:\/\/www.cultcaffe.at\/produkt\/klassik-koffeinreduziert-gemahlen\/#local-main-organization-logo"},"image":{"@id":"https:\/\/www.cultcaffe.at\/produkt\/klassik-koffeinreduziert-gemahlen\/#local-main-organization-logo"},"sameAs":["https:\/\/www.facebook.com\/p\/Cult-Caff\u00e8-die-R\u00f6sterei-100039719724703\/?locale=de_DE","https:\/\/www.instagram.com\/cultcaffe.at\/"],"hasMerchantReturnPolicy":{"@type":"MerchantReturnPolicy","merchantReturnLink":"https:\/\/www.cultcaffe.at\/sk\/agbs\/"},"telephone":[],"openingHoursSpecification":[{"@type":"OpeningHoursSpecification","dayOfWeek":["Monday","Tuesday","Wednesday","Thursday","Friday","Saturday","Sunday"],"opens":"09:00","closes":"17:00"}]},{"@type":"ImageObject","inLanguage":"sk-SK","@id":"https:\/\/www.cultcaffe.at\/produkt\/klassik-koffeinreduziert-gemahlen\/#local-main-organization-logo","url":"https:\/\/www.cultcaffe.at\/wp-content\/uploads\/2023\/11\/cultcaffe_logo_regular_dark-1.svg","contentUrl":"https:\/\/www.cultcaffe.at\/wp-content\/uploads\/2023\/11\/cultcaffe_logo_regular_dark-1.svg","width":756,"height":474,"caption":"CultCaff\u00e9 Kaffeer\u00f6sterei GmbH"}]},"og_availability":"instock","product_availability":"instock","product_condition":"new"},"_links":{"self":[{"href":"https:\/\/www.cultcaffe.at\/sk\/wp-json\/wp\/v2\/product\/13944","targetHints":{"allow":["GET"]}}],"collection":[{"href":"https:\/\/www.cultcaffe.at\/sk\/wp-json\/wp\/v2\/product"}],"about":[{"href":"https:\/\/www.cultcaffe.at\/sk\/wp-json\/wp\/v2\/types\/product"}],"wp:featuredmedia":[{"embeddable":true,"href":"https:\/\/www.cultcaffe.at\/sk\/wp-json\/wp\/v2\/media\/15016"}],"wp:attachment":[{"href":"https:\/\/www.cultcaffe.at\/sk\/wp-json\/wp\/v2\/media?parent=13944"}],"wp:term":[{"taxonomy":"product_brand","embeddable":true,"href":"https:\/\/www.cultcaffe.at\/sk\/wp-json\/wp\/v2\/product_brand?post=13944"},{"taxonomy":"product_cat","embeddable":true,"href":"https:\/\/www.cultcaffe.at\/sk\/wp-json\/wp\/v2\/product_cat?post=13944"},{"taxonomy":"product_tag","embeddable":true,"href":"https:\/\/www.cultcaffe.at\/sk\/wp-json\/wp\/v2\/product_tag?post=13944"}],"curies":[{"name":"pracovn\u00fd list","href":"https:\/\/api.w.org\/{rel}","templated":true}]}}