{"id":13884,"date":"2024-03-06T19:59:33","date_gmt":"2024-03-06T18:59:33","guid":{"rendered":"https:\/\/www.cultcaffe.at\/?post_type=product&#038;p=13884"},"modified":"2024-03-06T20:03:03","modified_gmt":"2024-03-06T19:03:03","slug":"kavovar-na-filtrovanu-kavu-moccamaster","status":"publish","type":"product","link":"https:\/\/www.cultcaffe.at\/sk\/produkt\/moccamaster-filterkaffeemaschine\/","title":{"rendered":"K\u00e1vovar na filtrovan\u00fa k\u00e1vu Moccamaster"},"content":{"rendered":"<p class=\"bodytext\">Modern\u00e9 filtra\u010dn\u00e9 zariadenie schopn\u00e9 extrahova\u0165 to najlep\u0161ie z pra\u017een\u00fdch k\u00e1vov\u00fdch z\u0155n.<\/p>\n<p class=\"bodytext\">Krit\u00e9ri\u00e1 kvality pre \u201e\u010derstvo uvaren\u00fa k\u00e1vu\u201c s\u00fa:<\/p>\n<p class=\"bodytext\">\u2013 so spr\u00e1vnym mlet\u00edm<br \/>\n\u2013 pri navlh\u010dovan\u00ed k\u00e1vov\u00e9ho filtra<br \/>\n\u2013 v rozlo\u017een\u00ed vody na zemi<br \/>\n\u2013 pri spr\u00e1vnej teplote vody<br \/>\n\u2013 spr\u00e1vny \u010das varenia<br \/>\n\u2013 pri mie\u0161an\u00ed uvarenej k\u00e1vy<br \/>\n\u2013 a pri zahrievan\u00ed \u010dierneho extraktu.<\/p>\n<p><strong>Dodacia lehota: 1 \u2013 2 t\u00fd\u017edne od objednania<\/strong><\/p>\n<p><strong>Dostupn\u00e9 v 21 farb\u00e1ch\u00a0<\/strong><\/p>\n<p><strong>Pri k\u00fape filtra\u010dn\u00e9ho k\u00e1vovaru Moccamaster z\u00edskate 1 balenie 500g klasickej bezkofe\u00ednovej k\u00e1vy zadarmo!<\/strong><\/p>","protected":false},"excerpt":{"rendered":"<h2>Moccamaster<\/h2>","protected":false},"featured_media":13907,"template":"","meta":{"inline_featured_image":false},"product_brand":[],"product_cat":[201],"product_tag":[61,60,91,92,59,62,64],"class_list":{"0":"post-13884","1":"product","2":"type-product","3":"status-publish","4":"has-post-thumbnail","6":"product_cat-moccamaster","7":"product_tag-cultcaffe","8":"product_tag-espresso","9":"product_tag-filter","10":"product_tag-filterkaffee","11":"product_tag-kaffee","12":"product_tag-kaffeegenuss","13":"product_tag-moccamaster","15":"first","16":"instock","17":"taxable","18":"shipping-taxable","19":"purchasable","20":"product-type-variable"},"yoast_head":"<!-- This site is optimized with the Yoast SEO plugin v27.6 - https:\/\/yoast.com\/product\/yoast-seo-wordpress\/ -->\n<title>Moccamaster Filterkaffeemaschine - CultCaff\u00e9 - die Bio Kaffee R\u00f6sterei<\/title>\n<meta name=\"robots\" content=\"index, follow, max-snippet:-1, max-image-preview:large, max-video-preview:-1\" \/>\n<link rel=\"canonical\" href=\"https:\/\/www.cultcaffe.at\/sk\/produkt\/kavovar-na-filtrovanu-kavu-moccamaster\/\" \/>\n<meta property=\"og:locale\" content=\"sk_SK\" \/>\n<meta property=\"og:type\" content=\"article\" \/>\n<meta property=\"og:title\" content=\"Moccamaster Filterkaffeemaschine - CultCaff\u00e9 - die Bio Kaffee R\u00f6sterei\" \/>\n<meta property=\"og:description\" content=\"Moccamaster\" \/>\n<meta property=\"og:url\" content=\"https:\/\/www.cultcaffe.at\/sk\/produkt\/kavovar-na-filtrovanu-kavu-moccamaster\/\" \/>\n<meta property=\"og:site_name\" content=\"CultCaff\u00e9 - die Bio Kaffee R\u00f6sterei\" \/>\n<meta property=\"article:publisher\" content=\"https:\/\/www.facebook.com\/p\/Cult-Caff%c3%a8-die-R%c3%b6sterei-100039719724703\/?locale=de_DE\" \/>\n<meta property=\"article:modified_time\" content=\"2024-03-06T19:03:03+00:00\" \/>\n<meta property=\"og:image\" content=\"https:\/\/www.cultcaffe.at\/wp-content\/uploads\/2024\/03\/KBG-741-AO-Copper.jpg\" \/>\n\t<meta property=\"og:image:width\" content=\"2048\" \/>\n\t<meta property=\"og:image:height\" content=\"2048\" \/>\n\t<meta property=\"og:image:type\" content=\"image\/jpeg\" \/>\n<meta name=\"twitter:card\" content=\"summary_large_image\" \/>\n<meta name=\"twitter:label1\" content=\"Dostupnos\u0165\" \/>\n\t<meta name=\"twitter:data1\" content=\"Na sklade\" \/>\n<script type=\"application\/ld+json\" class=\"yoast-schema-graph\">{\"@context\":\"https:\\\/\\\/schema.org\",\"@graph\":[{\"@type\":\"WebPage\",\"@id\":\"https:\\\/\\\/www.cultcaffe.at\\\/produkt\\\/moccamaster-filterkaffeemaschine\\\/\",\"url\":\"https:\\\/\\\/www.cultcaffe.at\\\/produkt\\\/moccamaster-filterkaffeemaschine\\\/\",\"name\":\"Moccamaster Filterkaffeemaschine - CultCaff\u00e9 - die Bio Kaffee R\u00f6sterei\",\"isPartOf\":{\"@id\":\"https:\\\/\\\/www.cultcaffe.at\\\/#website\"},\"primaryImageOfPage\":{\"@id\":\"https:\\\/\\\/www.cultcaffe.at\\\/produkt\\\/moccamaster-filterkaffeemaschine\\\/#primaryimage\"},\"image\":{\"@id\":\"https:\\\/\\\/www.cultcaffe.at\\\/produkt\\\/moccamaster-filterkaffeemaschine\\\/#primaryimage\"},\"thumbnailUrl\":\"https:\\\/\\\/www.cultcaffe.at\\\/wp-content\\\/uploads\\\/2024\\\/03\\\/KBG-741-AO-Copper.jpg\",\"datePublished\":\"2024-03-06T18:59:33+00:00\",\"dateModified\":\"2024-03-06T19:03:03+00:00\",\"breadcrumb\":{\"@id\":\"https:\\\/\\\/www.cultcaffe.at\\\/produkt\\\/moccamaster-filterkaffeemaschine\\\/#breadcrumb\"},\"inLanguage\":\"sk-SK\",\"potentialAction\":[{\"@type\":\"ReadAction\",\"target\":[\"https:\\\/\\\/www.cultcaffe.at\\\/produkt\\\/moccamaster-filterkaffeemaschine\\\/\"]}]},{\"@type\":\"ImageObject\",\"inLanguage\":\"sk-SK\",\"@id\":\"https:\\\/\\\/www.cultcaffe.at\\\/produkt\\\/moccamaster-filterkaffeemaschine\\\/#primaryimage\",\"url\":\"https:\\\/\\\/www.cultcaffe.at\\\/wp-content\\\/uploads\\\/2024\\\/03\\\/KBG-741-AO-Copper.jpg\",\"contentUrl\":\"https:\\\/\\\/www.cultcaffe.at\\\/wp-content\\\/uploads\\\/2024\\\/03\\\/KBG-741-AO-Copper.jpg\",\"width\":2048,\"height\":2048},{\"@type\":\"BreadcrumbList\",\"@id\":\"https:\\\/\\\/www.cultcaffe.at\\\/produkt\\\/moccamaster-filterkaffeemaschine\\\/#breadcrumb\",\"itemListElement\":[{\"@type\":\"ListItem\",\"position\":1,\"name\":\"Startseite\",\"item\":\"https:\\\/\\\/www.cultcaffe.at\\\/\"},{\"@type\":\"ListItem\",\"position\":2,\"name\":\"Produkte\",\"item\":\"https:\\\/\\\/www.cultcaffe.at\\\/shop\\\/\"},{\"@type\":\"ListItem\",\"position\":3,\"name\":\"Moccamaster Filterkaffeemaschine\"}]},{\"@type\":\"WebSite\",\"@id\":\"https:\\\/\\\/www.cultcaffe.at\\\/#website\",\"url\":\"https:\\\/\\\/www.cultcaffe.at\\\/\",\"name\":\"CultCaff\u00e9 - die Bio Kaffee R\u00f6sterei\",\"description\":\"Liebe zum Kaffee\",\"publisher\":{\"@id\":\"https:\\\/\\\/www.cultcaffe.at\\\/#organization\"},\"potentialAction\":[{\"@type\":\"SearchAction\",\"target\":{\"@type\":\"EntryPoint\",\"urlTemplate\":\"https:\\\/\\\/www.cultcaffe.at\\\/?s={search_term_string}\"},\"query-input\":{\"@type\":\"PropertyValueSpecification\",\"valueRequired\":true,\"valueName\":\"search_term_string\"}}],\"inLanguage\":\"sk-SK\"},{\"@type\":[\"Organization\",\"Place\"],\"@id\":\"https:\\\/\\\/www.cultcaffe.at\\\/#organization\",\"name\":\"CultCaff\u00e9 Kaffeer\u00f6sterei GmbH\",\"alternateName\":\"CultCaff\u00e9\",\"url\":\"https:\\\/\\\/www.cultcaffe.at\\\/\",\"logo\":{\"@id\":\"https:\\\/\\\/www.cultcaffe.at\\\/produkt\\\/moccamaster-filterkaffeemaschine\\\/#local-main-organization-logo\"},\"image\":{\"@id\":\"https:\\\/\\\/www.cultcaffe.at\\\/produkt\\\/moccamaster-filterkaffeemaschine\\\/#local-main-organization-logo\"},\"sameAs\":[\"https:\\\/\\\/www.facebook.com\\\/p\\\/Cult-Caff\u00e8-die-R\u00f6sterei-100039719724703\\\/?locale=de_DE\",\"https:\\\/\\\/www.instagram.com\\\/cultcaffe.at\\\/\"],\"hasMerchantReturnPolicy\":{\"@type\":\"MerchantReturnPolicy\",\"merchantReturnLink\":\"https:\\\/\\\/www.cultcaffe.at\\\/sk\\\/agbs\\\/\"},\"telephone\":[],\"openingHoursSpecification\":[{\"@type\":\"OpeningHoursSpecification\",\"dayOfWeek\":[\"Monday\",\"Tuesday\",\"Wednesday\",\"Thursday\",\"Friday\",\"Saturday\",\"Sunday\"],\"opens\":\"09:00\",\"closes\":\"17:00\"}]},{\"@type\":\"ImageObject\",\"inLanguage\":\"sk-SK\",\"@id\":\"https:\\\/\\\/www.cultcaffe.at\\\/produkt\\\/moccamaster-filterkaffeemaschine\\\/#local-main-organization-logo\",\"url\":\"https:\\\/\\\/www.cultcaffe.at\\\/wp-content\\\/uploads\\\/2023\\\/11\\\/cultcaffe_logo_regular_dark-1.svg\",\"contentUrl\":\"https:\\\/\\\/www.cultcaffe.at\\\/wp-content\\\/uploads\\\/2023\\\/11\\\/cultcaffe_logo_regular_dark-1.svg\",\"width\":756,\"height\":474,\"caption\":\"CultCaff\u00e9 Kaffeer\u00f6sterei GmbH\"}]}<\/script>\n<meta property=\"og:availability\" content=\"instock\" \/>\n<meta property=\"product:availability\" content=\"instock\" \/>\n<meta property=\"product:condition\" content=\"new\" \/>\n<!-- \/ Yoast SEO plugin. -->","yoast_head_json":{"title":"K\u00e1vovar na filtrovan\u00fa k\u00e1vu Moccamaster - CultCaff\u00e9 - pra\u017eiare\u0148 organickej k\u00e1vy","robots":{"index":"index","follow":"follow","max-snippet":"max-snippet:-1","max-image-preview":"max-image-preview:large","max-video-preview":"max-video-preview:-1"},"canonical":"https:\/\/www.cultcaffe.at\/sk\/produkt\/kavovar-na-filtrovanu-kavu-moccamaster\/","og_locale":"sk_SK","og_type":"article","og_title":"Moccamaster Filterkaffeemaschine - CultCaff\u00e9 - die Bio Kaffee R\u00f6sterei","og_description":"Moccamaster","og_url":"https:\/\/www.cultcaffe.at\/sk\/produkt\/kavovar-na-filtrovanu-kavu-moccamaster\/","og_site_name":"CultCaff\u00e9 - die Bio Kaffee R\u00f6sterei","article_publisher":"https:\/\/www.facebook.com\/p\/Cult-Caff%c3%a8-die-R%c3%b6sterei-100039719724703\/?locale=de_DE","article_modified_time":"2024-03-06T19:03:03+00:00","og_image":[{"width":2048,"height":2048,"url":"https:\/\/www.cultcaffe.at\/wp-content\/uploads\/2024\/03\/KBG-741-AO-Copper.jpg","type":"image\/jpeg"}],"twitter_card":"summary_large_image","twitter_misc":{"Dostupnos\u0165":"Na sklade"},"schema":{"@context":"https:\/\/schema.org","@graph":[{"@type":"WebPage","@id":"https:\/\/www.cultcaffe.at\/produkt\/moccamaster-filterkaffeemaschine\/","url":"https:\/\/www.cultcaffe.at\/produkt\/moccamaster-filterkaffeemaschine\/","name":"K\u00e1vovar na filtrovan\u00fa k\u00e1vu Moccamaster - CultCaff\u00e9 - pra\u017eiare\u0148 organickej k\u00e1vy","isPartOf":{"@id":"https:\/\/www.cultcaffe.at\/#website"},"primaryImageOfPage":{"@id":"https:\/\/www.cultcaffe.at\/produkt\/moccamaster-filterkaffeemaschine\/#primaryimage"},"image":{"@id":"https:\/\/www.cultcaffe.at\/produkt\/moccamaster-filterkaffeemaschine\/#primaryimage"},"thumbnailUrl":"https:\/\/www.cultcaffe.at\/wp-content\/uploads\/2024\/03\/KBG-741-AO-Copper.jpg","datePublished":"2024-03-06T18:59:33+00:00","dateModified":"2024-03-06T19:03:03+00:00","breadcrumb":{"@id":"https:\/\/www.cultcaffe.at\/produkt\/moccamaster-filterkaffeemaschine\/#breadcrumb"},"inLanguage":"sk-SK","potentialAction":[{"@type":"ReadAction","target":["https:\/\/www.cultcaffe.at\/produkt\/moccamaster-filterkaffeemaschine\/"]}]},{"@type":"ImageObject","inLanguage":"sk-SK","@id":"https:\/\/www.cultcaffe.at\/produkt\/moccamaster-filterkaffeemaschine\/#primaryimage","url":"https:\/\/www.cultcaffe.at\/wp-content\/uploads\/2024\/03\/KBG-741-AO-Copper.jpg","contentUrl":"https:\/\/www.cultcaffe.at\/wp-content\/uploads\/2024\/03\/KBG-741-AO-Copper.jpg","width":2048,"height":2048},{"@type":"BreadcrumbList","@id":"https:\/\/www.cultcaffe.at\/produkt\/moccamaster-filterkaffeemaschine\/#breadcrumb","itemListElement":[{"@type":"ListItem","position":1,"name":"Startseite","item":"https:\/\/www.cultcaffe.at\/"},{"@type":"ListItem","position":2,"name":"Produkte","item":"https:\/\/www.cultcaffe.at\/shop\/"},{"@type":"ListItem","position":3,"name":"Moccamaster Filterkaffeemaschine"}]},{"@type":"WebSite","@id":"https:\/\/www.cultcaffe.at\/#website","url":"https:\/\/www.cultcaffe.at\/","name":"CultCaff\u00e9 - pra\u017eiare\u0148 organickej k\u00e1vy","description":"L\u00e1ska ku k\u00e1ve","publisher":{"@id":"https:\/\/www.cultcaffe.at\/#organization"},"potentialAction":[{"@type":"SearchAction","target":{"@type":"EntryPoint","urlTemplate":"https:\/\/www.cultcaffe.at\/?s={search_term_string}"},"query-input":{"@type":"PropertyValueSpecification","valueRequired":true,"valueName":"search_term_string"}}],"inLanguage":"sk-SK"},{"@type":["Organization","Place"],"@id":"https:\/\/www.cultcaffe.at\/#organization","name":"CultCaff\u00e9 Coffee Roastery GmbH","alternateName":"CultCaff\u00e9","url":"https:\/\/www.cultcaffe.at\/","logo":{"@id":"https:\/\/www.cultcaffe.at\/produkt\/moccamaster-filterkaffeemaschine\/#local-main-organization-logo"},"image":{"@id":"https:\/\/www.cultcaffe.at\/produkt\/moccamaster-filterkaffeemaschine\/#local-main-organization-logo"},"sameAs":["https:\/\/www.facebook.com\/p\/Cult-Caff\u00e8-die-R\u00f6sterei-100039719724703\/?locale=de_DE","https:\/\/www.instagram.com\/cultcaffe.at\/"],"hasMerchantReturnPolicy":{"@type":"MerchantReturnPolicy","merchantReturnLink":"https:\/\/www.cultcaffe.at\/sk\/agbs\/"},"telephone":[],"openingHoursSpecification":[{"@type":"OpeningHoursSpecification","dayOfWeek":["Monday","Tuesday","Wednesday","Thursday","Friday","Saturday","Sunday"],"opens":"09:00","closes":"17:00"}]},{"@type":"ImageObject","inLanguage":"sk-SK","@id":"https:\/\/www.cultcaffe.at\/produkt\/moccamaster-filterkaffeemaschine\/#local-main-organization-logo","url":"https:\/\/www.cultcaffe.at\/wp-content\/uploads\/2023\/11\/cultcaffe_logo_regular_dark-1.svg","contentUrl":"https:\/\/www.cultcaffe.at\/wp-content\/uploads\/2023\/11\/cultcaffe_logo_regular_dark-1.svg","width":756,"height":474,"caption":"CultCaff\u00e9 Kaffeer\u00f6sterei GmbH"}]},"og_availability":"instock","product_availability":"instock","product_condition":"new"},"_links":{"self":[{"href":"https:\/\/www.cultcaffe.at\/sk\/wp-json\/wp\/v2\/product\/13884","targetHints":{"allow":["GET"]}}],"collection":[{"href":"https:\/\/www.cultcaffe.at\/sk\/wp-json\/wp\/v2\/product"}],"about":[{"href":"https:\/\/www.cultcaffe.at\/sk\/wp-json\/wp\/v2\/types\/product"}],"wp:featuredmedia":[{"embeddable":true,"href":"https:\/\/www.cultcaffe.at\/sk\/wp-json\/wp\/v2\/media\/13907"}],"wp:attachment":[{"href":"https:\/\/www.cultcaffe.at\/sk\/wp-json\/wp\/v2\/media?parent=13884"}],"wp:term":[{"taxonomy":"product_brand","embeddable":true,"href":"https:\/\/www.cultcaffe.at\/sk\/wp-json\/wp\/v2\/product_brand?post=13884"},{"taxonomy":"product_cat","embeddable":true,"href":"https:\/\/www.cultcaffe.at\/sk\/wp-json\/wp\/v2\/product_cat?post=13884"},{"taxonomy":"product_tag","embeddable":true,"href":"https:\/\/www.cultcaffe.at\/sk\/wp-json\/wp\/v2\/product_tag?post=13884"}],"curies":[{"name":"pracovn\u00fd list","href":"https:\/\/api.w.org\/{rel}","templated":true}]}}