{"id":13877,"date":"2024-03-06T19:59:33","date_gmt":"2024-03-06T18:59:33","guid":{"rendered":"https:\/\/www.cultcaffe.at\/?post_type=product&#038;p=13877"},"modified":"2026-01-21T15:17:22","modified_gmt":"2026-01-21T14:17:22","slug":"duha-z-organickej-kavy","status":"publish","type":"product","link":"https:\/\/www.cultcaffe.at\/sk\/produkt\/bio-kaffee-rainbow\/","title":{"rendered":"ORGANICK\u00c1 K\u00c1VA Rainbow"},"content":{"rendered":"<h3><strong>ORGANICK\u00c1 K\u00c1VA Rainbow<\/strong><\/h3>\n<p>Zmes vysokokvalitn\u00fdch zelen\u00fdch k\u00e1v z kontrolovan\u00e9ho organick\u00e9ho pestovania v Guatemale a z mal\u00fdch plant\u00e1\u017e\u00ed v Indii.<br \/>\nV\u0161etka zelen\u00e1 k\u00e1va poch\u00e1dza z kontrolovan\u00e9ho, organick\u00e9ho pestovania. Du\u017eina k\u00e1vov\u00fdch plodov sa kompostuje a vracia rastlin\u00e1m ako hnojivo. Okrem lep\u0161\u00edch cien dost\u00e1vaj\u00fa \u010dlenovia dru\u017estva bezplatn\u00e9 poradenstvo a \u0161kolenia, n\u00edzko\u00faro\u010den\u00e9 p\u00f4\u017ei\u010dky a pr\u00edstup k \u0161tipendi\u00e1m na vzdel\u00e1vanie svojich det\u00ed.<\/p>\n<p>Mexiko<br \/>\nRegi\u00f3n: Motozintla \u2013 Chiapas<br \/>\nMont\u00e1\u017ena v\u00fd\u0161ka 1000 \u2013 1500<br \/>\nZber: ru\u010dn\u00fd zber, mokr\u00e9 spracovanie, su\u0161enie na slnku<br \/>\nOdroda: Sarchimore, Caturra, Bourbon, Oro Azteca<br \/>\nOdroda: Arabica<\/p>\n<p>Guatemala<br \/>\nRegi\u00f3n: La Union, Cooperativa Integral Agricola<br \/>\nNadmorsk\u00e1 v\u00fd\u0161ka pestovania 1200 \u2013 1800 m<br \/>\nZber: ru\u010dn\u00fd zber, mokr\u00e9 spracovanie, su\u0161enie na slnku<br \/>\nOdroda: Catuai, Catimores, Pacamara, Sarchimor, Marcellesa<br \/>\nOdrody: Arabica<\/p>\n<h3><strong>Jedine\u010dn\u00e1 chu\u0165<\/strong><\/h3>\n<p>Vychutnajte si udr\u017eate\u013en\u00fa k\u00e1vu s na\u0161ou <strong>certifikovan\u00e1 organick\u00e1 k\u00e1va<\/strong>. Tie\u0148 stromov produkuje pomaly dozrievaj\u00facu k\u00e1vu s jedine\u010dnou ar\u00f3mou, elegantnou plnos\u0165ou a n\u00edzkou kyslos\u0165ou, ktor\u00e1 je lahodn\u00e1.<\/p>\n<h3><strong>Perfektn\u00fd dar\u010dek<\/strong><\/h3>\n<p>Ten\/T\u00e1\/To <strong>jedine\u010dn\u00fd dizajn balenia<\/strong> rob\u00ed z na\u0161ej BIO K\u00c1VY Rainbow aj <strong>perfektn\u00fd dar\u010dek<\/strong> pre v\u0161etk\u00fdch milovn\u00edkov k\u00e1vy. Prekvapte svojich bl\u00edzkych touto \u0161peci\u00e1lnou poch\u00fa\u0165kou.<\/p>","protected":false},"excerpt":{"rendered":"<ul>\n<li class=\"bullet-checkmark\">Organicky certifikovan\u00e1 k\u00e1va pre udr\u017eate\u013en\u00fd p\u00f4\u017eitok<\/li>\n<li class=\"bullet-checkmark\">Kvetinov\u00e1, orie\u0161kov\u00e1, jemn\u00e1, vynikaj\u00faca organick\u00e1 k\u00e1va<\/li>\n<li class=\"bullet-checkmark\">Doba pe\u010denia: 15 \u2013 18 min\u00fat<\/li>\n<\/ul>","protected":false},"featured_media":14964,"template":"","meta":{"inline_featured_image":false},"product_brand":[],"product_cat":[199,215],"product_tag":[61,60,59,62],"class_list":{"0":"post-13877","1":"product","2":"type-product","3":"status-publish","4":"has-post-thumbnail","6":"product_cat-kaffee","7":"product_cat-biokaffee","8":"product_tag-cultcaffe","9":"product_tag-espresso","10":"product_tag-kaffee","11":"product_tag-kaffeegenuss","13":"first","14":"instock","15":"taxable","16":"shipping-taxable","17":"purchasable","18":"product-type-variable","19":"has-default-attributes"},"yoast_head":"<!-- This site is optimized with the Yoast SEO plugin v27.5 - https:\/\/yoast.com\/product\/yoast-seo-wordpress\/ -->\n<title>BIO KAFFEE Rainbow - CultCaff\u00e9 - die Bio Kaffee R\u00f6sterei<\/title>\n<meta name=\"description\" content=\"Bio-zertifizierter Kaffee f\u00fcr nachhaltigen Genuss | Mischung: 100% Arabica | St\u00e4rke: 3 | Ein blumiger, nussiger, milder, exzellenter Bio-Kaffee\" \/>\n<meta name=\"robots\" content=\"index, follow, max-snippet:-1, max-image-preview:large, max-video-preview:-1\" \/>\n<link rel=\"canonical\" href=\"https:\/\/www.cultcaffe.at\/sk\/produkt\/duha-z-organickej-kavy\/\" \/>\n<meta property=\"og:locale\" content=\"sk_SK\" \/>\n<meta property=\"og:type\" content=\"article\" \/>\n<meta property=\"og:title\" content=\"BIO KAFFEE Rainbow - CultCaff\u00e9 - die Bio Kaffee R\u00f6sterei\" \/>\n<meta property=\"og:description\" content=\"Bio-zertifizierter Kaffee f\u00fcr nachhaltigen Genuss | Mischung: 100% Arabica | St\u00e4rke: 3 | Ein blumiger, nussiger, milder, exzellenter Bio-Kaffee\" \/>\n<meta property=\"og:url\" content=\"https:\/\/www.cultcaffe.at\/sk\/produkt\/duha-z-organickej-kavy\/\" \/>\n<meta property=\"og:site_name\" content=\"CultCaff\u00e9 - die Bio Kaffee R\u00f6sterei\" \/>\n<meta property=\"article:publisher\" content=\"https:\/\/www.facebook.com\/p\/Cult-Caff%c3%a8-die-R%c3%b6sterei-100039719724703\/?locale=de_DE\" \/>\n<meta property=\"article:modified_time\" content=\"2026-01-21T14:17:22+00:00\" \/>\n<meta property=\"og:image\" content=\"https:\/\/www.cultcaffe.at\/wp-content\/uploads\/2024\/04\/Cult-Caffe_Kaffee-Bohnen_Rainbo-Bio.jpg\" \/>\n\t<meta property=\"og:image:width\" content=\"2000\" \/>\n\t<meta property=\"og:image:height\" content=\"2000\" \/>\n\t<meta property=\"og:image:type\" content=\"image\/jpeg\" \/>\n<meta name=\"twitter:card\" content=\"summary_large_image\" \/>\n<meta name=\"twitter:label1\" content=\"Dostupnos\u0165\" \/>\n\t<meta name=\"twitter:data1\" content=\"Na sklade\" \/>\n<script type=\"application\/ld+json\" class=\"yoast-schema-graph\">{\"@context\":\"https:\\\/\\\/schema.org\",\"@graph\":[{\"@type\":\"WebPage\",\"@id\":\"https:\\\/\\\/www.cultcaffe.at\\\/produkt\\\/bio-kaffee-rainbow\\\/\",\"url\":\"https:\\\/\\\/www.cultcaffe.at\\\/produkt\\\/bio-kaffee-rainbow\\\/\",\"name\":\"BIO KAFFEE Rainbow - CultCaff\u00e9 - die Bio Kaffee R\u00f6sterei\",\"isPartOf\":{\"@id\":\"https:\\\/\\\/www.cultcaffe.at\\\/#website\"},\"primaryImageOfPage\":{\"@id\":\"https:\\\/\\\/www.cultcaffe.at\\\/produkt\\\/bio-kaffee-rainbow\\\/#primaryimage\"},\"image\":{\"@id\":\"https:\\\/\\\/www.cultcaffe.at\\\/produkt\\\/bio-kaffee-rainbow\\\/#primaryimage\"},\"thumbnailUrl\":\"https:\\\/\\\/www.cultcaffe.at\\\/wp-content\\\/uploads\\\/2024\\\/04\\\/Cult-Caffe_Kaffee-Bohnen_Rainbo-Bio.jpg\",\"datePublished\":\"2024-03-06T18:59:33+00:00\",\"dateModified\":\"2026-01-21T14:17:22+00:00\",\"description\":\"Bio-zertifizierter Kaffee f\u00fcr nachhaltigen Genuss | Mischung: 100% Arabica | St\u00e4rke: 3 | Ein blumiger, nussiger, milder, exzellenter Bio-Kaffee\",\"breadcrumb\":{\"@id\":\"https:\\\/\\\/www.cultcaffe.at\\\/produkt\\\/bio-kaffee-rainbow\\\/#breadcrumb\"},\"inLanguage\":\"sk-SK\",\"potentialAction\":[{\"@type\":\"ReadAction\",\"target\":[\"https:\\\/\\\/www.cultcaffe.at\\\/produkt\\\/bio-kaffee-rainbow\\\/\"]}]},{\"@type\":\"ImageObject\",\"inLanguage\":\"sk-SK\",\"@id\":\"https:\\\/\\\/www.cultcaffe.at\\\/produkt\\\/bio-kaffee-rainbow\\\/#primaryimage\",\"url\":\"https:\\\/\\\/www.cultcaffe.at\\\/wp-content\\\/uploads\\\/2024\\\/04\\\/Cult-Caffe_Kaffee-Bohnen_Rainbo-Bio.jpg\",\"contentUrl\":\"https:\\\/\\\/www.cultcaffe.at\\\/wp-content\\\/uploads\\\/2024\\\/04\\\/Cult-Caffe_Kaffee-Bohnen_Rainbo-Bio.jpg\",\"width\":2000,\"height\":2000},{\"@type\":\"BreadcrumbList\",\"@id\":\"https:\\\/\\\/www.cultcaffe.at\\\/produkt\\\/bio-kaffee-rainbow\\\/#breadcrumb\",\"itemListElement\":[{\"@type\":\"ListItem\",\"position\":1,\"name\":\"Startseite\",\"item\":\"https:\\\/\\\/www.cultcaffe.at\\\/\"},{\"@type\":\"ListItem\",\"position\":2,\"name\":\"Produkte\",\"item\":\"https:\\\/\\\/www.cultcaffe.at\\\/shop\\\/\"},{\"@type\":\"ListItem\",\"position\":3,\"name\":\"BIO KAFFEE Rainbow\"}]},{\"@type\":\"WebSite\",\"@id\":\"https:\\\/\\\/www.cultcaffe.at\\\/#website\",\"url\":\"https:\\\/\\\/www.cultcaffe.at\\\/\",\"name\":\"CultCaff\u00e9 - die Bio Kaffee R\u00f6sterei\",\"description\":\"Liebe zum Kaffee\",\"publisher\":{\"@id\":\"https:\\\/\\\/www.cultcaffe.at\\\/#organization\"},\"potentialAction\":[{\"@type\":\"SearchAction\",\"target\":{\"@type\":\"EntryPoint\",\"urlTemplate\":\"https:\\\/\\\/www.cultcaffe.at\\\/?s={search_term_string}\"},\"query-input\":{\"@type\":\"PropertyValueSpecification\",\"valueRequired\":true,\"valueName\":\"search_term_string\"}}],\"inLanguage\":\"sk-SK\"},{\"@type\":[\"Organization\",\"Place\"],\"@id\":\"https:\\\/\\\/www.cultcaffe.at\\\/#organization\",\"name\":\"CultCaff\u00e9 Kaffeer\u00f6sterei GmbH\",\"alternateName\":\"CultCaff\u00e9\",\"url\":\"https:\\\/\\\/www.cultcaffe.at\\\/\",\"logo\":{\"@id\":\"https:\\\/\\\/www.cultcaffe.at\\\/produkt\\\/bio-kaffee-rainbow\\\/#local-main-organization-logo\"},\"image\":{\"@id\":\"https:\\\/\\\/www.cultcaffe.at\\\/produkt\\\/bio-kaffee-rainbow\\\/#local-main-organization-logo\"},\"sameAs\":[\"https:\\\/\\\/www.facebook.com\\\/p\\\/Cult-Caff\u00e8-die-R\u00f6sterei-100039719724703\\\/?locale=de_DE\",\"https:\\\/\\\/www.instagram.com\\\/cultcaffe.at\\\/\"],\"hasMerchantReturnPolicy\":{\"@type\":\"MerchantReturnPolicy\",\"merchantReturnLink\":\"https:\\\/\\\/www.cultcaffe.at\\\/sk\\\/agbs\\\/\"},\"telephone\":[],\"openingHoursSpecification\":[{\"@type\":\"OpeningHoursSpecification\",\"dayOfWeek\":[\"Monday\",\"Tuesday\",\"Wednesday\",\"Thursday\",\"Friday\",\"Saturday\",\"Sunday\"],\"opens\":\"09:00\",\"closes\":\"17:00\"}]},{\"@type\":\"ImageObject\",\"inLanguage\":\"sk-SK\",\"@id\":\"https:\\\/\\\/www.cultcaffe.at\\\/produkt\\\/bio-kaffee-rainbow\\\/#local-main-organization-logo\",\"url\":\"https:\\\/\\\/www.cultcaffe.at\\\/wp-content\\\/uploads\\\/2023\\\/11\\\/cultcaffe_logo_regular_dark-1.svg\",\"contentUrl\":\"https:\\\/\\\/www.cultcaffe.at\\\/wp-content\\\/uploads\\\/2023\\\/11\\\/cultcaffe_logo_regular_dark-1.svg\",\"width\":756,\"height\":474,\"caption\":\"CultCaff\u00e9 Kaffeer\u00f6sterei GmbH\"}]}<\/script>\n<meta property=\"og:availability\" content=\"instock\" \/>\n<meta property=\"product:availability\" content=\"instock\" \/>\n<meta property=\"product:condition\" content=\"new\" \/>\n<!-- \/ Yoast SEO plugin. -->","yoast_head_json":{"title":"Organick\u00e1 k\u00e1va Rainbow - CultCaff\u00e9 - pra\u017eiare\u0148 organickej k\u00e1vy","description":"Bio certifikovan\u00e1 k\u00e1va pre udr\u017eate\u013en\u00fd p\u00f4\u017eitok | Zmes: 100% Arabica | Sila: 3 | Kvetinov\u00e1, orie\u0161kov\u00e1, jemn\u00e1, vynikaj\u00faca bio k\u00e1va","robots":{"index":"index","follow":"follow","max-snippet":"max-snippet:-1","max-image-preview":"max-image-preview:large","max-video-preview":"max-video-preview:-1"},"canonical":"https:\/\/www.cultcaffe.at\/sk\/produkt\/duha-z-organickej-kavy\/","og_locale":"sk_SK","og_type":"article","og_title":"BIO KAFFEE Rainbow - CultCaff\u00e9 - die Bio Kaffee R\u00f6sterei","og_description":"Bio-zertifizierter Kaffee f\u00fcr nachhaltigen Genuss | Mischung: 100% Arabica | St\u00e4rke: 3 | Ein blumiger, nussiger, milder, exzellenter Bio-Kaffee","og_url":"https:\/\/www.cultcaffe.at\/sk\/produkt\/duha-z-organickej-kavy\/","og_site_name":"CultCaff\u00e9 - die Bio Kaffee R\u00f6sterei","article_publisher":"https:\/\/www.facebook.com\/p\/Cult-Caff%c3%a8-die-R%c3%b6sterei-100039719724703\/?locale=de_DE","article_modified_time":"2026-01-21T14:17:22+00:00","og_image":[{"width":2000,"height":2000,"url":"https:\/\/www.cultcaffe.at\/wp-content\/uploads\/2024\/04\/Cult-Caffe_Kaffee-Bohnen_Rainbo-Bio.jpg","type":"image\/jpeg"}],"twitter_card":"summary_large_image","twitter_misc":{"Dostupnos\u0165":"Na sklade"},"schema":{"@context":"https:\/\/schema.org","@graph":[{"@type":"WebPage","@id":"https:\/\/www.cultcaffe.at\/produkt\/bio-kaffee-rainbow\/","url":"https:\/\/www.cultcaffe.at\/produkt\/bio-kaffee-rainbow\/","name":"Organick\u00e1 k\u00e1va Rainbow - CultCaff\u00e9 - pra\u017eiare\u0148 organickej k\u00e1vy","isPartOf":{"@id":"https:\/\/www.cultcaffe.at\/#website"},"primaryImageOfPage":{"@id":"https:\/\/www.cultcaffe.at\/produkt\/bio-kaffee-rainbow\/#primaryimage"},"image":{"@id":"https:\/\/www.cultcaffe.at\/produkt\/bio-kaffee-rainbow\/#primaryimage"},"thumbnailUrl":"https:\/\/www.cultcaffe.at\/wp-content\/uploads\/2024\/04\/Cult-Caffe_Kaffee-Bohnen_Rainbo-Bio.jpg","datePublished":"2024-03-06T18:59:33+00:00","dateModified":"2026-01-21T14:17:22+00:00","description":"Bio certifikovan\u00e1 k\u00e1va pre udr\u017eate\u013en\u00fd p\u00f4\u017eitok | Zmes: 100% Arabica | Sila: 3 | Kvetinov\u00e1, orie\u0161kov\u00e1, jemn\u00e1, vynikaj\u00faca bio k\u00e1va","breadcrumb":{"@id":"https:\/\/www.cultcaffe.at\/produkt\/bio-kaffee-rainbow\/#breadcrumb"},"inLanguage":"sk-SK","potentialAction":[{"@type":"ReadAction","target":["https:\/\/www.cultcaffe.at\/produkt\/bio-kaffee-rainbow\/"]}]},{"@type":"ImageObject","inLanguage":"sk-SK","@id":"https:\/\/www.cultcaffe.at\/produkt\/bio-kaffee-rainbow\/#primaryimage","url":"https:\/\/www.cultcaffe.at\/wp-content\/uploads\/2024\/04\/Cult-Caffe_Kaffee-Bohnen_Rainbo-Bio.jpg","contentUrl":"https:\/\/www.cultcaffe.at\/wp-content\/uploads\/2024\/04\/Cult-Caffe_Kaffee-Bohnen_Rainbo-Bio.jpg","width":2000,"height":2000},{"@type":"BreadcrumbList","@id":"https:\/\/www.cultcaffe.at\/produkt\/bio-kaffee-rainbow\/#breadcrumb","itemListElement":[{"@type":"ListItem","position":1,"name":"Startseite","item":"https:\/\/www.cultcaffe.at\/"},{"@type":"ListItem","position":2,"name":"Produkte","item":"https:\/\/www.cultcaffe.at\/shop\/"},{"@type":"ListItem","position":3,"name":"BIO KAFFEE Rainbow"}]},{"@type":"WebSite","@id":"https:\/\/www.cultcaffe.at\/#website","url":"https:\/\/www.cultcaffe.at\/","name":"CultCaff\u00e9 - pra\u017eiare\u0148 organickej k\u00e1vy","description":"L\u00e1ska ku k\u00e1ve","publisher":{"@id":"https:\/\/www.cultcaffe.at\/#organization"},"potentialAction":[{"@type":"SearchAction","target":{"@type":"EntryPoint","urlTemplate":"https:\/\/www.cultcaffe.at\/?s={search_term_string}"},"query-input":{"@type":"PropertyValueSpecification","valueRequired":true,"valueName":"search_term_string"}}],"inLanguage":"sk-SK"},{"@type":["Organization","Place"],"@id":"https:\/\/www.cultcaffe.at\/#organization","name":"CultCaff\u00e9 Coffee Roastery GmbH","alternateName":"CultCaff\u00e9","url":"https:\/\/www.cultcaffe.at\/","logo":{"@id":"https:\/\/www.cultcaffe.at\/produkt\/bio-kaffee-rainbow\/#local-main-organization-logo"},"image":{"@id":"https:\/\/www.cultcaffe.at\/produkt\/bio-kaffee-rainbow\/#local-main-organization-logo"},"sameAs":["https:\/\/www.facebook.com\/p\/Cult-Caff\u00e8-die-R\u00f6sterei-100039719724703\/?locale=de_DE","https:\/\/www.instagram.com\/cultcaffe.at\/"],"hasMerchantReturnPolicy":{"@type":"MerchantReturnPolicy","merchantReturnLink":"https:\/\/www.cultcaffe.at\/sk\/agbs\/"},"telephone":[],"openingHoursSpecification":[{"@type":"OpeningHoursSpecification","dayOfWeek":["Monday","Tuesday","Wednesday","Thursday","Friday","Saturday","Sunday"],"opens":"09:00","closes":"17:00"}]},{"@type":"ImageObject","inLanguage":"sk-SK","@id":"https:\/\/www.cultcaffe.at\/produkt\/bio-kaffee-rainbow\/#local-main-organization-logo","url":"https:\/\/www.cultcaffe.at\/wp-content\/uploads\/2023\/11\/cultcaffe_logo_regular_dark-1.svg","contentUrl":"https:\/\/www.cultcaffe.at\/wp-content\/uploads\/2023\/11\/cultcaffe_logo_regular_dark-1.svg","width":756,"height":474,"caption":"CultCaff\u00e9 Kaffeer\u00f6sterei GmbH"}]},"og_availability":"instock","product_availability":"instock","product_condition":"new"},"_links":{"self":[{"href":"https:\/\/www.cultcaffe.at\/sk\/wp-json\/wp\/v2\/product\/13877","targetHints":{"allow":["GET"]}}],"collection":[{"href":"https:\/\/www.cultcaffe.at\/sk\/wp-json\/wp\/v2\/product"}],"about":[{"href":"https:\/\/www.cultcaffe.at\/sk\/wp-json\/wp\/v2\/types\/product"}],"wp:featuredmedia":[{"embeddable":true,"href":"https:\/\/www.cultcaffe.at\/sk\/wp-json\/wp\/v2\/media\/14964"}],"wp:attachment":[{"href":"https:\/\/www.cultcaffe.at\/sk\/wp-json\/wp\/v2\/media?parent=13877"}],"wp:term":[{"taxonomy":"product_brand","embeddable":true,"href":"https:\/\/www.cultcaffe.at\/sk\/wp-json\/wp\/v2\/product_brand?post=13877"},{"taxonomy":"product_cat","embeddable":true,"href":"https:\/\/www.cultcaffe.at\/sk\/wp-json\/wp\/v2\/product_cat?post=13877"},{"taxonomy":"product_tag","embeddable":true,"href":"https:\/\/www.cultcaffe.at\/sk\/wp-json\/wp\/v2\/product_tag?post=13877"}],"curies":[{"name":"pracovn\u00fd list","href":"https:\/\/api.w.org\/{rel}","templated":true}]}}