{"id":13868,"date":"2024-02-19T11:31:11","date_gmt":"2024-02-19T10:31:11","guid":{"rendered":"https:\/\/www.cultcaffe.at\/?post_type=product&#038;p=13868"},"modified":"2026-01-21T15:41:22","modified_gmt":"2026-01-21T14:41:22","slug":"gurmanske-balenie-robustne-3-x-500-g","status":"publish","type":"product","link":"https:\/\/www.cultcaffe.at\/sk\/produkt\/gourmet-paket-kraeftig-3-x-500g\/","title":{"rendered":"Gurm\u00e1nske balenie \u201esiln\u00e9\u201c 3 x 500 g"},"content":{"rendered":"<h3>Skuto\u010dn\u00fd gigant! \u2013 3 na\u0161e zmesi Robusty v gurm\u00e1nskom balen\u00ed<\/h3>\n<p>Gurm\u00e1nsky bal\u00ed\u010dek \u201esiln\u00fd\u201c pon\u00faka <strong>tri r\u00f4zne siln\u00e9 druhy k\u00e1vy, ka\u017ed\u00e1 po 500 g<\/strong>ktor\u00e9 pote\u0161ia aj t\u00fdch najn\u00e1ro\u010dnej\u0161\u00edch znalcov.<br \/>\nKa\u017ed\u00e1 odroda v overenej kvalite, pra\u017een\u00e1 s l\u00e1skou a presved\u010div\u00e1 svojou <strong>najvy\u0161\u0161ia gurm\u00e1nska kvalita<\/strong>.<\/p>\n<h3>Intenz\u00edvny aromatick\u00fd z\u00e1\u017eitok<\/h3>\n<p>K\u00e1vov\u00e9 zrn\u00e1 boli <strong>dokonale upe\u010den\u00e9<\/strong>k <strong>intenz\u00edvny aromatick\u00fd z\u00e1\u017eitok<\/strong> zaru\u010di\u0165.<br \/>\nKa\u017ed\u00e1 \u0161\u00e1lka s\u013eubuje neporovnate\u013en\u00fd moment p\u00f4\u017eitku pre milovn\u00edkov k\u00e1vy, ktor\u00ed uprednost\u0148uj\u00fa pln\u00fa a siln\u00fa k\u00e1vu.<\/p>\n<h3>Perfektn\u00fd dar\u010dek<\/h3>\n<p>V\u010faka vysoko kvalitn\u00e9mu baleniu, <strong>\u010cerstvos\u0165<\/strong> Odrody k\u00e1vy sa dlhodobo uchov\u00e1vaj\u00fa.<br \/>\nGurm\u00e1nsky bal\u00ed\u010dek \u201esiln\u00fd\u201c je preto vhodn\u00fd <strong>ide\u00e1lne ako dar\u010dek<\/strong> pre priate\u013eov a rodinu, ktor\u00ed si cenia vysoko kvalitn\u00fa a siln\u00fa k\u00e1vu.<\/p>","protected":false},"excerpt":{"rendered":"<ul>\n<li style=\"list-style-type: none;\">\n<ul>\n<li class=\"bullet-checkmark\">Tri r\u00f4zne siln\u00e9 druhy k\u00e1vy, ka\u017ed\u00e1 po 500 g<\/li>\n<li class=\"bullet-checkmark\"><a href=\"https:\/\/www.cultcaffe.at\/sk\/produkt\/espresso-barista\/\">1 x 500g Barista (83% Arabica \/ 17% Robusta)<\/a><br \/>\n<a href=\"https:\/\/www.cultcaffe.at\/sk\/produkt\/neapol\/\">1 x 500g Napoli (50% Arabica \/ 50% Robusta)<\/a><br \/>\n<a href=\"https:\/\/www.cultcaffe.at\/sk\/produkt\/cierny\/\">1 x 500g Nero (100% Robusta)<\/a><\/li>\n<li class=\"bullet-checkmark\">Najvy\u0161\u0161ia gurm\u00e1nska kvalita pre n\u00e1ro\u010dn\u00fdch znalcov<\/li>\n<li class=\"bullet-checkmark\">Dokonale upra\u017een\u00e9 pre intenz\u00edvny aromatick\u00fd z\u00e1\u017eitok<\/li>\n<li class=\"bullet-checkmark\">Ide\u00e1lny ako dar\u010dek pre milovn\u00edkov k\u00e1vy<\/li>\n<li class=\"bullet-checkmark\">Vysokokvalitn\u00e9 balenie pre dlhotrvaj\u00facu \u010derstvos\u0165<\/li>\n<\/ul>\n<\/li>\n<\/ul>\n<p>V\u0161etko v overenej kvalite \u2013 pra\u017een\u00e9 \u0161etrne a s l\u00e1skou k v\u00e1m.<\/p>","protected":false},"featured_media":14972,"template":"","meta":{"inline_featured_image":false},"product_brand":[],"product_cat":[199,211],"product_tag":[61,60,59,62],"class_list":{"0":"post-13868","1":"product","2":"type-product","3":"status-publish","4":"has-post-thumbnail","6":"product_cat-kaffee","7":"product_cat-geschenkideen","8":"product_tag-cultcaffe","9":"product_tag-espresso","10":"product_tag-kaffee","11":"product_tag-kaffeegenuss","13":"first","14":"instock","15":"taxable","16":"shipping-taxable","17":"purchasable","18":"product-type-simple"},"yoast_head":"<!-- This site is optimized with the Yoast SEO plugin v27.3 - https:\/\/yoast.com\/product\/yoast-seo-wordpress\/ -->\n<title>Gourmet-Paket &quot;kr\u00e4ftig&quot; 3 x 500g - CultCaff\u00e9 - die Bio Kaffee R\u00f6sterei<\/title>\n<meta name=\"description\" content=\"Feinste Gourmetqualit\u00e4t f\u00fcr anspruchsvolle Genie\u00dfer | Perfekt ger\u00f6stet f\u00fcr ein intensives Aromaerlebnis | Ideal als Geschenk f\u00fcr Kaffeeliebhaber\" \/>\n<meta name=\"robots\" content=\"index, follow, max-snippet:-1, max-image-preview:large, max-video-preview:-1\" \/>\n<link rel=\"canonical\" href=\"https:\/\/www.cultcaffe.at\/sk\/produkt\/gurmanske-balenie-robustne-3-x-500-g\/\" \/>\n<meta property=\"og:locale\" content=\"sk_SK\" \/>\n<meta property=\"og:type\" content=\"article\" \/>\n<meta property=\"og:title\" content=\"Gourmet-Paket &quot;kr\u00e4ftig&quot; 3 x 500g - CultCaff\u00e9 - die Bio Kaffee R\u00f6sterei\" \/>\n<meta property=\"og:description\" content=\"Feinste Gourmetqualit\u00e4t f\u00fcr anspruchsvolle Genie\u00dfer | Perfekt ger\u00f6stet f\u00fcr ein intensives Aromaerlebnis | Ideal als Geschenk f\u00fcr Kaffeeliebhaber\" \/>\n<meta property=\"og:url\" content=\"https:\/\/www.cultcaffe.at\/sk\/produkt\/gurmanske-balenie-robustne-3-x-500-g\/\" \/>\n<meta property=\"og:site_name\" content=\"CultCaff\u00e9 - die Bio Kaffee R\u00f6sterei\" \/>\n<meta property=\"article:publisher\" content=\"https:\/\/www.facebook.com\/p\/Cult-Caff%c3%a8-die-R%c3%b6sterei-100039719724703\/?locale=de_DE\" \/>\n<meta property=\"article:modified_time\" content=\"2026-01-21T14:41:22+00:00\" \/>\n<meta property=\"og:image\" content=\"https:\/\/www.cultcaffe.at\/wp-content\/uploads\/2024\/02\/Cult-Caffe_Kaffee-Bohnen_Gourmet-Paket-kraeftig.jpg\" \/>\n\t<meta property=\"og:image:width\" content=\"2000\" \/>\n\t<meta property=\"og:image:height\" content=\"2000\" \/>\n\t<meta property=\"og:image:type\" content=\"image\/jpeg\" \/>\n<meta name=\"twitter:card\" content=\"summary_large_image\" \/>\n<meta name=\"twitter:label1\" content=\"Cena\" \/>\n\t<meta name=\"twitter:data1\" content=\"&euro;&nbsp;54,00\" \/>\n\t<meta name=\"twitter:label2\" content=\"Dostupnos\u0165\" \/>\n\t<meta name=\"twitter:data2\" content=\"Na sklade\" \/>\n<script type=\"application\/ld+json\" class=\"yoast-schema-graph\">{\"@context\":\"https:\\\/\\\/schema.org\",\"@graph\":[{\"@type\":\"WebPage\",\"@id\":\"https:\\\/\\\/www.cultcaffe.at\\\/produkt\\\/gourmet-paket-kraeftig-3-x-500g\\\/\",\"url\":\"https:\\\/\\\/www.cultcaffe.at\\\/produkt\\\/gourmet-paket-kraeftig-3-x-500g\\\/\",\"name\":\"Gourmet-Paket \\\"kr\u00e4ftig\\\" 3 x 500g - CultCaff\u00e9 - die Bio Kaffee R\u00f6sterei\",\"isPartOf\":{\"@id\":\"https:\\\/\\\/www.cultcaffe.at\\\/#website\"},\"primaryImageOfPage\":{\"@id\":\"https:\\\/\\\/www.cultcaffe.at\\\/produkt\\\/gourmet-paket-kraeftig-3-x-500g\\\/#primaryimage\"},\"image\":{\"@id\":\"https:\\\/\\\/www.cultcaffe.at\\\/produkt\\\/gourmet-paket-kraeftig-3-x-500g\\\/#primaryimage\"},\"thumbnailUrl\":\"https:\\\/\\\/www.cultcaffe.at\\\/wp-content\\\/uploads\\\/2024\\\/02\\\/Cult-Caffe_Kaffee-Bohnen_Gourmet-Paket-kraeftig.jpg\",\"datePublished\":\"2024-02-19T10:31:11+00:00\",\"dateModified\":\"2026-01-21T14:41:22+00:00\",\"description\":\"Feinste Gourmetqualit\u00e4t f\u00fcr anspruchsvolle Genie\u00dfer | Perfekt ger\u00f6stet f\u00fcr ein intensives Aromaerlebnis | Ideal als Geschenk f\u00fcr Kaffeeliebhaber\",\"breadcrumb\":{\"@id\":\"https:\\\/\\\/www.cultcaffe.at\\\/produkt\\\/gourmet-paket-kraeftig-3-x-500g\\\/#breadcrumb\"},\"inLanguage\":\"sk-SK\",\"potentialAction\":[{\"@type\":\"ReadAction\",\"target\":[\"https:\\\/\\\/www.cultcaffe.at\\\/produkt\\\/gourmet-paket-kraeftig-3-x-500g\\\/\"]}]},{\"@type\":\"ImageObject\",\"inLanguage\":\"sk-SK\",\"@id\":\"https:\\\/\\\/www.cultcaffe.at\\\/produkt\\\/gourmet-paket-kraeftig-3-x-500g\\\/#primaryimage\",\"url\":\"https:\\\/\\\/www.cultcaffe.at\\\/wp-content\\\/uploads\\\/2024\\\/02\\\/Cult-Caffe_Kaffee-Bohnen_Gourmet-Paket-kraeftig.jpg\",\"contentUrl\":\"https:\\\/\\\/www.cultcaffe.at\\\/wp-content\\\/uploads\\\/2024\\\/02\\\/Cult-Caffe_Kaffee-Bohnen_Gourmet-Paket-kraeftig.jpg\",\"width\":2000,\"height\":2000},{\"@type\":\"BreadcrumbList\",\"@id\":\"https:\\\/\\\/www.cultcaffe.at\\\/produkt\\\/gourmet-paket-kraeftig-3-x-500g\\\/#breadcrumb\",\"itemListElement\":[{\"@type\":\"ListItem\",\"position\":1,\"name\":\"Startseite\",\"item\":\"https:\\\/\\\/www.cultcaffe.at\\\/\"},{\"@type\":\"ListItem\",\"position\":2,\"name\":\"Produkte\",\"item\":\"https:\\\/\\\/www.cultcaffe.at\\\/shop\\\/\"},{\"@type\":\"ListItem\",\"position\":3,\"name\":\"Gourmet-Paket &#8222;kr\u00e4ftig&#8220; 3 x 500g\"}]},{\"@type\":\"WebSite\",\"@id\":\"https:\\\/\\\/www.cultcaffe.at\\\/#website\",\"url\":\"https:\\\/\\\/www.cultcaffe.at\\\/\",\"name\":\"CultCaff\u00e9 - die Bio Kaffee R\u00f6sterei\",\"description\":\"Liebe zum Kaffee\",\"publisher\":{\"@id\":\"https:\\\/\\\/www.cultcaffe.at\\\/#organization\"},\"potentialAction\":[{\"@type\":\"SearchAction\",\"target\":{\"@type\":\"EntryPoint\",\"urlTemplate\":\"https:\\\/\\\/www.cultcaffe.at\\\/?s={search_term_string}\"},\"query-input\":{\"@type\":\"PropertyValueSpecification\",\"valueRequired\":true,\"valueName\":\"search_term_string\"}}],\"inLanguage\":\"sk-SK\"},{\"@type\":[\"Organization\",\"Place\"],\"@id\":\"https:\\\/\\\/www.cultcaffe.at\\\/#organization\",\"name\":\"CultCaff\u00e9 Kaffeer\u00f6sterei GmbH\",\"alternateName\":\"CultCaff\u00e9\",\"url\":\"https:\\\/\\\/www.cultcaffe.at\\\/\",\"logo\":{\"@id\":\"https:\\\/\\\/www.cultcaffe.at\\\/produkt\\\/gourmet-paket-kraeftig-3-x-500g\\\/#local-main-organization-logo\"},\"image\":{\"@id\":\"https:\\\/\\\/www.cultcaffe.at\\\/produkt\\\/gourmet-paket-kraeftig-3-x-500g\\\/#local-main-organization-logo\"},\"sameAs\":[\"https:\\\/\\\/www.facebook.com\\\/p\\\/Cult-Caff\u00e8-die-R\u00f6sterei-100039719724703\\\/?locale=de_DE\",\"https:\\\/\\\/www.instagram.com\\\/cultcaffe.at\\\/\"],\"hasMerchantReturnPolicy\":{\"@type\":\"MerchantReturnPolicy\",\"merchantReturnLink\":\"https:\\\/\\\/www.cultcaffe.at\\\/sk\\\/agbs\\\/\"},\"telephone\":[],\"openingHoursSpecification\":[{\"@type\":\"OpeningHoursSpecification\",\"dayOfWeek\":[\"Monday\",\"Tuesday\",\"Wednesday\",\"Thursday\",\"Friday\",\"Saturday\",\"Sunday\"],\"opens\":\"09:00\",\"closes\":\"17:00\"}]},{\"@type\":\"ImageObject\",\"inLanguage\":\"sk-SK\",\"@id\":\"https:\\\/\\\/www.cultcaffe.at\\\/produkt\\\/gourmet-paket-kraeftig-3-x-500g\\\/#local-main-organization-logo\",\"url\":\"https:\\\/\\\/www.cultcaffe.at\\\/wp-content\\\/uploads\\\/2023\\\/11\\\/cultcaffe_logo_regular_dark-1.svg\",\"contentUrl\":\"https:\\\/\\\/www.cultcaffe.at\\\/wp-content\\\/uploads\\\/2023\\\/11\\\/cultcaffe_logo_regular_dark-1.svg\",\"width\":756,\"height\":474,\"caption\":\"CultCaff\u00e9 Kaffeer\u00f6sterei GmbH\"}]}<\/script>\n<meta property=\"product:price:amount\" content=\"54.00\" \/>\n<meta property=\"product:price:currency\" content=\"EUR\" \/>\n<meta property=\"og:availability\" content=\"instock\" \/>\n<meta property=\"product:availability\" content=\"instock\" \/>\n<meta property=\"product:condition\" content=\"new\" \/>\n<!-- \/ Yoast SEO plugin. -->","yoast_head_json":{"title":"Gurm\u00e1nske balenie \"siln\u00e9\" 3 x 500 g - CultCaff\u00e9 - pra\u017eiare\u0148 organickej k\u00e1vy","description":"Najvy\u0161\u0161ia gurm\u00e1nska kvalita pre n\u00e1ro\u010dn\u00fdch znalcov | Dokonale upra\u017een\u00e1 pre intenz\u00edvny aromatick\u00fd z\u00e1\u017eitok | Ide\u00e1lny dar\u010dek pre milovn\u00edkov k\u00e1vy","robots":{"index":"index","follow":"follow","max-snippet":"max-snippet:-1","max-image-preview":"max-image-preview:large","max-video-preview":"max-video-preview:-1"},"canonical":"https:\/\/www.cultcaffe.at\/sk\/produkt\/gurmanske-balenie-robustne-3-x-500-g\/","og_locale":"sk_SK","og_type":"article","og_title":"Gourmet-Paket \"kr\u00e4ftig\" 3 x 500g - CultCaff\u00e9 - die Bio Kaffee R\u00f6sterei","og_description":"Feinste Gourmetqualit\u00e4t f\u00fcr anspruchsvolle Genie\u00dfer | Perfekt ger\u00f6stet f\u00fcr ein intensives Aromaerlebnis | Ideal als Geschenk f\u00fcr Kaffeeliebhaber","og_url":"https:\/\/www.cultcaffe.at\/sk\/produkt\/gurmanske-balenie-robustne-3-x-500-g\/","og_site_name":"CultCaff\u00e9 - die Bio Kaffee R\u00f6sterei","article_publisher":"https:\/\/www.facebook.com\/p\/Cult-Caff%c3%a8-die-R%c3%b6sterei-100039719724703\/?locale=de_DE","article_modified_time":"2026-01-21T14:41:22+00:00","og_image":[{"width":2000,"height":2000,"url":"https:\/\/www.cultcaffe.at\/wp-content\/uploads\/2024\/02\/Cult-Caffe_Kaffee-Bohnen_Gourmet-Paket-kraeftig.jpg","type":"image\/jpeg"}],"twitter_card":"summary_large_image","twitter_misc":{"Cena":"&euro;&nbsp;54,00","Dostupnos\u0165":"Na sklade"},"schema":{"@context":"https:\/\/schema.org","@graph":[{"@type":"WebPage","@id":"https:\/\/www.cultcaffe.at\/produkt\/gourmet-paket-kraeftig-3-x-500g\/","url":"https:\/\/www.cultcaffe.at\/produkt\/gourmet-paket-kraeftig-3-x-500g\/","name":"Gurm\u00e1nske balenie \"siln\u00e9\" 3 x 500 g - CultCaff\u00e9 - pra\u017eiare\u0148 organickej k\u00e1vy","isPartOf":{"@id":"https:\/\/www.cultcaffe.at\/#website"},"primaryImageOfPage":{"@id":"https:\/\/www.cultcaffe.at\/produkt\/gourmet-paket-kraeftig-3-x-500g\/#primaryimage"},"image":{"@id":"https:\/\/www.cultcaffe.at\/produkt\/gourmet-paket-kraeftig-3-x-500g\/#primaryimage"},"thumbnailUrl":"https:\/\/www.cultcaffe.at\/wp-content\/uploads\/2024\/02\/Cult-Caffe_Kaffee-Bohnen_Gourmet-Paket-kraeftig.jpg","datePublished":"2024-02-19T10:31:11+00:00","dateModified":"2026-01-21T14:41:22+00:00","description":"Najvy\u0161\u0161ia gurm\u00e1nska kvalita pre n\u00e1ro\u010dn\u00fdch znalcov | Dokonale upra\u017een\u00e1 pre intenz\u00edvny aromatick\u00fd z\u00e1\u017eitok | Ide\u00e1lny dar\u010dek pre milovn\u00edkov k\u00e1vy","breadcrumb":{"@id":"https:\/\/www.cultcaffe.at\/produkt\/gourmet-paket-kraeftig-3-x-500g\/#breadcrumb"},"inLanguage":"sk-SK","potentialAction":[{"@type":"ReadAction","target":["https:\/\/www.cultcaffe.at\/produkt\/gourmet-paket-kraeftig-3-x-500g\/"]}]},{"@type":"ImageObject","inLanguage":"sk-SK","@id":"https:\/\/www.cultcaffe.at\/produkt\/gourmet-paket-kraeftig-3-x-500g\/#primaryimage","url":"https:\/\/www.cultcaffe.at\/wp-content\/uploads\/2024\/02\/Cult-Caffe_Kaffee-Bohnen_Gourmet-Paket-kraeftig.jpg","contentUrl":"https:\/\/www.cultcaffe.at\/wp-content\/uploads\/2024\/02\/Cult-Caffe_Kaffee-Bohnen_Gourmet-Paket-kraeftig.jpg","width":2000,"height":2000},{"@type":"BreadcrumbList","@id":"https:\/\/www.cultcaffe.at\/produkt\/gourmet-paket-kraeftig-3-x-500g\/#breadcrumb","itemListElement":[{"@type":"ListItem","position":1,"name":"Startseite","item":"https:\/\/www.cultcaffe.at\/"},{"@type":"ListItem","position":2,"name":"Produkte","item":"https:\/\/www.cultcaffe.at\/shop\/"},{"@type":"ListItem","position":3,"name":"Gourmet-Paket &#8222;kr\u00e4ftig&#8220; 3 x 500g"}]},{"@type":"WebSite","@id":"https:\/\/www.cultcaffe.at\/#website","url":"https:\/\/www.cultcaffe.at\/","name":"CultCaff\u00e9 - pra\u017eiare\u0148 organickej k\u00e1vy","description":"L\u00e1ska ku k\u00e1ve","publisher":{"@id":"https:\/\/www.cultcaffe.at\/#organization"},"potentialAction":[{"@type":"SearchAction","target":{"@type":"EntryPoint","urlTemplate":"https:\/\/www.cultcaffe.at\/?s={search_term_string}"},"query-input":{"@type":"PropertyValueSpecification","valueRequired":true,"valueName":"search_term_string"}}],"inLanguage":"sk-SK"},{"@type":["Organization","Place"],"@id":"https:\/\/www.cultcaffe.at\/#organization","name":"CultCaff\u00e9 Coffee Roastery GmbH","alternateName":"CultCaff\u00e9","url":"https:\/\/www.cultcaffe.at\/","logo":{"@id":"https:\/\/www.cultcaffe.at\/produkt\/gourmet-paket-kraeftig-3-x-500g\/#local-main-organization-logo"},"image":{"@id":"https:\/\/www.cultcaffe.at\/produkt\/gourmet-paket-kraeftig-3-x-500g\/#local-main-organization-logo"},"sameAs":["https:\/\/www.facebook.com\/p\/Cult-Caff\u00e8-die-R\u00f6sterei-100039719724703\/?locale=de_DE","https:\/\/www.instagram.com\/cultcaffe.at\/"],"hasMerchantReturnPolicy":{"@type":"MerchantReturnPolicy","merchantReturnLink":"https:\/\/www.cultcaffe.at\/sk\/agbs\/"},"telephone":[],"openingHoursSpecification":[{"@type":"OpeningHoursSpecification","dayOfWeek":["Monday","Tuesday","Wednesday","Thursday","Friday","Saturday","Sunday"],"opens":"09:00","closes":"17:00"}]},{"@type":"ImageObject","inLanguage":"sk-SK","@id":"https:\/\/www.cultcaffe.at\/produkt\/gourmet-paket-kraeftig-3-x-500g\/#local-main-organization-logo","url":"https:\/\/www.cultcaffe.at\/wp-content\/uploads\/2023\/11\/cultcaffe_logo_regular_dark-1.svg","contentUrl":"https:\/\/www.cultcaffe.at\/wp-content\/uploads\/2023\/11\/cultcaffe_logo_regular_dark-1.svg","width":756,"height":474,"caption":"CultCaff\u00e9 Kaffeer\u00f6sterei GmbH"}]},"product_price_amount":"54.00","product_price_currency":"EUR","og_availability":"instock","product_availability":"instock","product_condition":"new"},"_links":{"self":[{"href":"https:\/\/www.cultcaffe.at\/sk\/wp-json\/wp\/v2\/product\/13868","targetHints":{"allow":["GET"]}}],"collection":[{"href":"https:\/\/www.cultcaffe.at\/sk\/wp-json\/wp\/v2\/product"}],"about":[{"href":"https:\/\/www.cultcaffe.at\/sk\/wp-json\/wp\/v2\/types\/product"}],"wp:featuredmedia":[{"embeddable":true,"href":"https:\/\/www.cultcaffe.at\/sk\/wp-json\/wp\/v2\/media\/14972"}],"wp:attachment":[{"href":"https:\/\/www.cultcaffe.at\/sk\/wp-json\/wp\/v2\/media?parent=13868"}],"wp:term":[{"taxonomy":"product_brand","embeddable":true,"href":"https:\/\/www.cultcaffe.at\/sk\/wp-json\/wp\/v2\/product_brand?post=13868"},{"taxonomy":"product_cat","embeddable":true,"href":"https:\/\/www.cultcaffe.at\/sk\/wp-json\/wp\/v2\/product_cat?post=13868"},{"taxonomy":"product_tag","embeddable":true,"href":"https:\/\/www.cultcaffe.at\/sk\/wp-json\/wp\/v2\/product_tag?post=13868"}],"curies":[{"name":"pracovn\u00fd list","href":"https:\/\/api.w.org\/{rel}","templated":true}]}}