{"id":13867,"date":"2023-12-06T10:36:50","date_gmt":"2023-12-06T09:36:50","guid":{"rendered":"https:\/\/www.cultcaffe.at\/?post_type=product&#038;p=13867"},"modified":"2025-12-16T14:03:09","modified_gmt":"2025-12-16T13:03:09","slug":"darcekova-krabicka-biela-250g-kava-podla-vasho-vyberu-sada-salok-na-espresso","status":"publish","type":"product","link":"https:\/\/www.cultcaffe.at\/sk\/produkt\/geschenkbox-weiss-250g-kaffee-nach-wahl-espressotassenset\/","title":{"rendered":"Biela dar\u010dekov\u00e1 krabi\u010dka + 250g k\u00e1va pod\u013ea v\u00e1\u0161ho v\u00fdberu + sada \u0161\u00e1lok na espresso"},"content":{"rendered":"<h3><strong>Dar\u010dekov\u00e1 krabi\u010dka biela + 250g k\u00e1va pod\u013ea v\u00e1\u0161ho v\u00fdberu + sada \u0161\u00e1lok na espresso biela<\/strong><\/h3>\n<p>Rozmazn\u00e1vajte svojich bl\u00edzkych tieto Vianoce na\u0161ou exkluz\u00edvnou bielou dar\u010dekovou krabi\u010dkou, ktor\u00e1 im dod\u00e1 v\u00fdnimo\u010dnos\u0165. <strong>Chv\u00edle radosti<\/strong> zabezpe\u010duje.<br \/>\nKrabica obsahuje 250 g <strong>K\u00e1va pod\u013ea v\u00e1\u0161ho v\u00fdberu<\/strong>aby vyhovovali individu\u00e1lnemu vkusu. Zah\u0155\u0148a to aj \u0161t\u00fdlov\u00fd <strong>Sada \u0161\u00e1lok na espresso (biela)<\/strong> pre dokonal\u00fd p\u00f4\u017eitok z k\u00e1vy doma.<\/p>\n<p>T\u00e1to sada je <strong>perfektn\u00fd viano\u010dn\u00fd dar\u010dek<\/strong> pre v\u0161etk\u00fdch <strong>milovn\u00edci k\u00e1vy<\/strong>.<br \/>\nUnik\u00e1tne zlo\u017eenie zaru\u010duje nezabudnute\u013enos\u0165 <strong>Chv\u00edle radosti<\/strong> a zr\u00fdch\u013euje tep ka\u017ed\u00e9ho znalca k\u00e1vy.<\/p>","protected":false},"excerpt":{"rendered":"<ul>\n<li class=\"bullet-checkmark\">Vysokokvalitn\u00e1 dar\u010dekov\u00e1 krabi\u010dka v bielej farbe pre v\u00fdnimo\u010dn\u00e9 chv\u00edle pote\u0161enia.<\/li>\n<li class=\"bullet-checkmark\">Vr\u00e1tane 250 g k\u00e1vy pod\u013ea vlastn\u00e9ho v\u00fdberu pre individu\u00e1lnu chu\u0165.<\/li>\n<li class=\"bullet-checkmark\">Sada \u0161\u00e1lok na espresso pre \u0161t\u00fdlov\u00e9 vychutnanie si k\u00e1vy doma.<\/li>\n<li class=\"bullet-checkmark\">Perfektn\u00fd viano\u010dn\u00fd dar\u010dek pre milovn\u00edkov k\u00e1vy.<\/li>\n<li class=\"bullet-checkmark\">Jedine\u010dn\u00e1 kombin\u00e1cia pre nezabudnute\u013en\u00e9 chv\u00edle p\u00f4\u017eitku.<\/li>\n<\/ul>","protected":false},"featured_media":13317,"template":"","meta":{"inline_featured_image":false},"product_brand":[],"product_cat":[211],"product_tag":[116,117,96,83,94,61,60,95,59,62,108,130,133],"class_list":{"0":"post-13867","1":"product","2":"type-product","3":"status-publish","4":"has-post-thumbnail","6":"product_cat-geschenkideen","7":"product_tag-amarillo","8":"product_tag-biokaffee","9":"product_tag-bohnen","10":"product_tag-cappuccino","11":"product_tag-cult-caffe","12":"product_tag-cultcaffe","13":"product_tag-espresso","14":"product_tag-geschenk","15":"product_tag-kaffee","16":"product_tag-kaffeegenuss","17":"product_tag-roastery","18":"product_tag-weihnachten","19":"product_tag-weihnachtsgeschenk","21":"first","22":"instock","23":"taxable","24":"shipping-taxable","25":"purchasable","26":"product-type-simple"},"yoast_head":"<!-- This site is optimized with the Yoast SEO plugin v27.4 - https:\/\/yoast.com\/product\/yoast-seo-wordpress\/ -->\n<title>Geschenkbox wei\u00df + 250g Kaffee nach Wahl + Espressotassenset - CultCaff\u00e9 - die Bio Kaffee R\u00f6sterei<\/title>\n<meta name=\"robots\" content=\"index, follow, max-snippet:-1, max-image-preview:large, max-video-preview:-1\" \/>\n<link rel=\"canonical\" href=\"https:\/\/www.cultcaffe.at\/sk\/produkt\/darcekova-krabicka-biela-250g-kava-podla-vasho-vyberu-sada-salok-na-espresso\/\" \/>\n<meta property=\"og:locale\" content=\"sk_SK\" \/>\n<meta property=\"og:type\" content=\"article\" \/>\n<meta property=\"og:title\" content=\"Geschenkbox wei\u00df + 250g Kaffee nach Wahl + Espressotassenset - CultCaff\u00e9 - die Bio Kaffee R\u00f6sterei\" \/>\n<meta property=\"og:description\" content=\"Hochwertige Geschenkbox in Wei\u00df f\u00fcr besondere Genussmomente.  Inklusive 250g Kaffee nach Wahl f\u00fcr individuellen Geschmack.  Espressotassenset f\u00fcr stilvollen Kaffeegenuss zuhause.  Perfektes Weihnachtsgeschenk f\u00fcr Kaffeeliebhaber.  Einzigartige Zusammenstellung f\u00fcr unvergessliche Genussmomente.\" \/>\n<meta property=\"og:url\" content=\"https:\/\/www.cultcaffe.at\/sk\/produkt\/darcekova-krabicka-biela-250g-kava-podla-vasho-vyberu-sada-salok-na-espresso\/\" \/>\n<meta property=\"og:site_name\" content=\"CultCaff\u00e9 - die Bio Kaffee R\u00f6sterei\" \/>\n<meta property=\"article:publisher\" content=\"https:\/\/www.facebook.com\/p\/Cult-Caff%c3%a8-die-R%c3%b6sterei-100039719724703\/?locale=de_DE\" \/>\n<meta property=\"article:modified_time\" content=\"2025-12-16T13:03:09+00:00\" \/>\n<meta property=\"og:image\" content=\"https:\/\/www.cultcaffe.at\/wp-content\/uploads\/2024\/02\/20231201_1106081-1-scaled-1.jpg\" \/>\n\t<meta property=\"og:image:width\" content=\"1920\" \/>\n\t<meta property=\"og:image:height\" content=\"2560\" \/>\n\t<meta property=\"og:image:type\" content=\"image\/jpeg\" \/>\n<meta name=\"twitter:card\" content=\"summary_large_image\" \/>\n<meta name=\"twitter:label1\" content=\"Cena\" \/>\n\t<meta name=\"twitter:data1\" content=\"&euro;&nbsp;30,00\" \/>\n\t<meta name=\"twitter:label2\" content=\"Dostupnos\u0165\" \/>\n\t<meta name=\"twitter:data2\" content=\"Na sklade\" \/>\n<script type=\"application\/ld+json\" class=\"yoast-schema-graph\">{\"@context\":\"https:\\\/\\\/schema.org\",\"@graph\":[{\"@type\":\"WebPage\",\"@id\":\"https:\\\/\\\/www.cultcaffe.at\\\/produkt\\\/geschenkbox-weiss-250g-kaffee-nach-wahl-espressotassenset\\\/\",\"url\":\"https:\\\/\\\/www.cultcaffe.at\\\/produkt\\\/geschenkbox-weiss-250g-kaffee-nach-wahl-espressotassenset\\\/\",\"name\":\"Geschenkbox wei\u00df + 250g Kaffee nach Wahl + Espressotassenset - CultCaff\u00e9 - die Bio Kaffee R\u00f6sterei\",\"isPartOf\":{\"@id\":\"https:\\\/\\\/www.cultcaffe.at\\\/#website\"},\"primaryImageOfPage\":{\"@id\":\"https:\\\/\\\/www.cultcaffe.at\\\/produkt\\\/geschenkbox-weiss-250g-kaffee-nach-wahl-espressotassenset\\\/#primaryimage\"},\"image\":{\"@id\":\"https:\\\/\\\/www.cultcaffe.at\\\/produkt\\\/geschenkbox-weiss-250g-kaffee-nach-wahl-espressotassenset\\\/#primaryimage\"},\"thumbnailUrl\":\"https:\\\/\\\/www.cultcaffe.at\\\/wp-content\\\/uploads\\\/2024\\\/02\\\/20231201_1106081-1-scaled-1.jpg\",\"datePublished\":\"2023-12-06T09:36:50+00:00\",\"dateModified\":\"2025-12-16T13:03:09+00:00\",\"breadcrumb\":{\"@id\":\"https:\\\/\\\/www.cultcaffe.at\\\/produkt\\\/geschenkbox-weiss-250g-kaffee-nach-wahl-espressotassenset\\\/#breadcrumb\"},\"inLanguage\":\"sk-SK\",\"potentialAction\":[{\"@type\":\"ReadAction\",\"target\":[\"https:\\\/\\\/www.cultcaffe.at\\\/produkt\\\/geschenkbox-weiss-250g-kaffee-nach-wahl-espressotassenset\\\/\"]}]},{\"@type\":\"ImageObject\",\"inLanguage\":\"sk-SK\",\"@id\":\"https:\\\/\\\/www.cultcaffe.at\\\/produkt\\\/geschenkbox-weiss-250g-kaffee-nach-wahl-espressotassenset\\\/#primaryimage\",\"url\":\"https:\\\/\\\/www.cultcaffe.at\\\/wp-content\\\/uploads\\\/2024\\\/02\\\/20231201_1106081-1-scaled-1.jpg\",\"contentUrl\":\"https:\\\/\\\/www.cultcaffe.at\\\/wp-content\\\/uploads\\\/2024\\\/02\\\/20231201_1106081-1-scaled-1.jpg\",\"width\":1920,\"height\":2560},{\"@type\":\"BreadcrumbList\",\"@id\":\"https:\\\/\\\/www.cultcaffe.at\\\/produkt\\\/geschenkbox-weiss-250g-kaffee-nach-wahl-espressotassenset\\\/#breadcrumb\",\"itemListElement\":[{\"@type\":\"ListItem\",\"position\":1,\"name\":\"Startseite\",\"item\":\"https:\\\/\\\/www.cultcaffe.at\\\/\"},{\"@type\":\"ListItem\",\"position\":2,\"name\":\"Produkte\",\"item\":\"https:\\\/\\\/www.cultcaffe.at\\\/shop\\\/\"},{\"@type\":\"ListItem\",\"position\":3,\"name\":\"Geschenkbox wei\u00df + 250g Kaffee nach Wahl + Espressotassenset\"}]},{\"@type\":\"WebSite\",\"@id\":\"https:\\\/\\\/www.cultcaffe.at\\\/#website\",\"url\":\"https:\\\/\\\/www.cultcaffe.at\\\/\",\"name\":\"CultCaff\u00e9 - die Bio Kaffee R\u00f6sterei\",\"description\":\"Liebe zum Kaffee\",\"publisher\":{\"@id\":\"https:\\\/\\\/www.cultcaffe.at\\\/#organization\"},\"potentialAction\":[{\"@type\":\"SearchAction\",\"target\":{\"@type\":\"EntryPoint\",\"urlTemplate\":\"https:\\\/\\\/www.cultcaffe.at\\\/?s={search_term_string}\"},\"query-input\":{\"@type\":\"PropertyValueSpecification\",\"valueRequired\":true,\"valueName\":\"search_term_string\"}}],\"inLanguage\":\"sk-SK\"},{\"@type\":[\"Organization\",\"Place\"],\"@id\":\"https:\\\/\\\/www.cultcaffe.at\\\/#organization\",\"name\":\"CultCaff\u00e9 Kaffeer\u00f6sterei GmbH\",\"alternateName\":\"CultCaff\u00e9\",\"url\":\"https:\\\/\\\/www.cultcaffe.at\\\/\",\"logo\":{\"@id\":\"https:\\\/\\\/www.cultcaffe.at\\\/produkt\\\/geschenkbox-weiss-250g-kaffee-nach-wahl-espressotassenset\\\/#local-main-organization-logo\"},\"image\":{\"@id\":\"https:\\\/\\\/www.cultcaffe.at\\\/produkt\\\/geschenkbox-weiss-250g-kaffee-nach-wahl-espressotassenset\\\/#local-main-organization-logo\"},\"sameAs\":[\"https:\\\/\\\/www.facebook.com\\\/p\\\/Cult-Caff\u00e8-die-R\u00f6sterei-100039719724703\\\/?locale=de_DE\",\"https:\\\/\\\/www.instagram.com\\\/cultcaffe.at\\\/\"],\"hasMerchantReturnPolicy\":{\"@type\":\"MerchantReturnPolicy\",\"merchantReturnLink\":\"https:\\\/\\\/www.cultcaffe.at\\\/sk\\\/agbs\\\/\"},\"telephone\":[],\"openingHoursSpecification\":[{\"@type\":\"OpeningHoursSpecification\",\"dayOfWeek\":[\"Monday\",\"Tuesday\",\"Wednesday\",\"Thursday\",\"Friday\",\"Saturday\",\"Sunday\"],\"opens\":\"09:00\",\"closes\":\"17:00\"}]},{\"@type\":\"ImageObject\",\"inLanguage\":\"sk-SK\",\"@id\":\"https:\\\/\\\/www.cultcaffe.at\\\/produkt\\\/geschenkbox-weiss-250g-kaffee-nach-wahl-espressotassenset\\\/#local-main-organization-logo\",\"url\":\"https:\\\/\\\/www.cultcaffe.at\\\/wp-content\\\/uploads\\\/2023\\\/11\\\/cultcaffe_logo_regular_dark-1.svg\",\"contentUrl\":\"https:\\\/\\\/www.cultcaffe.at\\\/wp-content\\\/uploads\\\/2023\\\/11\\\/cultcaffe_logo_regular_dark-1.svg\",\"width\":756,\"height\":474,\"caption\":\"CultCaff\u00e9 Kaffeer\u00f6sterei GmbH\"}]}<\/script>\n<meta property=\"product:price:amount\" content=\"30.00\" \/>\n<meta property=\"product:price:currency\" content=\"EUR\" \/>\n<meta property=\"og:availability\" content=\"instock\" \/>\n<meta property=\"product:availability\" content=\"instock\" \/>\n<meta property=\"product:condition\" content=\"new\" \/>\n<!-- \/ Yoast SEO plugin. -->","yoast_head_json":{"title":"Dar\u010dekov\u00e1 krabi\u010dka biela + 250g k\u00e1va pod\u013ea v\u00e1\u0161ho v\u00fdberu + sada \u0161\u00e1lok na espresso - CultCaff\u00e9 - pra\u017eiare\u0148 organickej k\u00e1vy","robots":{"index":"index","follow":"follow","max-snippet":"max-snippet:-1","max-image-preview":"max-image-preview:large","max-video-preview":"max-video-preview:-1"},"canonical":"https:\/\/www.cultcaffe.at\/sk\/produkt\/darcekova-krabicka-biela-250g-kava-podla-vasho-vyberu-sada-salok-na-espresso\/","og_locale":"sk_SK","og_type":"article","og_title":"Geschenkbox wei\u00df + 250g Kaffee nach Wahl + Espressotassenset - CultCaff\u00e9 - die Bio Kaffee R\u00f6sterei","og_description":"Hochwertige Geschenkbox in Wei\u00df f\u00fcr besondere Genussmomente.  Inklusive 250g Kaffee nach Wahl f\u00fcr individuellen Geschmack.  Espressotassenset f\u00fcr stilvollen Kaffeegenuss zuhause.  Perfektes Weihnachtsgeschenk f\u00fcr Kaffeeliebhaber.  Einzigartige Zusammenstellung f\u00fcr unvergessliche Genussmomente.","og_url":"https:\/\/www.cultcaffe.at\/sk\/produkt\/darcekova-krabicka-biela-250g-kava-podla-vasho-vyberu-sada-salok-na-espresso\/","og_site_name":"CultCaff\u00e9 - die Bio Kaffee R\u00f6sterei","article_publisher":"https:\/\/www.facebook.com\/p\/Cult-Caff%c3%a8-die-R%c3%b6sterei-100039719724703\/?locale=de_DE","article_modified_time":"2025-12-16T13:03:09+00:00","og_image":[{"width":1920,"height":2560,"url":"https:\/\/www.cultcaffe.at\/wp-content\/uploads\/2024\/02\/20231201_1106081-1-scaled-1.jpg","type":"image\/jpeg"}],"twitter_card":"summary_large_image","twitter_misc":{"Cena":"&euro;&nbsp;30,00","Dostupnos\u0165":"Na sklade"},"schema":{"@context":"https:\/\/schema.org","@graph":[{"@type":"WebPage","@id":"https:\/\/www.cultcaffe.at\/produkt\/geschenkbox-weiss-250g-kaffee-nach-wahl-espressotassenset\/","url":"https:\/\/www.cultcaffe.at\/produkt\/geschenkbox-weiss-250g-kaffee-nach-wahl-espressotassenset\/","name":"Dar\u010dekov\u00e1 krabi\u010dka biela + 250g k\u00e1va pod\u013ea v\u00e1\u0161ho v\u00fdberu + sada \u0161\u00e1lok na espresso - CultCaff\u00e9 - pra\u017eiare\u0148 organickej k\u00e1vy","isPartOf":{"@id":"https:\/\/www.cultcaffe.at\/#website"},"primaryImageOfPage":{"@id":"https:\/\/www.cultcaffe.at\/produkt\/geschenkbox-weiss-250g-kaffee-nach-wahl-espressotassenset\/#primaryimage"},"image":{"@id":"https:\/\/www.cultcaffe.at\/produkt\/geschenkbox-weiss-250g-kaffee-nach-wahl-espressotassenset\/#primaryimage"},"thumbnailUrl":"https:\/\/www.cultcaffe.at\/wp-content\/uploads\/2024\/02\/20231201_1106081-1-scaled-1.jpg","datePublished":"2023-12-06T09:36:50+00:00","dateModified":"2025-12-16T13:03:09+00:00","breadcrumb":{"@id":"https:\/\/www.cultcaffe.at\/produkt\/geschenkbox-weiss-250g-kaffee-nach-wahl-espressotassenset\/#breadcrumb"},"inLanguage":"sk-SK","potentialAction":[{"@type":"ReadAction","target":["https:\/\/www.cultcaffe.at\/produkt\/geschenkbox-weiss-250g-kaffee-nach-wahl-espressotassenset\/"]}]},{"@type":"ImageObject","inLanguage":"sk-SK","@id":"https:\/\/www.cultcaffe.at\/produkt\/geschenkbox-weiss-250g-kaffee-nach-wahl-espressotassenset\/#primaryimage","url":"https:\/\/www.cultcaffe.at\/wp-content\/uploads\/2024\/02\/20231201_1106081-1-scaled-1.jpg","contentUrl":"https:\/\/www.cultcaffe.at\/wp-content\/uploads\/2024\/02\/20231201_1106081-1-scaled-1.jpg","width":1920,"height":2560},{"@type":"BreadcrumbList","@id":"https:\/\/www.cultcaffe.at\/produkt\/geschenkbox-weiss-250g-kaffee-nach-wahl-espressotassenset\/#breadcrumb","itemListElement":[{"@type":"ListItem","position":1,"name":"Startseite","item":"https:\/\/www.cultcaffe.at\/"},{"@type":"ListItem","position":2,"name":"Produkte","item":"https:\/\/www.cultcaffe.at\/shop\/"},{"@type":"ListItem","position":3,"name":"Geschenkbox wei\u00df + 250g Kaffee nach Wahl + Espressotassenset"}]},{"@type":"WebSite","@id":"https:\/\/www.cultcaffe.at\/#website","url":"https:\/\/www.cultcaffe.at\/","name":"CultCaff\u00e9 - pra\u017eiare\u0148 organickej k\u00e1vy","description":"L\u00e1ska ku k\u00e1ve","publisher":{"@id":"https:\/\/www.cultcaffe.at\/#organization"},"potentialAction":[{"@type":"SearchAction","target":{"@type":"EntryPoint","urlTemplate":"https:\/\/www.cultcaffe.at\/?s={search_term_string}"},"query-input":{"@type":"PropertyValueSpecification","valueRequired":true,"valueName":"search_term_string"}}],"inLanguage":"sk-SK"},{"@type":["Organization","Place"],"@id":"https:\/\/www.cultcaffe.at\/#organization","name":"CultCaff\u00e9 Coffee Roastery GmbH","alternateName":"CultCaff\u00e9","url":"https:\/\/www.cultcaffe.at\/","logo":{"@id":"https:\/\/www.cultcaffe.at\/produkt\/geschenkbox-weiss-250g-kaffee-nach-wahl-espressotassenset\/#local-main-organization-logo"},"image":{"@id":"https:\/\/www.cultcaffe.at\/produkt\/geschenkbox-weiss-250g-kaffee-nach-wahl-espressotassenset\/#local-main-organization-logo"},"sameAs":["https:\/\/www.facebook.com\/p\/Cult-Caff\u00e8-die-R\u00f6sterei-100039719724703\/?locale=de_DE","https:\/\/www.instagram.com\/cultcaffe.at\/"],"hasMerchantReturnPolicy":{"@type":"MerchantReturnPolicy","merchantReturnLink":"https:\/\/www.cultcaffe.at\/sk\/agbs\/"},"telephone":[],"openingHoursSpecification":[{"@type":"OpeningHoursSpecification","dayOfWeek":["Monday","Tuesday","Wednesday","Thursday","Friday","Saturday","Sunday"],"opens":"09:00","closes":"17:00"}]},{"@type":"ImageObject","inLanguage":"sk-SK","@id":"https:\/\/www.cultcaffe.at\/produkt\/geschenkbox-weiss-250g-kaffee-nach-wahl-espressotassenset\/#local-main-organization-logo","url":"https:\/\/www.cultcaffe.at\/wp-content\/uploads\/2023\/11\/cultcaffe_logo_regular_dark-1.svg","contentUrl":"https:\/\/www.cultcaffe.at\/wp-content\/uploads\/2023\/11\/cultcaffe_logo_regular_dark-1.svg","width":756,"height":474,"caption":"CultCaff\u00e9 Kaffeer\u00f6sterei GmbH"}]},"product_price_amount":"30.00","product_price_currency":"EUR","og_availability":"instock","product_availability":"instock","product_condition":"new"},"_links":{"self":[{"href":"https:\/\/www.cultcaffe.at\/sk\/wp-json\/wp\/v2\/product\/13867","targetHints":{"allow":["GET"]}}],"collection":[{"href":"https:\/\/www.cultcaffe.at\/sk\/wp-json\/wp\/v2\/product"}],"about":[{"href":"https:\/\/www.cultcaffe.at\/sk\/wp-json\/wp\/v2\/types\/product"}],"wp:featuredmedia":[{"embeddable":true,"href":"https:\/\/www.cultcaffe.at\/sk\/wp-json\/wp\/v2\/media\/13317"}],"wp:attachment":[{"href":"https:\/\/www.cultcaffe.at\/sk\/wp-json\/wp\/v2\/media?parent=13867"}],"wp:term":[{"taxonomy":"product_brand","embeddable":true,"href":"https:\/\/www.cultcaffe.at\/sk\/wp-json\/wp\/v2\/product_brand?post=13867"},{"taxonomy":"product_cat","embeddable":true,"href":"https:\/\/www.cultcaffe.at\/sk\/wp-json\/wp\/v2\/product_cat?post=13867"},{"taxonomy":"product_tag","embeddable":true,"href":"https:\/\/www.cultcaffe.at\/sk\/wp-json\/wp\/v2\/product_tag?post=13867"}],"curies":[{"name":"pracovn\u00fd list","href":"https:\/\/api.w.org\/{rel}","templated":true}]}}