{"id":960,"date":"2021-12-13T09:03:43","date_gmt":"2021-12-13T08:03:43","guid":{"rendered":"https:\/\/www.cultcaffe.at\/?page_id=960"},"modified":"2026-01-14T09:49:38","modified_gmt":"2026-01-14T08:49:38","slug":"odtlacok","status":"publish","type":"page","link":"https:\/\/www.cultcaffe.at\/sk\/impressum\/","title":{"rendered":"Odtla\u010dok"},"content":{"rendered":"<p><strong>N\u00e1zov spolo\u010dnosti<\/strong><br \/>\nCult Caff\u00e8 Coffee Roastery GmbH<br \/>\nK\u00f6chlinger Str. 14, 3371 Neumarkt<\/p>\n<p><strong>Mana\u017ement<\/strong><br \/>\nSilvia Lasselsberger, Walter Schweifer<\/p>\n<p>I\u010c DPH: ATU 69902518<br \/>\nFN: 440038s HG St. P\u00f6lten<\/p>\n<p>Bankov\u00e9 spojenie: Volksbank Alpenvorland<br \/>\nIBAN: AT44 4715 0415 2880 0000<br \/>\nBIC\/SWIFT: VBOEATWWNOM<\/p>\n<p><strong>Autorsk\u00e9 pr\u00e1va<\/strong><br \/>\nV\u0161etok obsah, fotografie, texty a grafika s\u00fa chr\u00e1nen\u00e9 autorsk\u00fdm pr\u00e1vom. Nesm\u00fa by\u0165 kop\u00edrovan\u00e9, upravovan\u00e9, reprodukovan\u00e9 ani publikovan\u00e9 v celku ani po \u010dastiach bez predch\u00e1dzaj\u00faceho p\u00edsomn\u00e9ho s\u00fahlasu.<\/p>\n<p><strong>Podmienky pou\u017e\u00edvania<\/strong><br \/>\nObsah tejto webovej str\u00e1nky je vo\u013ene dostupn\u00fd a sl\u00fa\u017ei len na informa\u010dn\u00e9 \u00fa\u010dely. Pou\u017e\u00edvanie mo\u017enost\u00ed na webovej str\u00e1nke nevytv\u00e1ra \u017eiadne pr\u00e1vne transakcie medzi vlastn\u00edkom a pou\u017e\u00edvate\u013emi. \u010eal\u0161\u00ed postup medzi poskytovate\u013emi a pou\u017e\u00edvate\u013emi a pr\u00edpadn\u00e9 n\u00e1sledn\u00e9 uzavretie zml\u00fav medzi poskytovate\u013emi a pou\u017e\u00edvate\u013emi s\u00fa v\u00fdlu\u010dne na uv\u00e1\u017een\u00ed pou\u017e\u00edvate\u013eov.<\/p>\n<p><strong>Autorsk\u00e9 pr\u00e1va \/ Vyhl\u00e1senie o odmietnut\u00ed zodpovednosti<\/strong><br \/>\nVzh\u013eadom na technick\u00e9 vlastnosti internetu nemo\u017eno zaru\u010di\u0165 pravos\u0165, presnos\u0165 a \u00faplnos\u0165 inform\u00e1ci\u00ed poskytovan\u00fdch na internete. Neposkytujeme \u017eiadnu z\u00e1ruku dostupnosti alebo prev\u00e1dzkyschopnosti tejto webovej str\u00e1nky a jej obsahu.<\/p>\n<p>Ak\u00e1ko\u013evek zodpovednos\u0165 za priame, nepriame alebo in\u00e9 \u0161kody, bez oh\u013eadu na ich pr\u00ed\u010diny, vypl\u00fdvaj\u00face z pou\u017e\u00edvania alebo nedostupnosti \u00fadajov a inform\u00e1ci\u00ed na tejto webovej str\u00e1nke je vyl\u00fa\u010den\u00e1 v rozsahu povolenom z\u00e1konom.<\/p>\n<p>Obsah tejto domovskej str\u00e1nky je chr\u00e1nen\u00fd autorsk\u00fdm pr\u00e1vom. Inform\u00e1cie s\u00fa ur\u010den\u00e9 len na osobn\u00e9 pou\u017eitie. Ak\u00e9ko\u013evek \u010fal\u0161ie pou\u017eitie, najm\u00e4 ukladanie do datab\u00e1z, reprodukcia a ak\u00e1ko\u013evek forma komer\u010dn\u00e9ho pou\u017eitia, ako aj poskytnutie tret\u00edm stran\u00e1m \u2013 aj v \u010dastiach alebo v revidovanej podobe \u2013 bez s\u00fahlasu webovej str\u00e1nky alebo dr\u017eite\u013ea pr\u00e1v je zak\u00e1zan\u00e9.<\/p>\n<p>Hypertextov\u00e9 odkazy na t\u00fato webov\u00fa str\u00e1nku s\u00fa v\u00edtan\u00e9, pokia\u013e je p\u00f4vod obsahu jasne identifikovate\u013en\u00fd a je vyl\u00fa\u010den\u00e9 ak\u00e9ko\u013evek zav\u00e1dzanie pou\u017e\u00edvate\u013eov. Ak\u00e1ko\u013evek integr\u00e1cia jednotliv\u00fdch str\u00e1nok na\u0161ej ponuky do extern\u00fdch r\u00e1mcov je zak\u00e1zan\u00e1, rovnako ako poskytovanie na\u0161ich RSS kan\u00e1lov na extern\u00fdch webov\u00fdch str\u00e1nkach.<\/p>\n<p><strong>Zodpovednos\u0165 za odkazy<\/strong><br \/>\nTento weblog obsahuje odkazy na extern\u00e9 webov\u00e9 str\u00e1nky tret\u00edch str\u00e1n, na ktor\u00fdch obsah nem\u00e1 prev\u00e1dzkovate\u013e tejto webovej str\u00e1nky \u017eiadny vplyv. Preto nemo\u017eno prevzia\u0165 \u017eiadnu zodpovednos\u0165 za tento extern\u00fd obsah. Za obsah prepojen\u00fdch str\u00e1nok je v\u017edy zodpovedn\u00fd pr\u00edslu\u0161n\u00fd poskytovate\u013e alebo prev\u00e1dzkovate\u013e str\u00e1nky. Prepojen\u00e9 str\u00e1nky boli v \u010dase prepojenia skontrolovan\u00e9 z h\u013eadiska mo\u017en\u00fdch poru\u0161en\u00ed z\u00e1kona. Nez\u00e1konn\u00fd obsah nebol v \u010dase prepojenia rozpoznate\u013en\u00fd. Trval\u00e9 monitorovanie obsahu prepojen\u00fdch str\u00e1nok v\u0161ak nie je opodstatnen\u00e9 bez konkr\u00e9tnych d\u00f4kazov o poru\u0161en\u00ed z\u00e1kona. Ak sa dozvieme o ak\u00fdchko\u013evek poru\u0161eniach z\u00e1kona, tak\u00e9to odkazy okam\u017eite odstr\u00e1nime.<\/p>\n<p><strong>Dizajn a v\u00fdvoj<\/strong><br \/>\nOnline slu\u017eby Wolfbiz \u2013 Carina Hager<br \/>\nD\u00fcrnbach 72<br \/>\n3254 Bergland<br \/>\n<a href=\"https:\/\/www.wolfbiz.at\">www.wolfbiz.at<\/a><\/p>","protected":false},"excerpt":{"rendered":"<p>Firmenname Cult Caff\u00e8 Kaffeer\u00f6sterei GmbH K\u00f6chlinger Str. 14, 3371 Neumarkt Gesch\u00e4ftsf\u00fchrung Silvia Lasselsberger, Walter Schweifer UID: ATU 69902518 FN: 440038s HG St. P\u00f6lten Bankverbindung: Volksbank Alpenvorland IBAN: AT44 4715 0415 2880 0000 BIC\/SWIFT: VBOEATWWNOM Urheberrecht, Copyright S\u00e4mtliche Inhalte, Fotos, Texte und Grafiken sind urheberrechtlich gesch\u00fctzt. Sie d\u00fcrfen ohne vorherige schriftliche Genehmigung weder ganz noch auszugsweise [&hellip;]<\/p>\n","protected":false},"author":6,"featured_media":0,"parent":0,"menu_order":0,"comment_status":"closed","ping_status":"closed","template":"","meta":{"inline_featured_image":false,"footnotes":""},"class_list":["post-960","page","type-page","status-publish","hentry"],"yoast_head":"<!-- This site is optimized with the Yoast SEO plugin v27.5 - https:\/\/yoast.com\/product\/yoast-seo-wordpress\/ -->\n<title>Impressum - CultCaff\u00e9 - die Bio Kaffee R\u00f6sterei<\/title>\n<meta name=\"robots\" content=\"index, follow, max-snippet:-1, max-image-preview:large, max-video-preview:-1\" \/>\n<link rel=\"canonical\" href=\"https:\/\/www.cultcaffe.at\/sk\/odtlacok\/\" \/>\n<meta property=\"og:locale\" content=\"sk_SK\" \/>\n<meta property=\"og:type\" content=\"article\" \/>\n<meta property=\"og:title\" content=\"Impressum - CultCaff\u00e9 - die Bio Kaffee R\u00f6sterei\" \/>\n<meta property=\"og:description\" content=\"Firmenname Cult Caff\u00e8 Kaffeer\u00f6sterei GmbH K\u00f6chlinger Str. 14, 3371 Neumarkt Gesch\u00e4ftsf\u00fchrung Silvia Lasselsberger, Walter Schweifer UID: ATU 69902518 FN: 440038s HG St. P\u00f6lten Bankverbindung: Volksbank Alpenvorland IBAN: AT44 4715 0415 2880 0000 BIC\/SWIFT: VBOEATWWNOM Urheberrecht, Copyright S\u00e4mtliche Inhalte, Fotos, Texte und Grafiken sind urheberrechtlich gesch\u00fctzt. Sie d\u00fcrfen ohne vorherige schriftliche Genehmigung weder ganz noch auszugsweise [&hellip;]\" \/>\n<meta property=\"og:url\" content=\"https:\/\/www.cultcaffe.at\/sk\/odtlacok\/\" \/>\n<meta property=\"og:site_name\" content=\"CultCaff\u00e9 - die Bio Kaffee R\u00f6sterei\" \/>\n<meta property=\"article:publisher\" content=\"https:\/\/www.facebook.com\/p\/Cult-Caff%c3%a8-die-R%c3%b6sterei-100039719724703\/?locale=de_DE\" \/>\n<meta property=\"article:modified_time\" content=\"2026-01-14T08:49:38+00:00\" \/>\n<meta name=\"twitter:card\" content=\"summary_large_image\" \/>\n<meta name=\"twitter:label1\" content=\"Predpokladan\u00fd \u010das \u010d\u00edtania\" \/>\n\t<meta name=\"twitter:data1\" content=\"3 min\u00faty\" \/>\n<script type=\"application\/ld+json\" class=\"yoast-schema-graph\">{\"@context\":\"https:\\\/\\\/schema.org\",\"@graph\":[{\"@type\":\"WebPage\",\"@id\":\"https:\\\/\\\/www.cultcaffe.at\\\/impressum\\\/\",\"url\":\"https:\\\/\\\/www.cultcaffe.at\\\/impressum\\\/\",\"name\":\"Impressum - CultCaff\u00e9 - die Bio Kaffee R\u00f6sterei\",\"isPartOf\":{\"@id\":\"https:\\\/\\\/www.cultcaffe.at\\\/#website\"},\"datePublished\":\"2021-12-13T08:03:43+00:00\",\"dateModified\":\"2026-01-14T08:49:38+00:00\",\"breadcrumb\":{\"@id\":\"https:\\\/\\\/www.cultcaffe.at\\\/impressum\\\/#breadcrumb\"},\"inLanguage\":\"sk-SK\",\"potentialAction\":[{\"@type\":\"ReadAction\",\"target\":[\"https:\\\/\\\/www.cultcaffe.at\\\/impressum\\\/\"]}]},{\"@type\":\"BreadcrumbList\",\"@id\":\"https:\\\/\\\/www.cultcaffe.at\\\/impressum\\\/#breadcrumb\",\"itemListElement\":[{\"@type\":\"ListItem\",\"position\":1,\"name\":\"Startseite\",\"item\":\"https:\\\/\\\/www.cultcaffe.at\\\/\"},{\"@type\":\"ListItem\",\"position\":2,\"name\":\"Impressum\"}]},{\"@type\":\"WebSite\",\"@id\":\"https:\\\/\\\/www.cultcaffe.at\\\/#website\",\"url\":\"https:\\\/\\\/www.cultcaffe.at\\\/\",\"name\":\"CultCaff\u00e9 - die Bio Kaffee R\u00f6sterei\",\"description\":\"Liebe zum Kaffee\",\"publisher\":{\"@id\":\"https:\\\/\\\/www.cultcaffe.at\\\/#organization\"},\"potentialAction\":[{\"@type\":\"SearchAction\",\"target\":{\"@type\":\"EntryPoint\",\"urlTemplate\":\"https:\\\/\\\/www.cultcaffe.at\\\/?s={search_term_string}\"},\"query-input\":{\"@type\":\"PropertyValueSpecification\",\"valueRequired\":true,\"valueName\":\"search_term_string\"}}],\"inLanguage\":\"sk-SK\"},{\"@type\":[\"Organization\",\"Place\"],\"@id\":\"https:\\\/\\\/www.cultcaffe.at\\\/#organization\",\"name\":\"CultCaff\u00e9 Kaffeer\u00f6sterei GmbH\",\"alternateName\":\"CultCaff\u00e9\",\"url\":\"https:\\\/\\\/www.cultcaffe.at\\\/\",\"logo\":{\"@id\":\"https:\\\/\\\/www.cultcaffe.at\\\/impressum\\\/#local-main-organization-logo\"},\"image\":{\"@id\":\"https:\\\/\\\/www.cultcaffe.at\\\/impressum\\\/#local-main-organization-logo\"},\"sameAs\":[\"https:\\\/\\\/www.facebook.com\\\/p\\\/Cult-Caff\u00e8-die-R\u00f6sterei-100039719724703\\\/?locale=de_DE\",\"https:\\\/\\\/www.instagram.com\\\/cultcaffe.at\\\/\"],\"hasMerchantReturnPolicy\":{\"@type\":\"MerchantReturnPolicy\",\"merchantReturnLink\":\"https:\\\/\\\/www.cultcaffe.at\\\/sk\\\/agbs\\\/\"},\"telephone\":[],\"openingHoursSpecification\":[{\"@type\":\"OpeningHoursSpecification\",\"dayOfWeek\":[\"Monday\",\"Tuesday\",\"Wednesday\",\"Thursday\",\"Friday\",\"Saturday\",\"Sunday\"],\"opens\":\"09:00\",\"closes\":\"17:00\"}]},{\"@type\":\"ImageObject\",\"inLanguage\":\"sk-SK\",\"@id\":\"https:\\\/\\\/www.cultcaffe.at\\\/impressum\\\/#local-main-organization-logo\",\"url\":\"https:\\\/\\\/www.cultcaffe.at\\\/wp-content\\\/uploads\\\/2023\\\/11\\\/cultcaffe_logo_regular_dark-1.svg\",\"contentUrl\":\"https:\\\/\\\/www.cultcaffe.at\\\/wp-content\\\/uploads\\\/2023\\\/11\\\/cultcaffe_logo_regular_dark-1.svg\",\"width\":756,\"height\":474,\"caption\":\"CultCaff\u00e9 Kaffeer\u00f6sterei GmbH\"}]}<\/script>\n<!-- \/ Yoast SEO plugin. -->","yoast_head_json":{"title":"Impressum - CultCaff\u00e9 - pra\u017eiare\u0148 organickej k\u00e1vy","robots":{"index":"index","follow":"follow","max-snippet":"max-snippet:-1","max-image-preview":"max-image-preview:large","max-video-preview":"max-video-preview:-1"},"canonical":"https:\/\/www.cultcaffe.at\/sk\/odtlacok\/","og_locale":"sk_SK","og_type":"article","og_title":"Impressum - CultCaff\u00e9 - die Bio Kaffee R\u00f6sterei","og_description":"Firmenname Cult Caff\u00e8 Kaffeer\u00f6sterei GmbH K\u00f6chlinger Str. 14, 3371 Neumarkt Gesch\u00e4ftsf\u00fchrung Silvia Lasselsberger, Walter Schweifer UID: ATU 69902518 FN: 440038s HG St. P\u00f6lten Bankverbindung: Volksbank Alpenvorland IBAN: AT44 4715 0415 2880 0000 BIC\/SWIFT: VBOEATWWNOM Urheberrecht, Copyright S\u00e4mtliche Inhalte, Fotos, Texte und Grafiken sind urheberrechtlich gesch\u00fctzt. Sie d\u00fcrfen ohne vorherige schriftliche Genehmigung weder ganz noch auszugsweise [&hellip;]","og_url":"https:\/\/www.cultcaffe.at\/sk\/odtlacok\/","og_site_name":"CultCaff\u00e9 - die Bio Kaffee R\u00f6sterei","article_publisher":"https:\/\/www.facebook.com\/p\/Cult-Caff%c3%a8-die-R%c3%b6sterei-100039719724703\/?locale=de_DE","article_modified_time":"2026-01-14T08:49:38+00:00","twitter_card":"summary_large_image","twitter_misc":{"Predpokladan\u00fd \u010das \u010d\u00edtania":"3 min\u00faty"},"schema":{"@context":"https:\/\/schema.org","@graph":[{"@type":"WebPage","@id":"https:\/\/www.cultcaffe.at\/impressum\/","url":"https:\/\/www.cultcaffe.at\/impressum\/","name":"Impressum - CultCaff\u00e9 - pra\u017eiare\u0148 organickej k\u00e1vy","isPartOf":{"@id":"https:\/\/www.cultcaffe.at\/#website"},"datePublished":"2021-12-13T08:03:43+00:00","dateModified":"2026-01-14T08:49:38+00:00","breadcrumb":{"@id":"https:\/\/www.cultcaffe.at\/impressum\/#breadcrumb"},"inLanguage":"sk-SK","potentialAction":[{"@type":"ReadAction","target":["https:\/\/www.cultcaffe.at\/impressum\/"]}]},{"@type":"BreadcrumbList","@id":"https:\/\/www.cultcaffe.at\/impressum\/#breadcrumb","itemListElement":[{"@type":"ListItem","position":1,"name":"Startseite","item":"https:\/\/www.cultcaffe.at\/"},{"@type":"ListItem","position":2,"name":"Impressum"}]},{"@type":"WebSite","@id":"https:\/\/www.cultcaffe.at\/#website","url":"https:\/\/www.cultcaffe.at\/","name":"CultCaff\u00e9 - pra\u017eiare\u0148 organickej k\u00e1vy","description":"L\u00e1ska ku k\u00e1ve","publisher":{"@id":"https:\/\/www.cultcaffe.at\/#organization"},"potentialAction":[{"@type":"SearchAction","target":{"@type":"EntryPoint","urlTemplate":"https:\/\/www.cultcaffe.at\/?s={search_term_string}"},"query-input":{"@type":"PropertyValueSpecification","valueRequired":true,"valueName":"search_term_string"}}],"inLanguage":"sk-SK"},{"@type":["Organization","Place"],"@id":"https:\/\/www.cultcaffe.at\/#organization","name":"CultCaff\u00e9 Coffee Roastery GmbH","alternateName":"CultCaff\u00e9","url":"https:\/\/www.cultcaffe.at\/","logo":{"@id":"https:\/\/www.cultcaffe.at\/impressum\/#local-main-organization-logo"},"image":{"@id":"https:\/\/www.cultcaffe.at\/impressum\/#local-main-organization-logo"},"sameAs":["https:\/\/www.facebook.com\/p\/Cult-Caff\u00e8-die-R\u00f6sterei-100039719724703\/?locale=de_DE","https:\/\/www.instagram.com\/cultcaffe.at\/"],"hasMerchantReturnPolicy":{"@type":"MerchantReturnPolicy","merchantReturnLink":"https:\/\/www.cultcaffe.at\/sk\/agbs\/"},"telephone":[],"openingHoursSpecification":[{"@type":"OpeningHoursSpecification","dayOfWeek":["Monday","Tuesday","Wednesday","Thursday","Friday","Saturday","Sunday"],"opens":"09:00","closes":"17:00"}]},{"@type":"ImageObject","inLanguage":"sk-SK","@id":"https:\/\/www.cultcaffe.at\/impressum\/#local-main-organization-logo","url":"https:\/\/www.cultcaffe.at\/wp-content\/uploads\/2023\/11\/cultcaffe_logo_regular_dark-1.svg","contentUrl":"https:\/\/www.cultcaffe.at\/wp-content\/uploads\/2023\/11\/cultcaffe_logo_regular_dark-1.svg","width":756,"height":474,"caption":"CultCaff\u00e9 Kaffeer\u00f6sterei GmbH"}]}},"_links":{"self":[{"href":"https:\/\/www.cultcaffe.at\/sk\/wp-json\/wp\/v2\/pages\/960","targetHints":{"allow":["GET"]}}],"collection":[{"href":"https:\/\/www.cultcaffe.at\/sk\/wp-json\/wp\/v2\/pages"}],"about":[{"href":"https:\/\/www.cultcaffe.at\/sk\/wp-json\/wp\/v2\/types\/page"}],"author":[{"embeddable":true,"href":"https:\/\/www.cultcaffe.at\/sk\/wp-json\/wp\/v2\/users\/6"}],"replies":[{"embeddable":true,"href":"https:\/\/www.cultcaffe.at\/sk\/wp-json\/wp\/v2\/comments?post=960"}],"version-history":[{"count":7,"href":"https:\/\/www.cultcaffe.at\/sk\/wp-json\/wp\/v2\/pages\/960\/revisions"}],"predecessor-version":[{"id":19267,"href":"https:\/\/www.cultcaffe.at\/sk\/wp-json\/wp\/v2\/pages\/960\/revisions\/19267"}],"wp:attachment":[{"href":"https:\/\/www.cultcaffe.at\/sk\/wp-json\/wp\/v2\/media?parent=960"}],"curies":[{"name":"pracovn\u00fd list","href":"https:\/\/api.w.org\/{rel}","templated":true}]}}