{"id":917,"date":"2021-12-07T16:16:28","date_gmt":"2021-12-07T15:16:28","guid":{"rendered":"https:\/\/www.cultcaffe.at\/?page_id=917"},"modified":"2025-10-20T15:38:38","modified_gmt":"2025-10-20T13:38:38","slug":"obchod-s-lahodkami","status":"publish","type":"page","link":"https:\/\/www.cultcaffe.at\/sk\/handel-feinkost\/","title":{"rendered":"Obchod a lah\u00f4dky"},"content":{"rendered":"<div data-elementor-type=\"wp-page\" data-elementor-id=\"917\" class=\"elementor elementor-917\" data-elementor-post-type=\"page\">\n\t\t\t\t<div class=\"elementor-element elementor-element-1e3753d e-flex e-con-boxed e-con e-parent\" data-id=\"1e3753d\" data-element_type=\"container\" data-e-type=\"container\" data-settings=\"{&quot;background_background&quot;:&quot;classic&quot;}\">\n\t\t\t\t\t<div class=\"e-con-inner\">\n\t\t\t\t<div class=\"elementor-element elementor-element-1cf4e28 elementor-widget elementor-widget-heading\" data-id=\"1cf4e28\" data-element_type=\"widget\" data-e-type=\"widget\" data-widget_type=\"heading.default\">\n\t\t\t\t<div class=\"elementor-widget-container\">\n\t\t\t\t\t<h1 class=\"elementor-heading-title elementor-size-default\"><span style=\"color:#aca590\">K\u00e1va<\/span> pre maloobchod, pek\u00e1rne a kancel\u00e1rie<\/h1>\t\t\t\t<\/div>\n\t\t\t\t<\/div>\n\t\t\t\t\t<\/div>\n\t\t\t\t<\/div>\n\t\t<div class=\"elementor-element elementor-element-11496d5 e-flex e-con-boxed e-con e-parent\" data-id=\"11496d5\" data-element_type=\"container\" data-e-type=\"container\">\n\t\t\t\t\t<div class=\"e-con-inner\">\n\t\t<div class=\"elementor-element elementor-element-63b95a6 e-con-full e-flex e-con e-child\" data-id=\"63b95a6\" data-element_type=\"container\" data-e-type=\"container\">\n\t\t\t\t<div class=\"elementor-element elementor-element-bded465 elementor-widget elementor-widget-text-editor\" data-id=\"bded465\" data-element_type=\"widget\" data-e-type=\"widget\" data-widget_type=\"text-editor.default\">\n\t\t\t\t<div class=\"elementor-widget-container\">\n\t\t\t\t\t\t\t\t\t<h2><strong>Obchod \/ Pek\u00e1r<\/strong><\/h2><p><span style=\"font-weight: 400;\">Dopyt po kvalitnej k\u00e1ve v posledn\u00fdch rokoch v\u00fdrazne vzr\u00e1stol. <\/span><span style=\"font-weight: 400;\">zv\u00fd\u0161en\u00e1.<\/span><\/p><p><span style=\"font-weight: 400;\">Najm\u00e4 v pek\u00e1r\u0148ach alebo v jednotliv\u00fdch region\u00e1lnych predajniach ekologick\u00fdch v\u00fdrobkov a lah\u00f4dok. <\/span><span style=\"font-weight: 400;\">spotrebitelia h\u013eadaj\u00fa kvalitn\u00e9 v\u00fdrobky, ktor\u00e9 sa l\u00ed\u0161ia od masovo vyr\u00e1ban\u00e9ho tovaru.<\/span><\/p><p><span style=\"font-weight: 400;\">Aj tu v\u00e1m pon\u00fakame rie\u0161enia na mieru.<\/span><\/p><p><strong>Po\u017eiadajte o <a href=\"mailto:info@cultcaffe.at\">po\u0161tou<\/a> alebo prostredn\u00edctvom <a href=\"https:\/\/www.cultcaffe.at\/sk\/kontakt\/\">Formul\u00e1r na dopyt<\/a> n\u00e1\u0161 cenn\u00edk alebo \u010fal\u0161ie inform\u00e1cie.<\/strong><\/p>\t\t\t\t\t\t\t\t<\/div>\n\t\t\t\t<\/div>\n\t\t\t\t<\/div>\n\t\t<div class=\"elementor-element elementor-element-62bc342 e-con-full e-flex e-con e-child\" data-id=\"62bc342\" data-element_type=\"container\" data-e-type=\"container\">\n\t\t\t\t<div class=\"elementor-element elementor-element-72b00b9 elementor-widget elementor-widget-image\" data-id=\"72b00b9\" data-element_type=\"widget\" data-e-type=\"widget\" data-widget_type=\"image.default\">\n\t\t\t\t<div class=\"elementor-widget-container\">\n\t\t\t\t\t\t\t\t\t\t\t\t\t\t\t<img fetchpriority=\"high\" decoding=\"async\" width=\"800\" height=\"534\" src=\"https:\/\/www.cultcaffe.at\/wp-content\/uploads\/2025\/03\/cultcaffe_handel-1024x683.jpg\" class=\"attachment-large size-large wp-image-17983\" alt=\"\" srcset=\"https:\/\/www.cultcaffe.at\/wp-content\/uploads\/2025\/03\/cultcaffe_handel-1024x683.jpg 1024w, https:\/\/www.cultcaffe.at\/wp-content\/uploads\/2025\/03\/cultcaffe_handel-600x400.jpg 600w, https:\/\/www.cultcaffe.at\/wp-content\/uploads\/2025\/03\/cultcaffe_handel-300x200.jpg 300w, https:\/\/www.cultcaffe.at\/wp-content\/uploads\/2025\/03\/cultcaffe_handel-768x512.jpg 768w, https:\/\/www.cultcaffe.at\/wp-content\/uploads\/2025\/03\/cultcaffe_handel.jpg 1500w\" sizes=\"(max-width: 800px) 100vw, 800px\" \/>\t\t\t\t\t\t\t\t\t\t\t\t\t\t\t<\/div>\n\t\t\t\t<\/div>\n\t\t\t\t<\/div>\n\t\t\t\t\t<\/div>\n\t\t\t\t<\/div>\n\t\t<div class=\"elementor-element elementor-element-9512ca4 e-flex e-con-boxed e-con e-parent\" data-id=\"9512ca4\" data-element_type=\"container\" data-e-type=\"container\">\n\t\t\t\t\t<div class=\"e-con-inner\">\n\t\t<div class=\"elementor-element elementor-element-b8b840d e-con-full e-flex e-con e-child\" data-id=\"b8b840d\" data-element_type=\"container\" data-e-type=\"container\">\n\t\t\t\t<div class=\"elementor-element elementor-element-e423739 elementor-widget elementor-widget-image\" data-id=\"e423739\" data-element_type=\"widget\" data-e-type=\"widget\" data-widget_type=\"image.default\">\n\t\t\t\t<div class=\"elementor-widget-container\">\n\t\t\t\t\t\t\t\t\t\t\t\t\t\t\t<img decoding=\"async\" width=\"800\" height=\"534\" src=\"https:\/\/www.cultcaffe.at\/wp-content\/uploads\/2025\/03\/cultcaffe_buero-1024x683.jpg\" class=\"attachment-large size-large wp-image-17982\" alt=\"\" srcset=\"https:\/\/www.cultcaffe.at\/wp-content\/uploads\/2025\/03\/cultcaffe_buero-1024x683.jpg 1024w, https:\/\/www.cultcaffe.at\/wp-content\/uploads\/2025\/03\/cultcaffe_buero-600x400.jpg 600w, https:\/\/www.cultcaffe.at\/wp-content\/uploads\/2025\/03\/cultcaffe_buero-300x200.jpg 300w, https:\/\/www.cultcaffe.at\/wp-content\/uploads\/2025\/03\/cultcaffe_buero-768x513.jpg 768w, https:\/\/www.cultcaffe.at\/wp-content\/uploads\/2025\/03\/cultcaffe_buero.jpg 1500w\" sizes=\"(max-width: 800px) 100vw, 800px\" \/>\t\t\t\t\t\t\t\t\t\t\t\t\t\t\t<\/div>\n\t\t\t\t<\/div>\n\t\t\t\t<\/div>\n\t\t<div class=\"elementor-element elementor-element-83e8f1b e-con-full e-flex e-con e-child\" data-id=\"83e8f1b\" data-element_type=\"container\" data-e-type=\"container\">\n\t\t\t\t<div class=\"elementor-element elementor-element-2c32569 elementor-widget elementor-widget-text-editor\" data-id=\"2c32569\" data-element_type=\"widget\" data-e-type=\"widget\" data-widget_type=\"text-editor.default\">\n\t\t\t\t<div class=\"elementor-widget-container\">\n\t\t\t\t\t\t\t\t\t<h2><strong>Kancel\u00e1ria<\/strong><\/h2><p>Kto by sa chcel zaob\u00eds\u0165 bez dobrej k\u00e1vy v kancel\u00e1rii?<\/p><p>Prebudenie a povzbudenie je nevyhnutn\u00e9 pre koncentr\u00e1ciu a v\u00fdkon. Postar\u00e1me sa o spr\u00e1vnu odrodu pre v\u00e1\u0161 individu\u00e1lny stroj a jeho priebe\u017en\u00e9 spr\u00e1vne nastavenie! Pre najlep\u0161\u00ed v\u00fdsledok v \u0161\u00e1lke - dokonal\u00fd p\u00f4\u017eitok ka\u017ed\u00fd de\u0148!<\/p><p><strong>Radi v\u00e1s budeme informova\u0165 aj tu <a href=\"mailto:info@cultcaffe.at\">po\u0161tou<\/a> alebo prostredn\u00edctvom <a href=\"https:\/\/www.cultcaffe.at\/sk\/kontakt\/\">Formul\u00e1r na dopyt.<\/a><\/strong><\/p>\t\t\t\t\t\t\t\t<\/div>\n\t\t\t\t<\/div>\n\t\t\t\t<\/div>\n\t\t\t\t\t<\/div>\n\t\t\t\t<\/div>\n\t\t\t\t<\/div>","protected":false},"excerpt":{"rendered":"<p>Kaffee f\u00fcr den Handel, B\u00e4cker &amp; B\u00fcro Handel \/ B\u00e4cker Die Nachfrage nach hochwertigem Kaffee ist in den letzten Jahren stark gestiegen. Gerade in B\u00e4ckereien oder individuellen, regionalen Bio- und Feinkostl\u00e4den sucht der Konsument nach Qualit\u00e4tsprodukten abseits der Massenware. Auch hier bieten wir Ihnen ma\u00dfgeschneiderte L\u00f6sungen an. Fordern Sie per Mail oder via Anfrageformular unsere [&hellip;]<\/p>\n","protected":false},"author":6,"featured_media":0,"parent":0,"menu_order":0,"comment_status":"closed","ping_status":"closed","template":"","meta":{"inline_featured_image":false,"footnotes":""},"class_list":["post-917","page","type-page","status-publish","hentry"],"yoast_head":"<!-- This site is optimized with the Yoast SEO plugin v27.4 - https:\/\/yoast.com\/product\/yoast-seo-wordpress\/ -->\n<title>Handel &amp; Feinkost - CultCaffe f\u00fcr Kaffeeliebhaber<\/title>\n<meta name=\"description\" content=\"Unsere Kaffee-Variationen gibt es auch im Handel wie Hof-, Genuss- und Biol\u00e4den, in Feinkost- &amp; Delikatessengesch\u00e4ften. \u2713 Bio-Kaffee \u2713 Caf\u00e9\" \/>\n<meta name=\"robots\" content=\"index, follow, max-snippet:-1, max-image-preview:large, max-video-preview:-1\" \/>\n<link rel=\"canonical\" href=\"https:\/\/www.cultcaffe.at\/sk\/obchod-s-lahodkami\/\" \/>\n<meta property=\"og:locale\" content=\"sk_SK\" \/>\n<meta property=\"og:type\" content=\"article\" \/>\n<meta property=\"og:title\" content=\"Handel &amp; Feinkost - CultCaffe f\u00fcr Kaffeeliebhaber\" \/>\n<meta property=\"og:description\" content=\"Unsere Kaffee-Variationen gibt es auch im Handel wie Hof-, Genuss- und Biol\u00e4den, in Feinkost- &amp; Delikatessengesch\u00e4ften. \u2713 Bio-Kaffee \u2713 Caf\u00e9\" \/>\n<meta property=\"og:url\" content=\"https:\/\/www.cultcaffe.at\/sk\/obchod-s-lahodkami\/\" \/>\n<meta property=\"og:site_name\" content=\"CultCaff\u00e9 - die Bio Kaffee R\u00f6sterei\" \/>\n<meta property=\"article:publisher\" content=\"https:\/\/www.facebook.com\/p\/Cult-Caff%c3%a8-die-R%c3%b6sterei-100039719724703\/?locale=de_DE\" \/>\n<meta property=\"article:modified_time\" content=\"2025-10-20T13:38:38+00:00\" \/>\n<meta property=\"og:image\" content=\"https:\/\/www.cultcaffe.at\/wp-content\/uploads\/2025\/03\/cultcaffe_handel.jpg\" \/>\n\t<meta property=\"og:image:width\" content=\"1500\" \/>\n\t<meta property=\"og:image:height\" content=\"1000\" \/>\n\t<meta property=\"og:image:type\" content=\"image\/jpeg\" \/>\n<meta name=\"twitter:card\" content=\"summary_large_image\" \/>\n<meta name=\"twitter:label1\" content=\"Predpokladan\u00fd \u010das \u010d\u00edtania\" \/>\n\t<meta name=\"twitter:data1\" content=\"2 min\u00faty\" \/>\n<script type=\"application\/ld+json\" class=\"yoast-schema-graph\">{\"@context\":\"https:\\\/\\\/schema.org\",\"@graph\":[{\"@type\":\"WebPage\",\"@id\":\"https:\\\/\\\/www.cultcaffe.at\\\/handel-feinkost\\\/\",\"url\":\"https:\\\/\\\/www.cultcaffe.at\\\/handel-feinkost\\\/\",\"name\":\"Handel & Feinkost - CultCaffe f\u00fcr Kaffeeliebhaber\",\"isPartOf\":{\"@id\":\"https:\\\/\\\/www.cultcaffe.at\\\/#website\"},\"primaryImageOfPage\":{\"@id\":\"https:\\\/\\\/www.cultcaffe.at\\\/handel-feinkost\\\/#primaryimage\"},\"image\":{\"@id\":\"https:\\\/\\\/www.cultcaffe.at\\\/handel-feinkost\\\/#primaryimage\"},\"thumbnailUrl\":\"https:\\\/\\\/www.cultcaffe.at\\\/wp-content\\\/uploads\\\/2025\\\/03\\\/cultcaffe_handel-1024x683.jpg\",\"datePublished\":\"2021-12-07T15:16:28+00:00\",\"dateModified\":\"2025-10-20T13:38:38+00:00\",\"description\":\"Unsere Kaffee-Variationen gibt es auch im Handel wie Hof-, Genuss- und Biol\u00e4den, in Feinkost- & Delikatessengesch\u00e4ften. \u2713 Bio-Kaffee \u2713 Caf\u00e9\",\"breadcrumb\":{\"@id\":\"https:\\\/\\\/www.cultcaffe.at\\\/handel-feinkost\\\/#breadcrumb\"},\"inLanguage\":\"sk-SK\",\"potentialAction\":[{\"@type\":\"ReadAction\",\"target\":[\"https:\\\/\\\/www.cultcaffe.at\\\/handel-feinkost\\\/\"]}]},{\"@type\":\"ImageObject\",\"inLanguage\":\"sk-SK\",\"@id\":\"https:\\\/\\\/www.cultcaffe.at\\\/handel-feinkost\\\/#primaryimage\",\"url\":\"https:\\\/\\\/www.cultcaffe.at\\\/wp-content\\\/uploads\\\/2025\\\/03\\\/cultcaffe_handel-1024x683.jpg\",\"contentUrl\":\"https:\\\/\\\/www.cultcaffe.at\\\/wp-content\\\/uploads\\\/2025\\\/03\\\/cultcaffe_handel-1024x683.jpg\"},{\"@type\":\"BreadcrumbList\",\"@id\":\"https:\\\/\\\/www.cultcaffe.at\\\/handel-feinkost\\\/#breadcrumb\",\"itemListElement\":[{\"@type\":\"ListItem\",\"position\":1,\"name\":\"Startseite\",\"item\":\"https:\\\/\\\/www.cultcaffe.at\\\/\"},{\"@type\":\"ListItem\",\"position\":2,\"name\":\"Handel &#038; Feinkost\"}]},{\"@type\":\"WebSite\",\"@id\":\"https:\\\/\\\/www.cultcaffe.at\\\/#website\",\"url\":\"https:\\\/\\\/www.cultcaffe.at\\\/\",\"name\":\"CultCaff\u00e9 - die Bio Kaffee R\u00f6sterei\",\"description\":\"Liebe zum Kaffee\",\"publisher\":{\"@id\":\"https:\\\/\\\/www.cultcaffe.at\\\/#organization\"},\"potentialAction\":[{\"@type\":\"SearchAction\",\"target\":{\"@type\":\"EntryPoint\",\"urlTemplate\":\"https:\\\/\\\/www.cultcaffe.at\\\/?s={search_term_string}\"},\"query-input\":{\"@type\":\"PropertyValueSpecification\",\"valueRequired\":true,\"valueName\":\"search_term_string\"}}],\"inLanguage\":\"sk-SK\"},{\"@type\":[\"Organization\",\"Place\"],\"@id\":\"https:\\\/\\\/www.cultcaffe.at\\\/#organization\",\"name\":\"CultCaff\u00e9 Kaffeer\u00f6sterei GmbH\",\"alternateName\":\"CultCaff\u00e9\",\"url\":\"https:\\\/\\\/www.cultcaffe.at\\\/\",\"logo\":{\"@id\":\"https:\\\/\\\/www.cultcaffe.at\\\/handel-feinkost\\\/#local-main-organization-logo\"},\"image\":{\"@id\":\"https:\\\/\\\/www.cultcaffe.at\\\/handel-feinkost\\\/#local-main-organization-logo\"},\"sameAs\":[\"https:\\\/\\\/www.facebook.com\\\/p\\\/Cult-Caff\u00e8-die-R\u00f6sterei-100039719724703\\\/?locale=de_DE\",\"https:\\\/\\\/www.instagram.com\\\/cultcaffe.at\\\/\"],\"hasMerchantReturnPolicy\":{\"@type\":\"MerchantReturnPolicy\",\"merchantReturnLink\":\"https:\\\/\\\/www.cultcaffe.at\\\/sk\\\/agbs\\\/\"},\"telephone\":[],\"openingHoursSpecification\":[{\"@type\":\"OpeningHoursSpecification\",\"dayOfWeek\":[\"Monday\",\"Tuesday\",\"Wednesday\",\"Thursday\",\"Friday\",\"Saturday\",\"Sunday\"],\"opens\":\"09:00\",\"closes\":\"17:00\"}]},{\"@type\":\"ImageObject\",\"inLanguage\":\"sk-SK\",\"@id\":\"https:\\\/\\\/www.cultcaffe.at\\\/handel-feinkost\\\/#local-main-organization-logo\",\"url\":\"https:\\\/\\\/www.cultcaffe.at\\\/wp-content\\\/uploads\\\/2023\\\/11\\\/cultcaffe_logo_regular_dark-1.svg\",\"contentUrl\":\"https:\\\/\\\/www.cultcaffe.at\\\/wp-content\\\/uploads\\\/2023\\\/11\\\/cultcaffe_logo_regular_dark-1.svg\",\"width\":756,\"height\":474,\"caption\":\"CultCaff\u00e9 Kaffeer\u00f6sterei GmbH\"}]}<\/script>\n<!-- \/ Yoast SEO plugin. -->","yoast_head_json":{"title":"Obchod a lah\u00f4dky - CultCaffe pre milovn\u00edkov k\u00e1vy","description":"Na\u0161e druhy k\u00e1vy s\u00fa dostupn\u00e9 aj v maloobchodn\u00fdch predajniach, ako s\u00fa farm\u00e1rske obchody, obchody s gurm\u00e1nskymi potravinami, bioobchody a lah\u00f4dky. \u2713 Bio k\u00e1va \u2713 Kaviare\u0148","robots":{"index":"index","follow":"follow","max-snippet":"max-snippet:-1","max-image-preview":"max-image-preview:large","max-video-preview":"max-video-preview:-1"},"canonical":"https:\/\/www.cultcaffe.at\/sk\/obchod-s-lahodkami\/","og_locale":"sk_SK","og_type":"article","og_title":"Handel & Feinkost - CultCaffe f\u00fcr Kaffeeliebhaber","og_description":"Unsere Kaffee-Variationen gibt es auch im Handel wie Hof-, Genuss- und Biol\u00e4den, in Feinkost- & Delikatessengesch\u00e4ften. \u2713 Bio-Kaffee \u2713 Caf\u00e9","og_url":"https:\/\/www.cultcaffe.at\/sk\/obchod-s-lahodkami\/","og_site_name":"CultCaff\u00e9 - die Bio Kaffee R\u00f6sterei","article_publisher":"https:\/\/www.facebook.com\/p\/Cult-Caff%c3%a8-die-R%c3%b6sterei-100039719724703\/?locale=de_DE","article_modified_time":"2025-10-20T13:38:38+00:00","og_image":[{"width":1500,"height":1000,"url":"https:\/\/www.cultcaffe.at\/wp-content\/uploads\/2025\/03\/cultcaffe_handel.jpg","type":"image\/jpeg"}],"twitter_card":"summary_large_image","twitter_misc":{"Predpokladan\u00fd \u010das \u010d\u00edtania":"2 min\u00faty"},"schema":{"@context":"https:\/\/schema.org","@graph":[{"@type":"WebPage","@id":"https:\/\/www.cultcaffe.at\/handel-feinkost\/","url":"https:\/\/www.cultcaffe.at\/handel-feinkost\/","name":"Obchod a lah\u00f4dky - CultCaffe pre milovn\u00edkov k\u00e1vy","isPartOf":{"@id":"https:\/\/www.cultcaffe.at\/#website"},"primaryImageOfPage":{"@id":"https:\/\/www.cultcaffe.at\/handel-feinkost\/#primaryimage"},"image":{"@id":"https:\/\/www.cultcaffe.at\/handel-feinkost\/#primaryimage"},"thumbnailUrl":"https:\/\/www.cultcaffe.at\/wp-content\/uploads\/2025\/03\/cultcaffe_handel-1024x683.jpg","datePublished":"2021-12-07T15:16:28+00:00","dateModified":"2025-10-20T13:38:38+00:00","description":"Na\u0161e druhy k\u00e1vy s\u00fa dostupn\u00e9 aj v maloobchodn\u00fdch predajniach, ako s\u00fa farm\u00e1rske obchody, obchody s gurm\u00e1nskymi potravinami, bioobchody a lah\u00f4dky. \u2713 Bio k\u00e1va \u2713 Kaviare\u0148","breadcrumb":{"@id":"https:\/\/www.cultcaffe.at\/handel-feinkost\/#breadcrumb"},"inLanguage":"sk-SK","potentialAction":[{"@type":"ReadAction","target":["https:\/\/www.cultcaffe.at\/handel-feinkost\/"]}]},{"@type":"ImageObject","inLanguage":"sk-SK","@id":"https:\/\/www.cultcaffe.at\/handel-feinkost\/#primaryimage","url":"https:\/\/www.cultcaffe.at\/wp-content\/uploads\/2025\/03\/cultcaffe_handel-1024x683.jpg","contentUrl":"https:\/\/www.cultcaffe.at\/wp-content\/uploads\/2025\/03\/cultcaffe_handel-1024x683.jpg"},{"@type":"BreadcrumbList","@id":"https:\/\/www.cultcaffe.at\/handel-feinkost\/#breadcrumb","itemListElement":[{"@type":"ListItem","position":1,"name":"Startseite","item":"https:\/\/www.cultcaffe.at\/"},{"@type":"ListItem","position":2,"name":"Handel &#038; Feinkost"}]},{"@type":"WebSite","@id":"https:\/\/www.cultcaffe.at\/#website","url":"https:\/\/www.cultcaffe.at\/","name":"CultCaff\u00e9 - pra\u017eiare\u0148 organickej k\u00e1vy","description":"L\u00e1ska ku k\u00e1ve","publisher":{"@id":"https:\/\/www.cultcaffe.at\/#organization"},"potentialAction":[{"@type":"SearchAction","target":{"@type":"EntryPoint","urlTemplate":"https:\/\/www.cultcaffe.at\/?s={search_term_string}"},"query-input":{"@type":"PropertyValueSpecification","valueRequired":true,"valueName":"search_term_string"}}],"inLanguage":"sk-SK"},{"@type":["Organization","Place"],"@id":"https:\/\/www.cultcaffe.at\/#organization","name":"CultCaff\u00e9 Coffee Roastery GmbH","alternateName":"CultCaff\u00e9","url":"https:\/\/www.cultcaffe.at\/","logo":{"@id":"https:\/\/www.cultcaffe.at\/handel-feinkost\/#local-main-organization-logo"},"image":{"@id":"https:\/\/www.cultcaffe.at\/handel-feinkost\/#local-main-organization-logo"},"sameAs":["https:\/\/www.facebook.com\/p\/Cult-Caff\u00e8-die-R\u00f6sterei-100039719724703\/?locale=de_DE","https:\/\/www.instagram.com\/cultcaffe.at\/"],"hasMerchantReturnPolicy":{"@type":"MerchantReturnPolicy","merchantReturnLink":"https:\/\/www.cultcaffe.at\/sk\/agbs\/"},"telephone":[],"openingHoursSpecification":[{"@type":"OpeningHoursSpecification","dayOfWeek":["Monday","Tuesday","Wednesday","Thursday","Friday","Saturday","Sunday"],"opens":"09:00","closes":"17:00"}]},{"@type":"ImageObject","inLanguage":"sk-SK","@id":"https:\/\/www.cultcaffe.at\/handel-feinkost\/#local-main-organization-logo","url":"https:\/\/www.cultcaffe.at\/wp-content\/uploads\/2023\/11\/cultcaffe_logo_regular_dark-1.svg","contentUrl":"https:\/\/www.cultcaffe.at\/wp-content\/uploads\/2023\/11\/cultcaffe_logo_regular_dark-1.svg","width":756,"height":474,"caption":"CultCaff\u00e9 Kaffeer\u00f6sterei GmbH"}]}},"_links":{"self":[{"href":"https:\/\/www.cultcaffe.at\/sk\/wp-json\/wp\/v2\/pages\/917","targetHints":{"allow":["GET"]}}],"collection":[{"href":"https:\/\/www.cultcaffe.at\/sk\/wp-json\/wp\/v2\/pages"}],"about":[{"href":"https:\/\/www.cultcaffe.at\/sk\/wp-json\/wp\/v2\/types\/page"}],"author":[{"embeddable":true,"href":"https:\/\/www.cultcaffe.at\/sk\/wp-json\/wp\/v2\/users\/6"}],"replies":[{"embeddable":true,"href":"https:\/\/www.cultcaffe.at\/sk\/wp-json\/wp\/v2\/comments?post=917"}],"version-history":[{"count":106,"href":"https:\/\/www.cultcaffe.at\/sk\/wp-json\/wp\/v2\/pages\/917\/revisions"}],"predecessor-version":[{"id":18876,"href":"https:\/\/www.cultcaffe.at\/sk\/wp-json\/wp\/v2\/pages\/917\/revisions\/18876"}],"wp:attachment":[{"href":"https:\/\/www.cultcaffe.at\/sk\/wp-json\/wp\/v2\/media?parent=917"}],"curies":[{"name":"pracovn\u00fd list","href":"https:\/\/api.w.org\/{rel}","templated":true}]}}