{"id":776,"date":"2021-12-07T12:39:44","date_gmt":"2021-12-07T11:39:44","guid":{"rendered":"https:\/\/www.cultcaffe.at\/?page_id=776"},"modified":"2025-04-14T14:11:27","modified_gmt":"2025-04-14T12:11:27","slug":"praziaren","status":"publish","type":"page","link":"https:\/\/www.cultcaffe.at\/sk\/die-roesterei\/","title":{"rendered":"Pra\u017eiare\u0148"},"content":{"rendered":"<div data-elementor-type=\"wp-page\" data-elementor-id=\"776\" class=\"elementor elementor-776\" data-elementor-post-type=\"page\">\n\t\t\t\t<div class=\"elementor-element elementor-element-cbe2c7c e-flex e-con-boxed e-con e-parent\" data-id=\"cbe2c7c\" data-element_type=\"container\" data-e-type=\"container\" data-settings=\"{&quot;background_background&quot;:&quot;classic&quot;}\">\n\t\t\t\t\t<div class=\"e-con-inner\">\n\t\t\t\t<div class=\"elementor-element elementor-element-5bec106 elementor-widget elementor-widget-heading\" data-id=\"5bec106\" data-element_type=\"widget\" data-e-type=\"widget\" data-widget_type=\"heading.default\">\n\t\t\t\t<div class=\"elementor-widget-container\">\n\t\t\t\t\t<h1 class=\"elementor-heading-title elementor-size-default\"><span style=\"color:#aca590\">Pra\u017eiare\u0148<\/span> na prvotriednu k\u00e1vu<\/h1>\t\t\t\t<\/div>\n\t\t\t\t<\/div>\n\t\t\t\t\t<\/div>\n\t\t\t\t<\/div>\n\t\t<div class=\"elementor-element elementor-element-afc70e5 e-flex e-con-boxed e-con e-parent\" data-id=\"afc70e5\" data-element_type=\"container\" data-e-type=\"container\">\n\t\t\t\t\t<div class=\"e-con-inner\">\n\t\t<div class=\"elementor-element elementor-element-6070e72 e-con-full e-flex e-con e-child\" data-id=\"6070e72\" data-element_type=\"container\" data-e-type=\"container\">\n\t\t<div class=\"elementor-element elementor-element-6fd0dc5 e-con-full e-flex e-con e-child\" data-id=\"6fd0dc5\" data-element_type=\"container\" data-e-type=\"container\" data-settings=\"{&quot;background_background&quot;:&quot;classic&quot;}\">\n\t\t\t\t<\/div>\n\t\t<div class=\"elementor-element elementor-element-478998f e-con-full e-flex e-con e-child\" data-id=\"478998f\" data-element_type=\"container\" data-e-type=\"container\" data-settings=\"{&quot;background_background&quot;:&quot;classic&quot;}\">\n\t\t\t\t<\/div>\n\t\t\t\t<\/div>\n\t\t<div class=\"elementor-element elementor-element-15b30fa e-con-full e-flex e-con e-child\" data-id=\"15b30fa\" data-element_type=\"container\" data-e-type=\"container\">\n\t\t\t\t<div class=\"elementor-element elementor-element-ae0e4be elementor-widget elementor-widget-heading\" data-id=\"ae0e4be\" data-element_type=\"widget\" data-e-type=\"widget\" data-widget_type=\"heading.default\">\n\t\t\t\t<div class=\"elementor-widget-container\">\n\t\t\t\t\t<h2 class=\"elementor-heading-title elementor-size-default\">Skuto\u010dn\u00e9 umenie pra\u017eenia - prav\u00e9 remeslo<\/h2>\t\t\t\t<\/div>\n\t\t\t\t<\/div>\n\t\t\t\t<div class=\"elementor-element elementor-element-e3db84b elementor-widget elementor-widget-text-editor\" data-id=\"e3db84b\" data-element_type=\"widget\" data-e-type=\"widget\" data-widget_type=\"text-editor.default\">\n\t\t\t\t<div class=\"elementor-widget-container\">\n\t\t\t\t\t\t\t\t\t<p>Pra\u017eenie je hlavnou oblas\u0165ou \u010dinnosti na\u0161ej spolo\u010dnosti od roku 2002. <span style=\"color: var( --e-global-color-secondary ); font-family: var( --e-global-typography-text-font-family ), Sans-serif; font-weight: var( --e-global-typography-text-font-weight ); text-align: var(--text-align); font-size: 1rem;\">23 rokov sk\u00fasenost\u00ed je z\u00e1rukou v\u00fdnimo\u010dnosti<\/span><b style=\"color: var( --e-global-color-secondary ); font-family: var( --e-global-typography-text-font-family ), Sans-serif; text-align: var(--text-align); font-size: 1rem;\"> Kvalita a odbornos\u0165 k\u00e1vy. <\/b><span style=\"color: var( --e-global-color-secondary ); font-family: var( --e-global-typography-text-font-family ), Sans-serif; font-weight: var( --e-global-typography-text-font-weight ); text-align: var(--text-align); font-size: 1rem;\">T\u00e1to sk\u00fasenos\u0165 je k\u013e\u00fa\u010dov\u00e1 pre <\/span><b style=\"color: var( --e-global-color-secondary ); font-family: var( --e-global-typography-text-font-family ), Sans-serif; text-align: var(--text-align); font-size: 1rem;\">kvalita<\/b><span style=\"color: var( --e-global-color-secondary ); font-family: var( --e-global-typography-text-font-family ), Sans-serif; font-weight: var( --e-global-typography-text-font-weight ); text-align: var(--text-align); font-size: 1rem;\"> k\u00e1v a odr\u00f4d.<\/span><\/p><p>Z\u00e1kladom tejto kvality je <b>prvotriedne zelen\u00e9 k\u00e1vov\u00e9 zrn\u00e1<\/b>ktor\u00fa z\u00edskavame od renomovan\u00fdch obchodn\u00edkov so zelenou k\u00e1vou. Toto \u00fazke partnerstvo n\u00e1m zaru\u010duje pr\u00edstup k obrovsk\u00e9mu mno\u017estvu sk\u00fasenost\u00ed a z\u00e1rove\u0148 n\u00e1m zaru\u010duje, \u017ee v\u017edy dr\u017e\u00edme prst na pulze - \u010faleko od priemyslu a masovej v\u00fdroby.<\/p>\t\t\t\t\t\t\t\t<\/div>\n\t\t\t\t<\/div>\n\t\t\t\t<div class=\"elementor-element elementor-element-e8340f2 elementor-widget elementor-widget-heading\" data-id=\"e8340f2\" data-element_type=\"widget\" data-e-type=\"widget\" data-widget_type=\"heading.default\">\n\t\t\t\t<div class=\"elementor-widget-container\">\n\t\t\t\t\t<h2 class=\"elementor-heading-title elementor-size-default\">Zmesi - v\u0161etko je v zmesi<\/h2>\t\t\t\t<\/div>\n\t\t\t\t<\/div>\n\t\t\t\t<div class=\"elementor-element elementor-element-6ce26cc elementor-widget elementor-widget-text-editor\" data-id=\"6ce26cc\" data-element_type=\"widget\" data-e-type=\"widget\" data-widget_type=\"text-editor.default\">\n\t\t\t\t<div class=\"elementor-widget-container\">\n\t\t\t\t\t\t\t\t\t<p>Mie\u0161anie zelen\u00fdch k\u00e1v je ako kompoz\u00edcia, ktor\u00e1 si vy\u017eaduje ve\u013ek\u00fa d\u00e1vku vkusu a op\u00e4\u0165 <strong>Odbornos\u0165<\/strong> n\u00e1js\u0165 ide\u00e1lnu rovnov\u00e1hu kyslosti, sladkosti a horkosti pre ka\u017ed\u00fa zmes.<\/p>\t\t\t\t\t\t\t\t<\/div>\n\t\t\t\t<\/div>\n\t\t\t\t<div class=\"elementor-element elementor-element-d129452 elementor-widget elementor-widget-heading\" data-id=\"d129452\" data-element_type=\"widget\" data-e-type=\"widget\" data-widget_type=\"heading.default\">\n\t\t\t\t<div class=\"elementor-widget-container\">\n\t\t\t\t\t<h2 class=\"elementor-heading-title elementor-size-default\">Pra\u017eenie - tradi\u010dn\u00e9 a sk\u00fasen\u00e9<\/h2>\t\t\t\t<\/div>\n\t\t\t\t<\/div>\n\t\t\t\t<div class=\"elementor-element elementor-element-00730a6 elementor-widget elementor-widget-text-editor\" data-id=\"00730a6\" data-element_type=\"widget\" data-e-type=\"widget\" data-widget_type=\"text-editor.default\">\n\t\t\t\t<div class=\"elementor-widget-container\">\n\t\t\t\t\t\t\t\t\t<p>Pra\u017eenie prebieha v klasickom <b>tradi\u010dn\u00fd proces pra\u017eenia v bubne.<\/b><br \/>Jemne, opatrne, pri n\u00edzkych teplot\u00e1ch, neust\u00e1le, pomaly a rovnomerne ochladzovan\u00e9 \u010derstv\u00fdm vzduchom. <br \/>V\u010faka tomu zrn\u00e1 z\u00edskaj\u00fa obrovsk\u00fd n\u00e1rast ar\u00f3my a chuti s najlep\u0161ou kompatibilitou.<\/p>\t\t\t\t\t\t\t\t<\/div>\n\t\t\t\t<\/div>\n\t\t\t\t<\/div>\n\t\t\t\t\t<\/div>\n\t\t\t\t<\/div>\n\t\t<div class=\"elementor-element elementor-element-00a4310 e-flex e-con-boxed e-con e-parent\" data-id=\"00a4310\" data-element_type=\"container\" data-e-type=\"container\">\n\t\t\t\t\t<div class=\"e-con-inner\">\n\t\t\t\t<div class=\"elementor-element elementor-element-5222561 elementor-widget elementor-widget-heading\" data-id=\"5222561\" data-element_type=\"widget\" data-e-type=\"widget\" data-widget_type=\"heading.default\">\n\t\t\t\t<div class=\"elementor-widget-container\">\n\t\t\t\t\t<h3 class=\"elementor-heading-title elementor-size-default\">V\u00fdsledkom s\u00fa vynikaj\u00face odrody! <\/h3>\t\t\t\t<\/div>\n\t\t\t\t<\/div>\n\t\t\t\t<div class=\"elementor-element elementor-element-f6a4f01 elementor-widget elementor-widget-heading\" data-id=\"f6a4f01\" data-element_type=\"widget\" data-e-type=\"widget\" data-widget_type=\"heading.default\">\n\t\t\t\t<div class=\"elementor-widget-container\">\n\t\t\t\t\t<h3 class=\"elementor-heading-title elementor-size-default\">\u00da\u017easn\u00fd, bezkonkuren\u010dn\u00fd v\u00fdsledok v <br><br>pln\u00e1, jedine\u010dn\u00e1 ar\u00f3ma, v\u00f4\u0148a, pena a chu\u0165.<\/h3>\t\t\t\t<\/div>\n\t\t\t\t<\/div>\n\t\t\t\t\t<\/div>\n\t\t\t\t<\/div>\n\t\t\t\t<\/div>","protected":false},"excerpt":{"rendered":"<p>DIE R\u00f6sterei f\u00fcr erstklassigen Kaffee Wahre R\u00f6stkunst &#8211; echtes Handwerk Seit 2002 ist das R\u00f6sten DER Kernbereich unserer Unternehmenst\u00e4tigkeit. 23 Jahre Erfahrung sind garant f\u00fcr ausserordentliche Kaffeequalit\u00e4t und Kompetenz. Diese Erfahrung ist entscheidend f\u00fcr die Qualit\u00e4t der Kaffees &amp; Sorten. Die wesentliche Basis dieser Qualit\u00e4t bilden die erstklassigen Rohkaffeebohnen, welche wir von renommierten Rohkaffeeh\u00e4ndlern beziehen. [&hellip;]<\/p>\n","protected":false},"author":6,"featured_media":0,"parent":0,"menu_order":0,"comment_status":"closed","ping_status":"closed","template":"","meta":{"inline_featured_image":false,"footnotes":""},"class_list":["post-776","page","type-page","status-publish","hentry"],"yoast_head":"<!-- This site is optimized with the Yoast SEO plugin v27.5 - https:\/\/yoast.com\/product\/yoast-seo-wordpress\/ -->\n<title>Kaffeer\u00f6sterei \u00d6sterreich \u2668 Bester Kaffee, Bio-Kaffee | CultCaff\u00e8<\/title>\n<meta name=\"description\" content=\"Echte R\u00f6stkunst von Kaffeer\u00f6sterei CultCaffe \u2713 R\u00f6sterei in Neumarkt (N\u00d6) \u2713 100% ger\u00f6stet in \u00d6sterreich \u2713 Beste Qualit\u00e4t \u2713 Bio-Zertifizierung\" \/>\n<meta name=\"robots\" content=\"index, follow, max-snippet:-1, max-image-preview:large, max-video-preview:-1\" \/>\n<link rel=\"canonical\" href=\"https:\/\/www.cultcaffe.at\/sk\/praziaren\/\" \/>\n<meta property=\"og:locale\" content=\"sk_SK\" \/>\n<meta property=\"og:type\" content=\"article\" \/>\n<meta property=\"og:title\" content=\"Kaffeer\u00f6sterei \u00d6sterreich \u2668 Bester Kaffee, Bio-Kaffee | CultCaff\u00e8\" \/>\n<meta property=\"og:description\" content=\"Echte R\u00f6stkunst von Kaffeer\u00f6sterei CultCaffe \u2713 R\u00f6sterei in Neumarkt (N\u00d6) \u2713 100% ger\u00f6stet in \u00d6sterreich \u2713 Beste Qualit\u00e4t \u2713 Bio-Zertifizierung\" \/>\n<meta property=\"og:url\" content=\"https:\/\/www.cultcaffe.at\/sk\/praziaren\/\" \/>\n<meta property=\"og:site_name\" content=\"CultCaff\u00e9 - die Bio Kaffee R\u00f6sterei\" \/>\n<meta property=\"article:publisher\" content=\"https:\/\/www.facebook.com\/p\/Cult-Caff%c3%a8-die-R%c3%b6sterei-100039719724703\/?locale=de_DE\" \/>\n<meta property=\"article:modified_time\" content=\"2025-04-14T12:11:27+00:00\" \/>\n<meta name=\"twitter:card\" content=\"summary_large_image\" \/>\n<meta name=\"twitter:label1\" content=\"Predpokladan\u00fd \u010das \u010d\u00edtania\" \/>\n\t<meta name=\"twitter:data1\" content=\"1 min\u00fata\" \/>\n<script type=\"application\/ld+json\" class=\"yoast-schema-graph\">{\"@context\":\"https:\\\/\\\/schema.org\",\"@graph\":[{\"@type\":\"WebPage\",\"@id\":\"https:\\\/\\\/www.cultcaffe.at\\\/die-roesterei\\\/\",\"url\":\"https:\\\/\\\/www.cultcaffe.at\\\/die-roesterei\\\/\",\"name\":\"Kaffeer\u00f6sterei \u00d6sterreich \u2668 Bester Kaffee, Bio-Kaffee | CultCaff\u00e8\",\"isPartOf\":{\"@id\":\"https:\\\/\\\/www.cultcaffe.at\\\/#website\"},\"datePublished\":\"2021-12-07T11:39:44+00:00\",\"dateModified\":\"2025-04-14T12:11:27+00:00\",\"description\":\"Echte R\u00f6stkunst von Kaffeer\u00f6sterei CultCaffe \u2713 R\u00f6sterei in Neumarkt (N\u00d6) \u2713 100% ger\u00f6stet in \u00d6sterreich \u2713 Beste Qualit\u00e4t \u2713 Bio-Zertifizierung\",\"breadcrumb\":{\"@id\":\"https:\\\/\\\/www.cultcaffe.at\\\/die-roesterei\\\/#breadcrumb\"},\"inLanguage\":\"sk-SK\",\"potentialAction\":[{\"@type\":\"ReadAction\",\"target\":[\"https:\\\/\\\/www.cultcaffe.at\\\/die-roesterei\\\/\"]}]},{\"@type\":\"BreadcrumbList\",\"@id\":\"https:\\\/\\\/www.cultcaffe.at\\\/die-roesterei\\\/#breadcrumb\",\"itemListElement\":[{\"@type\":\"ListItem\",\"position\":1,\"name\":\"Startseite\",\"item\":\"https:\\\/\\\/www.cultcaffe.at\\\/\"},{\"@type\":\"ListItem\",\"position\":2,\"name\":\"Die R\u00f6sterei\"}]},{\"@type\":\"WebSite\",\"@id\":\"https:\\\/\\\/www.cultcaffe.at\\\/#website\",\"url\":\"https:\\\/\\\/www.cultcaffe.at\\\/\",\"name\":\"CultCaff\u00e9 - die Bio Kaffee R\u00f6sterei\",\"description\":\"Liebe zum Kaffee\",\"publisher\":{\"@id\":\"https:\\\/\\\/www.cultcaffe.at\\\/#organization\"},\"potentialAction\":[{\"@type\":\"SearchAction\",\"target\":{\"@type\":\"EntryPoint\",\"urlTemplate\":\"https:\\\/\\\/www.cultcaffe.at\\\/?s={search_term_string}\"},\"query-input\":{\"@type\":\"PropertyValueSpecification\",\"valueRequired\":true,\"valueName\":\"search_term_string\"}}],\"inLanguage\":\"sk-SK\"},{\"@type\":[\"Organization\",\"Place\"],\"@id\":\"https:\\\/\\\/www.cultcaffe.at\\\/#organization\",\"name\":\"CultCaff\u00e9 Kaffeer\u00f6sterei GmbH\",\"alternateName\":\"CultCaff\u00e9\",\"url\":\"https:\\\/\\\/www.cultcaffe.at\\\/\",\"logo\":{\"@id\":\"https:\\\/\\\/www.cultcaffe.at\\\/die-roesterei\\\/#local-main-organization-logo\"},\"image\":{\"@id\":\"https:\\\/\\\/www.cultcaffe.at\\\/die-roesterei\\\/#local-main-organization-logo\"},\"sameAs\":[\"https:\\\/\\\/www.facebook.com\\\/p\\\/Cult-Caff\u00e8-die-R\u00f6sterei-100039719724703\\\/?locale=de_DE\",\"https:\\\/\\\/www.instagram.com\\\/cultcaffe.at\\\/\"],\"hasMerchantReturnPolicy\":{\"@type\":\"MerchantReturnPolicy\",\"merchantReturnLink\":\"https:\\\/\\\/www.cultcaffe.at\\\/sk\\\/agbs\\\/\"},\"telephone\":[],\"openingHoursSpecification\":[{\"@type\":\"OpeningHoursSpecification\",\"dayOfWeek\":[\"Monday\",\"Tuesday\",\"Wednesday\",\"Thursday\",\"Friday\",\"Saturday\",\"Sunday\"],\"opens\":\"09:00\",\"closes\":\"17:00\"}]},{\"@type\":\"ImageObject\",\"inLanguage\":\"sk-SK\",\"@id\":\"https:\\\/\\\/www.cultcaffe.at\\\/die-roesterei\\\/#local-main-organization-logo\",\"url\":\"https:\\\/\\\/www.cultcaffe.at\\\/wp-content\\\/uploads\\\/2023\\\/11\\\/cultcaffe_logo_regular_dark-1.svg\",\"contentUrl\":\"https:\\\/\\\/www.cultcaffe.at\\\/wp-content\\\/uploads\\\/2023\\\/11\\\/cultcaffe_logo_regular_dark-1.svg\",\"width\":756,\"height\":474,\"caption\":\"CultCaff\u00e9 Kaffeer\u00f6sterei GmbH\"}]}<\/script>\n<!-- \/ Yoast SEO plugin. -->","yoast_head_json":{"title":"Rak\u00faska pra\u017eiare\u0148 k\u00e1vy \u2668 Najlep\u0161ia k\u00e1va, bio k\u00e1va | CultCaff\u00e8","description":"Autentick\u00e9 pra\u017eenie k\u00e1vy z pra\u017eiarne CultCaffe \u2713 Pra\u017eiare\u0148 v Neumarkte (Doln\u00e9 Rak\u00fasko) \u2713 100% pra\u017een\u00e1 v Rak\u00fasku \u2713 Najlep\u0161ia kvalita \u2713 Bio certifik\u00e1cia","robots":{"index":"index","follow":"follow","max-snippet":"max-snippet:-1","max-image-preview":"max-image-preview:large","max-video-preview":"max-video-preview:-1"},"canonical":"https:\/\/www.cultcaffe.at\/sk\/praziaren\/","og_locale":"sk_SK","og_type":"article","og_title":"Kaffeer\u00f6sterei \u00d6sterreich \u2668 Bester Kaffee, Bio-Kaffee | CultCaff\u00e8","og_description":"Echte R\u00f6stkunst von Kaffeer\u00f6sterei CultCaffe \u2713 R\u00f6sterei in Neumarkt (N\u00d6) \u2713 100% ger\u00f6stet in \u00d6sterreich \u2713 Beste Qualit\u00e4t \u2713 Bio-Zertifizierung","og_url":"https:\/\/www.cultcaffe.at\/sk\/praziaren\/","og_site_name":"CultCaff\u00e9 - die Bio Kaffee R\u00f6sterei","article_publisher":"https:\/\/www.facebook.com\/p\/Cult-Caff%c3%a8-die-R%c3%b6sterei-100039719724703\/?locale=de_DE","article_modified_time":"2025-04-14T12:11:27+00:00","twitter_card":"summary_large_image","twitter_misc":{"Predpokladan\u00fd \u010das \u010d\u00edtania":"1 min\u00fata"},"schema":{"@context":"https:\/\/schema.org","@graph":[{"@type":"WebPage","@id":"https:\/\/www.cultcaffe.at\/die-roesterei\/","url":"https:\/\/www.cultcaffe.at\/die-roesterei\/","name":"Rak\u00faska pra\u017eiare\u0148 k\u00e1vy \u2668 Najlep\u0161ia k\u00e1va, bio k\u00e1va | CultCaff\u00e8","isPartOf":{"@id":"https:\/\/www.cultcaffe.at\/#website"},"datePublished":"2021-12-07T11:39:44+00:00","dateModified":"2025-04-14T12:11:27+00:00","description":"Autentick\u00e9 pra\u017eenie k\u00e1vy z pra\u017eiarne CultCaffe \u2713 Pra\u017eiare\u0148 v Neumarkte (Doln\u00e9 Rak\u00fasko) \u2713 100% pra\u017een\u00e1 v Rak\u00fasku \u2713 Najlep\u0161ia kvalita \u2713 Bio certifik\u00e1cia","breadcrumb":{"@id":"https:\/\/www.cultcaffe.at\/die-roesterei\/#breadcrumb"},"inLanguage":"sk-SK","potentialAction":[{"@type":"ReadAction","target":["https:\/\/www.cultcaffe.at\/die-roesterei\/"]}]},{"@type":"BreadcrumbList","@id":"https:\/\/www.cultcaffe.at\/die-roesterei\/#breadcrumb","itemListElement":[{"@type":"ListItem","position":1,"name":"Startseite","item":"https:\/\/www.cultcaffe.at\/"},{"@type":"ListItem","position":2,"name":"Die R\u00f6sterei"}]},{"@type":"WebSite","@id":"https:\/\/www.cultcaffe.at\/#website","url":"https:\/\/www.cultcaffe.at\/","name":"CultCaff\u00e9 - pra\u017eiare\u0148 organickej k\u00e1vy","description":"L\u00e1ska ku k\u00e1ve","publisher":{"@id":"https:\/\/www.cultcaffe.at\/#organization"},"potentialAction":[{"@type":"SearchAction","target":{"@type":"EntryPoint","urlTemplate":"https:\/\/www.cultcaffe.at\/?s={search_term_string}"},"query-input":{"@type":"PropertyValueSpecification","valueRequired":true,"valueName":"search_term_string"}}],"inLanguage":"sk-SK"},{"@type":["Organization","Place"],"@id":"https:\/\/www.cultcaffe.at\/#organization","name":"CultCaff\u00e9 Coffee Roastery GmbH","alternateName":"CultCaff\u00e9","url":"https:\/\/www.cultcaffe.at\/","logo":{"@id":"https:\/\/www.cultcaffe.at\/die-roesterei\/#local-main-organization-logo"},"image":{"@id":"https:\/\/www.cultcaffe.at\/die-roesterei\/#local-main-organization-logo"},"sameAs":["https:\/\/www.facebook.com\/p\/Cult-Caff\u00e8-die-R\u00f6sterei-100039719724703\/?locale=de_DE","https:\/\/www.instagram.com\/cultcaffe.at\/"],"hasMerchantReturnPolicy":{"@type":"MerchantReturnPolicy","merchantReturnLink":"https:\/\/www.cultcaffe.at\/sk\/agbs\/"},"telephone":[],"openingHoursSpecification":[{"@type":"OpeningHoursSpecification","dayOfWeek":["Monday","Tuesday","Wednesday","Thursday","Friday","Saturday","Sunday"],"opens":"09:00","closes":"17:00"}]},{"@type":"ImageObject","inLanguage":"sk-SK","@id":"https:\/\/www.cultcaffe.at\/die-roesterei\/#local-main-organization-logo","url":"https:\/\/www.cultcaffe.at\/wp-content\/uploads\/2023\/11\/cultcaffe_logo_regular_dark-1.svg","contentUrl":"https:\/\/www.cultcaffe.at\/wp-content\/uploads\/2023\/11\/cultcaffe_logo_regular_dark-1.svg","width":756,"height":474,"caption":"CultCaff\u00e9 Kaffeer\u00f6sterei GmbH"}]}},"_links":{"self":[{"href":"https:\/\/www.cultcaffe.at\/sk\/wp-json\/wp\/v2\/pages\/776","targetHints":{"allow":["GET"]}}],"collection":[{"href":"https:\/\/www.cultcaffe.at\/sk\/wp-json\/wp\/v2\/pages"}],"about":[{"href":"https:\/\/www.cultcaffe.at\/sk\/wp-json\/wp\/v2\/types\/page"}],"author":[{"embeddable":true,"href":"https:\/\/www.cultcaffe.at\/sk\/wp-json\/wp\/v2\/users\/6"}],"replies":[{"embeddable":true,"href":"https:\/\/www.cultcaffe.at\/sk\/wp-json\/wp\/v2\/comments?post=776"}],"version-history":[{"count":237,"href":"https:\/\/www.cultcaffe.at\/sk\/wp-json\/wp\/v2\/pages\/776\/revisions"}],"predecessor-version":[{"id":18155,"href":"https:\/\/www.cultcaffe.at\/sk\/wp-json\/wp\/v2\/pages\/776\/revisions\/18155"}],"wp:attachment":[{"href":"https:\/\/www.cultcaffe.at\/sk\/wp-json\/wp\/v2\/media?parent=776"}],"curies":[{"name":"pracovn\u00fd list","href":"https:\/\/api.w.org\/{rel}","templated":true}]}}