{"id":15243,"date":"2024-06-26T13:11:17","date_gmt":"2024-06-26T11:11:17","guid":{"rendered":"https:\/\/www.cultcaffe.at\/?page_id=15243"},"modified":"2025-03-28T10:22:03","modified_gmt":"2025-03-28T09:22:03","slug":"predplatne-na-kavu","status":"publish","type":"page","link":"https:\/\/www.cultcaffe.at\/sk\/kaffee-abo\/","title":{"rendered":"Predplatn\u00e9 k\u00e1vy"},"content":{"rendered":"<div data-elementor-type=\"wp-page\" data-elementor-id=\"15243\" class=\"elementor elementor-15243\" data-elementor-post-type=\"page\">\n\t\t\t\t<div class=\"elementor-element elementor-element-a151029 e-flex e-con-boxed e-con e-parent\" data-id=\"a151029\" data-element_type=\"container\" data-e-type=\"container\">\n\t\t\t\t\t<div class=\"e-con-inner\">\n\t\t<div class=\"elementor-element elementor-element-d3ee0ab e-con-full e-flex e-con e-child\" data-id=\"d3ee0ab\" data-element_type=\"container\" data-e-type=\"container\">\n\t\t\t\t<div class=\"elementor-element elementor-element-326e332e elementor-widget elementor-widget-text-editor\" data-id=\"326e332e\" data-element_type=\"widget\" data-e-type=\"widget\" data-widget_type=\"text-editor.default\">\n\t\t\t\t<div class=\"elementor-widget-container\">\n\t\t\t\t\t\t\t\t\t<h1>Predplatn\u00e9 k\u00e1vy od Cult Caff\u00e8<\/h1><p><strong>Va\u0161a k\u00e1va \u2013 V\u00e1\u0161 v\u00fdber \u2013 N\u00e1\u0161 dar\u010dek 5%<\/strong><\/p><p>Za\u010dnite ka\u017ed\u00fd de\u0148 dokonale s predplatn\u00fdm Cult Caff\u00e8. Dod\u00e1vame vysokokvalitn\u00fa, \u010derstvo pra\u017een\u00fa k\u00e1vu priamo z na\u0161ej rak\u00faskej pra\u017eiarne \u2013 presne pod\u013ea va\u0161ej chuti a harmonogramu.<\/p><p>Ke\u010f si predplat\u00edte k\u00e1vu <strong>ulo\u017ei\u0165 aj 5%<\/strong> na cenu produktu!<\/p><p style=\"text-align: left;\"><strong>Flexibiln\u00e9 mo\u017enosti:<\/strong><\/p><ul><li style=\"text-align: left;\"><strong>Typ k\u00e1vy:<\/strong> Vyberte si svoju ob\u013e\u00faben\u00fa k\u00e1vu<\/li><li style=\"text-align: left;\"><strong>Dodac\u00ed interval:<\/strong> Nechajte si doru\u010di\u0165 k\u00e1vu ka\u017ed\u00e9 2, 4 alebo 6 t\u00fd\u017ed\u0148ov.<\/li><\/ul><p style=\"text-align: left;\"><strong>D\u00e1 sa kedyko\u013evek zru\u0161i\u0165<\/strong>:<\/p><p style=\"text-align: left;\">Svoje predplatn\u00e9 m\u00f4\u017eete kedyko\u013evek pozastavi\u0165 alebo zru\u0161i\u0165 bez ak\u00fdchko\u013evek skryt\u00fdch poplatkov alebo z\u00e1v\u00e4zkov<\/p><p style=\"text-align: left;\"><strong>Ide\u00e1lne aj ako dar\u010dek:<\/strong><\/p><p style=\"text-align: left;\">Urobte niekomu rados\u0165 flexibiln\u00fdm predplatn\u00fdm k\u00e1vy od Cult Caff\u00e8. Je to perfektn\u00fd dar\u010dek pre ka\u017ed\u00e9ho milovn\u00edka k\u00e1vy, ktor\u00fd prekvap\u00ed mesiac \u010do mesiac.<\/p>\t\t\t\t\t\t\t\t<\/div>\n\t\t\t\t<\/div>\n\t\t\t\t<div class=\"elementor-element elementor-element-3953f1a elementor-widget elementor-widget-button\" data-id=\"3953f1a\" data-element_type=\"widget\" data-e-type=\"widget\" data-widget_type=\"button.default\">\n\t\t\t\t<div class=\"elementor-widget-container\">\n\t\t\t\t\t\t\t\t\t<div class=\"elementor-button-wrapper\">\n\t\t\t\t\t<a class=\"elementor-button elementor-button-link elementor-size-sm\" href=\"https:\/\/www.cultcaffe.at\/sk\/produkt\/predplatne-na-kavu-2\/\">\n\t\t\t\t\t\t<span class=\"elementor-button-content-wrapper\">\n\t\t\t\t\t\t\t\t\t<span class=\"elementor-button-text\">Objednajte si predplatn\u00e9 tu<\/span>\n\t\t\t\t\t<\/span>\n\t\t\t\t\t<\/a>\n\t\t\t\t<\/div>\n\t\t\t\t\t\t\t\t<\/div>\n\t\t\t\t<\/div>\n\t\t\t\t<\/div>\n\t\t<div class=\"elementor-element elementor-element-c850cf7 e-con-full e-flex e-con e-child\" data-id=\"c850cf7\" data-element_type=\"container\" data-e-type=\"container\">\n\t\t\t\t<div class=\"elementor-element elementor-element-02e5d5f elementor-widget elementor-widget-image\" data-id=\"02e5d5f\" data-element_type=\"widget\" data-e-type=\"widget\" data-widget_type=\"image.default\">\n\t\t\t\t<div class=\"elementor-widget-container\">\n\t\t\t\t\t\t\t\t\t\t\t\t\t\t\t<img fetchpriority=\"high\" decoding=\"async\" width=\"800\" height=\"800\" src=\"https:\/\/www.cultcaffe.at\/wp-content\/uploads\/2024\/06\/kaffeeabo.png\" class=\"attachment-large size-large wp-image-15262\" alt=\"\" srcset=\"https:\/\/www.cultcaffe.at\/wp-content\/uploads\/2024\/06\/kaffeeabo.png 800w, https:\/\/www.cultcaffe.at\/wp-content\/uploads\/2024\/06\/kaffeeabo-600x600.png 600w, https:\/\/www.cultcaffe.at\/wp-content\/uploads\/2024\/06\/kaffeeabo-100x100.png 100w, https:\/\/www.cultcaffe.at\/wp-content\/uploads\/2024\/06\/kaffeeabo-300x300.png 300w, https:\/\/www.cultcaffe.at\/wp-content\/uploads\/2024\/06\/kaffeeabo-150x150.png 150w, https:\/\/www.cultcaffe.at\/wp-content\/uploads\/2024\/06\/kaffeeabo-768x768.png 768w, https:\/\/www.cultcaffe.at\/wp-content\/uploads\/2024\/06\/kaffeeabo-450x450.png 450w, https:\/\/www.cultcaffe.at\/wp-content\/uploads\/2024\/06\/kaffeeabo-140x140.png 140w, https:\/\/www.cultcaffe.at\/wp-content\/uploads\/2024\/06\/kaffeeabo-500x500.png 500w, https:\/\/www.cultcaffe.at\/wp-content\/uploads\/2024\/06\/kaffeeabo-350x350.png 350w\" sizes=\"(max-width: 800px) 100vw, 800px\" \/>\t\t\t\t\t\t\t\t\t\t\t\t\t\t\t<\/div>\n\t\t\t\t<\/div>\n\t\t\t\t<\/div>\n\t\t\t\t\t<\/div>\n\t\t\t\t<\/div>\n\t\t<div class=\"elementor-element elementor-element-4c61317 e-flex e-con-boxed e-con e-parent\" data-id=\"4c61317\" data-element_type=\"container\" data-e-type=\"container\">\n\t\t\t\t\t<div class=\"e-con-inner\">\n\t\t\t\t<div class=\"elementor-element elementor-element-7325892 elementor-widget elementor-widget-text-editor\" data-id=\"7325892\" data-element_type=\"widget\" data-e-type=\"widget\" data-widget_type=\"text-editor.default\">\n\t\t\t\t<div class=\"elementor-widget-container\">\n\t\t\t\t\t\t\t\t\t<h2>\u010casto kladen\u00e9 ot\u00e1zky o predplatnom k\u00e1vy<\/h2>\t\t\t\t\t\t\t\t<\/div>\n\t\t\t\t<\/div>\n\t\t\t\t<div class=\"elementor-element elementor-element-18b021c elementor-widget elementor-widget-n-accordion\" data-id=\"18b021c\" data-element_type=\"widget\" data-e-type=\"widget\" data-settings=\"{&quot;default_state&quot;:&quot;expanded&quot;,&quot;max_items_expended&quot;:&quot;one&quot;,&quot;n_accordion_animation_duration&quot;:{&quot;unit&quot;:&quot;ms&quot;,&quot;size&quot;:400,&quot;sizes&quot;:[]}}\" data-widget_type=\"nested-accordion.default\">\n\t\t\t\t<div class=\"elementor-widget-container\">\n\t\t\t\t\t\t\t<div class=\"e-n-accordion\" aria-label=\"Akorde\u00f3n. Otv\u00e1rajte odkazy kl\u00e1vesom Enter alebo Medzern\u00edk, zatv\u00e1rajte kl\u00e1vesom Escape a navigujte \u0161\u00edpkami\">\n\t\t\t\t\t\t<details id=\"e-n-accordion-item-2580\" class=\"e-n-accordion-item\" open>\n\t\t\t\t<summary class=\"e-n-accordion-item-title\" data-accordion-index=\"1\" tabindex=\"0\" aria-expanded=\"true\" aria-controls=\"e-n-accordion-item-2580\" >\n\t\t\t\t\t<span class='e-n-accordion-item-title-header'><div class=\"e-n-accordion-item-title-text\"> Je predplatn\u00e9 viazan\u00e9 na konkr\u00e9tne \u010dasov\u00e9 obdobie? <\/div><\/span>\n\t\t\t\t\t\t\t<span class='e-n-accordion-item-title-icon'>\n\t\t\t<span class='e-opened' ><svg aria-hidden=\"true\" class=\"e-font-icon-svg e-fas-minus\" viewbox=\"0 0 448 512\" xmlns=\"http:\/\/www.w3.org\/2000\/svg\"><path d=\"M416 208H32c-17.67 0-32 14.33-32 32v32c0 17.67 14.33 32 32 32h384c17.67 0 32-14.33 32-32v-32c0-17.67-14.33-32-32-32z\"><\/path><\/svg><\/span>\n\t\t\t<span class='e-closed'><svg aria-hidden=\"true\" class=\"e-font-icon-svg e-fas-plus\" viewbox=\"0 0 448 512\" xmlns=\"http:\/\/www.w3.org\/2000\/svg\"><path d=\"M416 208H272V64c0-17.67-14.33-32-32-32h-32c-17.67 0-32 14.33-32 32v144H32c-17.67 0-32 14.33-32 32v32c0 17.67 14.33 32 32 32h144v144c0 17.67 14.33 32 32 32h32c17.67 0 32-14.33 32-32V304h144c17.67 0 32-14.33 32-32v-32c0-17.67-14.33-32-32-32z\"><\/path><\/svg><\/span>\n\t\t<\/span>\n\n\t\t\t\t\t\t<\/summary>\n\t\t\t\t<div role=\"region\" aria-labelledby=\"e-n-accordion-item-2580\" class=\"elementor-element elementor-element-84dc07a e-con-full e-flex e-con e-child\" data-id=\"84dc07a\" data-element_type=\"container\" data-e-type=\"container\">\n\t\t\t\t<div class=\"elementor-element elementor-element-5804ee6 elementor-widget elementor-widget-text-editor\" data-id=\"5804ee6\" data-element_type=\"widget\" data-e-type=\"widget\" data-widget_type=\"text-editor.default\">\n\t\t\t\t<div class=\"elementor-widget-container\">\n\t\t\t\t\t\t\t\t\t<p>Nie, svoje predplatn\u00e9 m\u00f4\u017eete kedyko\u013evek zru\u0161i\u0165 vo svojom z\u00e1kazn\u00edckom \u00fa\u010dte.<\/p>\t\t\t\t\t\t\t\t<\/div>\n\t\t\t\t<\/div>\n\t\t\t\t<\/div>\n\t\t\t\t\t<\/details>\n\t\t\t\t\t\t<details id=\"e-n-accordion-item-2581\" class=\"e-n-accordion-item\" >\n\t\t\t\t<summary class=\"e-n-accordion-item-title\" data-accordion-index=\"2\" tabindex=\"-1\" aria-expanded=\"false\" aria-controls=\"e-n-accordion-item-2581\" >\n\t\t\t\t\t<span class='e-n-accordion-item-title-header'><div class=\"e-n-accordion-item-title-text\"> Ak\u00e9 sp\u00f4soby platby m\u00f4\u017eem spravova\u0165 s predplatn\u00fdm? <\/div><\/span>\n\t\t\t\t\t\t\t<span class='e-n-accordion-item-title-icon'>\n\t\t\t<span class='e-opened' ><svg aria-hidden=\"true\" class=\"e-font-icon-svg e-fas-minus\" viewbox=\"0 0 448 512\" xmlns=\"http:\/\/www.w3.org\/2000\/svg\"><path d=\"M416 208H32c-17.67 0-32 14.33-32 32v32c0 17.67 14.33 32 32 32h384c17.67 0 32-14.33 32-32v-32c0-17.67-14.33-32-32-32z\"><\/path><\/svg><\/span>\n\t\t\t<span class='e-closed'><svg aria-hidden=\"true\" class=\"e-font-icon-svg e-fas-plus\" viewbox=\"0 0 448 512\" xmlns=\"http:\/\/www.w3.org\/2000\/svg\"><path d=\"M416 208H272V64c0-17.67-14.33-32-32-32h-32c-17.67 0-32 14.33-32 32v144H32c-17.67 0-32 14.33-32 32v32c0 17.67 14.33 32 32 32h144v144c0 17.67 14.33 32 32 32h32c17.67 0 32-14.33 32-32V304h144c17.67 0 32-14.33 32-32v-32c0-17.67-14.33-32-32-32z\"><\/path><\/svg><\/span>\n\t\t<\/span>\n\n\t\t\t\t\t\t<\/summary>\n\t\t\t\t<div role=\"region\" aria-labelledby=\"e-n-accordion-item-2581\" class=\"elementor-element elementor-element-cce218a e-con-full e-flex e-con e-child\" data-id=\"cce218a\" data-element_type=\"container\" data-e-type=\"container\">\n\t\t\t\t<div class=\"elementor-element elementor-element-fcf002c elementor-widget elementor-widget-text-editor\" data-id=\"fcf002c\" data-element_type=\"widget\" data-e-type=\"widget\" data-widget_type=\"text-editor.default\">\n\t\t\t\t<div class=\"elementor-widget-container\">\n\t\t\t\t\t\t\t\t\t<p>M\u00f4\u017eete sa prihl\u00e1si\u0165 na odber pomocou slu\u017eby PayPal, kreditnej karty alebo automatick\u00e9ho inkasa.<\/p>\t\t\t\t\t\t\t\t<\/div>\n\t\t\t\t<\/div>\n\t\t\t\t<\/div>\n\t\t\t\t\t<\/details>\n\t\t\t\t\t\t<details id=\"e-n-accordion-item-2582\" class=\"e-n-accordion-item\" >\n\t\t\t\t<summary class=\"e-n-accordion-item-title\" data-accordion-index=\"3\" tabindex=\"-1\" aria-expanded=\"false\" aria-controls=\"e-n-accordion-item-2582\" >\n\t\t\t\t\t<span class='e-n-accordion-item-title-header'><div class=\"e-n-accordion-item-title-text\"> M\u00f4\u017eem darova\u0165 predplatn\u00e9? <\/div><\/span>\n\t\t\t\t\t\t\t<span class='e-n-accordion-item-title-icon'>\n\t\t\t<span class='e-opened' ><svg aria-hidden=\"true\" class=\"e-font-icon-svg e-fas-minus\" viewbox=\"0 0 448 512\" xmlns=\"http:\/\/www.w3.org\/2000\/svg\"><path d=\"M416 208H32c-17.67 0-32 14.33-32 32v32c0 17.67 14.33 32 32 32h384c17.67 0 32-14.33 32-32v-32c0-17.67-14.33-32-32-32z\"><\/path><\/svg><\/span>\n\t\t\t<span class='e-closed'><svg aria-hidden=\"true\" class=\"e-font-icon-svg e-fas-plus\" viewbox=\"0 0 448 512\" xmlns=\"http:\/\/www.w3.org\/2000\/svg\"><path d=\"M416 208H272V64c0-17.67-14.33-32-32-32h-32c-17.67 0-32 14.33-32 32v144H32c-17.67 0-32 14.33-32 32v32c0 17.67 14.33 32 32 32h144v144c0 17.67 14.33 32 32 32h32c17.67 0 32-14.33 32-32V304h144c17.67 0 32-14.33 32-32v-32c0-17.67-14.33-32-32-32z\"><\/path><\/svg><\/span>\n\t\t<\/span>\n\n\t\t\t\t\t\t<\/summary>\n\t\t\t\t<div role=\"region\" aria-labelledby=\"e-n-accordion-item-2582\" class=\"elementor-element elementor-element-22787ed e-con-full e-flex e-con e-child\" data-id=\"22787ed\" data-element_type=\"container\" data-e-type=\"container\">\n\t\t\t\t<div class=\"elementor-element elementor-element-bc86664 elementor-widget elementor-widget-text-editor\" data-id=\"bc86664\" data-element_type=\"widget\" data-e-type=\"widget\" data-widget_type=\"text-editor.default\">\n\t\t\t\t<div class=\"elementor-widget-container\">\n\t\t\t\t\t\t\t\t\t<p>\u00c1no, do adresy doru\u010denia m\u00f4\u017eete zada\u0165 adresu pr\u00edjemcu, ktor\u00fd potom dostane k\u00e1vu v po\u017eadovanom intervale.<\/p>\t\t\t\t\t\t\t\t<\/div>\n\t\t\t\t<\/div>\n\t\t\t\t<\/div>\n\t\t\t\t\t<\/details>\n\t\t\t\t\t\t<details id=\"e-n-accordion-item-2583\" class=\"e-n-accordion-item\" >\n\t\t\t\t<summary class=\"e-n-accordion-item-title\" data-accordion-index=\"4\" tabindex=\"-1\" aria-expanded=\"false\" aria-controls=\"e-n-accordion-item-2583\" >\n\t\t\t\t\t<span class='e-n-accordion-item-title-header'><div class=\"e-n-accordion-item-title-text\"> M\u00f4\u017eem zmeni\u0165 druh alebo mno\u017estvo k\u00e1vy? <\/div><\/span>\n\t\t\t\t\t\t\t<span class='e-n-accordion-item-title-icon'>\n\t\t\t<span class='e-opened' ><svg aria-hidden=\"true\" class=\"e-font-icon-svg e-fas-minus\" viewbox=\"0 0 448 512\" xmlns=\"http:\/\/www.w3.org\/2000\/svg\"><path d=\"M416 208H32c-17.67 0-32 14.33-32 32v32c0 17.67 14.33 32 32 32h384c17.67 0 32-14.33 32-32v-32c0-17.67-14.33-32-32-32z\"><\/path><\/svg><\/span>\n\t\t\t<span class='e-closed'><svg aria-hidden=\"true\" class=\"e-font-icon-svg e-fas-plus\" viewbox=\"0 0 448 512\" xmlns=\"http:\/\/www.w3.org\/2000\/svg\"><path d=\"M416 208H272V64c0-17.67-14.33-32-32-32h-32c-17.67 0-32 14.33-32 32v144H32c-17.67 0-32 14.33-32 32v32c0 17.67 14.33 32 32 32h144v144c0 17.67 14.33 32 32 32h32c17.67 0 32-14.33 32-32V304h144c17.67 0 32-14.33 32-32v-32c0-17.67-14.33-32-32-32z\"><\/path><\/svg><\/span>\n\t\t<\/span>\n\n\t\t\t\t\t\t<\/summary>\n\t\t\t\t<div role=\"region\" aria-labelledby=\"e-n-accordion-item-2583\" class=\"elementor-element elementor-element-fcb7ecd e-flex e-con-boxed e-con e-child\" data-id=\"fcb7ecd\" data-element_type=\"container\" data-e-type=\"container\">\n\t\t\t\t\t<div class=\"e-con-inner\">\n\t\t\t\t<div class=\"elementor-element elementor-element-2ad7c5b elementor-widget elementor-widget-text-editor\" data-id=\"2ad7c5b\" data-element_type=\"widget\" data-e-type=\"widget\" data-widget_type=\"text-editor.default\">\n\t\t\t\t<div class=\"elementor-widget-container\">\n\t\t\t\t\t\t\t\t\t<p>Zmena existuj\u00faceho predplatn\u00e9ho nie je mo\u017en\u00e1. Zru\u0161te si, pros\u00edm, svoje aktu\u00e1lne predplatn\u00e9 a objednajte si nov\u00fd druh alebo nov\u00fd interval doru\u010denia.<\/p>\t\t\t\t\t\t\t\t<\/div>\n\t\t\t\t<\/div>\n\t\t\t\t\t<\/div>\n\t\t\t\t<\/div>\n\t\t\t\t\t<\/details>\n\t\t\t\t\t<\/div>\n\t\t\t\t\t\t<\/div>\n\t\t\t\t<\/div>\n\t\t\t\t\t<\/div>\n\t\t\t\t<\/div>\n\t\t\t\t<\/div>","protected":false},"excerpt":{"rendered":"<p>Kaffee Abo von Cult Caff\u00e8 Ihr Kaffee &#8211; Ihre Wahl &#8211; Unser Geschenk 5% Starten Sie jeden Tag perfekt mit dem Cult Caff\u00e8 Abo. Wir liefern Ihnen hochwertigen, frisch ger\u00f6steten Kaffee direkt aus unserer \u00f6sterreichischen R\u00f6sterei \u2013 genau nach Ihrem Geschmack und Zeitplan. Bei Abschluss eines Kaffee Abo sparen Sie au\u00dferdem 5% auf den Produktpreis! [&hellip;]<\/p>\n","protected":false},"author":6,"featured_media":0,"parent":0,"menu_order":0,"comment_status":"closed","ping_status":"closed","template":"","meta":{"inline_featured_image":false,"footnotes":""},"class_list":["post-15243","page","type-page","status-publish","hentry"],"yoast_head":"<!-- This site is optimized with the Yoast SEO plugin v27.4 - https:\/\/yoast.com\/product\/yoast-seo-wordpress\/ -->\n<title>Kaffee Abo von Cult Caff\u00e9 - jetzt sparen mit dem Kaffeeabo<\/title>\n<meta name=\"description\" content=\"\u2705 Beste Bio-Kaffeebohnen | regelm\u00e4\u00dfige Lieferung | Flexible Optionen \u2705 jederzeit k\u00fcndbar \u2705 ideal auch als Geschenk f\u00fcr Kaffeeliebhaber\" \/>\n<meta name=\"robots\" content=\"index, follow, max-snippet:-1, max-image-preview:large, max-video-preview:-1\" \/>\n<link rel=\"canonical\" href=\"https:\/\/www.cultcaffe.at\/sk\/predplatne-na-kavu\/\" \/>\n<meta property=\"og:locale\" content=\"sk_SK\" \/>\n<meta property=\"og:type\" content=\"article\" \/>\n<meta property=\"og:title\" content=\"Kaffee Abo von Cult Caff\u00e9 - jetzt sparen mit dem Kaffeeabo\" \/>\n<meta property=\"og:description\" content=\"\u2705 Beste Bio-Kaffeebohnen | regelm\u00e4\u00dfige Lieferung | Flexible Optionen \u2705 jederzeit k\u00fcndbar \u2705 ideal auch als Geschenk f\u00fcr Kaffeeliebhaber\" \/>\n<meta property=\"og:url\" content=\"https:\/\/www.cultcaffe.at\/sk\/predplatne-na-kavu\/\" \/>\n<meta property=\"og:site_name\" content=\"CultCaff\u00e9 - die Bio Kaffee R\u00f6sterei\" \/>\n<meta property=\"article:publisher\" content=\"https:\/\/www.facebook.com\/p\/Cult-Caff%c3%a8-die-R%c3%b6sterei-100039719724703\/?locale=de_DE\" \/>\n<meta property=\"article:modified_time\" content=\"2025-03-28T09:22:03+00:00\" \/>\n<meta property=\"og:image\" content=\"https:\/\/www.cultcaffe.at\/wp-content\/uploads\/2024\/06\/kaffeeabo.png\" \/>\n\t<meta property=\"og:image:width\" content=\"800\" \/>\n\t<meta property=\"og:image:height\" content=\"800\" \/>\n\t<meta property=\"og:image:type\" content=\"image\/png\" \/>\n<meta name=\"twitter:card\" content=\"summary_large_image\" \/>\n<meta name=\"twitter:label1\" content=\"Predpokladan\u00fd \u010das \u010d\u00edtania\" \/>\n\t<meta name=\"twitter:data1\" content=\"2 min\u00faty\" \/>\n<script type=\"application\/ld+json\" class=\"yoast-schema-graph\">{\"@context\":\"https:\\\/\\\/schema.org\",\"@graph\":[{\"@type\":\"WebPage\",\"@id\":\"https:\\\/\\\/www.cultcaffe.at\\\/kaffee-abo\\\/\",\"url\":\"https:\\\/\\\/www.cultcaffe.at\\\/kaffee-abo\\\/\",\"name\":\"Kaffee Abo von Cult Caff\u00e9 - jetzt sparen mit dem Kaffeeabo\",\"isPartOf\":{\"@id\":\"https:\\\/\\\/www.cultcaffe.at\\\/#website\"},\"primaryImageOfPage\":{\"@id\":\"https:\\\/\\\/www.cultcaffe.at\\\/kaffee-abo\\\/#primaryimage\"},\"image\":{\"@id\":\"https:\\\/\\\/www.cultcaffe.at\\\/kaffee-abo\\\/#primaryimage\"},\"thumbnailUrl\":\"https:\\\/\\\/www.cultcaffe.at\\\/wp-content\\\/uploads\\\/2024\\\/06\\\/kaffeeabo.png\",\"datePublished\":\"2024-06-26T11:11:17+00:00\",\"dateModified\":\"2025-03-28T09:22:03+00:00\",\"description\":\"\u2705 Beste Bio-Kaffeebohnen | regelm\u00e4\u00dfige Lieferung | Flexible Optionen \u2705 jederzeit k\u00fcndbar \u2705 ideal auch als Geschenk f\u00fcr Kaffeeliebhaber\",\"breadcrumb\":{\"@id\":\"https:\\\/\\\/www.cultcaffe.at\\\/kaffee-abo\\\/#breadcrumb\"},\"inLanguage\":\"sk-SK\",\"potentialAction\":[{\"@type\":\"ReadAction\",\"target\":[\"https:\\\/\\\/www.cultcaffe.at\\\/kaffee-abo\\\/\"]}]},{\"@type\":\"ImageObject\",\"inLanguage\":\"sk-SK\",\"@id\":\"https:\\\/\\\/www.cultcaffe.at\\\/kaffee-abo\\\/#primaryimage\",\"url\":\"https:\\\/\\\/www.cultcaffe.at\\\/wp-content\\\/uploads\\\/2024\\\/06\\\/kaffeeabo.png\",\"contentUrl\":\"https:\\\/\\\/www.cultcaffe.at\\\/wp-content\\\/uploads\\\/2024\\\/06\\\/kaffeeabo.png\"},{\"@type\":\"BreadcrumbList\",\"@id\":\"https:\\\/\\\/www.cultcaffe.at\\\/kaffee-abo\\\/#breadcrumb\",\"itemListElement\":[{\"@type\":\"ListItem\",\"position\":1,\"name\":\"Startseite\",\"item\":\"https:\\\/\\\/www.cultcaffe.at\\\/\"},{\"@type\":\"ListItem\",\"position\":2,\"name\":\"Kaffee Abo\"}]},{\"@type\":\"WebSite\",\"@id\":\"https:\\\/\\\/www.cultcaffe.at\\\/#website\",\"url\":\"https:\\\/\\\/www.cultcaffe.at\\\/\",\"name\":\"CultCaff\u00e9 - die Bio Kaffee R\u00f6sterei\",\"description\":\"Liebe zum Kaffee\",\"publisher\":{\"@id\":\"https:\\\/\\\/www.cultcaffe.at\\\/#organization\"},\"potentialAction\":[{\"@type\":\"SearchAction\",\"target\":{\"@type\":\"EntryPoint\",\"urlTemplate\":\"https:\\\/\\\/www.cultcaffe.at\\\/?s={search_term_string}\"},\"query-input\":{\"@type\":\"PropertyValueSpecification\",\"valueRequired\":true,\"valueName\":\"search_term_string\"}}],\"inLanguage\":\"sk-SK\"},{\"@type\":[\"Organization\",\"Place\"],\"@id\":\"https:\\\/\\\/www.cultcaffe.at\\\/#organization\",\"name\":\"CultCaff\u00e9 Kaffeer\u00f6sterei GmbH\",\"alternateName\":\"CultCaff\u00e9\",\"url\":\"https:\\\/\\\/www.cultcaffe.at\\\/\",\"logo\":{\"@id\":\"https:\\\/\\\/www.cultcaffe.at\\\/kaffee-abo\\\/#local-main-organization-logo\"},\"image\":{\"@id\":\"https:\\\/\\\/www.cultcaffe.at\\\/kaffee-abo\\\/#local-main-organization-logo\"},\"sameAs\":[\"https:\\\/\\\/www.facebook.com\\\/p\\\/Cult-Caff\u00e8-die-R\u00f6sterei-100039719724703\\\/?locale=de_DE\",\"https:\\\/\\\/www.instagram.com\\\/cultcaffe.at\\\/\"],\"hasMerchantReturnPolicy\":{\"@type\":\"MerchantReturnPolicy\",\"merchantReturnLink\":\"https:\\\/\\\/www.cultcaffe.at\\\/sk\\\/agbs\\\/\"},\"telephone\":[],\"openingHoursSpecification\":[{\"@type\":\"OpeningHoursSpecification\",\"dayOfWeek\":[\"Monday\",\"Tuesday\",\"Wednesday\",\"Thursday\",\"Friday\",\"Saturday\",\"Sunday\"],\"opens\":\"09:00\",\"closes\":\"17:00\"}]},{\"@type\":\"ImageObject\",\"inLanguage\":\"sk-SK\",\"@id\":\"https:\\\/\\\/www.cultcaffe.at\\\/kaffee-abo\\\/#local-main-organization-logo\",\"url\":\"https:\\\/\\\/www.cultcaffe.at\\\/wp-content\\\/uploads\\\/2023\\\/11\\\/cultcaffe_logo_regular_dark-1.svg\",\"contentUrl\":\"https:\\\/\\\/www.cultcaffe.at\\\/wp-content\\\/uploads\\\/2023\\\/11\\\/cultcaffe_logo_regular_dark-1.svg\",\"width\":756,\"height\":474,\"caption\":\"CultCaff\u00e9 Kaffeer\u00f6sterei GmbH\"}]}<\/script>\n<!-- \/ Yoast SEO plugin. -->","yoast_head_json":{"title":"Predplatn\u00e9 k\u00e1vy od Cult Caff\u00e9 - u\u0161etrite teraz s predplatn\u00fdm k\u00e1vy","description":"\u2705 Najlep\u0161ie organick\u00e9 k\u00e1vov\u00e9 zrn\u00e1 | Pravideln\u00e9 doru\u010denie | Flexibiln\u00e9 mo\u017enosti \u2705 Mo\u017enos\u0165 kedyko\u013evek zru\u0161i\u0165 objedn\u00e1vku \u2705 Ide\u00e1lne aj ako dar\u010dek pre milovn\u00edkov k\u00e1vy","robots":{"index":"index","follow":"follow","max-snippet":"max-snippet:-1","max-image-preview":"max-image-preview:large","max-video-preview":"max-video-preview:-1"},"canonical":"https:\/\/www.cultcaffe.at\/sk\/predplatne-na-kavu\/","og_locale":"sk_SK","og_type":"article","og_title":"Kaffee Abo von Cult Caff\u00e9 - jetzt sparen mit dem Kaffeeabo","og_description":"\u2705 Beste Bio-Kaffeebohnen | regelm\u00e4\u00dfige Lieferung | Flexible Optionen \u2705 jederzeit k\u00fcndbar \u2705 ideal auch als Geschenk f\u00fcr Kaffeeliebhaber","og_url":"https:\/\/www.cultcaffe.at\/sk\/predplatne-na-kavu\/","og_site_name":"CultCaff\u00e9 - die Bio Kaffee R\u00f6sterei","article_publisher":"https:\/\/www.facebook.com\/p\/Cult-Caff%c3%a8-die-R%c3%b6sterei-100039719724703\/?locale=de_DE","article_modified_time":"2025-03-28T09:22:03+00:00","og_image":[{"width":800,"height":800,"url":"https:\/\/www.cultcaffe.at\/wp-content\/uploads\/2024\/06\/kaffeeabo.png","type":"image\/png"}],"twitter_card":"summary_large_image","twitter_misc":{"Predpokladan\u00fd \u010das \u010d\u00edtania":"2 min\u00faty"},"schema":{"@context":"https:\/\/schema.org","@graph":[{"@type":"WebPage","@id":"https:\/\/www.cultcaffe.at\/kaffee-abo\/","url":"https:\/\/www.cultcaffe.at\/kaffee-abo\/","name":"Predplatn\u00e9 k\u00e1vy od Cult Caff\u00e9 - u\u0161etrite teraz s predplatn\u00fdm k\u00e1vy","isPartOf":{"@id":"https:\/\/www.cultcaffe.at\/#website"},"primaryImageOfPage":{"@id":"https:\/\/www.cultcaffe.at\/kaffee-abo\/#primaryimage"},"image":{"@id":"https:\/\/www.cultcaffe.at\/kaffee-abo\/#primaryimage"},"thumbnailUrl":"https:\/\/www.cultcaffe.at\/wp-content\/uploads\/2024\/06\/kaffeeabo.png","datePublished":"2024-06-26T11:11:17+00:00","dateModified":"2025-03-28T09:22:03+00:00","description":"\u2705 Najlep\u0161ie organick\u00e9 k\u00e1vov\u00e9 zrn\u00e1 | Pravideln\u00e9 doru\u010denie | Flexibiln\u00e9 mo\u017enosti \u2705 Mo\u017enos\u0165 kedyko\u013evek zru\u0161i\u0165 objedn\u00e1vku \u2705 Ide\u00e1lne aj ako dar\u010dek pre milovn\u00edkov k\u00e1vy","breadcrumb":{"@id":"https:\/\/www.cultcaffe.at\/kaffee-abo\/#breadcrumb"},"inLanguage":"sk-SK","potentialAction":[{"@type":"ReadAction","target":["https:\/\/www.cultcaffe.at\/kaffee-abo\/"]}]},{"@type":"ImageObject","inLanguage":"sk-SK","@id":"https:\/\/www.cultcaffe.at\/kaffee-abo\/#primaryimage","url":"https:\/\/www.cultcaffe.at\/wp-content\/uploads\/2024\/06\/kaffeeabo.png","contentUrl":"https:\/\/www.cultcaffe.at\/wp-content\/uploads\/2024\/06\/kaffeeabo.png"},{"@type":"BreadcrumbList","@id":"https:\/\/www.cultcaffe.at\/kaffee-abo\/#breadcrumb","itemListElement":[{"@type":"ListItem","position":1,"name":"Startseite","item":"https:\/\/www.cultcaffe.at\/"},{"@type":"ListItem","position":2,"name":"Kaffee Abo"}]},{"@type":"WebSite","@id":"https:\/\/www.cultcaffe.at\/#website","url":"https:\/\/www.cultcaffe.at\/","name":"CultCaff\u00e9 - pra\u017eiare\u0148 organickej k\u00e1vy","description":"L\u00e1ska ku k\u00e1ve","publisher":{"@id":"https:\/\/www.cultcaffe.at\/#organization"},"potentialAction":[{"@type":"SearchAction","target":{"@type":"EntryPoint","urlTemplate":"https:\/\/www.cultcaffe.at\/?s={search_term_string}"},"query-input":{"@type":"PropertyValueSpecification","valueRequired":true,"valueName":"search_term_string"}}],"inLanguage":"sk-SK"},{"@type":["Organization","Place"],"@id":"https:\/\/www.cultcaffe.at\/#organization","name":"CultCaff\u00e9 Coffee Roastery GmbH","alternateName":"CultCaff\u00e9","url":"https:\/\/www.cultcaffe.at\/","logo":{"@id":"https:\/\/www.cultcaffe.at\/kaffee-abo\/#local-main-organization-logo"},"image":{"@id":"https:\/\/www.cultcaffe.at\/kaffee-abo\/#local-main-organization-logo"},"sameAs":["https:\/\/www.facebook.com\/p\/Cult-Caff\u00e8-die-R\u00f6sterei-100039719724703\/?locale=de_DE","https:\/\/www.instagram.com\/cultcaffe.at\/"],"hasMerchantReturnPolicy":{"@type":"MerchantReturnPolicy","merchantReturnLink":"https:\/\/www.cultcaffe.at\/sk\/agbs\/"},"telephone":[],"openingHoursSpecification":[{"@type":"OpeningHoursSpecification","dayOfWeek":["Monday","Tuesday","Wednesday","Thursday","Friday","Saturday","Sunday"],"opens":"09:00","closes":"17:00"}]},{"@type":"ImageObject","inLanguage":"sk-SK","@id":"https:\/\/www.cultcaffe.at\/kaffee-abo\/#local-main-organization-logo","url":"https:\/\/www.cultcaffe.at\/wp-content\/uploads\/2023\/11\/cultcaffe_logo_regular_dark-1.svg","contentUrl":"https:\/\/www.cultcaffe.at\/wp-content\/uploads\/2023\/11\/cultcaffe_logo_regular_dark-1.svg","width":756,"height":474,"caption":"CultCaff\u00e9 Kaffeer\u00f6sterei GmbH"}]}},"_links":{"self":[{"href":"https:\/\/www.cultcaffe.at\/sk\/wp-json\/wp\/v2\/pages\/15243","targetHints":{"allow":["GET"]}}],"collection":[{"href":"https:\/\/www.cultcaffe.at\/sk\/wp-json\/wp\/v2\/pages"}],"about":[{"href":"https:\/\/www.cultcaffe.at\/sk\/wp-json\/wp\/v2\/types\/page"}],"author":[{"embeddable":true,"href":"https:\/\/www.cultcaffe.at\/sk\/wp-json\/wp\/v2\/users\/6"}],"replies":[{"embeddable":true,"href":"https:\/\/www.cultcaffe.at\/sk\/wp-json\/wp\/v2\/comments?post=15243"}],"version-history":[{"count":19,"href":"https:\/\/www.cultcaffe.at\/sk\/wp-json\/wp\/v2\/pages\/15243\/revisions"}],"predecessor-version":[{"id":17974,"href":"https:\/\/www.cultcaffe.at\/sk\/wp-json\/wp\/v2\/pages\/15243\/revisions\/17974"}],"wp:attachment":[{"href":"https:\/\/www.cultcaffe.at\/sk\/wp-json\/wp\/v2\/media?parent=15243"}],"curies":[{"name":"pracovn\u00fd list","href":"https:\/\/api.w.org\/{rel}","templated":true}]}}