{"id":19330,"date":"2026-01-30T11:22:15","date_gmt":"2026-01-30T10:22:15","guid":{"rendered":"https:\/\/www.cultcaffe.at\/?post_type=product&#038;p=19330"},"modified":"2026-02-18T15:39:51","modified_gmt":"2026-02-18T14:39:51","slug":"ekspres-do-kawy-w-pelni-automatyczny-smeg-classic-bcc11","status":"publish","type":"product","link":"https:\/\/www.cultcaffe.at\/pl\/produkt\/smeg-kaffeevollautomat-classic-bcc11\/","title":{"rendered":"SMEG W pe\u0142ni automatyczny ekspres do kawy Classic BCC11"},"content":{"rendered":"<h3 class=\"product-detail__title\">Dane techniczne<\/h3>\n<div class=\"product-detail__content\">\n<div class=\"details layout__twoCol row\">\n<div class=\"col-sm\">\n<ul>\n<li id=\"sectionDetail-13\" class=\"detail\"><span class=\"detail__label\">System ogrzewania: <\/span><span class=\"detail__txt\">Termoblok<\/span><\/li>\n<li id=\"sectionDetail-13\" class=\"detail\"><span class=\"detail__label\">Wyjmowana jednostka zaparzaj\u0105ca<\/span><\/li>\n<li id=\"sectionDetail-13\" class=\"detail\"><span class=\"detail__label\">Zintegrowany m\u0142ynek do kawy<\/span><\/li>\n<li id=\"sectionDetail-13\" class=\"detail\"><span class=\"detail__label\">Pojemno\u015b\u0107 pojemnika na ziarna kawy: 1<\/span><span class=\"detail__txt\">50 gram\u00f3w<\/span><\/li>\n<li id=\"sectionDetail-13\" class=\"detail\"><span class=\"detail__label\">Pojemno\u015b\u0107 pojemnika na fusy (liczba fus\u00f3w): <\/span><span class=\"detail__txt\">7<\/span><\/li>\n<li class=\"detail\"><span class=\"detail__label\">Wyjmowany zbiornik na wod\u0119<\/span><\/li>\n<li class=\"detail\"><span class=\"detail__label\">Pojemno\u015b\u0107 zbiornika na wod\u0119: <\/span><span class=\"detail__txt\">1,4 litra<\/span><\/li>\n<li class=\"detail\"><span class=\"detail__label\">Wyjmowana tacka na wod\u0119 resztkow\u0105<\/span><\/li>\n<li class=\"detail\"><span class=\"detail__label\">Du\u017ca tacka na kubki<\/span><\/li>\n<li class=\"detail\"><span class=\"detail__label\">Ci\u015bnienie pompy: <\/span><span class=\"detail__txt\">19 bar<\/span><\/li>\n<\/ul>\n<h3 class=\"product-detail__title\">Po\u0142\u0105czenie elektryczne<\/h3>\n<div class=\"product-detail__content\">\n<div class=\"details layout__twoCol row\">\n<div class=\"col-sm\">\n<ul>\n<li><span class=\"detail__label\">Wtyczka zasilania:<\/span><span class=\"detail__txt\">(F;E) Schuko<\/span><\/li>\n<li id=\"sectionDetail-15\" class=\"detail\"><span class=\"detail__label\">Napi\u0119cie: <\/span><span class=\"detail__txt\">220-240 V<\/span><\/li>\n<li class=\"detail\">Cz\u0119stotliwo\u015b\u0107: <span class=\"detail__txt\">50\/60 Hz<\/span><\/li>\n<li class=\"detail\">D\u0142ugo\u015b\u0107 przewodu zasilaj\u0105cego: <span class=\"detail__txt\">1 m<\/span><\/li>\n<\/ul>\n<\/div>\n<\/div>\n<\/div>\n<\/div>\n<\/div>\n<\/div>\n<h3 class=\"product-detail__title\">Akcesoria standardowe<\/h3>\n<div class=\"product-detail__content\">\n<div class=\"details layout__twoCol\">\n<div class=\"detail\"><span class=\"detail__label\">szczotka do czyszczenia<\/span><\/div>\n<div class=\"detail\"><span class=\"detail__label\">Paski testowe\/twardo\u015b\u0107 wody<\/span><\/div>\n<div><\/div>\n<h4 class=\"product-detail__title\"><a href=\"https:\/\/www.cultcaffe.at\/wp-content\/uploads\/2026\/01\/BCC11BLMEU_de-DE-Lieferumfang.pdf\">BCC11BLMEU_de-DE Zakres dostawy<\/a><\/h4>\n<h4 class=\"product-detail__title\"><a style=\"font-size: 16px;\" href=\"https:\/\/www.cultcaffe.at\/wp-content\/uploads\/2026\/01\/Bedienungsanleitung-Smeg-Vollautomat-BCC11.pdf\">Instrukcja obs\u0142ugi automatycznego ekspresu do kawy Smeg BCC11<\/a><\/h4>\n<\/div>\n<\/div>","protected":false},"excerpt":{"rendered":"<div class=\"main__description\">Elegancja i minimalistyczny design nowego, w pe\u0142ni automatycznego ekspresu do kawy nie pozostawia nic do \u017cyczenia. Niezale\u017cnie od tego, czy chodzi o ristretto, espresso czy americano.<\/div>\n<div class=\"main__description\">W pe\u0142ni automatyczny ekspres do kawy zapewnia wyj\u0105tkowe doznania smakowe.<\/div>\n<div class=\"main__description\">\n<ul>\n<li>System grzewczy Thermoblock umo\u017cliwiaj\u0105cy szybkie przygotowywanie kawy i sta\u0142\u0105 temperatur\u0119 parzenia i spieniania.<\/li>\n<li>Zintegrowany m\u0142ynek do kawy. Ciesz si\u0119 kaw\u0105 ze \u015bwie\u017co zmielonych ziaren kawy.<\/li>\n<li>Intuicyjna obs\u0142uga: Przejrzysta klawiatura do obs\u0142ugi jednym dotkni\u0119ciem \u2013 r\u00f3\u017cnorodno\u015b\u0107 kaw za dotkni\u0119ciem przycisku.<\/li>\n<li>Kompaktowy i oszcz\u0119dzaj\u0105cy miejsce<\/li>\n<li>Uchwyt na kubki ze stali nierdzewnej mo\u017cna \u0142atwo wyj\u0105\u0107, dzi\u0119ki czemu pod wylewk\u0105 do kawy zmieszcz\u0105 si\u0119 nawet wi\u0119ksze szklanki do latte macchiato.<\/li>\n<li>Ci\u015bnienie pompy 19 bar\u00f3w: dla uzyskania optymalnej, niezmiennie wysokiej jako\u015bci ekstrakcji kawy espresso.<\/li>\n<li>Multi-drinks: 7 napoj\u00f3w kawowych i funkcja gor\u0105cej wody<\/li>\n<\/ul>\n<\/div>","protected":false},"featured_media":19333,"template":"","meta":{"inline_featured_image":false},"product_brand":[],"product_cat":[314],"product_tag":[155,61,60,312,59,62,311,309,313],"class_list":{"0":"post-19330","1":"product","2":"type-product","3":"status-publish","4":"has-post-thumbnail","6":"product_cat-kaffeemaschinen","7":"product_tag-barista","8":"product_tag-cultcaffe","9":"product_tag-espresso","10":"product_tag-espressomaschine","11":"product_tag-kaffee","12":"product_tag-kaffeegenuss","13":"product_tag-kaffeemaschine","14":"product_tag-smeg","15":"product_tag-vollautomat","16":"product_shipping_class-kaffeemaschinen","18":"first","19":"instock","20":"taxable","21":"shipping-taxable","22":"purchasable","23":"product-type-variable"},"yoast_head":"<!-- This site is optimized with the Yoast SEO plugin v27.5 - https:\/\/yoast.com\/product\/yoast-seo-wordpress\/ -->\n<title>SMEG Kaffeevollautomat Classic BCC11 - CultCaff\u00e9 - die Bio Kaffee R\u00f6sterei<\/title>\n<meta name=\"robots\" content=\"index, follow, max-snippet:-1, max-image-preview:large, max-video-preview:-1\" \/>\n<link rel=\"canonical\" href=\"https:\/\/www.cultcaffe.at\/pl\/produkt\/ekspres-do-kawy-w-pelni-automatyczny-smeg-classic-bcc11\/\" \/>\n<meta property=\"og:locale\" content=\"pl_PL\" \/>\n<meta property=\"og:type\" content=\"article\" \/>\n<meta property=\"og:title\" content=\"SMEG Kaffeevollautomat Classic BCC11 - CultCaff\u00e9 - die Bio Kaffee R\u00f6sterei\" \/>\n<meta property=\"og:description\" content=\"Die Eleganz und das puristische Design des neuen Kaffeevollautomaten l\u00e4sst keine W\u00fcnsche offen. Egal ob Ristretto, Espresso oder Americano. Der Kaffeevollautomat bietet das besondere Kaffeeerlebnis.    Thermoblock-Heizsystem f\u00fcr eine schnelle Zubereitung des Kaffees und eine konstante Br\u00fch- und Dampftemperatur.  Integrierte Kaffeem\u00fchle. Kaffeegenuss aus frisch gemahlenen Kaffeebohnen.  Intuitive Bedienung: \u00dcbersichtliches Tastenfeld f\u00fcr One-Touch Funktionen - Kaffeevielfalt auf Knopfdruck  Kompakt und platzsparend  Der Tassentr\u00e4ger aus Edelstahl kann ganz einfach abgenommen werden, so passen auch gr\u00f6\u00dfere Latte Macchiato-Gl\u00e4ser unter den Kaffee-Auslauf.  19 bar Pumpendruck: f\u00fcr eine stets optimale Extraktion des Espressokaffees  Multigetr\u00e4nke: 7 Kaffeegetr\u00e4nke und Hei\u00dfwasserfunktion\" \/>\n<meta property=\"og:url\" content=\"https:\/\/www.cultcaffe.at\/pl\/produkt\/ekspres-do-kawy-w-pelni-automatyczny-smeg-classic-bcc11\/\" \/>\n<meta property=\"og:site_name\" content=\"CultCaff\u00e9 - die Bio Kaffee R\u00f6sterei\" \/>\n<meta property=\"article:publisher\" content=\"https:\/\/www.facebook.com\/p\/Cult-Caff%c3%a8-die-R%c3%b6sterei-100039719724703\/?locale=de_DE\" \/>\n<meta property=\"article:modified_time\" content=\"2026-02-18T14:39:51+00:00\" \/>\n<meta property=\"og:image\" content=\"https:\/\/www.cultcaffe.at\/wp-content\/uploads\/2026\/01\/BCC11BLMEU_9-Vollautomat-Kaffee.jpg\" \/>\n\t<meta property=\"og:image:width\" content=\"1300\" \/>\n\t<meta property=\"og:image:height\" content=\"1300\" \/>\n\t<meta property=\"og:image:type\" content=\"image\/jpeg\" \/>\n<meta name=\"twitter:card\" content=\"summary_large_image\" \/>\n<meta name=\"twitter:label1\" content=\"Dost\u0119pno\u015b\u0107\" \/>\n\t<meta name=\"twitter:data1\" content=\"Dost\u0119pny\" \/>\n<script type=\"application\/ld+json\" class=\"yoast-schema-graph\">{\"@context\":\"https:\\\/\\\/schema.org\",\"@graph\":[{\"@type\":\"WebPage\",\"@id\":\"https:\\\/\\\/www.cultcaffe.at\\\/produkt\\\/smeg-kaffeevollautomat-classic-bcc11\\\/\",\"url\":\"https:\\\/\\\/www.cultcaffe.at\\\/produkt\\\/smeg-kaffeevollautomat-classic-bcc11\\\/\",\"name\":\"SMEG Kaffeevollautomat Classic BCC11 - CultCaff\u00e9 - die Bio Kaffee R\u00f6sterei\",\"isPartOf\":{\"@id\":\"https:\\\/\\\/www.cultcaffe.at\\\/#website\"},\"primaryImageOfPage\":{\"@id\":\"https:\\\/\\\/www.cultcaffe.at\\\/produkt\\\/smeg-kaffeevollautomat-classic-bcc11\\\/#primaryimage\"},\"image\":{\"@id\":\"https:\\\/\\\/www.cultcaffe.at\\\/produkt\\\/smeg-kaffeevollautomat-classic-bcc11\\\/#primaryimage\"},\"thumbnailUrl\":\"https:\\\/\\\/www.cultcaffe.at\\\/wp-content\\\/uploads\\\/2026\\\/01\\\/BCC11BLMEU_9-Vollautomat-Kaffee.jpg\",\"datePublished\":\"2026-01-30T10:22:15+00:00\",\"dateModified\":\"2026-02-18T14:39:51+00:00\",\"breadcrumb\":{\"@id\":\"https:\\\/\\\/www.cultcaffe.at\\\/produkt\\\/smeg-kaffeevollautomat-classic-bcc11\\\/#breadcrumb\"},\"inLanguage\":\"pl-PL\",\"potentialAction\":[{\"@type\":\"ReadAction\",\"target\":[\"https:\\\/\\\/www.cultcaffe.at\\\/produkt\\\/smeg-kaffeevollautomat-classic-bcc11\\\/\"]}]},{\"@type\":\"ImageObject\",\"inLanguage\":\"pl-PL\",\"@id\":\"https:\\\/\\\/www.cultcaffe.at\\\/produkt\\\/smeg-kaffeevollautomat-classic-bcc11\\\/#primaryimage\",\"url\":\"https:\\\/\\\/www.cultcaffe.at\\\/wp-content\\\/uploads\\\/2026\\\/01\\\/BCC11BLMEU_9-Vollautomat-Kaffee.jpg\",\"contentUrl\":\"https:\\\/\\\/www.cultcaffe.at\\\/wp-content\\\/uploads\\\/2026\\\/01\\\/BCC11BLMEU_9-Vollautomat-Kaffee.jpg\",\"width\":1300,\"height\":1300},{\"@type\":\"BreadcrumbList\",\"@id\":\"https:\\\/\\\/www.cultcaffe.at\\\/produkt\\\/smeg-kaffeevollautomat-classic-bcc11\\\/#breadcrumb\",\"itemListElement\":[{\"@type\":\"ListItem\",\"position\":1,\"name\":\"Startseite\",\"item\":\"https:\\\/\\\/www.cultcaffe.at\\\/\"},{\"@type\":\"ListItem\",\"position\":2,\"name\":\"Produkte\",\"item\":\"https:\\\/\\\/www.cultcaffe.at\\\/shop\\\/\"},{\"@type\":\"ListItem\",\"position\":3,\"name\":\"SMEG Kaffeevollautomat Classic BCC11\"}]},{\"@type\":\"WebSite\",\"@id\":\"https:\\\/\\\/www.cultcaffe.at\\\/#website\",\"url\":\"https:\\\/\\\/www.cultcaffe.at\\\/\",\"name\":\"CultCaff\u00e9 - die Bio Kaffee R\u00f6sterei\",\"description\":\"Liebe zum Kaffee\",\"publisher\":{\"@id\":\"https:\\\/\\\/www.cultcaffe.at\\\/#organization\"},\"potentialAction\":[{\"@type\":\"SearchAction\",\"target\":{\"@type\":\"EntryPoint\",\"urlTemplate\":\"https:\\\/\\\/www.cultcaffe.at\\\/?s={search_term_string}\"},\"query-input\":{\"@type\":\"PropertyValueSpecification\",\"valueRequired\":true,\"valueName\":\"search_term_string\"}}],\"inLanguage\":\"pl-PL\"},{\"@type\":[\"Organization\",\"Place\"],\"@id\":\"https:\\\/\\\/www.cultcaffe.at\\\/#organization\",\"name\":\"CultCaff\u00e9 Kaffeer\u00f6sterei GmbH\",\"alternateName\":\"CultCaff\u00e9\",\"url\":\"https:\\\/\\\/www.cultcaffe.at\\\/\",\"logo\":{\"@id\":\"https:\\\/\\\/www.cultcaffe.at\\\/produkt\\\/smeg-kaffeevollautomat-classic-bcc11\\\/#local-main-organization-logo\"},\"image\":{\"@id\":\"https:\\\/\\\/www.cultcaffe.at\\\/produkt\\\/smeg-kaffeevollautomat-classic-bcc11\\\/#local-main-organization-logo\"},\"sameAs\":[\"https:\\\/\\\/www.facebook.com\\\/p\\\/Cult-Caff\u00e8-die-R\u00f6sterei-100039719724703\\\/?locale=de_DE\",\"https:\\\/\\\/www.instagram.com\\\/cultcaffe.at\\\/\"],\"hasMerchantReturnPolicy\":{\"@type\":\"MerchantReturnPolicy\",\"merchantReturnLink\":\"https:\\\/\\\/www.cultcaffe.at\\\/pl\\\/agbs\\\/\"},\"telephone\":[],\"openingHoursSpecification\":[{\"@type\":\"OpeningHoursSpecification\",\"dayOfWeek\":[\"Monday\",\"Tuesday\",\"Wednesday\",\"Thursday\",\"Friday\",\"Saturday\",\"Sunday\"],\"opens\":\"09:00\",\"closes\":\"17:00\"}]},{\"@type\":\"ImageObject\",\"inLanguage\":\"pl-PL\",\"@id\":\"https:\\\/\\\/www.cultcaffe.at\\\/produkt\\\/smeg-kaffeevollautomat-classic-bcc11\\\/#local-main-organization-logo\",\"url\":\"https:\\\/\\\/www.cultcaffe.at\\\/wp-content\\\/uploads\\\/2023\\\/11\\\/cultcaffe_logo_regular_dark-1.svg\",\"contentUrl\":\"https:\\\/\\\/www.cultcaffe.at\\\/wp-content\\\/uploads\\\/2023\\\/11\\\/cultcaffe_logo_regular_dark-1.svg\",\"width\":756,\"height\":474,\"caption\":\"CultCaff\u00e9 Kaffeer\u00f6sterei GmbH\"}]}<\/script>\n<meta property=\"og:availability\" content=\"instock\" \/>\n<meta property=\"product:availability\" content=\"instock\" \/>\n<meta property=\"product:condition\" content=\"new\" \/>\n<!-- \/ Yoast SEO plugin. -->","yoast_head_json":{"title":"Ekspres do kawy SMEG Classic BCC11 w pe\u0142ni automatyczny - CultCaff\u00e9 - organiczna palarnia kawy","robots":{"index":"index","follow":"follow","max-snippet":"max-snippet:-1","max-image-preview":"max-image-preview:large","max-video-preview":"max-video-preview:-1"},"canonical":"https:\/\/www.cultcaffe.at\/pl\/produkt\/ekspres-do-kawy-w-pelni-automatyczny-smeg-classic-bcc11\/","og_locale":"pl_PL","og_type":"article","og_title":"SMEG Kaffeevollautomat Classic BCC11 - CultCaff\u00e9 - die Bio Kaffee R\u00f6sterei","og_description":"Die Eleganz und das puristische Design des neuen Kaffeevollautomaten l\u00e4sst keine W\u00fcnsche offen. Egal ob Ristretto, Espresso oder Americano. Der Kaffeevollautomat bietet das besondere Kaffeeerlebnis.    Thermoblock-Heizsystem f\u00fcr eine schnelle Zubereitung des Kaffees und eine konstante Br\u00fch- und Dampftemperatur.  Integrierte Kaffeem\u00fchle. Kaffeegenuss aus frisch gemahlenen Kaffeebohnen.  Intuitive Bedienung: \u00dcbersichtliches Tastenfeld f\u00fcr One-Touch Funktionen - Kaffeevielfalt auf Knopfdruck  Kompakt und platzsparend  Der Tassentr\u00e4ger aus Edelstahl kann ganz einfach abgenommen werden, so passen auch gr\u00f6\u00dfere Latte Macchiato-Gl\u00e4ser unter den Kaffee-Auslauf.  19 bar Pumpendruck: f\u00fcr eine stets optimale Extraktion des Espressokaffees  Multigetr\u00e4nke: 7 Kaffeegetr\u00e4nke und Hei\u00dfwasserfunktion","og_url":"https:\/\/www.cultcaffe.at\/pl\/produkt\/ekspres-do-kawy-w-pelni-automatyczny-smeg-classic-bcc11\/","og_site_name":"CultCaff\u00e9 - die Bio Kaffee R\u00f6sterei","article_publisher":"https:\/\/www.facebook.com\/p\/Cult-Caff%c3%a8-die-R%c3%b6sterei-100039719724703\/?locale=de_DE","article_modified_time":"2026-02-18T14:39:51+00:00","og_image":[{"width":1300,"height":1300,"url":"https:\/\/www.cultcaffe.at\/wp-content\/uploads\/2026\/01\/BCC11BLMEU_9-Vollautomat-Kaffee.jpg","type":"image\/jpeg"}],"twitter_card":"summary_large_image","twitter_misc":{"Dost\u0119pno\u015b\u0107":"Dost\u0119pny"},"schema":{"@context":"https:\/\/schema.org","@graph":[{"@type":"WebPage","@id":"https:\/\/www.cultcaffe.at\/produkt\/smeg-kaffeevollautomat-classic-bcc11\/","url":"https:\/\/www.cultcaffe.at\/produkt\/smeg-kaffeevollautomat-classic-bcc11\/","name":"Ekspres do kawy SMEG Classic BCC11 w pe\u0142ni automatyczny - CultCaff\u00e9 - organiczna palarnia kawy","isPartOf":{"@id":"https:\/\/www.cultcaffe.at\/#website"},"primaryImageOfPage":{"@id":"https:\/\/www.cultcaffe.at\/produkt\/smeg-kaffeevollautomat-classic-bcc11\/#primaryimage"},"image":{"@id":"https:\/\/www.cultcaffe.at\/produkt\/smeg-kaffeevollautomat-classic-bcc11\/#primaryimage"},"thumbnailUrl":"https:\/\/www.cultcaffe.at\/wp-content\/uploads\/2026\/01\/BCC11BLMEU_9-Vollautomat-Kaffee.jpg","datePublished":"2026-01-30T10:22:15+00:00","dateModified":"2026-02-18T14:39:51+00:00","breadcrumb":{"@id":"https:\/\/www.cultcaffe.at\/produkt\/smeg-kaffeevollautomat-classic-bcc11\/#breadcrumb"},"inLanguage":"pl-PL","potentialAction":[{"@type":"ReadAction","target":["https:\/\/www.cultcaffe.at\/produkt\/smeg-kaffeevollautomat-classic-bcc11\/"]}]},{"@type":"ImageObject","inLanguage":"pl-PL","@id":"https:\/\/www.cultcaffe.at\/produkt\/smeg-kaffeevollautomat-classic-bcc11\/#primaryimage","url":"https:\/\/www.cultcaffe.at\/wp-content\/uploads\/2026\/01\/BCC11BLMEU_9-Vollautomat-Kaffee.jpg","contentUrl":"https:\/\/www.cultcaffe.at\/wp-content\/uploads\/2026\/01\/BCC11BLMEU_9-Vollautomat-Kaffee.jpg","width":1300,"height":1300},{"@type":"BreadcrumbList","@id":"https:\/\/www.cultcaffe.at\/produkt\/smeg-kaffeevollautomat-classic-bcc11\/#breadcrumb","itemListElement":[{"@type":"ListItem","position":1,"name":"Startseite","item":"https:\/\/www.cultcaffe.at\/"},{"@type":"ListItem","position":2,"name":"Produkte","item":"https:\/\/www.cultcaffe.at\/shop\/"},{"@type":"ListItem","position":3,"name":"SMEG Kaffeevollautomat Classic BCC11"}]},{"@type":"WebSite","@id":"https:\/\/www.cultcaffe.at\/#website","url":"https:\/\/www.cultcaffe.at\/","name":"CultCaff\u00e9 \u2013 organiczna palarnia kawy","description":"Mi\u0142o\u015b\u0107 do kawy","publisher":{"@id":"https:\/\/www.cultcaffe.at\/#organization"},"potentialAction":[{"@type":"SearchAction","target":{"@type":"EntryPoint","urlTemplate":"https:\/\/www.cultcaffe.at\/?s={search_term_string}"},"query-input":{"@type":"PropertyValueSpecification","valueRequired":true,"valueName":"search_term_string"}}],"inLanguage":"pl-PL"},{"@type":["Organization","Place"],"@id":"https:\/\/www.cultcaffe.at\/#organization","name":"CultCaff\u00e9 Coffee Roastery GmbH","alternateName":"CultCaff\u00e9","url":"https:\/\/www.cultcaffe.at\/","logo":{"@id":"https:\/\/www.cultcaffe.at\/produkt\/smeg-kaffeevollautomat-classic-bcc11\/#local-main-organization-logo"},"image":{"@id":"https:\/\/www.cultcaffe.at\/produkt\/smeg-kaffeevollautomat-classic-bcc11\/#local-main-organization-logo"},"sameAs":["https:\/\/www.facebook.com\/p\/Cult-Caff\u00e8-die-R\u00f6sterei-100039719724703\/?locale=de_DE","https:\/\/www.instagram.com\/cultcaffe.at\/"],"hasMerchantReturnPolicy":{"@type":"MerchantReturnPolicy","merchantReturnLink":"https:\/\/www.cultcaffe.at\/pl\/agbs\/"},"telephone":[],"openingHoursSpecification":[{"@type":"OpeningHoursSpecification","dayOfWeek":["Monday","Tuesday","Wednesday","Thursday","Friday","Saturday","Sunday"],"opens":"09:00","closes":"17:00"}]},{"@type":"ImageObject","inLanguage":"pl-PL","@id":"https:\/\/www.cultcaffe.at\/produkt\/smeg-kaffeevollautomat-classic-bcc11\/#local-main-organization-logo","url":"https:\/\/www.cultcaffe.at\/wp-content\/uploads\/2023\/11\/cultcaffe_logo_regular_dark-1.svg","contentUrl":"https:\/\/www.cultcaffe.at\/wp-content\/uploads\/2023\/11\/cultcaffe_logo_regular_dark-1.svg","width":756,"height":474,"caption":"CultCaff\u00e9 Kaffeer\u00f6sterei GmbH"}]},"og_availability":"instock","product_availability":"instock","product_condition":"new"},"_links":{"self":[{"href":"https:\/\/www.cultcaffe.at\/pl\/wp-json\/wp\/v2\/product\/19330","targetHints":{"allow":["GET"]}}],"collection":[{"href":"https:\/\/www.cultcaffe.at\/pl\/wp-json\/wp\/v2\/product"}],"about":[{"href":"https:\/\/www.cultcaffe.at\/pl\/wp-json\/wp\/v2\/types\/product"}],"wp:featuredmedia":[{"embeddable":true,"href":"https:\/\/www.cultcaffe.at\/pl\/wp-json\/wp\/v2\/media\/19333"}],"wp:attachment":[{"href":"https:\/\/www.cultcaffe.at\/pl\/wp-json\/wp\/v2\/media?parent=19330"}],"wp:term":[{"taxonomy":"product_brand","embeddable":true,"href":"https:\/\/www.cultcaffe.at\/pl\/wp-json\/wp\/v2\/product_brand?post=19330"},{"taxonomy":"product_cat","embeddable":true,"href":"https:\/\/www.cultcaffe.at\/pl\/wp-json\/wp\/v2\/product_cat?post=19330"},{"taxonomy":"product_tag","embeddable":true,"href":"https:\/\/www.cultcaffe.at\/pl\/wp-json\/wp\/v2\/product_tag?post=19330"}],"curies":[{"name":"wp","href":"https:\/\/api.w.org\/{rel}","templated":true}]}}