{"id":19187,"date":"2025-12-16T14:07:39","date_gmt":"2025-12-16T13:07:39","guid":{"rendered":"https:\/\/www.cultcaffe.at\/?post_type=product&#038;p=19187"},"modified":"2025-12-16T14:25:03","modified_gmt":"2025-12-16T13:25:03","slug":"pudelko-prezentowe-cultcaffe-natural","status":"publish","type":"product","link":"https:\/\/www.cultcaffe.at\/pl\/produkt\/geschenkkarton-cultcaffe-natur\/","title":{"rendered":"Pude\u0142ko prezentowe CultCaff\u00e8 naturalne"},"content":{"rendered":"<p>Pi\u0119kne, wytrzyma\u0142e pude\u0142ko prezentowe z wyt\u0142oczonym logo Cult Caff\u00e8, idealne na ka\u017cd\u0105 okazj\u0119 \u2013 zam\u00f3w je ju\u017c teraz, a Twoja kawa zostanie pi\u0119knie zapakowana!<\/p>\n<p>Idealnie nadaje si\u0119 do 2 x 250g CultCaff\u00e8 lub 1 x 500g CultCaff\u00e8 (<em>Kawa i dodatki nie s\u0105 zawarte w cenie<\/em>.)<\/p>\n<p><strong>Wymiary: d\u0142. 26,5 cm x szer. 18 cm x wys. 7 cm<\/strong><\/p>\n<p>&nbsp;<\/p>","protected":false},"excerpt":{"rendered":"<p>Pude\u0142ko prezentowe CultCaff\u00e8<\/p>","protected":false},"featured_media":19188,"template":"","meta":{"inline_featured_image":false},"product_brand":[],"product_cat":[204,211],"product_tag":[302,94,60,303,95,301,59,62,70,300,304,130],"class_list":{"0":"post-19187","1":"product","2":"type-product","3":"status-publish","4":"has-post-thumbnail","6":"product_cat-zubehoer","7":"product_cat-geschenkideen","8":"product_tag-box","9":"product_tag-cult-caffe","10":"product_tag-espresso","11":"product_tag-geburtstag","12":"product_tag-geschenk","13":"product_tag-geschenkkarton","14":"product_tag-kaffee","15":"product_tag-kaffeegenuss","16":"product_tag-kaffeezubehoer","17":"product_tag-karton","18":"product_tag-verpackung","19":"product_tag-weihnachten","21":"first","22":"instock","23":"taxable","24":"shipping-taxable","25":"purchasable","26":"product-type-simple"},"yoast_head":"<!-- This site is optimized with the Yoast SEO plugin v27.6 - https:\/\/yoast.com\/product\/yoast-seo-wordpress\/ -->\n<title>Geschenkkarton CultCaff\u00e8 natur - CultCaff\u00e9 - die Bio Kaffee R\u00f6sterei<\/title>\n<meta name=\"robots\" content=\"index, follow, max-snippet:-1, max-image-preview:large, max-video-preview:-1\" \/>\n<link rel=\"canonical\" href=\"https:\/\/www.cultcaffe.at\/pl\/produkt\/pudelko-prezentowe-cultcaffe-natural\/\" \/>\n<meta property=\"og:locale\" content=\"pl_PL\" \/>\n<meta property=\"og:type\" content=\"article\" \/>\n<meta property=\"og:title\" content=\"Geschenkkarton CultCaff\u00e8 natur - CultCaff\u00e9 - die Bio Kaffee R\u00f6sterei\" \/>\n<meta property=\"og:description\" content=\"Geschenkkarton CultCaff\u00e8\" \/>\n<meta property=\"og:url\" content=\"https:\/\/www.cultcaffe.at\/pl\/produkt\/pudelko-prezentowe-cultcaffe-natural\/\" \/>\n<meta property=\"og:site_name\" content=\"CultCaff\u00e9 - die Bio Kaffee R\u00f6sterei\" \/>\n<meta property=\"article:publisher\" content=\"https:\/\/www.facebook.com\/p\/Cult-Caff%c3%a8-die-R%c3%b6sterei-100039719724703\/?locale=de_DE\" \/>\n<meta property=\"article:modified_time\" content=\"2025-12-16T13:25:03+00:00\" \/>\n<meta property=\"og:image\" content=\"https:\/\/www.cultcaffe.at\/wp-content\/uploads\/2025\/12\/Box-natur-front.jpg\" \/>\n\t<meta property=\"og:image:width\" content=\"480\" \/>\n\t<meta property=\"og:image:height\" content=\"640\" \/>\n\t<meta property=\"og:image:type\" content=\"image\/jpeg\" \/>\n<meta name=\"twitter:card\" content=\"summary_large_image\" \/>\n<meta name=\"twitter:label1\" content=\"Cena\" \/>\n\t<meta name=\"twitter:data1\" content=\"&euro;&nbsp;3,50\" \/>\n\t<meta name=\"twitter:label2\" content=\"Dost\u0119pno\u015b\u0107\" \/>\n\t<meta name=\"twitter:data2\" content=\"Dost\u0119pny\" \/>\n<script type=\"application\/ld+json\" class=\"yoast-schema-graph\">{\"@context\":\"https:\\\/\\\/schema.org\",\"@graph\":[{\"@type\":\"WebPage\",\"@id\":\"https:\\\/\\\/www.cultcaffe.at\\\/produkt\\\/geschenkkarton-cultcaffe-natur\\\/\",\"url\":\"https:\\\/\\\/www.cultcaffe.at\\\/produkt\\\/geschenkkarton-cultcaffe-natur\\\/\",\"name\":\"Geschenkkarton CultCaff\u00e8 natur - CultCaff\u00e9 - die Bio Kaffee R\u00f6sterei\",\"isPartOf\":{\"@id\":\"https:\\\/\\\/www.cultcaffe.at\\\/#website\"},\"primaryImageOfPage\":{\"@id\":\"https:\\\/\\\/www.cultcaffe.at\\\/produkt\\\/geschenkkarton-cultcaffe-natur\\\/#primaryimage\"},\"image\":{\"@id\":\"https:\\\/\\\/www.cultcaffe.at\\\/produkt\\\/geschenkkarton-cultcaffe-natur\\\/#primaryimage\"},\"thumbnailUrl\":\"https:\\\/\\\/www.cultcaffe.at\\\/wp-content\\\/uploads\\\/2025\\\/12\\\/Box-natur-front.jpg\",\"datePublished\":\"2025-12-16T13:07:39+00:00\",\"dateModified\":\"2025-12-16T13:25:03+00:00\",\"breadcrumb\":{\"@id\":\"https:\\\/\\\/www.cultcaffe.at\\\/produkt\\\/geschenkkarton-cultcaffe-natur\\\/#breadcrumb\"},\"inLanguage\":\"pl-PL\",\"potentialAction\":[{\"@type\":\"ReadAction\",\"target\":[\"https:\\\/\\\/www.cultcaffe.at\\\/produkt\\\/geschenkkarton-cultcaffe-natur\\\/\"]}]},{\"@type\":\"ImageObject\",\"inLanguage\":\"pl-PL\",\"@id\":\"https:\\\/\\\/www.cultcaffe.at\\\/produkt\\\/geschenkkarton-cultcaffe-natur\\\/#primaryimage\",\"url\":\"https:\\\/\\\/www.cultcaffe.at\\\/wp-content\\\/uploads\\\/2025\\\/12\\\/Box-natur-front.jpg\",\"contentUrl\":\"https:\\\/\\\/www.cultcaffe.at\\\/wp-content\\\/uploads\\\/2025\\\/12\\\/Box-natur-front.jpg\",\"width\":480,\"height\":640},{\"@type\":\"BreadcrumbList\",\"@id\":\"https:\\\/\\\/www.cultcaffe.at\\\/produkt\\\/geschenkkarton-cultcaffe-natur\\\/#breadcrumb\",\"itemListElement\":[{\"@type\":\"ListItem\",\"position\":1,\"name\":\"Startseite\",\"item\":\"https:\\\/\\\/www.cultcaffe.at\\\/\"},{\"@type\":\"ListItem\",\"position\":2,\"name\":\"Produkte\",\"item\":\"https:\\\/\\\/www.cultcaffe.at\\\/shop\\\/\"},{\"@type\":\"ListItem\",\"position\":3,\"name\":\"Geschenkkarton CultCaff\u00e8 natur\"}]},{\"@type\":\"WebSite\",\"@id\":\"https:\\\/\\\/www.cultcaffe.at\\\/#website\",\"url\":\"https:\\\/\\\/www.cultcaffe.at\\\/\",\"name\":\"CultCaff\u00e9 - die Bio Kaffee R\u00f6sterei\",\"description\":\"Liebe zum Kaffee\",\"publisher\":{\"@id\":\"https:\\\/\\\/www.cultcaffe.at\\\/#organization\"},\"potentialAction\":[{\"@type\":\"SearchAction\",\"target\":{\"@type\":\"EntryPoint\",\"urlTemplate\":\"https:\\\/\\\/www.cultcaffe.at\\\/?s={search_term_string}\"},\"query-input\":{\"@type\":\"PropertyValueSpecification\",\"valueRequired\":true,\"valueName\":\"search_term_string\"}}],\"inLanguage\":\"pl-PL\"},{\"@type\":[\"Organization\",\"Place\"],\"@id\":\"https:\\\/\\\/www.cultcaffe.at\\\/#organization\",\"name\":\"CultCaff\u00e9 Kaffeer\u00f6sterei GmbH\",\"alternateName\":\"CultCaff\u00e9\",\"url\":\"https:\\\/\\\/www.cultcaffe.at\\\/\",\"logo\":{\"@id\":\"https:\\\/\\\/www.cultcaffe.at\\\/produkt\\\/geschenkkarton-cultcaffe-natur\\\/#local-main-organization-logo\"},\"image\":{\"@id\":\"https:\\\/\\\/www.cultcaffe.at\\\/produkt\\\/geschenkkarton-cultcaffe-natur\\\/#local-main-organization-logo\"},\"sameAs\":[\"https:\\\/\\\/www.facebook.com\\\/p\\\/Cult-Caff\u00e8-die-R\u00f6sterei-100039719724703\\\/?locale=de_DE\",\"https:\\\/\\\/www.instagram.com\\\/cultcaffe.at\\\/\"],\"hasMerchantReturnPolicy\":{\"@type\":\"MerchantReturnPolicy\",\"merchantReturnLink\":\"https:\\\/\\\/www.cultcaffe.at\\\/pl\\\/agbs\\\/\"},\"telephone\":[],\"openingHoursSpecification\":[{\"@type\":\"OpeningHoursSpecification\",\"dayOfWeek\":[\"Monday\",\"Tuesday\",\"Wednesday\",\"Thursday\",\"Friday\",\"Saturday\",\"Sunday\"],\"opens\":\"09:00\",\"closes\":\"17:00\"}]},{\"@type\":\"ImageObject\",\"inLanguage\":\"pl-PL\",\"@id\":\"https:\\\/\\\/www.cultcaffe.at\\\/produkt\\\/geschenkkarton-cultcaffe-natur\\\/#local-main-organization-logo\",\"url\":\"https:\\\/\\\/www.cultcaffe.at\\\/wp-content\\\/uploads\\\/2023\\\/11\\\/cultcaffe_logo_regular_dark-1.svg\",\"contentUrl\":\"https:\\\/\\\/www.cultcaffe.at\\\/wp-content\\\/uploads\\\/2023\\\/11\\\/cultcaffe_logo_regular_dark-1.svg\",\"width\":756,\"height\":474,\"caption\":\"CultCaff\u00e9 Kaffeer\u00f6sterei GmbH\"}]}<\/script>\n<meta property=\"product:price:amount\" content=\"3.50\" \/>\n<meta property=\"product:price:currency\" content=\"EUR\" \/>\n<meta property=\"og:availability\" content=\"instock\" \/>\n<meta property=\"product:availability\" content=\"instock\" \/>\n<meta property=\"product:condition\" content=\"new\" \/>\n<!-- \/ Yoast SEO plugin. -->","yoast_head_json":{"title":"Pude\u0142ko prezentowe CultCaff\u00e8 naturalne - CultCaff\u00e8 - organiczna palarnia kawy","robots":{"index":"index","follow":"follow","max-snippet":"max-snippet:-1","max-image-preview":"max-image-preview:large","max-video-preview":"max-video-preview:-1"},"canonical":"https:\/\/www.cultcaffe.at\/pl\/produkt\/pudelko-prezentowe-cultcaffe-natural\/","og_locale":"pl_PL","og_type":"article","og_title":"Geschenkkarton CultCaff\u00e8 natur - CultCaff\u00e9 - die Bio Kaffee R\u00f6sterei","og_description":"Geschenkkarton CultCaff\u00e8","og_url":"https:\/\/www.cultcaffe.at\/pl\/produkt\/pudelko-prezentowe-cultcaffe-natural\/","og_site_name":"CultCaff\u00e9 - die Bio Kaffee R\u00f6sterei","article_publisher":"https:\/\/www.facebook.com\/p\/Cult-Caff%c3%a8-die-R%c3%b6sterei-100039719724703\/?locale=de_DE","article_modified_time":"2025-12-16T13:25:03+00:00","og_image":[{"width":480,"height":640,"url":"https:\/\/www.cultcaffe.at\/wp-content\/uploads\/2025\/12\/Box-natur-front.jpg","type":"image\/jpeg"}],"twitter_card":"summary_large_image","twitter_misc":{"Cena":"&euro;&nbsp;3,50","Dost\u0119pno\u015b\u0107":"Dost\u0119pny"},"schema":{"@context":"https:\/\/schema.org","@graph":[{"@type":"WebPage","@id":"https:\/\/www.cultcaffe.at\/produkt\/geschenkkarton-cultcaffe-natur\/","url":"https:\/\/www.cultcaffe.at\/produkt\/geschenkkarton-cultcaffe-natur\/","name":"Pude\u0142ko prezentowe CultCaff\u00e8 naturalne - CultCaff\u00e8 - organiczna palarnia kawy","isPartOf":{"@id":"https:\/\/www.cultcaffe.at\/#website"},"primaryImageOfPage":{"@id":"https:\/\/www.cultcaffe.at\/produkt\/geschenkkarton-cultcaffe-natur\/#primaryimage"},"image":{"@id":"https:\/\/www.cultcaffe.at\/produkt\/geschenkkarton-cultcaffe-natur\/#primaryimage"},"thumbnailUrl":"https:\/\/www.cultcaffe.at\/wp-content\/uploads\/2025\/12\/Box-natur-front.jpg","datePublished":"2025-12-16T13:07:39+00:00","dateModified":"2025-12-16T13:25:03+00:00","breadcrumb":{"@id":"https:\/\/www.cultcaffe.at\/produkt\/geschenkkarton-cultcaffe-natur\/#breadcrumb"},"inLanguage":"pl-PL","potentialAction":[{"@type":"ReadAction","target":["https:\/\/www.cultcaffe.at\/produkt\/geschenkkarton-cultcaffe-natur\/"]}]},{"@type":"ImageObject","inLanguage":"pl-PL","@id":"https:\/\/www.cultcaffe.at\/produkt\/geschenkkarton-cultcaffe-natur\/#primaryimage","url":"https:\/\/www.cultcaffe.at\/wp-content\/uploads\/2025\/12\/Box-natur-front.jpg","contentUrl":"https:\/\/www.cultcaffe.at\/wp-content\/uploads\/2025\/12\/Box-natur-front.jpg","width":480,"height":640},{"@type":"BreadcrumbList","@id":"https:\/\/www.cultcaffe.at\/produkt\/geschenkkarton-cultcaffe-natur\/#breadcrumb","itemListElement":[{"@type":"ListItem","position":1,"name":"Startseite","item":"https:\/\/www.cultcaffe.at\/"},{"@type":"ListItem","position":2,"name":"Produkte","item":"https:\/\/www.cultcaffe.at\/shop\/"},{"@type":"ListItem","position":3,"name":"Geschenkkarton CultCaff\u00e8 natur"}]},{"@type":"WebSite","@id":"https:\/\/www.cultcaffe.at\/#website","url":"https:\/\/www.cultcaffe.at\/","name":"CultCaff\u00e9 \u2013 organiczna palarnia kawy","description":"Mi\u0142o\u015b\u0107 do kawy","publisher":{"@id":"https:\/\/www.cultcaffe.at\/#organization"},"potentialAction":[{"@type":"SearchAction","target":{"@type":"EntryPoint","urlTemplate":"https:\/\/www.cultcaffe.at\/?s={search_term_string}"},"query-input":{"@type":"PropertyValueSpecification","valueRequired":true,"valueName":"search_term_string"}}],"inLanguage":"pl-PL"},{"@type":["Organization","Place"],"@id":"https:\/\/www.cultcaffe.at\/#organization","name":"CultCaff\u00e9 Coffee Roastery GmbH","alternateName":"CultCaff\u00e9","url":"https:\/\/www.cultcaffe.at\/","logo":{"@id":"https:\/\/www.cultcaffe.at\/produkt\/geschenkkarton-cultcaffe-natur\/#local-main-organization-logo"},"image":{"@id":"https:\/\/www.cultcaffe.at\/produkt\/geschenkkarton-cultcaffe-natur\/#local-main-organization-logo"},"sameAs":["https:\/\/www.facebook.com\/p\/Cult-Caff\u00e8-die-R\u00f6sterei-100039719724703\/?locale=de_DE","https:\/\/www.instagram.com\/cultcaffe.at\/"],"hasMerchantReturnPolicy":{"@type":"MerchantReturnPolicy","merchantReturnLink":"https:\/\/www.cultcaffe.at\/pl\/agbs\/"},"telephone":[],"openingHoursSpecification":[{"@type":"OpeningHoursSpecification","dayOfWeek":["Monday","Tuesday","Wednesday","Thursday","Friday","Saturday","Sunday"],"opens":"09:00","closes":"17:00"}]},{"@type":"ImageObject","inLanguage":"pl-PL","@id":"https:\/\/www.cultcaffe.at\/produkt\/geschenkkarton-cultcaffe-natur\/#local-main-organization-logo","url":"https:\/\/www.cultcaffe.at\/wp-content\/uploads\/2023\/11\/cultcaffe_logo_regular_dark-1.svg","contentUrl":"https:\/\/www.cultcaffe.at\/wp-content\/uploads\/2023\/11\/cultcaffe_logo_regular_dark-1.svg","width":756,"height":474,"caption":"CultCaff\u00e9 Kaffeer\u00f6sterei GmbH"}]},"product_price_amount":"3.50","product_price_currency":"EUR","og_availability":"instock","product_availability":"instock","product_condition":"new"},"_links":{"self":[{"href":"https:\/\/www.cultcaffe.at\/pl\/wp-json\/wp\/v2\/product\/19187","targetHints":{"allow":["GET"]}}],"collection":[{"href":"https:\/\/www.cultcaffe.at\/pl\/wp-json\/wp\/v2\/product"}],"about":[{"href":"https:\/\/www.cultcaffe.at\/pl\/wp-json\/wp\/v2\/types\/product"}],"wp:featuredmedia":[{"embeddable":true,"href":"https:\/\/www.cultcaffe.at\/pl\/wp-json\/wp\/v2\/media\/19188"}],"wp:attachment":[{"href":"https:\/\/www.cultcaffe.at\/pl\/wp-json\/wp\/v2\/media?parent=19187"}],"wp:term":[{"taxonomy":"product_brand","embeddable":true,"href":"https:\/\/www.cultcaffe.at\/pl\/wp-json\/wp\/v2\/product_brand?post=19187"},{"taxonomy":"product_cat","embeddable":true,"href":"https:\/\/www.cultcaffe.at\/pl\/wp-json\/wp\/v2\/product_cat?post=19187"},{"taxonomy":"product_tag","embeddable":true,"href":"https:\/\/www.cultcaffe.at\/pl\/wp-json\/wp\/v2\/product_tag?post=19187"}],"curies":[{"name":"wp","href":"https:\/\/api.w.org\/{rel}","templated":true}]}}