{"id":15566,"date":"2024-09-27T11:37:20","date_gmt":"2024-09-27T09:37:20","guid":{"rendered":"https:\/\/www.cultcaffe.at\/?post_type=product&#038;p=15566"},"modified":"2024-09-27T11:42:54","modified_gmt":"2024-09-27T09:42:54","slug":"gabki-luffa-do-pocalunkow-pod-pachami-3-szt","status":"publish","type":"product","link":"https:\/\/www.cultcaffe.at\/pl\/produkt\/achselkuss-luffaschwaemme-3-stk\/","title":{"rendered":"G\u0105bki luffa do poca\u0142unk\u00f3w pod pachami 3 szt."},"content":{"rendered":"<p><strong>Zawarto\u015b\u0107: 3 g\u0105bki luffa do mydelniczki lub peelingu do cia\u0142a<\/strong><\/p>\n<p>Odrobina luffy jako wyraz wielkiej mi\u0142o\u015bci do myd\u0142a: Delikatna g\u0105bka luffy wch\u0142ania wilgo\u0107 i pozwala myd\u0142u wyschn\u0105\u0107 szybciej.<\/p>\n<p><strong>Delikatna g\u0105bka. Silny efekt.<\/strong>\u00a0Naturalna g\u0105bka wykonana z suszonego i prasowanego mi\u0105\u017cszu dyni g\u0105bczastej to co\u015b wi\u0119cej ni\u017c tylko warzywo: mo\u017cna jej u\u017cywa\u0107 jako mydelniczki, szorowarki i towarzysza podr\u00f3\u017cy.<\/p>\n<p>W zestawie ACHSELKUSS otrzymujesz\u00a0<strong>3 g\u0105bki luffa<\/strong>. Uniwersalne podk\u0142adki s\u0105 trwa\u0142e i nadaj\u0105 si\u0119 do kompostowania.<\/p>\n<p><strong>Zestaw podr\u00f3\u017cny:<\/strong>\u00a0W\u00a0<a href=\"https:\/\/achselkuss.at\/upcycling\/\">puste puszki ACHSELKUSS<\/a>\u00a0G\u0105bka luffa staje si\u0119 dla Ciebie \u0142\u00f3\u017ceczkiem podr\u00f3\u017cnym\u00a0<strong>Myd\u0142o<\/strong>. Doskonale sprawdzi si\u0119 w podr\u00f3\u017cy lub jako mydelniczka w \u0142azience.<\/p>\n<p>G\u0105bki luffa maj\u0105 wiele zastosowa\u0144:<\/p>\n<ul>\n<li><strong>Jako mydelniczka:<\/strong>\u00a0Po u\u017cyciu na\u0142\u00f3\u017c myd\u0142o na g\u0105bk\u0119. Regularnie sp\u0142ukuj resztki myd\u0142a.<\/li>\n<li><strong>Jako peeling:<\/strong>\u00a0Aby uzyska\u0107 efekt peelingu, delikatnie wmasuj piank\u0119 mydlan\u0105 w sk\u00f3r\u0119 cia\u0142a za pomoc\u0105 dobrze nawil\u017conej g\u0105bki luffa. Dok\u0142adnie op\u0142ucz sk\u00f3r\u0119 i g\u0105bk\u0119, a nast\u0119pnie pozostaw wacik luffa do wyschni\u0119cia na powietrzu. Ca\u0142e cia\u0142o z wyj\u0105tkiem twarzy.<\/li>\n<li><strong>Kompostowalny<\/strong>:Kiedy g\u0105bka luffa nie b\u0119dzie ju\u017c nadawa\u0142a si\u0119 do u\u017cytku, mo\u017cna j\u0105 wyrzuci\u0107 do odpad\u00f3w organicznych lub na kompost.<\/li>\n<li><strong>Prosz\u0119 zwr\u00f3ci\u0107 uwag\u0119<\/strong>\u017ce produkt naturalny jest stosowany z myd\u0142em\u00a0<strong>odbarwia\u0107<\/strong>\u00a0lub mog\u0105 si\u0119 poluzowa\u0107 drobne nitki. Nie powoduje to pogorszenia jako\u015bci ani funkcjonalno\u015bci g\u0105bki.<\/li>\n<li><strong>Suchy<\/strong>\u00a0sklep<\/li>\n<\/ul>\n<p><strong>Po prostu naturalne:<\/strong>\u00a0Luffa to naturalny produkt wytwarzany z g\u0105bczastej tykwy\u00a0<em>(Luffa egipska)<\/em>.<\/p>","protected":false},"excerpt":{"rendered":"<p><strong>Zawarto\u015b\u0107: 3 g\u0105bki luffa do mydelniczki lub peelingu do cia\u0142a<\/strong><\/p>","protected":false},"featured_media":15567,"template":"","meta":{"inline_featured_image":false},"product_brand":[],"product_cat":[211,214],"product_tag":[145,61,134,139,140,130],"class_list":{"0":"post-15566","1":"product","2":"type-product","3":"status-publish","4":"has-post-thumbnail","6":"product_cat-geschenkideen","7":"product_cat-kaffeeseife-achselkuss-deo","8":"product_tag-achselkuss","9":"product_tag-cultcaffe","10":"product_tag-geschenke","11":"product_tag-geschenkidee","12":"product_tag-seife","13":"product_tag-weihnachten","15":"first","16":"instock","17":"taxable","18":"shipping-taxable","19":"purchasable","20":"product-type-simple"},"yoast_head":"<!-- This site is optimized with the Yoast SEO plugin v27.6 - https:\/\/yoast.com\/product\/yoast-seo-wordpress\/ -->\n<title>Achselkuss Luffaschw\u00e4mme 3 Stk. - CultCaff\u00e9 - die Bio Kaffee R\u00f6sterei<\/title>\n<meta name=\"robots\" content=\"index, follow, max-snippet:-1, max-image-preview:large, max-video-preview:-1\" \/>\n<link rel=\"canonical\" href=\"https:\/\/www.cultcaffe.at\/pl\/produkt\/gabki-luffa-do-pocalunkow-pod-pachami-3-szt\/\" \/>\n<meta property=\"og:locale\" content=\"pl_PL\" \/>\n<meta property=\"og:type\" content=\"article\" \/>\n<meta property=\"og:title\" content=\"Achselkuss Luffaschw\u00e4mme 3 Stk. - CultCaff\u00e9 - die Bio Kaffee R\u00f6sterei\" \/>\n<meta property=\"og:description\" content=\"Inhalt: 3 St\u00fcck Luffa-Schw\u00e4mme als Seifenablage oder K\u00f6rperpeeling\" \/>\n<meta property=\"og:url\" content=\"https:\/\/www.cultcaffe.at\/pl\/produkt\/gabki-luffa-do-pocalunkow-pod-pachami-3-szt\/\" \/>\n<meta property=\"og:site_name\" content=\"CultCaff\u00e9 - die Bio Kaffee R\u00f6sterei\" \/>\n<meta property=\"article:publisher\" content=\"https:\/\/www.facebook.com\/p\/Cult-Caff%c3%a8-die-R%c3%b6sterei-100039719724703\/?locale=de_DE\" \/>\n<meta property=\"article:modified_time\" content=\"2024-09-27T09:42:54+00:00\" \/>\n<meta property=\"og:image\" content=\"https:\/\/www.cultcaffe.at\/wp-content\/uploads\/2024\/09\/ACHSELKUSS-Luffa-Schwamm.jpg\" \/>\n\t<meta property=\"og:image:width\" content=\"1200\" \/>\n\t<meta property=\"og:image:height\" content=\"1200\" \/>\n\t<meta property=\"og:image:type\" content=\"image\/jpeg\" \/>\n<meta name=\"twitter:card\" content=\"summary_large_image\" \/>\n<meta name=\"twitter:label1\" content=\"Cena\" \/>\n\t<meta name=\"twitter:data1\" content=\"&euro;&nbsp;5,00\" \/>\n\t<meta name=\"twitter:label2\" content=\"Dost\u0119pno\u015b\u0107\" \/>\n\t<meta name=\"twitter:data2\" content=\"Dost\u0119pny\" \/>\n<script type=\"application\/ld+json\" class=\"yoast-schema-graph\">{\"@context\":\"https:\\\/\\\/schema.org\",\"@graph\":[{\"@type\":\"WebPage\",\"@id\":\"https:\\\/\\\/www.cultcaffe.at\\\/produkt\\\/achselkuss-luffaschwaemme-3-stk\\\/\",\"url\":\"https:\\\/\\\/www.cultcaffe.at\\\/produkt\\\/achselkuss-luffaschwaemme-3-stk\\\/\",\"name\":\"Achselkuss Luffaschw\u00e4mme 3 Stk. - CultCaff\u00e9 - die Bio Kaffee R\u00f6sterei\",\"isPartOf\":{\"@id\":\"https:\\\/\\\/www.cultcaffe.at\\\/#website\"},\"primaryImageOfPage\":{\"@id\":\"https:\\\/\\\/www.cultcaffe.at\\\/produkt\\\/achselkuss-luffaschwaemme-3-stk\\\/#primaryimage\"},\"image\":{\"@id\":\"https:\\\/\\\/www.cultcaffe.at\\\/produkt\\\/achselkuss-luffaschwaemme-3-stk\\\/#primaryimage\"},\"thumbnailUrl\":\"https:\\\/\\\/www.cultcaffe.at\\\/wp-content\\\/uploads\\\/2024\\\/09\\\/ACHSELKUSS-Luffa-Schwamm.jpg\",\"datePublished\":\"2024-09-27T09:37:20+00:00\",\"dateModified\":\"2024-09-27T09:42:54+00:00\",\"breadcrumb\":{\"@id\":\"https:\\\/\\\/www.cultcaffe.at\\\/produkt\\\/achselkuss-luffaschwaemme-3-stk\\\/#breadcrumb\"},\"inLanguage\":\"pl-PL\",\"potentialAction\":[{\"@type\":\"ReadAction\",\"target\":[\"https:\\\/\\\/www.cultcaffe.at\\\/produkt\\\/achselkuss-luffaschwaemme-3-stk\\\/\"]}]},{\"@type\":\"ImageObject\",\"inLanguage\":\"pl-PL\",\"@id\":\"https:\\\/\\\/www.cultcaffe.at\\\/produkt\\\/achselkuss-luffaschwaemme-3-stk\\\/#primaryimage\",\"url\":\"https:\\\/\\\/www.cultcaffe.at\\\/wp-content\\\/uploads\\\/2024\\\/09\\\/ACHSELKUSS-Luffa-Schwamm.jpg\",\"contentUrl\":\"https:\\\/\\\/www.cultcaffe.at\\\/wp-content\\\/uploads\\\/2024\\\/09\\\/ACHSELKUSS-Luffa-Schwamm.jpg\",\"width\":1200,\"height\":1200},{\"@type\":\"BreadcrumbList\",\"@id\":\"https:\\\/\\\/www.cultcaffe.at\\\/produkt\\\/achselkuss-luffaschwaemme-3-stk\\\/#breadcrumb\",\"itemListElement\":[{\"@type\":\"ListItem\",\"position\":1,\"name\":\"Startseite\",\"item\":\"https:\\\/\\\/www.cultcaffe.at\\\/\"},{\"@type\":\"ListItem\",\"position\":2,\"name\":\"Produkte\",\"item\":\"https:\\\/\\\/www.cultcaffe.at\\\/shop\\\/\"},{\"@type\":\"ListItem\",\"position\":3,\"name\":\"Achselkuss Luffaschw\u00e4mme 3 Stk.\"}]},{\"@type\":\"WebSite\",\"@id\":\"https:\\\/\\\/www.cultcaffe.at\\\/#website\",\"url\":\"https:\\\/\\\/www.cultcaffe.at\\\/\",\"name\":\"CultCaff\u00e9 - die Bio Kaffee R\u00f6sterei\",\"description\":\"Liebe zum Kaffee\",\"publisher\":{\"@id\":\"https:\\\/\\\/www.cultcaffe.at\\\/#organization\"},\"potentialAction\":[{\"@type\":\"SearchAction\",\"target\":{\"@type\":\"EntryPoint\",\"urlTemplate\":\"https:\\\/\\\/www.cultcaffe.at\\\/?s={search_term_string}\"},\"query-input\":{\"@type\":\"PropertyValueSpecification\",\"valueRequired\":true,\"valueName\":\"search_term_string\"}}],\"inLanguage\":\"pl-PL\"},{\"@type\":[\"Organization\",\"Place\"],\"@id\":\"https:\\\/\\\/www.cultcaffe.at\\\/#organization\",\"name\":\"CultCaff\u00e9 Kaffeer\u00f6sterei GmbH\",\"alternateName\":\"CultCaff\u00e9\",\"url\":\"https:\\\/\\\/www.cultcaffe.at\\\/\",\"logo\":{\"@id\":\"https:\\\/\\\/www.cultcaffe.at\\\/produkt\\\/achselkuss-luffaschwaemme-3-stk\\\/#local-main-organization-logo\"},\"image\":{\"@id\":\"https:\\\/\\\/www.cultcaffe.at\\\/produkt\\\/achselkuss-luffaschwaemme-3-stk\\\/#local-main-organization-logo\"},\"sameAs\":[\"https:\\\/\\\/www.facebook.com\\\/p\\\/Cult-Caff\u00e8-die-R\u00f6sterei-100039719724703\\\/?locale=de_DE\",\"https:\\\/\\\/www.instagram.com\\\/cultcaffe.at\\\/\"],\"hasMerchantReturnPolicy\":{\"@type\":\"MerchantReturnPolicy\",\"merchantReturnLink\":\"https:\\\/\\\/www.cultcaffe.at\\\/pl\\\/agbs\\\/\"},\"telephone\":[],\"openingHoursSpecification\":[{\"@type\":\"OpeningHoursSpecification\",\"dayOfWeek\":[\"Monday\",\"Tuesday\",\"Wednesday\",\"Thursday\",\"Friday\",\"Saturday\",\"Sunday\"],\"opens\":\"09:00\",\"closes\":\"17:00\"}]},{\"@type\":\"ImageObject\",\"inLanguage\":\"pl-PL\",\"@id\":\"https:\\\/\\\/www.cultcaffe.at\\\/produkt\\\/achselkuss-luffaschwaemme-3-stk\\\/#local-main-organization-logo\",\"url\":\"https:\\\/\\\/www.cultcaffe.at\\\/wp-content\\\/uploads\\\/2023\\\/11\\\/cultcaffe_logo_regular_dark-1.svg\",\"contentUrl\":\"https:\\\/\\\/www.cultcaffe.at\\\/wp-content\\\/uploads\\\/2023\\\/11\\\/cultcaffe_logo_regular_dark-1.svg\",\"width\":756,\"height\":474,\"caption\":\"CultCaff\u00e9 Kaffeer\u00f6sterei GmbH\"}]}<\/script>\n<meta property=\"product:price:amount\" content=\"5.00\" \/>\n<meta property=\"product:price:currency\" content=\"EUR\" \/>\n<meta property=\"og:availability\" content=\"instock\" \/>\n<meta property=\"product:availability\" content=\"instock\" \/>\n<meta property=\"product:condition\" content=\"new\" \/>\n<!-- \/ Yoast SEO plugin. -->","yoast_head_json":{"title":"G\u0105bki luffa do poca\u0142unk\u00f3w pod pachami 3 szt. - CultCaff\u00e9 - organiczna palarnia kawy","robots":{"index":"index","follow":"follow","max-snippet":"max-snippet:-1","max-image-preview":"max-image-preview:large","max-video-preview":"max-video-preview:-1"},"canonical":"https:\/\/www.cultcaffe.at\/pl\/produkt\/gabki-luffa-do-pocalunkow-pod-pachami-3-szt\/","og_locale":"pl_PL","og_type":"article","og_title":"Achselkuss Luffaschw\u00e4mme 3 Stk. - CultCaff\u00e9 - die Bio Kaffee R\u00f6sterei","og_description":"Inhalt: 3 St\u00fcck Luffa-Schw\u00e4mme als Seifenablage oder K\u00f6rperpeeling","og_url":"https:\/\/www.cultcaffe.at\/pl\/produkt\/gabki-luffa-do-pocalunkow-pod-pachami-3-szt\/","og_site_name":"CultCaff\u00e9 - die Bio Kaffee R\u00f6sterei","article_publisher":"https:\/\/www.facebook.com\/p\/Cult-Caff%c3%a8-die-R%c3%b6sterei-100039719724703\/?locale=de_DE","article_modified_time":"2024-09-27T09:42:54+00:00","og_image":[{"width":1200,"height":1200,"url":"https:\/\/www.cultcaffe.at\/wp-content\/uploads\/2024\/09\/ACHSELKUSS-Luffa-Schwamm.jpg","type":"image\/jpeg"}],"twitter_card":"summary_large_image","twitter_misc":{"Cena":"&euro;&nbsp;5,00","Dost\u0119pno\u015b\u0107":"Dost\u0119pny"},"schema":{"@context":"https:\/\/schema.org","@graph":[{"@type":"WebPage","@id":"https:\/\/www.cultcaffe.at\/produkt\/achselkuss-luffaschwaemme-3-stk\/","url":"https:\/\/www.cultcaffe.at\/produkt\/achselkuss-luffaschwaemme-3-stk\/","name":"G\u0105bki luffa do poca\u0142unk\u00f3w pod pachami 3 szt. - CultCaff\u00e9 - organiczna palarnia kawy","isPartOf":{"@id":"https:\/\/www.cultcaffe.at\/#website"},"primaryImageOfPage":{"@id":"https:\/\/www.cultcaffe.at\/produkt\/achselkuss-luffaschwaemme-3-stk\/#primaryimage"},"image":{"@id":"https:\/\/www.cultcaffe.at\/produkt\/achselkuss-luffaschwaemme-3-stk\/#primaryimage"},"thumbnailUrl":"https:\/\/www.cultcaffe.at\/wp-content\/uploads\/2024\/09\/ACHSELKUSS-Luffa-Schwamm.jpg","datePublished":"2024-09-27T09:37:20+00:00","dateModified":"2024-09-27T09:42:54+00:00","breadcrumb":{"@id":"https:\/\/www.cultcaffe.at\/produkt\/achselkuss-luffaschwaemme-3-stk\/#breadcrumb"},"inLanguage":"pl-PL","potentialAction":[{"@type":"ReadAction","target":["https:\/\/www.cultcaffe.at\/produkt\/achselkuss-luffaschwaemme-3-stk\/"]}]},{"@type":"ImageObject","inLanguage":"pl-PL","@id":"https:\/\/www.cultcaffe.at\/produkt\/achselkuss-luffaschwaemme-3-stk\/#primaryimage","url":"https:\/\/www.cultcaffe.at\/wp-content\/uploads\/2024\/09\/ACHSELKUSS-Luffa-Schwamm.jpg","contentUrl":"https:\/\/www.cultcaffe.at\/wp-content\/uploads\/2024\/09\/ACHSELKUSS-Luffa-Schwamm.jpg","width":1200,"height":1200},{"@type":"BreadcrumbList","@id":"https:\/\/www.cultcaffe.at\/produkt\/achselkuss-luffaschwaemme-3-stk\/#breadcrumb","itemListElement":[{"@type":"ListItem","position":1,"name":"Startseite","item":"https:\/\/www.cultcaffe.at\/"},{"@type":"ListItem","position":2,"name":"Produkte","item":"https:\/\/www.cultcaffe.at\/shop\/"},{"@type":"ListItem","position":3,"name":"Achselkuss Luffaschw\u00e4mme 3 Stk."}]},{"@type":"WebSite","@id":"https:\/\/www.cultcaffe.at\/#website","url":"https:\/\/www.cultcaffe.at\/","name":"CultCaff\u00e9 \u2013 organiczna palarnia kawy","description":"Mi\u0142o\u015b\u0107 do kawy","publisher":{"@id":"https:\/\/www.cultcaffe.at\/#organization"},"potentialAction":[{"@type":"SearchAction","target":{"@type":"EntryPoint","urlTemplate":"https:\/\/www.cultcaffe.at\/?s={search_term_string}"},"query-input":{"@type":"PropertyValueSpecification","valueRequired":true,"valueName":"search_term_string"}}],"inLanguage":"pl-PL"},{"@type":["Organization","Place"],"@id":"https:\/\/www.cultcaffe.at\/#organization","name":"CultCaff\u00e9 Coffee Roastery GmbH","alternateName":"CultCaff\u00e9","url":"https:\/\/www.cultcaffe.at\/","logo":{"@id":"https:\/\/www.cultcaffe.at\/produkt\/achselkuss-luffaschwaemme-3-stk\/#local-main-organization-logo"},"image":{"@id":"https:\/\/www.cultcaffe.at\/produkt\/achselkuss-luffaschwaemme-3-stk\/#local-main-organization-logo"},"sameAs":["https:\/\/www.facebook.com\/p\/Cult-Caff\u00e8-die-R\u00f6sterei-100039719724703\/?locale=de_DE","https:\/\/www.instagram.com\/cultcaffe.at\/"],"hasMerchantReturnPolicy":{"@type":"MerchantReturnPolicy","merchantReturnLink":"https:\/\/www.cultcaffe.at\/pl\/agbs\/"},"telephone":[],"openingHoursSpecification":[{"@type":"OpeningHoursSpecification","dayOfWeek":["Monday","Tuesday","Wednesday","Thursday","Friday","Saturday","Sunday"],"opens":"09:00","closes":"17:00"}]},{"@type":"ImageObject","inLanguage":"pl-PL","@id":"https:\/\/www.cultcaffe.at\/produkt\/achselkuss-luffaschwaemme-3-stk\/#local-main-organization-logo","url":"https:\/\/www.cultcaffe.at\/wp-content\/uploads\/2023\/11\/cultcaffe_logo_regular_dark-1.svg","contentUrl":"https:\/\/www.cultcaffe.at\/wp-content\/uploads\/2023\/11\/cultcaffe_logo_regular_dark-1.svg","width":756,"height":474,"caption":"CultCaff\u00e9 Kaffeer\u00f6sterei GmbH"}]},"product_price_amount":"5.00","product_price_currency":"EUR","og_availability":"instock","product_availability":"instock","product_condition":"new"},"_links":{"self":[{"href":"https:\/\/www.cultcaffe.at\/pl\/wp-json\/wp\/v2\/product\/15566","targetHints":{"allow":["GET"]}}],"collection":[{"href":"https:\/\/www.cultcaffe.at\/pl\/wp-json\/wp\/v2\/product"}],"about":[{"href":"https:\/\/www.cultcaffe.at\/pl\/wp-json\/wp\/v2\/types\/product"}],"wp:featuredmedia":[{"embeddable":true,"href":"https:\/\/www.cultcaffe.at\/pl\/wp-json\/wp\/v2\/media\/15567"}],"wp:attachment":[{"href":"https:\/\/www.cultcaffe.at\/pl\/wp-json\/wp\/v2\/media?parent=15566"}],"wp:term":[{"taxonomy":"product_brand","embeddable":true,"href":"https:\/\/www.cultcaffe.at\/pl\/wp-json\/wp\/v2\/product_brand?post=15566"},{"taxonomy":"product_cat","embeddable":true,"href":"https:\/\/www.cultcaffe.at\/pl\/wp-json\/wp\/v2\/product_cat?post=15566"},{"taxonomy":"product_tag","embeddable":true,"href":"https:\/\/www.cultcaffe.at\/pl\/wp-json\/wp\/v2\/product_tag?post=15566"}],"curies":[{"name":"wp","href":"https:\/\/api.w.org\/{rel}","templated":true}]}}