{"id":15551,"date":"2024-09-27T11:32:53","date_gmt":"2024-09-27T09:32:53","guid":{"rendered":"https:\/\/www.cultcaffe.at\/?post_type=product&#038;p=15551"},"modified":"2024-09-27T11:46:16","modified_gmt":"2024-09-27T09:46:16","slug":"mydlo-do-calowania-pach-skora-wlosy-golenie-70g","status":"publish","type":"product","link":"https:\/\/www.cultcaffe.at\/pl\/produkt\/achselkuss-seife-haut-haare-rasur-70g\/","title":{"rendered":"Myd\u0142o do ca\u0142owania pod pachami, sk\u00f3ra\/w\u0142osy\/golenie 70g"},"content":{"rendered":"<div class=\"feature-item col-lg-3 col-sm-6 wow slideInUp\">\n<p><strong>Pieni\u0119\u017cny ze szcz\u0119\u015bcia.<br \/>\n<\/strong><strong>Do sk\u00f3ry, w\u0142os\u00f3w i golenia.<br \/>\n<\/strong><strong>Odpowiedni dla ka\u017cdego rodzaju sk\u00f3ry i ka\u017cdego rodzaju w\u0142os\u00f3w<\/strong><\/p>\n<p><strong>Jeden na wszystko:\u00a0<\/strong>Myd\u0142o ACHSELKUSS oczyszcza i piel\u0119gnuje cia\u0142o, w\u0142osy i brod\u0119, a tak\u017ce umo\u017cliwia delikatne golenie. Dzi\u0119ki temu potrzebujesz mniejszej liczby produkt\u00f3w, oszcz\u0119dzasz pieni\u0105dze, miejsce i ograniczasz ilo\u015b\u0107 odpad\u00f3w.<\/p>\n<p><strong>Wybrane olejki eteryczne<\/strong>\u00a0nadaj naturalnemu myd\u0142u \u015bwie\u017cy, ciep\u0142y zapach pomara\u0144czy i popraw sw\u00f3j nastr\u00f3j podczas prysznica lub mycia w\u0142os\u00f3w lub r\u0105k.<\/p>\n<p>Okr\u0105g\u0142a kostka myd\u0142a idealnie le\u017cy w d\u0142oni, a Ty bez trudu rozprowadzasz \u0142agodn\u0105 pian\u0119 na sk\u00f3rze i w\u0142osach.\u00a0<strong>Wysokiej jako\u015bci sk\u0142adniki organiczne, cenne oleje ro\u015blinne i woda ro\u015blinna<\/strong>\u00a0dzia\u0142aj\u0105 nawil\u017caj\u0105co i chroni\u0105 sk\u00f3r\u0119 przed wysuszeniem. Myd\u0142o pozostawia sk\u00f3r\u0119 mi\u0119kk\u0105 i zadban\u0105, bez \u017cadnych pozosta\u0142o\u015bci.<\/p>\n<p><strong>Regionalno\u015b\u0107 i stare rzemios\u0142o:\u00a0<\/strong>Naturalne myd\u0142o produkowane jest r\u0119cznie w Austrii z mi\u0142o\u015bci\u0105 i mieszane na zimno tradycyjnymi metodami.<\/p>\n<p><strong>Twoje myd\u0142o podr\u00f3\u017cne:\u00a0<\/strong>Jako \u017cel pod prysznic lub szampon w kostce, myd\u0142o w kostce zapewnia dodatkowe bezpiecze\u0144stwo w podr\u00f3\u017cy i idealnie nadaje si\u0119 do baga\u017cu podr\u0119cznego. Myd\u0142o\u00a0<strong>idealnie pasuje\u00a0<a href=\"https:\/\/achselkuss.at\/upcycling\/\">puste puszki ACHSELKUSS<\/a><\/strong>, opcjonalnie z\u00a0<strong>Dysk luffa,<\/strong>\u00a0aby zebra\u0107 nadmiar wody.<\/p>\n<p>&nbsp;<\/p>\n<p><span style=\"color: #800000;\"><strong>Aplikacja:<br \/>\n<\/strong><\/span>Wysokiej jako\u015bci myd\u0142o ACHSELKUSS idealnie nadaje si\u0119 do codziennej piel\u0119gnacji cia\u0142a, w\u0142os\u00f3w i golenia.<\/p>\n<ul>\n<li><strong>czyszczenie<\/strong>Niezale\u017cnie od tego, czy jeste\u015b pod prysznicem, czy przy umywalce: Spie\u0144 myd\u0142o w d\u0142oniach lub bezpo\u015brednio na sk\u00f3rze, w\u0142osach lub brodzie, delikatnie wmasuj i ciesz si\u0119 delikatnym zapachem. Dok\u0142adnie wyp\u0142uka\u0107 i w razie potrzeby powt\u00f3rzy\u0107. Piana styka si\u0119 tak\u017ce z twarz\u0105, jednak nale\u017cy unika\u0107 okolic oczu.<\/li>\n<li><strong>goli\u0107 si\u0119<\/strong>:Zwil\u017c wybran\u0105 cz\u0119\u015b\u0107 cia\u0142a wod\u0105, na\u0142\u00f3\u017c myd\u0142o na d\u0142onie lub bezpo\u015brednio na cia\u0142o i dok\u0142adnie rozprowad\u017a pian\u0119. Ogoli\u0107 i powt\u00f3rzy\u0107 czynno\u015b\u0107, je\u015bli to konieczne. Dok\u0142adnie sp\u0142ucz resztki myd\u0142a.<\/li>\n<li><strong>Po u\u017cyciu\u00a0<\/strong>Pozostaw myd\u0142o do wyschni\u0119cia na powietrzu, np. na poduszce luffa lub innej mydelniczce, aby nadmiar wody m\u00f3g\u0142 odp\u0142yn\u0105\u0107 \u2013 dzi\u0119ki temu myd\u0142o pos\u0142u\u017cy wyj\u0105tkowo d\u0142ugo. Nawet je\u015bli myd\u0142o nie jest jeszcze u\u017cywane, przechowuj je w suchym miejscu<\/li>\n<li>Kocha wszystkie rodzaje sk\u00f3ry i w\u0142os\u00f3w, ale\u00a0<strong>brak kontaktu wzrokowego<\/strong>.<\/li>\n<\/ul>\n<p>&nbsp;<\/p>\n<p><strong><span style=\"color: #800000;\">Sk\u0142adniki:<br \/>\n<\/span><\/strong>Oliwa z oliwek*, olej kokosowy*, olej s\u0142onecznikowy*, olej migda\u0142owy*, olej jojoba*, woda \u015bwierkowa*, proszek z korzenia irysa, olejek eteryczny z pomara\u0144czy*, olejek eteryczny z cytryny*, olejek eteryczny z citronelli*, bia\u0142a glinka, \u017c\u00f3\u0142ta glinka<\/p>\n<p><em>Sk\u0142adniki:<\/em>\u00a0Oliwian sodu*, Kokosan sodu*, S\u0142onecznik sodu*, Prunus amygdalus dulcis*, Olej z nasion Simmondsia chinensis*, Gliceryna\u00b0, Woda z \u015bwierka pospolitego*, Proszek z irysa florentina, Olejek ze sk\u00f3rek pomara\u0144czy chi\u0144skiej*, Olejek ze sk\u00f3rek pomara\u0144czy limon*, Olejek z Cymbopogon winterianus*, Kaolin, Illit<\/p>\n<p><em>*Z kontrolowanej uprawy ekologicznej<br \/>\n<\/em><em>\u00b0Naturalny sk\u0142adnik olej\u00f3w ro\u015blinnych; Naturalne sk\u0142adniki olejk\u00f3w eterycznych: Limonene, Citronellol, Citral, Eugenol, Izoeugenol, Linalool<\/em><\/p>\n<\/div>","protected":false},"excerpt":{"rendered":"<p><strong>Pieni\u0119\u017cny ze szcz\u0119\u015bcia.<\/strong><\/p>\n<p><strong>Do sk\u00f3ry, w\u0142os\u00f3w i golenia.<\/strong><\/p>\n<p><strong>Odpowiedni dla ka\u017cdego rodzaju sk\u00f3ry i ka\u017cdego rodzaju w\u0142os\u00f3w<\/strong><\/p>","protected":false},"featured_media":15562,"template":"","meta":{"inline_featured_image":false},"product_brand":[],"product_cat":[211,214],"product_tag":[145,61,134,139,140,130],"class_list":{"0":"post-15551","1":"product","2":"type-product","3":"status-publish","4":"has-post-thumbnail","6":"product_cat-geschenkideen","7":"product_cat-kaffeeseife-achselkuss-deo","8":"product_tag-achselkuss","9":"product_tag-cultcaffe","10":"product_tag-geschenke","11":"product_tag-geschenkidee","12":"product_tag-seife","13":"product_tag-weihnachten","15":"first","16":"instock","17":"taxable","18":"shipping-taxable","19":"purchasable","20":"product-type-simple"},"yoast_head":"<!-- This site is optimized with the Yoast SEO plugin v27.6 - https:\/\/yoast.com\/product\/yoast-seo-wordpress\/ -->\n<title>Achselkuss Seife Haut\/Haare\/Rasur 70g - CultCaff\u00e9 - die Bio Kaffee R\u00f6sterei<\/title>\n<meta name=\"robots\" content=\"index, follow, max-snippet:-1, max-image-preview:large, max-video-preview:-1\" \/>\n<link rel=\"canonical\" href=\"https:\/\/www.cultcaffe.at\/pl\/produkt\/mydlo-do-calowania-pach-skora-wlosy-golenie-70g\/\" \/>\n<meta property=\"og:locale\" content=\"pl_PL\" \/>\n<meta property=\"og:type\" content=\"article\" \/>\n<meta property=\"og:title\" content=\"Achselkuss Seife Haut\/Haare\/Rasur 70g - CultCaff\u00e9 - die Bio Kaffee R\u00f6sterei\" \/>\n<meta property=\"og:description\" content=\"Sch\u00e4umt vor Gl\u00fcck.  F\u00fcr Haut, Haare &amp; Rasur.  Geeignet f\u00fcr alle Hauttypen und alle Haartypen\" \/>\n<meta property=\"og:url\" content=\"https:\/\/www.cultcaffe.at\/pl\/produkt\/mydlo-do-calowania-pach-skora-wlosy-golenie-70g\/\" \/>\n<meta property=\"og:site_name\" content=\"CultCaff\u00e9 - die Bio Kaffee R\u00f6sterei\" \/>\n<meta property=\"article:publisher\" content=\"https:\/\/www.facebook.com\/p\/Cult-Caff%c3%a8-die-R%c3%b6sterei-100039719724703\/?locale=de_DE\" \/>\n<meta property=\"article:modified_time\" content=\"2024-09-27T09:46:16+00:00\" \/>\n<meta property=\"og:image\" content=\"https:\/\/www.cultcaffe.at\/wp-content\/uploads\/2024\/09\/ACHSELKUSS-Seife-Haut-Haare-Rasur.jpg\" \/>\n\t<meta property=\"og:image:width\" content=\"1200\" \/>\n\t<meta property=\"og:image:height\" content=\"1200\" \/>\n\t<meta property=\"og:image:type\" content=\"image\/jpeg\" \/>\n<meta name=\"twitter:card\" content=\"summary_large_image\" \/>\n<meta name=\"twitter:label1\" content=\"Cena\" \/>\n\t<meta name=\"twitter:data1\" content=\"&euro;&nbsp;13,00\" \/>\n\t<meta name=\"twitter:label2\" content=\"Dost\u0119pno\u015b\u0107\" \/>\n\t<meta name=\"twitter:data2\" content=\"Dost\u0119pny\" \/>\n<script type=\"application\/ld+json\" class=\"yoast-schema-graph\">{\"@context\":\"https:\\\/\\\/schema.org\",\"@graph\":[{\"@type\":\"WebPage\",\"@id\":\"https:\\\/\\\/www.cultcaffe.at\\\/produkt\\\/achselkuss-seife-haut-haare-rasur-70g\\\/\",\"url\":\"https:\\\/\\\/www.cultcaffe.at\\\/produkt\\\/achselkuss-seife-haut-haare-rasur-70g\\\/\",\"name\":\"Achselkuss Seife Haut\\\/Haare\\\/Rasur 70g - CultCaff\u00e9 - die Bio Kaffee R\u00f6sterei\",\"isPartOf\":{\"@id\":\"https:\\\/\\\/www.cultcaffe.at\\\/#website\"},\"primaryImageOfPage\":{\"@id\":\"https:\\\/\\\/www.cultcaffe.at\\\/produkt\\\/achselkuss-seife-haut-haare-rasur-70g\\\/#primaryimage\"},\"image\":{\"@id\":\"https:\\\/\\\/www.cultcaffe.at\\\/produkt\\\/achselkuss-seife-haut-haare-rasur-70g\\\/#primaryimage\"},\"thumbnailUrl\":\"https:\\\/\\\/www.cultcaffe.at\\\/wp-content\\\/uploads\\\/2024\\\/09\\\/ACHSELKUSS-Seife-Haut-Haare-Rasur.jpg\",\"datePublished\":\"2024-09-27T09:32:53+00:00\",\"dateModified\":\"2024-09-27T09:46:16+00:00\",\"breadcrumb\":{\"@id\":\"https:\\\/\\\/www.cultcaffe.at\\\/produkt\\\/achselkuss-seife-haut-haare-rasur-70g\\\/#breadcrumb\"},\"inLanguage\":\"pl-PL\",\"potentialAction\":[{\"@type\":\"ReadAction\",\"target\":[\"https:\\\/\\\/www.cultcaffe.at\\\/produkt\\\/achselkuss-seife-haut-haare-rasur-70g\\\/\"]}]},{\"@type\":\"ImageObject\",\"inLanguage\":\"pl-PL\",\"@id\":\"https:\\\/\\\/www.cultcaffe.at\\\/produkt\\\/achselkuss-seife-haut-haare-rasur-70g\\\/#primaryimage\",\"url\":\"https:\\\/\\\/www.cultcaffe.at\\\/wp-content\\\/uploads\\\/2024\\\/09\\\/ACHSELKUSS-Seife-Haut-Haare-Rasur.jpg\",\"contentUrl\":\"https:\\\/\\\/www.cultcaffe.at\\\/wp-content\\\/uploads\\\/2024\\\/09\\\/ACHSELKUSS-Seife-Haut-Haare-Rasur.jpg\",\"width\":1200,\"height\":1200},{\"@type\":\"BreadcrumbList\",\"@id\":\"https:\\\/\\\/www.cultcaffe.at\\\/produkt\\\/achselkuss-seife-haut-haare-rasur-70g\\\/#breadcrumb\",\"itemListElement\":[{\"@type\":\"ListItem\",\"position\":1,\"name\":\"Startseite\",\"item\":\"https:\\\/\\\/www.cultcaffe.at\\\/\"},{\"@type\":\"ListItem\",\"position\":2,\"name\":\"Produkte\",\"item\":\"https:\\\/\\\/www.cultcaffe.at\\\/shop\\\/\"},{\"@type\":\"ListItem\",\"position\":3,\"name\":\"Achselkuss Seife Haut\\\/Haare\\\/Rasur 70g\"}]},{\"@type\":\"WebSite\",\"@id\":\"https:\\\/\\\/www.cultcaffe.at\\\/#website\",\"url\":\"https:\\\/\\\/www.cultcaffe.at\\\/\",\"name\":\"CultCaff\u00e9 - die Bio Kaffee R\u00f6sterei\",\"description\":\"Liebe zum Kaffee\",\"publisher\":{\"@id\":\"https:\\\/\\\/www.cultcaffe.at\\\/#organization\"},\"potentialAction\":[{\"@type\":\"SearchAction\",\"target\":{\"@type\":\"EntryPoint\",\"urlTemplate\":\"https:\\\/\\\/www.cultcaffe.at\\\/?s={search_term_string}\"},\"query-input\":{\"@type\":\"PropertyValueSpecification\",\"valueRequired\":true,\"valueName\":\"search_term_string\"}}],\"inLanguage\":\"pl-PL\"},{\"@type\":[\"Organization\",\"Place\"],\"@id\":\"https:\\\/\\\/www.cultcaffe.at\\\/#organization\",\"name\":\"CultCaff\u00e9 Kaffeer\u00f6sterei GmbH\",\"alternateName\":\"CultCaff\u00e9\",\"url\":\"https:\\\/\\\/www.cultcaffe.at\\\/\",\"logo\":{\"@id\":\"https:\\\/\\\/www.cultcaffe.at\\\/produkt\\\/achselkuss-seife-haut-haare-rasur-70g\\\/#local-main-organization-logo\"},\"image\":{\"@id\":\"https:\\\/\\\/www.cultcaffe.at\\\/produkt\\\/achselkuss-seife-haut-haare-rasur-70g\\\/#local-main-organization-logo\"},\"sameAs\":[\"https:\\\/\\\/www.facebook.com\\\/p\\\/Cult-Caff\u00e8-die-R\u00f6sterei-100039719724703\\\/?locale=de_DE\",\"https:\\\/\\\/www.instagram.com\\\/cultcaffe.at\\\/\"],\"hasMerchantReturnPolicy\":{\"@type\":\"MerchantReturnPolicy\",\"merchantReturnLink\":\"https:\\\/\\\/www.cultcaffe.at\\\/pl\\\/agbs\\\/\"},\"telephone\":[],\"openingHoursSpecification\":[{\"@type\":\"OpeningHoursSpecification\",\"dayOfWeek\":[\"Monday\",\"Tuesday\",\"Wednesday\",\"Thursday\",\"Friday\",\"Saturday\",\"Sunday\"],\"opens\":\"09:00\",\"closes\":\"17:00\"}]},{\"@type\":\"ImageObject\",\"inLanguage\":\"pl-PL\",\"@id\":\"https:\\\/\\\/www.cultcaffe.at\\\/produkt\\\/achselkuss-seife-haut-haare-rasur-70g\\\/#local-main-organization-logo\",\"url\":\"https:\\\/\\\/www.cultcaffe.at\\\/wp-content\\\/uploads\\\/2023\\\/11\\\/cultcaffe_logo_regular_dark-1.svg\",\"contentUrl\":\"https:\\\/\\\/www.cultcaffe.at\\\/wp-content\\\/uploads\\\/2023\\\/11\\\/cultcaffe_logo_regular_dark-1.svg\",\"width\":756,\"height\":474,\"caption\":\"CultCaff\u00e9 Kaffeer\u00f6sterei GmbH\"}]}<\/script>\n<meta property=\"product:price:amount\" content=\"13.00\" \/>\n<meta property=\"product:price:currency\" content=\"EUR\" \/>\n<meta property=\"og:availability\" content=\"instock\" \/>\n<meta property=\"product:availability\" content=\"instock\" \/>\n<meta property=\"product:condition\" content=\"new\" \/>\n<!-- \/ Yoast SEO plugin. -->","yoast_head_json":{"title":"Myd\u0142o do ca\u0142owania pod pachami, sk\u00f3ra\/w\u0142osy\/golenie 70 g - CultCaff\u00e9 - organiczna palarnia kawy","robots":{"index":"index","follow":"follow","max-snippet":"max-snippet:-1","max-image-preview":"max-image-preview:large","max-video-preview":"max-video-preview:-1"},"canonical":"https:\/\/www.cultcaffe.at\/pl\/produkt\/mydlo-do-calowania-pach-skora-wlosy-golenie-70g\/","og_locale":"pl_PL","og_type":"article","og_title":"Achselkuss Seife Haut\/Haare\/Rasur 70g - CultCaff\u00e9 - die Bio Kaffee R\u00f6sterei","og_description":"Sch\u00e4umt vor Gl\u00fcck.  F\u00fcr Haut, Haare &amp; Rasur.  Geeignet f\u00fcr alle Hauttypen und alle Haartypen","og_url":"https:\/\/www.cultcaffe.at\/pl\/produkt\/mydlo-do-calowania-pach-skora-wlosy-golenie-70g\/","og_site_name":"CultCaff\u00e9 - die Bio Kaffee R\u00f6sterei","article_publisher":"https:\/\/www.facebook.com\/p\/Cult-Caff%c3%a8-die-R%c3%b6sterei-100039719724703\/?locale=de_DE","article_modified_time":"2024-09-27T09:46:16+00:00","og_image":[{"width":1200,"height":1200,"url":"https:\/\/www.cultcaffe.at\/wp-content\/uploads\/2024\/09\/ACHSELKUSS-Seife-Haut-Haare-Rasur.jpg","type":"image\/jpeg"}],"twitter_card":"summary_large_image","twitter_misc":{"Cena":"&euro;&nbsp;13,00","Dost\u0119pno\u015b\u0107":"Dost\u0119pny"},"schema":{"@context":"https:\/\/schema.org","@graph":[{"@type":"WebPage","@id":"https:\/\/www.cultcaffe.at\/produkt\/achselkuss-seife-haut-haare-rasur-70g\/","url":"https:\/\/www.cultcaffe.at\/produkt\/achselkuss-seife-haut-haare-rasur-70g\/","name":"Myd\u0142o do ca\u0142owania pod pachami, sk\u00f3ra\/w\u0142osy\/golenie 70 g - CultCaff\u00e9 - organiczna palarnia kawy","isPartOf":{"@id":"https:\/\/www.cultcaffe.at\/#website"},"primaryImageOfPage":{"@id":"https:\/\/www.cultcaffe.at\/produkt\/achselkuss-seife-haut-haare-rasur-70g\/#primaryimage"},"image":{"@id":"https:\/\/www.cultcaffe.at\/produkt\/achselkuss-seife-haut-haare-rasur-70g\/#primaryimage"},"thumbnailUrl":"https:\/\/www.cultcaffe.at\/wp-content\/uploads\/2024\/09\/ACHSELKUSS-Seife-Haut-Haare-Rasur.jpg","datePublished":"2024-09-27T09:32:53+00:00","dateModified":"2024-09-27T09:46:16+00:00","breadcrumb":{"@id":"https:\/\/www.cultcaffe.at\/produkt\/achselkuss-seife-haut-haare-rasur-70g\/#breadcrumb"},"inLanguage":"pl-PL","potentialAction":[{"@type":"ReadAction","target":["https:\/\/www.cultcaffe.at\/produkt\/achselkuss-seife-haut-haare-rasur-70g\/"]}]},{"@type":"ImageObject","inLanguage":"pl-PL","@id":"https:\/\/www.cultcaffe.at\/produkt\/achselkuss-seife-haut-haare-rasur-70g\/#primaryimage","url":"https:\/\/www.cultcaffe.at\/wp-content\/uploads\/2024\/09\/ACHSELKUSS-Seife-Haut-Haare-Rasur.jpg","contentUrl":"https:\/\/www.cultcaffe.at\/wp-content\/uploads\/2024\/09\/ACHSELKUSS-Seife-Haut-Haare-Rasur.jpg","width":1200,"height":1200},{"@type":"BreadcrumbList","@id":"https:\/\/www.cultcaffe.at\/produkt\/achselkuss-seife-haut-haare-rasur-70g\/#breadcrumb","itemListElement":[{"@type":"ListItem","position":1,"name":"Startseite","item":"https:\/\/www.cultcaffe.at\/"},{"@type":"ListItem","position":2,"name":"Produkte","item":"https:\/\/www.cultcaffe.at\/shop\/"},{"@type":"ListItem","position":3,"name":"Achselkuss Seife Haut\/Haare\/Rasur 70g"}]},{"@type":"WebSite","@id":"https:\/\/www.cultcaffe.at\/#website","url":"https:\/\/www.cultcaffe.at\/","name":"CultCaff\u00e9 \u2013 organiczna palarnia kawy","description":"Mi\u0142o\u015b\u0107 do kawy","publisher":{"@id":"https:\/\/www.cultcaffe.at\/#organization"},"potentialAction":[{"@type":"SearchAction","target":{"@type":"EntryPoint","urlTemplate":"https:\/\/www.cultcaffe.at\/?s={search_term_string}"},"query-input":{"@type":"PropertyValueSpecification","valueRequired":true,"valueName":"search_term_string"}}],"inLanguage":"pl-PL"},{"@type":["Organization","Place"],"@id":"https:\/\/www.cultcaffe.at\/#organization","name":"CultCaff\u00e9 Coffee Roastery GmbH","alternateName":"CultCaff\u00e9","url":"https:\/\/www.cultcaffe.at\/","logo":{"@id":"https:\/\/www.cultcaffe.at\/produkt\/achselkuss-seife-haut-haare-rasur-70g\/#local-main-organization-logo"},"image":{"@id":"https:\/\/www.cultcaffe.at\/produkt\/achselkuss-seife-haut-haare-rasur-70g\/#local-main-organization-logo"},"sameAs":["https:\/\/www.facebook.com\/p\/Cult-Caff\u00e8-die-R\u00f6sterei-100039719724703\/?locale=de_DE","https:\/\/www.instagram.com\/cultcaffe.at\/"],"hasMerchantReturnPolicy":{"@type":"MerchantReturnPolicy","merchantReturnLink":"https:\/\/www.cultcaffe.at\/pl\/agbs\/"},"telephone":[],"openingHoursSpecification":[{"@type":"OpeningHoursSpecification","dayOfWeek":["Monday","Tuesday","Wednesday","Thursday","Friday","Saturday","Sunday"],"opens":"09:00","closes":"17:00"}]},{"@type":"ImageObject","inLanguage":"pl-PL","@id":"https:\/\/www.cultcaffe.at\/produkt\/achselkuss-seife-haut-haare-rasur-70g\/#local-main-organization-logo","url":"https:\/\/www.cultcaffe.at\/wp-content\/uploads\/2023\/11\/cultcaffe_logo_regular_dark-1.svg","contentUrl":"https:\/\/www.cultcaffe.at\/wp-content\/uploads\/2023\/11\/cultcaffe_logo_regular_dark-1.svg","width":756,"height":474,"caption":"CultCaff\u00e9 Kaffeer\u00f6sterei GmbH"}]},"product_price_amount":"13.00","product_price_currency":"EUR","og_availability":"instock","product_availability":"instock","product_condition":"new"},"_links":{"self":[{"href":"https:\/\/www.cultcaffe.at\/pl\/wp-json\/wp\/v2\/product\/15551","targetHints":{"allow":["GET"]}}],"collection":[{"href":"https:\/\/www.cultcaffe.at\/pl\/wp-json\/wp\/v2\/product"}],"about":[{"href":"https:\/\/www.cultcaffe.at\/pl\/wp-json\/wp\/v2\/types\/product"}],"wp:featuredmedia":[{"embeddable":true,"href":"https:\/\/www.cultcaffe.at\/pl\/wp-json\/wp\/v2\/media\/15562"}],"wp:attachment":[{"href":"https:\/\/www.cultcaffe.at\/pl\/wp-json\/wp\/v2\/media?parent=15551"}],"wp:term":[{"taxonomy":"product_brand","embeddable":true,"href":"https:\/\/www.cultcaffe.at\/pl\/wp-json\/wp\/v2\/product_brand?post=15551"},{"taxonomy":"product_cat","embeddable":true,"href":"https:\/\/www.cultcaffe.at\/pl\/wp-json\/wp\/v2\/product_cat?post=15551"},{"taxonomy":"product_tag","embeddable":true,"href":"https:\/\/www.cultcaffe.at\/pl\/wp-json\/wp\/v2\/product_tag?post=15551"}],"curies":[{"name":"wp","href":"https:\/\/api.w.org\/{rel}","templated":true}]}}