{"id":15534,"date":"2024-09-23T08:37:07","date_gmt":"2024-09-23T06:37:07","guid":{"rendered":"https:\/\/www.cultcaffe.at\/?post_type=product&#038;p=15534"},"modified":"2025-09-26T12:52:48","modified_gmt":"2025-09-26T10:52:48","slug":"metalowy-znak-28x12cm-zycie-bez-kawy","status":"publish","type":"product","link":"https:\/\/www.cultcaffe.at\/pl\/produkt\/metallschild-28x12cm-ein-leben-ohne-kaffee\/","title":{"rendered":"Tabliczka metalowa 28x12cm \u2013 \u017bycie bez kawy\u2026"},"content":{"rendered":"<p>Metalowy znak<strong>\u00a0\u201e\u017bycie bez kawy nie ma sensu\u201d<\/strong> wykonany jest z najwy\u017cszej jako\u015bci blachy o zaokr\u0105glonych i z\u0142o\u017conych kraw\u0119dziach.<br \/>\nIdealne dla mi\u0142o\u015bnik\u00f3w kawy i na pewno przyci\u0105gnie wzrok ka\u017cdego.<\/p>\n<p>Tabliczka metalowa 28 x 12 cm, tabliczka zakrzywiona z 4 otworami na kraw\u0119dziach<\/p>\n<p>&nbsp;<\/p>","protected":false},"excerpt":{"rendered":"<p>Metalowy znak<strong>\u00a0\u201e\u017bycie bez kawy nie ma sensu\u201d<\/strong> wykonany jest z najwy\u017cszej jako\u015bci blachy o zaokr\u0105glonych i z\u0142o\u017conych kraw\u0119dziach.<br \/>\nIdealne dla mi\u0142o\u015bnik\u00f3w kawy i na pewno przyci\u0105gnie wzrok ka\u017cdego.<\/p>\n<p>Tabliczka metalowa 28 x 12 cm, tabliczka zakrzywiona z 4 otworami na kraw\u0119dziach<\/p>\n<p>&nbsp;<\/p>","protected":false},"featured_media":15537,"template":"","meta":{"inline_featured_image":false},"product_brand":[],"product_cat":[204,211],"product_tag":[267,61,268,95,59,121,266,269],"class_list":{"0":"post-15534","1":"product","2":"type-product","3":"status-publish","4":"has-post-thumbnail","6":"product_cat-zubehoer","7":"product_cat-geschenkideen","8":"product_tag-blechschild","9":"product_tag-cultcaffe","10":"product_tag-deko","11":"product_tag-geschenk","12":"product_tag-kaffee","13":"product_tag-retro","14":"product_tag-schild","15":"product_tag-spruch","17":"first","18":"instock","19":"taxable","20":"shipping-taxable","21":"purchasable","22":"product-type-simple"},"yoast_head":"<!-- This site is optimized with the Yoast SEO plugin v27.6 - https:\/\/yoast.com\/product\/yoast-seo-wordpress\/ -->\n<title>Metallschild 28x12cm - Ein Leben ohne Kaffee... - CultCaff\u00e9 - die Bio Kaffee R\u00f6sterei<\/title>\n<meta name=\"robots\" content=\"index, follow, max-snippet:-1, max-image-preview:large, max-video-preview:-1\" \/>\n<link rel=\"canonical\" href=\"https:\/\/www.cultcaffe.at\/pl\/produkt\/metalowy-znak-28x12cm-zycie-bez-kawy\/\" \/>\n<meta property=\"og:locale\" content=\"pl_PL\" \/>\n<meta property=\"og:type\" content=\"article\" \/>\n<meta property=\"og:title\" content=\"Metallschild 28x12cm - Ein Leben ohne Kaffee... - CultCaff\u00e9 - die Bio Kaffee R\u00f6sterei\" \/>\n<meta property=\"og:description\" content=\"Das Blechschild\u00a0&#039;&#039;Ein Leben ohne Kaffee ist sinnlos&#039;&#039; ist aus einem qualitativ hochwertigen Blech mit abgerundeten und umgeschlagenen Kanten. Ideal f\u00fcr Kaffeeliebhaber und definitiv ein Hingucker f\u00fcr jedermanns Auge.  Metallschild 28 x 12 cm, gew\u00f6lbtes Schild mit 4 Randlochungen  &nbsp;\" \/>\n<meta property=\"og:url\" content=\"https:\/\/www.cultcaffe.at\/pl\/produkt\/metalowy-znak-28x12cm-zycie-bez-kawy\/\" \/>\n<meta property=\"og:site_name\" content=\"CultCaff\u00e9 - die Bio Kaffee R\u00f6sterei\" \/>\n<meta property=\"article:publisher\" content=\"https:\/\/www.facebook.com\/p\/Cult-Caff%c3%a8-die-R%c3%b6sterei-100039719724703\/?locale=de_DE\" \/>\n<meta property=\"article:modified_time\" content=\"2025-09-26T10:52:48+00:00\" \/>\n<meta property=\"og:image\" content=\"https:\/\/www.cultcaffe.at\/wp-content\/uploads\/2024\/09\/Schild-Kaffee.webp\" \/>\n\t<meta property=\"og:image:width\" content=\"510\" \/>\n\t<meta property=\"og:image:height\" content=\"219\" \/>\n\t<meta property=\"og:image:type\" content=\"image\/webp\" \/>\n<meta name=\"twitter:card\" content=\"summary_large_image\" \/>\n<meta name=\"twitter:label1\" content=\"Cena\" \/>\n\t<meta name=\"twitter:data1\" content=\"&euro;&nbsp;10,00\" \/>\n\t<meta name=\"twitter:label2\" content=\"Dost\u0119pno\u015b\u0107\" \/>\n\t<meta name=\"twitter:data2\" content=\"Dost\u0119pny\" \/>\n<script type=\"application\/ld+json\" class=\"yoast-schema-graph\">{\"@context\":\"https:\\\/\\\/schema.org\",\"@graph\":[{\"@type\":\"WebPage\",\"@id\":\"https:\\\/\\\/www.cultcaffe.at\\\/produkt\\\/metallschild-28x12cm-ein-leben-ohne-kaffee\\\/\",\"url\":\"https:\\\/\\\/www.cultcaffe.at\\\/produkt\\\/metallschild-28x12cm-ein-leben-ohne-kaffee\\\/\",\"name\":\"Metallschild 28x12cm - Ein Leben ohne Kaffee... - CultCaff\u00e9 - die Bio Kaffee R\u00f6sterei\",\"isPartOf\":{\"@id\":\"https:\\\/\\\/www.cultcaffe.at\\\/#website\"},\"primaryImageOfPage\":{\"@id\":\"https:\\\/\\\/www.cultcaffe.at\\\/produkt\\\/metallschild-28x12cm-ein-leben-ohne-kaffee\\\/#primaryimage\"},\"image\":{\"@id\":\"https:\\\/\\\/www.cultcaffe.at\\\/produkt\\\/metallschild-28x12cm-ein-leben-ohne-kaffee\\\/#primaryimage\"},\"thumbnailUrl\":\"https:\\\/\\\/www.cultcaffe.at\\\/wp-content\\\/uploads\\\/2024\\\/09\\\/Schild-Kaffee.webp\",\"datePublished\":\"2024-09-23T06:37:07+00:00\",\"dateModified\":\"2025-09-26T10:52:48+00:00\",\"breadcrumb\":{\"@id\":\"https:\\\/\\\/www.cultcaffe.at\\\/produkt\\\/metallschild-28x12cm-ein-leben-ohne-kaffee\\\/#breadcrumb\"},\"inLanguage\":\"pl-PL\",\"potentialAction\":[{\"@type\":\"ReadAction\",\"target\":[\"https:\\\/\\\/www.cultcaffe.at\\\/produkt\\\/metallschild-28x12cm-ein-leben-ohne-kaffee\\\/\"]}]},{\"@type\":\"ImageObject\",\"inLanguage\":\"pl-PL\",\"@id\":\"https:\\\/\\\/www.cultcaffe.at\\\/produkt\\\/metallschild-28x12cm-ein-leben-ohne-kaffee\\\/#primaryimage\",\"url\":\"https:\\\/\\\/www.cultcaffe.at\\\/wp-content\\\/uploads\\\/2024\\\/09\\\/Schild-Kaffee.webp\",\"contentUrl\":\"https:\\\/\\\/www.cultcaffe.at\\\/wp-content\\\/uploads\\\/2024\\\/09\\\/Schild-Kaffee.webp\",\"width\":510,\"height\":219},{\"@type\":\"BreadcrumbList\",\"@id\":\"https:\\\/\\\/www.cultcaffe.at\\\/produkt\\\/metallschild-28x12cm-ein-leben-ohne-kaffee\\\/#breadcrumb\",\"itemListElement\":[{\"@type\":\"ListItem\",\"position\":1,\"name\":\"Startseite\",\"item\":\"https:\\\/\\\/www.cultcaffe.at\\\/\"},{\"@type\":\"ListItem\",\"position\":2,\"name\":\"Produkte\",\"item\":\"https:\\\/\\\/www.cultcaffe.at\\\/shop\\\/\"},{\"@type\":\"ListItem\",\"position\":3,\"name\":\"Metallschild 28x12cm &#8211; Ein Leben ohne Kaffee&#8230;\"}]},{\"@type\":\"WebSite\",\"@id\":\"https:\\\/\\\/www.cultcaffe.at\\\/#website\",\"url\":\"https:\\\/\\\/www.cultcaffe.at\\\/\",\"name\":\"CultCaff\u00e9 - die Bio Kaffee R\u00f6sterei\",\"description\":\"Liebe zum Kaffee\",\"publisher\":{\"@id\":\"https:\\\/\\\/www.cultcaffe.at\\\/#organization\"},\"potentialAction\":[{\"@type\":\"SearchAction\",\"target\":{\"@type\":\"EntryPoint\",\"urlTemplate\":\"https:\\\/\\\/www.cultcaffe.at\\\/?s={search_term_string}\"},\"query-input\":{\"@type\":\"PropertyValueSpecification\",\"valueRequired\":true,\"valueName\":\"search_term_string\"}}],\"inLanguage\":\"pl-PL\"},{\"@type\":[\"Organization\",\"Place\"],\"@id\":\"https:\\\/\\\/www.cultcaffe.at\\\/#organization\",\"name\":\"CultCaff\u00e9 Kaffeer\u00f6sterei GmbH\",\"alternateName\":\"CultCaff\u00e9\",\"url\":\"https:\\\/\\\/www.cultcaffe.at\\\/\",\"logo\":{\"@id\":\"https:\\\/\\\/www.cultcaffe.at\\\/produkt\\\/metallschild-28x12cm-ein-leben-ohne-kaffee\\\/#local-main-organization-logo\"},\"image\":{\"@id\":\"https:\\\/\\\/www.cultcaffe.at\\\/produkt\\\/metallschild-28x12cm-ein-leben-ohne-kaffee\\\/#local-main-organization-logo\"},\"sameAs\":[\"https:\\\/\\\/www.facebook.com\\\/p\\\/Cult-Caff\u00e8-die-R\u00f6sterei-100039719724703\\\/?locale=de_DE\",\"https:\\\/\\\/www.instagram.com\\\/cultcaffe.at\\\/\"],\"hasMerchantReturnPolicy\":{\"@type\":\"MerchantReturnPolicy\",\"merchantReturnLink\":\"https:\\\/\\\/www.cultcaffe.at\\\/pl\\\/agbs\\\/\"},\"telephone\":[],\"openingHoursSpecification\":[{\"@type\":\"OpeningHoursSpecification\",\"dayOfWeek\":[\"Monday\",\"Tuesday\",\"Wednesday\",\"Thursday\",\"Friday\",\"Saturday\",\"Sunday\"],\"opens\":\"09:00\",\"closes\":\"17:00\"}]},{\"@type\":\"ImageObject\",\"inLanguage\":\"pl-PL\",\"@id\":\"https:\\\/\\\/www.cultcaffe.at\\\/produkt\\\/metallschild-28x12cm-ein-leben-ohne-kaffee\\\/#local-main-organization-logo\",\"url\":\"https:\\\/\\\/www.cultcaffe.at\\\/wp-content\\\/uploads\\\/2023\\\/11\\\/cultcaffe_logo_regular_dark-1.svg\",\"contentUrl\":\"https:\\\/\\\/www.cultcaffe.at\\\/wp-content\\\/uploads\\\/2023\\\/11\\\/cultcaffe_logo_regular_dark-1.svg\",\"width\":756,\"height\":474,\"caption\":\"CultCaff\u00e9 Kaffeer\u00f6sterei GmbH\"}]}<\/script>\n<meta property=\"product:price:amount\" content=\"10.00\" \/>\n<meta property=\"product:price:currency\" content=\"EUR\" \/>\n<meta property=\"og:availability\" content=\"instock\" \/>\n<meta property=\"product:availability\" content=\"instock\" \/>\n<meta property=\"product:condition\" content=\"new\" \/>\n<!-- \/ Yoast SEO plugin. -->","yoast_head_json":{"title":"Tabliczka metalowa 28x12cm - \u017bycie bez kawy... - CultCaff\u00e9 - organiczna palarnia kawy","robots":{"index":"index","follow":"follow","max-snippet":"max-snippet:-1","max-image-preview":"max-image-preview:large","max-video-preview":"max-video-preview:-1"},"canonical":"https:\/\/www.cultcaffe.at\/pl\/produkt\/metalowy-znak-28x12cm-zycie-bez-kawy\/","og_locale":"pl_PL","og_type":"article","og_title":"Metallschild 28x12cm - Ein Leben ohne Kaffee... - CultCaff\u00e9 - die Bio Kaffee R\u00f6sterei","og_description":"Das Blechschild\u00a0''Ein Leben ohne Kaffee ist sinnlos'' ist aus einem qualitativ hochwertigen Blech mit abgerundeten und umgeschlagenen Kanten. Ideal f\u00fcr Kaffeeliebhaber und definitiv ein Hingucker f\u00fcr jedermanns Auge.  Metallschild 28 x 12 cm, gew\u00f6lbtes Schild mit 4 Randlochungen  &nbsp;","og_url":"https:\/\/www.cultcaffe.at\/pl\/produkt\/metalowy-znak-28x12cm-zycie-bez-kawy\/","og_site_name":"CultCaff\u00e9 - die Bio Kaffee R\u00f6sterei","article_publisher":"https:\/\/www.facebook.com\/p\/Cult-Caff%c3%a8-die-R%c3%b6sterei-100039719724703\/?locale=de_DE","article_modified_time":"2025-09-26T10:52:48+00:00","og_image":[{"width":510,"height":219,"url":"https:\/\/www.cultcaffe.at\/wp-content\/uploads\/2024\/09\/Schild-Kaffee.webp","type":"image\/webp"}],"twitter_card":"summary_large_image","twitter_misc":{"Cena":"&euro;&nbsp;10,00","Dost\u0119pno\u015b\u0107":"Dost\u0119pny"},"schema":{"@context":"https:\/\/schema.org","@graph":[{"@type":"WebPage","@id":"https:\/\/www.cultcaffe.at\/produkt\/metallschild-28x12cm-ein-leben-ohne-kaffee\/","url":"https:\/\/www.cultcaffe.at\/produkt\/metallschild-28x12cm-ein-leben-ohne-kaffee\/","name":"Tabliczka metalowa 28x12cm - \u017bycie bez kawy... - CultCaff\u00e9 - organiczna palarnia kawy","isPartOf":{"@id":"https:\/\/www.cultcaffe.at\/#website"},"primaryImageOfPage":{"@id":"https:\/\/www.cultcaffe.at\/produkt\/metallschild-28x12cm-ein-leben-ohne-kaffee\/#primaryimage"},"image":{"@id":"https:\/\/www.cultcaffe.at\/produkt\/metallschild-28x12cm-ein-leben-ohne-kaffee\/#primaryimage"},"thumbnailUrl":"https:\/\/www.cultcaffe.at\/wp-content\/uploads\/2024\/09\/Schild-Kaffee.webp","datePublished":"2024-09-23T06:37:07+00:00","dateModified":"2025-09-26T10:52:48+00:00","breadcrumb":{"@id":"https:\/\/www.cultcaffe.at\/produkt\/metallschild-28x12cm-ein-leben-ohne-kaffee\/#breadcrumb"},"inLanguage":"pl-PL","potentialAction":[{"@type":"ReadAction","target":["https:\/\/www.cultcaffe.at\/produkt\/metallschild-28x12cm-ein-leben-ohne-kaffee\/"]}]},{"@type":"ImageObject","inLanguage":"pl-PL","@id":"https:\/\/www.cultcaffe.at\/produkt\/metallschild-28x12cm-ein-leben-ohne-kaffee\/#primaryimage","url":"https:\/\/www.cultcaffe.at\/wp-content\/uploads\/2024\/09\/Schild-Kaffee.webp","contentUrl":"https:\/\/www.cultcaffe.at\/wp-content\/uploads\/2024\/09\/Schild-Kaffee.webp","width":510,"height":219},{"@type":"BreadcrumbList","@id":"https:\/\/www.cultcaffe.at\/produkt\/metallschild-28x12cm-ein-leben-ohne-kaffee\/#breadcrumb","itemListElement":[{"@type":"ListItem","position":1,"name":"Startseite","item":"https:\/\/www.cultcaffe.at\/"},{"@type":"ListItem","position":2,"name":"Produkte","item":"https:\/\/www.cultcaffe.at\/shop\/"},{"@type":"ListItem","position":3,"name":"Metallschild 28x12cm &#8211; Ein Leben ohne Kaffee&#8230;"}]},{"@type":"WebSite","@id":"https:\/\/www.cultcaffe.at\/#website","url":"https:\/\/www.cultcaffe.at\/","name":"CultCaff\u00e9 \u2013 organiczna palarnia kawy","description":"Mi\u0142o\u015b\u0107 do kawy","publisher":{"@id":"https:\/\/www.cultcaffe.at\/#organization"},"potentialAction":[{"@type":"SearchAction","target":{"@type":"EntryPoint","urlTemplate":"https:\/\/www.cultcaffe.at\/?s={search_term_string}"},"query-input":{"@type":"PropertyValueSpecification","valueRequired":true,"valueName":"search_term_string"}}],"inLanguage":"pl-PL"},{"@type":["Organization","Place"],"@id":"https:\/\/www.cultcaffe.at\/#organization","name":"CultCaff\u00e9 Coffee Roastery GmbH","alternateName":"CultCaff\u00e9","url":"https:\/\/www.cultcaffe.at\/","logo":{"@id":"https:\/\/www.cultcaffe.at\/produkt\/metallschild-28x12cm-ein-leben-ohne-kaffee\/#local-main-organization-logo"},"image":{"@id":"https:\/\/www.cultcaffe.at\/produkt\/metallschild-28x12cm-ein-leben-ohne-kaffee\/#local-main-organization-logo"},"sameAs":["https:\/\/www.facebook.com\/p\/Cult-Caff\u00e8-die-R\u00f6sterei-100039719724703\/?locale=de_DE","https:\/\/www.instagram.com\/cultcaffe.at\/"],"hasMerchantReturnPolicy":{"@type":"MerchantReturnPolicy","merchantReturnLink":"https:\/\/www.cultcaffe.at\/pl\/agbs\/"},"telephone":[],"openingHoursSpecification":[{"@type":"OpeningHoursSpecification","dayOfWeek":["Monday","Tuesday","Wednesday","Thursday","Friday","Saturday","Sunday"],"opens":"09:00","closes":"17:00"}]},{"@type":"ImageObject","inLanguage":"pl-PL","@id":"https:\/\/www.cultcaffe.at\/produkt\/metallschild-28x12cm-ein-leben-ohne-kaffee\/#local-main-organization-logo","url":"https:\/\/www.cultcaffe.at\/wp-content\/uploads\/2023\/11\/cultcaffe_logo_regular_dark-1.svg","contentUrl":"https:\/\/www.cultcaffe.at\/wp-content\/uploads\/2023\/11\/cultcaffe_logo_regular_dark-1.svg","width":756,"height":474,"caption":"CultCaff\u00e9 Kaffeer\u00f6sterei GmbH"}]},"product_price_amount":"10.00","product_price_currency":"EUR","og_availability":"instock","product_availability":"instock","product_condition":"new"},"_links":{"self":[{"href":"https:\/\/www.cultcaffe.at\/pl\/wp-json\/wp\/v2\/product\/15534","targetHints":{"allow":["GET"]}}],"collection":[{"href":"https:\/\/www.cultcaffe.at\/pl\/wp-json\/wp\/v2\/product"}],"about":[{"href":"https:\/\/www.cultcaffe.at\/pl\/wp-json\/wp\/v2\/types\/product"}],"wp:featuredmedia":[{"embeddable":true,"href":"https:\/\/www.cultcaffe.at\/pl\/wp-json\/wp\/v2\/media\/15537"}],"wp:attachment":[{"href":"https:\/\/www.cultcaffe.at\/pl\/wp-json\/wp\/v2\/media?parent=15534"}],"wp:term":[{"taxonomy":"product_brand","embeddable":true,"href":"https:\/\/www.cultcaffe.at\/pl\/wp-json\/wp\/v2\/product_brand?post=15534"},{"taxonomy":"product_cat","embeddable":true,"href":"https:\/\/www.cultcaffe.at\/pl\/wp-json\/wp\/v2\/product_cat?post=15534"},{"taxonomy":"product_tag","embeddable":true,"href":"https:\/\/www.cultcaffe.at\/pl\/wp-json\/wp\/v2\/product_tag?post=15534"}],"curies":[{"name":"wp","href":"https:\/\/api.w.org\/{rel}","templated":true}]}}