{"id":15488,"date":"2024-09-12T11:07:51","date_gmt":"2024-09-12T09:07:51","guid":{"rendered":"https:\/\/www.cultcaffe.at\/?post_type=product&#038;p=15488"},"modified":"2025-03-18T13:38:43","modified_gmt":"2025-03-18T12:38:43","slug":"naturalny-srodek-czyszczacy-do-mlynkow-500g","status":"publish","type":"product","link":"https:\/\/www.cultcaffe.at\/pl\/produkt\/natural-grind-muehlenreiniger-500g\/","title":{"rendered":"Natural Grind Grinder Cleaner 500g"},"content":{"rendered":"<p>NATURAL cleaning to nowa linia produkt\u00f3w czyszcz\u0105cych, kt\u00f3rej celem jest oferowanie produkt\u00f3w mo\u017cliwie \u201enietoksycznych\u201d.<\/p>\n<p>Istniej\u0105 ku temu dobre powody: co si\u0119 stanie, je\u015bli produkty trafi\u0105 w r\u0119ce dzieci? A co, je\u015bli u\u017cytkownik jest rozproszony i \u015brodki czyszcz\u0105ce nie zostan\u0105 prawid\u0142owo usuni\u0119te lub wyp\u0142ukane? Czy cz\u0105steczki \u015brodka czyszcz\u0105cego mog\u0105 przedosta\u0107 si\u0119 do espresso lub cappuccino? Co dzieje si\u0119 ze wszystkimi \u015brodkami czyszcz\u0105cymi w \u015bciekach i \u015brodowisku? Dlatego uwa\u017camy, \u017ce aby tego unikn\u0105\u0107, dopuszczalne s\u0105 niewielkie kompromisy w zakresie skuteczno\u015bci. Celem nie jest produkcja mniej toksycznych substancji, lecz raczej wytwarzanie produkt\u00f3w, kt\u00f3re w og\u00f3le nie s\u0105 szkodliwe.<\/p>\n<p><strong>NOWY:<\/strong>\u00a0 <strong>Naturalny \u015brodek czyszcz\u0105cy do m\u0142ynk\u00f3w do kawy (nie nadaje si\u0119 do ekspres\u00f3w automatycznych!)<\/strong><\/p>\n<p>\u015arodek do czyszczenia m\u0142ynk\u00f3w Natural-Grind, kt\u00f3ry opracowali\u015bmy i wyprodukowali\u015bmy, to produkt najwy\u017cszej jako\u015bci, wykonany wy\u0142\u0105cznie z naturalnych sk\u0142adnik\u00f3w. Oznacza to, \u017ce u\u017cywamy mieszanki r\u00f3\u017cnych ziaren i produkt\u00f3w naturalnych, dzi\u0119ki czemu mo\u017cesz szybko i \u0142atwo wyczy\u015bci\u0107 martw\u0105 przestrze\u0144 swojego m\u0142ynka do kawy.<\/p>\n<p>Co jest szczeg\u00f3lnego w Natural Grind? Dlaczego nie mog\u0119 po prostu wyczy\u015bci\u0107 m\u0142ynka ry\u017cem, stosuj\u0105c star\u0105 \u201ebabcin\u0105\u201d metod\u0119? No c\u00f3\u017c, dzia\u0142a\u0142o to w warunkach, w jakich dzia\u0142a\u0142 m\u0142ynek do kawy \u201ez tamtych czas\u00f3w\u201d. Dzisiejsze m\u0142ynki do kawy po prostu zacinaj\u0105 si\u0119 lub przestaj\u0105 dzia\u0142a\u0107, je\u015bli zatrzymamy je w po\u0142owie pracy, co wymaga pracoch\u0142onnego odkr\u0119cania.<br \/>\nSztuk\u0105 jest stworzenie \u015brodka czyszcz\u0105cego do m\u0142ynka, kt\u00f3ry nie spowoduje jego zaci\u0119cia, ale wyczy\u015bci martwe przestrzenie tak dok\u0142adnie i kompleksowo, jak to mo\u017cliwe, a przede wszystkim nie zmieni ustawienia stopnia zmielenia, co w przeciwnym razie wi\u0105za\u0142oby si\u0119 z konieczno\u015bci\u0105 ponownej regulacji m\u0142ynka.<\/p>\n<p><strong>Jak czy\u015bci\u0107 m\u0142ynek do kawy?<\/strong><br \/>\n1. Opr\u00f3\u017cnij pojemnik na ziarna kawy, odced\u017a pozosta\u0142e ziarna kawy i wyczy\u015b\u0107 je wst\u0119pnie, tak dok\u0142adnie jak to mo\u017cliwe, za pomoc\u0105 szczotki do m\u0142ynka.<br \/>\n2. Przed czyszczeniem m\u0142ynka ustaw go na \u201e\u015bredni stopie\u0144 mielenia\u201d, aby zapobiec zmianie ustawienia grubo\u015bci mielenia.<br \/>\n3. Po przepuszczeniu oko\u0142o 40 g CleanGrind mo\u017cesz doda\u0107 wi\u0119cej ziaren kawy.<br \/>\nPierwsze fusy po kawie nale\u017cy wyrzuci\u0107 razem z resztkami \u015brodka czyszcz\u0105cego.<br \/>\nPodczas pierwszych proces\u00f3w mielenia mog\u0105 nadal pojawia\u0107 si\u0119 cz\u0105steczki \u015brodka czyszcz\u0105cego, co nie wp\u0142ynie na smak espresso, lecz usuni\u0119te t\u0142uste i potencjalnie zje\u0142cza\u0142e t\u0142uszcze kawowe zapewni\u0105 teraz pyszne, \u015bwie\u017ce cappuccino lub espresso.<\/p>\n<p><strong>Jak cz\u0119sto nale\u017cy czy\u015bci\u0107 m\u0142ynek do kawy?<\/strong><\/p>\n<p>Trudno jest okre\u015bli\u0107 dok\u0142adn\u0105 liczb\u0119 razy, kiedy nale\u017cy czy\u015bci\u0107 m\u0142ynek do kawy, gdy\u017c zale\u017cy to od ilo\u015bci mielonej w nim kawy. Nasze zalecenie jest nast\u0119puj\u0105ce: W domu raz w tygodniu; Codziennie w strefie gastronomicznej<\/p>\n<p><strong>Uwaga na m\u0142yny Eureka:<\/strong><\/p>\n<p>Te m\u0142ynki maj\u0105 bardzo drobn\u0105 regulacj\u0119 stopnia zmielenia, co oznacza, \u017ce mo\u017cna zmieni\u0107 stopie\u0144 zmielenia z drobnego\/espresso na gruby\/kaw\u0119 filtrowan\u0105 nie tylko raz, ale kilkakrotnie o 360\u00b0.<\/p>\n<p>Dlatego nie uzyskasz \u015bredniego zmielenia, je\u015bli przekr\u0119cisz pokr\u0119t\u0142o tylko o 90\u00b0 z ustawienia drobnego\/espresso na grube! Lepiej jest kr\u0119ci\u0107 d\u0142u\u017cej, aby uzyska\u0107 \u015brednio-gruby stopie\u0144 zmielenia, w przeciwnym razie m\u0142ynek \u0142atwo si\u0119 zatka.<\/p>\n<p><strong>Nie nadaje si\u0119 do pralek automatycznych!<\/strong><\/p>\n<p><strong>nie zawiera glutenu!<\/strong><\/p>","protected":false},"excerpt":{"rendered":"<ul>\n<li>m\u0142yn trwalszy<\/li>\n<li>\u0142atwa obs\u0142uga<\/li>\n<li>Produkt naturalny, ekologiczny 100%<\/li>\n<li>Najlepszy stosunek ceny do jako\u015bci<\/li>\n<\/ul>\n<p>&nbsp;<\/p>","protected":false},"featured_media":15489,"template":"","meta":{"inline_featured_image":false},"product_brand":[],"product_cat":[204,210,213],"product_tag":[61,59,62,98,69,262,261],"class_list":{"0":"post-15488","1":"product","2":"type-product","3":"status-publish","4":"has-post-thumbnail","6":"product_cat-zubehoer","7":"product_cat-handmuehlen","8":"product_cat-kaffeemuehlen","9":"product_tag-cultcaffe","10":"product_tag-kaffee","11":"product_tag-kaffeegenuss","12":"product_tag-kaffeemuehle","13":"product_tag-muehle","14":"product_tag-oekologisch","15":"product_tag-reinigung","17":"first","18":"instock","19":"taxable","20":"shipping-taxable","21":"purchasable","22":"product-type-simple"},"yoast_head":"<!-- This site is optimized with the Yoast SEO plugin v27.6 - https:\/\/yoast.com\/product\/yoast-seo-wordpress\/ -->\n<title>Natural Grind M\u00fchlenreiniger 500g - CultCaff\u00e9 - die Bio Kaffee R\u00f6sterei<\/title>\n<meta name=\"robots\" content=\"index, follow, max-snippet:-1, max-image-preview:large, max-video-preview:-1\" \/>\n<link rel=\"canonical\" href=\"https:\/\/www.cultcaffe.at\/pl\/produkt\/naturalny-srodek-czyszczacy-do-mlynkow-500g\/\" \/>\n<meta property=\"og:locale\" content=\"pl_PL\" \/>\n<meta property=\"og:type\" content=\"article\" \/>\n<meta property=\"og:title\" content=\"Natural Grind M\u00fchlenreiniger 500g - CultCaff\u00e9 - die Bio Kaffee R\u00f6sterei\" \/>\n<meta property=\"og:description\" content=\"langlebigere M\u00fchle  einfache Handhabung  Naturprodukt, 100% \u00f6kologisch  Top Preis-Leistungsverh\u00e4ltnis  &nbsp;\" \/>\n<meta property=\"og:url\" content=\"https:\/\/www.cultcaffe.at\/pl\/produkt\/naturalny-srodek-czyszczacy-do-mlynkow-500g\/\" \/>\n<meta property=\"og:site_name\" content=\"CultCaff\u00e9 - die Bio Kaffee R\u00f6sterei\" \/>\n<meta property=\"article:publisher\" content=\"https:\/\/www.facebook.com\/p\/Cult-Caff%c3%a8-die-R%c3%b6sterei-100039719724703\/?locale=de_DE\" \/>\n<meta property=\"article:modified_time\" content=\"2025-03-18T12:38:43+00:00\" \/>\n<meta property=\"og:image\" content=\"https:\/\/www.cultcaffe.at\/wp-content\/uploads\/2024\/09\/Muehlenreiniger-front.png\" \/>\n\t<meta property=\"og:image:width\" content=\"431\" \/>\n\t<meta property=\"og:image:height\" content=\"600\" \/>\n\t<meta property=\"og:image:type\" content=\"image\/png\" \/>\n<meta name=\"twitter:card\" content=\"summary_large_image\" \/>\n<meta name=\"twitter:label1\" content=\"Cena\" \/>\n\t<meta name=\"twitter:data1\" content=\"&euro;&nbsp;12,00\" \/>\n\t<meta name=\"twitter:label2\" content=\"Dost\u0119pno\u015b\u0107\" \/>\n\t<meta name=\"twitter:data2\" content=\"Dost\u0119pny\" \/>\n<script type=\"application\/ld+json\" class=\"yoast-schema-graph\">{\"@context\":\"https:\\\/\\\/schema.org\",\"@graph\":[{\"@type\":\"WebPage\",\"@id\":\"https:\\\/\\\/www.cultcaffe.at\\\/produkt\\\/natural-grind-muehlenreiniger-500g\\\/\",\"url\":\"https:\\\/\\\/www.cultcaffe.at\\\/produkt\\\/natural-grind-muehlenreiniger-500g\\\/\",\"name\":\"Natural Grind M\u00fchlenreiniger 500g - CultCaff\u00e9 - die Bio Kaffee R\u00f6sterei\",\"isPartOf\":{\"@id\":\"https:\\\/\\\/www.cultcaffe.at\\\/#website\"},\"primaryImageOfPage\":{\"@id\":\"https:\\\/\\\/www.cultcaffe.at\\\/produkt\\\/natural-grind-muehlenreiniger-500g\\\/#primaryimage\"},\"image\":{\"@id\":\"https:\\\/\\\/www.cultcaffe.at\\\/produkt\\\/natural-grind-muehlenreiniger-500g\\\/#primaryimage\"},\"thumbnailUrl\":\"https:\\\/\\\/www.cultcaffe.at\\\/wp-content\\\/uploads\\\/2024\\\/09\\\/Muehlenreiniger-front.png\",\"datePublished\":\"2024-09-12T09:07:51+00:00\",\"dateModified\":\"2025-03-18T12:38:43+00:00\",\"breadcrumb\":{\"@id\":\"https:\\\/\\\/www.cultcaffe.at\\\/produkt\\\/natural-grind-muehlenreiniger-500g\\\/#breadcrumb\"},\"inLanguage\":\"pl-PL\",\"potentialAction\":[{\"@type\":\"ReadAction\",\"target\":[\"https:\\\/\\\/www.cultcaffe.at\\\/produkt\\\/natural-grind-muehlenreiniger-500g\\\/\"]}]},{\"@type\":\"ImageObject\",\"inLanguage\":\"pl-PL\",\"@id\":\"https:\\\/\\\/www.cultcaffe.at\\\/produkt\\\/natural-grind-muehlenreiniger-500g\\\/#primaryimage\",\"url\":\"https:\\\/\\\/www.cultcaffe.at\\\/wp-content\\\/uploads\\\/2024\\\/09\\\/Muehlenreiniger-front.png\",\"contentUrl\":\"https:\\\/\\\/www.cultcaffe.at\\\/wp-content\\\/uploads\\\/2024\\\/09\\\/Muehlenreiniger-front.png\",\"width\":431,\"height\":600},{\"@type\":\"BreadcrumbList\",\"@id\":\"https:\\\/\\\/www.cultcaffe.at\\\/produkt\\\/natural-grind-muehlenreiniger-500g\\\/#breadcrumb\",\"itemListElement\":[{\"@type\":\"ListItem\",\"position\":1,\"name\":\"Startseite\",\"item\":\"https:\\\/\\\/www.cultcaffe.at\\\/\"},{\"@type\":\"ListItem\",\"position\":2,\"name\":\"Produkte\",\"item\":\"https:\\\/\\\/www.cultcaffe.at\\\/shop\\\/\"},{\"@type\":\"ListItem\",\"position\":3,\"name\":\"Natural Grind M\u00fchlenreiniger 500g\"}]},{\"@type\":\"WebSite\",\"@id\":\"https:\\\/\\\/www.cultcaffe.at\\\/#website\",\"url\":\"https:\\\/\\\/www.cultcaffe.at\\\/\",\"name\":\"CultCaff\u00e9 - die Bio Kaffee R\u00f6sterei\",\"description\":\"Liebe zum Kaffee\",\"publisher\":{\"@id\":\"https:\\\/\\\/www.cultcaffe.at\\\/#organization\"},\"potentialAction\":[{\"@type\":\"SearchAction\",\"target\":{\"@type\":\"EntryPoint\",\"urlTemplate\":\"https:\\\/\\\/www.cultcaffe.at\\\/?s={search_term_string}\"},\"query-input\":{\"@type\":\"PropertyValueSpecification\",\"valueRequired\":true,\"valueName\":\"search_term_string\"}}],\"inLanguage\":\"pl-PL\"},{\"@type\":[\"Organization\",\"Place\"],\"@id\":\"https:\\\/\\\/www.cultcaffe.at\\\/#organization\",\"name\":\"CultCaff\u00e9 Kaffeer\u00f6sterei GmbH\",\"alternateName\":\"CultCaff\u00e9\",\"url\":\"https:\\\/\\\/www.cultcaffe.at\\\/\",\"logo\":{\"@id\":\"https:\\\/\\\/www.cultcaffe.at\\\/produkt\\\/natural-grind-muehlenreiniger-500g\\\/#local-main-organization-logo\"},\"image\":{\"@id\":\"https:\\\/\\\/www.cultcaffe.at\\\/produkt\\\/natural-grind-muehlenreiniger-500g\\\/#local-main-organization-logo\"},\"sameAs\":[\"https:\\\/\\\/www.facebook.com\\\/p\\\/Cult-Caff\u00e8-die-R\u00f6sterei-100039719724703\\\/?locale=de_DE\",\"https:\\\/\\\/www.instagram.com\\\/cultcaffe.at\\\/\"],\"hasMerchantReturnPolicy\":{\"@type\":\"MerchantReturnPolicy\",\"merchantReturnLink\":\"https:\\\/\\\/www.cultcaffe.at\\\/pl\\\/agbs\\\/\"},\"telephone\":[],\"openingHoursSpecification\":[{\"@type\":\"OpeningHoursSpecification\",\"dayOfWeek\":[\"Monday\",\"Tuesday\",\"Wednesday\",\"Thursday\",\"Friday\",\"Saturday\",\"Sunday\"],\"opens\":\"09:00\",\"closes\":\"17:00\"}]},{\"@type\":\"ImageObject\",\"inLanguage\":\"pl-PL\",\"@id\":\"https:\\\/\\\/www.cultcaffe.at\\\/produkt\\\/natural-grind-muehlenreiniger-500g\\\/#local-main-organization-logo\",\"url\":\"https:\\\/\\\/www.cultcaffe.at\\\/wp-content\\\/uploads\\\/2023\\\/11\\\/cultcaffe_logo_regular_dark-1.svg\",\"contentUrl\":\"https:\\\/\\\/www.cultcaffe.at\\\/wp-content\\\/uploads\\\/2023\\\/11\\\/cultcaffe_logo_regular_dark-1.svg\",\"width\":756,\"height\":474,\"caption\":\"CultCaff\u00e9 Kaffeer\u00f6sterei GmbH\"}]}<\/script>\n<meta property=\"product:price:amount\" content=\"12.00\" \/>\n<meta property=\"product:price:currency\" content=\"EUR\" \/>\n<meta property=\"og:availability\" content=\"instock\" \/>\n<meta property=\"product:availability\" content=\"instock\" \/>\n<meta property=\"product:condition\" content=\"new\" \/>\n<!-- \/ Yoast SEO plugin. -->","yoast_head_json":{"title":"Natural Grind Mill Cleaner 500g - CultCaff\u00e9 - organiczna palarnia kawy","robots":{"index":"index","follow":"follow","max-snippet":"max-snippet:-1","max-image-preview":"max-image-preview:large","max-video-preview":"max-video-preview:-1"},"canonical":"https:\/\/www.cultcaffe.at\/pl\/produkt\/naturalny-srodek-czyszczacy-do-mlynkow-500g\/","og_locale":"pl_PL","og_type":"article","og_title":"Natural Grind M\u00fchlenreiniger 500g - CultCaff\u00e9 - die Bio Kaffee R\u00f6sterei","og_description":"langlebigere M\u00fchle  einfache Handhabung  Naturprodukt, 100% \u00f6kologisch  Top Preis-Leistungsverh\u00e4ltnis  &nbsp;","og_url":"https:\/\/www.cultcaffe.at\/pl\/produkt\/naturalny-srodek-czyszczacy-do-mlynkow-500g\/","og_site_name":"CultCaff\u00e9 - die Bio Kaffee R\u00f6sterei","article_publisher":"https:\/\/www.facebook.com\/p\/Cult-Caff%c3%a8-die-R%c3%b6sterei-100039719724703\/?locale=de_DE","article_modified_time":"2025-03-18T12:38:43+00:00","og_image":[{"width":431,"height":600,"url":"https:\/\/www.cultcaffe.at\/wp-content\/uploads\/2024\/09\/Muehlenreiniger-front.png","type":"image\/png"}],"twitter_card":"summary_large_image","twitter_misc":{"Cena":"&euro;&nbsp;12,00","Dost\u0119pno\u015b\u0107":"Dost\u0119pny"},"schema":{"@context":"https:\/\/schema.org","@graph":[{"@type":"WebPage","@id":"https:\/\/www.cultcaffe.at\/produkt\/natural-grind-muehlenreiniger-500g\/","url":"https:\/\/www.cultcaffe.at\/produkt\/natural-grind-muehlenreiniger-500g\/","name":"Natural Grind Mill Cleaner 500g - CultCaff\u00e9 - organiczna palarnia kawy","isPartOf":{"@id":"https:\/\/www.cultcaffe.at\/#website"},"primaryImageOfPage":{"@id":"https:\/\/www.cultcaffe.at\/produkt\/natural-grind-muehlenreiniger-500g\/#primaryimage"},"image":{"@id":"https:\/\/www.cultcaffe.at\/produkt\/natural-grind-muehlenreiniger-500g\/#primaryimage"},"thumbnailUrl":"https:\/\/www.cultcaffe.at\/wp-content\/uploads\/2024\/09\/Muehlenreiniger-front.png","datePublished":"2024-09-12T09:07:51+00:00","dateModified":"2025-03-18T12:38:43+00:00","breadcrumb":{"@id":"https:\/\/www.cultcaffe.at\/produkt\/natural-grind-muehlenreiniger-500g\/#breadcrumb"},"inLanguage":"pl-PL","potentialAction":[{"@type":"ReadAction","target":["https:\/\/www.cultcaffe.at\/produkt\/natural-grind-muehlenreiniger-500g\/"]}]},{"@type":"ImageObject","inLanguage":"pl-PL","@id":"https:\/\/www.cultcaffe.at\/produkt\/natural-grind-muehlenreiniger-500g\/#primaryimage","url":"https:\/\/www.cultcaffe.at\/wp-content\/uploads\/2024\/09\/Muehlenreiniger-front.png","contentUrl":"https:\/\/www.cultcaffe.at\/wp-content\/uploads\/2024\/09\/Muehlenreiniger-front.png","width":431,"height":600},{"@type":"BreadcrumbList","@id":"https:\/\/www.cultcaffe.at\/produkt\/natural-grind-muehlenreiniger-500g\/#breadcrumb","itemListElement":[{"@type":"ListItem","position":1,"name":"Startseite","item":"https:\/\/www.cultcaffe.at\/"},{"@type":"ListItem","position":2,"name":"Produkte","item":"https:\/\/www.cultcaffe.at\/shop\/"},{"@type":"ListItem","position":3,"name":"Natural Grind M\u00fchlenreiniger 500g"}]},{"@type":"WebSite","@id":"https:\/\/www.cultcaffe.at\/#website","url":"https:\/\/www.cultcaffe.at\/","name":"CultCaff\u00e9 \u2013 organiczna palarnia kawy","description":"Mi\u0142o\u015b\u0107 do kawy","publisher":{"@id":"https:\/\/www.cultcaffe.at\/#organization"},"potentialAction":[{"@type":"SearchAction","target":{"@type":"EntryPoint","urlTemplate":"https:\/\/www.cultcaffe.at\/?s={search_term_string}"},"query-input":{"@type":"PropertyValueSpecification","valueRequired":true,"valueName":"search_term_string"}}],"inLanguage":"pl-PL"},{"@type":["Organization","Place"],"@id":"https:\/\/www.cultcaffe.at\/#organization","name":"CultCaff\u00e9 Coffee Roastery GmbH","alternateName":"CultCaff\u00e9","url":"https:\/\/www.cultcaffe.at\/","logo":{"@id":"https:\/\/www.cultcaffe.at\/produkt\/natural-grind-muehlenreiniger-500g\/#local-main-organization-logo"},"image":{"@id":"https:\/\/www.cultcaffe.at\/produkt\/natural-grind-muehlenreiniger-500g\/#local-main-organization-logo"},"sameAs":["https:\/\/www.facebook.com\/p\/Cult-Caff\u00e8-die-R\u00f6sterei-100039719724703\/?locale=de_DE","https:\/\/www.instagram.com\/cultcaffe.at\/"],"hasMerchantReturnPolicy":{"@type":"MerchantReturnPolicy","merchantReturnLink":"https:\/\/www.cultcaffe.at\/pl\/agbs\/"},"telephone":[],"openingHoursSpecification":[{"@type":"OpeningHoursSpecification","dayOfWeek":["Monday","Tuesday","Wednesday","Thursday","Friday","Saturday","Sunday"],"opens":"09:00","closes":"17:00"}]},{"@type":"ImageObject","inLanguage":"pl-PL","@id":"https:\/\/www.cultcaffe.at\/produkt\/natural-grind-muehlenreiniger-500g\/#local-main-organization-logo","url":"https:\/\/www.cultcaffe.at\/wp-content\/uploads\/2023\/11\/cultcaffe_logo_regular_dark-1.svg","contentUrl":"https:\/\/www.cultcaffe.at\/wp-content\/uploads\/2023\/11\/cultcaffe_logo_regular_dark-1.svg","width":756,"height":474,"caption":"CultCaff\u00e9 Kaffeer\u00f6sterei GmbH"}]},"product_price_amount":"12.00","product_price_currency":"EUR","og_availability":"instock","product_availability":"instock","product_condition":"new"},"_links":{"self":[{"href":"https:\/\/www.cultcaffe.at\/pl\/wp-json\/wp\/v2\/product\/15488","targetHints":{"allow":["GET"]}}],"collection":[{"href":"https:\/\/www.cultcaffe.at\/pl\/wp-json\/wp\/v2\/product"}],"about":[{"href":"https:\/\/www.cultcaffe.at\/pl\/wp-json\/wp\/v2\/types\/product"}],"wp:featuredmedia":[{"embeddable":true,"href":"https:\/\/www.cultcaffe.at\/pl\/wp-json\/wp\/v2\/media\/15489"}],"wp:attachment":[{"href":"https:\/\/www.cultcaffe.at\/pl\/wp-json\/wp\/v2\/media?parent=15488"}],"wp:term":[{"taxonomy":"product_brand","embeddable":true,"href":"https:\/\/www.cultcaffe.at\/pl\/wp-json\/wp\/v2\/product_brand?post=15488"},{"taxonomy":"product_cat","embeddable":true,"href":"https:\/\/www.cultcaffe.at\/pl\/wp-json\/wp\/v2\/product_cat?post=15488"},{"taxonomy":"product_tag","embeddable":true,"href":"https:\/\/www.cultcaffe.at\/pl\/wp-json\/wp\/v2\/product_tag?post=15488"}],"curies":[{"name":"wp","href":"https:\/\/api.w.org\/{rel}","templated":true}]}}