{"id":15452,"date":"2024-08-26T16:14:59","date_gmt":"2024-08-26T14:14:59","guid":{"rendered":"https:\/\/www.cultcaffe.at\/?post_type=product&#038;p=15452"},"modified":"2025-03-21T11:23:46","modified_gmt":"2025-03-21T10:23:46","slug":"wielokrotnego-uzytku-filtr-do-kawy-ze-stali-nierdzewnej","status":"publish","type":"product","link":"https:\/\/www.cultcaffe.at\/pl\/produkt\/wiederverwendbarer-kaffeefilter-aus-edelstahl\/","title":{"rendered":"Wielokrotnego u\u017cytku filtr do kawy ze stali nierdzewnej"},"content":{"rendered":"<p><strong>Dla bardziej zr\u00f3wnowa\u017conej przyjemno\u015bci z kawy<\/strong><\/p>\n<p><span class=\"metafield-multi_line_text_field\">Wielorazowy filtr do kawy ze stali nierdzewnej gwarantuje naturalny smak i pe\u0142ny aromat.<br \/>\nFiltr do kawy ze stali nierdzewnej jest odpowiedni dla wszystkich mi\u0142o\u015bnik\u00f3w kawy i jest \u0142atwy w u\u017cyciu.<br \/>\nDzi\u0119ki temu filtry papierowe nie s\u0105 ju\u017c potrzebne.<\/span><\/p>\n<ul>\n<li><span class=\"metafield-multi_line_text_field\">produkt trwa\u0142y i zr\u00f3wnowa\u017cony<\/span><\/li>\n<li><span class=\"metafield-multi_line_text_field\">produkt bez plastiku i opakowanie bez plastiku<br \/>\n<\/span><\/li>\n<li><span class=\"metafield-multi_line_text_field\">dla wszystkich mi\u0142o\u015bnik\u00f3w kawy<br \/>\n<\/span><\/li>\n<li><span class=\"metafield-multi_line_text_field\">idealny pomys\u0142 na prezent na ka\u017cd\u0105 okazj\u0119<br \/>\n<\/span><\/li>\n<li><span class=\"metafield-multi_line_text_field\">\u0142atwa obs\u0142uga i czyszczenie<\/span><\/li>\n<\/ul>\n<p><strong>Zmywalny filtr do kawy ze stali nierdzewnej b\u0119dzie Ci towarzyszy\u0142 przez ca\u0142e \u017cycie<\/strong><\/p>\n<p><span class=\"metafield-multi_line_text_field\">Filtr do kawy jest nie tylko atrakcyjniejszy od tradycyjnego filtra papierowego, ale tak\u017ce rozwi\u0105zaniem bardziej przyjaznym dla \u015brodowiska. Ponadto filtr ze stali nierdzewnej nie zmienia smaku kawy, dzi\u0119ki czemu nic nie stoi na przeszkodzie, aby cieszy\u0107 si\u0119 czystym i autentycznym smakiem.<br \/>\n\u0141atwe czyszczenie sprawia, \u017ce bezpieczny dla \u017cywno\u015bci filtr do kawy jest jeszcze atrakcyjniejszy.<br \/>\n<\/span><span class=\"metafield-multi_line_text_field\">Dzi\u0119ki zastosowaniu bardzo drobnego i odpornego na rdz\u0119 sita, mo\u017cna go bez problemu my\u0107 w zmywarce.<\/span><\/p>\n<p>&nbsp;<\/p>\n<p><strong>Zakres dostawy:<\/strong>\u00a0<span class=\"metafield-multi_line_text_field\">1 filtr do kawy<\/span><\/p>\n<p><strong>Materia\u0142 \/ Sk\u0142adniki:<\/strong>\u00a0stal nierdzewna<\/p>\n<p><strong>Waga:<\/strong>\u00a016,5 grama<\/p>\n<p><strong>Rozmiar:<\/strong>\u00a0<span class=\"metafield-multi_line_text_field\">Wymiar 19 cm x 12,5 cm x 4,5 cm<\/span><\/p>\n<p><strong>Kolor:<\/strong>\u00a0metal<\/p>\n<p><strong>Wyprodukowano w:<\/strong>\u00a0Prowincja Zhejiang, Chiny<\/p>\n<p><strong>Sprzeda\u017c:<\/strong>\u00a0<span class=\"metafield-multi_line_text_field\">Filtr do kawy nale\u017cy wyrzuci\u0107 do pojemnika na odpady komunalne.<\/span><\/p>\n<p><strong>Certyfikaty:<\/strong>\u00a0<span class=\"metafield-multi_line_text_field\">Nasz producent posiada certyfikat BSCI.<\/span><\/p>\n<p><strong>Instrukcje piel\u0119gnacji:<\/strong>\u00a0<span class=\"metafield-multi_line_text_field\">Filtr do kawy ze stali nierdzewnej jest <strong>mo\u017cna my\u0107 w zmywarce, jest odporny na rdz\u0119 i nadaje si\u0119 do kontaktu z \u017cywno\u015bci\u0105<\/strong>.<\/span><\/p>\n<p><strong>Aplikacja:<\/strong>\u00a0<span class=\"metafield-multi_line_text_field\">Wystarczy op\u0142uka\u0107 stalowy filtr gor\u0105c\u0105 wod\u0105, doda\u0107 zmielon\u0105 kaw\u0119 i powoli zala\u0107 gor\u0105c\u0105 wod\u0105.<\/span><\/p>\n<p>Filtr do kawy jest nie tylko \u0142adniejszy od tradycyjnego filtra papierowego, ale tak\u017ce zast\u0119puje go i chroni \u015brodowisko. Filtr ze stali nierdzewnej nie zmienia smaku kawy, wi\u0119c nic nie stoi na przeszkodzie, aby cieszy\u0107 si\u0119 czystym i autentycznym smakiem.<br \/>\nKolejn\u0105 zalet\u0105 sta\u0142ego filtra do kawy jest to, \u017ce jego ultradrobne sitko jest odporne na rdz\u0119, mo\u017cna go my\u0107 w zmywarce i przechowywa\u0107 w kontakcie z \u017cywno\u015bci\u0105.<\/p>","protected":false},"excerpt":{"rendered":"<p><strong>Dla bardziej zr\u00f3wnowa\u017conej przyjemno\u015bci z kawy<\/strong><\/p>\n<p><span class=\"metafield-multi_line_text_field\">Wielorazowy filtr do kawy ze stali nierdzewnej gwarantuje naturalny smak i pe\u0142ny aromat.<br \/>\nFiltr do kawy ze stali nierdzewnej jest odpowiedni dla wszystkich mi\u0142o\u015bnik\u00f3w kawy i jest \u0142atwy w u\u017cyciu.<br \/>\nDzi\u0119ki temu filtry papierowe nie s\u0105 ju\u017c potrzebne.<\/span><\/p>\n<ul>\n<li><span class=\"metafield-multi_line_text_field\">produkt trwa\u0142y i zr\u00f3wnowa\u017cony<\/span><\/li>\n<li><span class=\"metafield-multi_line_text_field\">produkt bez plastiku i opakowanie bez plastiku<br \/>\n<\/span><\/li>\n<li><span class=\"metafield-multi_line_text_field\">dla wszystkich mi\u0142o\u015bnik\u00f3w kawy<br \/>\n<\/span><\/li>\n<li><span class=\"metafield-multi_line_text_field\">idealny pomys\u0142 na prezent na ka\u017cd\u0105 okazj\u0119<br \/>\n<\/span><\/li>\n<li><span class=\"metafield-multi_line_text_field\">\u0142atwa obs\u0142uga i czyszczenie<\/span><\/li>\n<\/ul>","protected":false},"featured_media":15453,"template":"","meta":{"inline_featured_image":false},"product_brand":[],"product_cat":[204,211],"product_tag":[107,94,91,92,95,59,62,133],"class_list":{"0":"post-15452","1":"product","2":"type-product","3":"status-publish","4":"has-post-thumbnail","6":"product_cat-zubehoer","7":"product_cat-geschenkideen","8":"product_tag-coffee","9":"product_tag-cult-caffe","10":"product_tag-filter","11":"product_tag-filterkaffee","12":"product_tag-geschenk","13":"product_tag-kaffee","14":"product_tag-kaffeegenuss","15":"product_tag-weihnachtsgeschenk","17":"first","18":"instock","19":"taxable","20":"shipping-taxable","21":"purchasable","22":"product-type-simple"},"yoast_head":"<!-- This site is optimized with the Yoast SEO plugin v27.6 - https:\/\/yoast.com\/product\/yoast-seo-wordpress\/ -->\n<title>Wiederverwendbarer Kaffeefilter aus Edelstahl - CultCaff\u00e9 - die Bio Kaffee R\u00f6sterei<\/title>\n<meta name=\"robots\" content=\"index, follow, max-snippet:-1, max-image-preview:large, max-video-preview:-1\" \/>\n<link rel=\"canonical\" href=\"https:\/\/www.cultcaffe.at\/pl\/produkt\/wielokrotnego-uzytku-filtr-do-kawy-ze-stali-nierdzewnej\/\" \/>\n<meta property=\"og:locale\" content=\"pl_PL\" \/>\n<meta property=\"og:type\" content=\"article\" \/>\n<meta property=\"og:title\" content=\"Wiederverwendbarer Kaffeefilter aus Edelstahl - CultCaff\u00e9 - die Bio Kaffee R\u00f6sterei\" \/>\n<meta property=\"og:description\" content=\"F\u00fcr mehr nachhaltigen Kaffeegenuss  Der wiederverwendbare Kaffeefilter aus Edelstahl erm\u00f6glicht einen nat\u00fcrlichen Geschmack und volles Aroma. Der Edelstahl Kaffeefilter ist f\u00fcr alle Kaffee-Liebhaber geeignet und einfach anzuwenden. Mit ihm werden keine Papierfilter mehr ben\u00f6tigt.   nachhaltiges &amp; langlebiges Produkt  plastikfreies Produkt &amp; plastikfreie Verpackung   f\u00fcr alle Kaffeeliebhaber   ideale Geschenkidee f\u00fcr jeden Anlass   einfach Handhabung &amp; Reinigung\" \/>\n<meta property=\"og:url\" content=\"https:\/\/www.cultcaffe.at\/pl\/produkt\/wielokrotnego-uzytku-filtr-do-kawy-ze-stali-nierdzewnej\/\" \/>\n<meta property=\"og:site_name\" content=\"CultCaff\u00e9 - die Bio Kaffee R\u00f6sterei\" \/>\n<meta property=\"article:publisher\" content=\"https:\/\/www.facebook.com\/p\/Cult-Caff%c3%a8-die-R%c3%b6sterei-100039719724703\/?locale=de_DE\" \/>\n<meta property=\"article:modified_time\" content=\"2025-03-21T10:23:46+00:00\" \/>\n<meta property=\"og:image\" content=\"https:\/\/www.cultcaffe.at\/wp-content\/uploads\/2024\/08\/pandoo-wiederverwendbarer-kaffeefilter-scaled.jpg\" \/>\n\t<meta property=\"og:image:width\" content=\"2560\" \/>\n\t<meta property=\"og:image:height\" content=\"2560\" \/>\n\t<meta property=\"og:image:type\" content=\"image\/jpeg\" \/>\n<meta name=\"twitter:card\" content=\"summary_large_image\" \/>\n<meta name=\"twitter:label1\" content=\"Cena\" \/>\n\t<meta name=\"twitter:data1\" content=\"&euro;&nbsp;13,00\" \/>\n\t<meta name=\"twitter:label2\" content=\"Dost\u0119pno\u015b\u0107\" \/>\n\t<meta name=\"twitter:data2\" content=\"Dost\u0119pny\" \/>\n<script type=\"application\/ld+json\" class=\"yoast-schema-graph\">{\"@context\":\"https:\\\/\\\/schema.org\",\"@graph\":[{\"@type\":\"WebPage\",\"@id\":\"https:\\\/\\\/www.cultcaffe.at\\\/produkt\\\/wiederverwendbarer-kaffeefilter-aus-edelstahl\\\/\",\"url\":\"https:\\\/\\\/www.cultcaffe.at\\\/produkt\\\/wiederverwendbarer-kaffeefilter-aus-edelstahl\\\/\",\"name\":\"Wiederverwendbarer Kaffeefilter aus Edelstahl - CultCaff\u00e9 - die Bio Kaffee R\u00f6sterei\",\"isPartOf\":{\"@id\":\"https:\\\/\\\/www.cultcaffe.at\\\/#website\"},\"primaryImageOfPage\":{\"@id\":\"https:\\\/\\\/www.cultcaffe.at\\\/produkt\\\/wiederverwendbarer-kaffeefilter-aus-edelstahl\\\/#primaryimage\"},\"image\":{\"@id\":\"https:\\\/\\\/www.cultcaffe.at\\\/produkt\\\/wiederverwendbarer-kaffeefilter-aus-edelstahl\\\/#primaryimage\"},\"thumbnailUrl\":\"https:\\\/\\\/www.cultcaffe.at\\\/wp-content\\\/uploads\\\/2024\\\/08\\\/pandoo-wiederverwendbarer-kaffeefilter-scaled.jpg\",\"datePublished\":\"2024-08-26T14:14:59+00:00\",\"dateModified\":\"2025-03-21T10:23:46+00:00\",\"breadcrumb\":{\"@id\":\"https:\\\/\\\/www.cultcaffe.at\\\/produkt\\\/wiederverwendbarer-kaffeefilter-aus-edelstahl\\\/#breadcrumb\"},\"inLanguage\":\"pl-PL\",\"potentialAction\":[{\"@type\":\"ReadAction\",\"target\":[\"https:\\\/\\\/www.cultcaffe.at\\\/produkt\\\/wiederverwendbarer-kaffeefilter-aus-edelstahl\\\/\"]}]},{\"@type\":\"ImageObject\",\"inLanguage\":\"pl-PL\",\"@id\":\"https:\\\/\\\/www.cultcaffe.at\\\/produkt\\\/wiederverwendbarer-kaffeefilter-aus-edelstahl\\\/#primaryimage\",\"url\":\"https:\\\/\\\/www.cultcaffe.at\\\/wp-content\\\/uploads\\\/2024\\\/08\\\/pandoo-wiederverwendbarer-kaffeefilter-scaled.jpg\",\"contentUrl\":\"https:\\\/\\\/www.cultcaffe.at\\\/wp-content\\\/uploads\\\/2024\\\/08\\\/pandoo-wiederverwendbarer-kaffeefilter-scaled.jpg\",\"width\":2560,\"height\":2560},{\"@type\":\"BreadcrumbList\",\"@id\":\"https:\\\/\\\/www.cultcaffe.at\\\/produkt\\\/wiederverwendbarer-kaffeefilter-aus-edelstahl\\\/#breadcrumb\",\"itemListElement\":[{\"@type\":\"ListItem\",\"position\":1,\"name\":\"Startseite\",\"item\":\"https:\\\/\\\/www.cultcaffe.at\\\/\"},{\"@type\":\"ListItem\",\"position\":2,\"name\":\"Produkte\",\"item\":\"https:\\\/\\\/www.cultcaffe.at\\\/shop\\\/\"},{\"@type\":\"ListItem\",\"position\":3,\"name\":\"Wiederverwendbarer Kaffeefilter aus Edelstahl\"}]},{\"@type\":\"WebSite\",\"@id\":\"https:\\\/\\\/www.cultcaffe.at\\\/#website\",\"url\":\"https:\\\/\\\/www.cultcaffe.at\\\/\",\"name\":\"CultCaff\u00e9 - die Bio Kaffee R\u00f6sterei\",\"description\":\"Liebe zum Kaffee\",\"publisher\":{\"@id\":\"https:\\\/\\\/www.cultcaffe.at\\\/#organization\"},\"potentialAction\":[{\"@type\":\"SearchAction\",\"target\":{\"@type\":\"EntryPoint\",\"urlTemplate\":\"https:\\\/\\\/www.cultcaffe.at\\\/?s={search_term_string}\"},\"query-input\":{\"@type\":\"PropertyValueSpecification\",\"valueRequired\":true,\"valueName\":\"search_term_string\"}}],\"inLanguage\":\"pl-PL\"},{\"@type\":[\"Organization\",\"Place\"],\"@id\":\"https:\\\/\\\/www.cultcaffe.at\\\/#organization\",\"name\":\"CultCaff\u00e9 Kaffeer\u00f6sterei GmbH\",\"alternateName\":\"CultCaff\u00e9\",\"url\":\"https:\\\/\\\/www.cultcaffe.at\\\/\",\"logo\":{\"@id\":\"https:\\\/\\\/www.cultcaffe.at\\\/produkt\\\/wiederverwendbarer-kaffeefilter-aus-edelstahl\\\/#local-main-organization-logo\"},\"image\":{\"@id\":\"https:\\\/\\\/www.cultcaffe.at\\\/produkt\\\/wiederverwendbarer-kaffeefilter-aus-edelstahl\\\/#local-main-organization-logo\"},\"sameAs\":[\"https:\\\/\\\/www.facebook.com\\\/p\\\/Cult-Caff\u00e8-die-R\u00f6sterei-100039719724703\\\/?locale=de_DE\",\"https:\\\/\\\/www.instagram.com\\\/cultcaffe.at\\\/\"],\"hasMerchantReturnPolicy\":{\"@type\":\"MerchantReturnPolicy\",\"merchantReturnLink\":\"https:\\\/\\\/www.cultcaffe.at\\\/pl\\\/agbs\\\/\"},\"telephone\":[],\"openingHoursSpecification\":[{\"@type\":\"OpeningHoursSpecification\",\"dayOfWeek\":[\"Monday\",\"Tuesday\",\"Wednesday\",\"Thursday\",\"Friday\",\"Saturday\",\"Sunday\"],\"opens\":\"09:00\",\"closes\":\"17:00\"}]},{\"@type\":\"ImageObject\",\"inLanguage\":\"pl-PL\",\"@id\":\"https:\\\/\\\/www.cultcaffe.at\\\/produkt\\\/wiederverwendbarer-kaffeefilter-aus-edelstahl\\\/#local-main-organization-logo\",\"url\":\"https:\\\/\\\/www.cultcaffe.at\\\/wp-content\\\/uploads\\\/2023\\\/11\\\/cultcaffe_logo_regular_dark-1.svg\",\"contentUrl\":\"https:\\\/\\\/www.cultcaffe.at\\\/wp-content\\\/uploads\\\/2023\\\/11\\\/cultcaffe_logo_regular_dark-1.svg\",\"width\":756,\"height\":474,\"caption\":\"CultCaff\u00e9 Kaffeer\u00f6sterei GmbH\"}]}<\/script>\n<meta property=\"product:price:amount\" content=\"13.00\" \/>\n<meta property=\"product:price:currency\" content=\"EUR\" \/>\n<meta property=\"og:availability\" content=\"instock\" \/>\n<meta property=\"product:availability\" content=\"instock\" \/>\n<meta property=\"product:condition\" content=\"new\" \/>\n<!-- \/ Yoast SEO plugin. -->","yoast_head_json":{"title":"Wielokrotnego u\u017cytku filtr do kawy ze stali nierdzewnej - CultCaff\u00e9 - organiczna palarnia kawy","robots":{"index":"index","follow":"follow","max-snippet":"max-snippet:-1","max-image-preview":"max-image-preview:large","max-video-preview":"max-video-preview:-1"},"canonical":"https:\/\/www.cultcaffe.at\/pl\/produkt\/wielokrotnego-uzytku-filtr-do-kawy-ze-stali-nierdzewnej\/","og_locale":"pl_PL","og_type":"article","og_title":"Wiederverwendbarer Kaffeefilter aus Edelstahl - CultCaff\u00e9 - die Bio Kaffee R\u00f6sterei","og_description":"F\u00fcr mehr nachhaltigen Kaffeegenuss  Der wiederverwendbare Kaffeefilter aus Edelstahl erm\u00f6glicht einen nat\u00fcrlichen Geschmack und volles Aroma. Der Edelstahl Kaffeefilter ist f\u00fcr alle Kaffee-Liebhaber geeignet und einfach anzuwenden. Mit ihm werden keine Papierfilter mehr ben\u00f6tigt.   nachhaltiges &amp; langlebiges Produkt  plastikfreies Produkt &amp; plastikfreie Verpackung   f\u00fcr alle Kaffeeliebhaber   ideale Geschenkidee f\u00fcr jeden Anlass   einfach Handhabung &amp; Reinigung","og_url":"https:\/\/www.cultcaffe.at\/pl\/produkt\/wielokrotnego-uzytku-filtr-do-kawy-ze-stali-nierdzewnej\/","og_site_name":"CultCaff\u00e9 - die Bio Kaffee R\u00f6sterei","article_publisher":"https:\/\/www.facebook.com\/p\/Cult-Caff%c3%a8-die-R%c3%b6sterei-100039719724703\/?locale=de_DE","article_modified_time":"2025-03-21T10:23:46+00:00","og_image":[{"width":2560,"height":2560,"url":"https:\/\/www.cultcaffe.at\/wp-content\/uploads\/2024\/08\/pandoo-wiederverwendbarer-kaffeefilter-scaled.jpg","type":"image\/jpeg"}],"twitter_card":"summary_large_image","twitter_misc":{"Cena":"&euro;&nbsp;13,00","Dost\u0119pno\u015b\u0107":"Dost\u0119pny"},"schema":{"@context":"https:\/\/schema.org","@graph":[{"@type":"WebPage","@id":"https:\/\/www.cultcaffe.at\/produkt\/wiederverwendbarer-kaffeefilter-aus-edelstahl\/","url":"https:\/\/www.cultcaffe.at\/produkt\/wiederverwendbarer-kaffeefilter-aus-edelstahl\/","name":"Wielokrotnego u\u017cytku filtr do kawy ze stali nierdzewnej - CultCaff\u00e9 - organiczna palarnia kawy","isPartOf":{"@id":"https:\/\/www.cultcaffe.at\/#website"},"primaryImageOfPage":{"@id":"https:\/\/www.cultcaffe.at\/produkt\/wiederverwendbarer-kaffeefilter-aus-edelstahl\/#primaryimage"},"image":{"@id":"https:\/\/www.cultcaffe.at\/produkt\/wiederverwendbarer-kaffeefilter-aus-edelstahl\/#primaryimage"},"thumbnailUrl":"https:\/\/www.cultcaffe.at\/wp-content\/uploads\/2024\/08\/pandoo-wiederverwendbarer-kaffeefilter-scaled.jpg","datePublished":"2024-08-26T14:14:59+00:00","dateModified":"2025-03-21T10:23:46+00:00","breadcrumb":{"@id":"https:\/\/www.cultcaffe.at\/produkt\/wiederverwendbarer-kaffeefilter-aus-edelstahl\/#breadcrumb"},"inLanguage":"pl-PL","potentialAction":[{"@type":"ReadAction","target":["https:\/\/www.cultcaffe.at\/produkt\/wiederverwendbarer-kaffeefilter-aus-edelstahl\/"]}]},{"@type":"ImageObject","inLanguage":"pl-PL","@id":"https:\/\/www.cultcaffe.at\/produkt\/wiederverwendbarer-kaffeefilter-aus-edelstahl\/#primaryimage","url":"https:\/\/www.cultcaffe.at\/wp-content\/uploads\/2024\/08\/pandoo-wiederverwendbarer-kaffeefilter-scaled.jpg","contentUrl":"https:\/\/www.cultcaffe.at\/wp-content\/uploads\/2024\/08\/pandoo-wiederverwendbarer-kaffeefilter-scaled.jpg","width":2560,"height":2560},{"@type":"BreadcrumbList","@id":"https:\/\/www.cultcaffe.at\/produkt\/wiederverwendbarer-kaffeefilter-aus-edelstahl\/#breadcrumb","itemListElement":[{"@type":"ListItem","position":1,"name":"Startseite","item":"https:\/\/www.cultcaffe.at\/"},{"@type":"ListItem","position":2,"name":"Produkte","item":"https:\/\/www.cultcaffe.at\/shop\/"},{"@type":"ListItem","position":3,"name":"Wiederverwendbarer Kaffeefilter aus Edelstahl"}]},{"@type":"WebSite","@id":"https:\/\/www.cultcaffe.at\/#website","url":"https:\/\/www.cultcaffe.at\/","name":"CultCaff\u00e9 \u2013 organiczna palarnia kawy","description":"Mi\u0142o\u015b\u0107 do kawy","publisher":{"@id":"https:\/\/www.cultcaffe.at\/#organization"},"potentialAction":[{"@type":"SearchAction","target":{"@type":"EntryPoint","urlTemplate":"https:\/\/www.cultcaffe.at\/?s={search_term_string}"},"query-input":{"@type":"PropertyValueSpecification","valueRequired":true,"valueName":"search_term_string"}}],"inLanguage":"pl-PL"},{"@type":["Organization","Place"],"@id":"https:\/\/www.cultcaffe.at\/#organization","name":"CultCaff\u00e9 Coffee Roastery GmbH","alternateName":"CultCaff\u00e9","url":"https:\/\/www.cultcaffe.at\/","logo":{"@id":"https:\/\/www.cultcaffe.at\/produkt\/wiederverwendbarer-kaffeefilter-aus-edelstahl\/#local-main-organization-logo"},"image":{"@id":"https:\/\/www.cultcaffe.at\/produkt\/wiederverwendbarer-kaffeefilter-aus-edelstahl\/#local-main-organization-logo"},"sameAs":["https:\/\/www.facebook.com\/p\/Cult-Caff\u00e8-die-R\u00f6sterei-100039719724703\/?locale=de_DE","https:\/\/www.instagram.com\/cultcaffe.at\/"],"hasMerchantReturnPolicy":{"@type":"MerchantReturnPolicy","merchantReturnLink":"https:\/\/www.cultcaffe.at\/pl\/agbs\/"},"telephone":[],"openingHoursSpecification":[{"@type":"OpeningHoursSpecification","dayOfWeek":["Monday","Tuesday","Wednesday","Thursday","Friday","Saturday","Sunday"],"opens":"09:00","closes":"17:00"}]},{"@type":"ImageObject","inLanguage":"pl-PL","@id":"https:\/\/www.cultcaffe.at\/produkt\/wiederverwendbarer-kaffeefilter-aus-edelstahl\/#local-main-organization-logo","url":"https:\/\/www.cultcaffe.at\/wp-content\/uploads\/2023\/11\/cultcaffe_logo_regular_dark-1.svg","contentUrl":"https:\/\/www.cultcaffe.at\/wp-content\/uploads\/2023\/11\/cultcaffe_logo_regular_dark-1.svg","width":756,"height":474,"caption":"CultCaff\u00e9 Kaffeer\u00f6sterei GmbH"}]},"product_price_amount":"13.00","product_price_currency":"EUR","og_availability":"instock","product_availability":"instock","product_condition":"new"},"_links":{"self":[{"href":"https:\/\/www.cultcaffe.at\/pl\/wp-json\/wp\/v2\/product\/15452","targetHints":{"allow":["GET"]}}],"collection":[{"href":"https:\/\/www.cultcaffe.at\/pl\/wp-json\/wp\/v2\/product"}],"about":[{"href":"https:\/\/www.cultcaffe.at\/pl\/wp-json\/wp\/v2\/types\/product"}],"wp:featuredmedia":[{"embeddable":true,"href":"https:\/\/www.cultcaffe.at\/pl\/wp-json\/wp\/v2\/media\/15453"}],"wp:attachment":[{"href":"https:\/\/www.cultcaffe.at\/pl\/wp-json\/wp\/v2\/media?parent=15452"}],"wp:term":[{"taxonomy":"product_brand","embeddable":true,"href":"https:\/\/www.cultcaffe.at\/pl\/wp-json\/wp\/v2\/product_brand?post=15452"},{"taxonomy":"product_cat","embeddable":true,"href":"https:\/\/www.cultcaffe.at\/pl\/wp-json\/wp\/v2\/product_cat?post=15452"},{"taxonomy":"product_tag","embeddable":true,"href":"https:\/\/www.cultcaffe.at\/pl\/wp-json\/wp\/v2\/product_tag?post=15452"}],"curies":[{"name":"wp","href":"https:\/\/api.w.org\/{rel}","templated":true}]}}