{"id":15446,"date":"2024-08-26T16:14:18","date_gmt":"2024-08-26T14:14:18","guid":{"rendered":"https:\/\/www.cultcaffe.at\/?post_type=product&#038;p=15446"},"modified":"2024-08-26T16:14:18","modified_gmt":"2024-08-26T14:14:18","slug":"ekspres-do-kawy-ze-stali-nierdzewnej-zero-waste","status":"publish","type":"product","link":"https:\/\/www.cultcaffe.at\/pl\/produkt\/kaffeebereiter-aus-edelstahl-zero-waste\/","title":{"rendered":"Ekspres do kawy ze stali nierdzewnej \u2013 zero waste"},"content":{"rendered":"<p><strong>Dla bardziej zr\u00f3wnowa\u017conej przyjemno\u015bci z kawy<\/strong><\/p>\n<p><span class=\"metafield-multi_line_text_field\">Wielorazowy zaparzacz do kawy ze stali nierdzewnej gwarantuje naturalny smak i pe\u0142ny aromat.<br \/>\n<\/span><span class=\"metafield-multi_line_text_field\">Filtr do kawy ze stali nierdzewnej jest odpowiedni dla wszystkich mi\u0142o\u015bnik\u00f3w kawy i jest \u0142atwy w u\u017cyciu.<br \/>\nDzi\u0119ki temu filtry papierowe nie s\u0105 ju\u017c potrzebne.<\/span><\/p>\n<ul>\n<li><span class=\"metafield-multi_line_text_field\">produkt trwa\u0142y i zr\u00f3wnowa\u017cony<\/span><\/li>\n<li><span class=\"metafield-multi_line_text_field\">produkt bez plastiku i opakowanie bez plastiku<br \/>\n<\/span><\/li>\n<li><span class=\"metafield-multi_line_text_field\">dla wszystkich mi\u0142o\u015bnik\u00f3w kawy<br \/>\n<\/span><\/li>\n<li><span class=\"metafield-multi_line_text_field\">idealny pomys\u0142 na prezent na ka\u017cd\u0105 okazj\u0119<br \/>\n<\/span><\/li>\n<li><span class=\"metafield-multi_line_text_field\">\u0142atwa obs\u0142uga i czyszczenie<\/span><\/li>\n<\/ul>\n<p><strong>Zakres dostawy:<\/strong>\u00a0<span class=\"metafield-multi_line_text_field\">1 filtr do kawy<\/span><\/p>\n<p><strong>Materia\u0142 \/ Sk\u0142adniki:<\/strong>\u00a0stal nierdzewna<\/p>\n<p><strong>Waga:<\/strong>\u00a0105 gram\u00f3w<\/p>\n<p><strong>Rozmiar:<\/strong>\u00a0<span class=\"metafield-multi_line_text_field\">12,5 cm x 12,5 cm x 14 cm<\/span><\/p>\n<p><strong>Kolor:<\/strong>\u00a0metal<\/p>\n<p><strong>Wyprodukowano w:<\/strong>\u00a0Prowincja Hebei, Chiny<\/p>\n<p><strong>Sprzeda\u017c:<\/strong>\u00a0<span class=\"metafield-multi_line_text_field\">Wyrzu\u0107 ekspres do kawy do \u015bmieci og\u00f3lnych.<\/span><\/p>\n<p><strong>Certyfikaty:<\/strong>\u00a0<span class=\"metafield-multi_line_text_field\">Nasz producent posiada certyfikat BSCI<\/span><\/p>\n<p><strong>Instrukcje piel\u0119gnacji:<\/strong>\u00a0<span class=\"metafield-multi_line_text_field\">Ekspres do kawy ze stali nierdzewnej to <strong>mo\u017cna my\u0107 w zmywarce, s\u0105 odporne na rdz\u0119 i bezpieczne dla \u017cywno\u015bci.<\/strong><\/span><\/p>\n<p><strong>Aplikacja:<\/strong>\u00a0<span class=\"metafield-multi_line_text_field\">Wystarczy op\u0142uka\u0107 stalowy filtr sta\u0142y gor\u0105c\u0105 wod\u0105, doda\u0107 zmielon\u0105 kaw\u0119 i powoli zala\u0107 gor\u0105c\u0105 wod\u0105.<\/p>\n<p>Filtr do kawy jest nie tylko \u0142adniejszy od tradycyjnego filtra papierowego, ale tak\u017ce zast\u0119puje go i chroni \u015brodowisko. Filtr ze stali nierdzewnej nie zmienia smaku kawy, wi\u0119c nic nie stoi na przeszkodzie, aby cieszy\u0107 si\u0119 czystym i autentycznym smakiem.<br \/>\nKolejn\u0105 zalet\u0105 sta\u0142ego filtra do kawy jest to, \u017ce jego ultradrobne sitko jest odporne na rdz\u0119, mo\u017cna go my\u0107 w zmywarce i przechowywa\u0107 w kontakcie z \u017cywno\u015bci\u0105.<\/span><\/p>","protected":false},"excerpt":{"rendered":"<p><strong>Dla bardziej zr\u00f3wnowa\u017conej przyjemno\u015bci z kawy<\/strong><\/p>\n<p><span class=\"metafield-multi_line_text_field\">Wielorazowy zaparzacz do kawy ze stali nierdzewnej gwarantuje naturalny smak i pe\u0142ny aromat.<br \/>\n<\/span><span class=\"metafield-multi_line_text_field\">Filtr do kawy ze stali nierdzewnej jest odpowiedni dla wszystkich mi\u0142o\u015bnik\u00f3w kawy i jest \u0142atwy w u\u017cyciu.<br \/>\nDzi\u0119ki temu filtry papierowe nie s\u0105 ju\u017c potrzebne.<\/span><\/p>\n<ul>\n<li><span class=\"metafield-multi_line_text_field\">produkt trwa\u0142y i zr\u00f3wnowa\u017cony<\/span><\/li>\n<li><span class=\"metafield-multi_line_text_field\">produkt bez plastiku i opakowanie bez plastiku<br \/>\n<\/span><\/li>\n<li><span class=\"metafield-multi_line_text_field\">dla wszystkich mi\u0142o\u015bnik\u00f3w kawy<br \/>\n<\/span><\/li>\n<li><span class=\"metafield-multi_line_text_field\">idealny pomys\u0142 na prezent na ka\u017cd\u0105 okazj\u0119<br \/>\n<\/span><\/li>\n<li><span class=\"metafield-multi_line_text_field\">\u0142atwa obs\u0142uga i czyszczenie<\/span><\/li>\n<\/ul>","protected":false},"featured_media":15447,"template":"","meta":{"inline_featured_image":false},"product_brand":[],"product_cat":[204,211],"product_tag":[107,94,91,92,95,59,62,133],"class_list":{"0":"post-15446","1":"product","2":"type-product","3":"status-publish","4":"has-post-thumbnail","6":"product_cat-zubehoer","7":"product_cat-geschenkideen","8":"product_tag-coffee","9":"product_tag-cult-caffe","10":"product_tag-filter","11":"product_tag-filterkaffee","12":"product_tag-geschenk","13":"product_tag-kaffee","14":"product_tag-kaffeegenuss","15":"product_tag-weihnachtsgeschenk","17":"first","18":"instock","19":"taxable","20":"shipping-taxable","21":"purchasable","22":"product-type-simple"},"yoast_head":"<!-- This site is optimized with the Yoast SEO plugin v27.6 - https:\/\/yoast.com\/product\/yoast-seo-wordpress\/ -->\n<title>Kaffeebereiter aus Edelstahl - zero waste - CultCaff\u00e9 - die Bio Kaffee R\u00f6sterei<\/title>\n<meta name=\"robots\" content=\"index, follow, max-snippet:-1, max-image-preview:large, max-video-preview:-1\" \/>\n<link rel=\"canonical\" href=\"https:\/\/www.cultcaffe.at\/pl\/produkt\/ekspres-do-kawy-ze-stali-nierdzewnej-zero-waste\/\" \/>\n<meta property=\"og:locale\" content=\"pl_PL\" \/>\n<meta property=\"og:type\" content=\"article\" \/>\n<meta property=\"og:title\" content=\"Kaffeebereiter aus Edelstahl - zero waste - CultCaff\u00e9 - die Bio Kaffee R\u00f6sterei\" \/>\n<meta property=\"og:description\" content=\"F\u00fcr mehr nachhaltigen Kaffeegenuss  Der wiederverwendbare Kaffeebereiter aus Edelstahl erm\u00f6glicht einen nat\u00fcrlichen Geschmack und volles Aroma. Der Edelstahl Kaffeefilter ist f\u00fcr alle Kaffee-Liebhaber geeignet und einfach anzuwenden. Mit ihm werden keine Papierfilter mehr ben\u00f6tigt.   nachhaltiges &amp; langlebiges Produkt  plastikfreies Produkt &amp; plastikfreie Verpackung   f\u00fcr alle Kaffeeliebhaber   ideale Geschenkidee f\u00fcr jeden Anlass   einfach Handhabung &amp; Reinigung\" \/>\n<meta property=\"og:url\" content=\"https:\/\/www.cultcaffe.at\/pl\/produkt\/ekspres-do-kawy-ze-stali-nierdzewnej-zero-waste\/\" \/>\n<meta property=\"og:site_name\" content=\"CultCaff\u00e9 - die Bio Kaffee R\u00f6sterei\" \/>\n<meta property=\"article:publisher\" content=\"https:\/\/www.facebook.com\/p\/Cult-Caff%c3%a8-die-R%c3%b6sterei-100039719724703\/?locale=de_DE\" \/>\n<meta property=\"og:image\" content=\"https:\/\/www.cultcaffe.at\/wp-content\/uploads\/2024\/08\/pandoo-kaffeefilter.jpg\" \/>\n\t<meta property=\"og:image:width\" content=\"1000\" \/>\n\t<meta property=\"og:image:height\" content=\"1000\" \/>\n\t<meta property=\"og:image:type\" content=\"image\/jpeg\" \/>\n<meta name=\"twitter:card\" content=\"summary_large_image\" \/>\n<meta name=\"twitter:label1\" content=\"Cena\" \/>\n\t<meta name=\"twitter:data1\" content=\"&euro;&nbsp;19,00\" \/>\n\t<meta name=\"twitter:label2\" content=\"Dost\u0119pno\u015b\u0107\" \/>\n\t<meta name=\"twitter:data2\" content=\"Dost\u0119pny\" \/>\n<script type=\"application\/ld+json\" class=\"yoast-schema-graph\">{\"@context\":\"https:\\\/\\\/schema.org\",\"@graph\":[{\"@type\":\"WebPage\",\"@id\":\"https:\\\/\\\/www.cultcaffe.at\\\/produkt\\\/kaffeebereiter-aus-edelstahl-zero-waste\\\/\",\"url\":\"https:\\\/\\\/www.cultcaffe.at\\\/produkt\\\/kaffeebereiter-aus-edelstahl-zero-waste\\\/\",\"name\":\"Kaffeebereiter aus Edelstahl - zero waste - CultCaff\u00e9 - die Bio Kaffee R\u00f6sterei\",\"isPartOf\":{\"@id\":\"https:\\\/\\\/www.cultcaffe.at\\\/#website\"},\"primaryImageOfPage\":{\"@id\":\"https:\\\/\\\/www.cultcaffe.at\\\/produkt\\\/kaffeebereiter-aus-edelstahl-zero-waste\\\/#primaryimage\"},\"image\":{\"@id\":\"https:\\\/\\\/www.cultcaffe.at\\\/produkt\\\/kaffeebereiter-aus-edelstahl-zero-waste\\\/#primaryimage\"},\"thumbnailUrl\":\"https:\\\/\\\/www.cultcaffe.at\\\/wp-content\\\/uploads\\\/2024\\\/08\\\/pandoo-kaffeefilter.jpg\",\"datePublished\":\"2024-08-26T14:14:18+00:00\",\"breadcrumb\":{\"@id\":\"https:\\\/\\\/www.cultcaffe.at\\\/produkt\\\/kaffeebereiter-aus-edelstahl-zero-waste\\\/#breadcrumb\"},\"inLanguage\":\"pl-PL\",\"potentialAction\":[{\"@type\":\"ReadAction\",\"target\":[\"https:\\\/\\\/www.cultcaffe.at\\\/produkt\\\/kaffeebereiter-aus-edelstahl-zero-waste\\\/\"]}]},{\"@type\":\"ImageObject\",\"inLanguage\":\"pl-PL\",\"@id\":\"https:\\\/\\\/www.cultcaffe.at\\\/produkt\\\/kaffeebereiter-aus-edelstahl-zero-waste\\\/#primaryimage\",\"url\":\"https:\\\/\\\/www.cultcaffe.at\\\/wp-content\\\/uploads\\\/2024\\\/08\\\/pandoo-kaffeefilter.jpg\",\"contentUrl\":\"https:\\\/\\\/www.cultcaffe.at\\\/wp-content\\\/uploads\\\/2024\\\/08\\\/pandoo-kaffeefilter.jpg\",\"width\":1000,\"height\":1000},{\"@type\":\"BreadcrumbList\",\"@id\":\"https:\\\/\\\/www.cultcaffe.at\\\/produkt\\\/kaffeebereiter-aus-edelstahl-zero-waste\\\/#breadcrumb\",\"itemListElement\":[{\"@type\":\"ListItem\",\"position\":1,\"name\":\"Startseite\",\"item\":\"https:\\\/\\\/www.cultcaffe.at\\\/\"},{\"@type\":\"ListItem\",\"position\":2,\"name\":\"Produkte\",\"item\":\"https:\\\/\\\/www.cultcaffe.at\\\/shop\\\/\"},{\"@type\":\"ListItem\",\"position\":3,\"name\":\"Kaffeebereiter aus Edelstahl &#8211; zero waste\"}]},{\"@type\":\"WebSite\",\"@id\":\"https:\\\/\\\/www.cultcaffe.at\\\/#website\",\"url\":\"https:\\\/\\\/www.cultcaffe.at\\\/\",\"name\":\"CultCaff\u00e9 - die Bio Kaffee R\u00f6sterei\",\"description\":\"Liebe zum Kaffee\",\"publisher\":{\"@id\":\"https:\\\/\\\/www.cultcaffe.at\\\/#organization\"},\"potentialAction\":[{\"@type\":\"SearchAction\",\"target\":{\"@type\":\"EntryPoint\",\"urlTemplate\":\"https:\\\/\\\/www.cultcaffe.at\\\/?s={search_term_string}\"},\"query-input\":{\"@type\":\"PropertyValueSpecification\",\"valueRequired\":true,\"valueName\":\"search_term_string\"}}],\"inLanguage\":\"pl-PL\"},{\"@type\":[\"Organization\",\"Place\"],\"@id\":\"https:\\\/\\\/www.cultcaffe.at\\\/#organization\",\"name\":\"CultCaff\u00e9 Kaffeer\u00f6sterei GmbH\",\"alternateName\":\"CultCaff\u00e9\",\"url\":\"https:\\\/\\\/www.cultcaffe.at\\\/\",\"logo\":{\"@id\":\"https:\\\/\\\/www.cultcaffe.at\\\/produkt\\\/kaffeebereiter-aus-edelstahl-zero-waste\\\/#local-main-organization-logo\"},\"image\":{\"@id\":\"https:\\\/\\\/www.cultcaffe.at\\\/produkt\\\/kaffeebereiter-aus-edelstahl-zero-waste\\\/#local-main-organization-logo\"},\"sameAs\":[\"https:\\\/\\\/www.facebook.com\\\/p\\\/Cult-Caff\u00e8-die-R\u00f6sterei-100039719724703\\\/?locale=de_DE\",\"https:\\\/\\\/www.instagram.com\\\/cultcaffe.at\\\/\"],\"hasMerchantReturnPolicy\":{\"@type\":\"MerchantReturnPolicy\",\"merchantReturnLink\":\"https:\\\/\\\/www.cultcaffe.at\\\/pl\\\/agbs\\\/\"},\"telephone\":[],\"openingHoursSpecification\":[{\"@type\":\"OpeningHoursSpecification\",\"dayOfWeek\":[\"Monday\",\"Tuesday\",\"Wednesday\",\"Thursday\",\"Friday\",\"Saturday\",\"Sunday\"],\"opens\":\"09:00\",\"closes\":\"17:00\"}]},{\"@type\":\"ImageObject\",\"inLanguage\":\"pl-PL\",\"@id\":\"https:\\\/\\\/www.cultcaffe.at\\\/produkt\\\/kaffeebereiter-aus-edelstahl-zero-waste\\\/#local-main-organization-logo\",\"url\":\"https:\\\/\\\/www.cultcaffe.at\\\/wp-content\\\/uploads\\\/2023\\\/11\\\/cultcaffe_logo_regular_dark-1.svg\",\"contentUrl\":\"https:\\\/\\\/www.cultcaffe.at\\\/wp-content\\\/uploads\\\/2023\\\/11\\\/cultcaffe_logo_regular_dark-1.svg\",\"width\":756,\"height\":474,\"caption\":\"CultCaff\u00e9 Kaffeer\u00f6sterei GmbH\"}]}<\/script>\n<meta property=\"product:price:amount\" content=\"19.00\" \/>\n<meta property=\"product:price:currency\" content=\"EUR\" \/>\n<meta property=\"og:availability\" content=\"instock\" \/>\n<meta property=\"product:availability\" content=\"instock\" \/>\n<meta property=\"product:condition\" content=\"new\" \/>\n<!-- \/ Yoast SEO plugin. -->","yoast_head_json":{"title":"Ekspres do kawy ze stali nierdzewnej \u2013 zero waste \u2013 CultCaff\u00e9 \u2013 organiczna palarnia kawy","robots":{"index":"index","follow":"follow","max-snippet":"max-snippet:-1","max-image-preview":"max-image-preview:large","max-video-preview":"max-video-preview:-1"},"canonical":"https:\/\/www.cultcaffe.at\/pl\/produkt\/ekspres-do-kawy-ze-stali-nierdzewnej-zero-waste\/","og_locale":"pl_PL","og_type":"article","og_title":"Kaffeebereiter aus Edelstahl - zero waste - CultCaff\u00e9 - die Bio Kaffee R\u00f6sterei","og_description":"F\u00fcr mehr nachhaltigen Kaffeegenuss  Der wiederverwendbare Kaffeebereiter aus Edelstahl erm\u00f6glicht einen nat\u00fcrlichen Geschmack und volles Aroma. Der Edelstahl Kaffeefilter ist f\u00fcr alle Kaffee-Liebhaber geeignet und einfach anzuwenden. Mit ihm werden keine Papierfilter mehr ben\u00f6tigt.   nachhaltiges &amp; langlebiges Produkt  plastikfreies Produkt &amp; plastikfreie Verpackung   f\u00fcr alle Kaffeeliebhaber   ideale Geschenkidee f\u00fcr jeden Anlass   einfach Handhabung &amp; Reinigung","og_url":"https:\/\/www.cultcaffe.at\/pl\/produkt\/ekspres-do-kawy-ze-stali-nierdzewnej-zero-waste\/","og_site_name":"CultCaff\u00e9 - die Bio Kaffee R\u00f6sterei","article_publisher":"https:\/\/www.facebook.com\/p\/Cult-Caff%c3%a8-die-R%c3%b6sterei-100039719724703\/?locale=de_DE","og_image":[{"width":1000,"height":1000,"url":"https:\/\/www.cultcaffe.at\/wp-content\/uploads\/2024\/08\/pandoo-kaffeefilter.jpg","type":"image\/jpeg"}],"twitter_card":"summary_large_image","twitter_misc":{"Cena":"&euro;&nbsp;19,00","Dost\u0119pno\u015b\u0107":"Dost\u0119pny"},"schema":{"@context":"https:\/\/schema.org","@graph":[{"@type":"WebPage","@id":"https:\/\/www.cultcaffe.at\/produkt\/kaffeebereiter-aus-edelstahl-zero-waste\/","url":"https:\/\/www.cultcaffe.at\/produkt\/kaffeebereiter-aus-edelstahl-zero-waste\/","name":"Ekspres do kawy ze stali nierdzewnej \u2013 zero waste \u2013 CultCaff\u00e9 \u2013 organiczna palarnia kawy","isPartOf":{"@id":"https:\/\/www.cultcaffe.at\/#website"},"primaryImageOfPage":{"@id":"https:\/\/www.cultcaffe.at\/produkt\/kaffeebereiter-aus-edelstahl-zero-waste\/#primaryimage"},"image":{"@id":"https:\/\/www.cultcaffe.at\/produkt\/kaffeebereiter-aus-edelstahl-zero-waste\/#primaryimage"},"thumbnailUrl":"https:\/\/www.cultcaffe.at\/wp-content\/uploads\/2024\/08\/pandoo-kaffeefilter.jpg","datePublished":"2024-08-26T14:14:18+00:00","breadcrumb":{"@id":"https:\/\/www.cultcaffe.at\/produkt\/kaffeebereiter-aus-edelstahl-zero-waste\/#breadcrumb"},"inLanguage":"pl-PL","potentialAction":[{"@type":"ReadAction","target":["https:\/\/www.cultcaffe.at\/produkt\/kaffeebereiter-aus-edelstahl-zero-waste\/"]}]},{"@type":"ImageObject","inLanguage":"pl-PL","@id":"https:\/\/www.cultcaffe.at\/produkt\/kaffeebereiter-aus-edelstahl-zero-waste\/#primaryimage","url":"https:\/\/www.cultcaffe.at\/wp-content\/uploads\/2024\/08\/pandoo-kaffeefilter.jpg","contentUrl":"https:\/\/www.cultcaffe.at\/wp-content\/uploads\/2024\/08\/pandoo-kaffeefilter.jpg","width":1000,"height":1000},{"@type":"BreadcrumbList","@id":"https:\/\/www.cultcaffe.at\/produkt\/kaffeebereiter-aus-edelstahl-zero-waste\/#breadcrumb","itemListElement":[{"@type":"ListItem","position":1,"name":"Startseite","item":"https:\/\/www.cultcaffe.at\/"},{"@type":"ListItem","position":2,"name":"Produkte","item":"https:\/\/www.cultcaffe.at\/shop\/"},{"@type":"ListItem","position":3,"name":"Kaffeebereiter aus Edelstahl &#8211; zero waste"}]},{"@type":"WebSite","@id":"https:\/\/www.cultcaffe.at\/#website","url":"https:\/\/www.cultcaffe.at\/","name":"CultCaff\u00e9 \u2013 organiczna palarnia kawy","description":"Mi\u0142o\u015b\u0107 do kawy","publisher":{"@id":"https:\/\/www.cultcaffe.at\/#organization"},"potentialAction":[{"@type":"SearchAction","target":{"@type":"EntryPoint","urlTemplate":"https:\/\/www.cultcaffe.at\/?s={search_term_string}"},"query-input":{"@type":"PropertyValueSpecification","valueRequired":true,"valueName":"search_term_string"}}],"inLanguage":"pl-PL"},{"@type":["Organization","Place"],"@id":"https:\/\/www.cultcaffe.at\/#organization","name":"CultCaff\u00e9 Coffee Roastery GmbH","alternateName":"CultCaff\u00e9","url":"https:\/\/www.cultcaffe.at\/","logo":{"@id":"https:\/\/www.cultcaffe.at\/produkt\/kaffeebereiter-aus-edelstahl-zero-waste\/#local-main-organization-logo"},"image":{"@id":"https:\/\/www.cultcaffe.at\/produkt\/kaffeebereiter-aus-edelstahl-zero-waste\/#local-main-organization-logo"},"sameAs":["https:\/\/www.facebook.com\/p\/Cult-Caff\u00e8-die-R\u00f6sterei-100039719724703\/?locale=de_DE","https:\/\/www.instagram.com\/cultcaffe.at\/"],"hasMerchantReturnPolicy":{"@type":"MerchantReturnPolicy","merchantReturnLink":"https:\/\/www.cultcaffe.at\/pl\/agbs\/"},"telephone":[],"openingHoursSpecification":[{"@type":"OpeningHoursSpecification","dayOfWeek":["Monday","Tuesday","Wednesday","Thursday","Friday","Saturday","Sunday"],"opens":"09:00","closes":"17:00"}]},{"@type":"ImageObject","inLanguage":"pl-PL","@id":"https:\/\/www.cultcaffe.at\/produkt\/kaffeebereiter-aus-edelstahl-zero-waste\/#local-main-organization-logo","url":"https:\/\/www.cultcaffe.at\/wp-content\/uploads\/2023\/11\/cultcaffe_logo_regular_dark-1.svg","contentUrl":"https:\/\/www.cultcaffe.at\/wp-content\/uploads\/2023\/11\/cultcaffe_logo_regular_dark-1.svg","width":756,"height":474,"caption":"CultCaff\u00e9 Kaffeer\u00f6sterei GmbH"}]},"product_price_amount":"19.00","product_price_currency":"EUR","og_availability":"instock","product_availability":"instock","product_condition":"new"},"_links":{"self":[{"href":"https:\/\/www.cultcaffe.at\/pl\/wp-json\/wp\/v2\/product\/15446","targetHints":{"allow":["GET"]}}],"collection":[{"href":"https:\/\/www.cultcaffe.at\/pl\/wp-json\/wp\/v2\/product"}],"about":[{"href":"https:\/\/www.cultcaffe.at\/pl\/wp-json\/wp\/v2\/types\/product"}],"wp:featuredmedia":[{"embeddable":true,"href":"https:\/\/www.cultcaffe.at\/pl\/wp-json\/wp\/v2\/media\/15447"}],"wp:attachment":[{"href":"https:\/\/www.cultcaffe.at\/pl\/wp-json\/wp\/v2\/media?parent=15446"}],"wp:term":[{"taxonomy":"product_brand","embeddable":true,"href":"https:\/\/www.cultcaffe.at\/pl\/wp-json\/wp\/v2\/product_brand?post=15446"},{"taxonomy":"product_cat","embeddable":true,"href":"https:\/\/www.cultcaffe.at\/pl\/wp-json\/wp\/v2\/product_cat?post=15446"},{"taxonomy":"product_tag","embeddable":true,"href":"https:\/\/www.cultcaffe.at\/pl\/wp-json\/wp\/v2\/product_tag?post=15446"}],"curies":[{"name":"wp","href":"https:\/\/api.w.org\/{rel}","templated":true}]}}