{"id":14198,"date":"2024-03-06T20:03:04","date_gmt":"2024-03-06T19:03:04","guid":{"rendered":"https:\/\/www.cultcaffe.at\/?post_type=product&#038;p=14198"},"modified":"2025-02-25T11:53:11","modified_gmt":"2025-02-25T10:53:11","slug":"czekolada-do-picia-becks-cocoa-red-spirit-organic-250g-puszka-2","status":"publish","type":"product","link":"https:\/\/www.cultcaffe.at\/pl\/produkt\/becks-cocoa-trinkschokolade-red-spirit-bio-250g-dose-2\/","title":{"rendered":"Becks Cocoa \u2013 Czekolada do picia \u201eRed Spirit\u201d Organic 250g PROMOCJA!"},"content":{"rendered":"<p><span class=\"red\" style=\"color: #ff0000 !important;\"><strong>! PROMOCJA: Wygasa w pa\u017adzierniku (17.10.24) \u2013 Towar OK! <\/strong><\/span><\/p>\n<p><strong>BLASK! - BLASK! \u2013 ROZTAPIAJ\u0104CE SI\u0118 KAKAO!<\/strong><\/p>\n<section class=\"av_textblock_section av-l2yli1fs-2804ee444465821757f7fb26a5e49f29\">KAKAO, pokarm bog\u00f3w Maj\u00f3w i Aztek\u00f3w! WINO, nap\u00f3j bog\u00f3w staro\u017cytnych Grek\u00f3w i Rzymian, po\u015bwi\u0119cony b\u00f3stwom Dionizosowi i Bachusowi, rado\u015bci, p\u0142odno\u015bci i ekstazie! Wy\u015bmienicie wywa\u017cone egzotyczne przyprawy, takie jak cynamon, pomara\u0144cza, imbir, kardamon i go\u017adziki.\u00a0<strong>Grzane kakao Red Spirit<\/strong>\u00a0to najnowsze dzie\u0142o Becks Cocoa\u2122: delikatnie gorzkie, delikatnie s\u0142odkie, pe\u0142ne czekolady.<\/p>\n<p>W kakao wyst\u0119puje oko\u0142o 1100 aromat\u00f3w, a w winie oko\u0142o 900. Czerwone wino i przyprawy maj\u0105 d\u0142ug\u0105 zimow\u0105 tradycj\u0119 \u0142\u0105czenia si\u0119 w pyszne grzane wino, kt\u00f3re pije si\u0119 w ca\u0142ej Europie. Czerwone wino i czekolada to kolejne \u015bwietne po\u0142\u0105czenie smak\u00f3w. \u0141\u0105czymy oba w\u0105tki przyjemno\u015bci w Red Spirit, tworz\u0105c z tego wspania\u0142ego trio zupe\u0142nie nowy przysmak kakaowy! Oczywi\u015bcie ta odmiana jest tak\u017ce elegancko i ekologicznie zapakowana w puszk\u0119 nadaj\u0105c\u0105 si\u0119 do recyklingu.<\/p>\n<p>Sk\u0142adniki:<br \/>\nSk\u0142adniki: Kakao, cukier trzcinowy, proszek z czerwonego wina (zawiera siarczyny), naturalny aromat pomara\u0144czowy, cynamon, imbir, go\u017adziki, kardamon, s\u00f3l morska.<\/p>\n<p>puszka 250g<\/p>\n<\/section>","protected":false},"excerpt":{"rendered":"<div>\n<div class=\"av-special-heading av-l2ykyvkk-c1fa1c9a75171c6febfe8d53133060d0 av-special-heading-h2 custom-color-heading blockquote modern-quote avia-builder-el-12 el_before_av_textblock avia-builder-el-first av-thin-font\">\n<div class=\"av_custom_color av-subheading av-subheading_below\">\n<p><span style=\"color: #ff0000;\"><strong>! PROMOCJA: Oferta wa\u017cna do pa\u017adziernika \u2013 towar w zam\u00f3wieniu!<\/strong><\/span><\/p>\n<p><strong>BLASK! - BLASK! \u2013 ROZTAPIAJ\u0104CE SI\u0118 KAKAO!<\/strong><\/p>\n<\/div>\n<\/div>\n<section class=\"av_textblock_section av-l2yli1fs-2804ee444465821757f7fb26a5e49f29\">\n<div class=\"avia_textblock\">\n<p>KAKAO, pokarm bog\u00f3w Maj\u00f3w i Aztek\u00f3w! WINO, nap\u00f3j bog\u00f3w staro\u017cytnych Grek\u00f3w i Rzymian, po\u015bwi\u0119cony b\u00f3stwom Dionizosowi i Bachusowi, rado\u015bci, p\u0142odno\u015bci i ekstazie! A tak\u017ce starannie wywa\u017cone egzotyczne przyprawy, takie jak cynamon, pomara\u0144cza, imbir, kardamon i go\u017adziki.<\/p>\n<p>Ten\u00a0<strong>Grzane kakao Red Spirit<\/strong>\u00a0to najnowsze dzie\u0142o Becks Cocoa\u2122: delikatnie gorzkie, delikatnie s\u0142odkie, pe\u0142ne czekolady.<\/p>\n<p>W kakao wyst\u0119puje oko\u0142o 1100 aromat\u00f3w, a w winie oko\u0142o 900. Czerwone wino i przyprawy maj\u0105 d\u0142ug\u0105 zimow\u0105 tradycj\u0119 \u0142\u0105czenia si\u0119 w pyszne grzane wino, kt\u00f3re pije si\u0119 w ca\u0142ej Europie. Czerwone wino i czekolada to kolejne \u015bwietne po\u0142\u0105czenie smak\u00f3w. \u0141\u0105czymy oba w\u0105tki przyjemno\u015bci w Red Spirit, tworz\u0105c z tego wspania\u0142ego trio zupe\u0142nie nowy przysmak kakaowy! Oczywi\u015bcie ta odmiana jest tak\u017ce elegancko i ekologicznie zapakowana w puszk\u0119 nadaj\u0105c\u0105 si\u0119 do recyklingu.<\/p>\n<p>puszka 250g<\/p>\n<\/div>\n<\/section>\n<\/div>","protected":false},"featured_media":14228,"template":"","meta":{"inline_featured_image":false},"product_brand":[],"product_cat":[205,211],"product_tag":[102,101,95,74,142,75],"class_list":{"0":"post-14198","1":"product","2":"type-product","3":"status-publish","4":"has-post-thumbnail","6":"product_cat-trinkschokolade","7":"product_cat-geschenkideen","8":"product_tag-becks","9":"product_tag-cocoa","10":"product_tag-geschenk","11":"product_tag-kakao","12":"product_tag-red-spirit","13":"product_tag-trinkschokolade","15":"first","16":"instock","17":"sale","18":"taxable","19":"shipping-taxable","20":"purchasable","21":"product-type-simple"},"yoast_head":"<!-- This site is optimized with the Yoast SEO plugin v27.4 - https:\/\/yoast.com\/product\/yoast-seo-wordpress\/ -->\n<title>Becks Cocoa - Trinkschokolade &quot;Red Spirit&quot; Bio 250g AKTION! - CultCaff\u00e9 - die Bio Kaffee R\u00f6sterei<\/title>\n<meta name=\"robots\" content=\"index, follow, max-snippet:-1, max-image-preview:large, max-video-preview:-1\" \/>\n<link rel=\"canonical\" href=\"https:\/\/www.cultcaffe.at\/pl\/produkt\/czekolada-do-picia-becks-cocoa-red-spirit-organic-250g-puszka-2\/\" \/>\n<meta property=\"og:locale\" content=\"pl_PL\" \/>\n<meta property=\"og:type\" content=\"article\" \/>\n<meta property=\"og:title\" content=\"Becks Cocoa - Trinkschokolade &quot;Red Spirit&quot; Bio 250g AKTION! - CultCaff\u00e9 - die Bio Kaffee R\u00f6sterei\" \/>\n<meta property=\"og:description\" content=\"! AKTION: Ablauf im Oktober \u2013 Ware in Ordnung!  GL\u00dcH! \u2013 GL\u00dcH! \u2013 GL\u00dcH-KAKAO!       KAKAO, Speise der G\u00f6tter bei den Maya und Azteken! WEIN, G\u00f6ttertrunk der antiken Griechen und R\u00f6mer, geweiht den Gottheiten Dionysos und Bacchus, der Freude, Fruchtbarkeit und Ekstase! Dazu fein abgestimmte exotische GEW\u00dcRZE wie Zimt, Orange, Ingwer, Kardamom und Nelken.  Der\u00a0Red Spirit Gl\u00fchkakao\u00a0ist die neueste Kreation aus dem Hause Becks Cocoa\u2122: fein herb, fein s\u00fc\u00df, voll schokoladig.  Etwa 1.100 Aromen wirken im Kakao, rund 900 sind es im Wein. Rotwein und Gew\u00fcrze haben sich in langer Wintertradition im europaweit getrunkenen Gl\u00fchwein k\u00f6stlich vereint. Rotwein und Schokolade sind ein weiteres grandioses Aromenpaar. Beide Genussf\u00e4den nehmen wir im Red Spirit auf, weben aus diesem prachtvollen Trio einen ganz neuen Kakaogenuss! Nat\u00fcrlich ist auch diese Sorte in der recyclebaren Blechdose edel und nachhaltig verpackt.  250g Dose\" \/>\n<meta property=\"og:url\" content=\"https:\/\/www.cultcaffe.at\/pl\/produkt\/czekolada-do-picia-becks-cocoa-red-spirit-organic-250g-puszka-2\/\" \/>\n<meta property=\"og:site_name\" content=\"CultCaff\u00e9 - die Bio Kaffee R\u00f6sterei\" \/>\n<meta property=\"article:publisher\" content=\"https:\/\/www.facebook.com\/p\/Cult-Caff%c3%a8-die-R%c3%b6sterei-100039719724703\/?locale=de_DE\" \/>\n<meta property=\"article:modified_time\" content=\"2025-02-25T10:53:11+00:00\" \/>\n<meta property=\"og:image\" content=\"https:\/\/www.cultcaffe.at\/wp-content\/uploads\/2024\/03\/Becks-Cocoa-Red-Spirit.jpg\" \/>\n\t<meta property=\"og:image:width\" content=\"676\" \/>\n\t<meta property=\"og:image:height\" content=\"671\" \/>\n\t<meta property=\"og:image:type\" content=\"image\/jpeg\" \/>\n<meta name=\"twitter:card\" content=\"summary_large_image\" \/>\n<meta name=\"twitter:label1\" content=\"Cena\" \/>\n\t<meta name=\"twitter:data1\" content=\"&euro;&nbsp;5,00\" \/>\n\t<meta name=\"twitter:label2\" content=\"Dost\u0119pno\u015b\u0107\" \/>\n\t<meta name=\"twitter:data2\" content=\"Dost\u0119pny\" \/>\n<script type=\"application\/ld+json\" class=\"yoast-schema-graph\">{\"@context\":\"https:\\\/\\\/schema.org\",\"@graph\":[{\"@type\":\"WebPage\",\"@id\":\"https:\\\/\\\/www.cultcaffe.at\\\/produkt\\\/becks-cocoa-trinkschokolade-red-spirit-bio-250g-dose-2\\\/\",\"url\":\"https:\\\/\\\/www.cultcaffe.at\\\/produkt\\\/becks-cocoa-trinkschokolade-red-spirit-bio-250g-dose-2\\\/\",\"name\":\"Becks Cocoa - Trinkschokolade \\\"Red Spirit\\\" Bio 250g AKTION! - CultCaff\u00e9 - die Bio Kaffee R\u00f6sterei\",\"isPartOf\":{\"@id\":\"https:\\\/\\\/www.cultcaffe.at\\\/#website\"},\"primaryImageOfPage\":{\"@id\":\"https:\\\/\\\/www.cultcaffe.at\\\/produkt\\\/becks-cocoa-trinkschokolade-red-spirit-bio-250g-dose-2\\\/#primaryimage\"},\"image\":{\"@id\":\"https:\\\/\\\/www.cultcaffe.at\\\/produkt\\\/becks-cocoa-trinkschokolade-red-spirit-bio-250g-dose-2\\\/#primaryimage\"},\"thumbnailUrl\":\"https:\\\/\\\/www.cultcaffe.at\\\/wp-content\\\/uploads\\\/2024\\\/03\\\/Becks-Cocoa-Red-Spirit.jpg\",\"datePublished\":\"2024-03-06T19:03:04+00:00\",\"dateModified\":\"2025-02-25T10:53:11+00:00\",\"breadcrumb\":{\"@id\":\"https:\\\/\\\/www.cultcaffe.at\\\/produkt\\\/becks-cocoa-trinkschokolade-red-spirit-bio-250g-dose-2\\\/#breadcrumb\"},\"inLanguage\":\"pl-PL\",\"potentialAction\":[{\"@type\":\"ReadAction\",\"target\":[\"https:\\\/\\\/www.cultcaffe.at\\\/produkt\\\/becks-cocoa-trinkschokolade-red-spirit-bio-250g-dose-2\\\/\"]}]},{\"@type\":\"ImageObject\",\"inLanguage\":\"pl-PL\",\"@id\":\"https:\\\/\\\/www.cultcaffe.at\\\/produkt\\\/becks-cocoa-trinkschokolade-red-spirit-bio-250g-dose-2\\\/#primaryimage\",\"url\":\"https:\\\/\\\/www.cultcaffe.at\\\/wp-content\\\/uploads\\\/2024\\\/03\\\/Becks-Cocoa-Red-Spirit.jpg\",\"contentUrl\":\"https:\\\/\\\/www.cultcaffe.at\\\/wp-content\\\/uploads\\\/2024\\\/03\\\/Becks-Cocoa-Red-Spirit.jpg\",\"width\":676,\"height\":671},{\"@type\":\"BreadcrumbList\",\"@id\":\"https:\\\/\\\/www.cultcaffe.at\\\/produkt\\\/becks-cocoa-trinkschokolade-red-spirit-bio-250g-dose-2\\\/#breadcrumb\",\"itemListElement\":[{\"@type\":\"ListItem\",\"position\":1,\"name\":\"Startseite\",\"item\":\"https:\\\/\\\/www.cultcaffe.at\\\/\"},{\"@type\":\"ListItem\",\"position\":2,\"name\":\"Produkte\",\"item\":\"https:\\\/\\\/www.cultcaffe.at\\\/shop\\\/\"},{\"@type\":\"ListItem\",\"position\":3,\"name\":\"Becks Cocoa &#8211; Trinkschokolade &#8222;Red Spirit&#8220; Bio 250g AKTION!\"}]},{\"@type\":\"WebSite\",\"@id\":\"https:\\\/\\\/www.cultcaffe.at\\\/#website\",\"url\":\"https:\\\/\\\/www.cultcaffe.at\\\/\",\"name\":\"CultCaff\u00e9 - die Bio Kaffee R\u00f6sterei\",\"description\":\"Liebe zum Kaffee\",\"publisher\":{\"@id\":\"https:\\\/\\\/www.cultcaffe.at\\\/#organization\"},\"potentialAction\":[{\"@type\":\"SearchAction\",\"target\":{\"@type\":\"EntryPoint\",\"urlTemplate\":\"https:\\\/\\\/www.cultcaffe.at\\\/?s={search_term_string}\"},\"query-input\":{\"@type\":\"PropertyValueSpecification\",\"valueRequired\":true,\"valueName\":\"search_term_string\"}}],\"inLanguage\":\"pl-PL\"},{\"@type\":[\"Organization\",\"Place\"],\"@id\":\"https:\\\/\\\/www.cultcaffe.at\\\/#organization\",\"name\":\"CultCaff\u00e9 Kaffeer\u00f6sterei GmbH\",\"alternateName\":\"CultCaff\u00e9\",\"url\":\"https:\\\/\\\/www.cultcaffe.at\\\/\",\"logo\":{\"@id\":\"https:\\\/\\\/www.cultcaffe.at\\\/produkt\\\/becks-cocoa-trinkschokolade-red-spirit-bio-250g-dose-2\\\/#local-main-organization-logo\"},\"image\":{\"@id\":\"https:\\\/\\\/www.cultcaffe.at\\\/produkt\\\/becks-cocoa-trinkschokolade-red-spirit-bio-250g-dose-2\\\/#local-main-organization-logo\"},\"sameAs\":[\"https:\\\/\\\/www.facebook.com\\\/p\\\/Cult-Caff\u00e8-die-R\u00f6sterei-100039719724703\\\/?locale=de_DE\",\"https:\\\/\\\/www.instagram.com\\\/cultcaffe.at\\\/\"],\"hasMerchantReturnPolicy\":{\"@type\":\"MerchantReturnPolicy\",\"merchantReturnLink\":\"https:\\\/\\\/www.cultcaffe.at\\\/pl\\\/agbs\\\/\"},\"telephone\":[],\"openingHoursSpecification\":[{\"@type\":\"OpeningHoursSpecification\",\"dayOfWeek\":[\"Monday\",\"Tuesday\",\"Wednesday\",\"Thursday\",\"Friday\",\"Saturday\",\"Sunday\"],\"opens\":\"09:00\",\"closes\":\"17:00\"}]},{\"@type\":\"ImageObject\",\"inLanguage\":\"pl-PL\",\"@id\":\"https:\\\/\\\/www.cultcaffe.at\\\/produkt\\\/becks-cocoa-trinkschokolade-red-spirit-bio-250g-dose-2\\\/#local-main-organization-logo\",\"url\":\"https:\\\/\\\/www.cultcaffe.at\\\/wp-content\\\/uploads\\\/2023\\\/11\\\/cultcaffe_logo_regular_dark-1.svg\",\"contentUrl\":\"https:\\\/\\\/www.cultcaffe.at\\\/wp-content\\\/uploads\\\/2023\\\/11\\\/cultcaffe_logo_regular_dark-1.svg\",\"width\":756,\"height\":474,\"caption\":\"CultCaff\u00e9 Kaffeer\u00f6sterei GmbH\"}]}<\/script>\n<meta property=\"product:price:amount\" content=\"5.00\" \/>\n<meta property=\"product:price:currency\" content=\"EUR\" \/>\n<meta property=\"og:availability\" content=\"instock\" \/>\n<meta property=\"product:availability\" content=\"instock\" \/>\n<meta property=\"product:condition\" content=\"new\" \/>\n<!-- \/ Yoast SEO plugin. -->","yoast_head_json":{"title":"Becks Cocoa - Czekolada do picia &quot;Red Spirit&quot; Organiczna 250g OFERTA SPECJALNA! - CultCaff\u00e9 - organiczna palarnia kawy","robots":{"index":"index","follow":"follow","max-snippet":"max-snippet:-1","max-image-preview":"max-image-preview:large","max-video-preview":"max-video-preview:-1"},"canonical":"https:\/\/www.cultcaffe.at\/pl\/produkt\/czekolada-do-picia-becks-cocoa-red-spirit-organic-250g-puszka-2\/","og_locale":"pl_PL","og_type":"article","og_title":"Becks Cocoa - Trinkschokolade \"Red Spirit\" Bio 250g AKTION! - CultCaff\u00e9 - die Bio Kaffee R\u00f6sterei","og_description":"! AKTION: Ablauf im Oktober \u2013 Ware in Ordnung!  GL\u00dcH! \u2013 GL\u00dcH! \u2013 GL\u00dcH-KAKAO!       KAKAO, Speise der G\u00f6tter bei den Maya und Azteken! WEIN, G\u00f6ttertrunk der antiken Griechen und R\u00f6mer, geweiht den Gottheiten Dionysos und Bacchus, der Freude, Fruchtbarkeit und Ekstase! Dazu fein abgestimmte exotische GEW\u00dcRZE wie Zimt, Orange, Ingwer, Kardamom und Nelken.  Der\u00a0Red Spirit Gl\u00fchkakao\u00a0ist die neueste Kreation aus dem Hause Becks Cocoa\u2122: fein herb, fein s\u00fc\u00df, voll schokoladig.  Etwa 1.100 Aromen wirken im Kakao, rund 900 sind es im Wein. Rotwein und Gew\u00fcrze haben sich in langer Wintertradition im europaweit getrunkenen Gl\u00fchwein k\u00f6stlich vereint. Rotwein und Schokolade sind ein weiteres grandioses Aromenpaar. Beide Genussf\u00e4den nehmen wir im Red Spirit auf, weben aus diesem prachtvollen Trio einen ganz neuen Kakaogenuss! Nat\u00fcrlich ist auch diese Sorte in der recyclebaren Blechdose edel und nachhaltig verpackt.  250g Dose","og_url":"https:\/\/www.cultcaffe.at\/pl\/produkt\/czekolada-do-picia-becks-cocoa-red-spirit-organic-250g-puszka-2\/","og_site_name":"CultCaff\u00e9 - die Bio Kaffee R\u00f6sterei","article_publisher":"https:\/\/www.facebook.com\/p\/Cult-Caff%c3%a8-die-R%c3%b6sterei-100039719724703\/?locale=de_DE","article_modified_time":"2025-02-25T10:53:11+00:00","og_image":[{"width":676,"height":671,"url":"https:\/\/www.cultcaffe.at\/wp-content\/uploads\/2024\/03\/Becks-Cocoa-Red-Spirit.jpg","type":"image\/jpeg"}],"twitter_card":"summary_large_image","twitter_misc":{"Cena":"&euro;&nbsp;5,00","Dost\u0119pno\u015b\u0107":"Dost\u0119pny"},"schema":{"@context":"https:\/\/schema.org","@graph":[{"@type":"WebPage","@id":"https:\/\/www.cultcaffe.at\/produkt\/becks-cocoa-trinkschokolade-red-spirit-bio-250g-dose-2\/","url":"https:\/\/www.cultcaffe.at\/produkt\/becks-cocoa-trinkschokolade-red-spirit-bio-250g-dose-2\/","name":"Becks Cocoa - Czekolada do picia &quot;Red Spirit&quot; Organiczna 250g OFERTA SPECJALNA! - CultCaff\u00e9 - organiczna palarnia kawy","isPartOf":{"@id":"https:\/\/www.cultcaffe.at\/#website"},"primaryImageOfPage":{"@id":"https:\/\/www.cultcaffe.at\/produkt\/becks-cocoa-trinkschokolade-red-spirit-bio-250g-dose-2\/#primaryimage"},"image":{"@id":"https:\/\/www.cultcaffe.at\/produkt\/becks-cocoa-trinkschokolade-red-spirit-bio-250g-dose-2\/#primaryimage"},"thumbnailUrl":"https:\/\/www.cultcaffe.at\/wp-content\/uploads\/2024\/03\/Becks-Cocoa-Red-Spirit.jpg","datePublished":"2024-03-06T19:03:04+00:00","dateModified":"2025-02-25T10:53:11+00:00","breadcrumb":{"@id":"https:\/\/www.cultcaffe.at\/produkt\/becks-cocoa-trinkschokolade-red-spirit-bio-250g-dose-2\/#breadcrumb"},"inLanguage":"pl-PL","potentialAction":[{"@type":"ReadAction","target":["https:\/\/www.cultcaffe.at\/produkt\/becks-cocoa-trinkschokolade-red-spirit-bio-250g-dose-2\/"]}]},{"@type":"ImageObject","inLanguage":"pl-PL","@id":"https:\/\/www.cultcaffe.at\/produkt\/becks-cocoa-trinkschokolade-red-spirit-bio-250g-dose-2\/#primaryimage","url":"https:\/\/www.cultcaffe.at\/wp-content\/uploads\/2024\/03\/Becks-Cocoa-Red-Spirit.jpg","contentUrl":"https:\/\/www.cultcaffe.at\/wp-content\/uploads\/2024\/03\/Becks-Cocoa-Red-Spirit.jpg","width":676,"height":671},{"@type":"BreadcrumbList","@id":"https:\/\/www.cultcaffe.at\/produkt\/becks-cocoa-trinkschokolade-red-spirit-bio-250g-dose-2\/#breadcrumb","itemListElement":[{"@type":"ListItem","position":1,"name":"Startseite","item":"https:\/\/www.cultcaffe.at\/"},{"@type":"ListItem","position":2,"name":"Produkte","item":"https:\/\/www.cultcaffe.at\/shop\/"},{"@type":"ListItem","position":3,"name":"Becks Cocoa &#8211; Trinkschokolade &#8222;Red Spirit&#8220; Bio 250g AKTION!"}]},{"@type":"WebSite","@id":"https:\/\/www.cultcaffe.at\/#website","url":"https:\/\/www.cultcaffe.at\/","name":"CultCaff\u00e9 \u2013 organiczna palarnia kawy","description":"Mi\u0142o\u015b\u0107 do kawy","publisher":{"@id":"https:\/\/www.cultcaffe.at\/#organization"},"potentialAction":[{"@type":"SearchAction","target":{"@type":"EntryPoint","urlTemplate":"https:\/\/www.cultcaffe.at\/?s={search_term_string}"},"query-input":{"@type":"PropertyValueSpecification","valueRequired":true,"valueName":"search_term_string"}}],"inLanguage":"pl-PL"},{"@type":["Organization","Place"],"@id":"https:\/\/www.cultcaffe.at\/#organization","name":"CultCaff\u00e9 Coffee Roastery GmbH","alternateName":"CultCaff\u00e9","url":"https:\/\/www.cultcaffe.at\/","logo":{"@id":"https:\/\/www.cultcaffe.at\/produkt\/becks-cocoa-trinkschokolade-red-spirit-bio-250g-dose-2\/#local-main-organization-logo"},"image":{"@id":"https:\/\/www.cultcaffe.at\/produkt\/becks-cocoa-trinkschokolade-red-spirit-bio-250g-dose-2\/#local-main-organization-logo"},"sameAs":["https:\/\/www.facebook.com\/p\/Cult-Caff\u00e8-die-R\u00f6sterei-100039719724703\/?locale=de_DE","https:\/\/www.instagram.com\/cultcaffe.at\/"],"hasMerchantReturnPolicy":{"@type":"MerchantReturnPolicy","merchantReturnLink":"https:\/\/www.cultcaffe.at\/pl\/agbs\/"},"telephone":[],"openingHoursSpecification":[{"@type":"OpeningHoursSpecification","dayOfWeek":["Monday","Tuesday","Wednesday","Thursday","Friday","Saturday","Sunday"],"opens":"09:00","closes":"17:00"}]},{"@type":"ImageObject","inLanguage":"pl-PL","@id":"https:\/\/www.cultcaffe.at\/produkt\/becks-cocoa-trinkschokolade-red-spirit-bio-250g-dose-2\/#local-main-organization-logo","url":"https:\/\/www.cultcaffe.at\/wp-content\/uploads\/2023\/11\/cultcaffe_logo_regular_dark-1.svg","contentUrl":"https:\/\/www.cultcaffe.at\/wp-content\/uploads\/2023\/11\/cultcaffe_logo_regular_dark-1.svg","width":756,"height":474,"caption":"CultCaff\u00e9 Kaffeer\u00f6sterei GmbH"}]},"product_price_amount":"5.00","product_price_currency":"EUR","og_availability":"instock","product_availability":"instock","product_condition":"new"},"_links":{"self":[{"href":"https:\/\/www.cultcaffe.at\/pl\/wp-json\/wp\/v2\/product\/14198","targetHints":{"allow":["GET"]}}],"collection":[{"href":"https:\/\/www.cultcaffe.at\/pl\/wp-json\/wp\/v2\/product"}],"about":[{"href":"https:\/\/www.cultcaffe.at\/pl\/wp-json\/wp\/v2\/types\/product"}],"wp:featuredmedia":[{"embeddable":true,"href":"https:\/\/www.cultcaffe.at\/pl\/wp-json\/wp\/v2\/media\/14228"}],"wp:attachment":[{"href":"https:\/\/www.cultcaffe.at\/pl\/wp-json\/wp\/v2\/media?parent=14198"}],"wp:term":[{"taxonomy":"product_brand","embeddable":true,"href":"https:\/\/www.cultcaffe.at\/pl\/wp-json\/wp\/v2\/product_brand?post=14198"},{"taxonomy":"product_cat","embeddable":true,"href":"https:\/\/www.cultcaffe.at\/pl\/wp-json\/wp\/v2\/product_cat?post=14198"},{"taxonomy":"product_tag","embeddable":true,"href":"https:\/\/www.cultcaffe.at\/pl\/wp-json\/wp\/v2\/product_tag?post=14198"}],"curies":[{"name":"wp","href":"https:\/\/api.w.org\/{rel}","templated":true}]}}