{"id":14004,"date":"2024-03-06T20:00:21","date_gmt":"2024-03-06T19:00:21","guid":{"rendered":"https:\/\/www.cultcaffe.at\/?post_type=product&#038;p=14004"},"modified":"2026-02-18T17:25:30","modified_gmt":"2026-02-18T16:25:30","slug":"becks-cocoa-czekolada-do-picia-michel-35-organic-330g-puszka-2","status":"publish","type":"product","link":"https:\/\/www.cultcaffe.at\/pl\/produkt\/becks-cocoa-trinkschokolade-michel-35-bio-330g-dose-2\/","title":{"rendered":"Organiczna czekolada do picia Becks \u201eMichel\u201d (330 g lub 1500 g)"},"content":{"rendered":"<p><strong><span style=\"color: #000000;\">Michel \u2013 dla du\u017cych i ma\u0142ych koneser\u00f3w<\/span><\/strong><\/p>\n<p>Rodzinne kakao, kt\u00f3re smakuje ka\u017cdemu. Nasz Michel jest \u0142agodny i delikatny: zawiera 33% kakao i jest s\u0142odzony ekologicznym cukrem trzcinowym oraz ekologicznym proszkiem bananowym.<br \/>\nDoprawiamy go naszymi ulubionymi przyprawami z dzieci\u0144stwa: cynamonem i ga\u0142k\u0105 muszkato\u0142ow\u0105.<\/p>\n<p>Idealny dla dzieci, doros\u0142ych, mi\u0142o\u015bnik\u00f3w czekolady i wielbicieli kakao. I wszyscy ci, kt\u00f3rzy pragn\u0105 napi\u0107 si\u0119 kawa\u0142ka dzieci\u0144stwa w dobrym smaku.<\/p>\n<div class=\"content--title\">Sk\u0142adniki:<\/div>\n<div class=\"product--description\">Sk\u0142adniki: Organiczny cukier trzcinowy, ekologiczne kakao, ekologiczny proszek bananowy, s\u00f3l morska, ekologiczna ga\u0142ka muszkato\u0142owa, ekologiczny cynamon<\/div>\n<div><\/div>\n<p>Dost\u0119pne w praktycznych puszkach 330g i puszkach gastro 1500g.<\/p>\n<p>&nbsp;<\/p>","protected":false},"excerpt":{"rendered":"<p>Rodzinne kakao, kt\u00f3re smakuje ka\u017cdemu. Nasz Michel jest \u0142agodny i delikatny: zawiera 33% kakao i jest s\u0142odzony ekologicznym cukrem trzcinowym oraz ekologicznym proszkiem bananowym.<br \/>\nDoprawiamy go naszymi ulubionymi przyprawami z dzieci\u0144stwa: cynamonem i ga\u0142k\u0105 muszkato\u0142ow\u0105.<\/p>\n<p>Idealny dla dzieci, doros\u0142ych, mi\u0142o\u015bnik\u00f3w czekolady i wielbicieli kakao. I wszyscy ci, kt\u00f3rzy pragn\u0105 napi\u0107 si\u0119 kawa\u0142ka dzieci\u0144stwa w dobrym smaku.<\/p>\n<p>Puszka 330g lub 1500g<\/p>","protected":false},"featured_media":14994,"template":"","meta":{"inline_featured_image":false},"product_brand":[],"product_cat":[205,211],"product_tag":[102,101,95,74,141,75],"class_list":{"0":"post-14004","1":"product","2":"type-product","3":"status-publish","4":"has-post-thumbnail","6":"product_cat-trinkschokolade","7":"product_cat-geschenkideen","8":"product_tag-becks","9":"product_tag-cocoa","10":"product_tag-geschenk","11":"product_tag-kakao","12":"product_tag-michel","13":"product_tag-trinkschokolade","15":"first","16":"instock","17":"taxable","18":"shipping-taxable","19":"purchasable","20":"product-type-variable","21":"has-default-attributes"},"yoast_head":"<!-- This site is optimized with the Yoast SEO plugin v27.4 - https:\/\/yoast.com\/product\/yoast-seo-wordpress\/ -->\n<title>Becks Bio-Trinkschokolade &quot;Michel&quot; (330g oder 1500g) - CultCaff\u00e9 - die Bio Kaffee R\u00f6sterei<\/title>\n<meta name=\"robots\" content=\"index, follow, max-snippet:-1, max-image-preview:large, max-video-preview:-1\" \/>\n<link rel=\"canonical\" href=\"https:\/\/www.cultcaffe.at\/pl\/produkt\/becks-cocoa-czekolada-do-picia-michel-35-organic-330g-puszka-2\/\" \/>\n<meta property=\"og:locale\" content=\"pl_PL\" \/>\n<meta property=\"og:type\" content=\"article\" \/>\n<meta property=\"og:title\" content=\"Becks Bio-Trinkschokolade &quot;Michel&quot; (330g oder 1500g) - CultCaff\u00e9 - die Bio Kaffee R\u00f6sterei\" \/>\n<meta property=\"og:description\" content=\"Ein Familienkakao, der jedem schmeckt. Unser Michel ist der Milde, Sanfte: Er hat 33 % Kakaoanteil, ist ges\u00fc\u00dft mit Bio-Rohrzucker und Bio-Bananenpulver. Verfeinert wird er mit unseren Lieblings-Kindheitsgew\u00fcrzen Zimt und Muskatnuss.  Ideal f\u00fcr Kinder, Erwachsene, Schokoladenjunkies, Kakaoverr\u00fcckte. Und alle, die ein kleines St\u00fcck Kindheit in Gut trinken wollen.  330g oder 1500g Dose\" \/>\n<meta property=\"og:url\" content=\"https:\/\/www.cultcaffe.at\/pl\/produkt\/becks-cocoa-czekolada-do-picia-michel-35-organic-330g-puszka-2\/\" \/>\n<meta property=\"og:site_name\" content=\"CultCaff\u00e9 - die Bio Kaffee R\u00f6sterei\" \/>\n<meta property=\"article:publisher\" content=\"https:\/\/www.facebook.com\/p\/Cult-Caff%c3%a8-die-R%c3%b6sterei-100039719724703\/?locale=de_DE\" \/>\n<meta property=\"article:modified_time\" content=\"2026-02-18T16:25:30+00:00\" \/>\n<meta property=\"og:image\" content=\"https:\/\/www.cultcaffe.at\/wp-content\/uploads\/2024\/03\/CultCaffe-Trinkschokolade-Michl.jpg\" \/>\n\t<meta property=\"og:image:width\" content=\"2000\" \/>\n\t<meta property=\"og:image:height\" content=\"2000\" \/>\n\t<meta property=\"og:image:type\" content=\"image\/jpeg\" \/>\n<meta name=\"twitter:card\" content=\"summary_large_image\" \/>\n<meta name=\"twitter:label1\" content=\"Dost\u0119pno\u015b\u0107\" \/>\n\t<meta name=\"twitter:data1\" content=\"Dost\u0119pny\" \/>\n<script type=\"application\/ld+json\" class=\"yoast-schema-graph\">{\"@context\":\"https:\\\/\\\/schema.org\",\"@graph\":[{\"@type\":\"WebPage\",\"@id\":\"https:\\\/\\\/www.cultcaffe.at\\\/produkt\\\/becks-cocoa-trinkschokolade-michel-35-bio-330g-dose-2\\\/\",\"url\":\"https:\\\/\\\/www.cultcaffe.at\\\/produkt\\\/becks-cocoa-trinkschokolade-michel-35-bio-330g-dose-2\\\/\",\"name\":\"Becks Bio-Trinkschokolade \\\"Michel\\\" (330g oder 1500g) - CultCaff\u00e9 - die Bio Kaffee R\u00f6sterei\",\"isPartOf\":{\"@id\":\"https:\\\/\\\/www.cultcaffe.at\\\/#website\"},\"primaryImageOfPage\":{\"@id\":\"https:\\\/\\\/www.cultcaffe.at\\\/produkt\\\/becks-cocoa-trinkschokolade-michel-35-bio-330g-dose-2\\\/#primaryimage\"},\"image\":{\"@id\":\"https:\\\/\\\/www.cultcaffe.at\\\/produkt\\\/becks-cocoa-trinkschokolade-michel-35-bio-330g-dose-2\\\/#primaryimage\"},\"thumbnailUrl\":\"https:\\\/\\\/www.cultcaffe.at\\\/wp-content\\\/uploads\\\/2024\\\/03\\\/CultCaffe-Trinkschokolade-Michl.jpg\",\"datePublished\":\"2024-03-06T19:00:21+00:00\",\"dateModified\":\"2026-02-18T16:25:30+00:00\",\"breadcrumb\":{\"@id\":\"https:\\\/\\\/www.cultcaffe.at\\\/produkt\\\/becks-cocoa-trinkschokolade-michel-35-bio-330g-dose-2\\\/#breadcrumb\"},\"inLanguage\":\"pl-PL\",\"potentialAction\":[{\"@type\":\"ReadAction\",\"target\":[\"https:\\\/\\\/www.cultcaffe.at\\\/produkt\\\/becks-cocoa-trinkschokolade-michel-35-bio-330g-dose-2\\\/\"]}]},{\"@type\":\"ImageObject\",\"inLanguage\":\"pl-PL\",\"@id\":\"https:\\\/\\\/www.cultcaffe.at\\\/produkt\\\/becks-cocoa-trinkschokolade-michel-35-bio-330g-dose-2\\\/#primaryimage\",\"url\":\"https:\\\/\\\/www.cultcaffe.at\\\/wp-content\\\/uploads\\\/2024\\\/03\\\/CultCaffe-Trinkschokolade-Michl.jpg\",\"contentUrl\":\"https:\\\/\\\/www.cultcaffe.at\\\/wp-content\\\/uploads\\\/2024\\\/03\\\/CultCaffe-Trinkschokolade-Michl.jpg\",\"width\":2000,\"height\":2000},{\"@type\":\"BreadcrumbList\",\"@id\":\"https:\\\/\\\/www.cultcaffe.at\\\/produkt\\\/becks-cocoa-trinkschokolade-michel-35-bio-330g-dose-2\\\/#breadcrumb\",\"itemListElement\":[{\"@type\":\"ListItem\",\"position\":1,\"name\":\"Startseite\",\"item\":\"https:\\\/\\\/www.cultcaffe.at\\\/\"},{\"@type\":\"ListItem\",\"position\":2,\"name\":\"Produkte\",\"item\":\"https:\\\/\\\/www.cultcaffe.at\\\/shop\\\/\"},{\"@type\":\"ListItem\",\"position\":3,\"name\":\"Becks Bio-Trinkschokolade &#8222;Michel&#8220; (330g oder 1500g)\"}]},{\"@type\":\"WebSite\",\"@id\":\"https:\\\/\\\/www.cultcaffe.at\\\/#website\",\"url\":\"https:\\\/\\\/www.cultcaffe.at\\\/\",\"name\":\"CultCaff\u00e9 - die Bio Kaffee R\u00f6sterei\",\"description\":\"Liebe zum Kaffee\",\"publisher\":{\"@id\":\"https:\\\/\\\/www.cultcaffe.at\\\/#organization\"},\"potentialAction\":[{\"@type\":\"SearchAction\",\"target\":{\"@type\":\"EntryPoint\",\"urlTemplate\":\"https:\\\/\\\/www.cultcaffe.at\\\/?s={search_term_string}\"},\"query-input\":{\"@type\":\"PropertyValueSpecification\",\"valueRequired\":true,\"valueName\":\"search_term_string\"}}],\"inLanguage\":\"pl-PL\"},{\"@type\":[\"Organization\",\"Place\"],\"@id\":\"https:\\\/\\\/www.cultcaffe.at\\\/#organization\",\"name\":\"CultCaff\u00e9 Kaffeer\u00f6sterei GmbH\",\"alternateName\":\"CultCaff\u00e9\",\"url\":\"https:\\\/\\\/www.cultcaffe.at\\\/\",\"logo\":{\"@id\":\"https:\\\/\\\/www.cultcaffe.at\\\/produkt\\\/becks-cocoa-trinkschokolade-michel-35-bio-330g-dose-2\\\/#local-main-organization-logo\"},\"image\":{\"@id\":\"https:\\\/\\\/www.cultcaffe.at\\\/produkt\\\/becks-cocoa-trinkschokolade-michel-35-bio-330g-dose-2\\\/#local-main-organization-logo\"},\"sameAs\":[\"https:\\\/\\\/www.facebook.com\\\/p\\\/Cult-Caff\u00e8-die-R\u00f6sterei-100039719724703\\\/?locale=de_DE\",\"https:\\\/\\\/www.instagram.com\\\/cultcaffe.at\\\/\"],\"hasMerchantReturnPolicy\":{\"@type\":\"MerchantReturnPolicy\",\"merchantReturnLink\":\"https:\\\/\\\/www.cultcaffe.at\\\/pl\\\/agbs\\\/\"},\"telephone\":[],\"openingHoursSpecification\":[{\"@type\":\"OpeningHoursSpecification\",\"dayOfWeek\":[\"Monday\",\"Tuesday\",\"Wednesday\",\"Thursday\",\"Friday\",\"Saturday\",\"Sunday\"],\"opens\":\"09:00\",\"closes\":\"17:00\"}]},{\"@type\":\"ImageObject\",\"inLanguage\":\"pl-PL\",\"@id\":\"https:\\\/\\\/www.cultcaffe.at\\\/produkt\\\/becks-cocoa-trinkschokolade-michel-35-bio-330g-dose-2\\\/#local-main-organization-logo\",\"url\":\"https:\\\/\\\/www.cultcaffe.at\\\/wp-content\\\/uploads\\\/2023\\\/11\\\/cultcaffe_logo_regular_dark-1.svg\",\"contentUrl\":\"https:\\\/\\\/www.cultcaffe.at\\\/wp-content\\\/uploads\\\/2023\\\/11\\\/cultcaffe_logo_regular_dark-1.svg\",\"width\":756,\"height\":474,\"caption\":\"CultCaff\u00e9 Kaffeer\u00f6sterei GmbH\"}]}<\/script>\n<meta property=\"og:availability\" content=\"instock\" \/>\n<meta property=\"product:availability\" content=\"instock\" \/>\n<meta property=\"product:condition\" content=\"new\" \/>\n<!-- \/ Yoast SEO plugin. -->","yoast_head_json":{"title":"Organiczna czekolada do picia Becks \"Michel\" (330 g lub 1500 g) \u2013 CultCaff\u00e9 \u2013 organiczna palarnia kawy","robots":{"index":"index","follow":"follow","max-snippet":"max-snippet:-1","max-image-preview":"max-image-preview:large","max-video-preview":"max-video-preview:-1"},"canonical":"https:\/\/www.cultcaffe.at\/pl\/produkt\/becks-cocoa-czekolada-do-picia-michel-35-organic-330g-puszka-2\/","og_locale":"pl_PL","og_type":"article","og_title":"Becks Bio-Trinkschokolade \"Michel\" (330g oder 1500g) - CultCaff\u00e9 - die Bio Kaffee R\u00f6sterei","og_description":"Ein Familienkakao, der jedem schmeckt. Unser Michel ist der Milde, Sanfte: Er hat 33 % Kakaoanteil, ist ges\u00fc\u00dft mit Bio-Rohrzucker und Bio-Bananenpulver. Verfeinert wird er mit unseren Lieblings-Kindheitsgew\u00fcrzen Zimt und Muskatnuss.  Ideal f\u00fcr Kinder, Erwachsene, Schokoladenjunkies, Kakaoverr\u00fcckte. Und alle, die ein kleines St\u00fcck Kindheit in Gut trinken wollen.  330g oder 1500g Dose","og_url":"https:\/\/www.cultcaffe.at\/pl\/produkt\/becks-cocoa-czekolada-do-picia-michel-35-organic-330g-puszka-2\/","og_site_name":"CultCaff\u00e9 - die Bio Kaffee R\u00f6sterei","article_publisher":"https:\/\/www.facebook.com\/p\/Cult-Caff%c3%a8-die-R%c3%b6sterei-100039719724703\/?locale=de_DE","article_modified_time":"2026-02-18T16:25:30+00:00","og_image":[{"width":2000,"height":2000,"url":"https:\/\/www.cultcaffe.at\/wp-content\/uploads\/2024\/03\/CultCaffe-Trinkschokolade-Michl.jpg","type":"image\/jpeg"}],"twitter_card":"summary_large_image","twitter_misc":{"Dost\u0119pno\u015b\u0107":"Dost\u0119pny"},"schema":{"@context":"https:\/\/schema.org","@graph":[{"@type":"WebPage","@id":"https:\/\/www.cultcaffe.at\/produkt\/becks-cocoa-trinkschokolade-michel-35-bio-330g-dose-2\/","url":"https:\/\/www.cultcaffe.at\/produkt\/becks-cocoa-trinkschokolade-michel-35-bio-330g-dose-2\/","name":"Organiczna czekolada do picia Becks \"Michel\" (330 g lub 1500 g) \u2013 CultCaff\u00e9 \u2013 organiczna palarnia kawy","isPartOf":{"@id":"https:\/\/www.cultcaffe.at\/#website"},"primaryImageOfPage":{"@id":"https:\/\/www.cultcaffe.at\/produkt\/becks-cocoa-trinkschokolade-michel-35-bio-330g-dose-2\/#primaryimage"},"image":{"@id":"https:\/\/www.cultcaffe.at\/produkt\/becks-cocoa-trinkschokolade-michel-35-bio-330g-dose-2\/#primaryimage"},"thumbnailUrl":"https:\/\/www.cultcaffe.at\/wp-content\/uploads\/2024\/03\/CultCaffe-Trinkschokolade-Michl.jpg","datePublished":"2024-03-06T19:00:21+00:00","dateModified":"2026-02-18T16:25:30+00:00","breadcrumb":{"@id":"https:\/\/www.cultcaffe.at\/produkt\/becks-cocoa-trinkschokolade-michel-35-bio-330g-dose-2\/#breadcrumb"},"inLanguage":"pl-PL","potentialAction":[{"@type":"ReadAction","target":["https:\/\/www.cultcaffe.at\/produkt\/becks-cocoa-trinkschokolade-michel-35-bio-330g-dose-2\/"]}]},{"@type":"ImageObject","inLanguage":"pl-PL","@id":"https:\/\/www.cultcaffe.at\/produkt\/becks-cocoa-trinkschokolade-michel-35-bio-330g-dose-2\/#primaryimage","url":"https:\/\/www.cultcaffe.at\/wp-content\/uploads\/2024\/03\/CultCaffe-Trinkschokolade-Michl.jpg","contentUrl":"https:\/\/www.cultcaffe.at\/wp-content\/uploads\/2024\/03\/CultCaffe-Trinkschokolade-Michl.jpg","width":2000,"height":2000},{"@type":"BreadcrumbList","@id":"https:\/\/www.cultcaffe.at\/produkt\/becks-cocoa-trinkschokolade-michel-35-bio-330g-dose-2\/#breadcrumb","itemListElement":[{"@type":"ListItem","position":1,"name":"Startseite","item":"https:\/\/www.cultcaffe.at\/"},{"@type":"ListItem","position":2,"name":"Produkte","item":"https:\/\/www.cultcaffe.at\/shop\/"},{"@type":"ListItem","position":3,"name":"Becks Bio-Trinkschokolade &#8222;Michel&#8220; (330g oder 1500g)"}]},{"@type":"WebSite","@id":"https:\/\/www.cultcaffe.at\/#website","url":"https:\/\/www.cultcaffe.at\/","name":"CultCaff\u00e9 \u2013 organiczna palarnia kawy","description":"Mi\u0142o\u015b\u0107 do kawy","publisher":{"@id":"https:\/\/www.cultcaffe.at\/#organization"},"potentialAction":[{"@type":"SearchAction","target":{"@type":"EntryPoint","urlTemplate":"https:\/\/www.cultcaffe.at\/?s={search_term_string}"},"query-input":{"@type":"PropertyValueSpecification","valueRequired":true,"valueName":"search_term_string"}}],"inLanguage":"pl-PL"},{"@type":["Organization","Place"],"@id":"https:\/\/www.cultcaffe.at\/#organization","name":"CultCaff\u00e9 Coffee Roastery GmbH","alternateName":"CultCaff\u00e9","url":"https:\/\/www.cultcaffe.at\/","logo":{"@id":"https:\/\/www.cultcaffe.at\/produkt\/becks-cocoa-trinkschokolade-michel-35-bio-330g-dose-2\/#local-main-organization-logo"},"image":{"@id":"https:\/\/www.cultcaffe.at\/produkt\/becks-cocoa-trinkschokolade-michel-35-bio-330g-dose-2\/#local-main-organization-logo"},"sameAs":["https:\/\/www.facebook.com\/p\/Cult-Caff\u00e8-die-R\u00f6sterei-100039719724703\/?locale=de_DE","https:\/\/www.instagram.com\/cultcaffe.at\/"],"hasMerchantReturnPolicy":{"@type":"MerchantReturnPolicy","merchantReturnLink":"https:\/\/www.cultcaffe.at\/pl\/agbs\/"},"telephone":[],"openingHoursSpecification":[{"@type":"OpeningHoursSpecification","dayOfWeek":["Monday","Tuesday","Wednesday","Thursday","Friday","Saturday","Sunday"],"opens":"09:00","closes":"17:00"}]},{"@type":"ImageObject","inLanguage":"pl-PL","@id":"https:\/\/www.cultcaffe.at\/produkt\/becks-cocoa-trinkschokolade-michel-35-bio-330g-dose-2\/#local-main-organization-logo","url":"https:\/\/www.cultcaffe.at\/wp-content\/uploads\/2023\/11\/cultcaffe_logo_regular_dark-1.svg","contentUrl":"https:\/\/www.cultcaffe.at\/wp-content\/uploads\/2023\/11\/cultcaffe_logo_regular_dark-1.svg","width":756,"height":474,"caption":"CultCaff\u00e9 Kaffeer\u00f6sterei GmbH"}]},"og_availability":"instock","product_availability":"instock","product_condition":"new"},"_links":{"self":[{"href":"https:\/\/www.cultcaffe.at\/pl\/wp-json\/wp\/v2\/product\/14004","targetHints":{"allow":["GET"]}}],"collection":[{"href":"https:\/\/www.cultcaffe.at\/pl\/wp-json\/wp\/v2\/product"}],"about":[{"href":"https:\/\/www.cultcaffe.at\/pl\/wp-json\/wp\/v2\/types\/product"}],"wp:featuredmedia":[{"embeddable":true,"href":"https:\/\/www.cultcaffe.at\/pl\/wp-json\/wp\/v2\/media\/14994"}],"wp:attachment":[{"href":"https:\/\/www.cultcaffe.at\/pl\/wp-json\/wp\/v2\/media?parent=14004"}],"wp:term":[{"taxonomy":"product_brand","embeddable":true,"href":"https:\/\/www.cultcaffe.at\/pl\/wp-json\/wp\/v2\/product_brand?post=14004"},{"taxonomy":"product_cat","embeddable":true,"href":"https:\/\/www.cultcaffe.at\/pl\/wp-json\/wp\/v2\/product_cat?post=14004"},{"taxonomy":"product_tag","embeddable":true,"href":"https:\/\/www.cultcaffe.at\/pl\/wp-json\/wp\/v2\/product_tag?post=14004"}],"curies":[{"name":"wp","href":"https:\/\/api.w.org\/{rel}","templated":true}]}}