{"id":14001,"date":"2024-03-06T20:00:21","date_gmt":"2024-03-06T19:00:21","guid":{"rendered":"https:\/\/www.cultcaffe.at\/?post_type=product&#038;p=14001"},"modified":"2026-02-18T17:27:26","modified_gmt":"2026-02-18T16:27:26","slug":"becks-cocoa-cacao-especial-no-6-dom-rep-60-organic","status":"publish","type":"product","link":"https:\/\/www.cultcaffe.at\/pl\/produkt\/becks-cocoa-cacao-especial-no-6-dom-rep-60-bio\/","title":{"rendered":"Becks Cocoa \u2013 Cacao Especial No. 4 Dominikana 60% Organic"},"content":{"rendered":"<p>Especial No. to owocowe doznanie smakowe. 4. Po\u0142udniowoameryka\u0144ski owoc przypominaj\u0105cy marakuj\u0119 uzyska\u0142 optymalny profil smakowy przy zawarto\u015bci kakao na poziomie 60%.<\/p>\n<p>Dostawcy masowi przetwarzaj\u0105 g\u0142\u00f3wnie mleko w proszku, wi\u0119c nie jest powiedziane, \u017ce niemal wszystkie produkty Becks Cocoa<strong>bez laktozy<\/strong>\u201ei tak te\u017c\u201d<strong>wega\u0144ski<\/strong>&quot; Czy.<\/p>\n<p>&nbsp;<\/p>\n<p class=\"beckscocoa-article-intro\">Najlepsze rzeczy dziej\u0105 si\u0119, gdy ambitni ludzie tworz\u0105 co\u015b dla siebie i s\u0105 pasjonatami swojej pracy.<\/p>\n<div class=\"row\">\n<div class=\"col-sm-6\">\n<p>Cech\u0105 szczeg\u00f3ln\u0105 tych wykwintnych czekolad pitnych jest to, \u017ce smak br\u0105zowych ziaren jest zawsze wyczuwalny na pierwszym planie. Michael Beck dba o to dzi\u0119ki wyostrzonemu zmys\u0142owi dotyku: \u201eDozuj\u0119 smaki tak, aby podkre\u015bla\u0142y charakter kakao, a nie przyt\u0142acza\u0142y go. Ziarna organiczne s\u0105 warunkiem prawdziwej przyjemno\u015bci. Wykwintne kakao pochodzi z uczciwego handlu i pochodzi z Afryki Zachodniej, Peru i Republiki Dominika\u0144skiej.<\/p>\n<\/div>\n<div class=\"col-sm-6\">\n<p>Podstaw\u0105 wszystkich wyrob\u00f3w jest fasola Criollo. Jest to jedna z najwa\u017cniejszych i najbardziej wymagaj\u0105cych odmian szlachetnego kakao, kt\u00f3ra zapewnia wyj\u0105tkowo aromatyczny smak pitnej czekolady BecksCocoa.<\/p>\n<\/div>\n<\/div>\n<p>&nbsp;<\/p>\n<p>Dost\u0119pne w praktycznych, zamykanych puszkach o pojemno\u015bci 250 g i puszkach gastro o pojemno\u015bci 1500 g.<\/p>\n<p><a href=\"http:\/\/shop.cultcaffe.at\/wp-content\/uploads\/2017\/02\/Wie-bereite-ich-den-perfekten-Kakao-zu.pdf\" target=\"\" rel=\"noopener noreferrer\">Jak przygotowa\u0107 idealne kakao<\/a><\/p>","protected":false},"excerpt":{"rendered":"<p>Czekolada do picia Cacao Especial No. 4 Dominikana 60% Organic<\/p>","protected":false},"featured_media":14996,"template":"","meta":{"inline_featured_image":false},"product_brand":[],"product_cat":[205,211],"product_tag":[102,100,101,94,74,103,75],"class_list":{"0":"post-14001","1":"product","2":"type-product","3":"status-publish","4":"has-post-thumbnail","6":"product_cat-trinkschokolade","7":"product_cat-geschenkideen","8":"product_tag-becks","9":"product_tag-cacao","10":"product_tag-cocoa","11":"product_tag-cult-caffe","12":"product_tag-kakao","13":"product_tag-schokolade","14":"product_tag-trinkschokolade","16":"first","17":"instock","18":"taxable","19":"shipping-taxable","20":"purchasable","21":"product-type-variable"},"yoast_head":"<!-- This site is optimized with the Yoast SEO plugin v27.6 - https:\/\/yoast.com\/product\/yoast-seo-wordpress\/ -->\n<title>Becks Cocoa - Cacao Especial No. 4 Dom.Rep. 60% Bio - CultCaff\u00e9 - die Bio Kaffee R\u00f6sterei<\/title>\n<meta name=\"robots\" content=\"index, follow, max-snippet:-1, max-image-preview:large, max-video-preview:-1\" \/>\n<link rel=\"canonical\" href=\"https:\/\/www.cultcaffe.at\/pl\/produkt\/becks-cocoa-cacao-especial-no-6-dom-rep-60-organic\/\" \/>\n<meta property=\"og:locale\" content=\"pl_PL\" \/>\n<meta property=\"og:type\" content=\"article\" \/>\n<meta property=\"og:title\" content=\"Becks Cocoa - Cacao Especial No. 4 Dom.Rep. 60% Bio - CultCaff\u00e9 - die Bio Kaffee R\u00f6sterei\" \/>\n<meta property=\"og:description\" content=\"Trinkschokolade Cacao Especial No. 4 Dominikanische Republik 60% Bio\" \/>\n<meta property=\"og:url\" content=\"https:\/\/www.cultcaffe.at\/pl\/produkt\/becks-cocoa-cacao-especial-no-6-dom-rep-60-organic\/\" \/>\n<meta property=\"og:site_name\" content=\"CultCaff\u00e9 - die Bio Kaffee R\u00f6sterei\" \/>\n<meta property=\"article:publisher\" content=\"https:\/\/www.facebook.com\/p\/Cult-Caff%c3%a8-die-R%c3%b6sterei-100039719724703\/?locale=de_DE\" \/>\n<meta property=\"article:modified_time\" content=\"2026-02-18T16:27:26+00:00\" \/>\n<meta property=\"og:image\" content=\"https:\/\/www.cultcaffe.at\/wp-content\/uploads\/2024\/03\/CultCaffe-Trinkschokolade-special.jpg\" \/>\n\t<meta property=\"og:image:width\" content=\"2000\" \/>\n\t<meta property=\"og:image:height\" content=\"2000\" \/>\n\t<meta property=\"og:image:type\" content=\"image\/jpeg\" \/>\n<meta name=\"twitter:card\" content=\"summary_large_image\" \/>\n<meta name=\"twitter:label1\" content=\"Dost\u0119pno\u015b\u0107\" \/>\n\t<meta name=\"twitter:data1\" content=\"Dost\u0119pny\" \/>\n<script type=\"application\/ld+json\" class=\"yoast-schema-graph\">{\"@context\":\"https:\\\/\\\/schema.org\",\"@graph\":[{\"@type\":\"WebPage\",\"@id\":\"https:\\\/\\\/www.cultcaffe.at\\\/produkt\\\/becks-cocoa-cacao-especial-no-6-dom-rep-60-bio\\\/\",\"url\":\"https:\\\/\\\/www.cultcaffe.at\\\/produkt\\\/becks-cocoa-cacao-especial-no-6-dom-rep-60-bio\\\/\",\"name\":\"Becks Cocoa - Cacao Especial No. 4 Dom.Rep. 60% Bio - CultCaff\u00e9 - die Bio Kaffee R\u00f6sterei\",\"isPartOf\":{\"@id\":\"https:\\\/\\\/www.cultcaffe.at\\\/#website\"},\"primaryImageOfPage\":{\"@id\":\"https:\\\/\\\/www.cultcaffe.at\\\/produkt\\\/becks-cocoa-cacao-especial-no-6-dom-rep-60-bio\\\/#primaryimage\"},\"image\":{\"@id\":\"https:\\\/\\\/www.cultcaffe.at\\\/produkt\\\/becks-cocoa-cacao-especial-no-6-dom-rep-60-bio\\\/#primaryimage\"},\"thumbnailUrl\":\"https:\\\/\\\/www.cultcaffe.at\\\/wp-content\\\/uploads\\\/2024\\\/03\\\/CultCaffe-Trinkschokolade-special.jpg\",\"datePublished\":\"2024-03-06T19:00:21+00:00\",\"dateModified\":\"2026-02-18T16:27:26+00:00\",\"breadcrumb\":{\"@id\":\"https:\\\/\\\/www.cultcaffe.at\\\/produkt\\\/becks-cocoa-cacao-especial-no-6-dom-rep-60-bio\\\/#breadcrumb\"},\"inLanguage\":\"pl-PL\",\"potentialAction\":[{\"@type\":\"ReadAction\",\"target\":[\"https:\\\/\\\/www.cultcaffe.at\\\/produkt\\\/becks-cocoa-cacao-especial-no-6-dom-rep-60-bio\\\/\"]}]},{\"@type\":\"ImageObject\",\"inLanguage\":\"pl-PL\",\"@id\":\"https:\\\/\\\/www.cultcaffe.at\\\/produkt\\\/becks-cocoa-cacao-especial-no-6-dom-rep-60-bio\\\/#primaryimage\",\"url\":\"https:\\\/\\\/www.cultcaffe.at\\\/wp-content\\\/uploads\\\/2024\\\/03\\\/CultCaffe-Trinkschokolade-special.jpg\",\"contentUrl\":\"https:\\\/\\\/www.cultcaffe.at\\\/wp-content\\\/uploads\\\/2024\\\/03\\\/CultCaffe-Trinkschokolade-special.jpg\",\"width\":2000,\"height\":2000},{\"@type\":\"BreadcrumbList\",\"@id\":\"https:\\\/\\\/www.cultcaffe.at\\\/produkt\\\/becks-cocoa-cacao-especial-no-6-dom-rep-60-bio\\\/#breadcrumb\",\"itemListElement\":[{\"@type\":\"ListItem\",\"position\":1,\"name\":\"Startseite\",\"item\":\"https:\\\/\\\/www.cultcaffe.at\\\/\"},{\"@type\":\"ListItem\",\"position\":2,\"name\":\"Produkte\",\"item\":\"https:\\\/\\\/www.cultcaffe.at\\\/shop\\\/\"},{\"@type\":\"ListItem\",\"position\":3,\"name\":\"Becks Cocoa &#8211; Cacao Especial No. 4 Dom.Rep. 60% Bio\"}]},{\"@type\":\"WebSite\",\"@id\":\"https:\\\/\\\/www.cultcaffe.at\\\/#website\",\"url\":\"https:\\\/\\\/www.cultcaffe.at\\\/\",\"name\":\"CultCaff\u00e9 - die Bio Kaffee R\u00f6sterei\",\"description\":\"Liebe zum Kaffee\",\"publisher\":{\"@id\":\"https:\\\/\\\/www.cultcaffe.at\\\/#organization\"},\"potentialAction\":[{\"@type\":\"SearchAction\",\"target\":{\"@type\":\"EntryPoint\",\"urlTemplate\":\"https:\\\/\\\/www.cultcaffe.at\\\/?s={search_term_string}\"},\"query-input\":{\"@type\":\"PropertyValueSpecification\",\"valueRequired\":true,\"valueName\":\"search_term_string\"}}],\"inLanguage\":\"pl-PL\"},{\"@type\":[\"Organization\",\"Place\"],\"@id\":\"https:\\\/\\\/www.cultcaffe.at\\\/#organization\",\"name\":\"CultCaff\u00e9 Kaffeer\u00f6sterei GmbH\",\"alternateName\":\"CultCaff\u00e9\",\"url\":\"https:\\\/\\\/www.cultcaffe.at\\\/\",\"logo\":{\"@id\":\"https:\\\/\\\/www.cultcaffe.at\\\/produkt\\\/becks-cocoa-cacao-especial-no-6-dom-rep-60-bio\\\/#local-main-organization-logo\"},\"image\":{\"@id\":\"https:\\\/\\\/www.cultcaffe.at\\\/produkt\\\/becks-cocoa-cacao-especial-no-6-dom-rep-60-bio\\\/#local-main-organization-logo\"},\"sameAs\":[\"https:\\\/\\\/www.facebook.com\\\/p\\\/Cult-Caff\u00e8-die-R\u00f6sterei-100039719724703\\\/?locale=de_DE\",\"https:\\\/\\\/www.instagram.com\\\/cultcaffe.at\\\/\"],\"hasMerchantReturnPolicy\":{\"@type\":\"MerchantReturnPolicy\",\"merchantReturnLink\":\"https:\\\/\\\/www.cultcaffe.at\\\/pl\\\/agbs\\\/\"},\"telephone\":[],\"openingHoursSpecification\":[{\"@type\":\"OpeningHoursSpecification\",\"dayOfWeek\":[\"Monday\",\"Tuesday\",\"Wednesday\",\"Thursday\",\"Friday\",\"Saturday\",\"Sunday\"],\"opens\":\"09:00\",\"closes\":\"17:00\"}]},{\"@type\":\"ImageObject\",\"inLanguage\":\"pl-PL\",\"@id\":\"https:\\\/\\\/www.cultcaffe.at\\\/produkt\\\/becks-cocoa-cacao-especial-no-6-dom-rep-60-bio\\\/#local-main-organization-logo\",\"url\":\"https:\\\/\\\/www.cultcaffe.at\\\/wp-content\\\/uploads\\\/2023\\\/11\\\/cultcaffe_logo_regular_dark-1.svg\",\"contentUrl\":\"https:\\\/\\\/www.cultcaffe.at\\\/wp-content\\\/uploads\\\/2023\\\/11\\\/cultcaffe_logo_regular_dark-1.svg\",\"width\":756,\"height\":474,\"caption\":\"CultCaff\u00e9 Kaffeer\u00f6sterei GmbH\"}]}<\/script>\n<meta property=\"og:availability\" content=\"instock\" \/>\n<meta property=\"product:availability\" content=\"instock\" \/>\n<meta property=\"product:retailer_item_id\" content=\"4474\" \/>\n<meta property=\"product:condition\" content=\"new\" \/>\n<!-- \/ Yoast SEO plugin. -->","yoast_head_json":{"title":"Becks Cocoa - Cacao Especial No. 4 Dom.Rep. 60% Organic - CultCaff\u00e9 - organiczna palarnia kawy","robots":{"index":"index","follow":"follow","max-snippet":"max-snippet:-1","max-image-preview":"max-image-preview:large","max-video-preview":"max-video-preview:-1"},"canonical":"https:\/\/www.cultcaffe.at\/pl\/produkt\/becks-cocoa-cacao-especial-no-6-dom-rep-60-organic\/","og_locale":"pl_PL","og_type":"article","og_title":"Becks Cocoa - Cacao Especial No. 4 Dom.Rep. 60% Bio - CultCaff\u00e9 - die Bio Kaffee R\u00f6sterei","og_description":"Trinkschokolade Cacao Especial No. 4 Dominikanische Republik 60% Bio","og_url":"https:\/\/www.cultcaffe.at\/pl\/produkt\/becks-cocoa-cacao-especial-no-6-dom-rep-60-organic\/","og_site_name":"CultCaff\u00e9 - die Bio Kaffee R\u00f6sterei","article_publisher":"https:\/\/www.facebook.com\/p\/Cult-Caff%c3%a8-die-R%c3%b6sterei-100039719724703\/?locale=de_DE","article_modified_time":"2026-02-18T16:27:26+00:00","og_image":[{"width":2000,"height":2000,"url":"https:\/\/www.cultcaffe.at\/wp-content\/uploads\/2024\/03\/CultCaffe-Trinkschokolade-special.jpg","type":"image\/jpeg"}],"twitter_card":"summary_large_image","twitter_misc":{"Dost\u0119pno\u015b\u0107":"Dost\u0119pny"},"schema":{"@context":"https:\/\/schema.org","@graph":[{"@type":"WebPage","@id":"https:\/\/www.cultcaffe.at\/produkt\/becks-cocoa-cacao-especial-no-6-dom-rep-60-bio\/","url":"https:\/\/www.cultcaffe.at\/produkt\/becks-cocoa-cacao-especial-no-6-dom-rep-60-bio\/","name":"Becks Cocoa - Cacao Especial No. 4 Dom.Rep. 60% Organic - CultCaff\u00e9 - organiczna palarnia kawy","isPartOf":{"@id":"https:\/\/www.cultcaffe.at\/#website"},"primaryImageOfPage":{"@id":"https:\/\/www.cultcaffe.at\/produkt\/becks-cocoa-cacao-especial-no-6-dom-rep-60-bio\/#primaryimage"},"image":{"@id":"https:\/\/www.cultcaffe.at\/produkt\/becks-cocoa-cacao-especial-no-6-dom-rep-60-bio\/#primaryimage"},"thumbnailUrl":"https:\/\/www.cultcaffe.at\/wp-content\/uploads\/2024\/03\/CultCaffe-Trinkschokolade-special.jpg","datePublished":"2024-03-06T19:00:21+00:00","dateModified":"2026-02-18T16:27:26+00:00","breadcrumb":{"@id":"https:\/\/www.cultcaffe.at\/produkt\/becks-cocoa-cacao-especial-no-6-dom-rep-60-bio\/#breadcrumb"},"inLanguage":"pl-PL","potentialAction":[{"@type":"ReadAction","target":["https:\/\/www.cultcaffe.at\/produkt\/becks-cocoa-cacao-especial-no-6-dom-rep-60-bio\/"]}]},{"@type":"ImageObject","inLanguage":"pl-PL","@id":"https:\/\/www.cultcaffe.at\/produkt\/becks-cocoa-cacao-especial-no-6-dom-rep-60-bio\/#primaryimage","url":"https:\/\/www.cultcaffe.at\/wp-content\/uploads\/2024\/03\/CultCaffe-Trinkschokolade-special.jpg","contentUrl":"https:\/\/www.cultcaffe.at\/wp-content\/uploads\/2024\/03\/CultCaffe-Trinkschokolade-special.jpg","width":2000,"height":2000},{"@type":"BreadcrumbList","@id":"https:\/\/www.cultcaffe.at\/produkt\/becks-cocoa-cacao-especial-no-6-dom-rep-60-bio\/#breadcrumb","itemListElement":[{"@type":"ListItem","position":1,"name":"Startseite","item":"https:\/\/www.cultcaffe.at\/"},{"@type":"ListItem","position":2,"name":"Produkte","item":"https:\/\/www.cultcaffe.at\/shop\/"},{"@type":"ListItem","position":3,"name":"Becks Cocoa &#8211; Cacao Especial No. 4 Dom.Rep. 60% Bio"}]},{"@type":"WebSite","@id":"https:\/\/www.cultcaffe.at\/#website","url":"https:\/\/www.cultcaffe.at\/","name":"CultCaff\u00e9 \u2013 organiczna palarnia kawy","description":"Mi\u0142o\u015b\u0107 do kawy","publisher":{"@id":"https:\/\/www.cultcaffe.at\/#organization"},"potentialAction":[{"@type":"SearchAction","target":{"@type":"EntryPoint","urlTemplate":"https:\/\/www.cultcaffe.at\/?s={search_term_string}"},"query-input":{"@type":"PropertyValueSpecification","valueRequired":true,"valueName":"search_term_string"}}],"inLanguage":"pl-PL"},{"@type":["Organization","Place"],"@id":"https:\/\/www.cultcaffe.at\/#organization","name":"CultCaff\u00e9 Coffee Roastery GmbH","alternateName":"CultCaff\u00e9","url":"https:\/\/www.cultcaffe.at\/","logo":{"@id":"https:\/\/www.cultcaffe.at\/produkt\/becks-cocoa-cacao-especial-no-6-dom-rep-60-bio\/#local-main-organization-logo"},"image":{"@id":"https:\/\/www.cultcaffe.at\/produkt\/becks-cocoa-cacao-especial-no-6-dom-rep-60-bio\/#local-main-organization-logo"},"sameAs":["https:\/\/www.facebook.com\/p\/Cult-Caff\u00e8-die-R\u00f6sterei-100039719724703\/?locale=de_DE","https:\/\/www.instagram.com\/cultcaffe.at\/"],"hasMerchantReturnPolicy":{"@type":"MerchantReturnPolicy","merchantReturnLink":"https:\/\/www.cultcaffe.at\/pl\/agbs\/"},"telephone":[],"openingHoursSpecification":[{"@type":"OpeningHoursSpecification","dayOfWeek":["Monday","Tuesday","Wednesday","Thursday","Friday","Saturday","Sunday"],"opens":"09:00","closes":"17:00"}]},{"@type":"ImageObject","inLanguage":"pl-PL","@id":"https:\/\/www.cultcaffe.at\/produkt\/becks-cocoa-cacao-especial-no-6-dom-rep-60-bio\/#local-main-organization-logo","url":"https:\/\/www.cultcaffe.at\/wp-content\/uploads\/2023\/11\/cultcaffe_logo_regular_dark-1.svg","contentUrl":"https:\/\/www.cultcaffe.at\/wp-content\/uploads\/2023\/11\/cultcaffe_logo_regular_dark-1.svg","width":756,"height":474,"caption":"CultCaff\u00e9 Kaffeer\u00f6sterei GmbH"}]},"og_availability":"instock","product_availability":"instock","product_retailer_item_id":"4474","product_condition":"new"},"_links":{"self":[{"href":"https:\/\/www.cultcaffe.at\/pl\/wp-json\/wp\/v2\/product\/14001","targetHints":{"allow":["GET"]}}],"collection":[{"href":"https:\/\/www.cultcaffe.at\/pl\/wp-json\/wp\/v2\/product"}],"about":[{"href":"https:\/\/www.cultcaffe.at\/pl\/wp-json\/wp\/v2\/types\/product"}],"wp:featuredmedia":[{"embeddable":true,"href":"https:\/\/www.cultcaffe.at\/pl\/wp-json\/wp\/v2\/media\/14996"}],"wp:attachment":[{"href":"https:\/\/www.cultcaffe.at\/pl\/wp-json\/wp\/v2\/media?parent=14001"}],"wp:term":[{"taxonomy":"product_brand","embeddable":true,"href":"https:\/\/www.cultcaffe.at\/pl\/wp-json\/wp\/v2\/product_brand?post=14001"},{"taxonomy":"product_cat","embeddable":true,"href":"https:\/\/www.cultcaffe.at\/pl\/wp-json\/wp\/v2\/product_cat?post=14001"},{"taxonomy":"product_tag","embeddable":true,"href":"https:\/\/www.cultcaffe.at\/pl\/wp-json\/wp\/v2\/product_tag?post=14001"}],"curies":[{"name":"wp","href":"https:\/\/api.w.org\/{rel}","templated":true}]}}