{"id":14000,"date":"2024-03-06T20:00:21","date_gmt":"2024-03-06T19:00:21","guid":{"rendered":"https:\/\/www.cultcaffe.at\/?post_type=product&#038;p=14000"},"modified":"2026-01-21T15:30:13","modified_gmt":"2026-01-21T14:30:13","slug":"meksyk-pablo-e","status":"publish","type":"product","link":"https:\/\/www.cultcaffe.at\/pl\/produkt\/mexico-pablo-e\/","title":{"rendered":"Meksyk Pablo E."},"content":{"rendered":"<h3><strong>Meksyk Pablo E. \u2013 Delikatnie przyprawiona kawa z po\u0142udniowego Meksyku<\/strong><\/h3>\n<p>Ciesz si\u0119 niepowtarzalnym smakiem <strong>Kawy Arabica<\/strong> z ciep\u0142ego po\u0142udnia Meksyku. Ten <strong>fasola wysokiej jako\u015bci<\/strong> s\u0105 starannie przetwarzane, aby zapewni\u0107 <strong>zr\u00f3wnowa\u017cony aromat<\/strong> zagwarantowa\u0107.<br \/>\nArabiki z Meksyku s\u0105 delikatnie pikantne i zr\u00f3wnowa\u017cone. Meksyka\u0144ska kawa najlepiej ro\u015bnie w ciep\u0142ym po\u0142udniu kraju.<br \/>\nNiekt\u00f3re z najlepszych odmian pochodz\u0105 z regionu Chiapas. Po atlantyckiej stronie Chiapas, w regionach Jaltenago i Villa Corzo, drobni rolnicy uprawiaj\u0105 odmiany Arabica \u201eTipica\u201d i \u201eBourbon\u201d. Jest on rozdrabniany, myty i suszony r\u0119cznie na s\u0142o\u0144cu.<\/p>\n<h3>Charakterystyka:<\/h3>\n<ul>\n<li><strong>Delikatnie pikantny smak:<\/strong> Arabiki z Meksyku zachwycaj\u0105 wy\u015bmienit\u0105 ostro\u015bci\u0105, dzi\u0119ki kt\u00f3rej ka\u017cdy \u0142yk staje si\u0119 niezapomnianym prze\u017cyciem.<\/li>\n<li><strong>Zr\u00f3wnowa\u017cony aromat:<\/strong> Kawa Mexico Pablo E. zachwyca harmonijnym i zr\u00f3wnowa\u017conym aromatem, kt\u00f3ry doceni\u0105 mi\u0142o\u015bnicy kawy.<\/li>\n<li><strong>Pochodzenie: ciep\u0142e po\u0142udnie Meksyku:<\/strong> Ziarna pochodz\u0105 z nas\u0142onecznionego po\u0142udnia Meksyku, gdzie dojrzewaj\u0105 w idealnych warunkach.<\/li>\n<li><strong>Wysokiej jako\u015bci ziarna Arabica:<\/strong> Do produkcji tej kawy u\u017cywane s\u0105 wy\u0142\u0105cznie najlepsze ziarna Arabica, co gwarantuje najwy\u017csz\u0105 jako\u015b\u0107.<\/li>\n<li><strong>Idealne dla mi\u0142o\u015bnik\u00f3w kawy:<\/strong> Kawa Mexico Pablo E. to pozycja obowi\u0105zkowa dla ka\u017cdego, kto ceni sobie wy\u015bmienit\u0105 kaw\u0119 o zr\u00f3wnowa\u017conym smaku.<\/li>\n<\/ul>\n<p>Odkryj r\u00f3\u017cnorodno\u015b\u0107 i jako\u015b\u0107 meksyka\u0144skiej kawy z kaw\u0105 Mexico Pablo E. i rozpie\u015b\u0107 swoje podniebienie ka\u017cdym \u0142ykiem.<\/p>","protected":false},"excerpt":{"rendered":"<ul>\n<li class=\"bullet-checkmark\">Delikatnie pikantny smak, zr\u00f3wnowa\u017cony aromat<\/li>\n<li class=\"bullet-checkmark\">Idealne dla mi\u0142o\u015bnik\u00f3w kawy, kt\u00f3rzy lubi\u0105 co\u015b wyj\u0105tkowego<\/li>\n<\/ul>","protected":false},"featured_media":14966,"template":"","meta":{"inline_featured_image":false},"product_brand":[],"product_cat":[199],"product_tag":[63,61,60,91,92,84,59,62],"class_list":{"0":"post-14000","1":"product","2":"type-product","3":"status-publish","4":"has-post-thumbnail","6":"product_cat-kaffee","7":"product_tag-100-arabica","8":"product_tag-cultcaffe","9":"product_tag-espresso","10":"product_tag-filter","11":"product_tag-filterkaffee","12":"product_tag-french-press","13":"product_tag-kaffee","14":"product_tag-kaffeegenuss","16":"first","17":"instock","18":"taxable","19":"shipping-taxable","20":"purchasable","21":"product-type-variable","22":"has-default-attributes"},"yoast_head":"<!-- This site is optimized with the Yoast SEO plugin v27.5 - https:\/\/yoast.com\/product\/yoast-seo-wordpress\/ -->\n<title>Mexico Pablo E. - CultCaff\u00e9 - die Bio Kaffee R\u00f6sterei<\/title>\n<meta name=\"description\" content=\"Mischung: 100 % Arabica, Herkunft aus dem warmen S\u00fcden Mexikos | St\u00e4rke: 3 | Feinw\u00fcrziger Geschmack, ausgewogenes Aroma\" \/>\n<meta name=\"robots\" content=\"index, follow, max-snippet:-1, max-image-preview:large, max-video-preview:-1\" \/>\n<link rel=\"canonical\" href=\"https:\/\/www.cultcaffe.at\/pl\/produkt\/meksyk-pablo-e\/\" \/>\n<meta property=\"og:locale\" content=\"pl_PL\" \/>\n<meta property=\"og:type\" content=\"article\" \/>\n<meta property=\"og:title\" content=\"Mexico Pablo E. - CultCaff\u00e9 - die Bio Kaffee R\u00f6sterei\" \/>\n<meta property=\"og:description\" content=\"Mischung: 100 % Arabica, Herkunft aus dem warmen S\u00fcden Mexikos | St\u00e4rke: 3 | Feinw\u00fcrziger Geschmack, ausgewogenes Aroma\" \/>\n<meta property=\"og:url\" content=\"https:\/\/www.cultcaffe.at\/pl\/produkt\/meksyk-pablo-e\/\" \/>\n<meta property=\"og:site_name\" content=\"CultCaff\u00e9 - die Bio Kaffee R\u00f6sterei\" \/>\n<meta property=\"article:publisher\" content=\"https:\/\/www.facebook.com\/p\/Cult-Caff%c3%a8-die-R%c3%b6sterei-100039719724703\/?locale=de_DE\" \/>\n<meta property=\"article:modified_time\" content=\"2026-01-21T14:30:13+00:00\" \/>\n<meta property=\"og:image\" content=\"https:\/\/www.cultcaffe.at\/wp-content\/uploads\/2024\/03\/Cult-Caffe_Kaffee-Bohnen_Mexico-.jpg\" \/>\n\t<meta property=\"og:image:width\" content=\"2000\" \/>\n\t<meta property=\"og:image:height\" content=\"2000\" \/>\n\t<meta property=\"og:image:type\" content=\"image\/jpeg\" \/>\n<meta name=\"twitter:card\" content=\"summary_large_image\" \/>\n<meta name=\"twitter:label1\" content=\"Dost\u0119pno\u015b\u0107\" \/>\n\t<meta name=\"twitter:data1\" content=\"Dost\u0119pny\" \/>\n<script type=\"application\/ld+json\" class=\"yoast-schema-graph\">{\"@context\":\"https:\\\/\\\/schema.org\",\"@graph\":[{\"@type\":\"WebPage\",\"@id\":\"https:\\\/\\\/www.cultcaffe.at\\\/produkt\\\/mexico-pablo-e\\\/\",\"url\":\"https:\\\/\\\/www.cultcaffe.at\\\/produkt\\\/mexico-pablo-e\\\/\",\"name\":\"Mexico Pablo E. - CultCaff\u00e9 - die Bio Kaffee R\u00f6sterei\",\"isPartOf\":{\"@id\":\"https:\\\/\\\/www.cultcaffe.at\\\/#website\"},\"primaryImageOfPage\":{\"@id\":\"https:\\\/\\\/www.cultcaffe.at\\\/produkt\\\/mexico-pablo-e\\\/#primaryimage\"},\"image\":{\"@id\":\"https:\\\/\\\/www.cultcaffe.at\\\/produkt\\\/mexico-pablo-e\\\/#primaryimage\"},\"thumbnailUrl\":\"https:\\\/\\\/www.cultcaffe.at\\\/wp-content\\\/uploads\\\/2024\\\/03\\\/Cult-Caffe_Kaffee-Bohnen_Mexico-.jpg\",\"datePublished\":\"2024-03-06T19:00:21+00:00\",\"dateModified\":\"2026-01-21T14:30:13+00:00\",\"description\":\"Mischung: 100 % Arabica, Herkunft aus dem warmen S\u00fcden Mexikos | St\u00e4rke: 3 | Feinw\u00fcrziger Geschmack, ausgewogenes Aroma\",\"breadcrumb\":{\"@id\":\"https:\\\/\\\/www.cultcaffe.at\\\/produkt\\\/mexico-pablo-e\\\/#breadcrumb\"},\"inLanguage\":\"pl-PL\",\"potentialAction\":[{\"@type\":\"ReadAction\",\"target\":[\"https:\\\/\\\/www.cultcaffe.at\\\/produkt\\\/mexico-pablo-e\\\/\"]}]},{\"@type\":\"ImageObject\",\"inLanguage\":\"pl-PL\",\"@id\":\"https:\\\/\\\/www.cultcaffe.at\\\/produkt\\\/mexico-pablo-e\\\/#primaryimage\",\"url\":\"https:\\\/\\\/www.cultcaffe.at\\\/wp-content\\\/uploads\\\/2024\\\/03\\\/Cult-Caffe_Kaffee-Bohnen_Mexico-.jpg\",\"contentUrl\":\"https:\\\/\\\/www.cultcaffe.at\\\/wp-content\\\/uploads\\\/2024\\\/03\\\/Cult-Caffe_Kaffee-Bohnen_Mexico-.jpg\",\"width\":2000,\"height\":2000},{\"@type\":\"BreadcrumbList\",\"@id\":\"https:\\\/\\\/www.cultcaffe.at\\\/produkt\\\/mexico-pablo-e\\\/#breadcrumb\",\"itemListElement\":[{\"@type\":\"ListItem\",\"position\":1,\"name\":\"Startseite\",\"item\":\"https:\\\/\\\/www.cultcaffe.at\\\/\"},{\"@type\":\"ListItem\",\"position\":2,\"name\":\"Produkte\",\"item\":\"https:\\\/\\\/www.cultcaffe.at\\\/shop\\\/\"},{\"@type\":\"ListItem\",\"position\":3,\"name\":\"Mexico Pablo E.\"}]},{\"@type\":\"WebSite\",\"@id\":\"https:\\\/\\\/www.cultcaffe.at\\\/#website\",\"url\":\"https:\\\/\\\/www.cultcaffe.at\\\/\",\"name\":\"CultCaff\u00e9 - die Bio Kaffee R\u00f6sterei\",\"description\":\"Liebe zum Kaffee\",\"publisher\":{\"@id\":\"https:\\\/\\\/www.cultcaffe.at\\\/#organization\"},\"potentialAction\":[{\"@type\":\"SearchAction\",\"target\":{\"@type\":\"EntryPoint\",\"urlTemplate\":\"https:\\\/\\\/www.cultcaffe.at\\\/?s={search_term_string}\"},\"query-input\":{\"@type\":\"PropertyValueSpecification\",\"valueRequired\":true,\"valueName\":\"search_term_string\"}}],\"inLanguage\":\"pl-PL\"},{\"@type\":[\"Organization\",\"Place\"],\"@id\":\"https:\\\/\\\/www.cultcaffe.at\\\/#organization\",\"name\":\"CultCaff\u00e9 Kaffeer\u00f6sterei GmbH\",\"alternateName\":\"CultCaff\u00e9\",\"url\":\"https:\\\/\\\/www.cultcaffe.at\\\/\",\"logo\":{\"@id\":\"https:\\\/\\\/www.cultcaffe.at\\\/produkt\\\/mexico-pablo-e\\\/#local-main-organization-logo\"},\"image\":{\"@id\":\"https:\\\/\\\/www.cultcaffe.at\\\/produkt\\\/mexico-pablo-e\\\/#local-main-organization-logo\"},\"sameAs\":[\"https:\\\/\\\/www.facebook.com\\\/p\\\/Cult-Caff\u00e8-die-R\u00f6sterei-100039719724703\\\/?locale=de_DE\",\"https:\\\/\\\/www.instagram.com\\\/cultcaffe.at\\\/\"],\"hasMerchantReturnPolicy\":{\"@type\":\"MerchantReturnPolicy\",\"merchantReturnLink\":\"https:\\\/\\\/www.cultcaffe.at\\\/pl\\\/agbs\\\/\"},\"telephone\":[],\"openingHoursSpecification\":[{\"@type\":\"OpeningHoursSpecification\",\"dayOfWeek\":[\"Monday\",\"Tuesday\",\"Wednesday\",\"Thursday\",\"Friday\",\"Saturday\",\"Sunday\"],\"opens\":\"09:00\",\"closes\":\"17:00\"}]},{\"@type\":\"ImageObject\",\"inLanguage\":\"pl-PL\",\"@id\":\"https:\\\/\\\/www.cultcaffe.at\\\/produkt\\\/mexico-pablo-e\\\/#local-main-organization-logo\",\"url\":\"https:\\\/\\\/www.cultcaffe.at\\\/wp-content\\\/uploads\\\/2023\\\/11\\\/cultcaffe_logo_regular_dark-1.svg\",\"contentUrl\":\"https:\\\/\\\/www.cultcaffe.at\\\/wp-content\\\/uploads\\\/2023\\\/11\\\/cultcaffe_logo_regular_dark-1.svg\",\"width\":756,\"height\":474,\"caption\":\"CultCaff\u00e9 Kaffeer\u00f6sterei GmbH\"}]}<\/script>\n<meta property=\"og:availability\" content=\"instock\" \/>\n<meta property=\"product:availability\" content=\"instock\" \/>\n<meta property=\"product:condition\" content=\"new\" \/>\n<!-- \/ Yoast SEO plugin. -->","yoast_head_json":{"title":"Meksyk Pablo E. - CultCaff\u00e9 - organiczna palarnia kawy","description":"Mieszanka: 100% Arabica %, pochodz\u0105ca z ciep\u0142ego po\u0142udnia Meksyku | Moc: 3 | Delikatnie pikantny smak, zr\u00f3wnowa\u017cony aromat","robots":{"index":"index","follow":"follow","max-snippet":"max-snippet:-1","max-image-preview":"max-image-preview:large","max-video-preview":"max-video-preview:-1"},"canonical":"https:\/\/www.cultcaffe.at\/pl\/produkt\/meksyk-pablo-e\/","og_locale":"pl_PL","og_type":"article","og_title":"Mexico Pablo E. - CultCaff\u00e9 - die Bio Kaffee R\u00f6sterei","og_description":"Mischung: 100 % Arabica, Herkunft aus dem warmen S\u00fcden Mexikos | St\u00e4rke: 3 | Feinw\u00fcrziger Geschmack, ausgewogenes Aroma","og_url":"https:\/\/www.cultcaffe.at\/pl\/produkt\/meksyk-pablo-e\/","og_site_name":"CultCaff\u00e9 - die Bio Kaffee R\u00f6sterei","article_publisher":"https:\/\/www.facebook.com\/p\/Cult-Caff%c3%a8-die-R%c3%b6sterei-100039719724703\/?locale=de_DE","article_modified_time":"2026-01-21T14:30:13+00:00","og_image":[{"width":2000,"height":2000,"url":"https:\/\/www.cultcaffe.at\/wp-content\/uploads\/2024\/03\/Cult-Caffe_Kaffee-Bohnen_Mexico-.jpg","type":"image\/jpeg"}],"twitter_card":"summary_large_image","twitter_misc":{"Dost\u0119pno\u015b\u0107":"Dost\u0119pny"},"schema":{"@context":"https:\/\/schema.org","@graph":[{"@type":"WebPage","@id":"https:\/\/www.cultcaffe.at\/produkt\/mexico-pablo-e\/","url":"https:\/\/www.cultcaffe.at\/produkt\/mexico-pablo-e\/","name":"Meksyk Pablo E. - CultCaff\u00e9 - organiczna palarnia kawy","isPartOf":{"@id":"https:\/\/www.cultcaffe.at\/#website"},"primaryImageOfPage":{"@id":"https:\/\/www.cultcaffe.at\/produkt\/mexico-pablo-e\/#primaryimage"},"image":{"@id":"https:\/\/www.cultcaffe.at\/produkt\/mexico-pablo-e\/#primaryimage"},"thumbnailUrl":"https:\/\/www.cultcaffe.at\/wp-content\/uploads\/2024\/03\/Cult-Caffe_Kaffee-Bohnen_Mexico-.jpg","datePublished":"2024-03-06T19:00:21+00:00","dateModified":"2026-01-21T14:30:13+00:00","description":"Mieszanka: 100% Arabica %, pochodz\u0105ca z ciep\u0142ego po\u0142udnia Meksyku | Moc: 3 | Delikatnie pikantny smak, zr\u00f3wnowa\u017cony aromat","breadcrumb":{"@id":"https:\/\/www.cultcaffe.at\/produkt\/mexico-pablo-e\/#breadcrumb"},"inLanguage":"pl-PL","potentialAction":[{"@type":"ReadAction","target":["https:\/\/www.cultcaffe.at\/produkt\/mexico-pablo-e\/"]}]},{"@type":"ImageObject","inLanguage":"pl-PL","@id":"https:\/\/www.cultcaffe.at\/produkt\/mexico-pablo-e\/#primaryimage","url":"https:\/\/www.cultcaffe.at\/wp-content\/uploads\/2024\/03\/Cult-Caffe_Kaffee-Bohnen_Mexico-.jpg","contentUrl":"https:\/\/www.cultcaffe.at\/wp-content\/uploads\/2024\/03\/Cult-Caffe_Kaffee-Bohnen_Mexico-.jpg","width":2000,"height":2000},{"@type":"BreadcrumbList","@id":"https:\/\/www.cultcaffe.at\/produkt\/mexico-pablo-e\/#breadcrumb","itemListElement":[{"@type":"ListItem","position":1,"name":"Startseite","item":"https:\/\/www.cultcaffe.at\/"},{"@type":"ListItem","position":2,"name":"Produkte","item":"https:\/\/www.cultcaffe.at\/shop\/"},{"@type":"ListItem","position":3,"name":"Mexico Pablo E."}]},{"@type":"WebSite","@id":"https:\/\/www.cultcaffe.at\/#website","url":"https:\/\/www.cultcaffe.at\/","name":"CultCaff\u00e9 \u2013 organiczna palarnia kawy","description":"Mi\u0142o\u015b\u0107 do kawy","publisher":{"@id":"https:\/\/www.cultcaffe.at\/#organization"},"potentialAction":[{"@type":"SearchAction","target":{"@type":"EntryPoint","urlTemplate":"https:\/\/www.cultcaffe.at\/?s={search_term_string}"},"query-input":{"@type":"PropertyValueSpecification","valueRequired":true,"valueName":"search_term_string"}}],"inLanguage":"pl-PL"},{"@type":["Organization","Place"],"@id":"https:\/\/www.cultcaffe.at\/#organization","name":"CultCaff\u00e9 Coffee Roastery GmbH","alternateName":"CultCaff\u00e9","url":"https:\/\/www.cultcaffe.at\/","logo":{"@id":"https:\/\/www.cultcaffe.at\/produkt\/mexico-pablo-e\/#local-main-organization-logo"},"image":{"@id":"https:\/\/www.cultcaffe.at\/produkt\/mexico-pablo-e\/#local-main-organization-logo"},"sameAs":["https:\/\/www.facebook.com\/p\/Cult-Caff\u00e8-die-R\u00f6sterei-100039719724703\/?locale=de_DE","https:\/\/www.instagram.com\/cultcaffe.at\/"],"hasMerchantReturnPolicy":{"@type":"MerchantReturnPolicy","merchantReturnLink":"https:\/\/www.cultcaffe.at\/pl\/agbs\/"},"telephone":[],"openingHoursSpecification":[{"@type":"OpeningHoursSpecification","dayOfWeek":["Monday","Tuesday","Wednesday","Thursday","Friday","Saturday","Sunday"],"opens":"09:00","closes":"17:00"}]},{"@type":"ImageObject","inLanguage":"pl-PL","@id":"https:\/\/www.cultcaffe.at\/produkt\/mexico-pablo-e\/#local-main-organization-logo","url":"https:\/\/www.cultcaffe.at\/wp-content\/uploads\/2023\/11\/cultcaffe_logo_regular_dark-1.svg","contentUrl":"https:\/\/www.cultcaffe.at\/wp-content\/uploads\/2023\/11\/cultcaffe_logo_regular_dark-1.svg","width":756,"height":474,"caption":"CultCaff\u00e9 Kaffeer\u00f6sterei GmbH"}]},"og_availability":"instock","product_availability":"instock","product_condition":"new"},"_links":{"self":[{"href":"https:\/\/www.cultcaffe.at\/pl\/wp-json\/wp\/v2\/product\/14000","targetHints":{"allow":["GET"]}}],"collection":[{"href":"https:\/\/www.cultcaffe.at\/pl\/wp-json\/wp\/v2\/product"}],"about":[{"href":"https:\/\/www.cultcaffe.at\/pl\/wp-json\/wp\/v2\/types\/product"}],"wp:featuredmedia":[{"embeddable":true,"href":"https:\/\/www.cultcaffe.at\/pl\/wp-json\/wp\/v2\/media\/14966"}],"wp:attachment":[{"href":"https:\/\/www.cultcaffe.at\/pl\/wp-json\/wp\/v2\/media?parent=14000"}],"wp:term":[{"taxonomy":"product_brand","embeddable":true,"href":"https:\/\/www.cultcaffe.at\/pl\/wp-json\/wp\/v2\/product_brand?post=14000"},{"taxonomy":"product_cat","embeddable":true,"href":"https:\/\/www.cultcaffe.at\/pl\/wp-json\/wp\/v2\/product_cat?post=14000"},{"taxonomy":"product_tag","embeddable":true,"href":"https:\/\/www.cultcaffe.at\/pl\/wp-json\/wp\/v2\/product_tag?post=14000"}],"curies":[{"name":"wp","href":"https:\/\/api.w.org\/{rel}","templated":true}]}}