{"id":13874,"date":"2024-03-06T19:59:33","date_gmt":"2024-03-06T18:59:33","guid":{"rendered":"https:\/\/www.cultcaffe.at\/?post_type=product&#038;p=13874"},"modified":"2026-01-21T15:11:15","modified_gmt":"2026-01-21T14:11:15","slug":"espresso-nobile","status":"publish","type":"product","link":"https:\/\/www.cultcaffe.at\/pl\/produkt\/espresso-nobile\/","title":{"rendered":"Espresso szlachetne"},"content":{"rendered":"<h3>Espresso Nobile \u2013 Najwy\u017csza przyjemno\u015b\u0107<\/h3>\n<p>Nasz <strong>Espresso szlachetne<\/strong> to doskonale zr\u00f3wnowa\u017cona mieszanka najlepszych ziaren Arabiki z Ameryki Po\u0142udniowej i \u015arodkowej, kt\u00f3ra <strong>intensywny aromat<\/strong> i <strong>pe\u0142ny smak<\/strong> gwarancja. Idealny do przygotowywania wy\u015bmienitego espresso, dla mi\u0142o\u015bnik\u00f3w delikatnej kwasowo\u015bci i owocowego aromatu.<\/p>\n<p>Elegancki aromat, doskona\u0142a crema, pe\u0142ny smak.<\/p>\n<p>Bardzo \u0142atwa do strawienia mieszanka najlepszych ziaren, wolna od substancji dra\u017cni\u0105cych dzi\u0119ki d\u0142u\u017cszemu czasowi palenia, szczeg\u00f3lnie dobrze tolerowana w po\u0142\u0105czeniu z pe\u0142n\u0105 kofein\u0105.<\/p>\n<h3>Odrobina luksusu w ka\u017cdej fili\u017cance<\/h3>\n<p>Do\u015bwiadczenie z naszym <strong>Espresso szlachetne<\/strong> A <strong>Odrobina luksusu<\/strong> w ka\u017cdej fili\u017cance. Rozkoszuj si\u0119 niezr\u00f3wnanym smakiem i wyj\u0105tkowym aromatem tej doskona\u0142ej kawy, kt\u00f3ra oczaruje Twoje zmys\u0142y. Podaruj sobie chwil\u0119 relaksu <strong>Elitaryzm<\/strong> i ciesz si\u0119 <strong>doskona\u0142o\u015b\u0107<\/strong> w ka\u017cdej fili\u017cance.<\/p>","protected":false},"excerpt":{"rendered":"<ul>\n<li class=\"bullet-checkmark\">Idealny do: Espresso, Cappuccino, Latte Macchiato<\/li>\n<li class=\"bullet-checkmark\">Intensywny aromat i pe\u0142ny smak<\/li>\n<li class=\"bullet-checkmark\">Ciesz si\u0119 odrobin\u0105 luksusu w ka\u017cdej fili\u017cance<\/li>\n<\/ul>","protected":false},"featured_media":14963,"template":"","meta":{"inline_featured_image":false},"product_brand":[],"product_cat":[199],"product_tag":[61,60,59,62],"class_list":{"0":"post-13874","1":"product","2":"type-product","3":"status-publish","4":"has-post-thumbnail","6":"product_cat-kaffee","7":"product_tag-cultcaffe","8":"product_tag-espresso","9":"product_tag-kaffee","10":"product_tag-kaffeegenuss","12":"first","13":"instock","14":"taxable","15":"shipping-taxable","16":"purchasable","17":"product-type-variable","18":"has-default-attributes"},"yoast_head":"<!-- This site is optimized with the Yoast SEO plugin v27.5 - https:\/\/yoast.com\/product\/yoast-seo-wordpress\/ -->\n<title>Espresso Nobile - CultCaff\u00e9 - die Bio Kaffee R\u00f6sterei<\/title>\n<meta name=\"description\" content=\"Mischung: 100% Arabica | St\u00e4rke: 3 | Intensives Aroma und vollmundiger Geschmack | Genie\u00dfen Sie einen Hauch von Luxus in jeder Tasse\" \/>\n<meta name=\"robots\" content=\"index, follow, max-snippet:-1, max-image-preview:large, max-video-preview:-1\" \/>\n<link rel=\"canonical\" href=\"https:\/\/www.cultcaffe.at\/pl\/produkt\/espresso-nobile\/\" \/>\n<meta property=\"og:locale\" content=\"pl_PL\" \/>\n<meta property=\"og:type\" content=\"article\" \/>\n<meta property=\"og:title\" content=\"Espresso Nobile - CultCaff\u00e9 - die Bio Kaffee R\u00f6sterei\" \/>\n<meta property=\"og:description\" content=\"Mischung: 100% Arabica | St\u00e4rke: 3 | Intensives Aroma und vollmundiger Geschmack | Genie\u00dfen Sie einen Hauch von Luxus in jeder Tasse\" \/>\n<meta property=\"og:url\" content=\"https:\/\/www.cultcaffe.at\/pl\/produkt\/espresso-nobile\/\" \/>\n<meta property=\"og:site_name\" content=\"CultCaff\u00e9 - die Bio Kaffee R\u00f6sterei\" \/>\n<meta property=\"article:publisher\" content=\"https:\/\/www.facebook.com\/p\/Cult-Caff%c3%a8-die-R%c3%b6sterei-100039719724703\/?locale=de_DE\" \/>\n<meta property=\"article:modified_time\" content=\"2026-01-21T14:11:15+00:00\" \/>\n<meta property=\"og:image\" content=\"https:\/\/www.cultcaffe.at\/wp-content\/uploads\/2024\/04\/Cult-Caffe_Kaffee-Bohnen_Nobile.jpg\" \/>\n\t<meta property=\"og:image:width\" content=\"2000\" \/>\n\t<meta property=\"og:image:height\" content=\"2000\" \/>\n\t<meta property=\"og:image:type\" content=\"image\/jpeg\" \/>\n<meta name=\"twitter:card\" content=\"summary_large_image\" \/>\n<meta name=\"twitter:label1\" content=\"Dost\u0119pno\u015b\u0107\" \/>\n\t<meta name=\"twitter:data1\" content=\"Dost\u0119pny\" \/>\n<script type=\"application\/ld+json\" class=\"yoast-schema-graph\">{\"@context\":\"https:\\\/\\\/schema.org\",\"@graph\":[{\"@type\":\"WebPage\",\"@id\":\"https:\\\/\\\/www.cultcaffe.at\\\/produkt\\\/espresso-nobile\\\/\",\"url\":\"https:\\\/\\\/www.cultcaffe.at\\\/produkt\\\/espresso-nobile\\\/\",\"name\":\"Espresso Nobile - CultCaff\u00e9 - die Bio Kaffee R\u00f6sterei\",\"isPartOf\":{\"@id\":\"https:\\\/\\\/www.cultcaffe.at\\\/#website\"},\"primaryImageOfPage\":{\"@id\":\"https:\\\/\\\/www.cultcaffe.at\\\/produkt\\\/espresso-nobile\\\/#primaryimage\"},\"image\":{\"@id\":\"https:\\\/\\\/www.cultcaffe.at\\\/produkt\\\/espresso-nobile\\\/#primaryimage\"},\"thumbnailUrl\":\"https:\\\/\\\/www.cultcaffe.at\\\/wp-content\\\/uploads\\\/2024\\\/04\\\/Cult-Caffe_Kaffee-Bohnen_Nobile.jpg\",\"datePublished\":\"2024-03-06T18:59:33+00:00\",\"dateModified\":\"2026-01-21T14:11:15+00:00\",\"description\":\"Mischung: 100% Arabica | St\u00e4rke: 3 | Intensives Aroma und vollmundiger Geschmack | Genie\u00dfen Sie einen Hauch von Luxus in jeder Tasse\",\"breadcrumb\":{\"@id\":\"https:\\\/\\\/www.cultcaffe.at\\\/produkt\\\/espresso-nobile\\\/#breadcrumb\"},\"inLanguage\":\"pl-PL\",\"potentialAction\":[{\"@type\":\"ReadAction\",\"target\":[\"https:\\\/\\\/www.cultcaffe.at\\\/produkt\\\/espresso-nobile\\\/\"]}]},{\"@type\":\"ImageObject\",\"inLanguage\":\"pl-PL\",\"@id\":\"https:\\\/\\\/www.cultcaffe.at\\\/produkt\\\/espresso-nobile\\\/#primaryimage\",\"url\":\"https:\\\/\\\/www.cultcaffe.at\\\/wp-content\\\/uploads\\\/2024\\\/04\\\/Cult-Caffe_Kaffee-Bohnen_Nobile.jpg\",\"contentUrl\":\"https:\\\/\\\/www.cultcaffe.at\\\/wp-content\\\/uploads\\\/2024\\\/04\\\/Cult-Caffe_Kaffee-Bohnen_Nobile.jpg\",\"width\":2000,\"height\":2000},{\"@type\":\"BreadcrumbList\",\"@id\":\"https:\\\/\\\/www.cultcaffe.at\\\/produkt\\\/espresso-nobile\\\/#breadcrumb\",\"itemListElement\":[{\"@type\":\"ListItem\",\"position\":1,\"name\":\"Startseite\",\"item\":\"https:\\\/\\\/www.cultcaffe.at\\\/\"},{\"@type\":\"ListItem\",\"position\":2,\"name\":\"Produkte\",\"item\":\"https:\\\/\\\/www.cultcaffe.at\\\/shop\\\/\"},{\"@type\":\"ListItem\",\"position\":3,\"name\":\"Espresso Nobile\"}]},{\"@type\":\"WebSite\",\"@id\":\"https:\\\/\\\/www.cultcaffe.at\\\/#website\",\"url\":\"https:\\\/\\\/www.cultcaffe.at\\\/\",\"name\":\"CultCaff\u00e9 - die Bio Kaffee R\u00f6sterei\",\"description\":\"Liebe zum Kaffee\",\"publisher\":{\"@id\":\"https:\\\/\\\/www.cultcaffe.at\\\/#organization\"},\"potentialAction\":[{\"@type\":\"SearchAction\",\"target\":{\"@type\":\"EntryPoint\",\"urlTemplate\":\"https:\\\/\\\/www.cultcaffe.at\\\/?s={search_term_string}\"},\"query-input\":{\"@type\":\"PropertyValueSpecification\",\"valueRequired\":true,\"valueName\":\"search_term_string\"}}],\"inLanguage\":\"pl-PL\"},{\"@type\":[\"Organization\",\"Place\"],\"@id\":\"https:\\\/\\\/www.cultcaffe.at\\\/#organization\",\"name\":\"CultCaff\u00e9 Kaffeer\u00f6sterei GmbH\",\"alternateName\":\"CultCaff\u00e9\",\"url\":\"https:\\\/\\\/www.cultcaffe.at\\\/\",\"logo\":{\"@id\":\"https:\\\/\\\/www.cultcaffe.at\\\/produkt\\\/espresso-nobile\\\/#local-main-organization-logo\"},\"image\":{\"@id\":\"https:\\\/\\\/www.cultcaffe.at\\\/produkt\\\/espresso-nobile\\\/#local-main-organization-logo\"},\"sameAs\":[\"https:\\\/\\\/www.facebook.com\\\/p\\\/Cult-Caff\u00e8-die-R\u00f6sterei-100039719724703\\\/?locale=de_DE\",\"https:\\\/\\\/www.instagram.com\\\/cultcaffe.at\\\/\"],\"hasMerchantReturnPolicy\":{\"@type\":\"MerchantReturnPolicy\",\"merchantReturnLink\":\"https:\\\/\\\/www.cultcaffe.at\\\/pl\\\/agbs\\\/\"},\"telephone\":[],\"openingHoursSpecification\":[{\"@type\":\"OpeningHoursSpecification\",\"dayOfWeek\":[\"Monday\",\"Tuesday\",\"Wednesday\",\"Thursday\",\"Friday\",\"Saturday\",\"Sunday\"],\"opens\":\"09:00\",\"closes\":\"17:00\"}]},{\"@type\":\"ImageObject\",\"inLanguage\":\"pl-PL\",\"@id\":\"https:\\\/\\\/www.cultcaffe.at\\\/produkt\\\/espresso-nobile\\\/#local-main-organization-logo\",\"url\":\"https:\\\/\\\/www.cultcaffe.at\\\/wp-content\\\/uploads\\\/2023\\\/11\\\/cultcaffe_logo_regular_dark-1.svg\",\"contentUrl\":\"https:\\\/\\\/www.cultcaffe.at\\\/wp-content\\\/uploads\\\/2023\\\/11\\\/cultcaffe_logo_regular_dark-1.svg\",\"width\":756,\"height\":474,\"caption\":\"CultCaff\u00e9 Kaffeer\u00f6sterei GmbH\"}]}<\/script>\n<meta property=\"og:availability\" content=\"instock\" \/>\n<meta property=\"product:availability\" content=\"instock\" \/>\n<meta property=\"product:condition\" content=\"new\" \/>\n<!-- \/ Yoast SEO plugin. -->","yoast_head_json":{"title":"Espresso Nobile - CultCaff\u00e9 - organiczna palarnia kawy","description":"Mieszanka: Arabica 100% | Moc: 3 | Intensywny aromat i pe\u0142ny smak | Ciesz si\u0119 odrobin\u0105 luksusu w ka\u017cdej fili\u017cance","robots":{"index":"index","follow":"follow","max-snippet":"max-snippet:-1","max-image-preview":"max-image-preview:large","max-video-preview":"max-video-preview:-1"},"canonical":"https:\/\/www.cultcaffe.at\/pl\/produkt\/espresso-nobile\/","og_locale":"pl_PL","og_type":"article","og_title":"Espresso Nobile - CultCaff\u00e9 - die Bio Kaffee R\u00f6sterei","og_description":"Mischung: 100% Arabica | St\u00e4rke: 3 | Intensives Aroma und vollmundiger Geschmack | Genie\u00dfen Sie einen Hauch von Luxus in jeder Tasse","og_url":"https:\/\/www.cultcaffe.at\/pl\/produkt\/espresso-nobile\/","og_site_name":"CultCaff\u00e9 - die Bio Kaffee R\u00f6sterei","article_publisher":"https:\/\/www.facebook.com\/p\/Cult-Caff%c3%a8-die-R%c3%b6sterei-100039719724703\/?locale=de_DE","article_modified_time":"2026-01-21T14:11:15+00:00","og_image":[{"width":2000,"height":2000,"url":"https:\/\/www.cultcaffe.at\/wp-content\/uploads\/2024\/04\/Cult-Caffe_Kaffee-Bohnen_Nobile.jpg","type":"image\/jpeg"}],"twitter_card":"summary_large_image","twitter_misc":{"Dost\u0119pno\u015b\u0107":"Dost\u0119pny"},"schema":{"@context":"https:\/\/schema.org","@graph":[{"@type":"WebPage","@id":"https:\/\/www.cultcaffe.at\/produkt\/espresso-nobile\/","url":"https:\/\/www.cultcaffe.at\/produkt\/espresso-nobile\/","name":"Espresso Nobile - CultCaff\u00e9 - organiczna palarnia kawy","isPartOf":{"@id":"https:\/\/www.cultcaffe.at\/#website"},"primaryImageOfPage":{"@id":"https:\/\/www.cultcaffe.at\/produkt\/espresso-nobile\/#primaryimage"},"image":{"@id":"https:\/\/www.cultcaffe.at\/produkt\/espresso-nobile\/#primaryimage"},"thumbnailUrl":"https:\/\/www.cultcaffe.at\/wp-content\/uploads\/2024\/04\/Cult-Caffe_Kaffee-Bohnen_Nobile.jpg","datePublished":"2024-03-06T18:59:33+00:00","dateModified":"2026-01-21T14:11:15+00:00","description":"Mieszanka: Arabica 100% | Moc: 3 | Intensywny aromat i pe\u0142ny smak | Ciesz si\u0119 odrobin\u0105 luksusu w ka\u017cdej fili\u017cance","breadcrumb":{"@id":"https:\/\/www.cultcaffe.at\/produkt\/espresso-nobile\/#breadcrumb"},"inLanguage":"pl-PL","potentialAction":[{"@type":"ReadAction","target":["https:\/\/www.cultcaffe.at\/produkt\/espresso-nobile\/"]}]},{"@type":"ImageObject","inLanguage":"pl-PL","@id":"https:\/\/www.cultcaffe.at\/produkt\/espresso-nobile\/#primaryimage","url":"https:\/\/www.cultcaffe.at\/wp-content\/uploads\/2024\/04\/Cult-Caffe_Kaffee-Bohnen_Nobile.jpg","contentUrl":"https:\/\/www.cultcaffe.at\/wp-content\/uploads\/2024\/04\/Cult-Caffe_Kaffee-Bohnen_Nobile.jpg","width":2000,"height":2000},{"@type":"BreadcrumbList","@id":"https:\/\/www.cultcaffe.at\/produkt\/espresso-nobile\/#breadcrumb","itemListElement":[{"@type":"ListItem","position":1,"name":"Startseite","item":"https:\/\/www.cultcaffe.at\/"},{"@type":"ListItem","position":2,"name":"Produkte","item":"https:\/\/www.cultcaffe.at\/shop\/"},{"@type":"ListItem","position":3,"name":"Espresso Nobile"}]},{"@type":"WebSite","@id":"https:\/\/www.cultcaffe.at\/#website","url":"https:\/\/www.cultcaffe.at\/","name":"CultCaff\u00e9 \u2013 organiczna palarnia kawy","description":"Mi\u0142o\u015b\u0107 do kawy","publisher":{"@id":"https:\/\/www.cultcaffe.at\/#organization"},"potentialAction":[{"@type":"SearchAction","target":{"@type":"EntryPoint","urlTemplate":"https:\/\/www.cultcaffe.at\/?s={search_term_string}"},"query-input":{"@type":"PropertyValueSpecification","valueRequired":true,"valueName":"search_term_string"}}],"inLanguage":"pl-PL"},{"@type":["Organization","Place"],"@id":"https:\/\/www.cultcaffe.at\/#organization","name":"CultCaff\u00e9 Coffee Roastery GmbH","alternateName":"CultCaff\u00e9","url":"https:\/\/www.cultcaffe.at\/","logo":{"@id":"https:\/\/www.cultcaffe.at\/produkt\/espresso-nobile\/#local-main-organization-logo"},"image":{"@id":"https:\/\/www.cultcaffe.at\/produkt\/espresso-nobile\/#local-main-organization-logo"},"sameAs":["https:\/\/www.facebook.com\/p\/Cult-Caff\u00e8-die-R\u00f6sterei-100039719724703\/?locale=de_DE","https:\/\/www.instagram.com\/cultcaffe.at\/"],"hasMerchantReturnPolicy":{"@type":"MerchantReturnPolicy","merchantReturnLink":"https:\/\/www.cultcaffe.at\/pl\/agbs\/"},"telephone":[],"openingHoursSpecification":[{"@type":"OpeningHoursSpecification","dayOfWeek":["Monday","Tuesday","Wednesday","Thursday","Friday","Saturday","Sunday"],"opens":"09:00","closes":"17:00"}]},{"@type":"ImageObject","inLanguage":"pl-PL","@id":"https:\/\/www.cultcaffe.at\/produkt\/espresso-nobile\/#local-main-organization-logo","url":"https:\/\/www.cultcaffe.at\/wp-content\/uploads\/2023\/11\/cultcaffe_logo_regular_dark-1.svg","contentUrl":"https:\/\/www.cultcaffe.at\/wp-content\/uploads\/2023\/11\/cultcaffe_logo_regular_dark-1.svg","width":756,"height":474,"caption":"CultCaff\u00e9 Kaffeer\u00f6sterei GmbH"}]},"og_availability":"instock","product_availability":"instock","product_condition":"new"},"_links":{"self":[{"href":"https:\/\/www.cultcaffe.at\/pl\/wp-json\/wp\/v2\/product\/13874","targetHints":{"allow":["GET"]}}],"collection":[{"href":"https:\/\/www.cultcaffe.at\/pl\/wp-json\/wp\/v2\/product"}],"about":[{"href":"https:\/\/www.cultcaffe.at\/pl\/wp-json\/wp\/v2\/types\/product"}],"wp:featuredmedia":[{"embeddable":true,"href":"https:\/\/www.cultcaffe.at\/pl\/wp-json\/wp\/v2\/media\/14963"}],"wp:attachment":[{"href":"https:\/\/www.cultcaffe.at\/pl\/wp-json\/wp\/v2\/media?parent=13874"}],"wp:term":[{"taxonomy":"product_brand","embeddable":true,"href":"https:\/\/www.cultcaffe.at\/pl\/wp-json\/wp\/v2\/product_brand?post=13874"},{"taxonomy":"product_cat","embeddable":true,"href":"https:\/\/www.cultcaffe.at\/pl\/wp-json\/wp\/v2\/product_cat?post=13874"},{"taxonomy":"product_tag","embeddable":true,"href":"https:\/\/www.cultcaffe.at\/pl\/wp-json\/wp\/v2\/product_tag?post=13874"}],"curies":[{"name":"wp","href":"https:\/\/api.w.org\/{rel}","templated":true}]}}