{"id":13868,"date":"2024-02-19T11:31:11","date_gmt":"2024-02-19T10:31:11","guid":{"rendered":"https:\/\/www.cultcaffe.at\/?post_type=product&#038;p=13868"},"modified":"2026-01-21T15:41:22","modified_gmt":"2026-01-21T14:41:22","slug":"opakowanie-gourmet-solidne-3-x-500g","status":"publish","type":"product","link":"https:\/\/www.cultcaffe.at\/pl\/produkt\/gourmet-paket-kraeftig-3-x-500g\/","title":{"rendered":"Opakowanie Gourmet \u201emocne\u201d 3 x 500g"},"content":{"rendered":"<h3>Prawdziwa pot\u0119ga! \u2013 3 nasze mieszanki Robusty w opakowaniu gourmet<\/h3>\n<p>Pakiet gourmet \u201esilny\u201d oferuje <strong>trzy r\u00f3\u017cne mocne rodzaje kawy, ka\u017cda o wadze 500 g<\/strong>kt\u00f3ra zachwyci nawet najbardziej wymagaj\u0105cych koneser\u00f3w.<br \/>\nKa\u017cda odmiana o sprawdzonej jako\u015bci, palona z dba\u0142o\u015bci\u0105 i przekonuj\u0105ca swoim <strong>najwy\u017csza jako\u015b\u0107 gourmet<\/strong>.<\/p>\n<h3>Intensywne doznania zapachowe<\/h3>\n<p>Ziarna kawy by\u0142y <strong>idealnie upieczony<\/strong>do <strong>intensywne doznania zapachowe<\/strong> zagwarantowa\u0107.<br \/>\nKa\u017cda fili\u017canka to gwarancja niepowtarzalnej chwili przyjemno\u015bci dla mi\u0142o\u015bnik\u00f3w kawy, kt\u00f3rzy wol\u0105 j\u0105 mocn\u0105 i pe\u0142n\u0105.<\/p>\n<h3>Idealny prezent<\/h3>\n<p>Dzi\u0119ki wysokiej jako\u015bci opakowaniu, <strong>\u015awie\u017co\u015b\u0107<\/strong> odmiany kawy zachowuj\u0105 \u015bwie\u017co\u015b\u0107 przez d\u0142ugi czas.<br \/>\nPakiet gourmet \u201esilny\u201d jest wi\u0119c odpowiedni <strong>idealny na prezent<\/strong> dla przyjaci\u00f3\u0142 i rodziny, kt\u00f3rzy ceni\u0105 sobie wysokiej jako\u015bci, mocn\u0105 kaw\u0119.<\/p>","protected":false},"excerpt":{"rendered":"<ul>\n<li style=\"list-style-type: none;\">\n<ul>\n<li class=\"bullet-checkmark\">Trzy r\u00f3\u017cne rodzaje mocnej kawy, ka\u017cda o wadze 500 g<\/li>\n<li class=\"bullet-checkmark\"><a href=\"https:\/\/www.cultcaffe.at\/pl\/produkt\/barista-espresso\/\">1 x 500g Barista (83% Arabica \/ 17% Robusta)<\/a><br \/>\n<a href=\"https:\/\/www.cultcaffe.at\/pl\/produkt\/neapol\/\">1 x 500g Napoli (50% Arabica \/ 50% Robusta)<\/a><br \/>\n<a href=\"https:\/\/www.cultcaffe.at\/pl\/produkt\/neron\/\">1 x 500g Nero (100% Robusta)<\/a><\/li>\n<li class=\"bullet-checkmark\">Najwy\u017csza jako\u015b\u0107 dla smakoszy, dla wymagaj\u0105cych koneser\u00f3w<\/li>\n<li class=\"bullet-checkmark\">Idealnie palone, by zapewni\u0107 intensywne doznania aromatyczne<\/li>\n<li class=\"bullet-checkmark\">Idealny jako prezent dla mi\u0142o\u015bnik\u00f3w kawy<\/li>\n<li class=\"bullet-checkmark\">Wysokiej jako\u015bci opakowanie zapewniaj\u0105ce d\u0142ugotrwa\u0142\u0105 \u015bwie\u017co\u015b\u0107<\/li>\n<\/ul>\n<\/li>\n<\/ul>\n<p>Wszystko w sprawdzonej jako\u015bci \u2013 palone delikatnie i z trosk\u0105 o Ciebie.<\/p>","protected":false},"featured_media":14972,"template":"","meta":{"inline_featured_image":false},"product_brand":[],"product_cat":[199,211],"product_tag":[61,60,59,62],"class_list":{"0":"post-13868","1":"product","2":"type-product","3":"status-publish","4":"has-post-thumbnail","6":"product_cat-kaffee","7":"product_cat-geschenkideen","8":"product_tag-cultcaffe","9":"product_tag-espresso","10":"product_tag-kaffee","11":"product_tag-kaffeegenuss","13":"first","14":"instock","15":"taxable","16":"shipping-taxable","17":"purchasable","18":"product-type-simple"},"yoast_head":"<!-- This site is optimized with the Yoast SEO plugin v27.3 - https:\/\/yoast.com\/product\/yoast-seo-wordpress\/ -->\n<title>Gourmet-Paket &quot;kr\u00e4ftig&quot; 3 x 500g - CultCaff\u00e9 - die Bio Kaffee R\u00f6sterei<\/title>\n<meta name=\"description\" content=\"Feinste Gourmetqualit\u00e4t f\u00fcr anspruchsvolle Genie\u00dfer | Perfekt ger\u00f6stet f\u00fcr ein intensives Aromaerlebnis | Ideal als Geschenk f\u00fcr Kaffeeliebhaber\" \/>\n<meta name=\"robots\" content=\"index, follow, max-snippet:-1, max-image-preview:large, max-video-preview:-1\" \/>\n<link rel=\"canonical\" href=\"https:\/\/www.cultcaffe.at\/pl\/produkt\/opakowanie-gourmet-solidne-3-x-500g\/\" \/>\n<meta property=\"og:locale\" content=\"pl_PL\" \/>\n<meta property=\"og:type\" content=\"article\" \/>\n<meta property=\"og:title\" content=\"Gourmet-Paket &quot;kr\u00e4ftig&quot; 3 x 500g - CultCaff\u00e9 - die Bio Kaffee R\u00f6sterei\" \/>\n<meta property=\"og:description\" content=\"Feinste Gourmetqualit\u00e4t f\u00fcr anspruchsvolle Genie\u00dfer | Perfekt ger\u00f6stet f\u00fcr ein intensives Aromaerlebnis | Ideal als Geschenk f\u00fcr Kaffeeliebhaber\" \/>\n<meta property=\"og:url\" content=\"https:\/\/www.cultcaffe.at\/pl\/produkt\/opakowanie-gourmet-solidne-3-x-500g\/\" \/>\n<meta property=\"og:site_name\" content=\"CultCaff\u00e9 - die Bio Kaffee R\u00f6sterei\" \/>\n<meta property=\"article:publisher\" content=\"https:\/\/www.facebook.com\/p\/Cult-Caff%c3%a8-die-R%c3%b6sterei-100039719724703\/?locale=de_DE\" \/>\n<meta property=\"article:modified_time\" content=\"2026-01-21T14:41:22+00:00\" \/>\n<meta property=\"og:image\" content=\"https:\/\/www.cultcaffe.at\/wp-content\/uploads\/2024\/02\/Cult-Caffe_Kaffee-Bohnen_Gourmet-Paket-kraeftig.jpg\" \/>\n\t<meta property=\"og:image:width\" content=\"2000\" \/>\n\t<meta property=\"og:image:height\" content=\"2000\" \/>\n\t<meta property=\"og:image:type\" content=\"image\/jpeg\" \/>\n<meta name=\"twitter:card\" content=\"summary_large_image\" \/>\n<meta name=\"twitter:label1\" content=\"Cena\" \/>\n\t<meta name=\"twitter:data1\" content=\"&euro;&nbsp;54,00\" \/>\n\t<meta name=\"twitter:label2\" content=\"Dost\u0119pno\u015b\u0107\" \/>\n\t<meta name=\"twitter:data2\" content=\"Dost\u0119pny\" \/>\n<script type=\"application\/ld+json\" class=\"yoast-schema-graph\">{\"@context\":\"https:\\\/\\\/schema.org\",\"@graph\":[{\"@type\":\"WebPage\",\"@id\":\"https:\\\/\\\/www.cultcaffe.at\\\/produkt\\\/gourmet-paket-kraeftig-3-x-500g\\\/\",\"url\":\"https:\\\/\\\/www.cultcaffe.at\\\/produkt\\\/gourmet-paket-kraeftig-3-x-500g\\\/\",\"name\":\"Gourmet-Paket \\\"kr\u00e4ftig\\\" 3 x 500g - CultCaff\u00e9 - die Bio Kaffee R\u00f6sterei\",\"isPartOf\":{\"@id\":\"https:\\\/\\\/www.cultcaffe.at\\\/#website\"},\"primaryImageOfPage\":{\"@id\":\"https:\\\/\\\/www.cultcaffe.at\\\/produkt\\\/gourmet-paket-kraeftig-3-x-500g\\\/#primaryimage\"},\"image\":{\"@id\":\"https:\\\/\\\/www.cultcaffe.at\\\/produkt\\\/gourmet-paket-kraeftig-3-x-500g\\\/#primaryimage\"},\"thumbnailUrl\":\"https:\\\/\\\/www.cultcaffe.at\\\/wp-content\\\/uploads\\\/2024\\\/02\\\/Cult-Caffe_Kaffee-Bohnen_Gourmet-Paket-kraeftig.jpg\",\"datePublished\":\"2024-02-19T10:31:11+00:00\",\"dateModified\":\"2026-01-21T14:41:22+00:00\",\"description\":\"Feinste Gourmetqualit\u00e4t f\u00fcr anspruchsvolle Genie\u00dfer | Perfekt ger\u00f6stet f\u00fcr ein intensives Aromaerlebnis | Ideal als Geschenk f\u00fcr Kaffeeliebhaber\",\"breadcrumb\":{\"@id\":\"https:\\\/\\\/www.cultcaffe.at\\\/produkt\\\/gourmet-paket-kraeftig-3-x-500g\\\/#breadcrumb\"},\"inLanguage\":\"pl-PL\",\"potentialAction\":[{\"@type\":\"ReadAction\",\"target\":[\"https:\\\/\\\/www.cultcaffe.at\\\/produkt\\\/gourmet-paket-kraeftig-3-x-500g\\\/\"]}]},{\"@type\":\"ImageObject\",\"inLanguage\":\"pl-PL\",\"@id\":\"https:\\\/\\\/www.cultcaffe.at\\\/produkt\\\/gourmet-paket-kraeftig-3-x-500g\\\/#primaryimage\",\"url\":\"https:\\\/\\\/www.cultcaffe.at\\\/wp-content\\\/uploads\\\/2024\\\/02\\\/Cult-Caffe_Kaffee-Bohnen_Gourmet-Paket-kraeftig.jpg\",\"contentUrl\":\"https:\\\/\\\/www.cultcaffe.at\\\/wp-content\\\/uploads\\\/2024\\\/02\\\/Cult-Caffe_Kaffee-Bohnen_Gourmet-Paket-kraeftig.jpg\",\"width\":2000,\"height\":2000},{\"@type\":\"BreadcrumbList\",\"@id\":\"https:\\\/\\\/www.cultcaffe.at\\\/produkt\\\/gourmet-paket-kraeftig-3-x-500g\\\/#breadcrumb\",\"itemListElement\":[{\"@type\":\"ListItem\",\"position\":1,\"name\":\"Startseite\",\"item\":\"https:\\\/\\\/www.cultcaffe.at\\\/\"},{\"@type\":\"ListItem\",\"position\":2,\"name\":\"Produkte\",\"item\":\"https:\\\/\\\/www.cultcaffe.at\\\/shop\\\/\"},{\"@type\":\"ListItem\",\"position\":3,\"name\":\"Gourmet-Paket &#8222;kr\u00e4ftig&#8220; 3 x 500g\"}]},{\"@type\":\"WebSite\",\"@id\":\"https:\\\/\\\/www.cultcaffe.at\\\/#website\",\"url\":\"https:\\\/\\\/www.cultcaffe.at\\\/\",\"name\":\"CultCaff\u00e9 - die Bio Kaffee R\u00f6sterei\",\"description\":\"Liebe zum Kaffee\",\"publisher\":{\"@id\":\"https:\\\/\\\/www.cultcaffe.at\\\/#organization\"},\"potentialAction\":[{\"@type\":\"SearchAction\",\"target\":{\"@type\":\"EntryPoint\",\"urlTemplate\":\"https:\\\/\\\/www.cultcaffe.at\\\/?s={search_term_string}\"},\"query-input\":{\"@type\":\"PropertyValueSpecification\",\"valueRequired\":true,\"valueName\":\"search_term_string\"}}],\"inLanguage\":\"pl-PL\"},{\"@type\":[\"Organization\",\"Place\"],\"@id\":\"https:\\\/\\\/www.cultcaffe.at\\\/#organization\",\"name\":\"CultCaff\u00e9 Kaffeer\u00f6sterei GmbH\",\"alternateName\":\"CultCaff\u00e9\",\"url\":\"https:\\\/\\\/www.cultcaffe.at\\\/\",\"logo\":{\"@id\":\"https:\\\/\\\/www.cultcaffe.at\\\/produkt\\\/gourmet-paket-kraeftig-3-x-500g\\\/#local-main-organization-logo\"},\"image\":{\"@id\":\"https:\\\/\\\/www.cultcaffe.at\\\/produkt\\\/gourmet-paket-kraeftig-3-x-500g\\\/#local-main-organization-logo\"},\"sameAs\":[\"https:\\\/\\\/www.facebook.com\\\/p\\\/Cult-Caff\u00e8-die-R\u00f6sterei-100039719724703\\\/?locale=de_DE\",\"https:\\\/\\\/www.instagram.com\\\/cultcaffe.at\\\/\"],\"hasMerchantReturnPolicy\":{\"@type\":\"MerchantReturnPolicy\",\"merchantReturnLink\":\"https:\\\/\\\/www.cultcaffe.at\\\/pl\\\/agbs\\\/\"},\"telephone\":[],\"openingHoursSpecification\":[{\"@type\":\"OpeningHoursSpecification\",\"dayOfWeek\":[\"Monday\",\"Tuesday\",\"Wednesday\",\"Thursday\",\"Friday\",\"Saturday\",\"Sunday\"],\"opens\":\"09:00\",\"closes\":\"17:00\"}]},{\"@type\":\"ImageObject\",\"inLanguage\":\"pl-PL\",\"@id\":\"https:\\\/\\\/www.cultcaffe.at\\\/produkt\\\/gourmet-paket-kraeftig-3-x-500g\\\/#local-main-organization-logo\",\"url\":\"https:\\\/\\\/www.cultcaffe.at\\\/wp-content\\\/uploads\\\/2023\\\/11\\\/cultcaffe_logo_regular_dark-1.svg\",\"contentUrl\":\"https:\\\/\\\/www.cultcaffe.at\\\/wp-content\\\/uploads\\\/2023\\\/11\\\/cultcaffe_logo_regular_dark-1.svg\",\"width\":756,\"height\":474,\"caption\":\"CultCaff\u00e9 Kaffeer\u00f6sterei GmbH\"}]}<\/script>\n<meta property=\"product:price:amount\" content=\"54.00\" \/>\n<meta property=\"product:price:currency\" content=\"EUR\" \/>\n<meta property=\"og:availability\" content=\"instock\" \/>\n<meta property=\"product:availability\" content=\"instock\" \/>\n<meta property=\"product:condition\" content=\"new\" \/>\n<!-- \/ Yoast SEO plugin. -->","yoast_head_json":{"title":"Opakowanie Gourmet &quot;mocne&quot; 3 x 500g - CultCaff\u00e9 - organiczna palarnia kawy","description":"Najwy\u017csza jako\u015b\u0107 dla smakoszy i wymagaj\u0105cych koneser\u00f3w | Idealnie palona, by uzyska\u0107 intensywny aromat | Idealna na prezent dla mi\u0142o\u015bnik\u00f3w kawy","robots":{"index":"index","follow":"follow","max-snippet":"max-snippet:-1","max-image-preview":"max-image-preview:large","max-video-preview":"max-video-preview:-1"},"canonical":"https:\/\/www.cultcaffe.at\/pl\/produkt\/opakowanie-gourmet-solidne-3-x-500g\/","og_locale":"pl_PL","og_type":"article","og_title":"Gourmet-Paket \"kr\u00e4ftig\" 3 x 500g - CultCaff\u00e9 - die Bio Kaffee R\u00f6sterei","og_description":"Feinste Gourmetqualit\u00e4t f\u00fcr anspruchsvolle Genie\u00dfer | Perfekt ger\u00f6stet f\u00fcr ein intensives Aromaerlebnis | Ideal als Geschenk f\u00fcr Kaffeeliebhaber","og_url":"https:\/\/www.cultcaffe.at\/pl\/produkt\/opakowanie-gourmet-solidne-3-x-500g\/","og_site_name":"CultCaff\u00e9 - die Bio Kaffee R\u00f6sterei","article_publisher":"https:\/\/www.facebook.com\/p\/Cult-Caff%c3%a8-die-R%c3%b6sterei-100039719724703\/?locale=de_DE","article_modified_time":"2026-01-21T14:41:22+00:00","og_image":[{"width":2000,"height":2000,"url":"https:\/\/www.cultcaffe.at\/wp-content\/uploads\/2024\/02\/Cult-Caffe_Kaffee-Bohnen_Gourmet-Paket-kraeftig.jpg","type":"image\/jpeg"}],"twitter_card":"summary_large_image","twitter_misc":{"Cena":"&euro;&nbsp;54,00","Dost\u0119pno\u015b\u0107":"Dost\u0119pny"},"schema":{"@context":"https:\/\/schema.org","@graph":[{"@type":"WebPage","@id":"https:\/\/www.cultcaffe.at\/produkt\/gourmet-paket-kraeftig-3-x-500g\/","url":"https:\/\/www.cultcaffe.at\/produkt\/gourmet-paket-kraeftig-3-x-500g\/","name":"Opakowanie Gourmet &quot;mocne&quot; 3 x 500g - CultCaff\u00e9 - organiczna palarnia kawy","isPartOf":{"@id":"https:\/\/www.cultcaffe.at\/#website"},"primaryImageOfPage":{"@id":"https:\/\/www.cultcaffe.at\/produkt\/gourmet-paket-kraeftig-3-x-500g\/#primaryimage"},"image":{"@id":"https:\/\/www.cultcaffe.at\/produkt\/gourmet-paket-kraeftig-3-x-500g\/#primaryimage"},"thumbnailUrl":"https:\/\/www.cultcaffe.at\/wp-content\/uploads\/2024\/02\/Cult-Caffe_Kaffee-Bohnen_Gourmet-Paket-kraeftig.jpg","datePublished":"2024-02-19T10:31:11+00:00","dateModified":"2026-01-21T14:41:22+00:00","description":"Najwy\u017csza jako\u015b\u0107 dla smakoszy i wymagaj\u0105cych koneser\u00f3w | Idealnie palona, by uzyska\u0107 intensywny aromat | Idealna na prezent dla mi\u0142o\u015bnik\u00f3w kawy","breadcrumb":{"@id":"https:\/\/www.cultcaffe.at\/produkt\/gourmet-paket-kraeftig-3-x-500g\/#breadcrumb"},"inLanguage":"pl-PL","potentialAction":[{"@type":"ReadAction","target":["https:\/\/www.cultcaffe.at\/produkt\/gourmet-paket-kraeftig-3-x-500g\/"]}]},{"@type":"ImageObject","inLanguage":"pl-PL","@id":"https:\/\/www.cultcaffe.at\/produkt\/gourmet-paket-kraeftig-3-x-500g\/#primaryimage","url":"https:\/\/www.cultcaffe.at\/wp-content\/uploads\/2024\/02\/Cult-Caffe_Kaffee-Bohnen_Gourmet-Paket-kraeftig.jpg","contentUrl":"https:\/\/www.cultcaffe.at\/wp-content\/uploads\/2024\/02\/Cult-Caffe_Kaffee-Bohnen_Gourmet-Paket-kraeftig.jpg","width":2000,"height":2000},{"@type":"BreadcrumbList","@id":"https:\/\/www.cultcaffe.at\/produkt\/gourmet-paket-kraeftig-3-x-500g\/#breadcrumb","itemListElement":[{"@type":"ListItem","position":1,"name":"Startseite","item":"https:\/\/www.cultcaffe.at\/"},{"@type":"ListItem","position":2,"name":"Produkte","item":"https:\/\/www.cultcaffe.at\/shop\/"},{"@type":"ListItem","position":3,"name":"Gourmet-Paket &#8222;kr\u00e4ftig&#8220; 3 x 500g"}]},{"@type":"WebSite","@id":"https:\/\/www.cultcaffe.at\/#website","url":"https:\/\/www.cultcaffe.at\/","name":"CultCaff\u00e9 \u2013 organiczna palarnia kawy","description":"Mi\u0142o\u015b\u0107 do kawy","publisher":{"@id":"https:\/\/www.cultcaffe.at\/#organization"},"potentialAction":[{"@type":"SearchAction","target":{"@type":"EntryPoint","urlTemplate":"https:\/\/www.cultcaffe.at\/?s={search_term_string}"},"query-input":{"@type":"PropertyValueSpecification","valueRequired":true,"valueName":"search_term_string"}}],"inLanguage":"pl-PL"},{"@type":["Organization","Place"],"@id":"https:\/\/www.cultcaffe.at\/#organization","name":"CultCaff\u00e9 Coffee Roastery GmbH","alternateName":"CultCaff\u00e9","url":"https:\/\/www.cultcaffe.at\/","logo":{"@id":"https:\/\/www.cultcaffe.at\/produkt\/gourmet-paket-kraeftig-3-x-500g\/#local-main-organization-logo"},"image":{"@id":"https:\/\/www.cultcaffe.at\/produkt\/gourmet-paket-kraeftig-3-x-500g\/#local-main-organization-logo"},"sameAs":["https:\/\/www.facebook.com\/p\/Cult-Caff\u00e8-die-R\u00f6sterei-100039719724703\/?locale=de_DE","https:\/\/www.instagram.com\/cultcaffe.at\/"],"hasMerchantReturnPolicy":{"@type":"MerchantReturnPolicy","merchantReturnLink":"https:\/\/www.cultcaffe.at\/pl\/agbs\/"},"telephone":[],"openingHoursSpecification":[{"@type":"OpeningHoursSpecification","dayOfWeek":["Monday","Tuesday","Wednesday","Thursday","Friday","Saturday","Sunday"],"opens":"09:00","closes":"17:00"}]},{"@type":"ImageObject","inLanguage":"pl-PL","@id":"https:\/\/www.cultcaffe.at\/produkt\/gourmet-paket-kraeftig-3-x-500g\/#local-main-organization-logo","url":"https:\/\/www.cultcaffe.at\/wp-content\/uploads\/2023\/11\/cultcaffe_logo_regular_dark-1.svg","contentUrl":"https:\/\/www.cultcaffe.at\/wp-content\/uploads\/2023\/11\/cultcaffe_logo_regular_dark-1.svg","width":756,"height":474,"caption":"CultCaff\u00e9 Kaffeer\u00f6sterei GmbH"}]},"product_price_amount":"54.00","product_price_currency":"EUR","og_availability":"instock","product_availability":"instock","product_condition":"new"},"_links":{"self":[{"href":"https:\/\/www.cultcaffe.at\/pl\/wp-json\/wp\/v2\/product\/13868","targetHints":{"allow":["GET"]}}],"collection":[{"href":"https:\/\/www.cultcaffe.at\/pl\/wp-json\/wp\/v2\/product"}],"about":[{"href":"https:\/\/www.cultcaffe.at\/pl\/wp-json\/wp\/v2\/types\/product"}],"wp:featuredmedia":[{"embeddable":true,"href":"https:\/\/www.cultcaffe.at\/pl\/wp-json\/wp\/v2\/media\/14972"}],"wp:attachment":[{"href":"https:\/\/www.cultcaffe.at\/pl\/wp-json\/wp\/v2\/media?parent=13868"}],"wp:term":[{"taxonomy":"product_brand","embeddable":true,"href":"https:\/\/www.cultcaffe.at\/pl\/wp-json\/wp\/v2\/product_brand?post=13868"},{"taxonomy":"product_cat","embeddable":true,"href":"https:\/\/www.cultcaffe.at\/pl\/wp-json\/wp\/v2\/product_cat?post=13868"},{"taxonomy":"product_tag","embeddable":true,"href":"https:\/\/www.cultcaffe.at\/pl\/wp-json\/wp\/v2\/product_tag?post=13868"}],"curies":[{"name":"wp","href":"https:\/\/api.w.org\/{rel}","templated":true}]}}