{"id":13803,"date":"2015-06-22T15:38:03","date_gmt":"2015-06-22T13:38:03","guid":{"rendered":"https:\/\/www.cultcaffe.at\/?post_type=product&#038;p=13803"},"modified":"2025-11-20T10:45:35","modified_gmt":"2025-11-20T09:45:35","slug":"cantuccini-alla-mandorla-175g","status":"publish","type":"product","link":"https:\/\/www.cultcaffe.at\/pl\/produkt\/cantuccini-alla-mandorla-175g\/","title":{"rendered":"Cantuccini alla Mandorla 175g"},"content":{"rendered":"<h3>Te wykwintne cantuccini z cudownej Toskanii s\u0105 wytwarzane przez jedn\u0105 z najstarszych w\u0142oskich cukierni, Sapori, wed\u0142ug oryginalnej receptury.<br \/>\nRozkosz z kaw\u0105, herbat\u0105 i kakao!<\/h3>\n<p>Na \u015bniadanie, jako przek\u0105ska lub deser \u2013 nadaj\u0105 si\u0119 na ka\u017cd\u0105 okazj\u0119 i dodaj\u0105 odrobin\u0119 smaku. <strong>W\u0142oskie Dolce Vita<\/strong>.<\/p>\n<p>Nasz <strong>Cantuccini alla Mandorla<\/strong> obszar <strong>tradycyjne w\u0142oskie wypieki migda\u0142owe<\/strong>kt\u00f3ra zachwyci mi\u0142o\u015bnik\u00f3w s\u0142odko\u015bci.<\/p>\n<p>Ten <strong>chrupi\u0105ce cantuccini<\/strong> s\u0105 wzbogacone bogatym aromatem migda\u0142owym, co czyni je prawdziw\u0105 rozkosz\u0105 dla podniebienia. Jego autentyczny smak przeniesie Ci\u0119 wprost do <strong>W\u0142oski \u015bwiat przyjemno\u015bci<\/strong>.<\/p>\n<ul>\n<li><strong>Opakowanie 175 g do spo\u017cywania w domu<\/strong> \u2013 Praktyczne opakowanie 175 g pozwala cieszy\u0107 si\u0119 ciastkami migda\u0142owymi w domu w ka\u017cdej chwili.<\/li>\n<\/ul>\n<p>Odkryj cz\u0105stk\u0119 w\u0142oskiej tradycji z naszym Cantuccini alla Mandorla <strong>Kultura przyjemno\u015bci<\/strong> w ka\u017cdym opakowaniu.<\/p>","protected":false},"excerpt":{"rendered":"<ul>\n<li class=\"bullet-checkmark\">Tradycyjne w\u0142oskie wypieki migda\u0142owe<\/li>\n<li class=\"bullet-checkmark\">Idealne na przerwy kawowe lub jako deser<\/li>\n<li class=\"bullet-checkmark\">Opakowanie 175 g do spo\u017cywania w domu<\/li>\n<li class=\"bullet-checkmark\">Autentyczny smak z W\u0142och<\/li>\n<\/ul>","protected":false},"featured_media":2088,"template":"","meta":{"inline_featured_image":false},"product_brand":[],"product_cat":[203,211],"product_tag":[73,61,60,66,59],"class_list":{"0":"post-13803","1":"product","2":"type-product","3":"status-publish","4":"has-post-thumbnail","6":"product_cat-kaffeebeigaben","7":"product_cat-geschenkideen","8":"product_tag-cantuccini","9":"product_tag-cultcaffe","10":"product_tag-espresso","11":"product_tag-italienisches-mandelgebaeck","12":"product_tag-kaffee","14":"first","15":"outofstock","16":"taxable","17":"shipping-taxable","18":"purchasable","19":"product-type-simple"},"yoast_head":"<!-- This site is optimized with the Yoast SEO plugin v27.6 - https:\/\/yoast.com\/product\/yoast-seo-wordpress\/ -->\n<title>Cantuccini alla Mandorla 175g - CultCaff\u00e9 - die Bio Kaffee R\u00f6sterei<\/title>\n<meta name=\"robots\" content=\"index, follow, max-snippet:-1, max-image-preview:large, max-video-preview:-1\" \/>\n<link rel=\"canonical\" href=\"https:\/\/www.cultcaffe.at\/pl\/produkt\/cantuccini-alla-mandorla-175g\/\" \/>\n<meta property=\"og:locale\" content=\"pl_PL\" \/>\n<meta property=\"og:type\" content=\"article\" \/>\n<meta property=\"og:title\" content=\"Cantuccini alla Mandorla 175g - CultCaff\u00e9 - die Bio Kaffee R\u00f6sterei\" \/>\n<meta property=\"og:description\" content=\"Traditionelles italienisches Mandelgeb\u00e4ck  Perfekt f\u00fcr Kaffeepausen oder als Dessert  175g Packung f\u00fcr den Genuss zu Hause  Authentischer Geschmack aus Italien\" \/>\n<meta property=\"og:url\" content=\"https:\/\/www.cultcaffe.at\/pl\/produkt\/cantuccini-alla-mandorla-175g\/\" \/>\n<meta property=\"og:site_name\" content=\"CultCaff\u00e9 - die Bio Kaffee R\u00f6sterei\" \/>\n<meta property=\"article:publisher\" content=\"https:\/\/www.facebook.com\/p\/Cult-Caff%c3%a8-die-R%c3%b6sterei-100039719724703\/?locale=de_DE\" \/>\n<meta property=\"article:modified_time\" content=\"2025-11-20T09:45:35+00:00\" \/>\n<meta property=\"og:image\" content=\"https:\/\/www.cultcaffe.at\/wp-content\/uploads\/2024\/02\/kaffeebeigaben-sapori-roesterei-kaffeeliebhaber.jpg\" \/>\n\t<meta property=\"og:image:width\" content=\"500\" \/>\n\t<meta property=\"og:image:height\" content=\"500\" \/>\n\t<meta property=\"og:image:type\" content=\"image\/jpeg\" \/>\n<meta name=\"twitter:card\" content=\"summary_large_image\" \/>\n<meta name=\"twitter:label1\" content=\"Cena\" \/>\n\t<meta name=\"twitter:data1\" content=\"&euro;&nbsp;6,50\" \/>\n\t<meta name=\"twitter:label2\" content=\"Dost\u0119pno\u015b\u0107\" \/>\n\t<meta name=\"twitter:data2\" content=\"Brak w magazynie\" \/>\n<script type=\"application\/ld+json\" class=\"yoast-schema-graph\">{\"@context\":\"https:\\\/\\\/schema.org\",\"@graph\":[{\"@type\":\"WebPage\",\"@id\":\"https:\\\/\\\/www.cultcaffe.at\\\/produkt\\\/cantuccini-alla-mandorla-175g\\\/\",\"url\":\"https:\\\/\\\/www.cultcaffe.at\\\/produkt\\\/cantuccini-alla-mandorla-175g\\\/\",\"name\":\"Cantuccini alla Mandorla 175g - CultCaff\u00e9 - die Bio Kaffee R\u00f6sterei\",\"isPartOf\":{\"@id\":\"https:\\\/\\\/www.cultcaffe.at\\\/#website\"},\"primaryImageOfPage\":{\"@id\":\"https:\\\/\\\/www.cultcaffe.at\\\/produkt\\\/cantuccini-alla-mandorla-175g\\\/#primaryimage\"},\"image\":{\"@id\":\"https:\\\/\\\/www.cultcaffe.at\\\/produkt\\\/cantuccini-alla-mandorla-175g\\\/#primaryimage\"},\"thumbnailUrl\":\"https:\\\/\\\/www.cultcaffe.at\\\/wp-content\\\/uploads\\\/2024\\\/02\\\/kaffeebeigaben-sapori-roesterei-kaffeeliebhaber.jpg\",\"datePublished\":\"2015-06-22T13:38:03+00:00\",\"dateModified\":\"2025-11-20T09:45:35+00:00\",\"breadcrumb\":{\"@id\":\"https:\\\/\\\/www.cultcaffe.at\\\/produkt\\\/cantuccini-alla-mandorla-175g\\\/#breadcrumb\"},\"inLanguage\":\"pl-PL\",\"potentialAction\":[{\"@type\":\"ReadAction\",\"target\":[\"https:\\\/\\\/www.cultcaffe.at\\\/produkt\\\/cantuccini-alla-mandorla-175g\\\/\"]}]},{\"@type\":\"ImageObject\",\"inLanguage\":\"pl-PL\",\"@id\":\"https:\\\/\\\/www.cultcaffe.at\\\/produkt\\\/cantuccini-alla-mandorla-175g\\\/#primaryimage\",\"url\":\"https:\\\/\\\/www.cultcaffe.at\\\/wp-content\\\/uploads\\\/2024\\\/02\\\/kaffeebeigaben-sapori-roesterei-kaffeeliebhaber.jpg\",\"contentUrl\":\"https:\\\/\\\/www.cultcaffe.at\\\/wp-content\\\/uploads\\\/2024\\\/02\\\/kaffeebeigaben-sapori-roesterei-kaffeeliebhaber.jpg\",\"width\":500,\"height\":500},{\"@type\":\"BreadcrumbList\",\"@id\":\"https:\\\/\\\/www.cultcaffe.at\\\/produkt\\\/cantuccini-alla-mandorla-175g\\\/#breadcrumb\",\"itemListElement\":[{\"@type\":\"ListItem\",\"position\":1,\"name\":\"Startseite\",\"item\":\"https:\\\/\\\/www.cultcaffe.at\\\/\"},{\"@type\":\"ListItem\",\"position\":2,\"name\":\"Produkte\",\"item\":\"https:\\\/\\\/www.cultcaffe.at\\\/shop\\\/\"},{\"@type\":\"ListItem\",\"position\":3,\"name\":\"Cantuccini alla Mandorla 175g\"}]},{\"@type\":\"WebSite\",\"@id\":\"https:\\\/\\\/www.cultcaffe.at\\\/#website\",\"url\":\"https:\\\/\\\/www.cultcaffe.at\\\/\",\"name\":\"CultCaff\u00e9 - die Bio Kaffee R\u00f6sterei\",\"description\":\"Liebe zum Kaffee\",\"publisher\":{\"@id\":\"https:\\\/\\\/www.cultcaffe.at\\\/#organization\"},\"potentialAction\":[{\"@type\":\"SearchAction\",\"target\":{\"@type\":\"EntryPoint\",\"urlTemplate\":\"https:\\\/\\\/www.cultcaffe.at\\\/?s={search_term_string}\"},\"query-input\":{\"@type\":\"PropertyValueSpecification\",\"valueRequired\":true,\"valueName\":\"search_term_string\"}}],\"inLanguage\":\"pl-PL\"},{\"@type\":[\"Organization\",\"Place\"],\"@id\":\"https:\\\/\\\/www.cultcaffe.at\\\/#organization\",\"name\":\"CultCaff\u00e9 Kaffeer\u00f6sterei GmbH\",\"alternateName\":\"CultCaff\u00e9\",\"url\":\"https:\\\/\\\/www.cultcaffe.at\\\/\",\"logo\":{\"@id\":\"https:\\\/\\\/www.cultcaffe.at\\\/produkt\\\/cantuccini-alla-mandorla-175g\\\/#local-main-organization-logo\"},\"image\":{\"@id\":\"https:\\\/\\\/www.cultcaffe.at\\\/produkt\\\/cantuccini-alla-mandorla-175g\\\/#local-main-organization-logo\"},\"sameAs\":[\"https:\\\/\\\/www.facebook.com\\\/p\\\/Cult-Caff\u00e8-die-R\u00f6sterei-100039719724703\\\/?locale=de_DE\",\"https:\\\/\\\/www.instagram.com\\\/cultcaffe.at\\\/\"],\"hasMerchantReturnPolicy\":{\"@type\":\"MerchantReturnPolicy\",\"merchantReturnLink\":\"https:\\\/\\\/www.cultcaffe.at\\\/pl\\\/agbs\\\/\"},\"telephone\":[],\"openingHoursSpecification\":[{\"@type\":\"OpeningHoursSpecification\",\"dayOfWeek\":[\"Monday\",\"Tuesday\",\"Wednesday\",\"Thursday\",\"Friday\",\"Saturday\",\"Sunday\"],\"opens\":\"09:00\",\"closes\":\"17:00\"}]},{\"@type\":\"ImageObject\",\"inLanguage\":\"pl-PL\",\"@id\":\"https:\\\/\\\/www.cultcaffe.at\\\/produkt\\\/cantuccini-alla-mandorla-175g\\\/#local-main-organization-logo\",\"url\":\"https:\\\/\\\/www.cultcaffe.at\\\/wp-content\\\/uploads\\\/2023\\\/11\\\/cultcaffe_logo_regular_dark-1.svg\",\"contentUrl\":\"https:\\\/\\\/www.cultcaffe.at\\\/wp-content\\\/uploads\\\/2023\\\/11\\\/cultcaffe_logo_regular_dark-1.svg\",\"width\":756,\"height\":474,\"caption\":\"CultCaff\u00e9 Kaffeer\u00f6sterei GmbH\"}]}<\/script>\n<meta property=\"product:price:amount\" content=\"6.50\" \/>\n<meta property=\"product:price:currency\" content=\"EUR\" \/>\n<meta property=\"og:availability\" content=\"out of stock\" \/>\n<meta property=\"product:availability\" content=\"out of stock\" \/>\n<meta property=\"product:condition\" content=\"new\" \/>\n<!-- \/ Yoast SEO plugin. -->","yoast_head_json":{"title":"Cantuccini alla Mandorla 175g - CultCaff\u00e9 - ekologiczna palarnia kawy","robots":{"index":"index","follow":"follow","max-snippet":"max-snippet:-1","max-image-preview":"max-image-preview:large","max-video-preview":"max-video-preview:-1"},"canonical":"https:\/\/www.cultcaffe.at\/pl\/produkt\/cantuccini-alla-mandorla-175g\/","og_locale":"pl_PL","og_type":"article","og_title":"Cantuccini alla Mandorla 175g - CultCaff\u00e9 - die Bio Kaffee R\u00f6sterei","og_description":"Traditionelles italienisches Mandelgeb\u00e4ck  Perfekt f\u00fcr Kaffeepausen oder als Dessert  175g Packung f\u00fcr den Genuss zu Hause  Authentischer Geschmack aus Italien","og_url":"https:\/\/www.cultcaffe.at\/pl\/produkt\/cantuccini-alla-mandorla-175g\/","og_site_name":"CultCaff\u00e9 - die Bio Kaffee R\u00f6sterei","article_publisher":"https:\/\/www.facebook.com\/p\/Cult-Caff%c3%a8-die-R%c3%b6sterei-100039719724703\/?locale=de_DE","article_modified_time":"2025-11-20T09:45:35+00:00","og_image":[{"width":500,"height":500,"url":"https:\/\/www.cultcaffe.at\/wp-content\/uploads\/2024\/02\/kaffeebeigaben-sapori-roesterei-kaffeeliebhaber.jpg","type":"image\/jpeg"}],"twitter_card":"summary_large_image","twitter_misc":{"Cena":"&euro;&nbsp;6,50","Dost\u0119pno\u015b\u0107":"Brak w magazynie"},"schema":{"@context":"https:\/\/schema.org","@graph":[{"@type":"WebPage","@id":"https:\/\/www.cultcaffe.at\/produkt\/cantuccini-alla-mandorla-175g\/","url":"https:\/\/www.cultcaffe.at\/produkt\/cantuccini-alla-mandorla-175g\/","name":"Cantuccini alla Mandorla 175g - CultCaff\u00e9 - ekologiczna palarnia kawy","isPartOf":{"@id":"https:\/\/www.cultcaffe.at\/#website"},"primaryImageOfPage":{"@id":"https:\/\/www.cultcaffe.at\/produkt\/cantuccini-alla-mandorla-175g\/#primaryimage"},"image":{"@id":"https:\/\/www.cultcaffe.at\/produkt\/cantuccini-alla-mandorla-175g\/#primaryimage"},"thumbnailUrl":"https:\/\/www.cultcaffe.at\/wp-content\/uploads\/2024\/02\/kaffeebeigaben-sapori-roesterei-kaffeeliebhaber.jpg","datePublished":"2015-06-22T13:38:03+00:00","dateModified":"2025-11-20T09:45:35+00:00","breadcrumb":{"@id":"https:\/\/www.cultcaffe.at\/produkt\/cantuccini-alla-mandorla-175g\/#breadcrumb"},"inLanguage":"pl-PL","potentialAction":[{"@type":"ReadAction","target":["https:\/\/www.cultcaffe.at\/produkt\/cantuccini-alla-mandorla-175g\/"]}]},{"@type":"ImageObject","inLanguage":"pl-PL","@id":"https:\/\/www.cultcaffe.at\/produkt\/cantuccini-alla-mandorla-175g\/#primaryimage","url":"https:\/\/www.cultcaffe.at\/wp-content\/uploads\/2024\/02\/kaffeebeigaben-sapori-roesterei-kaffeeliebhaber.jpg","contentUrl":"https:\/\/www.cultcaffe.at\/wp-content\/uploads\/2024\/02\/kaffeebeigaben-sapori-roesterei-kaffeeliebhaber.jpg","width":500,"height":500},{"@type":"BreadcrumbList","@id":"https:\/\/www.cultcaffe.at\/produkt\/cantuccini-alla-mandorla-175g\/#breadcrumb","itemListElement":[{"@type":"ListItem","position":1,"name":"Startseite","item":"https:\/\/www.cultcaffe.at\/"},{"@type":"ListItem","position":2,"name":"Produkte","item":"https:\/\/www.cultcaffe.at\/shop\/"},{"@type":"ListItem","position":3,"name":"Cantuccini alla Mandorla 175g"}]},{"@type":"WebSite","@id":"https:\/\/www.cultcaffe.at\/#website","url":"https:\/\/www.cultcaffe.at\/","name":"CultCaff\u00e9 \u2013 organiczna palarnia kawy","description":"Mi\u0142o\u015b\u0107 do kawy","publisher":{"@id":"https:\/\/www.cultcaffe.at\/#organization"},"potentialAction":[{"@type":"SearchAction","target":{"@type":"EntryPoint","urlTemplate":"https:\/\/www.cultcaffe.at\/?s={search_term_string}"},"query-input":{"@type":"PropertyValueSpecification","valueRequired":true,"valueName":"search_term_string"}}],"inLanguage":"pl-PL"},{"@type":["Organization","Place"],"@id":"https:\/\/www.cultcaffe.at\/#organization","name":"CultCaff\u00e9 Coffee Roastery GmbH","alternateName":"CultCaff\u00e9","url":"https:\/\/www.cultcaffe.at\/","logo":{"@id":"https:\/\/www.cultcaffe.at\/produkt\/cantuccini-alla-mandorla-175g\/#local-main-organization-logo"},"image":{"@id":"https:\/\/www.cultcaffe.at\/produkt\/cantuccini-alla-mandorla-175g\/#local-main-organization-logo"},"sameAs":["https:\/\/www.facebook.com\/p\/Cult-Caff\u00e8-die-R\u00f6sterei-100039719724703\/?locale=de_DE","https:\/\/www.instagram.com\/cultcaffe.at\/"],"hasMerchantReturnPolicy":{"@type":"MerchantReturnPolicy","merchantReturnLink":"https:\/\/www.cultcaffe.at\/pl\/agbs\/"},"telephone":[],"openingHoursSpecification":[{"@type":"OpeningHoursSpecification","dayOfWeek":["Monday","Tuesday","Wednesday","Thursday","Friday","Saturday","Sunday"],"opens":"09:00","closes":"17:00"}]},{"@type":"ImageObject","inLanguage":"pl-PL","@id":"https:\/\/www.cultcaffe.at\/produkt\/cantuccini-alla-mandorla-175g\/#local-main-organization-logo","url":"https:\/\/www.cultcaffe.at\/wp-content\/uploads\/2023\/11\/cultcaffe_logo_regular_dark-1.svg","contentUrl":"https:\/\/www.cultcaffe.at\/wp-content\/uploads\/2023\/11\/cultcaffe_logo_regular_dark-1.svg","width":756,"height":474,"caption":"CultCaff\u00e9 Kaffeer\u00f6sterei GmbH"}]},"product_price_amount":"6.50","product_price_currency":"EUR","og_availability":"out of stock","product_availability":"out of stock","product_condition":"new"},"_links":{"self":[{"href":"https:\/\/www.cultcaffe.at\/pl\/wp-json\/wp\/v2\/product\/13803","targetHints":{"allow":["GET"]}}],"collection":[{"href":"https:\/\/www.cultcaffe.at\/pl\/wp-json\/wp\/v2\/product"}],"about":[{"href":"https:\/\/www.cultcaffe.at\/pl\/wp-json\/wp\/v2\/types\/product"}],"wp:featuredmedia":[{"embeddable":true,"href":"https:\/\/www.cultcaffe.at\/pl\/wp-json\/wp\/v2\/media\/2088"}],"wp:attachment":[{"href":"https:\/\/www.cultcaffe.at\/pl\/wp-json\/wp\/v2\/media?parent=13803"}],"wp:term":[{"taxonomy":"product_brand","embeddable":true,"href":"https:\/\/www.cultcaffe.at\/pl\/wp-json\/wp\/v2\/product_brand?post=13803"},{"taxonomy":"product_cat","embeddable":true,"href":"https:\/\/www.cultcaffe.at\/pl\/wp-json\/wp\/v2\/product_cat?post=13803"},{"taxonomy":"product_tag","embeddable":true,"href":"https:\/\/www.cultcaffe.at\/pl\/wp-json\/wp\/v2\/product_tag?post=13803"}],"curies":[{"name":"wp","href":"https:\/\/api.w.org\/{rel}","templated":true}]}}