{"id":13789,"date":"2015-02-26T12:22:38","date_gmt":"2015-02-26T11:22:38","guid":{"rendered":"https:\/\/www.cultcaffe.at\/?post_type=product&#038;p=13789"},"modified":"2026-01-21T15:37:48","modified_gmt":"2026-01-21T14:37:48","slug":"pakiet-rozpusty","status":"publish","type":"product","link":"https:\/\/www.cultcaffe.at\/pl\/produkt\/genuss-paket\/","title":{"rendered":"Opakowanie przyjemno\u015bciowe 4 x 500g"},"content":{"rendered":"<h3>Odkryj nasz\u0105 r\u00f3\u017cnorodno\u015b\u0107 pyszno\u015bci w opakowaniu 4 x 500g<\/h3>\n<p>Otrzymujesz <strong>4 r\u00f3\u017cne odmiany po 500 g ka\u017cda<\/strong>aby urozmaici\u0107 swoje doznania zwi\u0105zane z piciem kawy i odkry\u0107 nowe ulubione gatunki kawy.<br \/>\nOpakowanie idealnie nadaje si\u0119 do degustacji i jest \u015bwietnym prezentem dla wymagaj\u0105cych mi\u0142o\u015bnik\u00f3w kawy.<\/p>\n<p>Nasz wysokiej jako\u015bci wyb\u00f3r zosta\u0142 starannie dobrany, aby <strong>znawcy<\/strong> jak Ci\u0119 zainspirowa\u0107. Zanurz si\u0119 w \u015bwiecie przyjemno\u015bci picia kawy i odkryj r\u00f3\u017cnorodno\u015b\u0107 i jako\u015b\u0107 naszych kaw.<\/p>","protected":false},"excerpt":{"rendered":"<ul>\n<li class=\"bullet-checkmark\">4 r\u00f3\u017cne odmiany po 500 g ka\u017cda, dla r\u00f3\u017cnorodnej przyjemno\u015bci<\/li>\n<li class=\"bullet-checkmark\">Idealne do degustacji i odkrywania nowych ulubionych odmian<\/li>\n<li class=\"bullet-checkmark\">Wysokiej jako\u015bci wyb\u00f3r dla wymagaj\u0105cych koneser\u00f3w<\/li>\n<li class=\"bullet-checkmark\">Idealny prezent dla mi\u0142o\u015bnik\u00f3w kawy<\/li>\n<li class=\"bullet-checkmark\">Ciesz si\u0119 r\u00f3\u017cnorodno\u015bci\u0105 i jako\u015bci\u0105 naszych kaw<\/li>\n<\/ul>","protected":false},"featured_media":14973,"template":"","meta":{"inline_featured_image":false},"product_brand":[],"product_cat":[199,211],"product_tag":[155,83,61,60,59,62,179,180,181],"class_list":{"0":"post-13789","1":"product","2":"type-product","3":"status-publish","4":"has-post-thumbnail","6":"product_cat-kaffee","7":"product_cat-geschenkideen","8":"product_tag-barista","9":"product_tag-cappuccino","10":"product_tag-cultcaffe","11":"product_tag-espresso","12":"product_tag-kaffee","13":"product_tag-kaffeegenuss","14":"product_tag-napoli","15":"product_tag-nobile","16":"product_tag-rainbow","18":"first","19":"instock","20":"sale","21":"taxable","22":"shipping-taxable","23":"purchasable","24":"product-type-simple"},"yoast_head":"<!-- This site is optimized with the Yoast SEO plugin v27.6 - https:\/\/yoast.com\/product\/yoast-seo-wordpress\/ -->\n<title>Genuss Paket 4 x 500g - CultCaff\u00e9 - die Bio Kaffee R\u00f6sterei<\/title>\n<meta name=\"description\" content=\"4 verschiedene Sorten in je 500g f\u00fcr abwechslungsreichen Genuss | Perfekt zum Probieren und Entdecken neuer Lieblingssorten |Hochwertige Auswahl f\u00fcr anspruchsvolle Genie\u00dfer\" \/>\n<meta name=\"robots\" content=\"index, follow, max-snippet:-1, max-image-preview:large, max-video-preview:-1\" \/>\n<link rel=\"canonical\" href=\"https:\/\/www.cultcaffe.at\/pl\/produkt\/pakiet-rozpusty\/\" \/>\n<meta property=\"og:locale\" content=\"pl_PL\" \/>\n<meta property=\"og:type\" content=\"article\" \/>\n<meta property=\"og:title\" content=\"Genuss Paket 4 x 500g - CultCaff\u00e9 - die Bio Kaffee R\u00f6sterei\" \/>\n<meta property=\"og:description\" content=\"4 verschiedene Sorten in je 500g f\u00fcr abwechslungsreichen Genuss | Perfekt zum Probieren und Entdecken neuer Lieblingssorten |Hochwertige Auswahl f\u00fcr anspruchsvolle Genie\u00dfer\" \/>\n<meta property=\"og:url\" content=\"https:\/\/www.cultcaffe.at\/pl\/produkt\/pakiet-rozpusty\/\" \/>\n<meta property=\"og:site_name\" content=\"CultCaff\u00e9 - die Bio Kaffee R\u00f6sterei\" \/>\n<meta property=\"article:publisher\" content=\"https:\/\/www.facebook.com\/p\/Cult-Caff%c3%a8-die-R%c3%b6sterei-100039719724703\/?locale=de_DE\" \/>\n<meta property=\"article:modified_time\" content=\"2026-01-21T14:37:48+00:00\" \/>\n<meta property=\"og:image\" content=\"https:\/\/www.cultcaffe.at\/wp-content\/uploads\/2024\/04\/Cult-Caffe_Kaffee-Bohnen.jpg\" \/>\n\t<meta property=\"og:image:width\" content=\"2000\" \/>\n\t<meta property=\"og:image:height\" content=\"2000\" \/>\n\t<meta property=\"og:image:type\" content=\"image\/jpeg\" \/>\n<meta name=\"twitter:card\" content=\"summary_large_image\" \/>\n<meta name=\"twitter:label1\" content=\"Cena\" \/>\n\t<meta name=\"twitter:data1\" content=\"&euro;&nbsp;72,00\" \/>\n\t<meta name=\"twitter:label2\" content=\"Dost\u0119pno\u015b\u0107\" \/>\n\t<meta name=\"twitter:data2\" content=\"Dost\u0119pny\" \/>\n<script type=\"application\/ld+json\" class=\"yoast-schema-graph\">{\"@context\":\"https:\\\/\\\/schema.org\",\"@graph\":[{\"@type\":\"WebPage\",\"@id\":\"https:\\\/\\\/www.cultcaffe.at\\\/produkt\\\/genuss-paket\\\/\",\"url\":\"https:\\\/\\\/www.cultcaffe.at\\\/produkt\\\/genuss-paket\\\/\",\"name\":\"Genuss Paket 4 x 500g - CultCaff\u00e9 - die Bio Kaffee R\u00f6sterei\",\"isPartOf\":{\"@id\":\"https:\\\/\\\/www.cultcaffe.at\\\/#website\"},\"primaryImageOfPage\":{\"@id\":\"https:\\\/\\\/www.cultcaffe.at\\\/produkt\\\/genuss-paket\\\/#primaryimage\"},\"image\":{\"@id\":\"https:\\\/\\\/www.cultcaffe.at\\\/produkt\\\/genuss-paket\\\/#primaryimage\"},\"thumbnailUrl\":\"https:\\\/\\\/www.cultcaffe.at\\\/wp-content\\\/uploads\\\/2024\\\/04\\\/Cult-Caffe_Kaffee-Bohnen.jpg\",\"datePublished\":\"2015-02-26T11:22:38+00:00\",\"dateModified\":\"2026-01-21T14:37:48+00:00\",\"description\":\"4 verschiedene Sorten in je 500g f\u00fcr abwechslungsreichen Genuss | Perfekt zum Probieren und Entdecken neuer Lieblingssorten |Hochwertige Auswahl f\u00fcr anspruchsvolle Genie\u00dfer\",\"breadcrumb\":{\"@id\":\"https:\\\/\\\/www.cultcaffe.at\\\/produkt\\\/genuss-paket\\\/#breadcrumb\"},\"inLanguage\":\"pl-PL\",\"potentialAction\":[{\"@type\":\"ReadAction\",\"target\":[\"https:\\\/\\\/www.cultcaffe.at\\\/produkt\\\/genuss-paket\\\/\"]}]},{\"@type\":\"ImageObject\",\"inLanguage\":\"pl-PL\",\"@id\":\"https:\\\/\\\/www.cultcaffe.at\\\/produkt\\\/genuss-paket\\\/#primaryimage\",\"url\":\"https:\\\/\\\/www.cultcaffe.at\\\/wp-content\\\/uploads\\\/2024\\\/04\\\/Cult-Caffe_Kaffee-Bohnen.jpg\",\"contentUrl\":\"https:\\\/\\\/www.cultcaffe.at\\\/wp-content\\\/uploads\\\/2024\\\/04\\\/Cult-Caffe_Kaffee-Bohnen.jpg\",\"width\":2000,\"height\":2000},{\"@type\":\"BreadcrumbList\",\"@id\":\"https:\\\/\\\/www.cultcaffe.at\\\/produkt\\\/genuss-paket\\\/#breadcrumb\",\"itemListElement\":[{\"@type\":\"ListItem\",\"position\":1,\"name\":\"Startseite\",\"item\":\"https:\\\/\\\/www.cultcaffe.at\\\/\"},{\"@type\":\"ListItem\",\"position\":2,\"name\":\"Produkte\",\"item\":\"https:\\\/\\\/www.cultcaffe.at\\\/shop\\\/\"},{\"@type\":\"ListItem\",\"position\":3,\"name\":\"Genuss Paket 4 x 500g\"}]},{\"@type\":\"WebSite\",\"@id\":\"https:\\\/\\\/www.cultcaffe.at\\\/#website\",\"url\":\"https:\\\/\\\/www.cultcaffe.at\\\/\",\"name\":\"CultCaff\u00e9 - die Bio Kaffee R\u00f6sterei\",\"description\":\"Liebe zum Kaffee\",\"publisher\":{\"@id\":\"https:\\\/\\\/www.cultcaffe.at\\\/#organization\"},\"potentialAction\":[{\"@type\":\"SearchAction\",\"target\":{\"@type\":\"EntryPoint\",\"urlTemplate\":\"https:\\\/\\\/www.cultcaffe.at\\\/?s={search_term_string}\"},\"query-input\":{\"@type\":\"PropertyValueSpecification\",\"valueRequired\":true,\"valueName\":\"search_term_string\"}}],\"inLanguage\":\"pl-PL\"},{\"@type\":[\"Organization\",\"Place\"],\"@id\":\"https:\\\/\\\/www.cultcaffe.at\\\/#organization\",\"name\":\"CultCaff\u00e9 Kaffeer\u00f6sterei GmbH\",\"alternateName\":\"CultCaff\u00e9\",\"url\":\"https:\\\/\\\/www.cultcaffe.at\\\/\",\"logo\":{\"@id\":\"https:\\\/\\\/www.cultcaffe.at\\\/produkt\\\/genuss-paket\\\/#local-main-organization-logo\"},\"image\":{\"@id\":\"https:\\\/\\\/www.cultcaffe.at\\\/produkt\\\/genuss-paket\\\/#local-main-organization-logo\"},\"sameAs\":[\"https:\\\/\\\/www.facebook.com\\\/p\\\/Cult-Caff\u00e8-die-R\u00f6sterei-100039719724703\\\/?locale=de_DE\",\"https:\\\/\\\/www.instagram.com\\\/cultcaffe.at\\\/\"],\"hasMerchantReturnPolicy\":{\"@type\":\"MerchantReturnPolicy\",\"merchantReturnLink\":\"https:\\\/\\\/www.cultcaffe.at\\\/pl\\\/agbs\\\/\"},\"telephone\":[],\"openingHoursSpecification\":[{\"@type\":\"OpeningHoursSpecification\",\"dayOfWeek\":[\"Monday\",\"Tuesday\",\"Wednesday\",\"Thursday\",\"Friday\",\"Saturday\",\"Sunday\"],\"opens\":\"09:00\",\"closes\":\"17:00\"}]},{\"@type\":\"ImageObject\",\"inLanguage\":\"pl-PL\",\"@id\":\"https:\\\/\\\/www.cultcaffe.at\\\/produkt\\\/genuss-paket\\\/#local-main-organization-logo\",\"url\":\"https:\\\/\\\/www.cultcaffe.at\\\/wp-content\\\/uploads\\\/2023\\\/11\\\/cultcaffe_logo_regular_dark-1.svg\",\"contentUrl\":\"https:\\\/\\\/www.cultcaffe.at\\\/wp-content\\\/uploads\\\/2023\\\/11\\\/cultcaffe_logo_regular_dark-1.svg\",\"width\":756,\"height\":474,\"caption\":\"CultCaff\u00e9 Kaffeer\u00f6sterei GmbH\"}]}<\/script>\n<meta property=\"product:price:amount\" content=\"72.00\" \/>\n<meta property=\"product:price:currency\" content=\"EUR\" \/>\n<meta property=\"og:availability\" content=\"instock\" \/>\n<meta property=\"product:availability\" content=\"instock\" \/>\n<meta property=\"product:condition\" content=\"new\" \/>\n<!-- \/ Yoast SEO plugin. -->","yoast_head_json":{"title":"Pakiet Gourmet 4 x 500g - CultCaff\u00e9 - organiczna palarnia kawy","description":"4 r\u00f3\u017cne rodzaje, ka\u017cdy o wadze 500 g, zapewniaj\u0105ce r\u00f3\u017cnorodne i przyjemne doznania | Idealne do pr\u00f3bowania i odkrywania nowych ulubionych smak\u00f3w | Wysokiej jako\u015bci wyb\u00f3r dla wymagaj\u0105cych smakoszy","robots":{"index":"index","follow":"follow","max-snippet":"max-snippet:-1","max-image-preview":"max-image-preview:large","max-video-preview":"max-video-preview:-1"},"canonical":"https:\/\/www.cultcaffe.at\/pl\/produkt\/pakiet-rozpusty\/","og_locale":"pl_PL","og_type":"article","og_title":"Genuss Paket 4 x 500g - CultCaff\u00e9 - die Bio Kaffee R\u00f6sterei","og_description":"4 verschiedene Sorten in je 500g f\u00fcr abwechslungsreichen Genuss | Perfekt zum Probieren und Entdecken neuer Lieblingssorten |Hochwertige Auswahl f\u00fcr anspruchsvolle Genie\u00dfer","og_url":"https:\/\/www.cultcaffe.at\/pl\/produkt\/pakiet-rozpusty\/","og_site_name":"CultCaff\u00e9 - die Bio Kaffee R\u00f6sterei","article_publisher":"https:\/\/www.facebook.com\/p\/Cult-Caff%c3%a8-die-R%c3%b6sterei-100039719724703\/?locale=de_DE","article_modified_time":"2026-01-21T14:37:48+00:00","og_image":[{"width":2000,"height":2000,"url":"https:\/\/www.cultcaffe.at\/wp-content\/uploads\/2024\/04\/Cult-Caffe_Kaffee-Bohnen.jpg","type":"image\/jpeg"}],"twitter_card":"summary_large_image","twitter_misc":{"Cena":"&euro;&nbsp;72,00","Dost\u0119pno\u015b\u0107":"Dost\u0119pny"},"schema":{"@context":"https:\/\/schema.org","@graph":[{"@type":"WebPage","@id":"https:\/\/www.cultcaffe.at\/produkt\/genuss-paket\/","url":"https:\/\/www.cultcaffe.at\/produkt\/genuss-paket\/","name":"Pakiet Gourmet 4 x 500g - CultCaff\u00e9 - organiczna palarnia kawy","isPartOf":{"@id":"https:\/\/www.cultcaffe.at\/#website"},"primaryImageOfPage":{"@id":"https:\/\/www.cultcaffe.at\/produkt\/genuss-paket\/#primaryimage"},"image":{"@id":"https:\/\/www.cultcaffe.at\/produkt\/genuss-paket\/#primaryimage"},"thumbnailUrl":"https:\/\/www.cultcaffe.at\/wp-content\/uploads\/2024\/04\/Cult-Caffe_Kaffee-Bohnen.jpg","datePublished":"2015-02-26T11:22:38+00:00","dateModified":"2026-01-21T14:37:48+00:00","description":"4 r\u00f3\u017cne rodzaje, ka\u017cdy o wadze 500 g, zapewniaj\u0105ce r\u00f3\u017cnorodne i przyjemne doznania | Idealne do pr\u00f3bowania i odkrywania nowych ulubionych smak\u00f3w | Wysokiej jako\u015bci wyb\u00f3r dla wymagaj\u0105cych smakoszy","breadcrumb":{"@id":"https:\/\/www.cultcaffe.at\/produkt\/genuss-paket\/#breadcrumb"},"inLanguage":"pl-PL","potentialAction":[{"@type":"ReadAction","target":["https:\/\/www.cultcaffe.at\/produkt\/genuss-paket\/"]}]},{"@type":"ImageObject","inLanguage":"pl-PL","@id":"https:\/\/www.cultcaffe.at\/produkt\/genuss-paket\/#primaryimage","url":"https:\/\/www.cultcaffe.at\/wp-content\/uploads\/2024\/04\/Cult-Caffe_Kaffee-Bohnen.jpg","contentUrl":"https:\/\/www.cultcaffe.at\/wp-content\/uploads\/2024\/04\/Cult-Caffe_Kaffee-Bohnen.jpg","width":2000,"height":2000},{"@type":"BreadcrumbList","@id":"https:\/\/www.cultcaffe.at\/produkt\/genuss-paket\/#breadcrumb","itemListElement":[{"@type":"ListItem","position":1,"name":"Startseite","item":"https:\/\/www.cultcaffe.at\/"},{"@type":"ListItem","position":2,"name":"Produkte","item":"https:\/\/www.cultcaffe.at\/shop\/"},{"@type":"ListItem","position":3,"name":"Genuss Paket 4 x 500g"}]},{"@type":"WebSite","@id":"https:\/\/www.cultcaffe.at\/#website","url":"https:\/\/www.cultcaffe.at\/","name":"CultCaff\u00e9 \u2013 organiczna palarnia kawy","description":"Mi\u0142o\u015b\u0107 do kawy","publisher":{"@id":"https:\/\/www.cultcaffe.at\/#organization"},"potentialAction":[{"@type":"SearchAction","target":{"@type":"EntryPoint","urlTemplate":"https:\/\/www.cultcaffe.at\/?s={search_term_string}"},"query-input":{"@type":"PropertyValueSpecification","valueRequired":true,"valueName":"search_term_string"}}],"inLanguage":"pl-PL"},{"@type":["Organization","Place"],"@id":"https:\/\/www.cultcaffe.at\/#organization","name":"CultCaff\u00e9 Coffee Roastery GmbH","alternateName":"CultCaff\u00e9","url":"https:\/\/www.cultcaffe.at\/","logo":{"@id":"https:\/\/www.cultcaffe.at\/produkt\/genuss-paket\/#local-main-organization-logo"},"image":{"@id":"https:\/\/www.cultcaffe.at\/produkt\/genuss-paket\/#local-main-organization-logo"},"sameAs":["https:\/\/www.facebook.com\/p\/Cult-Caff\u00e8-die-R\u00f6sterei-100039719724703\/?locale=de_DE","https:\/\/www.instagram.com\/cultcaffe.at\/"],"hasMerchantReturnPolicy":{"@type":"MerchantReturnPolicy","merchantReturnLink":"https:\/\/www.cultcaffe.at\/pl\/agbs\/"},"telephone":[],"openingHoursSpecification":[{"@type":"OpeningHoursSpecification","dayOfWeek":["Monday","Tuesday","Wednesday","Thursday","Friday","Saturday","Sunday"],"opens":"09:00","closes":"17:00"}]},{"@type":"ImageObject","inLanguage":"pl-PL","@id":"https:\/\/www.cultcaffe.at\/produkt\/genuss-paket\/#local-main-organization-logo","url":"https:\/\/www.cultcaffe.at\/wp-content\/uploads\/2023\/11\/cultcaffe_logo_regular_dark-1.svg","contentUrl":"https:\/\/www.cultcaffe.at\/wp-content\/uploads\/2023\/11\/cultcaffe_logo_regular_dark-1.svg","width":756,"height":474,"caption":"CultCaff\u00e9 Kaffeer\u00f6sterei GmbH"}]},"product_price_amount":"72.00","product_price_currency":"EUR","og_availability":"instock","product_availability":"instock","product_condition":"new"},"_links":{"self":[{"href":"https:\/\/www.cultcaffe.at\/pl\/wp-json\/wp\/v2\/product\/13789","targetHints":{"allow":["GET"]}}],"collection":[{"href":"https:\/\/www.cultcaffe.at\/pl\/wp-json\/wp\/v2\/product"}],"about":[{"href":"https:\/\/www.cultcaffe.at\/pl\/wp-json\/wp\/v2\/types\/product"}],"wp:featuredmedia":[{"embeddable":true,"href":"https:\/\/www.cultcaffe.at\/pl\/wp-json\/wp\/v2\/media\/14973"}],"wp:attachment":[{"href":"https:\/\/www.cultcaffe.at\/pl\/wp-json\/wp\/v2\/media?parent=13789"}],"wp:term":[{"taxonomy":"product_brand","embeddable":true,"href":"https:\/\/www.cultcaffe.at\/pl\/wp-json\/wp\/v2\/product_brand?post=13789"},{"taxonomy":"product_cat","embeddable":true,"href":"https:\/\/www.cultcaffe.at\/pl\/wp-json\/wp\/v2\/product_cat?post=13789"},{"taxonomy":"product_tag","embeddable":true,"href":"https:\/\/www.cultcaffe.at\/pl\/wp-json\/wp\/v2\/product_tag?post=13789"}],"curies":[{"name":"wp","href":"https:\/\/api.w.org\/{rel}","templated":true}]}}