{"id":960,"date":"2021-12-13T09:03:43","date_gmt":"2021-12-13T08:03:43","guid":{"rendered":"https:\/\/www.cultcaffe.at\/?page_id=960"},"modified":"2026-01-14T09:49:38","modified_gmt":"2026-01-14T08:49:38","slug":"odcisk","status":"publish","type":"page","link":"https:\/\/www.cultcaffe.at\/pl\/impressum\/","title":{"rendered":"odcisk"},"content":{"rendered":"<p><strong>Nazwa firmy<\/strong><br \/>\nCult Caff\u00e8 Coffee Roastery GmbH<br \/>\nul. K\u00f6chlinger Str. 14, 3371 Nowy Rynek<\/p>\n<p><strong>Kierownictwo<\/strong><br \/>\nSilvia Lasselsberger, Walter Schweifer<\/p>\n<p>Numer VAT: ATU 69902518<br \/>\nFN: 440038s HG St. P\u00f6lten<\/p>\n<p>Dane bankowe: Volksbank Alpenvorland<br \/>\nIBAN: AT44 4715 0415 2880 0000<br \/>\nBIC\/SWIFT: VBOEATWWNOM<\/p>\n<p><strong>Prawo autorskie<\/strong><br \/>\nWszelkie tre\u015bci, zdj\u0119cia, teksty i grafiki s\u0105 chronione prawem autorskim. Nie wolno ich kopiowa\u0107, modyfikowa\u0107, reprodukowa\u0107 ani publikowa\u0107 w ca\u0142o\u015bci lub w cz\u0119\u015bci bez uprzedniej pisemnej zgody.<\/p>\n<p><strong>Warunki korzystania<\/strong><br \/>\nZawarto\u015b\u0107 tej witryny internetowej jest og\u00f3lnodost\u0119pna i s\u0142u\u017cy wy\u0142\u0105cznie celom informacyjnym. Skorzystanie z opcji dost\u0119pnych na stronie internetowej nie powoduje \u017cadnych transakcji prawnych pomi\u0119dzy w\u0142a\u015bcicielem a u\u017cytkownikami. Dalsza procedura pomi\u0119dzy dostawcami i u\u017cytkownikami oraz ewentualne p\u00f3\u017aniejsze zawarcie um\u00f3w pomi\u0119dzy dostawcami i u\u017cytkownikami le\u017c\u0105 w wy\u0142\u0105cznej gestii u\u017cytkownik\u00f3w.<\/p>\n<p><strong>Prawa autorskie \/ Zastrze\u017cenie<\/strong><br \/>\nBior\u0105c pod uwag\u0119 parametry techniczne Internetu, nie mo\u017cemy zagwarantowa\u0107 autentyczno\u015bci, dok\u0142adno\u015bci i kompletno\u015bci informacji udost\u0119pnianych w Internecie. Nie udziela si\u0119 \u017cadnej gwarancji co do dost\u0119pno\u015bci i dzia\u0142ania tej witryny internetowej oraz jej zawarto\u015bci.<\/p>\n<p>Wszelka odpowiedzialno\u015b\u0107 za szkody bezpo\u015brednie, po\u015brednie lub inne, bez wzgl\u0119du na ich przyczyn\u0119, powsta\u0142e na skutek wykorzystania lub braku dost\u0119pno\u015bci danych i informacji zamieszczonych na tej stronie internetowej jest wy\u0142\u0105czona, w zakresie dozwolonym przez prawo.<\/p>\n<p>Tre\u015b\u0107 tej strony internetowej jest chroniona prawami autorskimi. Informacje przeznaczone s\u0105 wy\u0142\u0105cznie do u\u017cytku osobistego. Jakiekolwiek dalsze wykorzystanie, w szczeg\u00f3lno\u015bci przechowywanie w bazach danych, powielanie i wszelkie formy wykorzystania komercyjnego, a tak\u017ce przekazywanie osobom trzecim - nawet we fragmentach lub w formie zmienionej - bez zgody witryny internetowej lub w\u0142a\u015bciciela praw jest zabronione.<\/p>\n<p>Hiper\u0142\u0105cza do tej witryny internetowej s\u0105 mile widziane, pod warunkiem, \u017ce mo\u017cliwe b\u0119dzie jednoznaczne wskazanie pochodzenia tre\u015bci i wykluczone jest jakiekolwiek wprowadzanie u\u017cytkownik\u00f3w w b\u0142\u0105d. Zabrania si\u0119 umieszczania poszczeg\u00f3lnych stron naszej oferty w zewn\u0119trznych ramkach, jak r\u00f3wnie\u017c udost\u0119pniania naszych kana\u0142\u00f3w RSS na zewn\u0119trznych stronach internetowych.<\/p>\n<p><strong>Odpowiedzialno\u015b\u0107 za linki<\/strong><br \/>\nNiniejszy blog zawiera linki do zewn\u0119trznych stron internetowych os\u00f3b trzecich, na kt\u00f3rych tre\u015b\u0107 operator tej strony internetowej nie ma wp\u0142ywu. W zwi\u0105zku z tym nie mo\u017cemy przyj\u0105\u0107 \u017cadnej odpowiedzialno\u015bci za t\u0119 zewn\u0119trzn\u0105 tre\u015b\u0107. Za tre\u015b\u0107 podlinkowanych stron odpowiada zawsze ich dostawca lub operator. Podlinkowane strony zosta\u0142y sprawdzone pod k\u0105tem ewentualnych narusze\u0144 prawa w momencie ich zamieszczania. W momencie linkowania nie rozpoznano tre\u015bci niezgodnych z prawem. Jednak\u017ce sta\u0142e monitorowanie tre\u015bci podlinkowanych stron nie jest uzasadnione bez konkretnych dowod\u00f3w naruszenia prawa. Je\u015bli dowiemy si\u0119 o jakimkolwiek naruszeniu prawa, natychmiast usuniemy takie linki.<\/p>\n<p><strong>Projektowanie i rozw\u00f3j<\/strong><br \/>\nUs\u0142ugi online Wolfbiz \u2013 Carina Hager<br \/>\nD\u00fcrnbach 72<br \/>\n3254 Bergland<br \/>\n<a href=\"https:\/\/www.wolfbiz.at\">www.wolfbiz.at<\/a><\/p>","protected":false},"excerpt":{"rendered":"<p>Firmenname Cult Caff\u00e8 Kaffeer\u00f6sterei GmbH K\u00f6chlinger Str. 14, 3371 Neumarkt Gesch\u00e4ftsf\u00fchrung Silvia Lasselsberger, Walter Schweifer UID: ATU 69902518 FN: 440038s HG St. P\u00f6lten Bankverbindung: Volksbank Alpenvorland IBAN: AT44 4715 0415 2880 0000 BIC\/SWIFT: VBOEATWWNOM Urheberrecht, Copyright S\u00e4mtliche Inhalte, Fotos, Texte und Grafiken sind urheberrechtlich gesch\u00fctzt. Sie d\u00fcrfen ohne vorherige schriftliche Genehmigung weder ganz noch auszugsweise [&hellip;]<\/p>\n","protected":false},"author":6,"featured_media":0,"parent":0,"menu_order":0,"comment_status":"closed","ping_status":"closed","template":"","meta":{"inline_featured_image":false,"footnotes":""},"class_list":["post-960","page","type-page","status-publish","hentry"],"yoast_head":"<!-- This site is optimized with the Yoast SEO plugin v27.5 - https:\/\/yoast.com\/product\/yoast-seo-wordpress\/ -->\n<title>Impressum - CultCaff\u00e9 - die Bio Kaffee R\u00f6sterei<\/title>\n<meta name=\"robots\" content=\"index, follow, max-snippet:-1, max-image-preview:large, max-video-preview:-1\" \/>\n<link rel=\"canonical\" href=\"https:\/\/www.cultcaffe.at\/pl\/odcisk\/\" \/>\n<meta property=\"og:locale\" content=\"pl_PL\" \/>\n<meta property=\"og:type\" content=\"article\" \/>\n<meta property=\"og:title\" content=\"Impressum - CultCaff\u00e9 - die Bio Kaffee R\u00f6sterei\" \/>\n<meta property=\"og:description\" content=\"Firmenname Cult Caff\u00e8 Kaffeer\u00f6sterei GmbH K\u00f6chlinger Str. 14, 3371 Neumarkt Gesch\u00e4ftsf\u00fchrung Silvia Lasselsberger, Walter Schweifer UID: ATU 69902518 FN: 440038s HG St. P\u00f6lten Bankverbindung: Volksbank Alpenvorland IBAN: AT44 4715 0415 2880 0000 BIC\/SWIFT: VBOEATWWNOM Urheberrecht, Copyright S\u00e4mtliche Inhalte, Fotos, Texte und Grafiken sind urheberrechtlich gesch\u00fctzt. Sie d\u00fcrfen ohne vorherige schriftliche Genehmigung weder ganz noch auszugsweise [&hellip;]\" \/>\n<meta property=\"og:url\" content=\"https:\/\/www.cultcaffe.at\/pl\/odcisk\/\" \/>\n<meta property=\"og:site_name\" content=\"CultCaff\u00e9 - die Bio Kaffee R\u00f6sterei\" \/>\n<meta property=\"article:publisher\" content=\"https:\/\/www.facebook.com\/p\/Cult-Caff%c3%a8-die-R%c3%b6sterei-100039719724703\/?locale=de_DE\" \/>\n<meta property=\"article:modified_time\" content=\"2026-01-14T08:49:38+00:00\" \/>\n<meta name=\"twitter:card\" content=\"summary_large_image\" \/>\n<meta name=\"twitter:label1\" content=\"Szacowany czas czytania\" \/>\n\t<meta name=\"twitter:data1\" content=\"3 minuty\" \/>\n<script type=\"application\/ld+json\" class=\"yoast-schema-graph\">{\"@context\":\"https:\\\/\\\/schema.org\",\"@graph\":[{\"@type\":\"WebPage\",\"@id\":\"https:\\\/\\\/www.cultcaffe.at\\\/impressum\\\/\",\"url\":\"https:\\\/\\\/www.cultcaffe.at\\\/impressum\\\/\",\"name\":\"Impressum - CultCaff\u00e9 - die Bio Kaffee R\u00f6sterei\",\"isPartOf\":{\"@id\":\"https:\\\/\\\/www.cultcaffe.at\\\/#website\"},\"datePublished\":\"2021-12-13T08:03:43+00:00\",\"dateModified\":\"2026-01-14T08:49:38+00:00\",\"breadcrumb\":{\"@id\":\"https:\\\/\\\/www.cultcaffe.at\\\/impressum\\\/#breadcrumb\"},\"inLanguage\":\"pl-PL\",\"potentialAction\":[{\"@type\":\"ReadAction\",\"target\":[\"https:\\\/\\\/www.cultcaffe.at\\\/impressum\\\/\"]}]},{\"@type\":\"BreadcrumbList\",\"@id\":\"https:\\\/\\\/www.cultcaffe.at\\\/impressum\\\/#breadcrumb\",\"itemListElement\":[{\"@type\":\"ListItem\",\"position\":1,\"name\":\"Startseite\",\"item\":\"https:\\\/\\\/www.cultcaffe.at\\\/\"},{\"@type\":\"ListItem\",\"position\":2,\"name\":\"Impressum\"}]},{\"@type\":\"WebSite\",\"@id\":\"https:\\\/\\\/www.cultcaffe.at\\\/#website\",\"url\":\"https:\\\/\\\/www.cultcaffe.at\\\/\",\"name\":\"CultCaff\u00e9 - die Bio Kaffee R\u00f6sterei\",\"description\":\"Liebe zum Kaffee\",\"publisher\":{\"@id\":\"https:\\\/\\\/www.cultcaffe.at\\\/#organization\"},\"potentialAction\":[{\"@type\":\"SearchAction\",\"target\":{\"@type\":\"EntryPoint\",\"urlTemplate\":\"https:\\\/\\\/www.cultcaffe.at\\\/?s={search_term_string}\"},\"query-input\":{\"@type\":\"PropertyValueSpecification\",\"valueRequired\":true,\"valueName\":\"search_term_string\"}}],\"inLanguage\":\"pl-PL\"},{\"@type\":[\"Organization\",\"Place\"],\"@id\":\"https:\\\/\\\/www.cultcaffe.at\\\/#organization\",\"name\":\"CultCaff\u00e9 Kaffeer\u00f6sterei GmbH\",\"alternateName\":\"CultCaff\u00e9\",\"url\":\"https:\\\/\\\/www.cultcaffe.at\\\/\",\"logo\":{\"@id\":\"https:\\\/\\\/www.cultcaffe.at\\\/impressum\\\/#local-main-organization-logo\"},\"image\":{\"@id\":\"https:\\\/\\\/www.cultcaffe.at\\\/impressum\\\/#local-main-organization-logo\"},\"sameAs\":[\"https:\\\/\\\/www.facebook.com\\\/p\\\/Cult-Caff\u00e8-die-R\u00f6sterei-100039719724703\\\/?locale=de_DE\",\"https:\\\/\\\/www.instagram.com\\\/cultcaffe.at\\\/\"],\"hasMerchantReturnPolicy\":{\"@type\":\"MerchantReturnPolicy\",\"merchantReturnLink\":\"https:\\\/\\\/www.cultcaffe.at\\\/pl\\\/agbs\\\/\"},\"telephone\":[],\"openingHoursSpecification\":[{\"@type\":\"OpeningHoursSpecification\",\"dayOfWeek\":[\"Monday\",\"Tuesday\",\"Wednesday\",\"Thursday\",\"Friday\",\"Saturday\",\"Sunday\"],\"opens\":\"09:00\",\"closes\":\"17:00\"}]},{\"@type\":\"ImageObject\",\"inLanguage\":\"pl-PL\",\"@id\":\"https:\\\/\\\/www.cultcaffe.at\\\/impressum\\\/#local-main-organization-logo\",\"url\":\"https:\\\/\\\/www.cultcaffe.at\\\/wp-content\\\/uploads\\\/2023\\\/11\\\/cultcaffe_logo_regular_dark-1.svg\",\"contentUrl\":\"https:\\\/\\\/www.cultcaffe.at\\\/wp-content\\\/uploads\\\/2023\\\/11\\\/cultcaffe_logo_regular_dark-1.svg\",\"width\":756,\"height\":474,\"caption\":\"CultCaff\u00e9 Kaffeer\u00f6sterei GmbH\"}]}<\/script>\n<!-- \/ Yoast SEO plugin. -->","yoast_head_json":{"title":"Impressum - CultCaff\u00e9 - organiczna palarnia kawy","robots":{"index":"index","follow":"follow","max-snippet":"max-snippet:-1","max-image-preview":"max-image-preview:large","max-video-preview":"max-video-preview:-1"},"canonical":"https:\/\/www.cultcaffe.at\/pl\/odcisk\/","og_locale":"pl_PL","og_type":"article","og_title":"Impressum - CultCaff\u00e9 - die Bio Kaffee R\u00f6sterei","og_description":"Firmenname Cult Caff\u00e8 Kaffeer\u00f6sterei GmbH K\u00f6chlinger Str. 14, 3371 Neumarkt Gesch\u00e4ftsf\u00fchrung Silvia Lasselsberger, Walter Schweifer UID: ATU 69902518 FN: 440038s HG St. P\u00f6lten Bankverbindung: Volksbank Alpenvorland IBAN: AT44 4715 0415 2880 0000 BIC\/SWIFT: VBOEATWWNOM Urheberrecht, Copyright S\u00e4mtliche Inhalte, Fotos, Texte und Grafiken sind urheberrechtlich gesch\u00fctzt. Sie d\u00fcrfen ohne vorherige schriftliche Genehmigung weder ganz noch auszugsweise [&hellip;]","og_url":"https:\/\/www.cultcaffe.at\/pl\/odcisk\/","og_site_name":"CultCaff\u00e9 - die Bio Kaffee R\u00f6sterei","article_publisher":"https:\/\/www.facebook.com\/p\/Cult-Caff%c3%a8-die-R%c3%b6sterei-100039719724703\/?locale=de_DE","article_modified_time":"2026-01-14T08:49:38+00:00","twitter_card":"summary_large_image","twitter_misc":{"Szacowany czas czytania":"3 minuty"},"schema":{"@context":"https:\/\/schema.org","@graph":[{"@type":"WebPage","@id":"https:\/\/www.cultcaffe.at\/impressum\/","url":"https:\/\/www.cultcaffe.at\/impressum\/","name":"Impressum - CultCaff\u00e9 - organiczna palarnia kawy","isPartOf":{"@id":"https:\/\/www.cultcaffe.at\/#website"},"datePublished":"2021-12-13T08:03:43+00:00","dateModified":"2026-01-14T08:49:38+00:00","breadcrumb":{"@id":"https:\/\/www.cultcaffe.at\/impressum\/#breadcrumb"},"inLanguage":"pl-PL","potentialAction":[{"@type":"ReadAction","target":["https:\/\/www.cultcaffe.at\/impressum\/"]}]},{"@type":"BreadcrumbList","@id":"https:\/\/www.cultcaffe.at\/impressum\/#breadcrumb","itemListElement":[{"@type":"ListItem","position":1,"name":"Startseite","item":"https:\/\/www.cultcaffe.at\/"},{"@type":"ListItem","position":2,"name":"Impressum"}]},{"@type":"WebSite","@id":"https:\/\/www.cultcaffe.at\/#website","url":"https:\/\/www.cultcaffe.at\/","name":"CultCaff\u00e9 \u2013 organiczna palarnia kawy","description":"Mi\u0142o\u015b\u0107 do kawy","publisher":{"@id":"https:\/\/www.cultcaffe.at\/#organization"},"potentialAction":[{"@type":"SearchAction","target":{"@type":"EntryPoint","urlTemplate":"https:\/\/www.cultcaffe.at\/?s={search_term_string}"},"query-input":{"@type":"PropertyValueSpecification","valueRequired":true,"valueName":"search_term_string"}}],"inLanguage":"pl-PL"},{"@type":["Organization","Place"],"@id":"https:\/\/www.cultcaffe.at\/#organization","name":"CultCaff\u00e9 Coffee Roastery GmbH","alternateName":"CultCaff\u00e9","url":"https:\/\/www.cultcaffe.at\/","logo":{"@id":"https:\/\/www.cultcaffe.at\/impressum\/#local-main-organization-logo"},"image":{"@id":"https:\/\/www.cultcaffe.at\/impressum\/#local-main-organization-logo"},"sameAs":["https:\/\/www.facebook.com\/p\/Cult-Caff\u00e8-die-R\u00f6sterei-100039719724703\/?locale=de_DE","https:\/\/www.instagram.com\/cultcaffe.at\/"],"hasMerchantReturnPolicy":{"@type":"MerchantReturnPolicy","merchantReturnLink":"https:\/\/www.cultcaffe.at\/pl\/agbs\/"},"telephone":[],"openingHoursSpecification":[{"@type":"OpeningHoursSpecification","dayOfWeek":["Monday","Tuesday","Wednesday","Thursday","Friday","Saturday","Sunday"],"opens":"09:00","closes":"17:00"}]},{"@type":"ImageObject","inLanguage":"pl-PL","@id":"https:\/\/www.cultcaffe.at\/impressum\/#local-main-organization-logo","url":"https:\/\/www.cultcaffe.at\/wp-content\/uploads\/2023\/11\/cultcaffe_logo_regular_dark-1.svg","contentUrl":"https:\/\/www.cultcaffe.at\/wp-content\/uploads\/2023\/11\/cultcaffe_logo_regular_dark-1.svg","width":756,"height":474,"caption":"CultCaff\u00e9 Kaffeer\u00f6sterei GmbH"}]}},"_links":{"self":[{"href":"https:\/\/www.cultcaffe.at\/pl\/wp-json\/wp\/v2\/pages\/960","targetHints":{"allow":["GET"]}}],"collection":[{"href":"https:\/\/www.cultcaffe.at\/pl\/wp-json\/wp\/v2\/pages"}],"about":[{"href":"https:\/\/www.cultcaffe.at\/pl\/wp-json\/wp\/v2\/types\/page"}],"author":[{"embeddable":true,"href":"https:\/\/www.cultcaffe.at\/pl\/wp-json\/wp\/v2\/users\/6"}],"replies":[{"embeddable":true,"href":"https:\/\/www.cultcaffe.at\/pl\/wp-json\/wp\/v2\/comments?post=960"}],"version-history":[{"count":7,"href":"https:\/\/www.cultcaffe.at\/pl\/wp-json\/wp\/v2\/pages\/960\/revisions"}],"predecessor-version":[{"id":19267,"href":"https:\/\/www.cultcaffe.at\/pl\/wp-json\/wp\/v2\/pages\/960\/revisions\/19267"}],"wp:attachment":[{"href":"https:\/\/www.cultcaffe.at\/pl\/wp-json\/wp\/v2\/media?parent=960"}],"curies":[{"name":"wp","href":"https:\/\/api.w.org\/{rel}","templated":true}]}}