{"id":18301,"date":"2025-04-30T10:08:10","date_gmt":"2025-04-30T08:08:10","guid":{"rendered":"https:\/\/www.cultcaffe.at\/?page_id=18301"},"modified":"2025-04-30T10:10:44","modified_gmt":"2025-04-30T08:10:44","slug":"aktualne-wiadomosci-i-aktualnosci-z-cult-cafe","status":"publish","type":"page","link":"https:\/\/www.cultcaffe.at\/pl\/aktuelles-und-news-von-cultcaffe\/","title":{"rendered":"Najnowsze wiadomo\u015bci z CultCaff\u00e9"},"content":{"rendered":"<div data-elementor-type=\"wp-page\" data-elementor-id=\"18301\" class=\"elementor elementor-18301\" data-elementor-post-type=\"page\">\n\t\t\t\t<div class=\"elementor-element elementor-element-4cb9d69 e-flex e-con-boxed e-con e-parent\" data-id=\"4cb9d69\" data-element_type=\"container\" data-e-type=\"container\">\n\t\t\t\t\t<div class=\"e-con-inner\">\n\t\t\t\t<div class=\"elementor-element elementor-element-78ed255 elementor-widget elementor-widget-heading\" data-id=\"78ed255\" data-element_type=\"widget\" data-e-type=\"widget\" data-widget_type=\"heading.default\">\n\t\t\t\t<div class=\"elementor-widget-container\">\n\t\t\t\t\t<h1 class=\"elementor-heading-title elementor-size-default\">Najnowsze wiadomo\u015bci z CultCaff\u00e9<\/h1>\t\t\t\t<\/div>\n\t\t\t\t<\/div>\n\t\t\t\t<div class=\"elementor-element elementor-element-e7ab439 elementor-grid-3 elementor-grid-tablet-2 elementor-grid-mobile-1 elementor-posts--thumbnail-top elementor-posts--show-avatar elementor-card-shadow-yes elementor-posts__hover-gradient elementor-widget elementor-widget-posts\" data-id=\"e7ab439\" data-element_type=\"widget\" data-e-type=\"widget\" data-settings=\"{&quot;cards_columns&quot;:&quot;3&quot;,&quot;cards_columns_tablet&quot;:&quot;2&quot;,&quot;cards_columns_mobile&quot;:&quot;1&quot;,&quot;cards_row_gap&quot;:{&quot;unit&quot;:&quot;px&quot;,&quot;size&quot;:35,&quot;sizes&quot;:[]},&quot;cards_row_gap_tablet&quot;:{&quot;unit&quot;:&quot;px&quot;,&quot;size&quot;:&quot;&quot;,&quot;sizes&quot;:[]},&quot;cards_row_gap_mobile&quot;:{&quot;unit&quot;:&quot;px&quot;,&quot;size&quot;:&quot;&quot;,&quot;sizes&quot;:[]}}\" data-widget_type=\"posts.cards\">\n\t\t\t\t<div class=\"elementor-widget-container\">\n\t\t\t\t\t\t\t<div class=\"elementor-posts-container elementor-posts elementor-posts--skin-cards elementor-grid\" role=\"list\">\n\t\t\t\t<article class=\"elementor-post elementor-grid-item post-18840 post type-post status-publish format-standard has-post-thumbnail hentry category-allgemein\" role=\"listitem\">\n\t\t\t<div class=\"elementor-post__card\">\n\t\t\t\t<a class=\"elementor-post__thumbnail__link\" href=\"https:\/\/www.cultcaffe.at\/pl\/expresso-for-coffee-lovers-10-25\/\" tabindex=\"-1\" ><div class=\"elementor-post__thumbnail\"><img fetchpriority=\"high\" decoding=\"async\" width=\"300\" height=\"200\" src=\"https:\/\/www.cultcaffe.at\/wp-content\/uploads\/2025\/03\/cultcaffe_buero-300x200.jpg\" class=\"attachment-medium size-medium wp-image-17982\" alt=\"\" srcset=\"https:\/\/www.cultcaffe.at\/wp-content\/uploads\/2025\/03\/cultcaffe_buero-300x200.jpg 300w, https:\/\/www.cultcaffe.at\/wp-content\/uploads\/2025\/03\/cultcaffe_buero-600x400.jpg 600w, https:\/\/www.cultcaffe.at\/wp-content\/uploads\/2025\/03\/cultcaffe_buero-1024x683.jpg 1024w, https:\/\/www.cultcaffe.at\/wp-content\/uploads\/2025\/03\/cultcaffe_buero-768x513.jpg 768w, https:\/\/www.cultcaffe.at\/wp-content\/uploads\/2025\/03\/cultcaffe_buero.jpg 1500w\" sizes=\"(max-width: 300px) 100vw, 300px\" \/><\/div><\/a>\n\t\t\t\t<div class=\"elementor-post__badge\">Og\u00f3lnie<\/div>\n\t\t\t\t<div class=\"elementor-post__avatar\">\n\t\t\t\t\t<\/div>\n\t\t\t\t<div class=\"elementor-post__text\">\n\t\t\t\t<h3 class=\"elementor-post__title\">\n\t\t\t<a href=\"https:\/\/www.cultcaffe.at\/pl\/expresso-for-coffee-lovers-10-25\/\" >\n\t\t\t\tExpresso dla mi\u0142o\u015bnik\u00f3w kawy Numer 10\/25\t\t\t<\/a>\n\t\t<\/h3>\n\t\t\n\t\t<a class=\"elementor-post__read-more\" href=\"https:\/\/www.cultcaffe.at\/pl\/expresso-for-coffee-lovers-10-25\/\" aria-label=\"Read more about Expresso for Coffee Lovers Ausgabe 10\/25\" tabindex=\"-1\" >\n\t\t\tPrzeczytaj wi\u0119cej \u00bb\t\t<\/a>\n\n\t\t\t\t<\/div>\n\t\t\t\t\t<\/div>\n\t\t<\/article>\n\t\t\t\t<article class=\"elementor-post elementor-grid-item post-18425 post type-post status-publish format-standard has-post-thumbnail hentry category-allgemein\" role=\"listitem\">\n\t\t\t<div class=\"elementor-post__card\">\n\t\t\t\t<a class=\"elementor-post__thumbnail__link\" href=\"https:\/\/www.cultcaffe.at\/pl\/espresso-for-coffee-lovers-ausgabe-01-25\/\" tabindex=\"-1\" ><div class=\"elementor-post__thumbnail\"><img decoding=\"async\" width=\"300\" height=\"200\" src=\"https:\/\/www.cultcaffe.at\/wp-content\/uploads\/2024\/02\/CultCaffe\u00a9nimozimmerhackl_MGL8924-300x200.jpg\" class=\"attachment-medium size-medium wp-image-15039\" alt=\"\" srcset=\"https:\/\/www.cultcaffe.at\/wp-content\/uploads\/2024\/02\/CultCaffe\u00a9nimozimmerhackl_MGL8924-300x200.jpg 300w, https:\/\/www.cultcaffe.at\/wp-content\/uploads\/2024\/02\/CultCaffe\u00a9nimozimmerhackl_MGL8924-scaled-600x400.jpg 600w, https:\/\/www.cultcaffe.at\/wp-content\/uploads\/2024\/02\/CultCaffe\u00a9nimozimmerhackl_MGL8924-1024x683.jpg 1024w, https:\/\/www.cultcaffe.at\/wp-content\/uploads\/2024\/02\/CultCaffe\u00a9nimozimmerhackl_MGL8924-768x512.jpg 768w, https:\/\/www.cultcaffe.at\/wp-content\/uploads\/2024\/02\/CultCaffe\u00a9nimozimmerhackl_MGL8924-1536x1024.jpg 1536w, https:\/\/www.cultcaffe.at\/wp-content\/uploads\/2024\/02\/CultCaffe\u00a9nimozimmerhackl_MGL8924-2048x1365.jpg 2048w, https:\/\/www.cultcaffe.at\/wp-content\/uploads\/2024\/02\/CultCaffe\u00a9nimozimmerhackl_MGL8924-900x600.jpg 900w\" sizes=\"(max-width: 300px) 100vw, 300px\" \/><\/div><\/a>\n\t\t\t\t<div class=\"elementor-post__badge\">Og\u00f3lnie<\/div>\n\t\t\t\t<div class=\"elementor-post__avatar\">\n\t\t\t\t\t<\/div>\n\t\t\t\t<div class=\"elementor-post__text\">\n\t\t\t\t<h3 class=\"elementor-post__title\">\n\t\t\t<a href=\"https:\/\/www.cultcaffe.at\/pl\/espresso-for-coffee-lovers-ausgabe-01-25\/\" >\n\t\t\t\tEspresso dla mi\u0142o\u015bnik\u00f3w kawy \u2013 Numer 01\/25\t\t\t<\/a>\n\t\t<\/h3>\n\t\t\n\t\t<a class=\"elementor-post__read-more\" href=\"https:\/\/www.cultcaffe.at\/pl\/espresso-for-coffee-lovers-ausgabe-01-25\/\" aria-label=\"Przeczytaj wi\u0119cej o Espresso dla mi\u0142o\u015bnik\u00f3w kawy \u2013 numer 01\/25\" tabindex=\"-1\" >\n\t\t\tPrzeczytaj wi\u0119cej \u00bb\t\t<\/a>\n\n\t\t\t\t<\/div>\n\t\t\t\t\t<\/div>\n\t\t<\/article>\n\t\t\t\t<article class=\"elementor-post elementor-grid-item post-18292 post type-post status-publish format-standard has-post-thumbnail hentry category-allgemein\" role=\"listitem\">\n\t\t\t<div class=\"elementor-post__card\">\n\t\t\t\t<a class=\"elementor-post__thumbnail__link\" href=\"https:\/\/www.cultcaffe.at\/pl\/kaffeepreis-wo-geht-die-reise-hin\/\" tabindex=\"-1\" ><div class=\"elementor-post__thumbnail\"><img decoding=\"async\" width=\"300\" height=\"225\" src=\"https:\/\/www.cultcaffe.at\/wp-content\/uploads\/2025\/03\/sorten-und-blends-cultcaffe-300x225.jpg\" class=\"attachment-medium size-medium wp-image-17128\" alt=\"\" srcset=\"https:\/\/www.cultcaffe.at\/wp-content\/uploads\/2025\/03\/sorten-und-blends-cultcaffe-300x225.jpg 300w, https:\/\/www.cultcaffe.at\/wp-content\/uploads\/2025\/03\/sorten-und-blends-cultcaffe-600x450.jpg 600w, https:\/\/www.cultcaffe.at\/wp-content\/uploads\/2025\/03\/sorten-und-blends-cultcaffe-1024x768.jpg 1024w, https:\/\/www.cultcaffe.at\/wp-content\/uploads\/2025\/03\/sorten-und-blends-cultcaffe-768x576.jpg 768w, https:\/\/www.cultcaffe.at\/wp-content\/uploads\/2025\/03\/sorten-und-blends-cultcaffe-1536x1152.jpg 1536w, https:\/\/www.cultcaffe.at\/wp-content\/uploads\/2025\/03\/sorten-und-blends-cultcaffe-2048x1536.jpg 2048w\" sizes=\"(max-width: 300px) 100vw, 300px\" \/><\/div><\/a>\n\t\t\t\t<div class=\"elementor-post__badge\">Og\u00f3lnie<\/div>\n\t\t\t\t<div class=\"elementor-post__avatar\">\n\t\t\t\t\t<\/div>\n\t\t\t\t<div class=\"elementor-post__text\">\n\t\t\t\t<h3 class=\"elementor-post__title\">\n\t\t\t<a href=\"https:\/\/www.cultcaffe.at\/pl\/kaffeepreis-wo-geht-die-reise-hin\/\" >\n\t\t\t\tCena kawy \u2013 dok\u0105d zmierza?\t\t\t<\/a>\n\t\t<\/h3>\n\t\t\n\t\t<a class=\"elementor-post__read-more\" href=\"https:\/\/www.cultcaffe.at\/pl\/kaffeepreis-wo-geht-die-reise-hin\/\" aria-label=\"Przeczytaj wi\u0119cej na temat cen kawy \u2013 dok\u0105d zmierzaj\u0105?\" tabindex=\"-1\" >\n\t\t\tPrzeczytaj wi\u0119cej \u00bb\t\t<\/a>\n\n\t\t\t\t<\/div>\n\t\t\t\t\t<\/div>\n\t\t<\/article>\n\t\t\t\t<article class=\"elementor-post elementor-grid-item post-15659 post type-post status-publish format-standard has-post-thumbnail hentry category-allgemein\" role=\"listitem\">\n\t\t\t<div class=\"elementor-post__card\">\n\t\t\t\t<a class=\"elementor-post__thumbnail__link\" href=\"https:\/\/www.cultcaffe.at\/pl\/expresso-for-coffee-lovers-ausgabe-02-24\/\" tabindex=\"-1\" ><div class=\"elementor-post__thumbnail\"><img decoding=\"async\" width=\"300\" height=\"200\" src=\"https:\/\/www.cultcaffe.at\/wp-content\/uploads\/2024\/02\/CultCaffe\u00a9nimozimmerhackl_MGL8924-300x200.jpg\" class=\"attachment-medium size-medium wp-image-15039\" alt=\"\" srcset=\"https:\/\/www.cultcaffe.at\/wp-content\/uploads\/2024\/02\/CultCaffe\u00a9nimozimmerhackl_MGL8924-300x200.jpg 300w, https:\/\/www.cultcaffe.at\/wp-content\/uploads\/2024\/02\/CultCaffe\u00a9nimozimmerhackl_MGL8924-scaled-600x400.jpg 600w, https:\/\/www.cultcaffe.at\/wp-content\/uploads\/2024\/02\/CultCaffe\u00a9nimozimmerhackl_MGL8924-1024x683.jpg 1024w, https:\/\/www.cultcaffe.at\/wp-content\/uploads\/2024\/02\/CultCaffe\u00a9nimozimmerhackl_MGL8924-768x512.jpg 768w, https:\/\/www.cultcaffe.at\/wp-content\/uploads\/2024\/02\/CultCaffe\u00a9nimozimmerhackl_MGL8924-1536x1024.jpg 1536w, https:\/\/www.cultcaffe.at\/wp-content\/uploads\/2024\/02\/CultCaffe\u00a9nimozimmerhackl_MGL8924-2048x1365.jpg 2048w, https:\/\/www.cultcaffe.at\/wp-content\/uploads\/2024\/02\/CultCaffe\u00a9nimozimmerhackl_MGL8924-900x600.jpg 900w\" sizes=\"(max-width: 300px) 100vw, 300px\" \/><\/div><\/a>\n\t\t\t\t<div class=\"elementor-post__badge\">Og\u00f3lnie<\/div>\n\t\t\t\t<div class=\"elementor-post__avatar\">\n\t\t\t\t\t<\/div>\n\t\t\t\t<div class=\"elementor-post__text\">\n\t\t\t\t<h3 class=\"elementor-post__title\">\n\t\t\t<a href=\"https:\/\/www.cultcaffe.at\/pl\/expresso-for-coffee-lovers-ausgabe-02-24\/\" >\n\t\t\t\tExpresso dla mi\u0142o\u015bnik\u00f3w kawy Numer 02\/24\t\t\t<\/a>\n\t\t<\/h3>\n\t\t\n\t\t<a class=\"elementor-post__read-more\" href=\"https:\/\/www.cultcaffe.at\/pl\/expresso-for-coffee-lovers-ausgabe-02-24\/\" aria-label=\"Przeczytaj wi\u0119cej o Expresso for Coffee Lovers Numer 02\/24\" tabindex=\"-1\" >\n\t\t\tPrzeczytaj wi\u0119cej \u00bb\t\t<\/a>\n\n\t\t\t\t<\/div>\n\t\t\t\t\t<\/div>\n\t\t<\/article>\n\t\t\t\t<article class=\"elementor-post elementor-grid-item post-14928 post type-post status-publish format-standard has-post-thumbnail hentry category-allgemein\" role=\"listitem\">\n\t\t\t<div class=\"elementor-post__card\">\n\t\t\t\t<a class=\"elementor-post__thumbnail__link\" href=\"https:\/\/www.cultcaffe.at\/pl\/costa-rica-kaffeereise-2024\/\" tabindex=\"-1\" ><div class=\"elementor-post__thumbnail\"><img loading=\"lazy\" decoding=\"async\" width=\"300\" height=\"225\" src=\"https:\/\/www.cultcaffe.at\/wp-content\/uploads\/2024\/04\/cost-rica-rundreise-cultcaffe-300x225.jpg\" class=\"attachment-medium size-medium wp-image-14750\" alt=\"\" srcset=\"https:\/\/www.cultcaffe.at\/wp-content\/uploads\/2024\/04\/cost-rica-rundreise-cultcaffe-300x225.jpg 300w, https:\/\/www.cultcaffe.at\/wp-content\/uploads\/2024\/04\/cost-rica-rundreise-cultcaffe-600x450.jpg 600w, https:\/\/www.cultcaffe.at\/wp-content\/uploads\/2024\/04\/cost-rica-rundreise-cultcaffe-1024x768.jpg 1024w, https:\/\/www.cultcaffe.at\/wp-content\/uploads\/2024\/04\/cost-rica-rundreise-cultcaffe-768x576.jpg 768w, https:\/\/www.cultcaffe.at\/wp-content\/uploads\/2024\/04\/cost-rica-rundreise-cultcaffe.jpg 1384w\" sizes=\"(max-width: 300px) 100vw, 300px\" \/><\/div><\/a>\n\t\t\t\t<div class=\"elementor-post__badge\">Og\u00f3lnie<\/div>\n\t\t\t\t<div class=\"elementor-post__avatar\">\n\t\t\t\t\t<\/div>\n\t\t\t\t<div class=\"elementor-post__text\">\n\t\t\t\t<h3 class=\"elementor-post__title\">\n\t\t\t<a href=\"https:\/\/www.cultcaffe.at\/pl\/costa-rica-kaffeereise-2024\/\" >\n\t\t\t\tCosta Rica Coffee Tour 2024\t\t\t<\/a>\n\t\t<\/h3>\n\t\t\n\t\t<a class=\"elementor-post__read-more\" href=\"https:\/\/www.cultcaffe.at\/pl\/costa-rica-kaffeereise-2024\/\" aria-label=\"Przeczytaj wi\u0119cej o Costa Rica Coffee Tour 2024\" tabindex=\"-1\" >\n\t\t\tPrzeczytaj wi\u0119cej \u00bb\t\t<\/a>\n\n\t\t\t\t<\/div>\n\t\t\t\t\t<\/div>\n\t\t<\/article>\n\t\t\t\t<article class=\"elementor-post elementor-grid-item post-15032 post type-post status-publish format-standard has-post-thumbnail hentry category-allgemein\" role=\"listitem\">\n\t\t\t<div class=\"elementor-post__card\">\n\t\t\t\t<a class=\"elementor-post__thumbnail__link\" href=\"https:\/\/www.cultcaffe.at\/pl\/cafe-femenino\/\" tabindex=\"-1\" ><div class=\"elementor-post__thumbnail\"><img loading=\"lazy\" decoding=\"async\" width=\"300\" height=\"99\" src=\"https:\/\/www.cultcaffe.at\/wp-content\/uploads\/2024\/03\/CF_Foundation-300x99.png\" class=\"attachment-medium size-medium wp-image-18349\" alt=\"\" srcset=\"https:\/\/www.cultcaffe.at\/wp-content\/uploads\/2024\/03\/CF_Foundation-300x99.png 300w, https:\/\/www.cultcaffe.at\/wp-content\/uploads\/2024\/03\/CF_Foundation-600x197.png 600w, https:\/\/www.cultcaffe.at\/wp-content\/uploads\/2024\/03\/CF_Foundation-768x253.png 768w, https:\/\/www.cultcaffe.at\/wp-content\/uploads\/2024\/03\/CF_Foundation-18x6.png 18w, https:\/\/www.cultcaffe.at\/wp-content\/uploads\/2024\/03\/CF_Foundation.png 1025w\" sizes=\"(max-width: 300px) 100vw, 300px\" \/><\/div><\/a>\n\t\t\t\t<div class=\"elementor-post__badge\">Og\u00f3lnie<\/div>\n\t\t\t\t<div class=\"elementor-post__avatar\">\n\t\t\t\t\t<\/div>\n\t\t\t\t<div class=\"elementor-post__text\">\n\t\t\t\t<h3 class=\"elementor-post__title\">\n\t\t\t<a href=\"https:\/\/www.cultcaffe.at\/pl\/cafe-femenino\/\" >\n\t\t\t\tKawiarnia Femenino\t\t\t<\/a>\n\t\t<\/h3>\n\t\t\n\t\t<a class=\"elementor-post__read-more\" href=\"https:\/\/www.cultcaffe.at\/pl\/cafe-femenino\/\" aria-label=\"Przeczytaj wi\u0119cej o Caf\u00e9 Femenino\" tabindex=\"-1\" >\n\t\t\tPrzeczytaj wi\u0119cej \u00bb\t\t<\/a>\n\n\t\t\t\t<\/div>\n\t\t\t\t\t<\/div>\n\t\t<\/article>\n\t\t\t\t<\/div>\n\t\t\n\t\t\t\t\t\t<\/div>\n\t\t\t\t<\/div>\n\t\t\t\t\t<\/div>\n\t\t\t\t<\/div>\n\t\t\t\t<\/div>","protected":false},"excerpt":{"rendered":"<p>Najnowsze wiadomo\u015bci z CultCaff\u00e9<\/p>","protected":false},"author":6,"featured_media":0,"parent":0,"menu_order":0,"comment_status":"closed","ping_status":"closed","template":"","meta":{"inline_featured_image":false,"footnotes":""},"class_list":["post-18301","page","type-page","status-publish","hentry"],"yoast_head":"<!-- This site is optimized with the Yoast SEO plugin v27.5 - https:\/\/yoast.com\/product\/yoast-seo-wordpress\/ -->\n<title>Aktuelles und News von CultCaff\u00e9 - CultCaff\u00e9 - die Bio Kaffee R\u00f6sterei<\/title>\n<meta name=\"description\" content=\"Erfahre Neuigkeiten und Aktuelles rund um das Thema Kaffee und Kaffeezubereitung. Wir von CultCaff\u00e9 leben am Puls der Zeit und informen Sie.\" \/>\n<meta name=\"robots\" content=\"index, follow, max-snippet:-1, max-image-preview:large, max-video-preview:-1\" \/>\n<link rel=\"canonical\" href=\"https:\/\/www.cultcaffe.at\/pl\/aktualne-wiadomosci-i-aktualnosci-z-cult-cafe\/\" \/>\n<meta property=\"og:locale\" content=\"pl_PL\" \/>\n<meta property=\"og:type\" content=\"article\" \/>\n<meta property=\"og:title\" content=\"Aktuelles und News von CultCaff\u00e9 - CultCaff\u00e9 - die Bio Kaffee R\u00f6sterei\" \/>\n<meta property=\"og:description\" content=\"Erfahre Neuigkeiten und Aktuelles rund um das Thema Kaffee und Kaffeezubereitung. Wir von CultCaff\u00e9 leben am Puls der Zeit und informen Sie.\" \/>\n<meta property=\"og:url\" content=\"https:\/\/www.cultcaffe.at\/pl\/aktualne-wiadomosci-i-aktualnosci-z-cult-cafe\/\" \/>\n<meta property=\"og:site_name\" content=\"CultCaff\u00e9 - die Bio Kaffee R\u00f6sterei\" \/>\n<meta property=\"article:publisher\" content=\"https:\/\/www.facebook.com\/p\/Cult-Caff%c3%a8-die-R%c3%b6sterei-100039719724703\/?locale=de_DE\" \/>\n<meta property=\"article:modified_time\" content=\"2025-04-30T08:10:44+00:00\" \/>\n<meta name=\"twitter:card\" content=\"summary_large_image\" \/>\n<meta name=\"twitter:label1\" content=\"Szacowany czas czytania\" \/>\n\t<meta name=\"twitter:data1\" content=\"2 minuty\" \/>\n<script type=\"application\/ld+json\" class=\"yoast-schema-graph\">{\"@context\":\"https:\\\/\\\/schema.org\",\"@graph\":[{\"@type\":\"WebPage\",\"@id\":\"https:\\\/\\\/www.cultcaffe.at\\\/aktuelles-und-news-von-cultcaffe\\\/\",\"url\":\"https:\\\/\\\/www.cultcaffe.at\\\/aktuelles-und-news-von-cultcaffe\\\/\",\"name\":\"Aktuelles und News von CultCaff\u00e9 - CultCaff\u00e9 - die Bio Kaffee R\u00f6sterei\",\"isPartOf\":{\"@id\":\"https:\\\/\\\/www.cultcaffe.at\\\/#website\"},\"datePublished\":\"2025-04-30T08:08:10+00:00\",\"dateModified\":\"2025-04-30T08:10:44+00:00\",\"description\":\"Erfahre Neuigkeiten und Aktuelles rund um das Thema Kaffee und Kaffeezubereitung. Wir von CultCaff\u00e9 leben am Puls der Zeit und informen Sie.\",\"breadcrumb\":{\"@id\":\"https:\\\/\\\/www.cultcaffe.at\\\/aktuelles-und-news-von-cultcaffe\\\/#breadcrumb\"},\"inLanguage\":\"pl-PL\",\"potentialAction\":[{\"@type\":\"ReadAction\",\"target\":[\"https:\\\/\\\/www.cultcaffe.at\\\/aktuelles-und-news-von-cultcaffe\\\/\"]}]},{\"@type\":\"BreadcrumbList\",\"@id\":\"https:\\\/\\\/www.cultcaffe.at\\\/aktuelles-und-news-von-cultcaffe\\\/#breadcrumb\",\"itemListElement\":[{\"@type\":\"ListItem\",\"position\":1,\"name\":\"Startseite\",\"item\":\"https:\\\/\\\/www.cultcaffe.at\\\/\"},{\"@type\":\"ListItem\",\"position\":2,\"name\":\"Aktuelles und News von CultCaff\u00e9\"}]},{\"@type\":\"WebSite\",\"@id\":\"https:\\\/\\\/www.cultcaffe.at\\\/#website\",\"url\":\"https:\\\/\\\/www.cultcaffe.at\\\/\",\"name\":\"CultCaff\u00e9 - die Bio Kaffee R\u00f6sterei\",\"description\":\"Liebe zum Kaffee\",\"publisher\":{\"@id\":\"https:\\\/\\\/www.cultcaffe.at\\\/#organization\"},\"potentialAction\":[{\"@type\":\"SearchAction\",\"target\":{\"@type\":\"EntryPoint\",\"urlTemplate\":\"https:\\\/\\\/www.cultcaffe.at\\\/?s={search_term_string}\"},\"query-input\":{\"@type\":\"PropertyValueSpecification\",\"valueRequired\":true,\"valueName\":\"search_term_string\"}}],\"inLanguage\":\"pl-PL\"},{\"@type\":[\"Organization\",\"Place\"],\"@id\":\"https:\\\/\\\/www.cultcaffe.at\\\/#organization\",\"name\":\"CultCaff\u00e9 Kaffeer\u00f6sterei GmbH\",\"alternateName\":\"CultCaff\u00e9\",\"url\":\"https:\\\/\\\/www.cultcaffe.at\\\/\",\"logo\":{\"@id\":\"https:\\\/\\\/www.cultcaffe.at\\\/aktuelles-und-news-von-cultcaffe\\\/#local-main-organization-logo\"},\"image\":{\"@id\":\"https:\\\/\\\/www.cultcaffe.at\\\/aktuelles-und-news-von-cultcaffe\\\/#local-main-organization-logo\"},\"sameAs\":[\"https:\\\/\\\/www.facebook.com\\\/p\\\/Cult-Caff\u00e8-die-R\u00f6sterei-100039719724703\\\/?locale=de_DE\",\"https:\\\/\\\/www.instagram.com\\\/cultcaffe.at\\\/\"],\"hasMerchantReturnPolicy\":{\"@type\":\"MerchantReturnPolicy\",\"merchantReturnLink\":\"https:\\\/\\\/www.cultcaffe.at\\\/pl\\\/agbs\\\/\"},\"telephone\":[],\"openingHoursSpecification\":[{\"@type\":\"OpeningHoursSpecification\",\"dayOfWeek\":[\"Monday\",\"Tuesday\",\"Wednesday\",\"Thursday\",\"Friday\",\"Saturday\",\"Sunday\"],\"opens\":\"09:00\",\"closes\":\"17:00\"}]},{\"@type\":\"ImageObject\",\"inLanguage\":\"pl-PL\",\"@id\":\"https:\\\/\\\/www.cultcaffe.at\\\/aktuelles-und-news-von-cultcaffe\\\/#local-main-organization-logo\",\"url\":\"https:\\\/\\\/www.cultcaffe.at\\\/wp-content\\\/uploads\\\/2023\\\/11\\\/cultcaffe_logo_regular_dark-1.svg\",\"contentUrl\":\"https:\\\/\\\/www.cultcaffe.at\\\/wp-content\\\/uploads\\\/2023\\\/11\\\/cultcaffe_logo_regular_dark-1.svg\",\"width\":756,\"height\":474,\"caption\":\"CultCaff\u00e9 Kaffeer\u00f6sterei GmbH\"}]}<\/script>\n<!-- \/ Yoast SEO plugin. -->","yoast_head_json":{"title":"Aktualno\u015bci i aktualno\u015bci z CultCaff\u00e9 - CultCaff\u00e9 - organiczna palarnia kawy","description":"Odkryj najnowsze wiadomo\u015bci i aktualno\u015bci dotycz\u0105ce kawy i jej przygotowywania. W CultCaff\u00e9 jeste\u015bmy na bie\u017c\u0105co z najnowszymi trendami i informujemy Ci\u0119 na bie\u017c\u0105co.","robots":{"index":"index","follow":"follow","max-snippet":"max-snippet:-1","max-image-preview":"max-image-preview:large","max-video-preview":"max-video-preview:-1"},"canonical":"https:\/\/www.cultcaffe.at\/pl\/aktualne-wiadomosci-i-aktualnosci-z-cult-cafe\/","og_locale":"pl_PL","og_type":"article","og_title":"Aktuelles und News von CultCaff\u00e9 - CultCaff\u00e9 - die Bio Kaffee R\u00f6sterei","og_description":"Erfahre Neuigkeiten und Aktuelles rund um das Thema Kaffee und Kaffeezubereitung. Wir von CultCaff\u00e9 leben am Puls der Zeit und informen Sie.","og_url":"https:\/\/www.cultcaffe.at\/pl\/aktualne-wiadomosci-i-aktualnosci-z-cult-cafe\/","og_site_name":"CultCaff\u00e9 - die Bio Kaffee R\u00f6sterei","article_publisher":"https:\/\/www.facebook.com\/p\/Cult-Caff%c3%a8-die-R%c3%b6sterei-100039719724703\/?locale=de_DE","article_modified_time":"2025-04-30T08:10:44+00:00","twitter_card":"summary_large_image","twitter_misc":{"Szacowany czas czytania":"2 minuty"},"schema":{"@context":"https:\/\/schema.org","@graph":[{"@type":"WebPage","@id":"https:\/\/www.cultcaffe.at\/aktuelles-und-news-von-cultcaffe\/","url":"https:\/\/www.cultcaffe.at\/aktuelles-und-news-von-cultcaffe\/","name":"Aktualno\u015bci i aktualno\u015bci z CultCaff\u00e9 - CultCaff\u00e9 - organiczna palarnia kawy","isPartOf":{"@id":"https:\/\/www.cultcaffe.at\/#website"},"datePublished":"2025-04-30T08:08:10+00:00","dateModified":"2025-04-30T08:10:44+00:00","description":"Odkryj najnowsze wiadomo\u015bci i aktualno\u015bci dotycz\u0105ce kawy i jej przygotowywania. W CultCaff\u00e9 jeste\u015bmy na bie\u017c\u0105co z najnowszymi trendami i informujemy Ci\u0119 na bie\u017c\u0105co.","breadcrumb":{"@id":"https:\/\/www.cultcaffe.at\/aktuelles-und-news-von-cultcaffe\/#breadcrumb"},"inLanguage":"pl-PL","potentialAction":[{"@type":"ReadAction","target":["https:\/\/www.cultcaffe.at\/aktuelles-und-news-von-cultcaffe\/"]}]},{"@type":"BreadcrumbList","@id":"https:\/\/www.cultcaffe.at\/aktuelles-und-news-von-cultcaffe\/#breadcrumb","itemListElement":[{"@type":"ListItem","position":1,"name":"Startseite","item":"https:\/\/www.cultcaffe.at\/"},{"@type":"ListItem","position":2,"name":"Aktuelles und News von CultCaff\u00e9"}]},{"@type":"WebSite","@id":"https:\/\/www.cultcaffe.at\/#website","url":"https:\/\/www.cultcaffe.at\/","name":"CultCaff\u00e9 \u2013 organiczna palarnia kawy","description":"Mi\u0142o\u015b\u0107 do kawy","publisher":{"@id":"https:\/\/www.cultcaffe.at\/#organization"},"potentialAction":[{"@type":"SearchAction","target":{"@type":"EntryPoint","urlTemplate":"https:\/\/www.cultcaffe.at\/?s={search_term_string}"},"query-input":{"@type":"PropertyValueSpecification","valueRequired":true,"valueName":"search_term_string"}}],"inLanguage":"pl-PL"},{"@type":["Organization","Place"],"@id":"https:\/\/www.cultcaffe.at\/#organization","name":"CultCaff\u00e9 Coffee Roastery GmbH","alternateName":"CultCaff\u00e9","url":"https:\/\/www.cultcaffe.at\/","logo":{"@id":"https:\/\/www.cultcaffe.at\/aktuelles-und-news-von-cultcaffe\/#local-main-organization-logo"},"image":{"@id":"https:\/\/www.cultcaffe.at\/aktuelles-und-news-von-cultcaffe\/#local-main-organization-logo"},"sameAs":["https:\/\/www.facebook.com\/p\/Cult-Caff\u00e8-die-R\u00f6sterei-100039719724703\/?locale=de_DE","https:\/\/www.instagram.com\/cultcaffe.at\/"],"hasMerchantReturnPolicy":{"@type":"MerchantReturnPolicy","merchantReturnLink":"https:\/\/www.cultcaffe.at\/pl\/agbs\/"},"telephone":[],"openingHoursSpecification":[{"@type":"OpeningHoursSpecification","dayOfWeek":["Monday","Tuesday","Wednesday","Thursday","Friday","Saturday","Sunday"],"opens":"09:00","closes":"17:00"}]},{"@type":"ImageObject","inLanguage":"pl-PL","@id":"https:\/\/www.cultcaffe.at\/aktuelles-und-news-von-cultcaffe\/#local-main-organization-logo","url":"https:\/\/www.cultcaffe.at\/wp-content\/uploads\/2023\/11\/cultcaffe_logo_regular_dark-1.svg","contentUrl":"https:\/\/www.cultcaffe.at\/wp-content\/uploads\/2023\/11\/cultcaffe_logo_regular_dark-1.svg","width":756,"height":474,"caption":"CultCaff\u00e9 Kaffeer\u00f6sterei GmbH"}]}},"_links":{"self":[{"href":"https:\/\/www.cultcaffe.at\/pl\/wp-json\/wp\/v2\/pages\/18301","targetHints":{"allow":["GET"]}}],"collection":[{"href":"https:\/\/www.cultcaffe.at\/pl\/wp-json\/wp\/v2\/pages"}],"about":[{"href":"https:\/\/www.cultcaffe.at\/pl\/wp-json\/wp\/v2\/types\/page"}],"author":[{"embeddable":true,"href":"https:\/\/www.cultcaffe.at\/pl\/wp-json\/wp\/v2\/users\/6"}],"replies":[{"embeddable":true,"href":"https:\/\/www.cultcaffe.at\/pl\/wp-json\/wp\/v2\/comments?post=18301"}],"version-history":[{"count":4,"href":"https:\/\/www.cultcaffe.at\/pl\/wp-json\/wp\/v2\/pages\/18301\/revisions"}],"predecessor-version":[{"id":18305,"href":"https:\/\/www.cultcaffe.at\/pl\/wp-json\/wp\/v2\/pages\/18301\/revisions\/18305"}],"wp:attachment":[{"href":"https:\/\/www.cultcaffe.at\/pl\/wp-json\/wp\/v2\/media?parent=18301"}],"curies":[{"name":"wp","href":"https:\/\/api.w.org\/{rel}","templated":true}]}}