{"id":1691,"date":"2023-05-23T13:14:22","date_gmt":"2023-05-23T11:14:22","guid":{"rendered":"https:\/\/www.cultcaffe.at\/?page_id=1691"},"modified":"2025-11-07T09:00:12","modified_gmt":"2025-11-07T08:00:12","slug":"kawa-pod-wlasna-marka","status":"publish","type":"page","link":"https:\/\/www.cultcaffe.at\/pl\/private-label-kaffee\/","title":{"rendered":"Prywatna marka"},"content":{"rendered":"<div data-elementor-type=\"wp-page\" data-elementor-id=\"1691\" class=\"elementor elementor-1691\" data-elementor-post-type=\"page\">\n\t\t\t\t<div class=\"elementor-element elementor-element-3090b83 e-flex e-con-boxed e-con e-parent\" data-id=\"3090b83\" data-element_type=\"container\" data-e-type=\"container\" data-settings=\"{&quot;background_background&quot;:&quot;classic&quot;}\">\n\t\t\t\t\t<div class=\"e-con-inner\">\n\t\t\t\t<div class=\"elementor-element elementor-element-4d30a3b elementor-widget elementor-widget-heading\" data-id=\"4d30a3b\" data-element_type=\"widget\" data-e-type=\"widget\" data-widget_type=\"heading.default\">\n\t\t\t\t<div class=\"elementor-widget-container\">\n\t\t\t\t\t<h1 class=\"elementor-heading-title elementor-size-default\">Prywatna marka<\/h1>\t\t\t\t<\/div>\n\t\t\t\t<\/div>\n\t\t\t\t\t<\/div>\n\t\t\t\t<\/div>\n\t\t<div class=\"elementor-element elementor-element-063fc9c e-flex e-con-boxed e-con e-parent\" data-id=\"063fc9c\" data-element_type=\"container\" data-e-type=\"container\">\n\t\t\t\t\t<div class=\"e-con-inner\">\n\t\t<div class=\"elementor-element elementor-element-69ec826 e-con-full e-flex e-con e-child\" data-id=\"69ec826\" data-element_type=\"container\" data-e-type=\"container\">\n\t\t\t\t<div class=\"elementor-element elementor-element-f58dc42 elementor-widget elementor-widget-text-editor\" data-id=\"f58dc42\" data-element_type=\"widget\" data-e-type=\"widget\" data-widget_type=\"text-editor.default\">\n\t\t\t\t<div class=\"elementor-widget-container\">\n\t\t\t\t\t\t\t\t\t<p><span lang=\"DE\">I<b>Twoja marka \u2013 Twoja marka w\u0142asna \u2013 Twoja w\u0142asna linia kawy<\/b><\/span><\/p><p><span lang=\"DE\">Dzi\u0119ki naszemu 23-letniemu do\u015bwiadczeniu w paleniu kawy rozwijamy si\u0119 razem z Wami<\/span><span style=\"font-size: 1rem;\">Wsp\u00f3lnie stw\u00f3rzcie w\u0142asn\u0105 mark\u0119 kawy.<\/span><\/p><p><span style=\"font-size: 1rem;\">W naszej palarni tworzymy mieszank\u0119, przygotowujemy palenie i...<\/span><span style=\"font-size: 1rem;\">ustalono po\u017c\u0105dany profil smakowy. .<\/span><\/p><p><span lang=\"DE\">Po przeprowadzeniu szczeg\u00f3\u0142owej degustacji przejdziemy z Pa\u0144stwem do wdro\u017cenia operacyjnego,\u00a0<\/span><span style=\"font-size: 1rem;\">Marketing i sprzeda\u017c s\u0105 w Twoich r\u0119kach<\/span><\/p><p><span style=\"font-weight: 400;\">Pocz\u0105wszy od 50 opakowa\u0144 wdra\u017camy rozwi\u0105zania szyte na miar\u0119, kt\u00f3re <\/span><span style=\"font-weight: 400;\">nie tylko atrakcyjne wizualnie, ale tak\u017ce podkre\u015blaj\u0105ce wyj\u0105tkowe doznania, jakie oferuje Twoja kawa.<\/span><\/p><p><span style=\"font-weight: 400;\">Dzi\u0119ki spersonalizowanemu opakowaniu nadasz swojemu produktowi ca\u0142kowicie nowy charakter. <\/span><span style=\"font-weight: 400;\">wyj\u0105tkowy charakter i wzmocnij to\u017csamo\u015b\u0107 swojej marki.<\/span><\/p>\t\t\t\t\t\t\t\t<\/div>\n\t\t\t\t<\/div>\n\t\t\t\t<div class=\"elementor-element elementor-element-3bc42e1 elementor-align-left elementor-widget elementor-widget-button\" data-id=\"3bc42e1\" data-element_type=\"widget\" data-e-type=\"widget\" data-widget_type=\"button.default\">\n\t\t\t\t<div class=\"elementor-widget-container\">\n\t\t\t\t\t\t\t\t\t<div class=\"elementor-button-wrapper\">\n\t\t\t\t\t<a class=\"elementor-button elementor-button-link elementor-size-sm\" href=\"https:\/\/www.cultcaffe.at\/pl\/kontakt\/\">\n\t\t\t\t\t\t<span class=\"elementor-button-content-wrapper\">\n\t\t\t\t\t\t\t\t\t<span class=\"elementor-button-text\">Popro\u015b tutaj o swoj\u0105 w\u0142asn\u0105 etykiet\u0119<\/span>\n\t\t\t\t\t<\/span>\n\t\t\t\t\t<\/a>\n\t\t\t\t<\/div>\n\t\t\t\t\t\t\t\t<\/div>\n\t\t\t\t<\/div>\n\t\t\t\t<\/div>\n\t\t<div class=\"elementor-element elementor-element-0b8990c e-con-full e-flex e-con e-child\" data-id=\"0b8990c\" data-element_type=\"container\" data-e-type=\"container\">\n\t\t\t\t<div class=\"elementor-element elementor-element-f0f88fd elementor-widget elementor-widget-image\" data-id=\"f0f88fd\" data-element_type=\"widget\" data-e-type=\"widget\" data-widget_type=\"image.default\">\n\t\t\t\t<div class=\"elementor-widget-container\">\n\t\t\t\t\t\t\t\t\t\t\t\t\t\t\t<img fetchpriority=\"high\" decoding=\"async\" width=\"800\" height=\"534\" src=\"https:\/\/www.cultcaffe.at\/wp-content\/uploads\/2025\/11\/CultCaffe_nimozimmerhackl_white-label-1024x683.jpg\" class=\"attachment-large size-large wp-image-18970\" alt=\"\" srcset=\"https:\/\/www.cultcaffe.at\/wp-content\/uploads\/2025\/11\/CultCaffe_nimozimmerhackl_white-label-1024x683.jpg 1024w, https:\/\/www.cultcaffe.at\/wp-content\/uploads\/2025\/11\/CultCaffe_nimozimmerhackl_white-label-300x200.jpg 300w, https:\/\/www.cultcaffe.at\/wp-content\/uploads\/2025\/11\/CultCaffe_nimozimmerhackl_white-label-768x512.jpg 768w, https:\/\/www.cultcaffe.at\/wp-content\/uploads\/2025\/11\/CultCaffe_nimozimmerhackl_white-label-1536x1024.jpg 1536w, https:\/\/www.cultcaffe.at\/wp-content\/uploads\/2025\/11\/CultCaffe_nimozimmerhackl_white-label-2048x1366.jpg 2048w, https:\/\/www.cultcaffe.at\/wp-content\/uploads\/2025\/11\/CultCaffe_nimozimmerhackl_white-label-18x12.jpg 18w, https:\/\/www.cultcaffe.at\/wp-content\/uploads\/2025\/11\/CultCaffe_nimozimmerhackl_white-label-600x400.jpg 600w\" sizes=\"(max-width: 800px) 100vw, 800px\" \/>\t\t\t\t\t\t\t\t\t\t\t\t\t\t\t<\/div>\n\t\t\t\t<\/div>\n\t\t\t\t<\/div>\n\t\t\t\t\t<\/div>\n\t\t\t\t<\/div>\n\t\t<div class=\"elementor-element elementor-element-f05f012 e-flex e-con-boxed e-con e-parent\" data-id=\"f05f012\" data-element_type=\"container\" data-e-type=\"container\">\n\t\t\t\t\t<div class=\"e-con-inner\">\n\t\t<div class=\"elementor-element elementor-element-59a3b6f e-con-full e-flex e-con e-child\" data-id=\"59a3b6f\" data-element_type=\"container\" data-e-type=\"container\">\n\t\t\t\t<div class=\"elementor-element elementor-element-caf1806 elementor-widget elementor-widget-image\" data-id=\"caf1806\" data-element_type=\"widget\" data-e-type=\"widget\" data-widget_type=\"image.default\">\n\t\t\t\t<div class=\"elementor-widget-container\">\n\t\t\t\t\t\t\t\t\t\t\t\t\t\t\t<img decoding=\"async\" width=\"800\" height=\"450\" src=\"https:\/\/www.cultcaffe.at\/wp-content\/uploads\/2025\/03\/cultcaffe_private_label-1024x576.jpg\" class=\"attachment-large size-large wp-image-17984\" alt=\"\" srcset=\"https:\/\/www.cultcaffe.at\/wp-content\/uploads\/2025\/03\/cultcaffe_private_label-1024x576.jpg 1024w, https:\/\/www.cultcaffe.at\/wp-content\/uploads\/2025\/03\/cultcaffe_private_label-600x338.jpg 600w, https:\/\/www.cultcaffe.at\/wp-content\/uploads\/2025\/03\/cultcaffe_private_label-300x169.jpg 300w, https:\/\/www.cultcaffe.at\/wp-content\/uploads\/2025\/03\/cultcaffe_private_label-768x432.jpg 768w, https:\/\/www.cultcaffe.at\/wp-content\/uploads\/2025\/03\/cultcaffe_private_label.jpg 1500w\" sizes=\"(max-width: 800px) 100vw, 800px\" \/>\t\t\t\t\t\t\t\t\t\t\t\t\t\t\t<\/div>\n\t\t\t\t<\/div>\n\t\t\t\t<\/div>\n\t\t<div class=\"elementor-element elementor-element-138143a e-con-full e-flex e-con e-child\" data-id=\"138143a\" data-element_type=\"container\" data-e-type=\"container\">\n\t\t\t\t<div class=\"elementor-element elementor-element-2ee3fd0 elementor-widget elementor-widget-text-editor\" data-id=\"2ee3fd0\" data-element_type=\"widget\" data-e-type=\"widget\" data-widget_type=\"text-editor.default\">\n\t\t\t\t<div class=\"elementor-widget-container\">\n\t\t\t\t\t\t\t\t\t<h2>Bia\u0142a etykieta<\/h2><p>Nasza sprawdzona, dojrza\u0142a gama produkt\u00f3w gwarantuje szerokie spektrum smak\u00f3w.<\/p><p>Zaprojektuj indywidualn\u0105 identyfikacj\u0119 wizualn\u0105 swojej firmy za pomoc\u0105 logo i marki.<\/p><p>Nie standardowy, bezimienny upominek reklamowy, lecz wyj\u0105tkowa prezentacja Twojej firmy.<\/p><p>CZYSTE EMOCJE dzi\u0119ki \u015bwie\u017co palonej kawie o wspania\u0142ym aromacie dla Twoich klient\u00f3w.<\/p>\t\t\t\t\t\t\t\t<\/div>\n\t\t\t\t<\/div>\n\t\t\t\t<div class=\"elementor-element elementor-element-e897fd3 elementor-align-left elementor-widget elementor-widget-button\" data-id=\"e897fd3\" data-element_type=\"widget\" data-e-type=\"widget\" data-widget_type=\"button.default\">\n\t\t\t\t<div class=\"elementor-widget-container\">\n\t\t\t\t\t\t\t\t\t<div class=\"elementor-button-wrapper\">\n\t\t\t\t\t<a class=\"elementor-button elementor-button-link elementor-size-sm\" href=\"https:\/\/www.cultcaffe.at\/pl\/kontakt\/\">\n\t\t\t\t\t\t<span class=\"elementor-button-content-wrapper\">\n\t\t\t\t\t\t\t\t\t<span class=\"elementor-button-text\">Zam\u00f3w tutaj swoj\u0105 bia\u0142\u0105 etykiet\u0119<\/span>\n\t\t\t\t\t<\/span>\n\t\t\t\t\t<\/a>\n\t\t\t\t<\/div>\n\t\t\t\t\t\t\t\t<\/div>\n\t\t\t\t<\/div>\n\t\t\t\t<\/div>\n\t\t\t\t\t<\/div>\n\t\t\t\t<\/div>\n\t\t<div class=\"elementor-element elementor-element-a21290b e-flex e-con-boxed e-con e-parent\" data-id=\"a21290b\" data-element_type=\"container\" data-e-type=\"container\">\n\t\t\t\t\t<div class=\"e-con-inner\">\n\t\t<div class=\"elementor-element elementor-element-cd714e0 e-con-full e-flex e-con e-child\" data-id=\"cd714e0\" data-element_type=\"container\" data-e-type=\"container\">\n\t\t\t\t<div class=\"elementor-element elementor-element-87e331d elementor-widget elementor-widget-text-editor\" data-id=\"87e331d\" data-element_type=\"widget\" data-e-type=\"widget\" data-widget_type=\"text-editor.default\">\n\t\t\t\t<div class=\"elementor-widget-container\">\n\t\t\t\t\t\t\t\t\t<h2><strong>Palenie kontraktowe<\/strong><\/h2><p>24 lata do\u015bwiadczenia i eksperckiej wiedzy w zakresie tradycyjnych metod palenia kawy, przy zachowaniu najwy\u017cszych standard\u00f3w jako\u015bci.\u00a0<span style=\"font-size: 1rem;\">Niezawodno\u015b\u0107 gwarantuje doskona\u0142\u0105 jako\u015b\u0107 palonej kawy!<\/span><\/p><p>Zakup, dystrybucja i marketing surowej kawy le\u017cy w Twoich r\u0119kach.<\/p>\t\t\t\t\t\t\t\t<\/div>\n\t\t\t\t<\/div>\n\t\t\t\t<div class=\"elementor-element elementor-element-a633c9d elementor-align-left elementor-widget elementor-widget-button\" data-id=\"a633c9d\" data-element_type=\"widget\" data-e-type=\"widget\" data-widget_type=\"button.default\">\n\t\t\t\t<div class=\"elementor-widget-container\">\n\t\t\t\t\t\t\t\t\t<div class=\"elementor-button-wrapper\">\n\t\t\t\t\t<a class=\"elementor-button elementor-button-link elementor-size-sm\" href=\"https:\/\/www.cultcaffe.at\/pl\/kontakt\/\">\n\t\t\t\t\t\t<span class=\"elementor-button-content-wrapper\">\n\t\t\t\t\t\t\t\t\t<span class=\"elementor-button-text\">Zam\u00f3w tutaj niestandardowe palenie<\/span>\n\t\t\t\t\t<\/span>\n\t\t\t\t\t<\/a>\n\t\t\t\t<\/div>\n\t\t\t\t\t\t\t\t<\/div>\n\t\t\t\t<\/div>\n\t\t\t\t<\/div>\n\t\t<div class=\"elementor-element elementor-element-2dc9281 e-con-full e-flex e-con e-child\" data-id=\"2dc9281\" data-element_type=\"container\" data-e-type=\"container\">\n\t\t\t\t<div class=\"elementor-element elementor-element-9bea7f5 elementor-widget elementor-widget-image\" data-id=\"9bea7f5\" data-element_type=\"widget\" data-e-type=\"widget\" data-widget_type=\"image.default\">\n\t\t\t\t<div class=\"elementor-widget-container\">\n\t\t\t\t\t\t\t\t\t\t\t\t\t\t\t<img decoding=\"async\" width=\"800\" height=\"534\" src=\"https:\/\/www.cultcaffe.at\/wp-content\/uploads\/2021\/12\/Cult-Caffe-Auftragsfoto-Sappert-_MG_7112-1-1024x683.jpg\" class=\"attachment-large size-large wp-image-830\" alt=\"\" srcset=\"https:\/\/www.cultcaffe.at\/wp-content\/uploads\/2021\/12\/Cult-Caffe-Auftragsfoto-Sappert-_MG_7112-1-1024x683.jpg 1024w, https:\/\/www.cultcaffe.at\/wp-content\/uploads\/2021\/12\/Cult-Caffe-Auftragsfoto-Sappert-_MG_7112-1-600x400.jpg 600w, https:\/\/www.cultcaffe.at\/wp-content\/uploads\/2021\/12\/Cult-Caffe-Auftragsfoto-Sappert-_MG_7112-1-300x200.jpg 300w, https:\/\/www.cultcaffe.at\/wp-content\/uploads\/2021\/12\/Cult-Caffe-Auftragsfoto-Sappert-_MG_7112-1-768x512.jpg 768w, https:\/\/www.cultcaffe.at\/wp-content\/uploads\/2021\/12\/Cult-Caffe-Auftragsfoto-Sappert-_MG_7112-1-900x600.jpg 900w, https:\/\/www.cultcaffe.at\/wp-content\/uploads\/2021\/12\/Cult-Caffe-Auftragsfoto-Sappert-_MG_7112-1.jpg 1200w\" sizes=\"(max-width: 800px) 100vw, 800px\" \/>\t\t\t\t\t\t\t\t\t\t\t\t\t\t\t<\/div>\n\t\t\t\t<\/div>\n\t\t\t\t<\/div>\n\t\t\t\t\t<\/div>\n\t\t\t\t<\/div>\n\t\t\t\t<\/div>","protected":false},"excerpt":{"rendered":"<p>Private Label Ihre Marke \u2013 Ihr Private Label \u2013 Ihre eigene Kaffeelinie Mit unserer 23 j\u00e4hrigen R\u00f6sterei Erfahrung entwickeln wir mit Ihnen gemeinsam Ihre eigene Kaffeemarke. Bei uns in der R\u00f6sterei kreieren wir Ihren Blend und legen das R\u00f6st und gew\u00fcnschte Geschmacksprofil fest . Nach umfangreichen Tasting gehen wir mit Ihnen in die operative Umsetzung,\u00a0Marketing [&hellip;]<\/p>\n","protected":false},"author":6,"featured_media":0,"parent":0,"menu_order":0,"comment_status":"closed","ping_status":"closed","template":"","meta":{"inline_featured_image":false,"footnotes":""},"class_list":["post-1691","page","type-page","status-publish","hentry"],"yoast_head":"<!-- This site is optimized with the Yoast SEO plugin v27.5 - https:\/\/yoast.com\/product\/yoast-seo-wordpress\/ -->\n<title>Private Label Kaffee \u2668 Exklusiver R\u00f6stkaffee unter Ihrer Marke<\/title>\n<meta name=\"description\" content=\"Private Label Kaffee: Kaffeebohnen verpackt in Ihrem Design \u2705 Ab 50 St\u00fcck \u2705 Kaffee mit eigenem Branding \u2705 250 oder 500 g \u25ba Jetzt gestalten\" \/>\n<meta name=\"robots\" content=\"index, follow, max-snippet:-1, max-image-preview:large, max-video-preview:-1\" \/>\n<link rel=\"canonical\" href=\"https:\/\/www.cultcaffe.at\/pl\/kawa-pod-wlasna-marka\/\" \/>\n<meta property=\"og:locale\" content=\"pl_PL\" \/>\n<meta property=\"og:type\" content=\"article\" \/>\n<meta property=\"og:title\" content=\"Private Label Kaffee \u2668 Exklusiver R\u00f6stkaffee unter Ihrer Marke\" \/>\n<meta property=\"og:description\" content=\"Private Label Kaffee: Kaffeebohnen verpackt in Ihrem Design \u2705 Ab 50 St\u00fcck \u2705 Kaffee mit eigenem Branding \u2705 250 oder 500 g \u25ba Jetzt gestalten\" \/>\n<meta property=\"og:url\" content=\"https:\/\/www.cultcaffe.at\/pl\/kawa-pod-wlasna-marka\/\" \/>\n<meta property=\"og:site_name\" content=\"CultCaff\u00e9 - die Bio Kaffee R\u00f6sterei\" \/>\n<meta property=\"article:publisher\" content=\"https:\/\/www.facebook.com\/p\/Cult-Caff%c3%a8-die-R%c3%b6sterei-100039719724703\/?locale=de_DE\" \/>\n<meta property=\"article:modified_time\" content=\"2025-11-07T08:00:12+00:00\" \/>\n<meta property=\"og:image\" content=\"https:\/\/www.cultcaffe.at\/wp-content\/uploads\/2025\/11\/CultCaffe_nimozimmerhackl_white-label.jpg\" \/>\n\t<meta property=\"og:image:width\" content=\"2500\" \/>\n\t<meta property=\"og:image:height\" content=\"1667\" \/>\n\t<meta property=\"og:image:type\" content=\"image\/jpeg\" \/>\n<meta name=\"twitter:card\" content=\"summary_large_image\" \/>\n<meta name=\"twitter:label1\" content=\"Szacowany czas czytania\" \/>\n\t<meta name=\"twitter:data1\" content=\"2 minuty\" \/>\n<script type=\"application\/ld+json\" class=\"yoast-schema-graph\">{\"@context\":\"https:\\\/\\\/schema.org\",\"@graph\":[{\"@type\":\"WebPage\",\"@id\":\"https:\\\/\\\/www.cultcaffe.at\\\/private-label-kaffee\\\/\",\"url\":\"https:\\\/\\\/www.cultcaffe.at\\\/private-label-kaffee\\\/\",\"name\":\"Private Label Kaffee \u2668 Exklusiver R\u00f6stkaffee unter Ihrer Marke\",\"isPartOf\":{\"@id\":\"https:\\\/\\\/www.cultcaffe.at\\\/#website\"},\"primaryImageOfPage\":{\"@id\":\"https:\\\/\\\/www.cultcaffe.at\\\/private-label-kaffee\\\/#primaryimage\"},\"image\":{\"@id\":\"https:\\\/\\\/www.cultcaffe.at\\\/private-label-kaffee\\\/#primaryimage\"},\"thumbnailUrl\":\"https:\\\/\\\/www.cultcaffe.at\\\/wp-content\\\/uploads\\\/2025\\\/11\\\/CultCaffe_nimozimmerhackl_white-label-1024x683.jpg\",\"datePublished\":\"2023-05-23T11:14:22+00:00\",\"dateModified\":\"2025-11-07T08:00:12+00:00\",\"description\":\"Private Label Kaffee: Kaffeebohnen verpackt in Ihrem Design \u2705 Ab 50 St\u00fcck \u2705 Kaffee mit eigenem Branding \u2705 250 oder 500 g \u25ba Jetzt gestalten\",\"breadcrumb\":{\"@id\":\"https:\\\/\\\/www.cultcaffe.at\\\/private-label-kaffee\\\/#breadcrumb\"},\"inLanguage\":\"pl-PL\",\"potentialAction\":[{\"@type\":\"ReadAction\",\"target\":[\"https:\\\/\\\/www.cultcaffe.at\\\/private-label-kaffee\\\/\"]}]},{\"@type\":\"ImageObject\",\"inLanguage\":\"pl-PL\",\"@id\":\"https:\\\/\\\/www.cultcaffe.at\\\/private-label-kaffee\\\/#primaryimage\",\"url\":\"https:\\\/\\\/www.cultcaffe.at\\\/wp-content\\\/uploads\\\/2025\\\/11\\\/CultCaffe_nimozimmerhackl_white-label-1024x683.jpg\",\"contentUrl\":\"https:\\\/\\\/www.cultcaffe.at\\\/wp-content\\\/uploads\\\/2025\\\/11\\\/CultCaffe_nimozimmerhackl_white-label-1024x683.jpg\"},{\"@type\":\"BreadcrumbList\",\"@id\":\"https:\\\/\\\/www.cultcaffe.at\\\/private-label-kaffee\\\/#breadcrumb\",\"itemListElement\":[{\"@type\":\"ListItem\",\"position\":1,\"name\":\"Startseite\",\"item\":\"https:\\\/\\\/www.cultcaffe.at\\\/\"},{\"@type\":\"ListItem\",\"position\":2,\"name\":\"Private Label\"}]},{\"@type\":\"WebSite\",\"@id\":\"https:\\\/\\\/www.cultcaffe.at\\\/#website\",\"url\":\"https:\\\/\\\/www.cultcaffe.at\\\/\",\"name\":\"CultCaff\u00e9 - die Bio Kaffee R\u00f6sterei\",\"description\":\"Liebe zum Kaffee\",\"publisher\":{\"@id\":\"https:\\\/\\\/www.cultcaffe.at\\\/#organization\"},\"potentialAction\":[{\"@type\":\"SearchAction\",\"target\":{\"@type\":\"EntryPoint\",\"urlTemplate\":\"https:\\\/\\\/www.cultcaffe.at\\\/?s={search_term_string}\"},\"query-input\":{\"@type\":\"PropertyValueSpecification\",\"valueRequired\":true,\"valueName\":\"search_term_string\"}}],\"inLanguage\":\"pl-PL\"},{\"@type\":[\"Organization\",\"Place\"],\"@id\":\"https:\\\/\\\/www.cultcaffe.at\\\/#organization\",\"name\":\"CultCaff\u00e9 Kaffeer\u00f6sterei GmbH\",\"alternateName\":\"CultCaff\u00e9\",\"url\":\"https:\\\/\\\/www.cultcaffe.at\\\/\",\"logo\":{\"@id\":\"https:\\\/\\\/www.cultcaffe.at\\\/private-label-kaffee\\\/#local-main-organization-logo\"},\"image\":{\"@id\":\"https:\\\/\\\/www.cultcaffe.at\\\/private-label-kaffee\\\/#local-main-organization-logo\"},\"sameAs\":[\"https:\\\/\\\/www.facebook.com\\\/p\\\/Cult-Caff\u00e8-die-R\u00f6sterei-100039719724703\\\/?locale=de_DE\",\"https:\\\/\\\/www.instagram.com\\\/cultcaffe.at\\\/\"],\"hasMerchantReturnPolicy\":{\"@type\":\"MerchantReturnPolicy\",\"merchantReturnLink\":\"https:\\\/\\\/www.cultcaffe.at\\\/pl\\\/agbs\\\/\"},\"telephone\":[],\"openingHoursSpecification\":[{\"@type\":\"OpeningHoursSpecification\",\"dayOfWeek\":[\"Monday\",\"Tuesday\",\"Wednesday\",\"Thursday\",\"Friday\",\"Saturday\",\"Sunday\"],\"opens\":\"09:00\",\"closes\":\"17:00\"}]},{\"@type\":\"ImageObject\",\"inLanguage\":\"pl-PL\",\"@id\":\"https:\\\/\\\/www.cultcaffe.at\\\/private-label-kaffee\\\/#local-main-organization-logo\",\"url\":\"https:\\\/\\\/www.cultcaffe.at\\\/wp-content\\\/uploads\\\/2023\\\/11\\\/cultcaffe_logo_regular_dark-1.svg\",\"contentUrl\":\"https:\\\/\\\/www.cultcaffe.at\\\/wp-content\\\/uploads\\\/2023\\\/11\\\/cultcaffe_logo_regular_dark-1.svg\",\"width\":756,\"height\":474,\"caption\":\"CultCaff\u00e9 Kaffeer\u00f6sterei GmbH\"}]}<\/script>\n<!-- \/ Yoast SEO plugin. -->","yoast_head_json":{"title":"Prywatna Marka Kawy \u2668 Ekskluzywna palona kawa pod Twoj\u0105 mark\u0105","description":"Kawa pod w\u0142asn\u0105 mark\u0105: Ziarna kawy pakowane wed\u0142ug Twojego projektu \u2705 Od 50 sztuk \u2705 Kawa z Twoim w\u0142asnym brandingiem \u2705 250 lub 500 g \u25ba Zaprojektuj teraz","robots":{"index":"index","follow":"follow","max-snippet":"max-snippet:-1","max-image-preview":"max-image-preview:large","max-video-preview":"max-video-preview:-1"},"canonical":"https:\/\/www.cultcaffe.at\/pl\/kawa-pod-wlasna-marka\/","og_locale":"pl_PL","og_type":"article","og_title":"Private Label Kaffee \u2668 Exklusiver R\u00f6stkaffee unter Ihrer Marke","og_description":"Private Label Kaffee: Kaffeebohnen verpackt in Ihrem Design \u2705 Ab 50 St\u00fcck \u2705 Kaffee mit eigenem Branding \u2705 250 oder 500 g \u25ba Jetzt gestalten","og_url":"https:\/\/www.cultcaffe.at\/pl\/kawa-pod-wlasna-marka\/","og_site_name":"CultCaff\u00e9 - die Bio Kaffee R\u00f6sterei","article_publisher":"https:\/\/www.facebook.com\/p\/Cult-Caff%c3%a8-die-R%c3%b6sterei-100039719724703\/?locale=de_DE","article_modified_time":"2025-11-07T08:00:12+00:00","og_image":[{"width":2500,"height":1667,"url":"https:\/\/www.cultcaffe.at\/wp-content\/uploads\/2025\/11\/CultCaffe_nimozimmerhackl_white-label.jpg","type":"image\/jpeg"}],"twitter_card":"summary_large_image","twitter_misc":{"Szacowany czas czytania":"2 minuty"},"schema":{"@context":"https:\/\/schema.org","@graph":[{"@type":"WebPage","@id":"https:\/\/www.cultcaffe.at\/private-label-kaffee\/","url":"https:\/\/www.cultcaffe.at\/private-label-kaffee\/","name":"Prywatna Marka Kawy \u2668 Ekskluzywna palona kawa pod Twoj\u0105 mark\u0105","isPartOf":{"@id":"https:\/\/www.cultcaffe.at\/#website"},"primaryImageOfPage":{"@id":"https:\/\/www.cultcaffe.at\/private-label-kaffee\/#primaryimage"},"image":{"@id":"https:\/\/www.cultcaffe.at\/private-label-kaffee\/#primaryimage"},"thumbnailUrl":"https:\/\/www.cultcaffe.at\/wp-content\/uploads\/2025\/11\/CultCaffe_nimozimmerhackl_white-label-1024x683.jpg","datePublished":"2023-05-23T11:14:22+00:00","dateModified":"2025-11-07T08:00:12+00:00","description":"Kawa pod w\u0142asn\u0105 mark\u0105: Ziarna kawy pakowane wed\u0142ug Twojego projektu \u2705 Od 50 sztuk \u2705 Kawa z Twoim w\u0142asnym brandingiem \u2705 250 lub 500 g \u25ba Zaprojektuj teraz","breadcrumb":{"@id":"https:\/\/www.cultcaffe.at\/private-label-kaffee\/#breadcrumb"},"inLanguage":"pl-PL","potentialAction":[{"@type":"ReadAction","target":["https:\/\/www.cultcaffe.at\/private-label-kaffee\/"]}]},{"@type":"ImageObject","inLanguage":"pl-PL","@id":"https:\/\/www.cultcaffe.at\/private-label-kaffee\/#primaryimage","url":"https:\/\/www.cultcaffe.at\/wp-content\/uploads\/2025\/11\/CultCaffe_nimozimmerhackl_white-label-1024x683.jpg","contentUrl":"https:\/\/www.cultcaffe.at\/wp-content\/uploads\/2025\/11\/CultCaffe_nimozimmerhackl_white-label-1024x683.jpg"},{"@type":"BreadcrumbList","@id":"https:\/\/www.cultcaffe.at\/private-label-kaffee\/#breadcrumb","itemListElement":[{"@type":"ListItem","position":1,"name":"Startseite","item":"https:\/\/www.cultcaffe.at\/"},{"@type":"ListItem","position":2,"name":"Private Label"}]},{"@type":"WebSite","@id":"https:\/\/www.cultcaffe.at\/#website","url":"https:\/\/www.cultcaffe.at\/","name":"CultCaff\u00e9 \u2013 organiczna palarnia kawy","description":"Mi\u0142o\u015b\u0107 do kawy","publisher":{"@id":"https:\/\/www.cultcaffe.at\/#organization"},"potentialAction":[{"@type":"SearchAction","target":{"@type":"EntryPoint","urlTemplate":"https:\/\/www.cultcaffe.at\/?s={search_term_string}"},"query-input":{"@type":"PropertyValueSpecification","valueRequired":true,"valueName":"search_term_string"}}],"inLanguage":"pl-PL"},{"@type":["Organization","Place"],"@id":"https:\/\/www.cultcaffe.at\/#organization","name":"CultCaff\u00e9 Coffee Roastery GmbH","alternateName":"CultCaff\u00e9","url":"https:\/\/www.cultcaffe.at\/","logo":{"@id":"https:\/\/www.cultcaffe.at\/private-label-kaffee\/#local-main-organization-logo"},"image":{"@id":"https:\/\/www.cultcaffe.at\/private-label-kaffee\/#local-main-organization-logo"},"sameAs":["https:\/\/www.facebook.com\/p\/Cult-Caff\u00e8-die-R\u00f6sterei-100039719724703\/?locale=de_DE","https:\/\/www.instagram.com\/cultcaffe.at\/"],"hasMerchantReturnPolicy":{"@type":"MerchantReturnPolicy","merchantReturnLink":"https:\/\/www.cultcaffe.at\/pl\/agbs\/"},"telephone":[],"openingHoursSpecification":[{"@type":"OpeningHoursSpecification","dayOfWeek":["Monday","Tuesday","Wednesday","Thursday","Friday","Saturday","Sunday"],"opens":"09:00","closes":"17:00"}]},{"@type":"ImageObject","inLanguage":"pl-PL","@id":"https:\/\/www.cultcaffe.at\/private-label-kaffee\/#local-main-organization-logo","url":"https:\/\/www.cultcaffe.at\/wp-content\/uploads\/2023\/11\/cultcaffe_logo_regular_dark-1.svg","contentUrl":"https:\/\/www.cultcaffe.at\/wp-content\/uploads\/2023\/11\/cultcaffe_logo_regular_dark-1.svg","width":756,"height":474,"caption":"CultCaff\u00e9 Kaffeer\u00f6sterei GmbH"}]}},"_links":{"self":[{"href":"https:\/\/www.cultcaffe.at\/pl\/wp-json\/wp\/v2\/pages\/1691","targetHints":{"allow":["GET"]}}],"collection":[{"href":"https:\/\/www.cultcaffe.at\/pl\/wp-json\/wp\/v2\/pages"}],"about":[{"href":"https:\/\/www.cultcaffe.at\/pl\/wp-json\/wp\/v2\/types\/page"}],"author":[{"embeddable":true,"href":"https:\/\/www.cultcaffe.at\/pl\/wp-json\/wp\/v2\/users\/6"}],"replies":[{"embeddable":true,"href":"https:\/\/www.cultcaffe.at\/pl\/wp-json\/wp\/v2\/comments?post=1691"}],"version-history":[{"count":126,"href":"https:\/\/www.cultcaffe.at\/pl\/wp-json\/wp\/v2\/pages\/1691\/revisions"}],"predecessor-version":[{"id":18973,"href":"https:\/\/www.cultcaffe.at\/pl\/wp-json\/wp\/v2\/pages\/1691\/revisions\/18973"}],"wp:attachment":[{"href":"https:\/\/www.cultcaffe.at\/pl\/wp-json\/wp\/v2\/media?parent=1691"}],"curies":[{"name":"wp","href":"https:\/\/api.w.org\/{rel}","templated":true}]}}