{"id":14797,"date":"2024-04-15T21:01:00","date_gmt":"2024-04-15T19:01:00","guid":{"rendered":"https:\/\/www.cultcaffe.at\/?page_id=14797"},"modified":"2025-03-17T19:21:24","modified_gmt":"2025-03-17T18:21:24","slug":"projekt-orangutanow","status":"publish","type":"page","link":"https:\/\/www.cultcaffe.at\/pl\/kaffee\/orang-utan-project\/","title":{"rendered":"Projekt Orangutan"},"content":{"rendered":"<div data-elementor-type=\"wp-page\" data-elementor-id=\"14797\" class=\"elementor elementor-14797\" data-elementor-post-type=\"page\">\n\t\t\t\t<div class=\"elementor-element elementor-element-a260ed6 e-flex e-con-boxed e-con e-parent\" data-id=\"a260ed6\" data-element_type=\"container\" data-e-type=\"container\" data-settings=\"{&quot;background_background&quot;:&quot;classic&quot;}\">\n\t\t\t\t\t<div class=\"e-con-inner\">\n\t\t\t\t<div class=\"elementor-element elementor-element-5eee16e elementor-widget elementor-widget-heading\" data-id=\"5eee16e\" data-element_type=\"widget\" data-e-type=\"widget\" data-widget_type=\"heading.default\">\n\t\t\t\t<div class=\"elementor-widget-container\">\n\t\t\t\t\t<h1 class=\"elementor-heading-title elementor-size-default\">Projekt Orangutan<\/h1>\t\t\t\t<\/div>\n\t\t\t\t<\/div>\n\t\t\t\t\t<\/div>\n\t\t\t\t<\/div>\n\t\t<div class=\"elementor-element elementor-element-2a80474 e-flex e-con-boxed e-con e-parent\" data-id=\"2a80474\" data-element_type=\"container\" data-e-type=\"container\">\n\t\t\t\t\t<div class=\"e-con-inner\">\n\t\t<div class=\"elementor-element elementor-element-0da9d42 e-con-full e-flex e-con e-child\" data-id=\"0da9d42\" data-element_type=\"container\" data-e-type=\"container\">\n\t\t<div class=\"elementor-element elementor-element-c03255c e-con-full e-flex e-con e-child\" data-id=\"c03255c\" data-element_type=\"container\" data-e-type=\"container\" data-settings=\"{&quot;background_background&quot;:&quot;classic&quot;}\">\n\t\t\t\t<\/div>\n\t\t<div class=\"elementor-element elementor-element-7d21376 e-con-full e-flex e-con e-child\" data-id=\"7d21376\" data-element_type=\"container\" data-e-type=\"container\" data-settings=\"{&quot;background_background&quot;:&quot;classic&quot;}\">\n\t\t\t\t<\/div>\n\t\t\t\t<\/div>\n\t\t<div class=\"elementor-element elementor-element-407051f e-con-full e-flex e-con e-child\" data-id=\"407051f\" data-element_type=\"container\" data-e-type=\"container\">\n\t\t\t\t<div class=\"elementor-element elementor-element-382e3651 elementor-widget elementor-widget-text-editor\" data-id=\"382e3651\" data-element_type=\"widget\" data-e-type=\"widget\" data-widget_type=\"text-editor.default\">\n\t\t\t\t<div class=\"elementor-widget-container\">\n\t\t\t\t\t\t\t\t\t<p>Gryz\u0105cy dym unosi si\u0119 nad bujnym, zielonym lasem. Ma\u0142y orangutan wyczuwa nerwowo\u015b\u0107 matki. Grozi niebezpiecze\u0144stwo. Dym staje si\u0119 coraz g\u0119stszy, a ma\u0142y orangutan ledwo mo\u017ce oddycha\u0107. Ze strachem jeszcze mocniej przylgn\u0105\u0142 do futra matki. P\u0142omienie s\u0105 coraz bli\u017cej. Ma\u0142y orangutan i jego matka uciekaj\u0105 w panice przez korony drzew. Dok\u0105d powinni p\u00f3j\u015b\u0107?<\/p><p>Lasy tropikalne stanowi\u0105 siedlisko zagro\u017conego wygini\u0119ciem orangutana sumatrza\u0144skiego. Post\u0119puj\u0105ce niszczenie las\u00f3w deszczowych pozbawia \u015brodk\u00f3w do \u017cycia zar\u00f3wno rolnik\u00f3w, jak i orangutany.<\/p><blockquote><p><em>Projekt Orang-Utan Coffee wspiera rolnik\u00f3w, kt\u00f3rzy prowadz\u0105 swoje plantacje kawy w spos\u00f3b ekologiczny i unikaj\u0105 wycinania las\u00f3w deszczowych.<\/em><\/p><\/blockquote><p>Dlatego te\u017c plantacje kawy nale\u017c\u0105 do drobnych rolnik\u00f3w, kt\u00f3rzy uznali, \u017ce lasy deszczowe stanowi\u0105 podstaw\u0119 ich utrzymania. Plantatorzy kawy z projektu Orang-Utan Coffee Project uprawiaj\u0105 swoje ogrody kawowe zgodnie ze \u015bcis\u0142ymi wytycznymi dotycz\u0105cymi orangutan\u00f3w, kt\u00f3re w zasadzie odpowiadaj\u0105 wytycznym szwajcarskiego rolnictwa ekologicznego.<\/p><p>To w\u0142a\u015bnie tutaj kwitnie wyj\u0105tkowa Arabica z Sumatry. Rozleg\u0142e lasy deszczowe zapewniaj\u0105 wyj\u0105tkowy klimat, w kt\u00f3rym mo\u017ce rosn\u0105\u0107 wyj\u0105tkowa sumatrza\u0144ska kawa Arabica. Szczeg\u00f3lnie strome zbocza krateru oraz mg\u0142a i wilgo\u0107 bezpo\u015brednio przyleg\u0142ego lasu tropikalnego stwarzaj\u0105 doskona\u0142e warunki do uprawy najwy\u017cszej jako\u015bci kawy.<\/p><p>CULTCAFF\u00c8 zdecydowa\u0142o si\u0119 nawi\u0105za\u0107 z nami wsp\u00f3\u0142prac\u0119 w tym projekcie. Pierwsze partie kawy zosta\u0142y ju\u017c wypalone, a smak kawy jest po prostu cudowny. Nasz wieloletni przyjaciel i wsp\u00f3\u0142inicjator, Timo Drews, wspiera nas w tym projekcie.<\/p><p><strong><a style=\"color: white !important;\" href=\"https:\/\/www.orangutan.coffee\" target=\"_blank\" rel=\"noopener\">www.orangutan.co<\/a><\/strong><\/p>\t\t\t\t\t\t\t\t<\/div>\n\t\t\t\t<\/div>\n\t\t\t\t<\/div>\n\t\t\t\t\t<\/div>\n\t\t\t\t<\/div>\n\t\t<div class=\"elementor-element elementor-element-3e9153f e-flex e-con-boxed e-con e-parent\" data-id=\"3e9153f\" data-element_type=\"container\" data-e-type=\"container\">\n\t\t\t\t\t<div class=\"e-con-inner\">\n\t\t<div class=\"elementor-element elementor-element-e281ef3 e-con-full e-flex e-con e-child\" data-id=\"e281ef3\" data-element_type=\"container\" data-e-type=\"container\">\n\t\t\t\t<div class=\"elementor-element elementor-element-3f182dc elementor-widget elementor-widget-image\" data-id=\"3f182dc\" data-element_type=\"widget\" data-e-type=\"widget\" data-widget_type=\"image.default\">\n\t\t\t\t<div class=\"elementor-widget-container\">\n\t\t\t\t\t\t\t\t\t\t\t\t\t\t\t<img fetchpriority=\"high\" decoding=\"async\" width=\"2000\" height=\"2000\" src=\"https:\/\/www.cultcaffe.at\/wp-content\/uploads\/2024\/03\/Cult-Caffe_Kaffee-Bohnen_Orang-Utan.jpg\" class=\"attachment-full size-full wp-image-14965\" alt=\"\" srcset=\"https:\/\/www.cultcaffe.at\/wp-content\/uploads\/2024\/03\/Cult-Caffe_Kaffee-Bohnen_Orang-Utan.jpg 2000w, https:\/\/www.cultcaffe.at\/wp-content\/uploads\/2024\/03\/Cult-Caffe_Kaffee-Bohnen_Orang-Utan-600x600.jpg 600w, https:\/\/www.cultcaffe.at\/wp-content\/uploads\/2024\/03\/Cult-Caffe_Kaffee-Bohnen_Orang-Utan-100x100.jpg 100w, https:\/\/www.cultcaffe.at\/wp-content\/uploads\/2024\/03\/Cult-Caffe_Kaffee-Bohnen_Orang-Utan-300x300.jpg 300w, https:\/\/www.cultcaffe.at\/wp-content\/uploads\/2024\/03\/Cult-Caffe_Kaffee-Bohnen_Orang-Utan-1024x1024.jpg 1024w, https:\/\/www.cultcaffe.at\/wp-content\/uploads\/2024\/03\/Cult-Caffe_Kaffee-Bohnen_Orang-Utan-150x150.jpg 150w, https:\/\/www.cultcaffe.at\/wp-content\/uploads\/2024\/03\/Cult-Caffe_Kaffee-Bohnen_Orang-Utan-768x768.jpg 768w, https:\/\/www.cultcaffe.at\/wp-content\/uploads\/2024\/03\/Cult-Caffe_Kaffee-Bohnen_Orang-Utan-1536x1536.jpg 1536w, https:\/\/www.cultcaffe.at\/wp-content\/uploads\/2024\/03\/Cult-Caffe_Kaffee-Bohnen_Orang-Utan-140x140.jpg 140w, https:\/\/www.cultcaffe.at\/wp-content\/uploads\/2024\/03\/Cult-Caffe_Kaffee-Bohnen_Orang-Utan-500x500.jpg 500w, https:\/\/www.cultcaffe.at\/wp-content\/uploads\/2024\/03\/Cult-Caffe_Kaffee-Bohnen_Orang-Utan-350x350.jpg 350w, https:\/\/www.cultcaffe.at\/wp-content\/uploads\/2024\/03\/Cult-Caffe_Kaffee-Bohnen_Orang-Utan-1000x1000.jpg 1000w, https:\/\/www.cultcaffe.at\/wp-content\/uploads\/2024\/03\/Cult-Caffe_Kaffee-Bohnen_Orang-Utan-800x800.jpg 800w\" sizes=\"(max-width: 2000px) 100vw, 2000px\" \/>\t\t\t\t\t\t\t\t\t\t\t\t\t\t\t<\/div>\n\t\t\t\t<\/div>\n\t\t\t\t<\/div>\n\t\t<div class=\"elementor-element elementor-element-6cb3f36 e-con-full e-flex e-con e-child\" data-id=\"6cb3f36\" data-element_type=\"container\" data-e-type=\"container\">\n\t\t\t\t<div class=\"elementor-element elementor-element-b50f73c elementor-widget elementor-widget-text-editor\" data-id=\"b50f73c\" data-element_type=\"widget\" data-e-type=\"widget\" data-widget_type=\"text-editor.default\">\n\t\t\t\t<div class=\"elementor-widget-container\">\n\t\t\t\t\t\t\t\t\t<p>Ale ta kawa nie tylko chroni \u015brodowisko orangutan\u00f3w, ale tak\u017ce ma doskona\u0142y smak. Wilgotny klimat i mg\u0142y las\u00f3w deszczowych Sumatry nadaj\u0105 tej kawie Arabica pyszny aromat melasy, suszonych owoc\u00f3w z nutami kakao i banana.<\/p><p>100 % Arabika<br \/><em>Portafilter, w pe\u0142ni automatyczny, filtruj\u0105cy<\/em><\/p>\t\t\t\t\t\t\t\t<\/div>\n\t\t\t\t<\/div>\n\t\t\t\t<div class=\"elementor-element elementor-element-b1680ed elementor-widget elementor-widget-button\" data-id=\"b1680ed\" data-element_type=\"widget\" data-e-type=\"widget\" data-widget_type=\"button.default\">\n\t\t\t\t<div class=\"elementor-widget-container\">\n\t\t\t\t\t\t\t\t\t<div class=\"elementor-button-wrapper\">\n\t\t\t\t\t<a class=\"elementor-button elementor-button-link elementor-size-sm\" href=\"https:\/\/www.cultcaffe.at\/pl\/produkt\/kawa-orangutan\/\">\n\t\t\t\t\t\t<span class=\"elementor-button-content-wrapper\">\n\t\t\t\t\t\t\t\t\t<span class=\"elementor-button-text\">Kup tutaj \u201eOrangutan Coffee\u201d<\/span>\n\t\t\t\t\t<\/span>\n\t\t\t\t\t<\/a>\n\t\t\t\t<\/div>\n\t\t\t\t\t\t\t\t<\/div>\n\t\t\t\t<\/div>\n\t\t\t\t<\/div>\n\t\t\t\t\t<\/div>\n\t\t\t\t<\/div>\n\t\t\t\t<\/div>","protected":false},"excerpt":{"rendered":"<p>Oran-Utan Project Bei\u00dfender Rauch steigt aus dem sattgr\u00fcnen Wald auf. Der kleine Orang-Utan sp\u00fcrt die Nervosit\u00e4t seiner Mutter. Gefahr droht. Der Rauch wird immer dichter, der kleine Orang-Utan bekommt kaum noch Luft. \u00c4ngstlich klammert er sich noch st\u00e4rker an das Fell seiner Mutter. Die Flammen kommen immer n\u00e4her. Panisch fl\u00fcchten der kleine Orang-Utan und seine [&hellip;]<\/p>\n","protected":false},"author":6,"featured_media":0,"parent":556,"menu_order":0,"comment_status":"closed","ping_status":"closed","template":"","meta":{"inline_featured_image":false,"footnotes":""},"class_list":["post-14797","page","type-page","status-publish","hentry"],"yoast_head":"<!-- This site is optimized with the Yoast SEO plugin v27.6 - https:\/\/yoast.com\/product\/yoast-seo-wordpress\/ -->\n<title>Kaffee \u00bb Orang-Utan Project<\/title>\n<meta name=\"description\" content=\"CULTCAFF\u00c8 hat sich zu einer Partnerschaft f\u00fcr dieses Projekt entschieden. Die ersten Chargen sind ger\u00f6stet und der Kaffee schmeckt einfach wunderbar. Unser langj\u00e4hriger Freund und Mitinitiator, Timo Drews, begleitet uns bei diesem Projekt.\" \/>\n<meta name=\"robots\" content=\"index, follow, max-snippet:-1, max-image-preview:large, max-video-preview:-1\" \/>\n<link rel=\"canonical\" href=\"https:\/\/www.cultcaffe.at\/pl\/kawa\/projekt-orangutanow\/\" \/>\n<meta property=\"og:locale\" content=\"pl_PL\" \/>\n<meta property=\"og:type\" content=\"article\" \/>\n<meta property=\"og:title\" content=\"Kaffee \u00bb Orang-Utan Project\" \/>\n<meta property=\"og:description\" content=\"CULTCAFF\u00c8 hat sich zu einer Partnerschaft f\u00fcr dieses Projekt entschieden. Die ersten Chargen sind ger\u00f6stet und der Kaffee schmeckt einfach wunderbar. Unser langj\u00e4hriger Freund und Mitinitiator, Timo Drews, begleitet uns bei diesem Projekt.\" \/>\n<meta property=\"og:url\" content=\"https:\/\/www.cultcaffe.at\/pl\/kawa\/projekt-orangutanow\/\" \/>\n<meta property=\"og:site_name\" content=\"CultCaff\u00e9 - die Bio Kaffee R\u00f6sterei\" \/>\n<meta property=\"article:publisher\" content=\"https:\/\/www.facebook.com\/p\/Cult-Caff%c3%a8-die-R%c3%b6sterei-100039719724703\/?locale=de_DE\" \/>\n<meta property=\"article:modified_time\" content=\"2025-03-17T18:21:24+00:00\" \/>\n<meta property=\"og:image\" content=\"https:\/\/www.cultcaffe.at\/wp-content\/uploads\/2024\/03\/Cult-Caffe_Kaffee-Bohnen_Orang-Utan.jpg\" \/>\n\t<meta property=\"og:image:width\" content=\"2000\" \/>\n\t<meta property=\"og:image:height\" content=\"2000\" \/>\n\t<meta property=\"og:image:type\" content=\"image\/jpeg\" \/>\n<meta name=\"twitter:card\" content=\"summary_large_image\" \/>\n<meta name=\"twitter:label1\" content=\"Szacowany czas czytania\" \/>\n\t<meta name=\"twitter:data1\" content=\"2 minuty\" \/>\n<script type=\"application\/ld+json\" class=\"yoast-schema-graph\">{\"@context\":\"https:\\\/\\\/schema.org\",\"@graph\":[{\"@type\":\"WebPage\",\"@id\":\"https:\\\/\\\/www.cultcaffe.at\\\/kaffee\\\/orang-utan-project\\\/\",\"url\":\"https:\\\/\\\/www.cultcaffe.at\\\/kaffee\\\/orang-utan-project\\\/\",\"name\":\"Kaffee \u00bb Orang-Utan Project\",\"isPartOf\":{\"@id\":\"https:\\\/\\\/www.cultcaffe.at\\\/#website\"},\"primaryImageOfPage\":{\"@id\":\"https:\\\/\\\/www.cultcaffe.at\\\/kaffee\\\/orang-utan-project\\\/#primaryimage\"},\"image\":{\"@id\":\"https:\\\/\\\/www.cultcaffe.at\\\/kaffee\\\/orang-utan-project\\\/#primaryimage\"},\"thumbnailUrl\":\"https:\\\/\\\/www.cultcaffe.at\\\/wp-content\\\/uploads\\\/2024\\\/03\\\/Cult-Caffe_Kaffee-Bohnen_Orang-Utan.jpg\",\"datePublished\":\"2024-04-15T19:01:00+00:00\",\"dateModified\":\"2025-03-17T18:21:24+00:00\",\"description\":\"CULTCAFF\u00c8 hat sich zu einer Partnerschaft f\u00fcr dieses Projekt entschieden. Die ersten Chargen sind ger\u00f6stet und der Kaffee schmeckt einfach wunderbar. Unser langj\u00e4hriger Freund und Mitinitiator, Timo Drews, begleitet uns bei diesem Projekt.\",\"breadcrumb\":{\"@id\":\"https:\\\/\\\/www.cultcaffe.at\\\/kaffee\\\/orang-utan-project\\\/#breadcrumb\"},\"inLanguage\":\"pl-PL\",\"potentialAction\":[{\"@type\":\"ReadAction\",\"target\":[\"https:\\\/\\\/www.cultcaffe.at\\\/kaffee\\\/orang-utan-project\\\/\"]}]},{\"@type\":\"ImageObject\",\"inLanguage\":\"pl-PL\",\"@id\":\"https:\\\/\\\/www.cultcaffe.at\\\/kaffee\\\/orang-utan-project\\\/#primaryimage\",\"url\":\"https:\\\/\\\/www.cultcaffe.at\\\/wp-content\\\/uploads\\\/2024\\\/03\\\/Cult-Caffe_Kaffee-Bohnen_Orang-Utan.jpg\",\"contentUrl\":\"https:\\\/\\\/www.cultcaffe.at\\\/wp-content\\\/uploads\\\/2024\\\/03\\\/Cult-Caffe_Kaffee-Bohnen_Orang-Utan.jpg\"},{\"@type\":\"BreadcrumbList\",\"@id\":\"https:\\\/\\\/www.cultcaffe.at\\\/kaffee\\\/orang-utan-project\\\/#breadcrumb\",\"itemListElement\":[{\"@type\":\"ListItem\",\"position\":1,\"name\":\"Startseite\",\"item\":\"https:\\\/\\\/www.cultcaffe.at\\\/\"},{\"@type\":\"ListItem\",\"position\":2,\"name\":\"Kaffee\",\"item\":\"https:\\\/\\\/www.cultcaffe.at\\\/kaffee\\\/\"},{\"@type\":\"ListItem\",\"position\":3,\"name\":\"Orang-Utan Project\"}]},{\"@type\":\"WebSite\",\"@id\":\"https:\\\/\\\/www.cultcaffe.at\\\/#website\",\"url\":\"https:\\\/\\\/www.cultcaffe.at\\\/\",\"name\":\"CultCaff\u00e9 - die Bio Kaffee R\u00f6sterei\",\"description\":\"Liebe zum Kaffee\",\"publisher\":{\"@id\":\"https:\\\/\\\/www.cultcaffe.at\\\/#organization\"},\"potentialAction\":[{\"@type\":\"SearchAction\",\"target\":{\"@type\":\"EntryPoint\",\"urlTemplate\":\"https:\\\/\\\/www.cultcaffe.at\\\/?s={search_term_string}\"},\"query-input\":{\"@type\":\"PropertyValueSpecification\",\"valueRequired\":true,\"valueName\":\"search_term_string\"}}],\"inLanguage\":\"pl-PL\"},{\"@type\":[\"Organization\",\"Place\"],\"@id\":\"https:\\\/\\\/www.cultcaffe.at\\\/#organization\",\"name\":\"CultCaff\u00e9 Kaffeer\u00f6sterei GmbH\",\"alternateName\":\"CultCaff\u00e9\",\"url\":\"https:\\\/\\\/www.cultcaffe.at\\\/\",\"logo\":{\"@id\":\"https:\\\/\\\/www.cultcaffe.at\\\/kaffee\\\/orang-utan-project\\\/#local-main-organization-logo\"},\"image\":{\"@id\":\"https:\\\/\\\/www.cultcaffe.at\\\/kaffee\\\/orang-utan-project\\\/#local-main-organization-logo\"},\"sameAs\":[\"https:\\\/\\\/www.facebook.com\\\/p\\\/Cult-Caff\u00e8-die-R\u00f6sterei-100039719724703\\\/?locale=de_DE\",\"https:\\\/\\\/www.instagram.com\\\/cultcaffe.at\\\/\"],\"hasMerchantReturnPolicy\":{\"@type\":\"MerchantReturnPolicy\",\"merchantReturnLink\":\"https:\\\/\\\/www.cultcaffe.at\\\/pl\\\/agbs\\\/\"},\"telephone\":[],\"openingHoursSpecification\":[{\"@type\":\"OpeningHoursSpecification\",\"dayOfWeek\":[\"Monday\",\"Tuesday\",\"Wednesday\",\"Thursday\",\"Friday\",\"Saturday\",\"Sunday\"],\"opens\":\"09:00\",\"closes\":\"17:00\"}]},{\"@type\":\"ImageObject\",\"inLanguage\":\"pl-PL\",\"@id\":\"https:\\\/\\\/www.cultcaffe.at\\\/kaffee\\\/orang-utan-project\\\/#local-main-organization-logo\",\"url\":\"https:\\\/\\\/www.cultcaffe.at\\\/wp-content\\\/uploads\\\/2023\\\/11\\\/cultcaffe_logo_regular_dark-1.svg\",\"contentUrl\":\"https:\\\/\\\/www.cultcaffe.at\\\/wp-content\\\/uploads\\\/2023\\\/11\\\/cultcaffe_logo_regular_dark-1.svg\",\"width\":756,\"height\":474,\"caption\":\"CultCaff\u00e9 Kaffeer\u00f6sterei GmbH\"}]}<\/script>\n<!-- \/ Yoast SEO plugin. -->","yoast_head_json":{"title":"Kawa \u00bb Projekt Orangutan","description":"CULTCAFF\u00c8 zdecydowa\u0142o si\u0119 nawi\u0105za\u0107 z nami wsp\u00f3\u0142prac\u0119 w tym projekcie. Pierwsze partie kawy zosta\u0142y ju\u017c wypalone, a smak kawy jest po prostu cudowny. Nasz wieloletni przyjaciel i wsp\u00f3\u0142inicjator, Timo Drews, wspiera nas w tym projekcie.","robots":{"index":"index","follow":"follow","max-snippet":"max-snippet:-1","max-image-preview":"max-image-preview:large","max-video-preview":"max-video-preview:-1"},"canonical":"https:\/\/www.cultcaffe.at\/pl\/kawa\/projekt-orangutanow\/","og_locale":"pl_PL","og_type":"article","og_title":"Kaffee \u00bb Orang-Utan Project","og_description":"CULTCAFF\u00c8 hat sich zu einer Partnerschaft f\u00fcr dieses Projekt entschieden. Die ersten Chargen sind ger\u00f6stet und der Kaffee schmeckt einfach wunderbar. Unser langj\u00e4hriger Freund und Mitinitiator, Timo Drews, begleitet uns bei diesem Projekt.","og_url":"https:\/\/www.cultcaffe.at\/pl\/kawa\/projekt-orangutanow\/","og_site_name":"CultCaff\u00e9 - die Bio Kaffee R\u00f6sterei","article_publisher":"https:\/\/www.facebook.com\/p\/Cult-Caff%c3%a8-die-R%c3%b6sterei-100039719724703\/?locale=de_DE","article_modified_time":"2025-03-17T18:21:24+00:00","og_image":[{"width":2000,"height":2000,"url":"https:\/\/www.cultcaffe.at\/wp-content\/uploads\/2024\/03\/Cult-Caffe_Kaffee-Bohnen_Orang-Utan.jpg","type":"image\/jpeg"}],"twitter_card":"summary_large_image","twitter_misc":{"Szacowany czas czytania":"2 minuty"},"schema":{"@context":"https:\/\/schema.org","@graph":[{"@type":"WebPage","@id":"https:\/\/www.cultcaffe.at\/kaffee\/orang-utan-project\/","url":"https:\/\/www.cultcaffe.at\/kaffee\/orang-utan-project\/","name":"Kawa \u00bb Projekt Orangutan","isPartOf":{"@id":"https:\/\/www.cultcaffe.at\/#website"},"primaryImageOfPage":{"@id":"https:\/\/www.cultcaffe.at\/kaffee\/orang-utan-project\/#primaryimage"},"image":{"@id":"https:\/\/www.cultcaffe.at\/kaffee\/orang-utan-project\/#primaryimage"},"thumbnailUrl":"https:\/\/www.cultcaffe.at\/wp-content\/uploads\/2024\/03\/Cult-Caffe_Kaffee-Bohnen_Orang-Utan.jpg","datePublished":"2024-04-15T19:01:00+00:00","dateModified":"2025-03-17T18:21:24+00:00","description":"CULTCAFF\u00c8 zdecydowa\u0142o si\u0119 nawi\u0105za\u0107 z nami wsp\u00f3\u0142prac\u0119 w tym projekcie. Pierwsze partie kawy zosta\u0142y ju\u017c wypalone, a smak kawy jest po prostu cudowny. Nasz wieloletni przyjaciel i wsp\u00f3\u0142inicjator, Timo Drews, wspiera nas w tym projekcie.","breadcrumb":{"@id":"https:\/\/www.cultcaffe.at\/kaffee\/orang-utan-project\/#breadcrumb"},"inLanguage":"pl-PL","potentialAction":[{"@type":"ReadAction","target":["https:\/\/www.cultcaffe.at\/kaffee\/orang-utan-project\/"]}]},{"@type":"ImageObject","inLanguage":"pl-PL","@id":"https:\/\/www.cultcaffe.at\/kaffee\/orang-utan-project\/#primaryimage","url":"https:\/\/www.cultcaffe.at\/wp-content\/uploads\/2024\/03\/Cult-Caffe_Kaffee-Bohnen_Orang-Utan.jpg","contentUrl":"https:\/\/www.cultcaffe.at\/wp-content\/uploads\/2024\/03\/Cult-Caffe_Kaffee-Bohnen_Orang-Utan.jpg"},{"@type":"BreadcrumbList","@id":"https:\/\/www.cultcaffe.at\/kaffee\/orang-utan-project\/#breadcrumb","itemListElement":[{"@type":"ListItem","position":1,"name":"Startseite","item":"https:\/\/www.cultcaffe.at\/"},{"@type":"ListItem","position":2,"name":"Kaffee","item":"https:\/\/www.cultcaffe.at\/kaffee\/"},{"@type":"ListItem","position":3,"name":"Orang-Utan Project"}]},{"@type":"WebSite","@id":"https:\/\/www.cultcaffe.at\/#website","url":"https:\/\/www.cultcaffe.at\/","name":"CultCaff\u00e9 \u2013 organiczna palarnia kawy","description":"Mi\u0142o\u015b\u0107 do kawy","publisher":{"@id":"https:\/\/www.cultcaffe.at\/#organization"},"potentialAction":[{"@type":"SearchAction","target":{"@type":"EntryPoint","urlTemplate":"https:\/\/www.cultcaffe.at\/?s={search_term_string}"},"query-input":{"@type":"PropertyValueSpecification","valueRequired":true,"valueName":"search_term_string"}}],"inLanguage":"pl-PL"},{"@type":["Organization","Place"],"@id":"https:\/\/www.cultcaffe.at\/#organization","name":"CultCaff\u00e9 Coffee Roastery GmbH","alternateName":"CultCaff\u00e9","url":"https:\/\/www.cultcaffe.at\/","logo":{"@id":"https:\/\/www.cultcaffe.at\/kaffee\/orang-utan-project\/#local-main-organization-logo"},"image":{"@id":"https:\/\/www.cultcaffe.at\/kaffee\/orang-utan-project\/#local-main-organization-logo"},"sameAs":["https:\/\/www.facebook.com\/p\/Cult-Caff\u00e8-die-R\u00f6sterei-100039719724703\/?locale=de_DE","https:\/\/www.instagram.com\/cultcaffe.at\/"],"hasMerchantReturnPolicy":{"@type":"MerchantReturnPolicy","merchantReturnLink":"https:\/\/www.cultcaffe.at\/pl\/agbs\/"},"telephone":[],"openingHoursSpecification":[{"@type":"OpeningHoursSpecification","dayOfWeek":["Monday","Tuesday","Wednesday","Thursday","Friday","Saturday","Sunday"],"opens":"09:00","closes":"17:00"}]},{"@type":"ImageObject","inLanguage":"pl-PL","@id":"https:\/\/www.cultcaffe.at\/kaffee\/orang-utan-project\/#local-main-organization-logo","url":"https:\/\/www.cultcaffe.at\/wp-content\/uploads\/2023\/11\/cultcaffe_logo_regular_dark-1.svg","contentUrl":"https:\/\/www.cultcaffe.at\/wp-content\/uploads\/2023\/11\/cultcaffe_logo_regular_dark-1.svg","width":756,"height":474,"caption":"CultCaff\u00e9 Kaffeer\u00f6sterei GmbH"}]}},"_links":{"self":[{"href":"https:\/\/www.cultcaffe.at\/pl\/wp-json\/wp\/v2\/pages\/14797","targetHints":{"allow":["GET"]}}],"collection":[{"href":"https:\/\/www.cultcaffe.at\/pl\/wp-json\/wp\/v2\/pages"}],"about":[{"href":"https:\/\/www.cultcaffe.at\/pl\/wp-json\/wp\/v2\/types\/page"}],"author":[{"embeddable":true,"href":"https:\/\/www.cultcaffe.at\/pl\/wp-json\/wp\/v2\/users\/6"}],"replies":[{"embeddable":true,"href":"https:\/\/www.cultcaffe.at\/pl\/wp-json\/wp\/v2\/comments?post=14797"}],"version-history":[{"count":18,"href":"https:\/\/www.cultcaffe.at\/pl\/wp-json\/wp\/v2\/pages\/14797\/revisions"}],"predecessor-version":[{"id":17681,"href":"https:\/\/www.cultcaffe.at\/pl\/wp-json\/wp\/v2\/pages\/14797\/revisions\/17681"}],"up":[{"embeddable":true,"href":"https:\/\/www.cultcaffe.at\/pl\/wp-json\/wp\/v2\/pages\/556"}],"wp:attachment":[{"href":"https:\/\/www.cultcaffe.at\/pl\/wp-json\/wp\/v2\/media?parent=14797"}],"curies":[{"name":"wp","href":"https:\/\/api.w.org\/{rel}","templated":true}]}}