{"id":19330,"date":"2026-01-30T11:22:15","date_gmt":"2026-01-30T10:22:15","guid":{"rendered":"https:\/\/www.cultcaffe.at\/?post_type=product&#038;p=19330"},"modified":"2026-02-18T15:39:51","modified_gmt":"2026-02-18T14:39:51","slug":"cafetera-totalmente-automatica-smeg-classic-bcc11","status":"publish","type":"product","link":"https:\/\/www.cultcaffe.at\/es\/produkt\/smeg-kaffeevollautomat-classic-bcc11\/","title":{"rendered":"Cafetera totalmente autom\u00e1tica SMEG Classic BCC11"},"content":{"rendered":"<h3 class=\"product-detail__title\">Especificaciones t\u00e9cnicas<\/h3>\n<div class=\"product-detail__content\">\n<div class=\"details layout__twoCol row\">\n<div class=\"col-sm\">\n<ul>\n<li id=\"sectionDetail-13\" class=\"detail\"><span class=\"detail__label\">Sistema de calefacci\u00f3n: <\/span><span class=\"detail__txt\">Termobloque<\/span><\/li>\n<li id=\"sectionDetail-13\" class=\"detail\"><span class=\"detail__label\">Unidad de preparaci\u00f3n extra\u00edble<\/span><\/li>\n<li id=\"sectionDetail-13\" class=\"detail\"><span class=\"detail__label\">Molinillo de caf\u00e9 integrado<\/span><\/li>\n<li id=\"sectionDetail-13\" class=\"detail\"><span class=\"detail__label\">Capacidad de la tolva de granos de caf\u00e9: 1<\/span><span class=\"detail__txt\">50 gramos<\/span><\/li>\n<li id=\"sectionDetail-13\" class=\"detail\"><span class=\"detail__label\">Capacidad del contenedor de posos de caf\u00e9 (n\u00famero de posos de caf\u00e9): <\/span><span class=\"detail__txt\">7<\/span><\/li>\n<li class=\"detail\"><span class=\"detail__label\">Tanque de agua extra\u00edble<\/span><\/li>\n<li class=\"detail\"><span class=\"detail__label\">Capacidad del tanque de agua: <\/span><span class=\"detail__txt\">1,4 litros<\/span><\/li>\n<li class=\"detail\"><span class=\"detail__label\">Bandeja de agua residual extra\u00edble<\/span><\/li>\n<li class=\"detail\"><span class=\"detail__label\">Bandeja para tazas grande<\/span><\/li>\n<li class=\"detail\"><span class=\"detail__label\">Presi\u00f3n de la bomba: <\/span><span class=\"detail__txt\">19 barras<\/span><\/li>\n<\/ul>\n<h3 class=\"product-detail__title\">Conexi\u00f3n el\u00e9ctrica<\/h3>\n<div class=\"product-detail__content\">\n<div class=\"details layout__twoCol row\">\n<div class=\"col-sm\">\n<ul>\n<li><span class=\"detail__label\">Enchufe de alimentaci\u00f3n:<\/span><span class=\"detail__txt\">(F;E) Schuko<\/span><\/li>\n<li id=\"sectionDetail-15\" class=\"detail\"><span class=\"detail__label\">Tensi\u00f3n: <\/span><span class=\"detail__txt\">220-240 V<\/span><\/li>\n<li class=\"detail\">Frecuencia: <span class=\"detail__txt\">50\/60 Hz<\/span><\/li>\n<li class=\"detail\">Longitud del cable de alimentaci\u00f3n: <span class=\"detail__txt\">1 metro<\/span><\/li>\n<\/ul>\n<\/div>\n<\/div>\n<\/div>\n<\/div>\n<\/div>\n<\/div>\n<h3 class=\"product-detail__title\">Accesorios est\u00e1ndar<\/h3>\n<div class=\"product-detail__content\">\n<div class=\"details layout__twoCol\">\n<div class=\"detail\"><span class=\"detail__label\">cepillo de limpieza<\/span><\/div>\n<div class=\"detail\"><span class=\"detail__label\">Tiras de prueba\/dureza del agua<\/span><\/div>\n<div><\/div>\n<h4 class=\"product-detail__title\"><a href=\"https:\/\/www.cultcaffe.at\/wp-content\/uploads\/2026\/01\/BCC11BLMEU_de-DE-Lieferumfang.pdf\">BCC11BLMEU_de-DE Volumen de suministro<\/a><\/h4>\n<h4 class=\"product-detail__title\"><a style=\"font-size: 16px;\" href=\"https:\/\/www.cultcaffe.at\/wp-content\/uploads\/2026\/01\/Bedienungsanleitung-Smeg-Vollautomat-BCC11.pdf\">Instrucciones de uso Cafetera autom\u00e1tica Smeg BCC11<\/a><\/h4>\n<\/div>\n<\/div>","protected":false},"excerpt":{"rendered":"<div class=\"main__description\">La elegancia y el dise\u00f1o minimalista de la nueva cafetera totalmente autom\u00e1tica satisfacen todas tus necesidades, ya sea para ristretto, espresso o americano.<\/div>\n<div class=\"main__description\">La m\u00e1quina de caf\u00e9 totalmente autom\u00e1tica ofrece una experiencia de caf\u00e9 especial.<\/div>\n<div class=\"main__description\">\n<ul>\n<li>Sistema de calentamiento Thermoblock para una preparaci\u00f3n r\u00e1pida del caf\u00e9 y una temperatura de infusi\u00f3n y vaporizaci\u00f3n constante.<\/li>\n<li>Molinillo de caf\u00e9 integrado. Disfruta de un caf\u00e9 reci\u00e9n molido.<\/li>\n<li>Manejo intuitivo: teclado claro para funciones de un solo toque: variedad de caf\u00e9 con solo tocar un bot\u00f3n.<\/li>\n<li>Compacto y ahorra espacio<\/li>\n<li>El portavasos de acero inoxidable se puede quitar f\u00e1cilmente, por lo que incluso los vasos de caf\u00e9 con leche m\u00e1s grandes caben debajo de la salida del caf\u00e9.<\/li>\n<li>Presi\u00f3n de bomba de 19 bares: para una extracci\u00f3n \u00f3ptima y constante del caf\u00e9 espresso.<\/li>\n<li>Multibebidas: 7 bebidas de caf\u00e9 y funci\u00f3n de agua caliente<\/li>\n<\/ul>\n<\/div>","protected":false},"featured_media":19333,"template":"","meta":{"inline_featured_image":false},"product_brand":[],"product_cat":[314],"product_tag":[155,61,60,312,59,62,311,309,313],"class_list":{"0":"post-19330","1":"product","2":"type-product","3":"status-publish","4":"has-post-thumbnail","6":"product_cat-kaffeemaschinen","7":"product_tag-barista","8":"product_tag-cultcaffe","9":"product_tag-espresso","10":"product_tag-espressomaschine","11":"product_tag-kaffee","12":"product_tag-kaffeegenuss","13":"product_tag-kaffeemaschine","14":"product_tag-smeg","15":"product_tag-vollautomat","16":"product_shipping_class-kaffeemaschinen","18":"first","19":"instock","20":"taxable","21":"shipping-taxable","22":"purchasable","23":"product-type-variable"},"yoast_head":"<!-- This site is optimized with the Yoast SEO plugin v27.5 - https:\/\/yoast.com\/product\/yoast-seo-wordpress\/ -->\n<title>SMEG Kaffeevollautomat Classic BCC11 - CultCaff\u00e9 - die Bio Kaffee R\u00f6sterei<\/title>\n<meta name=\"robots\" content=\"index, follow, max-snippet:-1, max-image-preview:large, max-video-preview:-1\" \/>\n<link rel=\"canonical\" href=\"https:\/\/www.cultcaffe.at\/es\/producto\/cafetera-totalmente-automatica-smeg-classic-bcc11\/\" \/>\n<meta property=\"og:locale\" content=\"es_ES\" \/>\n<meta property=\"og:type\" content=\"article\" \/>\n<meta property=\"og:title\" content=\"SMEG Kaffeevollautomat Classic BCC11 - CultCaff\u00e9 - die Bio Kaffee R\u00f6sterei\" \/>\n<meta property=\"og:description\" content=\"Die Eleganz und das puristische Design des neuen Kaffeevollautomaten l\u00e4sst keine W\u00fcnsche offen. Egal ob Ristretto, Espresso oder Americano. Der Kaffeevollautomat bietet das besondere Kaffeeerlebnis.    Thermoblock-Heizsystem f\u00fcr eine schnelle Zubereitung des Kaffees und eine konstante Br\u00fch- und Dampftemperatur.  Integrierte Kaffeem\u00fchle. Kaffeegenuss aus frisch gemahlenen Kaffeebohnen.  Intuitive Bedienung: \u00dcbersichtliches Tastenfeld f\u00fcr One-Touch Funktionen - Kaffeevielfalt auf Knopfdruck  Kompakt und platzsparend  Der Tassentr\u00e4ger aus Edelstahl kann ganz einfach abgenommen werden, so passen auch gr\u00f6\u00dfere Latte Macchiato-Gl\u00e4ser unter den Kaffee-Auslauf.  19 bar Pumpendruck: f\u00fcr eine stets optimale Extraktion des Espressokaffees  Multigetr\u00e4nke: 7 Kaffeegetr\u00e4nke und Hei\u00dfwasserfunktion\" \/>\n<meta property=\"og:url\" content=\"https:\/\/www.cultcaffe.at\/es\/producto\/cafetera-totalmente-automatica-smeg-classic-bcc11\/\" \/>\n<meta property=\"og:site_name\" content=\"CultCaff\u00e9 - die Bio Kaffee R\u00f6sterei\" \/>\n<meta property=\"article:publisher\" content=\"https:\/\/www.facebook.com\/p\/Cult-Caff%c3%a8-die-R%c3%b6sterei-100039719724703\/?locale=de_DE\" \/>\n<meta property=\"article:modified_time\" content=\"2026-02-18T14:39:51+00:00\" \/>\n<meta property=\"og:image\" content=\"https:\/\/www.cultcaffe.at\/wp-content\/uploads\/2026\/01\/BCC11BLMEU_9-Vollautomat-Kaffee.jpg\" \/>\n\t<meta property=\"og:image:width\" content=\"1300\" \/>\n\t<meta property=\"og:image:height\" content=\"1300\" \/>\n\t<meta property=\"og:image:type\" content=\"image\/jpeg\" \/>\n<meta name=\"twitter:card\" content=\"summary_large_image\" \/>\n<meta name=\"twitter:label1\" content=\"Disponibilidad\" \/>\n\t<meta name=\"twitter:data1\" content=\"Disponible\" \/>\n<script type=\"application\/ld+json\" class=\"yoast-schema-graph\">{\"@context\":\"https:\\\/\\\/schema.org\",\"@graph\":[{\"@type\":\"WebPage\",\"@id\":\"https:\\\/\\\/www.cultcaffe.at\\\/produkt\\\/smeg-kaffeevollautomat-classic-bcc11\\\/\",\"url\":\"https:\\\/\\\/www.cultcaffe.at\\\/produkt\\\/smeg-kaffeevollautomat-classic-bcc11\\\/\",\"name\":\"SMEG Kaffeevollautomat Classic BCC11 - CultCaff\u00e9 - die Bio Kaffee R\u00f6sterei\",\"isPartOf\":{\"@id\":\"https:\\\/\\\/www.cultcaffe.at\\\/#website\"},\"primaryImageOfPage\":{\"@id\":\"https:\\\/\\\/www.cultcaffe.at\\\/produkt\\\/smeg-kaffeevollautomat-classic-bcc11\\\/#primaryimage\"},\"image\":{\"@id\":\"https:\\\/\\\/www.cultcaffe.at\\\/produkt\\\/smeg-kaffeevollautomat-classic-bcc11\\\/#primaryimage\"},\"thumbnailUrl\":\"https:\\\/\\\/www.cultcaffe.at\\\/wp-content\\\/uploads\\\/2026\\\/01\\\/BCC11BLMEU_9-Vollautomat-Kaffee.jpg\",\"datePublished\":\"2026-01-30T10:22:15+00:00\",\"dateModified\":\"2026-02-18T14:39:51+00:00\",\"breadcrumb\":{\"@id\":\"https:\\\/\\\/www.cultcaffe.at\\\/produkt\\\/smeg-kaffeevollautomat-classic-bcc11\\\/#breadcrumb\"},\"inLanguage\":\"es\",\"potentialAction\":[{\"@type\":\"ReadAction\",\"target\":[\"https:\\\/\\\/www.cultcaffe.at\\\/produkt\\\/smeg-kaffeevollautomat-classic-bcc11\\\/\"]}]},{\"@type\":\"ImageObject\",\"inLanguage\":\"es\",\"@id\":\"https:\\\/\\\/www.cultcaffe.at\\\/produkt\\\/smeg-kaffeevollautomat-classic-bcc11\\\/#primaryimage\",\"url\":\"https:\\\/\\\/www.cultcaffe.at\\\/wp-content\\\/uploads\\\/2026\\\/01\\\/BCC11BLMEU_9-Vollautomat-Kaffee.jpg\",\"contentUrl\":\"https:\\\/\\\/www.cultcaffe.at\\\/wp-content\\\/uploads\\\/2026\\\/01\\\/BCC11BLMEU_9-Vollautomat-Kaffee.jpg\",\"width\":1300,\"height\":1300},{\"@type\":\"BreadcrumbList\",\"@id\":\"https:\\\/\\\/www.cultcaffe.at\\\/produkt\\\/smeg-kaffeevollautomat-classic-bcc11\\\/#breadcrumb\",\"itemListElement\":[{\"@type\":\"ListItem\",\"position\":1,\"name\":\"Startseite\",\"item\":\"https:\\\/\\\/www.cultcaffe.at\\\/\"},{\"@type\":\"ListItem\",\"position\":2,\"name\":\"Produkte\",\"item\":\"https:\\\/\\\/www.cultcaffe.at\\\/shop\\\/\"},{\"@type\":\"ListItem\",\"position\":3,\"name\":\"SMEG Kaffeevollautomat Classic BCC11\"}]},{\"@type\":\"WebSite\",\"@id\":\"https:\\\/\\\/www.cultcaffe.at\\\/#website\",\"url\":\"https:\\\/\\\/www.cultcaffe.at\\\/\",\"name\":\"CultCaff\u00e9 - die Bio Kaffee R\u00f6sterei\",\"description\":\"Liebe zum Kaffee\",\"publisher\":{\"@id\":\"https:\\\/\\\/www.cultcaffe.at\\\/#organization\"},\"potentialAction\":[{\"@type\":\"SearchAction\",\"target\":{\"@type\":\"EntryPoint\",\"urlTemplate\":\"https:\\\/\\\/www.cultcaffe.at\\\/?s={search_term_string}\"},\"query-input\":{\"@type\":\"PropertyValueSpecification\",\"valueRequired\":true,\"valueName\":\"search_term_string\"}}],\"inLanguage\":\"es\"},{\"@type\":[\"Organization\",\"Place\"],\"@id\":\"https:\\\/\\\/www.cultcaffe.at\\\/#organization\",\"name\":\"CultCaff\u00e9 Kaffeer\u00f6sterei GmbH\",\"alternateName\":\"CultCaff\u00e9\",\"url\":\"https:\\\/\\\/www.cultcaffe.at\\\/\",\"logo\":{\"@id\":\"https:\\\/\\\/www.cultcaffe.at\\\/produkt\\\/smeg-kaffeevollautomat-classic-bcc11\\\/#local-main-organization-logo\"},\"image\":{\"@id\":\"https:\\\/\\\/www.cultcaffe.at\\\/produkt\\\/smeg-kaffeevollautomat-classic-bcc11\\\/#local-main-organization-logo\"},\"sameAs\":[\"https:\\\/\\\/www.facebook.com\\\/p\\\/Cult-Caff\u00e8-die-R\u00f6sterei-100039719724703\\\/?locale=de_DE\",\"https:\\\/\\\/www.instagram.com\\\/cultcaffe.at\\\/\"],\"hasMerchantReturnPolicy\":{\"@type\":\"MerchantReturnPolicy\",\"merchantReturnLink\":\"https:\\\/\\\/www.cultcaffe.at\\\/es\\\/agbs\\\/\"},\"telephone\":[],\"openingHoursSpecification\":[{\"@type\":\"OpeningHoursSpecification\",\"dayOfWeek\":[\"Monday\",\"Tuesday\",\"Wednesday\",\"Thursday\",\"Friday\",\"Saturday\",\"Sunday\"],\"opens\":\"09:00\",\"closes\":\"17:00\"}]},{\"@type\":\"ImageObject\",\"inLanguage\":\"es\",\"@id\":\"https:\\\/\\\/www.cultcaffe.at\\\/produkt\\\/smeg-kaffeevollautomat-classic-bcc11\\\/#local-main-organization-logo\",\"url\":\"https:\\\/\\\/www.cultcaffe.at\\\/wp-content\\\/uploads\\\/2023\\\/11\\\/cultcaffe_logo_regular_dark-1.svg\",\"contentUrl\":\"https:\\\/\\\/www.cultcaffe.at\\\/wp-content\\\/uploads\\\/2023\\\/11\\\/cultcaffe_logo_regular_dark-1.svg\",\"width\":756,\"height\":474,\"caption\":\"CultCaff\u00e9 Kaffeer\u00f6sterei GmbH\"}]}<\/script>\n<meta property=\"og:availability\" content=\"instock\" \/>\n<meta property=\"product:availability\" content=\"instock\" \/>\n<meta property=\"product:condition\" content=\"new\" \/>\n<!-- \/ Yoast SEO plugin. -->","yoast_head_json":{"title":"Cafetera autom\u00e1tica SMEG Classic BCC11 - CultCaff\u00e9 - la tostadora de caf\u00e9 org\u00e1nico","robots":{"index":"index","follow":"follow","max-snippet":"max-snippet:-1","max-image-preview":"max-image-preview:large","max-video-preview":"max-video-preview:-1"},"canonical":"https:\/\/www.cultcaffe.at\/es\/producto\/cafetera-totalmente-automatica-smeg-classic-bcc11\/","og_locale":"es_ES","og_type":"article","og_title":"SMEG Kaffeevollautomat Classic BCC11 - CultCaff\u00e9 - die Bio Kaffee R\u00f6sterei","og_description":"Die Eleganz und das puristische Design des neuen Kaffeevollautomaten l\u00e4sst keine W\u00fcnsche offen. Egal ob Ristretto, Espresso oder Americano. Der Kaffeevollautomat bietet das besondere Kaffeeerlebnis.    Thermoblock-Heizsystem f\u00fcr eine schnelle Zubereitung des Kaffees und eine konstante Br\u00fch- und Dampftemperatur.  Integrierte Kaffeem\u00fchle. Kaffeegenuss aus frisch gemahlenen Kaffeebohnen.  Intuitive Bedienung: \u00dcbersichtliches Tastenfeld f\u00fcr One-Touch Funktionen - Kaffeevielfalt auf Knopfdruck  Kompakt und platzsparend  Der Tassentr\u00e4ger aus Edelstahl kann ganz einfach abgenommen werden, so passen auch gr\u00f6\u00dfere Latte Macchiato-Gl\u00e4ser unter den Kaffee-Auslauf.  19 bar Pumpendruck: f\u00fcr eine stets optimale Extraktion des Espressokaffees  Multigetr\u00e4nke: 7 Kaffeegetr\u00e4nke und Hei\u00dfwasserfunktion","og_url":"https:\/\/www.cultcaffe.at\/es\/producto\/cafetera-totalmente-automatica-smeg-classic-bcc11\/","og_site_name":"CultCaff\u00e9 - die Bio Kaffee R\u00f6sterei","article_publisher":"https:\/\/www.facebook.com\/p\/Cult-Caff%c3%a8-die-R%c3%b6sterei-100039719724703\/?locale=de_DE","article_modified_time":"2026-02-18T14:39:51+00:00","og_image":[{"width":1300,"height":1300,"url":"https:\/\/www.cultcaffe.at\/wp-content\/uploads\/2026\/01\/BCC11BLMEU_9-Vollautomat-Kaffee.jpg","type":"image\/jpeg"}],"twitter_card":"summary_large_image","twitter_misc":{"Disponibilidad":"Disponible"},"schema":{"@context":"https:\/\/schema.org","@graph":[{"@type":"WebPage","@id":"https:\/\/www.cultcaffe.at\/produkt\/smeg-kaffeevollautomat-classic-bcc11\/","url":"https:\/\/www.cultcaffe.at\/produkt\/smeg-kaffeevollautomat-classic-bcc11\/","name":"Cafetera autom\u00e1tica SMEG Classic BCC11 - CultCaff\u00e9 - la tostadora de caf\u00e9 org\u00e1nico","isPartOf":{"@id":"https:\/\/www.cultcaffe.at\/#website"},"primaryImageOfPage":{"@id":"https:\/\/www.cultcaffe.at\/produkt\/smeg-kaffeevollautomat-classic-bcc11\/#primaryimage"},"image":{"@id":"https:\/\/www.cultcaffe.at\/produkt\/smeg-kaffeevollautomat-classic-bcc11\/#primaryimage"},"thumbnailUrl":"https:\/\/www.cultcaffe.at\/wp-content\/uploads\/2026\/01\/BCC11BLMEU_9-Vollautomat-Kaffee.jpg","datePublished":"2026-01-30T10:22:15+00:00","dateModified":"2026-02-18T14:39:51+00:00","breadcrumb":{"@id":"https:\/\/www.cultcaffe.at\/produkt\/smeg-kaffeevollautomat-classic-bcc11\/#breadcrumb"},"inLanguage":"es","potentialAction":[{"@type":"ReadAction","target":["https:\/\/www.cultcaffe.at\/produkt\/smeg-kaffeevollautomat-classic-bcc11\/"]}]},{"@type":"ImageObject","inLanguage":"es","@id":"https:\/\/www.cultcaffe.at\/produkt\/smeg-kaffeevollautomat-classic-bcc11\/#primaryimage","url":"https:\/\/www.cultcaffe.at\/wp-content\/uploads\/2026\/01\/BCC11BLMEU_9-Vollautomat-Kaffee.jpg","contentUrl":"https:\/\/www.cultcaffe.at\/wp-content\/uploads\/2026\/01\/BCC11BLMEU_9-Vollautomat-Kaffee.jpg","width":1300,"height":1300},{"@type":"BreadcrumbList","@id":"https:\/\/www.cultcaffe.at\/produkt\/smeg-kaffeevollautomat-classic-bcc11\/#breadcrumb","itemListElement":[{"@type":"ListItem","position":1,"name":"Startseite","item":"https:\/\/www.cultcaffe.at\/"},{"@type":"ListItem","position":2,"name":"Produkte","item":"https:\/\/www.cultcaffe.at\/shop\/"},{"@type":"ListItem","position":3,"name":"SMEG Kaffeevollautomat Classic BCC11"}]},{"@type":"WebSite","@id":"https:\/\/www.cultcaffe.at\/#website","url":"https:\/\/www.cultcaffe.at\/","name":"CultCaff\u00e9 - la tostadur\u00eda de caf\u00e9 org\u00e1nico","description":"Amor por el caf\u00e9","publisher":{"@id":"https:\/\/www.cultcaffe.at\/#organization"},"potentialAction":[{"@type":"SearchAction","target":{"@type":"EntryPoint","urlTemplate":"https:\/\/www.cultcaffe.at\/?s={search_term_string}"},"query-input":{"@type":"PropertyValueSpecification","valueRequired":true,"valueName":"search_term_string"}}],"inLanguage":"es"},{"@type":["Organization","Place"],"@id":"https:\/\/www.cultcaffe.at\/#organization","name":"Tostadur\u00eda de caf\u00e9 CultCaff\u00e9 GmbH","alternateName":"CultCaff\u00e9","url":"https:\/\/www.cultcaffe.at\/","logo":{"@id":"https:\/\/www.cultcaffe.at\/produkt\/smeg-kaffeevollautomat-classic-bcc11\/#local-main-organization-logo"},"image":{"@id":"https:\/\/www.cultcaffe.at\/produkt\/smeg-kaffeevollautomat-classic-bcc11\/#local-main-organization-logo"},"sameAs":["https:\/\/www.facebook.com\/p\/Cult-Caff\u00e8-die-R\u00f6sterei-100039719724703\/?locale=de_DE","https:\/\/www.instagram.com\/cultcaffe.at\/"],"hasMerchantReturnPolicy":{"@type":"MerchantReturnPolicy","merchantReturnLink":"https:\/\/www.cultcaffe.at\/es\/agbs\/"},"telephone":[],"openingHoursSpecification":[{"@type":"OpeningHoursSpecification","dayOfWeek":["Monday","Tuesday","Wednesday","Thursday","Friday","Saturday","Sunday"],"opens":"09:00","closes":"17:00"}]},{"@type":"ImageObject","inLanguage":"es","@id":"https:\/\/www.cultcaffe.at\/produkt\/smeg-kaffeevollautomat-classic-bcc11\/#local-main-organization-logo","url":"https:\/\/www.cultcaffe.at\/wp-content\/uploads\/2023\/11\/cultcaffe_logo_regular_dark-1.svg","contentUrl":"https:\/\/www.cultcaffe.at\/wp-content\/uploads\/2023\/11\/cultcaffe_logo_regular_dark-1.svg","width":756,"height":474,"caption":"CultCaff\u00e9 Kaffeer\u00f6sterei GmbH"}]},"og_availability":"instock","product_availability":"instock","product_condition":"new"},"_links":{"self":[{"href":"https:\/\/www.cultcaffe.at\/es\/wp-json\/wp\/v2\/product\/19330","targetHints":{"allow":["GET"]}}],"collection":[{"href":"https:\/\/www.cultcaffe.at\/es\/wp-json\/wp\/v2\/product"}],"about":[{"href":"https:\/\/www.cultcaffe.at\/es\/wp-json\/wp\/v2\/types\/product"}],"wp:featuredmedia":[{"embeddable":true,"href":"https:\/\/www.cultcaffe.at\/es\/wp-json\/wp\/v2\/media\/19333"}],"wp:attachment":[{"href":"https:\/\/www.cultcaffe.at\/es\/wp-json\/wp\/v2\/media?parent=19330"}],"wp:term":[{"taxonomy":"product_brand","embeddable":true,"href":"https:\/\/www.cultcaffe.at\/es\/wp-json\/wp\/v2\/product_brand?post=19330"},{"taxonomy":"product_cat","embeddable":true,"href":"https:\/\/www.cultcaffe.at\/es\/wp-json\/wp\/v2\/product_cat?post=19330"},{"taxonomy":"product_tag","embeddable":true,"href":"https:\/\/www.cultcaffe.at\/es\/wp-json\/wp\/v2\/product_tag?post=19330"}],"curies":[{"name":"wp","href":"https:\/\/api.w.org\/{rel}","templated":true}]}}