{"id":19316,"date":"2026-01-29T13:06:12","date_gmt":"2026-01-29T12:06:12","guid":{"rendered":"https:\/\/www.cultcaffe.at\/?post_type=product&#038;p=19316"},"modified":"2026-01-29T13:08:32","modified_gmt":"2026-01-29T12:08:32","slug":"bolsita-de-te-para-ti","status":"publish","type":"product","link":"https:\/\/www.cultcaffe.at\/es\/produkt\/teesaeckchen-fuer-dich\/","title":{"rendered":"Bolsitas de t\u00e9 \u201ePARA TI\u201c"},"content":{"rendered":"<ul>\n<li>Mezcla de t\u00e9 de frutas con sabor a frambuesa y vainilla.<\/li>\n<li>Ideal como regalo considerado o peque\u00f1a muestra de agradecimiento.<\/li>\n<li>Disfr\u00fatelo caliente o fr\u00edo<\/li>\n<li>Cantidad: 20 g<\/li>\n<li>Dimensiones: 8,5 x 12,5 cm<\/li>\n<\/ul>\n<p>&nbsp;<\/p>\n<p><strong>Mezcla de t\u00e9 de frutas con sabor a frambuesa y vainilla, sabor natural.\u00a0<\/strong><\/p>\n<p>\u00a1Para ti! Este t\u00e9 afrutado y dulce es un regalo encantador para tus seres queridos o para ti mismo. Su sabor a frambuesa y vainilla proporciona una agradable dulzura con aroma a frutos rojos. Te reconforta por dentro en invierno, y en verano tambi\u00e9n se puede disfrutar fr\u00edo con cubitos de hielo como un t\u00e9 helado afrutado. Perfecto para una taza por la ma\u00f1ana o para un capricho por la tarde con un dulce refrigerio.<\/p>\n<p><strong>A continuaci\u00f3n te explicamos c\u00f3mo preparar f\u00e1cilmente 1 litro de t\u00e9:<\/strong><\/p>\n<ol>\n<li>Ponga 4-5 cucharaditas de t\u00e9 en una tetera.<\/li>\n<li>Vierta encima un litro de agua hirviendo (100\u00baC).<\/li>\n<li>Deje reposar el t\u00e9 durante unos 10-12 minutos.<\/li>\n<li>A\u00f1ade az\u00facar y miel al gusto.<\/li>\n<li>\u00a1Disfruta de una taza de t\u00e9 caliente!<\/li>\n<\/ol>\n<ul id=\"Slider-template--23572438090061__multicolumn_JaPdez\" class=\"multicolumn-list contains-content-container grid grid--1-col-tablet-down grid--2-col-desktop\" role=\"list\">\n<li id=\"Slide-template--23572438090061__multicolumn_JaPdez-2\" class=\"multicolumn-list__item grid__item\">\n<div class=\"multicolumn-card content-container\">\n<div class=\"multicolumn-card__info\">\n<h3 class=\"inline-richtext\">Consejos<\/h3>\n<div class=\"rte\">\n<p><span class=\"metafield-multi_line_text_field\">Agregar cubitos de hielo y fruta convierte el t\u00e9 en un refrescante t\u00e9 helado en verano.<\/span><\/p>\n<\/div>\n<\/div>\n<\/div>\n<\/li>\n<\/ul>","protected":false},"excerpt":{"rendered":"<ul>\n<li>Mezcla de t\u00e9 de frutas con sabor a frambuesa y vainilla.<\/li>\n<li>Ideal como regalo considerado o peque\u00f1a muestra de agradecimiento.<\/li>\n<li>Disfr\u00fatelo caliente o fr\u00edo<\/li>\n<li>Cantidad: 20 g<\/li>\n<\/ul>","protected":false},"featured_media":19317,"template":"","meta":{"inline_featured_image":false},"product_brand":[],"product_cat":[42,211],"product_tag":[94,307,308,95,87,298,133],"class_list":{"0":"post-19316","1":"product","2":"type-product","3":"status-publish","4":"has-post-thumbnail","6":"product_cat-tee","7":"product_cat-geschenkideen","8":"product_tag-cult-caffe","9":"product_tag-danke","10":"product_tag-fuer-dich","11":"product_tag-geschenk","12":"product_tag-tee","13":"product_tag-teegenuss","14":"product_tag-weihnachtsgeschenk","16":"first","17":"instock","18":"taxable","19":"shipping-taxable","20":"purchasable","21":"product-type-simple"},"yoast_head":"<!-- This site is optimized with the Yoast SEO plugin v27.6 - https:\/\/yoast.com\/product\/yoast-seo-wordpress\/ -->\n<title>Tees\u00e4ckchen &quot;F\u00dcR DICH&quot; - CultCaff\u00e9 - die Bio Kaffee R\u00f6sterei<\/title>\n<meta name=\"robots\" content=\"index, follow, max-snippet:-1, max-image-preview:large, max-video-preview:-1\" \/>\n<link rel=\"canonical\" href=\"https:\/\/www.cultcaffe.at\/es\/producto\/bolsita-de-te-para-ti\/\" \/>\n<meta property=\"og:locale\" content=\"es_ES\" \/>\n<meta property=\"og:type\" content=\"article\" \/>\n<meta property=\"og:title\" content=\"Tees\u00e4ckchen &quot;F\u00dcR DICH&quot; - CultCaff\u00e9 - die Bio Kaffee R\u00f6sterei\" \/>\n<meta property=\"og:description\" content=\"Fr\u00fcchteteemischung mit Himbeer-Vanille-Geschmack  Ideal als liebevolles Geschenk oder kleine Aufmerksamkeit  hei\u00df oder kalt zu genie\u00dfen  Menge: 20 g\" \/>\n<meta property=\"og:url\" content=\"https:\/\/www.cultcaffe.at\/es\/producto\/bolsita-de-te-para-ti\/\" \/>\n<meta property=\"og:site_name\" content=\"CultCaff\u00e9 - die Bio Kaffee R\u00f6sterei\" \/>\n<meta property=\"article:publisher\" content=\"https:\/\/www.facebook.com\/p\/Cult-Caff%c3%a8-die-R%c3%b6sterei-100039719724703\/?locale=de_DE\" \/>\n<meta property=\"article:modified_time\" content=\"2026-01-29T12:08:32+00:00\" \/>\n<meta property=\"og:image\" content=\"https:\/\/www.cultcaffe.at\/wp-content\/uploads\/2026\/01\/Tee-fuer-dich-1.webp\" \/>\n\t<meta property=\"og:image:width\" content=\"713\" \/>\n\t<meta property=\"og:image:height\" content=\"713\" \/>\n\t<meta property=\"og:image:type\" content=\"image\/webp\" \/>\n<meta name=\"twitter:card\" content=\"summary_large_image\" \/>\n<meta name=\"twitter:label1\" content=\"Precio\" \/>\n\t<meta name=\"twitter:data1\" content=\"&euro;&nbsp;4,40\" \/>\n\t<meta name=\"twitter:label2\" content=\"Disponibilidad\" \/>\n\t<meta name=\"twitter:data2\" content=\"Disponible\" \/>\n<script type=\"application\/ld+json\" class=\"yoast-schema-graph\">{\"@context\":\"https:\\\/\\\/schema.org\",\"@graph\":[{\"@type\":\"WebPage\",\"@id\":\"https:\\\/\\\/www.cultcaffe.at\\\/produkt\\\/teesaeckchen-fuer-dich\\\/\",\"url\":\"https:\\\/\\\/www.cultcaffe.at\\\/produkt\\\/teesaeckchen-fuer-dich\\\/\",\"name\":\"Tees\u00e4ckchen \\\"F\u00dcR DICH\\\" - CultCaff\u00e9 - die Bio Kaffee R\u00f6sterei\",\"isPartOf\":{\"@id\":\"https:\\\/\\\/www.cultcaffe.at\\\/#website\"},\"primaryImageOfPage\":{\"@id\":\"https:\\\/\\\/www.cultcaffe.at\\\/produkt\\\/teesaeckchen-fuer-dich\\\/#primaryimage\"},\"image\":{\"@id\":\"https:\\\/\\\/www.cultcaffe.at\\\/produkt\\\/teesaeckchen-fuer-dich\\\/#primaryimage\"},\"thumbnailUrl\":\"https:\\\/\\\/www.cultcaffe.at\\\/wp-content\\\/uploads\\\/2026\\\/01\\\/Tee-fuer-dich-1.webp\",\"datePublished\":\"2026-01-29T12:06:12+00:00\",\"dateModified\":\"2026-01-29T12:08:32+00:00\",\"breadcrumb\":{\"@id\":\"https:\\\/\\\/www.cultcaffe.at\\\/produkt\\\/teesaeckchen-fuer-dich\\\/#breadcrumb\"},\"inLanguage\":\"es\",\"potentialAction\":[{\"@type\":\"ReadAction\",\"target\":[\"https:\\\/\\\/www.cultcaffe.at\\\/produkt\\\/teesaeckchen-fuer-dich\\\/\"]}]},{\"@type\":\"ImageObject\",\"inLanguage\":\"es\",\"@id\":\"https:\\\/\\\/www.cultcaffe.at\\\/produkt\\\/teesaeckchen-fuer-dich\\\/#primaryimage\",\"url\":\"https:\\\/\\\/www.cultcaffe.at\\\/wp-content\\\/uploads\\\/2026\\\/01\\\/Tee-fuer-dich-1.webp\",\"contentUrl\":\"https:\\\/\\\/www.cultcaffe.at\\\/wp-content\\\/uploads\\\/2026\\\/01\\\/Tee-fuer-dich-1.webp\",\"width\":713,\"height\":713},{\"@type\":\"BreadcrumbList\",\"@id\":\"https:\\\/\\\/www.cultcaffe.at\\\/produkt\\\/teesaeckchen-fuer-dich\\\/#breadcrumb\",\"itemListElement\":[{\"@type\":\"ListItem\",\"position\":1,\"name\":\"Startseite\",\"item\":\"https:\\\/\\\/www.cultcaffe.at\\\/\"},{\"@type\":\"ListItem\",\"position\":2,\"name\":\"Produkte\",\"item\":\"https:\\\/\\\/www.cultcaffe.at\\\/shop\\\/\"},{\"@type\":\"ListItem\",\"position\":3,\"name\":\"Tees\u00e4ckchen &#8222;F\u00dcR DICH&#8220;\"}]},{\"@type\":\"WebSite\",\"@id\":\"https:\\\/\\\/www.cultcaffe.at\\\/#website\",\"url\":\"https:\\\/\\\/www.cultcaffe.at\\\/\",\"name\":\"CultCaff\u00e9 - die Bio Kaffee R\u00f6sterei\",\"description\":\"Liebe zum Kaffee\",\"publisher\":{\"@id\":\"https:\\\/\\\/www.cultcaffe.at\\\/#organization\"},\"potentialAction\":[{\"@type\":\"SearchAction\",\"target\":{\"@type\":\"EntryPoint\",\"urlTemplate\":\"https:\\\/\\\/www.cultcaffe.at\\\/?s={search_term_string}\"},\"query-input\":{\"@type\":\"PropertyValueSpecification\",\"valueRequired\":true,\"valueName\":\"search_term_string\"}}],\"inLanguage\":\"es\"},{\"@type\":[\"Organization\",\"Place\"],\"@id\":\"https:\\\/\\\/www.cultcaffe.at\\\/#organization\",\"name\":\"CultCaff\u00e9 Kaffeer\u00f6sterei GmbH\",\"alternateName\":\"CultCaff\u00e9\",\"url\":\"https:\\\/\\\/www.cultcaffe.at\\\/\",\"logo\":{\"@id\":\"https:\\\/\\\/www.cultcaffe.at\\\/produkt\\\/teesaeckchen-fuer-dich\\\/#local-main-organization-logo\"},\"image\":{\"@id\":\"https:\\\/\\\/www.cultcaffe.at\\\/produkt\\\/teesaeckchen-fuer-dich\\\/#local-main-organization-logo\"},\"sameAs\":[\"https:\\\/\\\/www.facebook.com\\\/p\\\/Cult-Caff\u00e8-die-R\u00f6sterei-100039719724703\\\/?locale=de_DE\",\"https:\\\/\\\/www.instagram.com\\\/cultcaffe.at\\\/\"],\"hasMerchantReturnPolicy\":{\"@type\":\"MerchantReturnPolicy\",\"merchantReturnLink\":\"https:\\\/\\\/www.cultcaffe.at\\\/es\\\/agbs\\\/\"},\"telephone\":[],\"openingHoursSpecification\":[{\"@type\":\"OpeningHoursSpecification\",\"dayOfWeek\":[\"Monday\",\"Tuesday\",\"Wednesday\",\"Thursday\",\"Friday\",\"Saturday\",\"Sunday\"],\"opens\":\"09:00\",\"closes\":\"17:00\"}]},{\"@type\":\"ImageObject\",\"inLanguage\":\"es\",\"@id\":\"https:\\\/\\\/www.cultcaffe.at\\\/produkt\\\/teesaeckchen-fuer-dich\\\/#local-main-organization-logo\",\"url\":\"https:\\\/\\\/www.cultcaffe.at\\\/wp-content\\\/uploads\\\/2023\\\/11\\\/cultcaffe_logo_regular_dark-1.svg\",\"contentUrl\":\"https:\\\/\\\/www.cultcaffe.at\\\/wp-content\\\/uploads\\\/2023\\\/11\\\/cultcaffe_logo_regular_dark-1.svg\",\"width\":756,\"height\":474,\"caption\":\"CultCaff\u00e9 Kaffeer\u00f6sterei GmbH\"}]}<\/script>\n<meta property=\"product:price:amount\" content=\"4.40\" \/>\n<meta property=\"product:price:currency\" content=\"EUR\" \/>\n<meta property=\"og:availability\" content=\"instock\" \/>\n<meta property=\"product:availability\" content=\"instock\" \/>\n<meta property=\"product:condition\" content=\"new\" \/>\n<!-- \/ Yoast SEO plugin. -->","yoast_head_json":{"title":"Bolsitas de t\u00e9 &quot;PARA TI&quot; - CultCaff\u00e9 - la tostadora de caf\u00e9 org\u00e1nico","robots":{"index":"index","follow":"follow","max-snippet":"max-snippet:-1","max-image-preview":"max-image-preview:large","max-video-preview":"max-video-preview:-1"},"canonical":"https:\/\/www.cultcaffe.at\/es\/producto\/bolsita-de-te-para-ti\/","og_locale":"es_ES","og_type":"article","og_title":"Tees\u00e4ckchen \"F\u00dcR DICH\" - CultCaff\u00e9 - die Bio Kaffee R\u00f6sterei","og_description":"Fr\u00fcchteteemischung mit Himbeer-Vanille-Geschmack  Ideal als liebevolles Geschenk oder kleine Aufmerksamkeit  hei\u00df oder kalt zu genie\u00dfen  Menge: 20 g","og_url":"https:\/\/www.cultcaffe.at\/es\/producto\/bolsita-de-te-para-ti\/","og_site_name":"CultCaff\u00e9 - die Bio Kaffee R\u00f6sterei","article_publisher":"https:\/\/www.facebook.com\/p\/Cult-Caff%c3%a8-die-R%c3%b6sterei-100039719724703\/?locale=de_DE","article_modified_time":"2026-01-29T12:08:32+00:00","og_image":[{"width":713,"height":713,"url":"https:\/\/www.cultcaffe.at\/wp-content\/uploads\/2026\/01\/Tee-fuer-dich-1.webp","type":"image\/webp"}],"twitter_card":"summary_large_image","twitter_misc":{"Precio":"&euro;&nbsp;4,40","Disponibilidad":"Disponible"},"schema":{"@context":"https:\/\/schema.org","@graph":[{"@type":"WebPage","@id":"https:\/\/www.cultcaffe.at\/produkt\/teesaeckchen-fuer-dich\/","url":"https:\/\/www.cultcaffe.at\/produkt\/teesaeckchen-fuer-dich\/","name":"Bolsitas de t\u00e9 &quot;PARA TI&quot; - CultCaff\u00e9 - la tostadora de caf\u00e9 org\u00e1nico","isPartOf":{"@id":"https:\/\/www.cultcaffe.at\/#website"},"primaryImageOfPage":{"@id":"https:\/\/www.cultcaffe.at\/produkt\/teesaeckchen-fuer-dich\/#primaryimage"},"image":{"@id":"https:\/\/www.cultcaffe.at\/produkt\/teesaeckchen-fuer-dich\/#primaryimage"},"thumbnailUrl":"https:\/\/www.cultcaffe.at\/wp-content\/uploads\/2026\/01\/Tee-fuer-dich-1.webp","datePublished":"2026-01-29T12:06:12+00:00","dateModified":"2026-01-29T12:08:32+00:00","breadcrumb":{"@id":"https:\/\/www.cultcaffe.at\/produkt\/teesaeckchen-fuer-dich\/#breadcrumb"},"inLanguage":"es","potentialAction":[{"@type":"ReadAction","target":["https:\/\/www.cultcaffe.at\/produkt\/teesaeckchen-fuer-dich\/"]}]},{"@type":"ImageObject","inLanguage":"es","@id":"https:\/\/www.cultcaffe.at\/produkt\/teesaeckchen-fuer-dich\/#primaryimage","url":"https:\/\/www.cultcaffe.at\/wp-content\/uploads\/2026\/01\/Tee-fuer-dich-1.webp","contentUrl":"https:\/\/www.cultcaffe.at\/wp-content\/uploads\/2026\/01\/Tee-fuer-dich-1.webp","width":713,"height":713},{"@type":"BreadcrumbList","@id":"https:\/\/www.cultcaffe.at\/produkt\/teesaeckchen-fuer-dich\/#breadcrumb","itemListElement":[{"@type":"ListItem","position":1,"name":"Startseite","item":"https:\/\/www.cultcaffe.at\/"},{"@type":"ListItem","position":2,"name":"Produkte","item":"https:\/\/www.cultcaffe.at\/shop\/"},{"@type":"ListItem","position":3,"name":"Tees\u00e4ckchen &#8222;F\u00dcR DICH&#8220;"}]},{"@type":"WebSite","@id":"https:\/\/www.cultcaffe.at\/#website","url":"https:\/\/www.cultcaffe.at\/","name":"CultCaff\u00e9 - la tostadur\u00eda de caf\u00e9 org\u00e1nico","description":"Amor por el caf\u00e9","publisher":{"@id":"https:\/\/www.cultcaffe.at\/#organization"},"potentialAction":[{"@type":"SearchAction","target":{"@type":"EntryPoint","urlTemplate":"https:\/\/www.cultcaffe.at\/?s={search_term_string}"},"query-input":{"@type":"PropertyValueSpecification","valueRequired":true,"valueName":"search_term_string"}}],"inLanguage":"es"},{"@type":["Organization","Place"],"@id":"https:\/\/www.cultcaffe.at\/#organization","name":"Tostadur\u00eda de caf\u00e9 CultCaff\u00e9 GmbH","alternateName":"CultCaff\u00e9","url":"https:\/\/www.cultcaffe.at\/","logo":{"@id":"https:\/\/www.cultcaffe.at\/produkt\/teesaeckchen-fuer-dich\/#local-main-organization-logo"},"image":{"@id":"https:\/\/www.cultcaffe.at\/produkt\/teesaeckchen-fuer-dich\/#local-main-organization-logo"},"sameAs":["https:\/\/www.facebook.com\/p\/Cult-Caff\u00e8-die-R\u00f6sterei-100039719724703\/?locale=de_DE","https:\/\/www.instagram.com\/cultcaffe.at\/"],"hasMerchantReturnPolicy":{"@type":"MerchantReturnPolicy","merchantReturnLink":"https:\/\/www.cultcaffe.at\/es\/agbs\/"},"telephone":[],"openingHoursSpecification":[{"@type":"OpeningHoursSpecification","dayOfWeek":["Monday","Tuesday","Wednesday","Thursday","Friday","Saturday","Sunday"],"opens":"09:00","closes":"17:00"}]},{"@type":"ImageObject","inLanguage":"es","@id":"https:\/\/www.cultcaffe.at\/produkt\/teesaeckchen-fuer-dich\/#local-main-organization-logo","url":"https:\/\/www.cultcaffe.at\/wp-content\/uploads\/2023\/11\/cultcaffe_logo_regular_dark-1.svg","contentUrl":"https:\/\/www.cultcaffe.at\/wp-content\/uploads\/2023\/11\/cultcaffe_logo_regular_dark-1.svg","width":756,"height":474,"caption":"CultCaff\u00e9 Kaffeer\u00f6sterei GmbH"}]},"product_price_amount":"4.40","product_price_currency":"EUR","og_availability":"instock","product_availability":"instock","product_condition":"new"},"_links":{"self":[{"href":"https:\/\/www.cultcaffe.at\/es\/wp-json\/wp\/v2\/product\/19316","targetHints":{"allow":["GET"]}}],"collection":[{"href":"https:\/\/www.cultcaffe.at\/es\/wp-json\/wp\/v2\/product"}],"about":[{"href":"https:\/\/www.cultcaffe.at\/es\/wp-json\/wp\/v2\/types\/product"}],"wp:featuredmedia":[{"embeddable":true,"href":"https:\/\/www.cultcaffe.at\/es\/wp-json\/wp\/v2\/media\/19317"}],"wp:attachment":[{"href":"https:\/\/www.cultcaffe.at\/es\/wp-json\/wp\/v2\/media?parent=19316"}],"wp:term":[{"taxonomy":"product_brand","embeddable":true,"href":"https:\/\/www.cultcaffe.at\/es\/wp-json\/wp\/v2\/product_brand?post=19316"},{"taxonomy":"product_cat","embeddable":true,"href":"https:\/\/www.cultcaffe.at\/es\/wp-json\/wp\/v2\/product_cat?post=19316"},{"taxonomy":"product_tag","embeddable":true,"href":"https:\/\/www.cultcaffe.at\/es\/wp-json\/wp\/v2\/product_tag?post=19316"}],"curies":[{"name":"wp","href":"https:\/\/api.w.org\/{rel}","templated":true}]}}