{"id":15551,"date":"2024-09-27T11:32:53","date_gmt":"2024-09-27T09:32:53","guid":{"rendered":"https:\/\/www.cultcaffe.at\/?post_type=product&#038;p=15551"},"modified":"2024-09-27T11:46:16","modified_gmt":"2024-09-27T09:46:16","slug":"jabon-para-axilas-para-piel-y-vello-70-g","status":"publish","type":"product","link":"https:\/\/www.cultcaffe.at\/es\/produkt\/achselkuss-seife-haut-haare-rasur-70g\/","title":{"rendered":"Jab\u00f3n para axilas Kiss Piel\/Cabello\/Afeitado 70 g"},"content":{"rendered":"<div class=\"feature-item col-lg-3 col-sm-6 wow slideInUp\">\n<p><strong>Espumante de felicidad.<br \/>\n<\/strong><strong>Para la piel, el cabello y el afeitado.<br \/>\n<\/strong><strong>Apto para todo tipo de piel y todo tipo de cabello.<\/strong><\/p>\n<p><strong>Uno para todo:\u00a0<\/strong>El jab\u00f3n ACHSELKUSS limpia y mima el cuerpo, el cabello y la barba y tambi\u00e9n permite un afeitado suave. De esta manera necesitar\u00e1s menos productos y ahorrar\u00e1s dinero, espacio y residuos.<\/p>\n<p><strong>Aceites esenciales seleccionados<\/strong>\u00a0Dale al jab\u00f3n natural un fresco y c\u00e1lido aroma a naranja y mejora tu estado de \u00e1nimo cuando te duchas, te lavas el cabello o las manos.<\/p>\n<p>La barra redonda de jab\u00f3n se adapta suavemente a tu mano, mientras puedes distribuir sin esfuerzo la suave espuma sobre tu piel o cabello.\u00a0<strong>Ingredientes org\u00e1nicos de alta calidad, valiosos aceites vegetales y agua vegetal.<\/strong>\u00a0Tienen un efecto hidratante y protegen la piel de la resequedad. El jab\u00f3n deja una sensaci\u00f3n de cuidado, suave y sin residuos.<\/p>\n<p><strong>Regionalidad y oficios antiguos:\u00a0<\/strong>El jab\u00f3n natural se elabora con amor y a mano en Austria y se mezcla en fr\u00edo siguiendo m\u00e9todos tradicionales.<\/p>\n<p><strong>Tu jab\u00f3n de viaje:\u00a0<\/strong>Como gel de ducha s\u00f3lido o champ\u00fa s\u00f3lido, la pastilla de jab\u00f3n le ofrece seguridad adicional cuando viaja y es ideal para el equipaje de mano. El jab\u00f3n\u00a0<strong>encaja perfectamente en\u00a0<a href=\"https:\/\/achselkuss.at\/upcycling\/\">latas vac\u00edas de ACHSELKUSS<\/a><\/strong>, opcionalmente con un\u00a0<strong>Disco de lufa,<\/strong>\u00a0para recoger el exceso de agua.<\/p>\n<p>&nbsp;<\/p>\n<p><span style=\"color: #800000;\"><strong>Solicitud:<br \/>\n<\/strong><\/span>El jab\u00f3n ACHSELKUSS de alta calidad es ideal para el cuidado diario del cuerpo, el cuidado del cabello y el afeitado.<\/p>\n<ul>\n<li><strong>limpieza<\/strong>Ya sea en la ducha o en el lavabo: haga espuma con el jab\u00f3n en las manos o directamente sobre la piel, el cabello o la barba, masajee suavemente y disfrute de la delicada fragancia. Enjuague bien y repita si es necesario. La espuma tambi\u00e9n besa tu rostro, pero evita el \u00e1rea de los ojos.<\/li>\n<li><strong>afeitar<\/strong>:Humedezca con agua la parte del cuerpo deseada, haga espuma con el jab\u00f3n en las manos o directamente sobre el cuerpo y extienda la espuma con cuidado. Afeitarse y repetir si es necesario. Enjuague cuidadosamente los residuos de jab\u00f3n.<\/li>\n<li><strong>Despu\u00e9s de su uso\u00a0<\/strong>Deje que el jab\u00f3n se seque al aire, por ejemplo sobre una almohadilla de esponja vegetal u otra jabonera, para que el exceso de agua pueda drenar: esto garantizar\u00e1 que el jab\u00f3n dure mucho tiempo. Incluso si el jab\u00f3n a\u00fan no est\u00e1 en uso, gu\u00e1rdelo en un lugar seco.<\/li>\n<li>Ama todo tipo de piel y cabello, pero\u00a0<strong>sin contacto visual<\/strong>.<\/li>\n<\/ul>\n<p>&nbsp;<\/p>\n<p><strong><span style=\"color: #800000;\">Ingredientes:<br \/>\n<\/span><\/strong>Aceite de oliva*, aceite de coco*, aceite de girasol*, aceite de almendras*, aceite de jojoba*, agua de abeto*, polvo de ra\u00edz de lirio, aceite esencial de naranja*, aceite esencial de lim\u00f3n*, aceite esencial de citronela*, arcilla blanca, arcilla amarilla<\/p>\n<p><em>Ingredientes:<\/em>\u00a0Olivato de sodio*, Cocoato de sodio*, Girasol de sodio*, Prunus amygdalus dulcis*, Aceite de semilla de Simmondsia chinensis*, Glicerina\u00b0, Agua de Picea abies*, Polvo de Iris florentina, Aceite de c\u00e1scara de Citrus sinensis*, Aceite de c\u00e1scara de Citrus limon*, Aceite de Cymbopogon winterianus*, Caol\u00edn, Illita<\/p>\n<p><em>*De agricultura ecol\u00f3gica controlada<br \/>\n<\/em><em>\u00b0Componente natural de los aceites vegetales; Componentes naturales de los aceites esenciales: Limoneno, Citronelol, Citral, Eugenol, Isoeugenol, Linalool<\/em><\/p>\n<\/div>","protected":false},"excerpt":{"rendered":"<p><strong>Espumante de felicidad.<\/strong><\/p>\n<p><strong>Para la piel, el cabello y el afeitado.<\/strong><\/p>\n<p><strong>Apto para todo tipo de piel y todo tipo de cabello.<\/strong><\/p>","protected":false},"featured_media":15562,"template":"","meta":{"inline_featured_image":false},"product_brand":[],"product_cat":[211,214],"product_tag":[145,61,134,139,140,130],"class_list":{"0":"post-15551","1":"product","2":"type-product","3":"status-publish","4":"has-post-thumbnail","6":"product_cat-geschenkideen","7":"product_cat-kaffeeseife-achselkuss-deo","8":"product_tag-achselkuss","9":"product_tag-cultcaffe","10":"product_tag-geschenke","11":"product_tag-geschenkidee","12":"product_tag-seife","13":"product_tag-weihnachten","15":"first","16":"instock","17":"taxable","18":"shipping-taxable","19":"purchasable","20":"product-type-simple"},"yoast_head":"<!-- This site is optimized with the Yoast SEO plugin v27.6 - https:\/\/yoast.com\/product\/yoast-seo-wordpress\/ -->\n<title>Achselkuss Seife Haut\/Haare\/Rasur 70g - CultCaff\u00e9 - die Bio Kaffee R\u00f6sterei<\/title>\n<meta name=\"robots\" content=\"index, follow, max-snippet:-1, max-image-preview:large, max-video-preview:-1\" \/>\n<link rel=\"canonical\" href=\"https:\/\/www.cultcaffe.at\/es\/producto\/jabon-para-axilas-para-piel-y-vello-70-g\/\" \/>\n<meta property=\"og:locale\" content=\"es_ES\" \/>\n<meta property=\"og:type\" content=\"article\" \/>\n<meta property=\"og:title\" content=\"Achselkuss Seife Haut\/Haare\/Rasur 70g - CultCaff\u00e9 - die Bio Kaffee R\u00f6sterei\" \/>\n<meta property=\"og:description\" content=\"Sch\u00e4umt vor Gl\u00fcck.  F\u00fcr Haut, Haare &amp; Rasur.  Geeignet f\u00fcr alle Hauttypen und alle Haartypen\" \/>\n<meta property=\"og:url\" content=\"https:\/\/www.cultcaffe.at\/es\/producto\/jabon-para-axilas-para-piel-y-vello-70-g\/\" \/>\n<meta property=\"og:site_name\" content=\"CultCaff\u00e9 - die Bio Kaffee R\u00f6sterei\" \/>\n<meta property=\"article:publisher\" content=\"https:\/\/www.facebook.com\/p\/Cult-Caff%c3%a8-die-R%c3%b6sterei-100039719724703\/?locale=de_DE\" \/>\n<meta property=\"article:modified_time\" content=\"2024-09-27T09:46:16+00:00\" \/>\n<meta property=\"og:image\" content=\"https:\/\/www.cultcaffe.at\/wp-content\/uploads\/2024\/09\/ACHSELKUSS-Seife-Haut-Haare-Rasur.jpg\" \/>\n\t<meta property=\"og:image:width\" content=\"1200\" \/>\n\t<meta property=\"og:image:height\" content=\"1200\" \/>\n\t<meta property=\"og:image:type\" content=\"image\/jpeg\" \/>\n<meta name=\"twitter:card\" content=\"summary_large_image\" \/>\n<meta name=\"twitter:label1\" content=\"Precio\" \/>\n\t<meta name=\"twitter:data1\" content=\"&euro;&nbsp;13,00\" \/>\n\t<meta name=\"twitter:label2\" content=\"Disponibilidad\" \/>\n\t<meta name=\"twitter:data2\" content=\"Disponible\" \/>\n<script type=\"application\/ld+json\" class=\"yoast-schema-graph\">{\"@context\":\"https:\\\/\\\/schema.org\",\"@graph\":[{\"@type\":\"WebPage\",\"@id\":\"https:\\\/\\\/www.cultcaffe.at\\\/produkt\\\/achselkuss-seife-haut-haare-rasur-70g\\\/\",\"url\":\"https:\\\/\\\/www.cultcaffe.at\\\/produkt\\\/achselkuss-seife-haut-haare-rasur-70g\\\/\",\"name\":\"Achselkuss Seife Haut\\\/Haare\\\/Rasur 70g - CultCaff\u00e9 - die Bio Kaffee R\u00f6sterei\",\"isPartOf\":{\"@id\":\"https:\\\/\\\/www.cultcaffe.at\\\/#website\"},\"primaryImageOfPage\":{\"@id\":\"https:\\\/\\\/www.cultcaffe.at\\\/produkt\\\/achselkuss-seife-haut-haare-rasur-70g\\\/#primaryimage\"},\"image\":{\"@id\":\"https:\\\/\\\/www.cultcaffe.at\\\/produkt\\\/achselkuss-seife-haut-haare-rasur-70g\\\/#primaryimage\"},\"thumbnailUrl\":\"https:\\\/\\\/www.cultcaffe.at\\\/wp-content\\\/uploads\\\/2024\\\/09\\\/ACHSELKUSS-Seife-Haut-Haare-Rasur.jpg\",\"datePublished\":\"2024-09-27T09:32:53+00:00\",\"dateModified\":\"2024-09-27T09:46:16+00:00\",\"breadcrumb\":{\"@id\":\"https:\\\/\\\/www.cultcaffe.at\\\/produkt\\\/achselkuss-seife-haut-haare-rasur-70g\\\/#breadcrumb\"},\"inLanguage\":\"es\",\"potentialAction\":[{\"@type\":\"ReadAction\",\"target\":[\"https:\\\/\\\/www.cultcaffe.at\\\/produkt\\\/achselkuss-seife-haut-haare-rasur-70g\\\/\"]}]},{\"@type\":\"ImageObject\",\"inLanguage\":\"es\",\"@id\":\"https:\\\/\\\/www.cultcaffe.at\\\/produkt\\\/achselkuss-seife-haut-haare-rasur-70g\\\/#primaryimage\",\"url\":\"https:\\\/\\\/www.cultcaffe.at\\\/wp-content\\\/uploads\\\/2024\\\/09\\\/ACHSELKUSS-Seife-Haut-Haare-Rasur.jpg\",\"contentUrl\":\"https:\\\/\\\/www.cultcaffe.at\\\/wp-content\\\/uploads\\\/2024\\\/09\\\/ACHSELKUSS-Seife-Haut-Haare-Rasur.jpg\",\"width\":1200,\"height\":1200},{\"@type\":\"BreadcrumbList\",\"@id\":\"https:\\\/\\\/www.cultcaffe.at\\\/produkt\\\/achselkuss-seife-haut-haare-rasur-70g\\\/#breadcrumb\",\"itemListElement\":[{\"@type\":\"ListItem\",\"position\":1,\"name\":\"Startseite\",\"item\":\"https:\\\/\\\/www.cultcaffe.at\\\/\"},{\"@type\":\"ListItem\",\"position\":2,\"name\":\"Produkte\",\"item\":\"https:\\\/\\\/www.cultcaffe.at\\\/shop\\\/\"},{\"@type\":\"ListItem\",\"position\":3,\"name\":\"Achselkuss Seife Haut\\\/Haare\\\/Rasur 70g\"}]},{\"@type\":\"WebSite\",\"@id\":\"https:\\\/\\\/www.cultcaffe.at\\\/#website\",\"url\":\"https:\\\/\\\/www.cultcaffe.at\\\/\",\"name\":\"CultCaff\u00e9 - die Bio Kaffee R\u00f6sterei\",\"description\":\"Liebe zum Kaffee\",\"publisher\":{\"@id\":\"https:\\\/\\\/www.cultcaffe.at\\\/#organization\"},\"potentialAction\":[{\"@type\":\"SearchAction\",\"target\":{\"@type\":\"EntryPoint\",\"urlTemplate\":\"https:\\\/\\\/www.cultcaffe.at\\\/?s={search_term_string}\"},\"query-input\":{\"@type\":\"PropertyValueSpecification\",\"valueRequired\":true,\"valueName\":\"search_term_string\"}}],\"inLanguage\":\"es\"},{\"@type\":[\"Organization\",\"Place\"],\"@id\":\"https:\\\/\\\/www.cultcaffe.at\\\/#organization\",\"name\":\"CultCaff\u00e9 Kaffeer\u00f6sterei GmbH\",\"alternateName\":\"CultCaff\u00e9\",\"url\":\"https:\\\/\\\/www.cultcaffe.at\\\/\",\"logo\":{\"@id\":\"https:\\\/\\\/www.cultcaffe.at\\\/produkt\\\/achselkuss-seife-haut-haare-rasur-70g\\\/#local-main-organization-logo\"},\"image\":{\"@id\":\"https:\\\/\\\/www.cultcaffe.at\\\/produkt\\\/achselkuss-seife-haut-haare-rasur-70g\\\/#local-main-organization-logo\"},\"sameAs\":[\"https:\\\/\\\/www.facebook.com\\\/p\\\/Cult-Caff\u00e8-die-R\u00f6sterei-100039719724703\\\/?locale=de_DE\",\"https:\\\/\\\/www.instagram.com\\\/cultcaffe.at\\\/\"],\"hasMerchantReturnPolicy\":{\"@type\":\"MerchantReturnPolicy\",\"merchantReturnLink\":\"https:\\\/\\\/www.cultcaffe.at\\\/es\\\/agbs\\\/\"},\"telephone\":[],\"openingHoursSpecification\":[{\"@type\":\"OpeningHoursSpecification\",\"dayOfWeek\":[\"Monday\",\"Tuesday\",\"Wednesday\",\"Thursday\",\"Friday\",\"Saturday\",\"Sunday\"],\"opens\":\"09:00\",\"closes\":\"17:00\"}]},{\"@type\":\"ImageObject\",\"inLanguage\":\"es\",\"@id\":\"https:\\\/\\\/www.cultcaffe.at\\\/produkt\\\/achselkuss-seife-haut-haare-rasur-70g\\\/#local-main-organization-logo\",\"url\":\"https:\\\/\\\/www.cultcaffe.at\\\/wp-content\\\/uploads\\\/2023\\\/11\\\/cultcaffe_logo_regular_dark-1.svg\",\"contentUrl\":\"https:\\\/\\\/www.cultcaffe.at\\\/wp-content\\\/uploads\\\/2023\\\/11\\\/cultcaffe_logo_regular_dark-1.svg\",\"width\":756,\"height\":474,\"caption\":\"CultCaff\u00e9 Kaffeer\u00f6sterei GmbH\"}]}<\/script>\n<meta property=\"product:price:amount\" content=\"13.00\" \/>\n<meta property=\"product:price:currency\" content=\"EUR\" \/>\n<meta property=\"og:availability\" content=\"instock\" \/>\n<meta property=\"product:availability\" content=\"instock\" \/>\n<meta property=\"product:condition\" content=\"new\" \/>\n<!-- \/ Yoast SEO plugin. -->","yoast_head_json":{"title":"Jab\u00f3n Armpit Kiss para piel, cabello y afeitado 70 g - CultCaff\u00e9 - la tostadora de caf\u00e9 org\u00e1nico","robots":{"index":"index","follow":"follow","max-snippet":"max-snippet:-1","max-image-preview":"max-image-preview:large","max-video-preview":"max-video-preview:-1"},"canonical":"https:\/\/www.cultcaffe.at\/es\/producto\/jabon-para-axilas-para-piel-y-vello-70-g\/","og_locale":"es_ES","og_type":"article","og_title":"Achselkuss Seife Haut\/Haare\/Rasur 70g - CultCaff\u00e9 - die Bio Kaffee R\u00f6sterei","og_description":"Sch\u00e4umt vor Gl\u00fcck.  F\u00fcr Haut, Haare &amp; Rasur.  Geeignet f\u00fcr alle Hauttypen und alle Haartypen","og_url":"https:\/\/www.cultcaffe.at\/es\/producto\/jabon-para-axilas-para-piel-y-vello-70-g\/","og_site_name":"CultCaff\u00e9 - die Bio Kaffee R\u00f6sterei","article_publisher":"https:\/\/www.facebook.com\/p\/Cult-Caff%c3%a8-die-R%c3%b6sterei-100039719724703\/?locale=de_DE","article_modified_time":"2024-09-27T09:46:16+00:00","og_image":[{"width":1200,"height":1200,"url":"https:\/\/www.cultcaffe.at\/wp-content\/uploads\/2024\/09\/ACHSELKUSS-Seife-Haut-Haare-Rasur.jpg","type":"image\/jpeg"}],"twitter_card":"summary_large_image","twitter_misc":{"Precio":"&euro;&nbsp;13,00","Disponibilidad":"Disponible"},"schema":{"@context":"https:\/\/schema.org","@graph":[{"@type":"WebPage","@id":"https:\/\/www.cultcaffe.at\/produkt\/achselkuss-seife-haut-haare-rasur-70g\/","url":"https:\/\/www.cultcaffe.at\/produkt\/achselkuss-seife-haut-haare-rasur-70g\/","name":"Jab\u00f3n Armpit Kiss para piel, cabello y afeitado 70 g - CultCaff\u00e9 - la tostadora de caf\u00e9 org\u00e1nico","isPartOf":{"@id":"https:\/\/www.cultcaffe.at\/#website"},"primaryImageOfPage":{"@id":"https:\/\/www.cultcaffe.at\/produkt\/achselkuss-seife-haut-haare-rasur-70g\/#primaryimage"},"image":{"@id":"https:\/\/www.cultcaffe.at\/produkt\/achselkuss-seife-haut-haare-rasur-70g\/#primaryimage"},"thumbnailUrl":"https:\/\/www.cultcaffe.at\/wp-content\/uploads\/2024\/09\/ACHSELKUSS-Seife-Haut-Haare-Rasur.jpg","datePublished":"2024-09-27T09:32:53+00:00","dateModified":"2024-09-27T09:46:16+00:00","breadcrumb":{"@id":"https:\/\/www.cultcaffe.at\/produkt\/achselkuss-seife-haut-haare-rasur-70g\/#breadcrumb"},"inLanguage":"es","potentialAction":[{"@type":"ReadAction","target":["https:\/\/www.cultcaffe.at\/produkt\/achselkuss-seife-haut-haare-rasur-70g\/"]}]},{"@type":"ImageObject","inLanguage":"es","@id":"https:\/\/www.cultcaffe.at\/produkt\/achselkuss-seife-haut-haare-rasur-70g\/#primaryimage","url":"https:\/\/www.cultcaffe.at\/wp-content\/uploads\/2024\/09\/ACHSELKUSS-Seife-Haut-Haare-Rasur.jpg","contentUrl":"https:\/\/www.cultcaffe.at\/wp-content\/uploads\/2024\/09\/ACHSELKUSS-Seife-Haut-Haare-Rasur.jpg","width":1200,"height":1200},{"@type":"BreadcrumbList","@id":"https:\/\/www.cultcaffe.at\/produkt\/achselkuss-seife-haut-haare-rasur-70g\/#breadcrumb","itemListElement":[{"@type":"ListItem","position":1,"name":"Startseite","item":"https:\/\/www.cultcaffe.at\/"},{"@type":"ListItem","position":2,"name":"Produkte","item":"https:\/\/www.cultcaffe.at\/shop\/"},{"@type":"ListItem","position":3,"name":"Achselkuss Seife Haut\/Haare\/Rasur 70g"}]},{"@type":"WebSite","@id":"https:\/\/www.cultcaffe.at\/#website","url":"https:\/\/www.cultcaffe.at\/","name":"CultCaff\u00e9 - la tostadur\u00eda de caf\u00e9 org\u00e1nico","description":"Amor por el caf\u00e9","publisher":{"@id":"https:\/\/www.cultcaffe.at\/#organization"},"potentialAction":[{"@type":"SearchAction","target":{"@type":"EntryPoint","urlTemplate":"https:\/\/www.cultcaffe.at\/?s={search_term_string}"},"query-input":{"@type":"PropertyValueSpecification","valueRequired":true,"valueName":"search_term_string"}}],"inLanguage":"es"},{"@type":["Organization","Place"],"@id":"https:\/\/www.cultcaffe.at\/#organization","name":"Tostadur\u00eda de caf\u00e9 CultCaff\u00e9 GmbH","alternateName":"CultCaff\u00e9","url":"https:\/\/www.cultcaffe.at\/","logo":{"@id":"https:\/\/www.cultcaffe.at\/produkt\/achselkuss-seife-haut-haare-rasur-70g\/#local-main-organization-logo"},"image":{"@id":"https:\/\/www.cultcaffe.at\/produkt\/achselkuss-seife-haut-haare-rasur-70g\/#local-main-organization-logo"},"sameAs":["https:\/\/www.facebook.com\/p\/Cult-Caff\u00e8-die-R\u00f6sterei-100039719724703\/?locale=de_DE","https:\/\/www.instagram.com\/cultcaffe.at\/"],"hasMerchantReturnPolicy":{"@type":"MerchantReturnPolicy","merchantReturnLink":"https:\/\/www.cultcaffe.at\/es\/agbs\/"},"telephone":[],"openingHoursSpecification":[{"@type":"OpeningHoursSpecification","dayOfWeek":["Monday","Tuesday","Wednesday","Thursday","Friday","Saturday","Sunday"],"opens":"09:00","closes":"17:00"}]},{"@type":"ImageObject","inLanguage":"es","@id":"https:\/\/www.cultcaffe.at\/produkt\/achselkuss-seife-haut-haare-rasur-70g\/#local-main-organization-logo","url":"https:\/\/www.cultcaffe.at\/wp-content\/uploads\/2023\/11\/cultcaffe_logo_regular_dark-1.svg","contentUrl":"https:\/\/www.cultcaffe.at\/wp-content\/uploads\/2023\/11\/cultcaffe_logo_regular_dark-1.svg","width":756,"height":474,"caption":"CultCaff\u00e9 Kaffeer\u00f6sterei GmbH"}]},"product_price_amount":"13.00","product_price_currency":"EUR","og_availability":"instock","product_availability":"instock","product_condition":"new"},"_links":{"self":[{"href":"https:\/\/www.cultcaffe.at\/es\/wp-json\/wp\/v2\/product\/15551","targetHints":{"allow":["GET"]}}],"collection":[{"href":"https:\/\/www.cultcaffe.at\/es\/wp-json\/wp\/v2\/product"}],"about":[{"href":"https:\/\/www.cultcaffe.at\/es\/wp-json\/wp\/v2\/types\/product"}],"wp:featuredmedia":[{"embeddable":true,"href":"https:\/\/www.cultcaffe.at\/es\/wp-json\/wp\/v2\/media\/15562"}],"wp:attachment":[{"href":"https:\/\/www.cultcaffe.at\/es\/wp-json\/wp\/v2\/media?parent=15551"}],"wp:term":[{"taxonomy":"product_brand","embeddable":true,"href":"https:\/\/www.cultcaffe.at\/es\/wp-json\/wp\/v2\/product_brand?post=15551"},{"taxonomy":"product_cat","embeddable":true,"href":"https:\/\/www.cultcaffe.at\/es\/wp-json\/wp\/v2\/product_cat?post=15551"},{"taxonomy":"product_tag","embeddable":true,"href":"https:\/\/www.cultcaffe.at\/es\/wp-json\/wp\/v2\/product_tag?post=15551"}],"curies":[{"name":"wp","href":"https:\/\/api.w.org\/{rel}","templated":true}]}}