{"id":15488,"date":"2024-09-12T11:07:51","date_gmt":"2024-09-12T09:07:51","guid":{"rendered":"https:\/\/www.cultcaffe.at\/?post_type=product&#038;p=15488"},"modified":"2025-03-18T13:38:43","modified_gmt":"2025-03-18T12:38:43","slug":"limpiador-de-molino-de-molienda-natural-500-g","status":"publish","type":"product","link":"https:\/\/www.cultcaffe.at\/es\/produkt\/natural-grind-muehlenreiniger-500g\/","title":{"rendered":"Limpiador de molinillos Natural Grind 500 g"},"content":{"rendered":"<p>NATURAL cleaning es la nueva gama de limpieza que tiene como objetivo ofrecerte productos lo m\u00e1s \u201cno t\u00f3xicos\u201d posible.<\/p>\n<p>Hay buenas razones para ello: \u00bfQu\u00e9 pasa si los productos acaban en manos de los ni\u00f1os? \u00bfQu\u00e9 pasa si el usuario se distrae y los limpiadores no se retiran o enjuagan adecuadamente? \u00bfPodr\u00edan entrar partes de los agentes de limpieza en el caf\u00e9 expreso o capuchino? \u00bfQu\u00e9 pasa con todos los limpiadores en las aguas residuales y en el medio ambiente? As\u00ed que creemos que para evitar todos estos problemas es aceptable hacer peque\u00f1os compromisos en cuanto a eficacia. El objetivo no es producir sustancias menos t\u00f3xicas, sino m\u00e1s bien producir productos que no sean da\u00f1inos desde el principio.<\/p>\n<p><strong>NUEVO:<\/strong>\u00a0 <strong>Limpiador de molinillos Natural Cleaning para molinillos de caf\u00e9 expreso (\u00a1no apto para m\u00e1quinas completamente autom\u00e1ticas!)<\/strong><\/p>\n<p>El limpiador de molinos Natural-Grind, que hemos desarrollado y producido, es un producto de primera calidad elaborado \u00edntegramente con ingredientes naturales. Esto significa que utilizamos una mezcla de diferentes granos y productos naturales para que puedas limpiar r\u00e1pida y f\u00e1cilmente el espacio muerto de tu molinillo de caf\u00e9.<\/p>\n<p>\u00bfQu\u00e9 tiene de especial Natural Grind? \u00bfPor qu\u00e9 no puedo limpiar mi molinillo simplemente con arroz, utilizando el viejo &quot;principio de la abuela&quot;? Bueno, eso funcionaba en las condiciones que ten\u00eda un molinillo de caf\u00e9 de \u201cantes\u201d. Los molinillos de caf\u00e9 expreso actuales simplemente se atascar\u00edan o dejar\u00edan de funcionar si se detuviera a mitad de uso, lo que requerir\u00eda un laborioso proceso de desenroscado.<br \/>\nEl truco consiste en crear un limpiador de molinillos que no provoque que el molinillo se atasque, sino que limpie el espacio muerto de forma tan completa y exhaustiva como sea posible y, sobre todo, que no cambie la configuraci\u00f3n de molido, lo que de lo contrario requerir\u00eda reajustar el molinillo.<\/p>\n<p><strong>\u00bfC\u00f3mo limpio mi molinillo de caf\u00e9?<\/strong><br \/>\n1. Vac\u00ede el contenedor de granos, escurra los granos de caf\u00e9 restantes y limpie previamente lo m\u00e1s que pueda con un cepillo para molinillo.<br \/>\n2. Antes de limpiar el molinillo, config\u00farelo en \u201cmolienda media\u201d para evitar que la configuraci\u00f3n de molienda se desplace.<br \/>\n3. Despu\u00e9s de que hayan pasado aproximadamente 40 g de CleanGrind, puedes agregar m\u00e1s granos de caf\u00e9.<br \/>\nPor favor, deseche los primeros posos de caf\u00e9 junto con los restos del limpiador.<br \/>\nDurante los primeros procesos de molienda, a\u00fan pueden aparecer part\u00edculas del limpiador que no afectar\u00e1n el sabor de su espresso, pero las grasas del caf\u00e9 aceitosas y posiblemente rancias eliminadas garantizar\u00e1n ahora un capuchino o espresso deliciosamente fresco.<\/p>\n<p><strong>\u00bfCon qu\u00e9 frecuencia debo limpiar mi molinillo de caf\u00e9?<\/strong><\/p>\n<p>Es dif\u00edcil dar un n\u00famero exacto de veces que debes limpiar tu molinillo de caf\u00e9, ya que depende de la cantidad de caf\u00e9 que muelas en \u00e9l. Nuestra recomendaci\u00f3n es la siguiente: En casa una vez por semana; En el \u00e1rea de gastronom\u00eda diariamente<\/p>\n<p><strong>Atenci\u00f3n con los molinos Eureka:<\/strong><\/p>\n<p>Estos molinillos tienen un ajuste de molienda muy fino, lo que significa que puedes girar el ajuste de molienda de fino\/espresso a grueso\/caf\u00e9 de filtro no solo una vez, sino varias veces 360\u00b0.<\/p>\n<p>\u00a1Por eso no conseguir\u00e1s un molido medio si solo giras 90\u00b0 de fino\/espresso a grueso! Es mejor girarlo a\u00fan m\u00e1s para garantizar que se logre una molienda media a gruesa, de lo contrario, el molinillo se obstruir\u00e1 f\u00e1cilmente.<\/p>\n<p><strong>\u00a1No apto para m\u00e1quinas totalmente autom\u00e1ticas!<\/strong><\/p>\n<p><strong>\u00a1No sin gluten!<\/strong><\/p>","protected":false},"excerpt":{"rendered":"<ul>\n<li>molino m\u00e1s duradero<\/li>\n<li>f\u00e1cil manejo<\/li>\n<li>Producto natural, 100% ecol\u00f3gico<\/li>\n<li>Excelente relaci\u00f3n precio-rendimiento<\/li>\n<\/ul>\n<p>&nbsp;<\/p>","protected":false},"featured_media":15489,"template":"","meta":{"inline_featured_image":false},"product_brand":[],"product_cat":[204,210,213],"product_tag":[61,59,62,98,69,262,261],"class_list":{"0":"post-15488","1":"product","2":"type-product","3":"status-publish","4":"has-post-thumbnail","6":"product_cat-zubehoer","7":"product_cat-handmuehlen","8":"product_cat-kaffeemuehlen","9":"product_tag-cultcaffe","10":"product_tag-kaffee","11":"product_tag-kaffeegenuss","12":"product_tag-kaffeemuehle","13":"product_tag-muehle","14":"product_tag-oekologisch","15":"product_tag-reinigung","17":"first","18":"instock","19":"taxable","20":"shipping-taxable","21":"purchasable","22":"product-type-simple"},"yoast_head":"<!-- This site is optimized with the Yoast SEO plugin v27.6 - https:\/\/yoast.com\/product\/yoast-seo-wordpress\/ -->\n<title>Natural Grind M\u00fchlenreiniger 500g - CultCaff\u00e9 - die Bio Kaffee R\u00f6sterei<\/title>\n<meta name=\"robots\" content=\"index, follow, max-snippet:-1, max-image-preview:large, max-video-preview:-1\" \/>\n<link rel=\"canonical\" href=\"https:\/\/www.cultcaffe.at\/es\/producto\/limpiador-de-molino-de-molienda-natural-500-g\/\" \/>\n<meta property=\"og:locale\" content=\"es_ES\" \/>\n<meta property=\"og:type\" content=\"article\" \/>\n<meta property=\"og:title\" content=\"Natural Grind M\u00fchlenreiniger 500g - CultCaff\u00e9 - die Bio Kaffee R\u00f6sterei\" \/>\n<meta property=\"og:description\" content=\"langlebigere M\u00fchle  einfache Handhabung  Naturprodukt, 100% \u00f6kologisch  Top Preis-Leistungsverh\u00e4ltnis  &nbsp;\" \/>\n<meta property=\"og:url\" content=\"https:\/\/www.cultcaffe.at\/es\/producto\/limpiador-de-molino-de-molienda-natural-500-g\/\" \/>\n<meta property=\"og:site_name\" content=\"CultCaff\u00e9 - die Bio Kaffee R\u00f6sterei\" \/>\n<meta property=\"article:publisher\" content=\"https:\/\/www.facebook.com\/p\/Cult-Caff%c3%a8-die-R%c3%b6sterei-100039719724703\/?locale=de_DE\" \/>\n<meta property=\"article:modified_time\" content=\"2025-03-18T12:38:43+00:00\" \/>\n<meta property=\"og:image\" content=\"https:\/\/www.cultcaffe.at\/wp-content\/uploads\/2024\/09\/Muehlenreiniger-front.png\" \/>\n\t<meta property=\"og:image:width\" content=\"431\" \/>\n\t<meta property=\"og:image:height\" content=\"600\" \/>\n\t<meta property=\"og:image:type\" content=\"image\/png\" \/>\n<meta name=\"twitter:card\" content=\"summary_large_image\" \/>\n<meta name=\"twitter:label1\" content=\"Precio\" \/>\n\t<meta name=\"twitter:data1\" content=\"&euro;&nbsp;12,00\" \/>\n\t<meta name=\"twitter:label2\" content=\"Disponibilidad\" \/>\n\t<meta name=\"twitter:data2\" content=\"Disponible\" \/>\n<script type=\"application\/ld+json\" class=\"yoast-schema-graph\">{\"@context\":\"https:\\\/\\\/schema.org\",\"@graph\":[{\"@type\":\"WebPage\",\"@id\":\"https:\\\/\\\/www.cultcaffe.at\\\/produkt\\\/natural-grind-muehlenreiniger-500g\\\/\",\"url\":\"https:\\\/\\\/www.cultcaffe.at\\\/produkt\\\/natural-grind-muehlenreiniger-500g\\\/\",\"name\":\"Natural Grind M\u00fchlenreiniger 500g - CultCaff\u00e9 - die Bio Kaffee R\u00f6sterei\",\"isPartOf\":{\"@id\":\"https:\\\/\\\/www.cultcaffe.at\\\/#website\"},\"primaryImageOfPage\":{\"@id\":\"https:\\\/\\\/www.cultcaffe.at\\\/produkt\\\/natural-grind-muehlenreiniger-500g\\\/#primaryimage\"},\"image\":{\"@id\":\"https:\\\/\\\/www.cultcaffe.at\\\/produkt\\\/natural-grind-muehlenreiniger-500g\\\/#primaryimage\"},\"thumbnailUrl\":\"https:\\\/\\\/www.cultcaffe.at\\\/wp-content\\\/uploads\\\/2024\\\/09\\\/Muehlenreiniger-front.png\",\"datePublished\":\"2024-09-12T09:07:51+00:00\",\"dateModified\":\"2025-03-18T12:38:43+00:00\",\"breadcrumb\":{\"@id\":\"https:\\\/\\\/www.cultcaffe.at\\\/produkt\\\/natural-grind-muehlenreiniger-500g\\\/#breadcrumb\"},\"inLanguage\":\"es\",\"potentialAction\":[{\"@type\":\"ReadAction\",\"target\":[\"https:\\\/\\\/www.cultcaffe.at\\\/produkt\\\/natural-grind-muehlenreiniger-500g\\\/\"]}]},{\"@type\":\"ImageObject\",\"inLanguage\":\"es\",\"@id\":\"https:\\\/\\\/www.cultcaffe.at\\\/produkt\\\/natural-grind-muehlenreiniger-500g\\\/#primaryimage\",\"url\":\"https:\\\/\\\/www.cultcaffe.at\\\/wp-content\\\/uploads\\\/2024\\\/09\\\/Muehlenreiniger-front.png\",\"contentUrl\":\"https:\\\/\\\/www.cultcaffe.at\\\/wp-content\\\/uploads\\\/2024\\\/09\\\/Muehlenreiniger-front.png\",\"width\":431,\"height\":600},{\"@type\":\"BreadcrumbList\",\"@id\":\"https:\\\/\\\/www.cultcaffe.at\\\/produkt\\\/natural-grind-muehlenreiniger-500g\\\/#breadcrumb\",\"itemListElement\":[{\"@type\":\"ListItem\",\"position\":1,\"name\":\"Startseite\",\"item\":\"https:\\\/\\\/www.cultcaffe.at\\\/\"},{\"@type\":\"ListItem\",\"position\":2,\"name\":\"Produkte\",\"item\":\"https:\\\/\\\/www.cultcaffe.at\\\/shop\\\/\"},{\"@type\":\"ListItem\",\"position\":3,\"name\":\"Natural Grind M\u00fchlenreiniger 500g\"}]},{\"@type\":\"WebSite\",\"@id\":\"https:\\\/\\\/www.cultcaffe.at\\\/#website\",\"url\":\"https:\\\/\\\/www.cultcaffe.at\\\/\",\"name\":\"CultCaff\u00e9 - die Bio Kaffee R\u00f6sterei\",\"description\":\"Liebe zum Kaffee\",\"publisher\":{\"@id\":\"https:\\\/\\\/www.cultcaffe.at\\\/#organization\"},\"potentialAction\":[{\"@type\":\"SearchAction\",\"target\":{\"@type\":\"EntryPoint\",\"urlTemplate\":\"https:\\\/\\\/www.cultcaffe.at\\\/?s={search_term_string}\"},\"query-input\":{\"@type\":\"PropertyValueSpecification\",\"valueRequired\":true,\"valueName\":\"search_term_string\"}}],\"inLanguage\":\"es\"},{\"@type\":[\"Organization\",\"Place\"],\"@id\":\"https:\\\/\\\/www.cultcaffe.at\\\/#organization\",\"name\":\"CultCaff\u00e9 Kaffeer\u00f6sterei GmbH\",\"alternateName\":\"CultCaff\u00e9\",\"url\":\"https:\\\/\\\/www.cultcaffe.at\\\/\",\"logo\":{\"@id\":\"https:\\\/\\\/www.cultcaffe.at\\\/produkt\\\/natural-grind-muehlenreiniger-500g\\\/#local-main-organization-logo\"},\"image\":{\"@id\":\"https:\\\/\\\/www.cultcaffe.at\\\/produkt\\\/natural-grind-muehlenreiniger-500g\\\/#local-main-organization-logo\"},\"sameAs\":[\"https:\\\/\\\/www.facebook.com\\\/p\\\/Cult-Caff\u00e8-die-R\u00f6sterei-100039719724703\\\/?locale=de_DE\",\"https:\\\/\\\/www.instagram.com\\\/cultcaffe.at\\\/\"],\"hasMerchantReturnPolicy\":{\"@type\":\"MerchantReturnPolicy\",\"merchantReturnLink\":\"https:\\\/\\\/www.cultcaffe.at\\\/es\\\/agbs\\\/\"},\"telephone\":[],\"openingHoursSpecification\":[{\"@type\":\"OpeningHoursSpecification\",\"dayOfWeek\":[\"Monday\",\"Tuesday\",\"Wednesday\",\"Thursday\",\"Friday\",\"Saturday\",\"Sunday\"],\"opens\":\"09:00\",\"closes\":\"17:00\"}]},{\"@type\":\"ImageObject\",\"inLanguage\":\"es\",\"@id\":\"https:\\\/\\\/www.cultcaffe.at\\\/produkt\\\/natural-grind-muehlenreiniger-500g\\\/#local-main-organization-logo\",\"url\":\"https:\\\/\\\/www.cultcaffe.at\\\/wp-content\\\/uploads\\\/2023\\\/11\\\/cultcaffe_logo_regular_dark-1.svg\",\"contentUrl\":\"https:\\\/\\\/www.cultcaffe.at\\\/wp-content\\\/uploads\\\/2023\\\/11\\\/cultcaffe_logo_regular_dark-1.svg\",\"width\":756,\"height\":474,\"caption\":\"CultCaff\u00e9 Kaffeer\u00f6sterei GmbH\"}]}<\/script>\n<meta property=\"product:price:amount\" content=\"12.00\" \/>\n<meta property=\"product:price:currency\" content=\"EUR\" \/>\n<meta property=\"og:availability\" content=\"instock\" \/>\n<meta property=\"product:availability\" content=\"instock\" \/>\n<meta property=\"product:condition\" content=\"new\" \/>\n<!-- \/ Yoast SEO plugin. -->","yoast_head_json":{"title":"Limpiador de molinillo Natural Grind 500 g - CultCaff\u00e9 - la tostadora de caf\u00e9 org\u00e1nico","robots":{"index":"index","follow":"follow","max-snippet":"max-snippet:-1","max-image-preview":"max-image-preview:large","max-video-preview":"max-video-preview:-1"},"canonical":"https:\/\/www.cultcaffe.at\/es\/producto\/limpiador-de-molino-de-molienda-natural-500-g\/","og_locale":"es_ES","og_type":"article","og_title":"Natural Grind M\u00fchlenreiniger 500g - CultCaff\u00e9 - die Bio Kaffee R\u00f6sterei","og_description":"langlebigere M\u00fchle  einfache Handhabung  Naturprodukt, 100% \u00f6kologisch  Top Preis-Leistungsverh\u00e4ltnis  &nbsp;","og_url":"https:\/\/www.cultcaffe.at\/es\/producto\/limpiador-de-molino-de-molienda-natural-500-g\/","og_site_name":"CultCaff\u00e9 - die Bio Kaffee R\u00f6sterei","article_publisher":"https:\/\/www.facebook.com\/p\/Cult-Caff%c3%a8-die-R%c3%b6sterei-100039719724703\/?locale=de_DE","article_modified_time":"2025-03-18T12:38:43+00:00","og_image":[{"width":431,"height":600,"url":"https:\/\/www.cultcaffe.at\/wp-content\/uploads\/2024\/09\/Muehlenreiniger-front.png","type":"image\/png"}],"twitter_card":"summary_large_image","twitter_misc":{"Precio":"&euro;&nbsp;12,00","Disponibilidad":"Disponible"},"schema":{"@context":"https:\/\/schema.org","@graph":[{"@type":"WebPage","@id":"https:\/\/www.cultcaffe.at\/produkt\/natural-grind-muehlenreiniger-500g\/","url":"https:\/\/www.cultcaffe.at\/produkt\/natural-grind-muehlenreiniger-500g\/","name":"Limpiador de molinillo Natural Grind 500 g - CultCaff\u00e9 - la tostadora de caf\u00e9 org\u00e1nico","isPartOf":{"@id":"https:\/\/www.cultcaffe.at\/#website"},"primaryImageOfPage":{"@id":"https:\/\/www.cultcaffe.at\/produkt\/natural-grind-muehlenreiniger-500g\/#primaryimage"},"image":{"@id":"https:\/\/www.cultcaffe.at\/produkt\/natural-grind-muehlenreiniger-500g\/#primaryimage"},"thumbnailUrl":"https:\/\/www.cultcaffe.at\/wp-content\/uploads\/2024\/09\/Muehlenreiniger-front.png","datePublished":"2024-09-12T09:07:51+00:00","dateModified":"2025-03-18T12:38:43+00:00","breadcrumb":{"@id":"https:\/\/www.cultcaffe.at\/produkt\/natural-grind-muehlenreiniger-500g\/#breadcrumb"},"inLanguage":"es","potentialAction":[{"@type":"ReadAction","target":["https:\/\/www.cultcaffe.at\/produkt\/natural-grind-muehlenreiniger-500g\/"]}]},{"@type":"ImageObject","inLanguage":"es","@id":"https:\/\/www.cultcaffe.at\/produkt\/natural-grind-muehlenreiniger-500g\/#primaryimage","url":"https:\/\/www.cultcaffe.at\/wp-content\/uploads\/2024\/09\/Muehlenreiniger-front.png","contentUrl":"https:\/\/www.cultcaffe.at\/wp-content\/uploads\/2024\/09\/Muehlenreiniger-front.png","width":431,"height":600},{"@type":"BreadcrumbList","@id":"https:\/\/www.cultcaffe.at\/produkt\/natural-grind-muehlenreiniger-500g\/#breadcrumb","itemListElement":[{"@type":"ListItem","position":1,"name":"Startseite","item":"https:\/\/www.cultcaffe.at\/"},{"@type":"ListItem","position":2,"name":"Produkte","item":"https:\/\/www.cultcaffe.at\/shop\/"},{"@type":"ListItem","position":3,"name":"Natural Grind M\u00fchlenreiniger 500g"}]},{"@type":"WebSite","@id":"https:\/\/www.cultcaffe.at\/#website","url":"https:\/\/www.cultcaffe.at\/","name":"CultCaff\u00e9 - la tostadur\u00eda de caf\u00e9 org\u00e1nico","description":"Amor por el caf\u00e9","publisher":{"@id":"https:\/\/www.cultcaffe.at\/#organization"},"potentialAction":[{"@type":"SearchAction","target":{"@type":"EntryPoint","urlTemplate":"https:\/\/www.cultcaffe.at\/?s={search_term_string}"},"query-input":{"@type":"PropertyValueSpecification","valueRequired":true,"valueName":"search_term_string"}}],"inLanguage":"es"},{"@type":["Organization","Place"],"@id":"https:\/\/www.cultcaffe.at\/#organization","name":"Tostadur\u00eda de caf\u00e9 CultCaff\u00e9 GmbH","alternateName":"CultCaff\u00e9","url":"https:\/\/www.cultcaffe.at\/","logo":{"@id":"https:\/\/www.cultcaffe.at\/produkt\/natural-grind-muehlenreiniger-500g\/#local-main-organization-logo"},"image":{"@id":"https:\/\/www.cultcaffe.at\/produkt\/natural-grind-muehlenreiniger-500g\/#local-main-organization-logo"},"sameAs":["https:\/\/www.facebook.com\/p\/Cult-Caff\u00e8-die-R\u00f6sterei-100039719724703\/?locale=de_DE","https:\/\/www.instagram.com\/cultcaffe.at\/"],"hasMerchantReturnPolicy":{"@type":"MerchantReturnPolicy","merchantReturnLink":"https:\/\/www.cultcaffe.at\/es\/agbs\/"},"telephone":[],"openingHoursSpecification":[{"@type":"OpeningHoursSpecification","dayOfWeek":["Monday","Tuesday","Wednesday","Thursday","Friday","Saturday","Sunday"],"opens":"09:00","closes":"17:00"}]},{"@type":"ImageObject","inLanguage":"es","@id":"https:\/\/www.cultcaffe.at\/produkt\/natural-grind-muehlenreiniger-500g\/#local-main-organization-logo","url":"https:\/\/www.cultcaffe.at\/wp-content\/uploads\/2023\/11\/cultcaffe_logo_regular_dark-1.svg","contentUrl":"https:\/\/www.cultcaffe.at\/wp-content\/uploads\/2023\/11\/cultcaffe_logo_regular_dark-1.svg","width":756,"height":474,"caption":"CultCaff\u00e9 Kaffeer\u00f6sterei GmbH"}]},"product_price_amount":"12.00","product_price_currency":"EUR","og_availability":"instock","product_availability":"instock","product_condition":"new"},"_links":{"self":[{"href":"https:\/\/www.cultcaffe.at\/es\/wp-json\/wp\/v2\/product\/15488","targetHints":{"allow":["GET"]}}],"collection":[{"href":"https:\/\/www.cultcaffe.at\/es\/wp-json\/wp\/v2\/product"}],"about":[{"href":"https:\/\/www.cultcaffe.at\/es\/wp-json\/wp\/v2\/types\/product"}],"wp:featuredmedia":[{"embeddable":true,"href":"https:\/\/www.cultcaffe.at\/es\/wp-json\/wp\/v2\/media\/15489"}],"wp:attachment":[{"href":"https:\/\/www.cultcaffe.at\/es\/wp-json\/wp\/v2\/media?parent=15488"}],"wp:term":[{"taxonomy":"product_brand","embeddable":true,"href":"https:\/\/www.cultcaffe.at\/es\/wp-json\/wp\/v2\/product_brand?post=15488"},{"taxonomy":"product_cat","embeddable":true,"href":"https:\/\/www.cultcaffe.at\/es\/wp-json\/wp\/v2\/product_cat?post=15488"},{"taxonomy":"product_tag","embeddable":true,"href":"https:\/\/www.cultcaffe.at\/es\/wp-json\/wp\/v2\/product_tag?post=15488"}],"curies":[{"name":"wp","href":"https:\/\/api.w.org\/{rel}","templated":true}]}}