{"id":15452,"date":"2024-08-26T16:14:59","date_gmt":"2024-08-26T14:14:59","guid":{"rendered":"https:\/\/www.cultcaffe.at\/?post_type=product&#038;p=15452"},"modified":"2025-03-21T11:23:46","modified_gmt":"2025-03-21T10:23:46","slug":"filtro-de-cafe-reutilizable-de-acero-inoxidable","status":"publish","type":"product","link":"https:\/\/www.cultcaffe.at\/es\/produkt\/wiederverwendbarer-kaffeefilter-aus-edelstahl\/","title":{"rendered":"Filtro de caf\u00e9 reutilizable de acero inoxidable"},"content":{"rendered":"<p><strong>Para un disfrute m\u00e1s sostenible del caf\u00e9<\/strong><\/p>\n<p><span class=\"metafield-multi_line_text_field\">El filtro de caf\u00e9 de acero inoxidable reutilizable garantiza un sabor natural y un aroma completo.<br \/>\nEl filtro de caf\u00e9 de acero inoxidable es adecuado para todos los amantes del caf\u00e9 y es f\u00e1cil de usar.<br \/>\nCon \u00e9l ya no se necesitan filtros de papel.<\/span><\/p>\n<ul>\n<li><span class=\"metafield-multi_line_text_field\">producto sostenible y duradero<\/span><\/li>\n<li><span class=\"metafield-multi_line_text_field\">producto sin pl\u00e1stico y embalaje sin pl\u00e1stico<br \/>\n<\/span><\/li>\n<li><span class=\"metafield-multi_line_text_field\">para todos los amantes del caf\u00e9<br \/>\n<\/span><\/li>\n<li><span class=\"metafield-multi_line_text_field\">Idea de regalo ideal para cualquier ocasi\u00f3n.<br \/>\n<\/span><\/li>\n<li><span class=\"metafield-multi_line_text_field\">F\u00e1cil manejo y limpieza<\/span><\/li>\n<\/ul>\n<p><strong>El filtro de caf\u00e9 de acero inoxidable lavable te acompa\u00f1a durante toda tu vida.<\/strong><\/p>\n<p><span class=\"metafield-multi_line_text_field\">El filtro de caf\u00e9 es m\u00e1s atractivo que un filtro de papel convencional y es una soluci\u00f3n m\u00e1s respetuosa con el medio ambiente. Adem\u00e1s, el filtro de acero inoxidable no distorsiona el sabor del caf\u00e9, por lo que nada impide una experiencia de sabor clara y aut\u00e9ntica.<br \/>\nLa f\u00e1cil limpieza hace que el filtro de caf\u00e9 apto para alimentos sea a\u00fan m\u00e1s atractivo.<br \/>\n<\/span><span class=\"metafield-multi_line_text_field\">Gracias al colador ultrafino y resistente a la corrosi\u00f3n, se puede limpiar en el lavavajillas sin problemas.<\/span><\/p>\n<p>&nbsp;<\/p>\n<p><strong>Volumen de suministro:<\/strong>\u00a0<span class=\"metafield-multi_line_text_field\">1 filtro de caf\u00e9<\/span><\/p>\n<p><strong>Materiales\/Ingredientes:<\/strong>\u00a0acero inoxidable<\/p>\n<p><strong>Peso:<\/strong>\u00a016,5 gramos<\/p>\n<p><strong>Tama\u00f1o:<\/strong>\u00a0<span class=\"metafield-multi_line_text_field\">19 cm x 12,5 cm x 4,5 cm<\/span><\/p>\n<p><strong>Color:<\/strong>\u00a0metal<\/p>\n<p><strong>Hecho en:<\/strong>\u00a0Provincia de Zhejiang, China<\/p>\n<p><strong>Desecho:<\/strong>\u00a0<span class=\"metafield-multi_line_text_field\">Deseche el filtro de caf\u00e9 en la basura general.<\/span><\/p>\n<p><strong>Certificaciones:<\/strong>\u00a0<span class=\"metafield-multi_line_text_field\">Nuestro productor est\u00e1 certificado por BSCI.<\/span><\/p>\n<p><strong>Instrucciones de cuidado:<\/strong>\u00a0<span class=\"metafield-multi_line_text_field\">El filtro de caf\u00e9 de acero inoxidable es <strong>Apto para lavavajillas, inoxidable y apto para alimentos.<\/strong>.<\/span><\/p>\n<p><strong>Solicitud:<\/strong>\u00a0<span class=\"metafield-multi_line_text_field\">Simplemente enjuague el filtro de acero inoxidable con agua caliente, agregue caf\u00e9 en polvo y luego vierta lentamente el agua caliente sobre \u00e9l.<\/span><\/p>\n<p>El filtro de caf\u00e9 no s\u00f3lo es m\u00e1s bonito que un filtro de papel convencional, sino que adem\u00e1s lo sustituye y protege el medio ambiente. El filtro de acero inoxidable tampoco altera el sabor del caf\u00e9, por lo que nada impide una experiencia de sabor clara y aut\u00e9ntica.<br \/>\nOtra ventaja del filtro de caf\u00e9 permanente es que el tamiz ultrafino es inoxidable, apto para lavavajillas y apto para alimentos.<\/p>","protected":false},"excerpt":{"rendered":"<p><strong>Para un disfrute m\u00e1s sostenible del caf\u00e9<\/strong><\/p>\n<p><span class=\"metafield-multi_line_text_field\">El filtro de caf\u00e9 de acero inoxidable reutilizable garantiza un sabor natural y un aroma completo.<br \/>\nEl filtro de caf\u00e9 de acero inoxidable es adecuado para todos los amantes del caf\u00e9 y es f\u00e1cil de usar.<br \/>\nCon \u00e9l ya no se necesitan filtros de papel.<\/span><\/p>\n<ul>\n<li><span class=\"metafield-multi_line_text_field\">producto sostenible y duradero<\/span><\/li>\n<li><span class=\"metafield-multi_line_text_field\">producto sin pl\u00e1stico y embalaje sin pl\u00e1stico<br \/>\n<\/span><\/li>\n<li><span class=\"metafield-multi_line_text_field\">para todos los amantes del caf\u00e9<br \/>\n<\/span><\/li>\n<li><span class=\"metafield-multi_line_text_field\">Idea de regalo ideal para cualquier ocasi\u00f3n.<br \/>\n<\/span><\/li>\n<li><span class=\"metafield-multi_line_text_field\">F\u00e1cil manejo y limpieza<\/span><\/li>\n<\/ul>","protected":false},"featured_media":15453,"template":"","meta":{"inline_featured_image":false},"product_brand":[],"product_cat":[204,211],"product_tag":[107,94,91,92,95,59,62,133],"class_list":{"0":"post-15452","1":"product","2":"type-product","3":"status-publish","4":"has-post-thumbnail","6":"product_cat-zubehoer","7":"product_cat-geschenkideen","8":"product_tag-coffee","9":"product_tag-cult-caffe","10":"product_tag-filter","11":"product_tag-filterkaffee","12":"product_tag-geschenk","13":"product_tag-kaffee","14":"product_tag-kaffeegenuss","15":"product_tag-weihnachtsgeschenk","17":"first","18":"instock","19":"taxable","20":"shipping-taxable","21":"purchasable","22":"product-type-simple"},"yoast_head":"<!-- This site is optimized with the Yoast SEO plugin v27.6 - https:\/\/yoast.com\/product\/yoast-seo-wordpress\/ -->\n<title>Wiederverwendbarer Kaffeefilter aus Edelstahl - CultCaff\u00e9 - die Bio Kaffee R\u00f6sterei<\/title>\n<meta name=\"robots\" content=\"index, follow, max-snippet:-1, max-image-preview:large, max-video-preview:-1\" \/>\n<link rel=\"canonical\" href=\"https:\/\/www.cultcaffe.at\/es\/producto\/filtro-de-cafe-reutilizable-de-acero-inoxidable\/\" \/>\n<meta property=\"og:locale\" content=\"es_ES\" \/>\n<meta property=\"og:type\" content=\"article\" \/>\n<meta property=\"og:title\" content=\"Wiederverwendbarer Kaffeefilter aus Edelstahl - CultCaff\u00e9 - die Bio Kaffee R\u00f6sterei\" \/>\n<meta property=\"og:description\" content=\"F\u00fcr mehr nachhaltigen Kaffeegenuss  Der wiederverwendbare Kaffeefilter aus Edelstahl erm\u00f6glicht einen nat\u00fcrlichen Geschmack und volles Aroma. Der Edelstahl Kaffeefilter ist f\u00fcr alle Kaffee-Liebhaber geeignet und einfach anzuwenden. Mit ihm werden keine Papierfilter mehr ben\u00f6tigt.   nachhaltiges &amp; langlebiges Produkt  plastikfreies Produkt &amp; plastikfreie Verpackung   f\u00fcr alle Kaffeeliebhaber   ideale Geschenkidee f\u00fcr jeden Anlass   einfach Handhabung &amp; Reinigung\" \/>\n<meta property=\"og:url\" content=\"https:\/\/www.cultcaffe.at\/es\/producto\/filtro-de-cafe-reutilizable-de-acero-inoxidable\/\" \/>\n<meta property=\"og:site_name\" content=\"CultCaff\u00e9 - die Bio Kaffee R\u00f6sterei\" \/>\n<meta property=\"article:publisher\" content=\"https:\/\/www.facebook.com\/p\/Cult-Caff%c3%a8-die-R%c3%b6sterei-100039719724703\/?locale=de_DE\" \/>\n<meta property=\"article:modified_time\" content=\"2025-03-21T10:23:46+00:00\" \/>\n<meta property=\"og:image\" content=\"https:\/\/www.cultcaffe.at\/wp-content\/uploads\/2024\/08\/pandoo-wiederverwendbarer-kaffeefilter-scaled.jpg\" \/>\n\t<meta property=\"og:image:width\" content=\"2560\" \/>\n\t<meta property=\"og:image:height\" content=\"2560\" \/>\n\t<meta property=\"og:image:type\" content=\"image\/jpeg\" \/>\n<meta name=\"twitter:card\" content=\"summary_large_image\" \/>\n<meta name=\"twitter:label1\" content=\"Precio\" \/>\n\t<meta name=\"twitter:data1\" content=\"&euro;&nbsp;13,00\" \/>\n\t<meta name=\"twitter:label2\" content=\"Disponibilidad\" \/>\n\t<meta name=\"twitter:data2\" content=\"Disponible\" \/>\n<script type=\"application\/ld+json\" class=\"yoast-schema-graph\">{\"@context\":\"https:\\\/\\\/schema.org\",\"@graph\":[{\"@type\":\"WebPage\",\"@id\":\"https:\\\/\\\/www.cultcaffe.at\\\/produkt\\\/wiederverwendbarer-kaffeefilter-aus-edelstahl\\\/\",\"url\":\"https:\\\/\\\/www.cultcaffe.at\\\/produkt\\\/wiederverwendbarer-kaffeefilter-aus-edelstahl\\\/\",\"name\":\"Wiederverwendbarer Kaffeefilter aus Edelstahl - CultCaff\u00e9 - die Bio Kaffee R\u00f6sterei\",\"isPartOf\":{\"@id\":\"https:\\\/\\\/www.cultcaffe.at\\\/#website\"},\"primaryImageOfPage\":{\"@id\":\"https:\\\/\\\/www.cultcaffe.at\\\/produkt\\\/wiederverwendbarer-kaffeefilter-aus-edelstahl\\\/#primaryimage\"},\"image\":{\"@id\":\"https:\\\/\\\/www.cultcaffe.at\\\/produkt\\\/wiederverwendbarer-kaffeefilter-aus-edelstahl\\\/#primaryimage\"},\"thumbnailUrl\":\"https:\\\/\\\/www.cultcaffe.at\\\/wp-content\\\/uploads\\\/2024\\\/08\\\/pandoo-wiederverwendbarer-kaffeefilter-scaled.jpg\",\"datePublished\":\"2024-08-26T14:14:59+00:00\",\"dateModified\":\"2025-03-21T10:23:46+00:00\",\"breadcrumb\":{\"@id\":\"https:\\\/\\\/www.cultcaffe.at\\\/produkt\\\/wiederverwendbarer-kaffeefilter-aus-edelstahl\\\/#breadcrumb\"},\"inLanguage\":\"es\",\"potentialAction\":[{\"@type\":\"ReadAction\",\"target\":[\"https:\\\/\\\/www.cultcaffe.at\\\/produkt\\\/wiederverwendbarer-kaffeefilter-aus-edelstahl\\\/\"]}]},{\"@type\":\"ImageObject\",\"inLanguage\":\"es\",\"@id\":\"https:\\\/\\\/www.cultcaffe.at\\\/produkt\\\/wiederverwendbarer-kaffeefilter-aus-edelstahl\\\/#primaryimage\",\"url\":\"https:\\\/\\\/www.cultcaffe.at\\\/wp-content\\\/uploads\\\/2024\\\/08\\\/pandoo-wiederverwendbarer-kaffeefilter-scaled.jpg\",\"contentUrl\":\"https:\\\/\\\/www.cultcaffe.at\\\/wp-content\\\/uploads\\\/2024\\\/08\\\/pandoo-wiederverwendbarer-kaffeefilter-scaled.jpg\",\"width\":2560,\"height\":2560},{\"@type\":\"BreadcrumbList\",\"@id\":\"https:\\\/\\\/www.cultcaffe.at\\\/produkt\\\/wiederverwendbarer-kaffeefilter-aus-edelstahl\\\/#breadcrumb\",\"itemListElement\":[{\"@type\":\"ListItem\",\"position\":1,\"name\":\"Startseite\",\"item\":\"https:\\\/\\\/www.cultcaffe.at\\\/\"},{\"@type\":\"ListItem\",\"position\":2,\"name\":\"Produkte\",\"item\":\"https:\\\/\\\/www.cultcaffe.at\\\/shop\\\/\"},{\"@type\":\"ListItem\",\"position\":3,\"name\":\"Wiederverwendbarer Kaffeefilter aus Edelstahl\"}]},{\"@type\":\"WebSite\",\"@id\":\"https:\\\/\\\/www.cultcaffe.at\\\/#website\",\"url\":\"https:\\\/\\\/www.cultcaffe.at\\\/\",\"name\":\"CultCaff\u00e9 - die Bio Kaffee R\u00f6sterei\",\"description\":\"Liebe zum Kaffee\",\"publisher\":{\"@id\":\"https:\\\/\\\/www.cultcaffe.at\\\/#organization\"},\"potentialAction\":[{\"@type\":\"SearchAction\",\"target\":{\"@type\":\"EntryPoint\",\"urlTemplate\":\"https:\\\/\\\/www.cultcaffe.at\\\/?s={search_term_string}\"},\"query-input\":{\"@type\":\"PropertyValueSpecification\",\"valueRequired\":true,\"valueName\":\"search_term_string\"}}],\"inLanguage\":\"es\"},{\"@type\":[\"Organization\",\"Place\"],\"@id\":\"https:\\\/\\\/www.cultcaffe.at\\\/#organization\",\"name\":\"CultCaff\u00e9 Kaffeer\u00f6sterei GmbH\",\"alternateName\":\"CultCaff\u00e9\",\"url\":\"https:\\\/\\\/www.cultcaffe.at\\\/\",\"logo\":{\"@id\":\"https:\\\/\\\/www.cultcaffe.at\\\/produkt\\\/wiederverwendbarer-kaffeefilter-aus-edelstahl\\\/#local-main-organization-logo\"},\"image\":{\"@id\":\"https:\\\/\\\/www.cultcaffe.at\\\/produkt\\\/wiederverwendbarer-kaffeefilter-aus-edelstahl\\\/#local-main-organization-logo\"},\"sameAs\":[\"https:\\\/\\\/www.facebook.com\\\/p\\\/Cult-Caff\u00e8-die-R\u00f6sterei-100039719724703\\\/?locale=de_DE\",\"https:\\\/\\\/www.instagram.com\\\/cultcaffe.at\\\/\"],\"hasMerchantReturnPolicy\":{\"@type\":\"MerchantReturnPolicy\",\"merchantReturnLink\":\"https:\\\/\\\/www.cultcaffe.at\\\/es\\\/agbs\\\/\"},\"telephone\":[],\"openingHoursSpecification\":[{\"@type\":\"OpeningHoursSpecification\",\"dayOfWeek\":[\"Monday\",\"Tuesday\",\"Wednesday\",\"Thursday\",\"Friday\",\"Saturday\",\"Sunday\"],\"opens\":\"09:00\",\"closes\":\"17:00\"}]},{\"@type\":\"ImageObject\",\"inLanguage\":\"es\",\"@id\":\"https:\\\/\\\/www.cultcaffe.at\\\/produkt\\\/wiederverwendbarer-kaffeefilter-aus-edelstahl\\\/#local-main-organization-logo\",\"url\":\"https:\\\/\\\/www.cultcaffe.at\\\/wp-content\\\/uploads\\\/2023\\\/11\\\/cultcaffe_logo_regular_dark-1.svg\",\"contentUrl\":\"https:\\\/\\\/www.cultcaffe.at\\\/wp-content\\\/uploads\\\/2023\\\/11\\\/cultcaffe_logo_regular_dark-1.svg\",\"width\":756,\"height\":474,\"caption\":\"CultCaff\u00e9 Kaffeer\u00f6sterei GmbH\"}]}<\/script>\n<meta property=\"product:price:amount\" content=\"13.00\" \/>\n<meta property=\"product:price:currency\" content=\"EUR\" \/>\n<meta property=\"og:availability\" content=\"instock\" \/>\n<meta property=\"product:availability\" content=\"instock\" \/>\n<meta property=\"product:condition\" content=\"new\" \/>\n<!-- \/ Yoast SEO plugin. -->","yoast_head_json":{"title":"Filtro de caf\u00e9 reutilizable de acero inoxidable - CultCaff\u00e9 - la tostadora de caf\u00e9 org\u00e1nico","robots":{"index":"index","follow":"follow","max-snippet":"max-snippet:-1","max-image-preview":"max-image-preview:large","max-video-preview":"max-video-preview:-1"},"canonical":"https:\/\/www.cultcaffe.at\/es\/producto\/filtro-de-cafe-reutilizable-de-acero-inoxidable\/","og_locale":"es_ES","og_type":"article","og_title":"Wiederverwendbarer Kaffeefilter aus Edelstahl - CultCaff\u00e9 - die Bio Kaffee R\u00f6sterei","og_description":"F\u00fcr mehr nachhaltigen Kaffeegenuss  Der wiederverwendbare Kaffeefilter aus Edelstahl erm\u00f6glicht einen nat\u00fcrlichen Geschmack und volles Aroma. Der Edelstahl Kaffeefilter ist f\u00fcr alle Kaffee-Liebhaber geeignet und einfach anzuwenden. Mit ihm werden keine Papierfilter mehr ben\u00f6tigt.   nachhaltiges &amp; langlebiges Produkt  plastikfreies Produkt &amp; plastikfreie Verpackung   f\u00fcr alle Kaffeeliebhaber   ideale Geschenkidee f\u00fcr jeden Anlass   einfach Handhabung &amp; Reinigung","og_url":"https:\/\/www.cultcaffe.at\/es\/producto\/filtro-de-cafe-reutilizable-de-acero-inoxidable\/","og_site_name":"CultCaff\u00e9 - die Bio Kaffee R\u00f6sterei","article_publisher":"https:\/\/www.facebook.com\/p\/Cult-Caff%c3%a8-die-R%c3%b6sterei-100039719724703\/?locale=de_DE","article_modified_time":"2025-03-21T10:23:46+00:00","og_image":[{"width":2560,"height":2560,"url":"https:\/\/www.cultcaffe.at\/wp-content\/uploads\/2024\/08\/pandoo-wiederverwendbarer-kaffeefilter-scaled.jpg","type":"image\/jpeg"}],"twitter_card":"summary_large_image","twitter_misc":{"Precio":"&euro;&nbsp;13,00","Disponibilidad":"Disponible"},"schema":{"@context":"https:\/\/schema.org","@graph":[{"@type":"WebPage","@id":"https:\/\/www.cultcaffe.at\/produkt\/wiederverwendbarer-kaffeefilter-aus-edelstahl\/","url":"https:\/\/www.cultcaffe.at\/produkt\/wiederverwendbarer-kaffeefilter-aus-edelstahl\/","name":"Filtro de caf\u00e9 reutilizable de acero inoxidable - CultCaff\u00e9 - la tostadora de caf\u00e9 org\u00e1nico","isPartOf":{"@id":"https:\/\/www.cultcaffe.at\/#website"},"primaryImageOfPage":{"@id":"https:\/\/www.cultcaffe.at\/produkt\/wiederverwendbarer-kaffeefilter-aus-edelstahl\/#primaryimage"},"image":{"@id":"https:\/\/www.cultcaffe.at\/produkt\/wiederverwendbarer-kaffeefilter-aus-edelstahl\/#primaryimage"},"thumbnailUrl":"https:\/\/www.cultcaffe.at\/wp-content\/uploads\/2024\/08\/pandoo-wiederverwendbarer-kaffeefilter-scaled.jpg","datePublished":"2024-08-26T14:14:59+00:00","dateModified":"2025-03-21T10:23:46+00:00","breadcrumb":{"@id":"https:\/\/www.cultcaffe.at\/produkt\/wiederverwendbarer-kaffeefilter-aus-edelstahl\/#breadcrumb"},"inLanguage":"es","potentialAction":[{"@type":"ReadAction","target":["https:\/\/www.cultcaffe.at\/produkt\/wiederverwendbarer-kaffeefilter-aus-edelstahl\/"]}]},{"@type":"ImageObject","inLanguage":"es","@id":"https:\/\/www.cultcaffe.at\/produkt\/wiederverwendbarer-kaffeefilter-aus-edelstahl\/#primaryimage","url":"https:\/\/www.cultcaffe.at\/wp-content\/uploads\/2024\/08\/pandoo-wiederverwendbarer-kaffeefilter-scaled.jpg","contentUrl":"https:\/\/www.cultcaffe.at\/wp-content\/uploads\/2024\/08\/pandoo-wiederverwendbarer-kaffeefilter-scaled.jpg","width":2560,"height":2560},{"@type":"BreadcrumbList","@id":"https:\/\/www.cultcaffe.at\/produkt\/wiederverwendbarer-kaffeefilter-aus-edelstahl\/#breadcrumb","itemListElement":[{"@type":"ListItem","position":1,"name":"Startseite","item":"https:\/\/www.cultcaffe.at\/"},{"@type":"ListItem","position":2,"name":"Produkte","item":"https:\/\/www.cultcaffe.at\/shop\/"},{"@type":"ListItem","position":3,"name":"Wiederverwendbarer Kaffeefilter aus Edelstahl"}]},{"@type":"WebSite","@id":"https:\/\/www.cultcaffe.at\/#website","url":"https:\/\/www.cultcaffe.at\/","name":"CultCaff\u00e9 - la tostadur\u00eda de caf\u00e9 org\u00e1nico","description":"Amor por el caf\u00e9","publisher":{"@id":"https:\/\/www.cultcaffe.at\/#organization"},"potentialAction":[{"@type":"SearchAction","target":{"@type":"EntryPoint","urlTemplate":"https:\/\/www.cultcaffe.at\/?s={search_term_string}"},"query-input":{"@type":"PropertyValueSpecification","valueRequired":true,"valueName":"search_term_string"}}],"inLanguage":"es"},{"@type":["Organization","Place"],"@id":"https:\/\/www.cultcaffe.at\/#organization","name":"Tostadur\u00eda de caf\u00e9 CultCaff\u00e9 GmbH","alternateName":"CultCaff\u00e9","url":"https:\/\/www.cultcaffe.at\/","logo":{"@id":"https:\/\/www.cultcaffe.at\/produkt\/wiederverwendbarer-kaffeefilter-aus-edelstahl\/#local-main-organization-logo"},"image":{"@id":"https:\/\/www.cultcaffe.at\/produkt\/wiederverwendbarer-kaffeefilter-aus-edelstahl\/#local-main-organization-logo"},"sameAs":["https:\/\/www.facebook.com\/p\/Cult-Caff\u00e8-die-R\u00f6sterei-100039719724703\/?locale=de_DE","https:\/\/www.instagram.com\/cultcaffe.at\/"],"hasMerchantReturnPolicy":{"@type":"MerchantReturnPolicy","merchantReturnLink":"https:\/\/www.cultcaffe.at\/es\/agbs\/"},"telephone":[],"openingHoursSpecification":[{"@type":"OpeningHoursSpecification","dayOfWeek":["Monday","Tuesday","Wednesday","Thursday","Friday","Saturday","Sunday"],"opens":"09:00","closes":"17:00"}]},{"@type":"ImageObject","inLanguage":"es","@id":"https:\/\/www.cultcaffe.at\/produkt\/wiederverwendbarer-kaffeefilter-aus-edelstahl\/#local-main-organization-logo","url":"https:\/\/www.cultcaffe.at\/wp-content\/uploads\/2023\/11\/cultcaffe_logo_regular_dark-1.svg","contentUrl":"https:\/\/www.cultcaffe.at\/wp-content\/uploads\/2023\/11\/cultcaffe_logo_regular_dark-1.svg","width":756,"height":474,"caption":"CultCaff\u00e9 Kaffeer\u00f6sterei GmbH"}]},"product_price_amount":"13.00","product_price_currency":"EUR","og_availability":"instock","product_availability":"instock","product_condition":"new"},"_links":{"self":[{"href":"https:\/\/www.cultcaffe.at\/es\/wp-json\/wp\/v2\/product\/15452","targetHints":{"allow":["GET"]}}],"collection":[{"href":"https:\/\/www.cultcaffe.at\/es\/wp-json\/wp\/v2\/product"}],"about":[{"href":"https:\/\/www.cultcaffe.at\/es\/wp-json\/wp\/v2\/types\/product"}],"wp:featuredmedia":[{"embeddable":true,"href":"https:\/\/www.cultcaffe.at\/es\/wp-json\/wp\/v2\/media\/15453"}],"wp:attachment":[{"href":"https:\/\/www.cultcaffe.at\/es\/wp-json\/wp\/v2\/media?parent=15452"}],"wp:term":[{"taxonomy":"product_brand","embeddable":true,"href":"https:\/\/www.cultcaffe.at\/es\/wp-json\/wp\/v2\/product_brand?post=15452"},{"taxonomy":"product_cat","embeddable":true,"href":"https:\/\/www.cultcaffe.at\/es\/wp-json\/wp\/v2\/product_cat?post=15452"},{"taxonomy":"product_tag","embeddable":true,"href":"https:\/\/www.cultcaffe.at\/es\/wp-json\/wp\/v2\/product_tag?post=15452"}],"curies":[{"name":"wp","href":"https:\/\/api.w.org\/{rel}","templated":true}]}}